{"id":10063,"date":"2020-07-15T13:09:35","date_gmt":"2020-07-15T13:09:35","guid":{"rendered":"https:\/\/atsautomation.com\/mobilitat-und-transport\/lenksysteme\/"},"modified":"2023-01-31T14:54:18","modified_gmt":"2023-01-31T14:54:18","slug":"lenksysteme","status":"publish","type":"page","link":"https:\/\/vipgo.atsautomation.com\/atsautomation\/de\/mobilitat-und-transport\/lenksysteme\/","title":{"rendered":"Lenksysteme"},"content":{"rendered":"<div id=\"wrapper\">\n<div id=\"body_1_main\" class=\"main clearfix\" style=\"background: url('\/~\/media\/Media\/Images\/5 Transportation\/5_0\/5_0 Transp_background_header.jpg') no-repeat 50% 0px\" role=\"main\">\n<div class=\"colContainer threeCol\">\n<div class=\"wrap\">\n<div class=\"mainContent\">\n<div id=\"body_1_maincontent_0_PnlMediaDescription\">\n<div class=\"media mediaDescription\">\n<div id=\"body_1_maincontent_0_PnlMediaBody\">\n<div class=\"mediaBody\">\n<div id=\"body_1_maincontent_0_PnlSubtitle\">\n<h2>Wir beliefern seit Jahren weltweit f\u00fchrende Hersteller von hydraulischen (HPS) und elektronischen Servolenkungssysteme (EPS) und Testl\u00f6sungen. Wir sind weltweit f\u00fchrend bei der Montage wichtiger Lenkkomponenten und kompletter Lenksysteme.<\/h2>\n<\/div>\n<\/div>\n<\/div>\n<\/div>\n<\/div>\n<\/div>\n<\/div>\n<\/div>\n<\/div>\n<\/div>\n","protected":false},"excerpt":{"rendered":"<p>Wir beliefern seit Jahren weltweit f\u00fchrende Hersteller von hydraulischen (HPS) und elektronischen Servolenkungssysteme (EPS) und Testl\u00f6sungen. Wir sind weltweit f\u00fchrend bei der Montage wichtiger Lenkkomponenten und kompletter Lenksysteme.<\/p>\n","protected":false},"author":28,"featured_media":8827,"parent":8826,"menu_order":0,"comment_status":"closed","ping_status":"closed","template":"page-templates\/content-page.php","meta":{"_acf_changed":false,"footnotes":""},"class_list":["post-10063","page","type-page","status-publish","has-post-thumbnail","hentry"],"yoast_head":"<!-- This site is optimized with the Yoast SEO Premium plugin v26.8 (Yoast SEO v26.8) - https:\/\/yoast.com\/product\/yoast-seo-premium-wordpress\/ -->\n<title>Steering Assembly &amp; Test Systems | Mobility &amp; Transportation | ATS Automation<\/title>\n<meta name=\"description\" content=\"We supply Hydraulic Power &amp; Electronic Power Steering Assembly &amp; test solutions worldwide to leading manufacturers. We are a global leader in steering systems.\" \/>\n<meta name=\"robots\" content=\"index, follow, max-snippet:-1, max-image-preview:large, max-video-preview:-1\" \/>\n<link rel=\"canonical\" href=\"https:\/\/vipgo.atsautomation.com\/atsautomation\/de\/mobilitat-und-transport\/lenksysteme\/\" \/>\n<meta property=\"og:locale\" content=\"de_DE\" \/>\n<meta property=\"og:type\" content=\"article\" \/>\n<meta property=\"og:title\" content=\"Lenksysteme\" \/>\n<meta property=\"og:description\" content=\"We supply Hydraulic Power &amp; Electronic Power Steering Assembly &amp; test solutions worldwide to leading manufacturers. We are a global leader in steering systems.\" \/>\n<meta property=\"og:url\" content=\"https:\/\/vipgo.atsautomation.com\/atsautomation\/de\/mobilitat-und-transport\/lenksysteme\/\" \/>\n<meta property=\"og:site_name\" content=\"ATS Corporation\" \/>\n<meta property=\"article:modified_time\" content=\"2023-01-31T14:54:18+00:00\" \/>\n<meta property=\"og:image\" content=\"https:\/\/vipgo.atsautomation.com\/atsautomation\/wp-content\/uploads\/sites\/9\/2020\/04\/turbo-testing-succes-1.jpg\" \/>\n\t<meta property=\"og:image:width\" content=\"1500\" \/>\n\t<meta property=\"og:image:height\" content=\"500\" \/>\n\t<meta property=\"og:image:type\" content=\"image\/jpeg\" \/>\n<meta name=\"twitter:card\" content=\"summary_large_image\" \/>\n<meta name=\"twitter:label1\" content=\"Gesch\u00e4tzte Lesezeit\" \/>\n\t<meta name=\"twitter:data1\" content=\"1 Minute\" \/>\n<script type=\"application\/ld+json\" class=\"yoast-schema-graph\">{\"@context\":\"https:\/\/schema.org\",\"@graph\":[{\"@type\":\"WebPage\",\"@id\":\"https:\/\/vipgo.atsautomation.com\/atsautomation\/de\/mobilitat-und-transport\/lenksysteme\/\",\"url\":\"https:\/\/vipgo.atsautomation.com\/atsautomation\/de\/mobilitat-und-transport\/lenksysteme\/\",\"name\":\"Steering Assembly & Test Systems | Mobility & Transportation | ATS Automation\",\"isPartOf\":{\"@id\":\"https:\/\/vipgo.atsautomation.com\/atsautomation\/de\/#website\"},\"primaryImageOfPage\":{\"@id\":\"https:\/\/vipgo.atsautomation.com\/atsautomation\/de\/mobilitat-und-transport\/lenksysteme\/#primaryimage\"},\"image\":{\"@id\":\"https:\/\/vipgo.atsautomation.com\/atsautomation\/de\/mobilitat-und-transport\/lenksysteme\/#primaryimage\"},\"thumbnailUrl\":\"https:\/\/vipgo.atsautomation.com\/atsautomation\/wp-content\/uploads\/sites\/9\/2020\/04\/turbo-testing-succes-1.jpg\",\"datePublished\":\"2020-07-15T13:09:35+00:00\",\"dateModified\":\"2023-01-31T14:54:18+00:00\",\"description\":\"We supply Hydraulic Power & Electronic Power Steering Assembly & test solutions worldwide to leading manufacturers. We are a global leader in steering systems.\",\"breadcrumb\":{\"@id\":\"https:\/\/vipgo.atsautomation.com\/atsautomation\/de\/mobilitat-und-transport\/lenksysteme\/#breadcrumb\"},\"inLanguage\":\"de-DE\",\"potentialAction\":[{\"@type\":\"ReadAction\",\"target\":[\"https:\/\/vipgo.atsautomation.com\/atsautomation\/de\/mobilitat-und-transport\/lenksysteme\/\"]}]},{\"@type\":\"ImageObject\",\"inLanguage\":\"de-DE\",\"@id\":\"https:\/\/vipgo.atsautomation.com\/atsautomation\/de\/mobilitat-und-transport\/lenksysteme\/#primaryimage\",\"url\":\"https:\/\/vipgo.atsautomation.com\/atsautomation\/wp-content\/uploads\/sites\/9\/2020\/04\/turbo-testing-succes-1.jpg\",\"contentUrl\":\"https:\/\/vipgo.atsautomation.com\/atsautomation\/wp-content\/uploads\/sites\/9\/2020\/04\/turbo-testing-succes-1.jpg\",\"width\":1500,\"height\":500,\"caption\":\"Weggeschnitten zur Darstellung des Turbos an einem Fahrzeug\"},{\"@type\":\"BreadcrumbList\",\"@id\":\"https:\/\/vipgo.atsautomation.com\/atsautomation\/de\/mobilitat-und-transport\/lenksysteme\/#breadcrumb\",\"itemListElement\":[{\"@type\":\"ListItem\",\"position\":1,\"name\":\"Home\",\"item\":\"https:\/\/vipgo.atsautomation.com\/atsautomation\/de\/\"},{\"@type\":\"ListItem\",\"position\":2,\"name\":\"Mobilit\u00e4t und Transport\",\"item\":\"https:\/\/vipgo.atsautomation.com\/atsautomation\/de\/mobilitat-und-transport\/\"},{\"@type\":\"ListItem\",\"position\":3,\"name\":\"Lenksysteme\"}]},{\"@type\":\"WebSite\",\"@id\":\"https:\/\/vipgo.atsautomation.com\/atsautomation\/de\/#website\",\"url\":\"https:\/\/vipgo.atsautomation.com\/atsautomation\/de\/\",\"name\":\"ATS Corporation\",\"description\":\"Just another vipgo.atsautomation.com site\",\"publisher\":{\"@id\":\"https:\/\/vipgo.atsautomation.com\/atsautomation\/de\/#organization\"},\"potentialAction\":[{\"@type\":\"SearchAction\",\"target\":{\"@type\":\"EntryPoint\",\"urlTemplate\":\"https:\/\/vipgo.atsautomation.com\/atsautomation\/de\/?s={search_term_string}\"},\"query-input\":{\"@type\":\"PropertyValueSpecification\",\"valueRequired\":true,\"valueName\":\"search_term_string\"}}],\"inLanguage\":\"de-DE\"},{\"@type\":\"Organization\",\"@id\":\"https:\/\/vipgo.atsautomation.com\/atsautomation\/de\/#organization\",\"name\":\"ATS Corporation\",\"url\":\"https:\/\/vipgo.atsautomation.com\/atsautomation\/de\/\",\"logo\":{\"@type\":\"ImageObject\",\"inLanguage\":\"de-DE\",\"@id\":\"https:\/\/vipgo.atsautomation.com\/atsautomation\/de\/#\/schema\/logo\/image\/\",\"url\":\"https:\/\/atsautomation.com\/wp-content\/uploads\/sites\/9\/2022\/11\/ATS-logo-colour-RGB_TM.png\",\"contentUrl\":\"https:\/\/atsautomation.com\/wp-content\/uploads\/sites\/9\/2022\/11\/ATS-logo-colour-RGB_TM.png\",\"width\":1880,\"height\":371,\"caption\":\"ATS Corporation\"},\"image\":{\"@id\":\"https:\/\/vipgo.atsautomation.com\/atsautomation\/de\/#\/schema\/logo\/image\/\"}}]}<\/script>\n<!-- \/ Yoast SEO Premium plugin. -->","yoast_head_json":{"title":"Steering Assembly & Test Systems | Mobility & Transportation | ATS Automation","description":"We supply Hydraulic Power & Electronic Power Steering Assembly & test solutions worldwide to leading manufacturers. We are a global leader in steering systems.","robots":{"index":"index","follow":"follow","max-snippet":"max-snippet:-1","max-image-preview":"max-image-preview:large","max-video-preview":"max-video-preview:-1"},"canonical":"https:\/\/vipgo.atsautomation.com\/atsautomation\/de\/mobilitat-und-transport\/lenksysteme\/","og_locale":"de_DE","og_type":"article","og_title":"Lenksysteme","og_description":"We supply Hydraulic Power & Electronic Power Steering Assembly & test solutions worldwide to leading manufacturers. We are a global leader in steering systems.","og_url":"https:\/\/vipgo.atsautomation.com\/atsautomation\/de\/mobilitat-und-transport\/lenksysteme\/","og_site_name":"ATS Corporation","article_modified_time":"2023-01-31T14:54:18+00:00","og_image":[{"width":1500,"height":500,"url":"https:\/\/vipgo.atsautomation.com\/atsautomation\/wp-content\/uploads\/sites\/9\/2020\/04\/turbo-testing-succes-1.jpg","type":"image\/jpeg"}],"twitter_card":"summary_large_image","twitter_misc":{"Gesch\u00e4tzte Lesezeit":"1 Minute"},"schema":{"@context":"https:\/\/schema.org","@graph":[{"@type":"WebPage","@id":"https:\/\/vipgo.atsautomation.com\/atsautomation\/de\/mobilitat-und-transport\/lenksysteme\/","url":"https:\/\/vipgo.atsautomation.com\/atsautomation\/de\/mobilitat-und-transport\/lenksysteme\/","name":"Steering Assembly & Test Systems | Mobility & Transportation | ATS Automation","isPartOf":{"@id":"https:\/\/vipgo.atsautomation.com\/atsautomation\/de\/#website"},"primaryImageOfPage":{"@id":"https:\/\/vipgo.atsautomation.com\/atsautomation\/de\/mobilitat-und-transport\/lenksysteme\/#primaryimage"},"image":{"@id":"https:\/\/vipgo.atsautomation.com\/atsautomation\/de\/mobilitat-und-transport\/lenksysteme\/#primaryimage"},"thumbnailUrl":"https:\/\/vipgo.atsautomation.com\/atsautomation\/wp-content\/uploads\/sites\/9\/2020\/04\/turbo-testing-succes-1.jpg","datePublished":"2020-07-15T13:09:35+00:00","dateModified":"2023-01-31T14:54:18+00:00","description":"We supply Hydraulic Power & Electronic Power Steering Assembly & test solutions worldwide to leading manufacturers. We are a global leader in steering systems.","breadcrumb":{"@id":"https:\/\/vipgo.atsautomation.com\/atsautomation\/de\/mobilitat-und-transport\/lenksysteme\/#breadcrumb"},"inLanguage":"de-DE","potentialAction":[{"@type":"ReadAction","target":["https:\/\/vipgo.atsautomation.com\/atsautomation\/de\/mobilitat-und-transport\/lenksysteme\/"]}]},{"@type":"ImageObject","inLanguage":"de-DE","@id":"https:\/\/vipgo.atsautomation.com\/atsautomation\/de\/mobilitat-und-transport\/lenksysteme\/#primaryimage","url":"https:\/\/vipgo.atsautomation.com\/atsautomation\/wp-content\/uploads\/sites\/9\/2020\/04\/turbo-testing-succes-1.jpg","contentUrl":"https:\/\/vipgo.atsautomation.com\/atsautomation\/wp-content\/uploads\/sites\/9\/2020\/04\/turbo-testing-succes-1.jpg","width":1500,"height":500,"caption":"Weggeschnitten zur Darstellung des Turbos an einem Fahrzeug"},{"@type":"BreadcrumbList","@id":"https:\/\/vipgo.atsautomation.com\/atsautomation\/de\/mobilitat-und-transport\/lenksysteme\/#breadcrumb","itemListElement":[{"@type":"ListItem","position":1,"name":"Home","item":"https:\/\/vipgo.atsautomation.com\/atsautomation\/de\/"},{"@type":"ListItem","position":2,"name":"Mobilit\u00e4t und Transport","item":"https:\/\/vipgo.atsautomation.com\/atsautomation\/de\/mobilitat-und-transport\/"},{"@type":"ListItem","position":3,"name":"Lenksysteme"}]},{"@type":"WebSite","@id":"https:\/\/vipgo.atsautomation.com\/atsautomation\/de\/#website","url":"https:\/\/vipgo.atsautomation.com\/atsautomation\/de\/","name":"ATS Corporation","description":"Just another vipgo.atsautomation.com site","publisher":{"@id":"https:\/\/vipgo.atsautomation.com\/atsautomation\/de\/#organization"},"potentialAction":[{"@type":"SearchAction","target":{"@type":"EntryPoint","urlTemplate":"https:\/\/vipgo.atsautomation.com\/atsautomation\/de\/?s={search_term_string}"},"query-input":{"@type":"PropertyValueSpecification","valueRequired":true,"valueName":"search_term_string"}}],"inLanguage":"de-DE"},{"@type":"Organization","@id":"https:\/\/vipgo.atsautomation.com\/atsautomation\/de\/#organization","name":"ATS Corporation","url":"https:\/\/vipgo.atsautomation.com\/atsautomation\/de\/","logo":{"@type":"ImageObject","inLanguage":"de-DE","@id":"https:\/\/vipgo.atsautomation.com\/atsautomation\/de\/#\/schema\/logo\/image\/","url":"https:\/\/atsautomation.com\/wp-content\/uploads\/sites\/9\/2022\/11\/ATS-logo-colour-RGB_TM.png","contentUrl":"https:\/\/atsautomation.com\/wp-content\/uploads\/sites\/9\/2022\/11\/ATS-logo-colour-RGB_TM.png","width":1880,"height":371,"caption":"ATS Corporation"},"image":{"@id":"https:\/\/vipgo.atsautomation.com\/atsautomation\/de\/#\/schema\/logo\/image\/"}}]}},"acf":[],"jetpack_sharing_enabled":true,"_links":{"self":[{"href":"https:\/\/vipgo.atsautomation.com\/atsautomation\/de\/wp-json\/wp\/v2\/pages\/10063","targetHints":{"allow":["GET"]}}],"collection":[{"href":"https:\/\/vipgo.atsautomation.com\/atsautomation\/de\/wp-json\/wp\/v2\/pages"}],"about":[{"href":"https:\/\/vipgo.atsautomation.com\/atsautomation\/de\/wp-json\/wp\/v2\/types\/page"}],"author":[{"embeddable":true,"href":"https:\/\/vipgo.atsautomation.com\/atsautomation\/de\/wp-json\/wp\/v2\/users\/28"}],"replies":[{"embeddable":true,"href":"https:\/\/vipgo.atsautomation.com\/atsautomation\/de\/wp-json\/wp\/v2\/comments?post=10063"}],"version-history":[{"count":4,"href":"https:\/\/vipgo.atsautomation.com\/atsautomation\/de\/wp-json\/wp\/v2\/pages\/10063\/revisions"}],"predecessor-version":[{"id":35330,"href":"https:\/\/vipgo.atsautomation.com\/atsautomation\/de\/wp-json\/wp\/v2\/pages\/10063\/revisions\/35330"}],"up":[{"embeddable":true,"href":"https:\/\/vipgo.atsautomation.com\/atsautomation\/de\/wp-json\/wp\/v2\/pages\/8826"}],"wp:featuredmedia":[{"embeddable":true,"href":"https:\/\/vipgo.atsautomation.com\/atsautomation\/de\/wp-json\/wp\/v2\/media\/8827"}],"wp:attachment":[{"href":"https:\/\/vipgo.atsautomation.com\/atsautomation\/de\/wp-json\/wp\/v2\/media?parent=10063"}],"curies":[{"name":"wp","href":"https:\/\/api.w.org\/{rel}","templated":true}]}}