{"id":10097,"date":"2020-07-15T13:09:36","date_gmt":"2020-07-15T13:09:36","guid":{"rendered":"https:\/\/atsautomation.com\/auftragsfertigung\/"},"modified":"2023-01-31T19:51:01","modified_gmt":"2023-01-31T19:51:01","slug":"auftragsfertigung","status":"publish","type":"page","link":"https:\/\/vipgo.atsautomation.com\/atsautomation\/de\/auftragsfertigung\/","title":{"rendered":"Auftragsfertigung"},"content":{"rendered":"<p>Die Bed\u00fcrfnisse unserer Kunden enden nicht mit der Lieferung eines Einzelsystems. Viele Kunden ben\u00f6tigen eine zuverl\u00e4ssige und kosteng\u00fcnstige Lieferung wiederholbarer L\u00f6sungen an ihre Kunden. Zus\u00e4tzlich zu den kundenspezifischen Systemen bietet ATS Automation auch schl\u00fcsselfertige, wiederholbare Fertigungsdienstleistungen f\u00fcr komplexe Maschinen an. ATS ist mehr als ein traditioneller Auftragsfertiger. Wir arbeiten mit Ihnen zusammen, um schlanke Methoden zu integrieren und Strategien f\u00fcr Value Engineering, Prozessflussoptimierung und Kosteneind\u00e4mmung anzuwenden. Der Vorteil f\u00fcr Sie? Ein agiler Partner mit globaler Reichweite und Dienstleistungen, die den gesamten Produktlebenszyklus Ihrer Anlage unterst\u00fctzen k\u00f6nnen.<\/p>\n","protected":false},"excerpt":{"rendered":"<p>Die Bed\u00fcrfnisse unserer Kunden enden nicht mit der Lieferung eines Einzelsystems. Viele Kunden ben\u00f6tigen eine zuverl\u00e4ssige und kosteng\u00fcnstige Lieferung wiederholbarer L\u00f6sungen an ihre Kunden. Zus\u00e4tzlich zu den kundenspezifischen Systemen bietet ATS Automation auch schl\u00fcsselfertige, wiederholbare Fertigungsdienstleistungen f\u00fcr komplexe Maschinen an. ATS ist mehr als ein traditioneller Auftragsfertiger. Wir arbeiten mit Ihnen zusammen, um schlanke Methoden&#8230;<\/p>\n<div class=\"post-button\"><a href=\"https:\/\/vipgo.atsautomation.com\/atsautomation\/de\/auftragsfertigung\/\">Read More<\/a><\/div>\n","protected":false},"author":22,"featured_media":13031,"parent":0,"menu_order":0,"comment_status":"closed","ping_status":"closed","template":"page-templates\/content-page.php","meta":{"_acf_changed":false,"footnotes":""},"class_list":["post-10097","page","type-page","status-publish","has-post-thumbnail","hentry"],"yoast_head":"<!-- This site is optimized with the Yoast SEO Premium plugin v26.8 (Yoast SEO v26.8) - https:\/\/yoast.com\/product\/yoast-seo-premium-wordpress\/ -->\n<title>Auftragsfertigung - ATS Corporation<\/title>\n<meta name=\"description\" content=\"Schl\u00fcsselfertige Auftragsfertigungsdienstleistungen f\u00fcr komplexe Maschinen unter Verwendung schlanker Methoden, Value Engineering, Prozessflussoptimierung und Kosteneind\u00e4mmung.\" \/>\n<meta name=\"robots\" content=\"index, follow, max-snippet:-1, max-image-preview:large, max-video-preview:-1\" \/>\n<link rel=\"canonical\" href=\"https:\/\/vipgo.atsautomation.com\/atsautomation\/de\/auftragsfertigung\/\" \/>\n<meta property=\"og:locale\" content=\"de_DE\" \/>\n<meta property=\"og:type\" content=\"article\" \/>\n<meta property=\"og:title\" content=\"Auftragsfertigung\" \/>\n<meta property=\"og:description\" content=\"Schl\u00fcsselfertige Auftragsfertigungsdienstleistungen f\u00fcr komplexe Maschinen unter Verwendung schlanker Methoden, Value Engineering, Prozessflussoptimierung und Kosteneind\u00e4mmung.\" \/>\n<meta property=\"og:url\" content=\"https:\/\/vipgo.atsautomation.com\/atsautomation\/de\/auftragsfertigung\/\" \/>\n<meta property=\"og:site_name\" content=\"ATS Corporation\" \/>\n<meta property=\"article:modified_time\" content=\"2023-01-31T19:51:01+00:00\" \/>\n<meta property=\"og:image\" content=\"https:\/\/vipgo.atsautomation.com\/atsautomation\/wp-content\/uploads\/sites\/9\/2020\/06\/contract-manufacturing-machines-1.png\" \/>\n\t<meta property=\"og:image:width\" content=\"1500\" \/>\n\t<meta property=\"og:image:height\" content=\"500\" \/>\n\t<meta property=\"og:image:type\" content=\"image\/png\" \/>\n<meta name=\"twitter:card\" content=\"summary_large_image\" \/>\n<meta name=\"twitter:label1\" content=\"Gesch\u00e4tzte Lesezeit\" \/>\n\t<meta name=\"twitter:data1\" content=\"1 Minute\" \/>\n<script type=\"application\/ld+json\" class=\"yoast-schema-graph\">{\"@context\":\"https:\/\/schema.org\",\"@graph\":[{\"@type\":\"WebPage\",\"@id\":\"https:\/\/vipgo.atsautomation.com\/atsautomation\/de\/auftragsfertigung\/\",\"url\":\"https:\/\/vipgo.atsautomation.com\/atsautomation\/de\/auftragsfertigung\/\",\"name\":\"Auftragsfertigung - ATS Corporation\",\"isPartOf\":{\"@id\":\"https:\/\/vipgo.atsautomation.com\/atsautomation\/de\/#website\"},\"primaryImageOfPage\":{\"@id\":\"https:\/\/vipgo.atsautomation.com\/atsautomation\/de\/auftragsfertigung\/#primaryimage\"},\"image\":{\"@id\":\"https:\/\/vipgo.atsautomation.com\/atsautomation\/de\/auftragsfertigung\/#primaryimage\"},\"thumbnailUrl\":\"https:\/\/vipgo.atsautomation.com\/atsautomation\/wp-content\/uploads\/sites\/9\/2020\/06\/contract-manufacturing-machines-1.png\",\"datePublished\":\"2020-07-15T13:09:36+00:00\",\"dateModified\":\"2023-01-31T19:51:01+00:00\",\"description\":\"Schl\u00fcsselfertige Auftragsfertigungsdienstleistungen f\u00fcr komplexe Maschinen unter Verwendung schlanker Methoden, Value Engineering, Prozessflussoptimierung und Kosteneind\u00e4mmung.\",\"breadcrumb\":{\"@id\":\"https:\/\/vipgo.atsautomation.com\/atsautomation\/de\/auftragsfertigung\/#breadcrumb\"},\"inLanguage\":\"de-DE\",\"potentialAction\":[{\"@type\":\"ReadAction\",\"target\":[\"https:\/\/vipgo.atsautomation.com\/atsautomation\/de\/auftragsfertigung\/\"]}]},{\"@type\":\"ImageObject\",\"inLanguage\":\"de-DE\",\"@id\":\"https:\/\/vipgo.atsautomation.com\/atsautomation\/de\/auftragsfertigung\/#primaryimage\",\"url\":\"https:\/\/vipgo.atsautomation.com\/atsautomation\/wp-content\/uploads\/sites\/9\/2020\/06\/contract-manufacturing-machines-1.png\",\"contentUrl\":\"https:\/\/vipgo.atsautomation.com\/atsautomation\/wp-content\/uploads\/sites\/9\/2020\/06\/contract-manufacturing-machines-1.png\",\"width\":1500,\"height\":500},{\"@type\":\"BreadcrumbList\",\"@id\":\"https:\/\/vipgo.atsautomation.com\/atsautomation\/de\/auftragsfertigung\/#breadcrumb\",\"itemListElement\":[{\"@type\":\"ListItem\",\"position\":1,\"name\":\"Home\",\"item\":\"https:\/\/vipgo.atsautomation.com\/atsautomation\/de\/\"},{\"@type\":\"ListItem\",\"position\":2,\"name\":\"Auftragsfertigung\"}]},{\"@type\":\"WebSite\",\"@id\":\"https:\/\/vipgo.atsautomation.com\/atsautomation\/de\/#website\",\"url\":\"https:\/\/vipgo.atsautomation.com\/atsautomation\/de\/\",\"name\":\"ATS Corporation\",\"description\":\"Just another vipgo.atsautomation.com site\",\"publisher\":{\"@id\":\"https:\/\/vipgo.atsautomation.com\/atsautomation\/de\/#organization\"},\"potentialAction\":[{\"@type\":\"SearchAction\",\"target\":{\"@type\":\"EntryPoint\",\"urlTemplate\":\"https:\/\/vipgo.atsautomation.com\/atsautomation\/de\/?s={search_term_string}\"},\"query-input\":{\"@type\":\"PropertyValueSpecification\",\"valueRequired\":true,\"valueName\":\"search_term_string\"}}],\"inLanguage\":\"de-DE\"},{\"@type\":\"Organization\",\"@id\":\"https:\/\/vipgo.atsautomation.com\/atsautomation\/de\/#organization\",\"name\":\"ATS Corporation\",\"url\":\"https:\/\/vipgo.atsautomation.com\/atsautomation\/de\/\",\"logo\":{\"@type\":\"ImageObject\",\"inLanguage\":\"de-DE\",\"@id\":\"https:\/\/vipgo.atsautomation.com\/atsautomation\/de\/#\/schema\/logo\/image\/\",\"url\":\"https:\/\/atsautomation.com\/wp-content\/uploads\/sites\/9\/2022\/11\/ATS-logo-colour-RGB_TM.png\",\"contentUrl\":\"https:\/\/atsautomation.com\/wp-content\/uploads\/sites\/9\/2022\/11\/ATS-logo-colour-RGB_TM.png\",\"width\":1880,\"height\":371,\"caption\":\"ATS Corporation\"},\"image\":{\"@id\":\"https:\/\/vipgo.atsautomation.com\/atsautomation\/de\/#\/schema\/logo\/image\/\"}}]}<\/script>\n<!-- \/ Yoast SEO Premium plugin. -->","yoast_head_json":{"title":"Auftragsfertigung - ATS Corporation","description":"Schl\u00fcsselfertige Auftragsfertigungsdienstleistungen f\u00fcr komplexe Maschinen unter Verwendung schlanker Methoden, Value Engineering, Prozessflussoptimierung und Kosteneind\u00e4mmung.","robots":{"index":"index","follow":"follow","max-snippet":"max-snippet:-1","max-image-preview":"max-image-preview:large","max-video-preview":"max-video-preview:-1"},"canonical":"https:\/\/vipgo.atsautomation.com\/atsautomation\/de\/auftragsfertigung\/","og_locale":"de_DE","og_type":"article","og_title":"Auftragsfertigung","og_description":"Schl\u00fcsselfertige Auftragsfertigungsdienstleistungen f\u00fcr komplexe Maschinen unter Verwendung schlanker Methoden, Value Engineering, Prozessflussoptimierung und Kosteneind\u00e4mmung.","og_url":"https:\/\/vipgo.atsautomation.com\/atsautomation\/de\/auftragsfertigung\/","og_site_name":"ATS Corporation","article_modified_time":"2023-01-31T19:51:01+00:00","og_image":[{"width":1500,"height":500,"url":"https:\/\/vipgo.atsautomation.com\/atsautomation\/wp-content\/uploads\/sites\/9\/2020\/06\/contract-manufacturing-machines-1.png","type":"image\/png"}],"twitter_card":"summary_large_image","twitter_misc":{"Gesch\u00e4tzte Lesezeit":"1 Minute"},"schema":{"@context":"https:\/\/schema.org","@graph":[{"@type":"WebPage","@id":"https:\/\/vipgo.atsautomation.com\/atsautomation\/de\/auftragsfertigung\/","url":"https:\/\/vipgo.atsautomation.com\/atsautomation\/de\/auftragsfertigung\/","name":"Auftragsfertigung - ATS Corporation","isPartOf":{"@id":"https:\/\/vipgo.atsautomation.com\/atsautomation\/de\/#website"},"primaryImageOfPage":{"@id":"https:\/\/vipgo.atsautomation.com\/atsautomation\/de\/auftragsfertigung\/#primaryimage"},"image":{"@id":"https:\/\/vipgo.atsautomation.com\/atsautomation\/de\/auftragsfertigung\/#primaryimage"},"thumbnailUrl":"https:\/\/vipgo.atsautomation.com\/atsautomation\/wp-content\/uploads\/sites\/9\/2020\/06\/contract-manufacturing-machines-1.png","datePublished":"2020-07-15T13:09:36+00:00","dateModified":"2023-01-31T19:51:01+00:00","description":"Schl\u00fcsselfertige Auftragsfertigungsdienstleistungen f\u00fcr komplexe Maschinen unter Verwendung schlanker Methoden, Value Engineering, Prozessflussoptimierung und Kosteneind\u00e4mmung.","breadcrumb":{"@id":"https:\/\/vipgo.atsautomation.com\/atsautomation\/de\/auftragsfertigung\/#breadcrumb"},"inLanguage":"de-DE","potentialAction":[{"@type":"ReadAction","target":["https:\/\/vipgo.atsautomation.com\/atsautomation\/de\/auftragsfertigung\/"]}]},{"@type":"ImageObject","inLanguage":"de-DE","@id":"https:\/\/vipgo.atsautomation.com\/atsautomation\/de\/auftragsfertigung\/#primaryimage","url":"https:\/\/vipgo.atsautomation.com\/atsautomation\/wp-content\/uploads\/sites\/9\/2020\/06\/contract-manufacturing-machines-1.png","contentUrl":"https:\/\/vipgo.atsautomation.com\/atsautomation\/wp-content\/uploads\/sites\/9\/2020\/06\/contract-manufacturing-machines-1.png","width":1500,"height":500},{"@type":"BreadcrumbList","@id":"https:\/\/vipgo.atsautomation.com\/atsautomation\/de\/auftragsfertigung\/#breadcrumb","itemListElement":[{"@type":"ListItem","position":1,"name":"Home","item":"https:\/\/vipgo.atsautomation.com\/atsautomation\/de\/"},{"@type":"ListItem","position":2,"name":"Auftragsfertigung"}]},{"@type":"WebSite","@id":"https:\/\/vipgo.atsautomation.com\/atsautomation\/de\/#website","url":"https:\/\/vipgo.atsautomation.com\/atsautomation\/de\/","name":"ATS Corporation","description":"Just another vipgo.atsautomation.com site","publisher":{"@id":"https:\/\/vipgo.atsautomation.com\/atsautomation\/de\/#organization"},"potentialAction":[{"@type":"SearchAction","target":{"@type":"EntryPoint","urlTemplate":"https:\/\/vipgo.atsautomation.com\/atsautomation\/de\/?s={search_term_string}"},"query-input":{"@type":"PropertyValueSpecification","valueRequired":true,"valueName":"search_term_string"}}],"inLanguage":"de-DE"},{"@type":"Organization","@id":"https:\/\/vipgo.atsautomation.com\/atsautomation\/de\/#organization","name":"ATS Corporation","url":"https:\/\/vipgo.atsautomation.com\/atsautomation\/de\/","logo":{"@type":"ImageObject","inLanguage":"de-DE","@id":"https:\/\/vipgo.atsautomation.com\/atsautomation\/de\/#\/schema\/logo\/image\/","url":"https:\/\/atsautomation.com\/wp-content\/uploads\/sites\/9\/2022\/11\/ATS-logo-colour-RGB_TM.png","contentUrl":"https:\/\/atsautomation.com\/wp-content\/uploads\/sites\/9\/2022\/11\/ATS-logo-colour-RGB_TM.png","width":1880,"height":371,"caption":"ATS Corporation"},"image":{"@id":"https:\/\/vipgo.atsautomation.com\/atsautomation\/de\/#\/schema\/logo\/image\/"}}]}},"acf":[],"jetpack_sharing_enabled":true,"_links":{"self":[{"href":"https:\/\/vipgo.atsautomation.com\/atsautomation\/de\/wp-json\/wp\/v2\/pages\/10097","targetHints":{"allow":["GET"]}}],"collection":[{"href":"https:\/\/vipgo.atsautomation.com\/atsautomation\/de\/wp-json\/wp\/v2\/pages"}],"about":[{"href":"https:\/\/vipgo.atsautomation.com\/atsautomation\/de\/wp-json\/wp\/v2\/types\/page"}],"author":[{"embeddable":true,"href":"https:\/\/vipgo.atsautomation.com\/atsautomation\/de\/wp-json\/wp\/v2\/users\/22"}],"replies":[{"embeddable":true,"href":"https:\/\/vipgo.atsautomation.com\/atsautomation\/de\/wp-json\/wp\/v2\/comments?post=10097"}],"version-history":[{"count":4,"href":"https:\/\/vipgo.atsautomation.com\/atsautomation\/de\/wp-json\/wp\/v2\/pages\/10097\/revisions"}],"predecessor-version":[{"id":35428,"href":"https:\/\/vipgo.atsautomation.com\/atsautomation\/de\/wp-json\/wp\/v2\/pages\/10097\/revisions\/35428"}],"wp:featuredmedia":[{"embeddable":true,"href":"https:\/\/vipgo.atsautomation.com\/atsautomation\/de\/wp-json\/wp\/v2\/media\/13031"}],"wp:attachment":[{"href":"https:\/\/vipgo.atsautomation.com\/atsautomation\/de\/wp-json\/wp\/v2\/media?parent=10097"}],"curies":[{"name":"wp","href":"https:\/\/api.w.org\/{rel}","templated":true}]}}