{"id":10162,"date":"2020-07-15T13:09:39","date_gmt":"2020-07-15T13:09:39","guid":{"rendered":"https:\/\/atsautomation.com\/weltweite-dienstleistung\/"},"modified":"2023-08-11T12:51:40","modified_gmt":"2023-08-11T12:51:40","slug":"weltweite-dienstleistung","status":"publish","type":"page","link":"https:\/\/vipgo.atsautomation.com\/atsautomation\/de\/weltweite-dienstleistung\/","title":{"rendered":"Weltweite Dienstleistung"},"content":{"rendered":"<div class=\"row col-md-7\">\n<h2>NORD- UND S\u00dcDAMERIKA<\/h2>\n<div class=\"tabs\">\n<div class=\"tab\"><input id=\"chck2\" type=\"checkbox\" \/><label class=\"tab-label\" for=\"chck2\"> ATS Cambridge Energy &amp; Industry<\/label><\/p>\n<div class=\"tab-content\">\n<div class=\"second col-md-12\"><a href=\"tel:(519) 653-6500\">Kontakttelefon w\u00e4hrend Gesch\u00e4ftszeiten: (519) 653-6500<\/a><br \/>\n<a href=\"tel:(519) 653-3060\">Notfallnummer au\u00dferhalb der Gesch\u00e4ftszeiten: (519) 653-3060 <\/a><\/div>\n<\/div>\n<\/div>\n<div class=\"tab\"><input id=\"chck3\" type=\"checkbox\" \/><label class=\"tab-label\" for=\"chck3\"> ATS Cambridge Life Sciences<\/label><\/p>\n<div class=\"tab-content\">\n<div class=\"second col-md-12\"><a href=\"tel:(519) 653-6500\">Kontakttelefon w\u00e4hrend Gesch\u00e4ftszeiten: (519) 653-6500<\/a><br \/>\n<a href=\"tel:(519) 653-3060\">Notfallnummer au\u00dferhalb der Gesch\u00e4ftszeiten: (519) 653-3060 <\/a><\/div>\n<\/div>\n<\/div>\n<div class=\"tab\"><input id=\"chck4\" type=\"checkbox\" \/><label class=\"tab-label\" for=\"chck4\"> ATS Ohio<\/label><\/p>\n<div class=\"tab-content\">\n<div class=\"second col-md-12\"><a href=\"tel:(614) 888-2344\">Kontakttelefon w\u00e4hrend Gesch\u00e4ftszeiten: (614) 888-2344<\/a><br \/>\n<a href=\"tel:(519) 653-3060\">Notfallnummer au\u00dferhalb der Gesch\u00e4ftszeiten: (519) 653-3060 <\/a><\/div>\n<\/div>\n<\/div>\n<div class=\"tab\"><input id=\"chck5\" type=\"checkbox\" \/><label class=\"tab-label\" for=\"chck5\"> ATS Test<\/label><\/p>\n<div class=\"tab-content\">\n<div class=\"second col-md-12\"><a href=\"tel:(905) 850-8600\">Kontakttelefon w\u00e4hrend Gesch\u00e4ftszeiten: (905) 850-8600<\/a><br \/>\n<a href=\"tel:(519) 653-3060\">Notfallnummer au\u00dferhalb der Gesch\u00e4ftszeiten: (519) 653-3060 <\/a><\/div>\n<\/div>\n<\/div>\n<div class=\"tab\"><input id=\"chck6\" type=\"checkbox\" \/><label class=\"tab-label\" for=\"chck6\">Servicezentrum Nordamerika \u2013 Wixom<\/label><\/p>\n<div class=\"tab-content\">\n<div class=\"second col-md-12\"><a href=\"tel:(734) 522-1900\">Kontakttelefon w\u00e4hrend Gesch\u00e4ftszeiten: (734) 522-1900<\/a><br \/>\n<a href=\"tel:1(877) 897-2589\">Notfallnummer au\u00dferhalb der Gesch\u00e4ftszeiten: +1 (877) 897-2589 <\/a><\/div>\n<\/div>\n<\/div>\n<div class=\"tab\"><input id=\"chck7\" type=\"checkbox\" \/><label class=\"tab-label\" for=\"chck7\"> sortimat USA<\/label><\/p>\n<div class=\"tab-content\">\n<div class=\"second col-md-12\"><a href=\"tel:(847) 925-1234\">Kontakttelefon w\u00e4hrend Gesch\u00e4ftszeiten: (847) 925-1234<\/a><br \/>\n<a href=\"tel:1 800 385 6805\">Notfallnummer au\u00dferhalb der Gesch\u00e4ftszeiten: +1 800 385 6805<\/a><br \/>\n<a href=\"mailto:service@sortimat.com\">Allgemeine\/Ersatzteile: service@sortimat.com <\/a><\/div>\n<\/div>\n<\/div>\n<\/div>\n<h2>EUROPA<\/h2>\n<div class=\"tabs\">\n<div class=\"tab\"><input id=\"chck8\" type=\"checkbox\" \/><label class=\"tab-label\" for=\"chck8\"> ATS M\u00fcnchen<\/label><\/p>\n<div class=\"tab-content\">\n<div class=\"second col-md-12\"><a href=\"tel:+49 (0) 89 427221-0\">Kontakttelefon w\u00e4hrend Gesch\u00e4ftszeiten: +49 (0) 89 427221-0 <\/a><\/div>\n<\/div>\n<\/div>\n<div class=\"tab\"><input id=\"chck10\" type=\"checkbox\" \/><label class=\"tab-label\" for=\"chck10\"> ATS European Service Center<\/label><\/p>\n<div class=\"tab-content\">\n<div class=\"second col-md-12\"><a href=\"tel:+49 (0) 7195 702 0\">Kontakttelefon w\u00e4hrend Gesch\u00e4ftszeiten: +49 (0) 15202784899<\/a><br \/>\n<a href=\"mailto:  europeanservicecenter@atsautomation.com\">Email: \u00a0<\/a><a class=\"external-link\" href=\"mailto:europeanservicecenter@atsautomation.com\" target=\"_blank\" rel=\"nofollow noopener\">europeanservicecenter@atsautomation.com<\/a><\/div>\n<\/div>\n<\/div>\n<div class=\"tab\"><input id=\"chck11\" type=\"checkbox\" \/><label class=\"tab-label\" for=\"chck11\">ATS St. Georgen<\/label><\/p>\n<div class=\"tab-content\">\n<div class=\"second col-md-12\"><a href=\"tel:+49 (0) 7725 91732 0\">Kontakttelefon w\u00e4hrend Gesch\u00e4ftszeiten: +49 (0) 7725 91732 0<\/a><\/div>\n<\/div>\n<\/div>\n<\/div>\n<h2>ASIEN<\/h2>\n<div class=\"tabs\">\n<div class=\"tab\"><input id=\"chck12\" type=\"checkbox\" \/><label class=\"tab-label\" for=\"chck12\"> ATS China<\/label><\/p>\n<div class=\"tab-content\">\n<div class=\"second col-md-12\"><a href=\"tel:+86 151 0221 5317\">Kontakttelefon w\u00e4hrend Gesch\u00e4ftszeiten: +86 151 0221 5317<\/a><br \/>\n<a href=\"tel:+86 151 0221 5317\">Notfallnummer au\u00dferhalb der Gesch\u00e4ftszeiten: +86 151 0221 5317<\/a><\/div>\n<\/div>\n<\/div>\n<\/div>\n<h2>Additional ATS Company Services<\/h2>\n<div class=\"tabs\">\n<div class=\"tab\"><input id=\"chck13\" type=\"checkbox\" \/><label class=\"tab-label\" for=\"chck13\">Marco<\/label><\/p>\n<div class=\"tab-content\">\n<div class=\"second col-md-12\"><a href=\"https:\/\/www.marco.co.uk\/support\/\">Besuchen Sie die Website <\/a><\/div>\n<\/div>\n<\/div>\n<div class=\"tab\"><input id=\"chck14\" type=\"checkbox\" \/><label class=\"tab-label\" for=\"chck14\">Comecer<\/label><\/p>\n<div class=\"tab-content\">\n<div class=\"second col-md-12\"><a href=\"https:\/\/www.comecer.com\/services\/\">Besuchen Sie die Website <\/a><\/div>\n<\/div>\n<\/div>\n<div class=\"tab\"><input id=\"chck15\" type=\"checkbox\" \/><label class=\"tab-label\" for=\"chck15\">IWK<\/label><\/p>\n<div class=\"tab-content\">\n<div class=\"second col-md-12\"><a href=\"https:\/\/www.iwk.de\/en\/service\/iwk-top-service-en\/\">Besuchen Sie die Website <\/a><\/div>\n<\/div>\n<\/div>\n<div class=\"tab\"><input id=\"chck16\" type=\"checkbox\" \/><label class=\"tab-label\" for=\"chck16\">CFT S.p.A.<\/label><\/p>\n<div class=\"tab-content\">\n<div class=\"second col-md-6\"><a href=\"https:\/\/www.cft-group.com\/services\/\">Besuchen Sie die Website <\/a><\/div>\n<\/div>\n<\/div>\n<div class=\"tab\"><input id=\"chck17\" type=\"checkbox\" \/><label class=\"tab-label\" for=\"chck17\">Raytec Vision<\/label><\/p>\n<div class=\"tab-content\">\n<div class=\"second col-md-6\"><a href=\"https:\/\/www.raytecvision.com\/en\/index4.asp#\">Besuchen Sie die Website <\/a><\/div>\n<\/div>\n<\/div>\n<div class=\"tab\"><input id=\"chck18\" type=\"checkbox\" \/><label class=\"tab-label\" for=\"chck18\">Co.Mac S.r.l.<\/label><\/p>\n<div class=\"tab-content\">\n<div class=\"second col-md-6\"><a href=\"https:\/\/www.comacgroup.com\/comac\/contacts\">Besuchen Sie die Website <\/a><\/div>\n<\/div>\n<\/div>\n<div class=\"tab\"><input id=\"chck16\" type=\"checkbox\" \/><label class=\"tab-label\" for=\"chck16\">PA<\/label><\/p>\n<div class=\"tab-content\">\n<div class=\"second col-md-12\"><a href=\"https:\/\/pa-ats.com\/\">Besuchen Sie die Website <\/a><\/div>\n<\/div>\n<\/div>\n<\/div>\n<\/div>\n<div class=\"row col-md-5\">\n<div class=\"sidebarBlock contacts\"><a href=\"https:\/\/store.atsautomation.com\/\" target=\"_blank\" rel=\"noopener noreferrer\"><img loading=\"lazy\" decoding=\"async\" class=\"alignnone size-full wp-image-3677\" src=\"https:\/\/atsautomation.com\/wp-content\/uploads\/sites\/9\/2020\/06\/eCommerce-Icon_blue.png\" alt=\"\" width=\"200\" height=\"250\" \/><\/a><\/div>\n<div class=\"sidebarBlock contacts\"><a href=\"https:\/\/atsautomation.custhelp.com\/\" target=\"_blank\" rel=\"noopener noreferrer\"><img loading=\"lazy\" decoding=\"async\" class=\"alignnone size-full wp-image-3678\" src=\"https:\/\/atsautomation.com\/wp-content\/uploads\/sites\/9\/2020\/06\/Customer-Portal-Icon_blue.png\" alt=\"\" width=\"200\" height=\"250\" \/><\/a><\/div>\n<\/div>\n","protected":false},"excerpt":{"rendered":"<p>NORD- UND S\u00dcDAMERIKA ATS Cambridge Energy &amp; Industry Kontakttelefon w\u00e4hrend Gesch\u00e4ftszeiten: (519) 653-6500 Notfallnummer au\u00dferhalb der Gesch\u00e4ftszeiten: (519) 653-3060 ATS Cambridge Life Sciences Kontakttelefon w\u00e4hrend Gesch\u00e4ftszeiten: (519) 653-6500 Notfallnummer au\u00dferhalb der Gesch\u00e4ftszeiten: (519) 653-3060 ATS Ohio Kontakttelefon w\u00e4hrend Gesch\u00e4ftszeiten: (614) 888-2344 Notfallnummer au\u00dferhalb der Gesch\u00e4ftszeiten: (519) 653-3060 ATS Test Kontakttelefon w\u00e4hrend Gesch\u00e4ftszeiten: (905) 850-8600 Notfallnummer au\u00dferhalb der Gesch\u00e4ftszeiten: (519) 653-3060&#8230;<\/p>\n<div class=\"post-button\"><a href=\"https:\/\/vipgo.atsautomation.com\/atsautomation\/de\/weltweite-dienstleistung\/\">Read More<\/a><\/div>\n","protected":false},"author":3,"featured_media":10171,"parent":0,"menu_order":0,"comment_status":"closed","ping_status":"closed","template":"","meta":{"_acf_changed":false,"footnotes":""},"class_list":["post-10162","page","type-page","status-publish","has-post-thumbnail","hentry"],"yoast_head":"<!-- This site is optimized with the Yoast SEO Premium plugin v26.8 (Yoast SEO v26.8) - https:\/\/yoast.com\/product\/yoast-seo-premium-wordpress\/ -->\n<title>Global Service | Global Industrial Automation Services | ATS Automation<\/title>\n<meta name=\"description\" content=\"Get in touch for ATS Automation&#039;s global industrial automation services. Find the contact information for the ATS location closest to you to request service.\" \/>\n<meta name=\"robots\" content=\"index, follow, max-snippet:-1, max-image-preview:large, max-video-preview:-1\" \/>\n<link rel=\"canonical\" href=\"https:\/\/vipgo.atsautomation.com\/atsautomation\/de\/weltweite-dienstleistung\/\" \/>\n<meta property=\"og:locale\" content=\"de_DE\" \/>\n<meta property=\"og:type\" content=\"article\" \/>\n<meta property=\"og:title\" content=\"Weltweite Dienstleistung\" \/>\n<meta property=\"og:description\" content=\"Get in touch for ATS Automation&#039;s global industrial automation services. Find the contact information for the ATS location closest to you to request service.\" \/>\n<meta property=\"og:url\" content=\"https:\/\/vipgo.atsautomation.com\/atsautomation\/de\/weltweite-dienstleistung\/\" \/>\n<meta property=\"og:site_name\" content=\"ATS Corporation\" \/>\n<meta property=\"article:modified_time\" content=\"2023-08-11T12:51:40+00:00\" \/>\n<meta property=\"og:image\" content=\"https:\/\/vipgo.atsautomation.com\/atsautomation\/wp-content\/uploads\/sites\/9\/2020\/06\/Customer-support.png\" \/>\n\t<meta property=\"og:image:width\" content=\"1500\" \/>\n\t<meta property=\"og:image:height\" content=\"500\" \/>\n\t<meta property=\"og:image:type\" content=\"image\/png\" \/>\n<meta name=\"twitter:card\" content=\"summary_large_image\" \/>\n<meta name=\"twitter:label1\" content=\"Gesch\u00e4tzte Lesezeit\" \/>\n\t<meta name=\"twitter:data1\" content=\"2 Minuten\" \/>\n<script type=\"application\/ld+json\" class=\"yoast-schema-graph\">{\"@context\":\"https:\/\/schema.org\",\"@graph\":[{\"@type\":\"WebPage\",\"@id\":\"https:\/\/vipgo.atsautomation.com\/atsautomation\/de\/weltweite-dienstleistung\/\",\"url\":\"https:\/\/vipgo.atsautomation.com\/atsautomation\/de\/weltweite-dienstleistung\/\",\"name\":\"Global Service | Global Industrial Automation Services | ATS Automation\",\"isPartOf\":{\"@id\":\"https:\/\/vipgo.atsautomation.com\/atsautomation\/de\/#website\"},\"primaryImageOfPage\":{\"@id\":\"https:\/\/vipgo.atsautomation.com\/atsautomation\/de\/weltweite-dienstleistung\/#primaryimage\"},\"image\":{\"@id\":\"https:\/\/vipgo.atsautomation.com\/atsautomation\/de\/weltweite-dienstleistung\/#primaryimage\"},\"thumbnailUrl\":\"https:\/\/vipgo.atsautomation.com\/atsautomation\/wp-content\/uploads\/sites\/9\/2020\/06\/Customer-support.png\",\"datePublished\":\"2020-07-15T13:09:39+00:00\",\"dateModified\":\"2023-08-11T12:51:40+00:00\",\"description\":\"Get in touch for ATS Automation's global industrial automation services. Find the contact information for the ATS location closest to you to request service.\",\"breadcrumb\":{\"@id\":\"https:\/\/vipgo.atsautomation.com\/atsautomation\/de\/weltweite-dienstleistung\/#breadcrumb\"},\"inLanguage\":\"de-DE\",\"potentialAction\":[{\"@type\":\"ReadAction\",\"target\":[\"https:\/\/vipgo.atsautomation.com\/atsautomation\/de\/weltweite-dienstleistung\/\"]}]},{\"@type\":\"ImageObject\",\"inLanguage\":\"de-DE\",\"@id\":\"https:\/\/vipgo.atsautomation.com\/atsautomation\/de\/weltweite-dienstleistung\/#primaryimage\",\"url\":\"https:\/\/vipgo.atsautomation.com\/atsautomation\/wp-content\/uploads\/sites\/9\/2020\/06\/Customer-support.png\",\"contentUrl\":\"https:\/\/vipgo.atsautomation.com\/atsautomation\/wp-content\/uploads\/sites\/9\/2020\/06\/Customer-support.png\",\"width\":1500,\"height\":500},{\"@type\":\"BreadcrumbList\",\"@id\":\"https:\/\/vipgo.atsautomation.com\/atsautomation\/de\/weltweite-dienstleistung\/#breadcrumb\",\"itemListElement\":[{\"@type\":\"ListItem\",\"position\":1,\"name\":\"Home\",\"item\":\"https:\/\/vipgo.atsautomation.com\/atsautomation\/de\/\"},{\"@type\":\"ListItem\",\"position\":2,\"name\":\"Weltweite Dienstleistung\"}]},{\"@type\":\"WebSite\",\"@id\":\"https:\/\/vipgo.atsautomation.com\/atsautomation\/de\/#website\",\"url\":\"https:\/\/vipgo.atsautomation.com\/atsautomation\/de\/\",\"name\":\"ATS Corporation\",\"description\":\"Just another vipgo.atsautomation.com site\",\"publisher\":{\"@id\":\"https:\/\/vipgo.atsautomation.com\/atsautomation\/de\/#organization\"},\"potentialAction\":[{\"@type\":\"SearchAction\",\"target\":{\"@type\":\"EntryPoint\",\"urlTemplate\":\"https:\/\/vipgo.atsautomation.com\/atsautomation\/de\/?s={search_term_string}\"},\"query-input\":{\"@type\":\"PropertyValueSpecification\",\"valueRequired\":true,\"valueName\":\"search_term_string\"}}],\"inLanguage\":\"de-DE\"},{\"@type\":\"Organization\",\"@id\":\"https:\/\/vipgo.atsautomation.com\/atsautomation\/de\/#organization\",\"name\":\"ATS Corporation\",\"url\":\"https:\/\/vipgo.atsautomation.com\/atsautomation\/de\/\",\"logo\":{\"@type\":\"ImageObject\",\"inLanguage\":\"de-DE\",\"@id\":\"https:\/\/vipgo.atsautomation.com\/atsautomation\/de\/#\/schema\/logo\/image\/\",\"url\":\"https:\/\/atsautomation.com\/wp-content\/uploads\/sites\/9\/2022\/11\/ATS-logo-colour-RGB_TM.png\",\"contentUrl\":\"https:\/\/atsautomation.com\/wp-content\/uploads\/sites\/9\/2022\/11\/ATS-logo-colour-RGB_TM.png\",\"width\":1880,\"height\":371,\"caption\":\"ATS Corporation\"},\"image\":{\"@id\":\"https:\/\/vipgo.atsautomation.com\/atsautomation\/de\/#\/schema\/logo\/image\/\"}}]}<\/script>\n<!-- \/ Yoast SEO Premium plugin. -->","yoast_head_json":{"title":"Global Service | Global Industrial Automation Services | ATS Automation","description":"Get in touch for ATS Automation's global industrial automation services. Find the contact information for the ATS location closest to you to request service.","robots":{"index":"index","follow":"follow","max-snippet":"max-snippet:-1","max-image-preview":"max-image-preview:large","max-video-preview":"max-video-preview:-1"},"canonical":"https:\/\/vipgo.atsautomation.com\/atsautomation\/de\/weltweite-dienstleistung\/","og_locale":"de_DE","og_type":"article","og_title":"Weltweite Dienstleistung","og_description":"Get in touch for ATS Automation's global industrial automation services. Find the contact information for the ATS location closest to you to request service.","og_url":"https:\/\/vipgo.atsautomation.com\/atsautomation\/de\/weltweite-dienstleistung\/","og_site_name":"ATS Corporation","article_modified_time":"2023-08-11T12:51:40+00:00","og_image":[{"width":1500,"height":500,"url":"https:\/\/vipgo.atsautomation.com\/atsautomation\/wp-content\/uploads\/sites\/9\/2020\/06\/Customer-support.png","type":"image\/png"}],"twitter_card":"summary_large_image","twitter_misc":{"Gesch\u00e4tzte Lesezeit":"2 Minuten"},"schema":{"@context":"https:\/\/schema.org","@graph":[{"@type":"WebPage","@id":"https:\/\/vipgo.atsautomation.com\/atsautomation\/de\/weltweite-dienstleistung\/","url":"https:\/\/vipgo.atsautomation.com\/atsautomation\/de\/weltweite-dienstleistung\/","name":"Global Service | Global Industrial Automation Services | ATS Automation","isPartOf":{"@id":"https:\/\/vipgo.atsautomation.com\/atsautomation\/de\/#website"},"primaryImageOfPage":{"@id":"https:\/\/vipgo.atsautomation.com\/atsautomation\/de\/weltweite-dienstleistung\/#primaryimage"},"image":{"@id":"https:\/\/vipgo.atsautomation.com\/atsautomation\/de\/weltweite-dienstleistung\/#primaryimage"},"thumbnailUrl":"https:\/\/vipgo.atsautomation.com\/atsautomation\/wp-content\/uploads\/sites\/9\/2020\/06\/Customer-support.png","datePublished":"2020-07-15T13:09:39+00:00","dateModified":"2023-08-11T12:51:40+00:00","description":"Get in touch for ATS Automation's global industrial automation services. Find the contact information for the ATS location closest to you to request service.","breadcrumb":{"@id":"https:\/\/vipgo.atsautomation.com\/atsautomation\/de\/weltweite-dienstleistung\/#breadcrumb"},"inLanguage":"de-DE","potentialAction":[{"@type":"ReadAction","target":["https:\/\/vipgo.atsautomation.com\/atsautomation\/de\/weltweite-dienstleistung\/"]}]},{"@type":"ImageObject","inLanguage":"de-DE","@id":"https:\/\/vipgo.atsautomation.com\/atsautomation\/de\/weltweite-dienstleistung\/#primaryimage","url":"https:\/\/vipgo.atsautomation.com\/atsautomation\/wp-content\/uploads\/sites\/9\/2020\/06\/Customer-support.png","contentUrl":"https:\/\/vipgo.atsautomation.com\/atsautomation\/wp-content\/uploads\/sites\/9\/2020\/06\/Customer-support.png","width":1500,"height":500},{"@type":"BreadcrumbList","@id":"https:\/\/vipgo.atsautomation.com\/atsautomation\/de\/weltweite-dienstleistung\/#breadcrumb","itemListElement":[{"@type":"ListItem","position":1,"name":"Home","item":"https:\/\/vipgo.atsautomation.com\/atsautomation\/de\/"},{"@type":"ListItem","position":2,"name":"Weltweite Dienstleistung"}]},{"@type":"WebSite","@id":"https:\/\/vipgo.atsautomation.com\/atsautomation\/de\/#website","url":"https:\/\/vipgo.atsautomation.com\/atsautomation\/de\/","name":"ATS Corporation","description":"Just another vipgo.atsautomation.com site","publisher":{"@id":"https:\/\/vipgo.atsautomation.com\/atsautomation\/de\/#organization"},"potentialAction":[{"@type":"SearchAction","target":{"@type":"EntryPoint","urlTemplate":"https:\/\/vipgo.atsautomation.com\/atsautomation\/de\/?s={search_term_string}"},"query-input":{"@type":"PropertyValueSpecification","valueRequired":true,"valueName":"search_term_string"}}],"inLanguage":"de-DE"},{"@type":"Organization","@id":"https:\/\/vipgo.atsautomation.com\/atsautomation\/de\/#organization","name":"ATS Corporation","url":"https:\/\/vipgo.atsautomation.com\/atsautomation\/de\/","logo":{"@type":"ImageObject","inLanguage":"de-DE","@id":"https:\/\/vipgo.atsautomation.com\/atsautomation\/de\/#\/schema\/logo\/image\/","url":"https:\/\/atsautomation.com\/wp-content\/uploads\/sites\/9\/2022\/11\/ATS-logo-colour-RGB_TM.png","contentUrl":"https:\/\/atsautomation.com\/wp-content\/uploads\/sites\/9\/2022\/11\/ATS-logo-colour-RGB_TM.png","width":1880,"height":371,"caption":"ATS Corporation"},"image":{"@id":"https:\/\/vipgo.atsautomation.com\/atsautomation\/de\/#\/schema\/logo\/image\/"}}]}},"acf":[],"jetpack_sharing_enabled":true,"_links":{"self":[{"href":"https:\/\/vipgo.atsautomation.com\/atsautomation\/de\/wp-json\/wp\/v2\/pages\/10162","targetHints":{"allow":["GET"]}}],"collection":[{"href":"https:\/\/vipgo.atsautomation.com\/atsautomation\/de\/wp-json\/wp\/v2\/pages"}],"about":[{"href":"https:\/\/vipgo.atsautomation.com\/atsautomation\/de\/wp-json\/wp\/v2\/types\/page"}],"author":[{"embeddable":true,"href":"https:\/\/vipgo.atsautomation.com\/atsautomation\/de\/wp-json\/wp\/v2\/users\/3"}],"replies":[{"embeddable":true,"href":"https:\/\/vipgo.atsautomation.com\/atsautomation\/de\/wp-json\/wp\/v2\/comments?post=10162"}],"version-history":[{"count":20,"href":"https:\/\/vipgo.atsautomation.com\/atsautomation\/de\/wp-json\/wp\/v2\/pages\/10162\/revisions"}],"predecessor-version":[{"id":36441,"href":"https:\/\/vipgo.atsautomation.com\/atsautomation\/de\/wp-json\/wp\/v2\/pages\/10162\/revisions\/36441"}],"wp:featuredmedia":[{"embeddable":true,"href":"https:\/\/vipgo.atsautomation.com\/atsautomation\/de\/wp-json\/wp\/v2\/media\/10171"}],"wp:attachment":[{"href":"https:\/\/vipgo.atsautomation.com\/atsautomation\/de\/wp-json\/wp\/v2\/media?parent=10162"}],"curies":[{"name":"wp","href":"https:\/\/api.w.org\/{rel}","templated":true}]}}