{"id":10428,"date":"2020-07-15T13:10:08","date_gmt":"2020-07-15T13:10:08","guid":{"rendered":"https:\/\/atsautomation.com\/inspektion-testen-und-visionsprufung\/"},"modified":"2021-05-19T20:32:42","modified_gmt":"2021-05-19T20:32:42","slug":"inspektion-testen-und-visionsprufung","status":"publish","type":"page","link":"https:\/\/vipgo.atsautomation.com\/atsautomation\/de\/inspektion-testen-und-visionsprufung\/","title":{"rendered":"Inspektion, Testen und Visionspr\u00fcfung"},"content":{"rendered":"<p>ATS verf\u00fcgt \u00fcber umfassende M\u00f6glichkeiten bei Versuchsinstrumentierung und kundenspezifischer Software. Vision-Anwendungen erm\u00f6glichen uns, genau die richtige L\u00f6sung f\u00fcr jedes Kundenprodukt und jeden Prozess zu entwerfen und bauen. Jede Phase der Systementwicklung und -fertigung wird intern von unserem Team bestehend aus Ingenieuren und Technikexperten ausgef\u00fchrt. Gemeinsam widmen sie sich der Entwicklung von Inspektions-, Test- und Vision-Automatisierungssystemen, die extrem robust sind. Das Ergebnis ist ein au\u00dfergew\u00f6hnlich hohes Ma\u00df an Zuverl\u00e4ssigkeit und Datenintegrit\u00e4t.<\/p>\n","protected":false},"excerpt":{"rendered":"<p>ATS verf\u00fcgt \u00fcber umfassende M\u00f6glichkeiten bei Versuchsinstrumentierung und kundenspezifischer Software. Vision-Anwendungen erm\u00f6glichen uns, genau die richtige L\u00f6sung f\u00fcr jedes Kundenprodukt und jeden Prozess zu entwerfen und bauen. Jede Phase der Systementwicklung und -fertigung wird intern von unserem Team bestehend aus Ingenieuren und Technikexperten ausgef\u00fchrt. Gemeinsam widmen sie sich der Entwicklung von Inspektions-, Test- und Vision-Automatisierungssystemen, die extrem robust sind. Das&#8230;<\/p>\n<div class=\"post-button\"><a href=\"https:\/\/vipgo.atsautomation.com\/atsautomation\/de\/inspektion-testen-und-visionsprufung\/\">Read More<\/a><\/div>\n","protected":false},"author":22,"featured_media":10429,"parent":0,"menu_order":0,"comment_status":"closed","ping_status":"closed","template":"page-templates\/landing-page.php","meta":{"_acf_changed":false,"footnotes":""},"class_list":["post-10428","page","type-page","status-publish","has-post-thumbnail","hentry"],"yoast_head":"<!-- This site is optimized with the Yoast SEO Premium plugin v26.8 (Yoast SEO v26.8) - https:\/\/yoast.com\/product\/yoast-seo-premium-wordpress\/ -->\n<title>Inspection, Testing &amp; Vision | Automation Test Systems | ATS Automation<\/title>\n<meta name=\"description\" content=\"ATS specializes in test systems, custom software &amp; vision systems that enable us to design &amp; build the right solution for each customer\u2019s product &amp; process.\" \/>\n<meta name=\"robots\" content=\"index, follow, max-snippet:-1, max-image-preview:large, max-video-preview:-1\" \/>\n<link rel=\"canonical\" href=\"https:\/\/vipgo.atsautomation.com\/atsautomation\/de\/inspektion-testen-und-visionsprufung\/\" \/>\n<meta property=\"og:locale\" content=\"de_DE\" \/>\n<meta property=\"og:type\" content=\"article\" \/>\n<meta property=\"og:title\" content=\"Inspektion, Testen und Visionspr\u00fcfung\" \/>\n<meta property=\"og:description\" content=\"ATS specializes in test systems, custom software &amp; vision systems that enable us to design &amp; build the right solution for each customer\u2019s product &amp; process.\" \/>\n<meta property=\"og:url\" content=\"https:\/\/vipgo.atsautomation.com\/atsautomation\/de\/inspektion-testen-und-visionsprufung\/\" \/>\n<meta property=\"og:site_name\" content=\"ATS Corporation\" \/>\n<meta property=\"article:modified_time\" content=\"2021-05-19T20:32:42+00:00\" \/>\n<meta property=\"og:image\" content=\"https:\/\/vipgo.atsautomation.com\/atsautomation\/wp-content\/uploads\/sites\/9\/2020\/06\/multiple-cameras-within-a-machine-1500-x-500.jpg\" \/>\n\t<meta property=\"og:image:width\" content=\"1500\" \/>\n\t<meta property=\"og:image:height\" content=\"500\" \/>\n\t<meta property=\"og:image:type\" content=\"image\/jpeg\" \/>\n<meta name=\"twitter:card\" content=\"summary_large_image\" \/>\n<script type=\"application\/ld+json\" class=\"yoast-schema-graph\">{\"@context\":\"https:\/\/schema.org\",\"@graph\":[{\"@type\":\"WebPage\",\"@id\":\"https:\/\/vipgo.atsautomation.com\/atsautomation\/de\/inspektion-testen-und-visionsprufung\/\",\"url\":\"https:\/\/vipgo.atsautomation.com\/atsautomation\/de\/inspektion-testen-und-visionsprufung\/\",\"name\":\"Inspection, Testing & Vision | Automation Test Systems | ATS Automation\",\"isPartOf\":{\"@id\":\"https:\/\/vipgo.atsautomation.com\/atsautomation\/de\/#website\"},\"primaryImageOfPage\":{\"@id\":\"https:\/\/vipgo.atsautomation.com\/atsautomation\/de\/inspektion-testen-und-visionsprufung\/#primaryimage\"},\"image\":{\"@id\":\"https:\/\/vipgo.atsautomation.com\/atsautomation\/de\/inspektion-testen-und-visionsprufung\/#primaryimage\"},\"thumbnailUrl\":\"https:\/\/vipgo.atsautomation.com\/atsautomation\/wp-content\/uploads\/sites\/9\/2020\/06\/multiple-cameras-within-a-machine-1500-x-500.jpg\",\"datePublished\":\"2020-07-15T13:10:08+00:00\",\"dateModified\":\"2021-05-19T20:32:42+00:00\",\"description\":\"ATS specializes in test systems, custom software & vision systems that enable us to design & build the right solution for each customer\u2019s product & process.\",\"breadcrumb\":{\"@id\":\"https:\/\/vipgo.atsautomation.com\/atsautomation\/de\/inspektion-testen-und-visionsprufung\/#breadcrumb\"},\"inLanguage\":\"de-DE\",\"potentialAction\":[{\"@type\":\"ReadAction\",\"target\":[\"https:\/\/vipgo.atsautomation.com\/atsautomation\/de\/inspektion-testen-und-visionsprufung\/\"]}]},{\"@type\":\"ImageObject\",\"inLanguage\":\"de-DE\",\"@id\":\"https:\/\/vipgo.atsautomation.com\/atsautomation\/de\/inspektion-testen-und-visionsprufung\/#primaryimage\",\"url\":\"https:\/\/vipgo.atsautomation.com\/atsautomation\/wp-content\/uploads\/sites\/9\/2020\/06\/multiple-cameras-within-a-machine-1500-x-500.jpg\",\"contentUrl\":\"https:\/\/vipgo.atsautomation.com\/atsautomation\/wp-content\/uploads\/sites\/9\/2020\/06\/multiple-cameras-within-a-machine-1500-x-500.jpg\",\"width\":1500,\"height\":500,\"caption\":\"Maschinenabbildung\"},{\"@type\":\"BreadcrumbList\",\"@id\":\"https:\/\/vipgo.atsautomation.com\/atsautomation\/de\/inspektion-testen-und-visionsprufung\/#breadcrumb\",\"itemListElement\":[{\"@type\":\"ListItem\",\"position\":1,\"name\":\"Home\",\"item\":\"https:\/\/vipgo.atsautomation.com\/atsautomation\/de\/\"},{\"@type\":\"ListItem\",\"position\":2,\"name\":\"Inspektion, Testen und Visionspr\u00fcfung\"}]},{\"@type\":\"WebSite\",\"@id\":\"https:\/\/vipgo.atsautomation.com\/atsautomation\/de\/#website\",\"url\":\"https:\/\/vipgo.atsautomation.com\/atsautomation\/de\/\",\"name\":\"ATS Corporation\",\"description\":\"Just another vipgo.atsautomation.com site\",\"publisher\":{\"@id\":\"https:\/\/vipgo.atsautomation.com\/atsautomation\/de\/#organization\"},\"potentialAction\":[{\"@type\":\"SearchAction\",\"target\":{\"@type\":\"EntryPoint\",\"urlTemplate\":\"https:\/\/vipgo.atsautomation.com\/atsautomation\/de\/?s={search_term_string}\"},\"query-input\":{\"@type\":\"PropertyValueSpecification\",\"valueRequired\":true,\"valueName\":\"search_term_string\"}}],\"inLanguage\":\"de-DE\"},{\"@type\":\"Organization\",\"@id\":\"https:\/\/vipgo.atsautomation.com\/atsautomation\/de\/#organization\",\"name\":\"ATS Corporation\",\"url\":\"https:\/\/vipgo.atsautomation.com\/atsautomation\/de\/\",\"logo\":{\"@type\":\"ImageObject\",\"inLanguage\":\"de-DE\",\"@id\":\"https:\/\/vipgo.atsautomation.com\/atsautomation\/de\/#\/schema\/logo\/image\/\",\"url\":\"https:\/\/atsautomation.com\/wp-content\/uploads\/sites\/9\/2022\/11\/ATS-logo-colour-RGB_TM.png\",\"contentUrl\":\"https:\/\/atsautomation.com\/wp-content\/uploads\/sites\/9\/2022\/11\/ATS-logo-colour-RGB_TM.png\",\"width\":1880,\"height\":371,\"caption\":\"ATS Corporation\"},\"image\":{\"@id\":\"https:\/\/vipgo.atsautomation.com\/atsautomation\/de\/#\/schema\/logo\/image\/\"}}]}<\/script>\n<!-- \/ Yoast SEO Premium plugin. -->","yoast_head_json":{"title":"Inspection, Testing & Vision | Automation Test Systems | ATS Automation","description":"ATS specializes in test systems, custom software & vision systems that enable us to design & build the right solution for each customer\u2019s product & process.","robots":{"index":"index","follow":"follow","max-snippet":"max-snippet:-1","max-image-preview":"max-image-preview:large","max-video-preview":"max-video-preview:-1"},"canonical":"https:\/\/vipgo.atsautomation.com\/atsautomation\/de\/inspektion-testen-und-visionsprufung\/","og_locale":"de_DE","og_type":"article","og_title":"Inspektion, Testen und Visionspr\u00fcfung","og_description":"ATS specializes in test systems, custom software & vision systems that enable us to design & build the right solution for each customer\u2019s product & process.","og_url":"https:\/\/vipgo.atsautomation.com\/atsautomation\/de\/inspektion-testen-und-visionsprufung\/","og_site_name":"ATS Corporation","article_modified_time":"2021-05-19T20:32:42+00:00","og_image":[{"width":1500,"height":500,"url":"https:\/\/vipgo.atsautomation.com\/atsautomation\/wp-content\/uploads\/sites\/9\/2020\/06\/multiple-cameras-within-a-machine-1500-x-500.jpg","type":"image\/jpeg"}],"twitter_card":"summary_large_image","schema":{"@context":"https:\/\/schema.org","@graph":[{"@type":"WebPage","@id":"https:\/\/vipgo.atsautomation.com\/atsautomation\/de\/inspektion-testen-und-visionsprufung\/","url":"https:\/\/vipgo.atsautomation.com\/atsautomation\/de\/inspektion-testen-und-visionsprufung\/","name":"Inspection, Testing & Vision | Automation Test Systems | ATS Automation","isPartOf":{"@id":"https:\/\/vipgo.atsautomation.com\/atsautomation\/de\/#website"},"primaryImageOfPage":{"@id":"https:\/\/vipgo.atsautomation.com\/atsautomation\/de\/inspektion-testen-und-visionsprufung\/#primaryimage"},"image":{"@id":"https:\/\/vipgo.atsautomation.com\/atsautomation\/de\/inspektion-testen-und-visionsprufung\/#primaryimage"},"thumbnailUrl":"https:\/\/vipgo.atsautomation.com\/atsautomation\/wp-content\/uploads\/sites\/9\/2020\/06\/multiple-cameras-within-a-machine-1500-x-500.jpg","datePublished":"2020-07-15T13:10:08+00:00","dateModified":"2021-05-19T20:32:42+00:00","description":"ATS specializes in test systems, custom software & vision systems that enable us to design & build the right solution for each customer\u2019s product & process.","breadcrumb":{"@id":"https:\/\/vipgo.atsautomation.com\/atsautomation\/de\/inspektion-testen-und-visionsprufung\/#breadcrumb"},"inLanguage":"de-DE","potentialAction":[{"@type":"ReadAction","target":["https:\/\/vipgo.atsautomation.com\/atsautomation\/de\/inspektion-testen-und-visionsprufung\/"]}]},{"@type":"ImageObject","inLanguage":"de-DE","@id":"https:\/\/vipgo.atsautomation.com\/atsautomation\/de\/inspektion-testen-und-visionsprufung\/#primaryimage","url":"https:\/\/vipgo.atsautomation.com\/atsautomation\/wp-content\/uploads\/sites\/9\/2020\/06\/multiple-cameras-within-a-machine-1500-x-500.jpg","contentUrl":"https:\/\/vipgo.atsautomation.com\/atsautomation\/wp-content\/uploads\/sites\/9\/2020\/06\/multiple-cameras-within-a-machine-1500-x-500.jpg","width":1500,"height":500,"caption":"Maschinenabbildung"},{"@type":"BreadcrumbList","@id":"https:\/\/vipgo.atsautomation.com\/atsautomation\/de\/inspektion-testen-und-visionsprufung\/#breadcrumb","itemListElement":[{"@type":"ListItem","position":1,"name":"Home","item":"https:\/\/vipgo.atsautomation.com\/atsautomation\/de\/"},{"@type":"ListItem","position":2,"name":"Inspektion, Testen und Visionspr\u00fcfung"}]},{"@type":"WebSite","@id":"https:\/\/vipgo.atsautomation.com\/atsautomation\/de\/#website","url":"https:\/\/vipgo.atsautomation.com\/atsautomation\/de\/","name":"ATS Corporation","description":"Just another vipgo.atsautomation.com site","publisher":{"@id":"https:\/\/vipgo.atsautomation.com\/atsautomation\/de\/#organization"},"potentialAction":[{"@type":"SearchAction","target":{"@type":"EntryPoint","urlTemplate":"https:\/\/vipgo.atsautomation.com\/atsautomation\/de\/?s={search_term_string}"},"query-input":{"@type":"PropertyValueSpecification","valueRequired":true,"valueName":"search_term_string"}}],"inLanguage":"de-DE"},{"@type":"Organization","@id":"https:\/\/vipgo.atsautomation.com\/atsautomation\/de\/#organization","name":"ATS Corporation","url":"https:\/\/vipgo.atsautomation.com\/atsautomation\/de\/","logo":{"@type":"ImageObject","inLanguage":"de-DE","@id":"https:\/\/vipgo.atsautomation.com\/atsautomation\/de\/#\/schema\/logo\/image\/","url":"https:\/\/atsautomation.com\/wp-content\/uploads\/sites\/9\/2022\/11\/ATS-logo-colour-RGB_TM.png","contentUrl":"https:\/\/atsautomation.com\/wp-content\/uploads\/sites\/9\/2022\/11\/ATS-logo-colour-RGB_TM.png","width":1880,"height":371,"caption":"ATS Corporation"},"image":{"@id":"https:\/\/vipgo.atsautomation.com\/atsautomation\/de\/#\/schema\/logo\/image\/"}}]}},"acf":[],"jetpack_sharing_enabled":true,"_links":{"self":[{"href":"https:\/\/vipgo.atsautomation.com\/atsautomation\/de\/wp-json\/wp\/v2\/pages\/10428","targetHints":{"allow":["GET"]}}],"collection":[{"href":"https:\/\/vipgo.atsautomation.com\/atsautomation\/de\/wp-json\/wp\/v2\/pages"}],"about":[{"href":"https:\/\/vipgo.atsautomation.com\/atsautomation\/de\/wp-json\/wp\/v2\/types\/page"}],"author":[{"embeddable":true,"href":"https:\/\/vipgo.atsautomation.com\/atsautomation\/de\/wp-json\/wp\/v2\/users\/22"}],"replies":[{"embeddable":true,"href":"https:\/\/vipgo.atsautomation.com\/atsautomation\/de\/wp-json\/wp\/v2\/comments?post=10428"}],"version-history":[{"count":6,"href":"https:\/\/vipgo.atsautomation.com\/atsautomation\/de\/wp-json\/wp\/v2\/pages\/10428\/revisions"}],"predecessor-version":[{"id":29960,"href":"https:\/\/vipgo.atsautomation.com\/atsautomation\/de\/wp-json\/wp\/v2\/pages\/10428\/revisions\/29960"}],"wp:featuredmedia":[{"embeddable":true,"href":"https:\/\/vipgo.atsautomation.com\/atsautomation\/de\/wp-json\/wp\/v2\/media\/10429"}],"wp:attachment":[{"href":"https:\/\/vipgo.atsautomation.com\/atsautomation\/de\/wp-json\/wp\/v2\/media?parent=10428"}],"curies":[{"name":"wp","href":"https:\/\/api.w.org\/{rel}","templated":true}]}}