{"id":10454,"date":"2020-07-15T13:10:09","date_gmt":"2020-07-15T13:10:09","guid":{"rendered":"https:\/\/atsautomation.com\/vision-losungen\/"},"modified":"2023-01-31T20:05:07","modified_gmt":"2023-01-31T20:05:07","slug":"vision-losungen","status":"publish","type":"page","link":"https:\/\/vipgo.atsautomation.com\/atsautomation\/de\/vision-losungen\/","title":{"rendered":"Vision-L\u00f6sungen"},"content":{"rendered":"<p>Moderne Vision-L\u00f6sungen erm\u00f6glichen Herstellern, verbesserte Prozesse umzusetzen und die Produktqualit\u00e4t und Systemleistung zu verbessern. Mit verschiedenen Techniken, Ger\u00e4tschaften und Algorithmen nutzt ATS die vielf\u00e4ltigen Einsatzm\u00f6glichkeiten im Bereich Vision-Systeme, um das Potenzial der Systeme zu erweitern. Unsere Vision-Mitarbeiter sind bestrebt, die beste L\u00f6sung f\u00fcr Ihre spezifischen Bed\u00fcrfnisse zu finden. Unabh\u00e4ngig davon, ob die Vision-Systeme zur F\u00fchrung eines Roboters, zur Best\u00e4tigung eines erfolgreichen Prozesses oder zur Qualit\u00e4ts\u00fcberpr\u00fcfung einer Komponente vor oder nach Abschluss einer Aktion eingesetzt werden, k\u00f6nnen Sie sicher sein, dass Ihr System f\u00fcr die Verwendung der am besten geeigneten Beleuchtung, Optiken, Kameras und Software konzipiert wurde.<\/p>\n","protected":false},"excerpt":{"rendered":"<p>Moderne Vision-L\u00f6sungen erm\u00f6glichen Herstellern, verbesserte Prozesse umzusetzen und die Produktqualit\u00e4t und Systemleistung zu verbessern. Mit verschiedenen Techniken, Ger\u00e4tschaften und Algorithmen nutzt ATS die vielf\u00e4ltigen Einsatzm\u00f6glichkeiten im Bereich Vision-Systeme, um das Potenzial der Systeme zu erweitern. Unsere Vision-Mitarbeiter sind bestrebt, die beste L\u00f6sung f\u00fcr Ihre spezifischen Bed\u00fcrfnisse zu finden. Unabh\u00e4ngig davon, ob die Vision-Systeme zur F\u00fchrung eines Roboters, zur Best\u00e4tigung eines&#8230;<\/p>\n<div class=\"post-button\"><a href=\"https:\/\/vipgo.atsautomation.com\/atsautomation\/de\/vision-losungen\/\">Read More<\/a><\/div>\n","protected":false},"author":22,"featured_media":13082,"parent":0,"menu_order":0,"comment_status":"closed","ping_status":"closed","template":"page-templates\/content-page.php","meta":{"_acf_changed":false,"footnotes":""},"class_list":["post-10454","page","type-page","status-publish","has-post-thumbnail","hentry"],"yoast_head":"<!-- This site is optimized with the Yoast SEO Premium plugin v26.8 (Yoast SEO v26.8) - https:\/\/yoast.com\/product\/yoast-seo-premium-wordpress\/ -->\n<title>Vision-L\u00f6sungen sorgen f\u00fcr eine Verbesserung der Produktqualit\u00e4t und der Systemleistung<\/title>\n<meta name=\"description\" content=\"Unsere Vision-L\u00f6sungen verbessern die Systemleistung durch Auswahl der am besten geeigneten Beleuchtung, Linsen, Kameras und Software.\" \/>\n<meta name=\"robots\" content=\"index, follow, max-snippet:-1, max-image-preview:large, max-video-preview:-1\" \/>\n<link rel=\"canonical\" href=\"https:\/\/vipgo.atsautomation.com\/atsautomation\/de\/vision-losungen\/\" \/>\n<meta property=\"og:locale\" content=\"de_DE\" \/>\n<meta property=\"og:type\" content=\"article\" \/>\n<meta property=\"og:title\" content=\"Vision-L\u00f6sungen\" \/>\n<meta property=\"og:description\" content=\"Unsere Vision-L\u00f6sungen verbessern die Systemleistung durch Auswahl der am besten geeigneten Beleuchtung, Linsen, Kameras und Software.\" \/>\n<meta property=\"og:url\" content=\"https:\/\/vipgo.atsautomation.com\/atsautomation\/de\/vision-losungen\/\" \/>\n<meta property=\"og:site_name\" content=\"ATS Corporation\" \/>\n<meta property=\"article:modified_time\" content=\"2023-01-31T20:05:07+00:00\" \/>\n<meta property=\"og:image\" content=\"https:\/\/vipgo.atsautomation.com\/atsautomation\/wp-content\/uploads\/sites\/9\/2020\/06\/machine-vision-solutions.png\" \/>\n\t<meta property=\"og:image:width\" content=\"1500\" \/>\n\t<meta property=\"og:image:height\" content=\"500\" \/>\n\t<meta property=\"og:image:type\" content=\"image\/png\" \/>\n<meta name=\"twitter:card\" content=\"summary_large_image\" \/>\n<meta name=\"twitter:label1\" content=\"Gesch\u00e4tzte Lesezeit\" \/>\n\t<meta name=\"twitter:data1\" content=\"1 Minute\" \/>\n<script type=\"application\/ld+json\" class=\"yoast-schema-graph\">{\"@context\":\"https:\/\/schema.org\",\"@graph\":[{\"@type\":\"WebPage\",\"@id\":\"https:\/\/vipgo.atsautomation.com\/atsautomation\/de\/vision-losungen\/\",\"url\":\"https:\/\/vipgo.atsautomation.com\/atsautomation\/de\/vision-losungen\/\",\"name\":\"Vision-L\u00f6sungen sorgen f\u00fcr eine Verbesserung der Produktqualit\u00e4t und der Systemleistung\",\"isPartOf\":{\"@id\":\"https:\/\/vipgo.atsautomation.com\/atsautomation\/de\/#website\"},\"primaryImageOfPage\":{\"@id\":\"https:\/\/vipgo.atsautomation.com\/atsautomation\/de\/vision-losungen\/#primaryimage\"},\"image\":{\"@id\":\"https:\/\/vipgo.atsautomation.com\/atsautomation\/de\/vision-losungen\/#primaryimage\"},\"thumbnailUrl\":\"https:\/\/vipgo.atsautomation.com\/atsautomation\/wp-content\/uploads\/sites\/9\/2020\/06\/machine-vision-solutions.png\",\"datePublished\":\"2020-07-15T13:10:09+00:00\",\"dateModified\":\"2023-01-31T20:05:07+00:00\",\"description\":\"Unsere Vision-L\u00f6sungen verbessern die Systemleistung durch Auswahl der am besten geeigneten Beleuchtung, Linsen, Kameras und Software.\",\"breadcrumb\":{\"@id\":\"https:\/\/vipgo.atsautomation.com\/atsautomation\/de\/vision-losungen\/#breadcrumb\"},\"inLanguage\":\"de-DE\",\"potentialAction\":[{\"@type\":\"ReadAction\",\"target\":[\"https:\/\/vipgo.atsautomation.com\/atsautomation\/de\/vision-losungen\/\"]}]},{\"@type\":\"ImageObject\",\"inLanguage\":\"de-DE\",\"@id\":\"https:\/\/vipgo.atsautomation.com\/atsautomation\/de\/vision-losungen\/#primaryimage\",\"url\":\"https:\/\/vipgo.atsautomation.com\/atsautomation\/wp-content\/uploads\/sites\/9\/2020\/06\/machine-vision-solutions.png\",\"contentUrl\":\"https:\/\/vipgo.atsautomation.com\/atsautomation\/wp-content\/uploads\/sites\/9\/2020\/06\/machine-vision-solutions.png\",\"width\":1500,\"height\":500},{\"@type\":\"BreadcrumbList\",\"@id\":\"https:\/\/vipgo.atsautomation.com\/atsautomation\/de\/vision-losungen\/#breadcrumb\",\"itemListElement\":[{\"@type\":\"ListItem\",\"position\":1,\"name\":\"Home\",\"item\":\"https:\/\/vipgo.atsautomation.com\/atsautomation\/de\/\"},{\"@type\":\"ListItem\",\"position\":2,\"name\":\"Vision-L\u00f6sungen\"}]},{\"@type\":\"WebSite\",\"@id\":\"https:\/\/vipgo.atsautomation.com\/atsautomation\/de\/#website\",\"url\":\"https:\/\/vipgo.atsautomation.com\/atsautomation\/de\/\",\"name\":\"ATS Corporation\",\"description\":\"Just another vipgo.atsautomation.com site\",\"publisher\":{\"@id\":\"https:\/\/vipgo.atsautomation.com\/atsautomation\/de\/#organization\"},\"potentialAction\":[{\"@type\":\"SearchAction\",\"target\":{\"@type\":\"EntryPoint\",\"urlTemplate\":\"https:\/\/vipgo.atsautomation.com\/atsautomation\/de\/?s={search_term_string}\"},\"query-input\":{\"@type\":\"PropertyValueSpecification\",\"valueRequired\":true,\"valueName\":\"search_term_string\"}}],\"inLanguage\":\"de-DE\"},{\"@type\":\"Organization\",\"@id\":\"https:\/\/vipgo.atsautomation.com\/atsautomation\/de\/#organization\",\"name\":\"ATS Corporation\",\"url\":\"https:\/\/vipgo.atsautomation.com\/atsautomation\/de\/\",\"logo\":{\"@type\":\"ImageObject\",\"inLanguage\":\"de-DE\",\"@id\":\"https:\/\/vipgo.atsautomation.com\/atsautomation\/de\/#\/schema\/logo\/image\/\",\"url\":\"https:\/\/atsautomation.com\/wp-content\/uploads\/sites\/9\/2022\/11\/ATS-logo-colour-RGB_TM.png\",\"contentUrl\":\"https:\/\/atsautomation.com\/wp-content\/uploads\/sites\/9\/2022\/11\/ATS-logo-colour-RGB_TM.png\",\"width\":1880,\"height\":371,\"caption\":\"ATS Corporation\"},\"image\":{\"@id\":\"https:\/\/vipgo.atsautomation.com\/atsautomation\/de\/#\/schema\/logo\/image\/\"}}]}<\/script>\n<!-- \/ Yoast SEO Premium plugin. -->","yoast_head_json":{"title":"Vision-L\u00f6sungen sorgen f\u00fcr eine Verbesserung der Produktqualit\u00e4t und der Systemleistung","description":"Unsere Vision-L\u00f6sungen verbessern die Systemleistung durch Auswahl der am besten geeigneten Beleuchtung, Linsen, Kameras und Software.","robots":{"index":"index","follow":"follow","max-snippet":"max-snippet:-1","max-image-preview":"max-image-preview:large","max-video-preview":"max-video-preview:-1"},"canonical":"https:\/\/vipgo.atsautomation.com\/atsautomation\/de\/vision-losungen\/","og_locale":"de_DE","og_type":"article","og_title":"Vision-L\u00f6sungen","og_description":"Unsere Vision-L\u00f6sungen verbessern die Systemleistung durch Auswahl der am besten geeigneten Beleuchtung, Linsen, Kameras und Software.","og_url":"https:\/\/vipgo.atsautomation.com\/atsautomation\/de\/vision-losungen\/","og_site_name":"ATS Corporation","article_modified_time":"2023-01-31T20:05:07+00:00","og_image":[{"width":1500,"height":500,"url":"https:\/\/vipgo.atsautomation.com\/atsautomation\/wp-content\/uploads\/sites\/9\/2020\/06\/machine-vision-solutions.png","type":"image\/png"}],"twitter_card":"summary_large_image","twitter_misc":{"Gesch\u00e4tzte Lesezeit":"1 Minute"},"schema":{"@context":"https:\/\/schema.org","@graph":[{"@type":"WebPage","@id":"https:\/\/vipgo.atsautomation.com\/atsautomation\/de\/vision-losungen\/","url":"https:\/\/vipgo.atsautomation.com\/atsautomation\/de\/vision-losungen\/","name":"Vision-L\u00f6sungen sorgen f\u00fcr eine Verbesserung der Produktqualit\u00e4t und der Systemleistung","isPartOf":{"@id":"https:\/\/vipgo.atsautomation.com\/atsautomation\/de\/#website"},"primaryImageOfPage":{"@id":"https:\/\/vipgo.atsautomation.com\/atsautomation\/de\/vision-losungen\/#primaryimage"},"image":{"@id":"https:\/\/vipgo.atsautomation.com\/atsautomation\/de\/vision-losungen\/#primaryimage"},"thumbnailUrl":"https:\/\/vipgo.atsautomation.com\/atsautomation\/wp-content\/uploads\/sites\/9\/2020\/06\/machine-vision-solutions.png","datePublished":"2020-07-15T13:10:09+00:00","dateModified":"2023-01-31T20:05:07+00:00","description":"Unsere Vision-L\u00f6sungen verbessern die Systemleistung durch Auswahl der am besten geeigneten Beleuchtung, Linsen, Kameras und Software.","breadcrumb":{"@id":"https:\/\/vipgo.atsautomation.com\/atsautomation\/de\/vision-losungen\/#breadcrumb"},"inLanguage":"de-DE","potentialAction":[{"@type":"ReadAction","target":["https:\/\/vipgo.atsautomation.com\/atsautomation\/de\/vision-losungen\/"]}]},{"@type":"ImageObject","inLanguage":"de-DE","@id":"https:\/\/vipgo.atsautomation.com\/atsautomation\/de\/vision-losungen\/#primaryimage","url":"https:\/\/vipgo.atsautomation.com\/atsautomation\/wp-content\/uploads\/sites\/9\/2020\/06\/machine-vision-solutions.png","contentUrl":"https:\/\/vipgo.atsautomation.com\/atsautomation\/wp-content\/uploads\/sites\/9\/2020\/06\/machine-vision-solutions.png","width":1500,"height":500},{"@type":"BreadcrumbList","@id":"https:\/\/vipgo.atsautomation.com\/atsautomation\/de\/vision-losungen\/#breadcrumb","itemListElement":[{"@type":"ListItem","position":1,"name":"Home","item":"https:\/\/vipgo.atsautomation.com\/atsautomation\/de\/"},{"@type":"ListItem","position":2,"name":"Vision-L\u00f6sungen"}]},{"@type":"WebSite","@id":"https:\/\/vipgo.atsautomation.com\/atsautomation\/de\/#website","url":"https:\/\/vipgo.atsautomation.com\/atsautomation\/de\/","name":"ATS Corporation","description":"Just another vipgo.atsautomation.com site","publisher":{"@id":"https:\/\/vipgo.atsautomation.com\/atsautomation\/de\/#organization"},"potentialAction":[{"@type":"SearchAction","target":{"@type":"EntryPoint","urlTemplate":"https:\/\/vipgo.atsautomation.com\/atsautomation\/de\/?s={search_term_string}"},"query-input":{"@type":"PropertyValueSpecification","valueRequired":true,"valueName":"search_term_string"}}],"inLanguage":"de-DE"},{"@type":"Organization","@id":"https:\/\/vipgo.atsautomation.com\/atsautomation\/de\/#organization","name":"ATS Corporation","url":"https:\/\/vipgo.atsautomation.com\/atsautomation\/de\/","logo":{"@type":"ImageObject","inLanguage":"de-DE","@id":"https:\/\/vipgo.atsautomation.com\/atsautomation\/de\/#\/schema\/logo\/image\/","url":"https:\/\/atsautomation.com\/wp-content\/uploads\/sites\/9\/2022\/11\/ATS-logo-colour-RGB_TM.png","contentUrl":"https:\/\/atsautomation.com\/wp-content\/uploads\/sites\/9\/2022\/11\/ATS-logo-colour-RGB_TM.png","width":1880,"height":371,"caption":"ATS Corporation"},"image":{"@id":"https:\/\/vipgo.atsautomation.com\/atsautomation\/de\/#\/schema\/logo\/image\/"}}]}},"acf":[],"jetpack_sharing_enabled":true,"_links":{"self":[{"href":"https:\/\/vipgo.atsautomation.com\/atsautomation\/de\/wp-json\/wp\/v2\/pages\/10454","targetHints":{"allow":["GET"]}}],"collection":[{"href":"https:\/\/vipgo.atsautomation.com\/atsautomation\/de\/wp-json\/wp\/v2\/pages"}],"about":[{"href":"https:\/\/vipgo.atsautomation.com\/atsautomation\/de\/wp-json\/wp\/v2\/types\/page"}],"author":[{"embeddable":true,"href":"https:\/\/vipgo.atsautomation.com\/atsautomation\/de\/wp-json\/wp\/v2\/users\/22"}],"replies":[{"embeddable":true,"href":"https:\/\/vipgo.atsautomation.com\/atsautomation\/de\/wp-json\/wp\/v2\/comments?post=10454"}],"version-history":[{"count":2,"href":"https:\/\/vipgo.atsautomation.com\/atsautomation\/de\/wp-json\/wp\/v2\/pages\/10454\/revisions"}],"predecessor-version":[{"id":35445,"href":"https:\/\/vipgo.atsautomation.com\/atsautomation\/de\/wp-json\/wp\/v2\/pages\/10454\/revisions\/35445"}],"wp:featuredmedia":[{"embeddable":true,"href":"https:\/\/vipgo.atsautomation.com\/atsautomation\/de\/wp-json\/wp\/v2\/media\/13082"}],"wp:attachment":[{"href":"https:\/\/vipgo.atsautomation.com\/atsautomation\/de\/wp-json\/wp\/v2\/media?parent=10454"}],"curies":[{"name":"wp","href":"https:\/\/api.w.org\/{rel}","templated":true}]}}