{"id":10525,"date":"2020-07-15T13:10:13","date_gmt":"2020-07-15T13:10:13","guid":{"rendered":"https:\/\/atsautomation.com\/innovative-losungen\/"},"modified":"2020-07-30T21:54:44","modified_gmt":"2020-07-30T21:54:44","slug":"innovative-losungen","status":"publish","type":"page","link":"https:\/\/vipgo.atsautomation.com\/atsautomation\/de\/innovative-losungen\/","title":{"rendered":"Innovative L\u00f6sungen"},"content":{"rendered":"<p>\u201eInnovation beginnt mit der genauen Kenntnis des Kunden.\u201c \u2013 Jeremy Gutsche. ATS kann auf eine umfassende Geschichte als weltweit f\u00fchrendes Unternehmen zur\u00fcckblicken, das kundenorientierte Technologien und innovative Automatisierungsl\u00f6sungen in verschiedenen Sektoren entwickelt und herstellt. Unser Erfolg h\u00e4ngt von unserer F\u00e4higkeit ab, Mehrwert f\u00fcr unsere Kunden zu schaffen, indem wir bisher unl\u00f6sbare Probleme l\u00f6sen, Komplexit\u00e4t und Kosten reduzieren, Entwicklungszyklen verk\u00fcrzen, die Produktionseffizienz verbessern und \u00c4nderungen vereinfachen.<\/p>\n","protected":false},"excerpt":{"rendered":"<p>\u201eInnovation beginnt mit der genauen Kenntnis des Kunden.\u201c \u2013 Jeremy Gutsche. ATS kann auf eine umfassende Geschichte als weltweit f\u00fchrendes Unternehmen zur\u00fcckblicken, das kundenorientierte Technologien und innovative Automatisierungsl\u00f6sungen in verschiedenen Sektoren entwickelt und herstellt. Unser Erfolg h\u00e4ngt von unserer F\u00e4higkeit ab, Mehrwert f\u00fcr unsere Kunden zu schaffen, indem wir bisher unl\u00f6sbare Probleme l\u00f6sen, Komplexit\u00e4t und Kosten reduzieren, Entwicklungszyklen verk\u00fcrzen, die&#8230;<\/p>\n<div class=\"post-button\"><a href=\"https:\/\/vipgo.atsautomation.com\/atsautomation\/de\/innovative-losungen\/\">Read More<\/a><\/div>\n","protected":false},"author":22,"featured_media":13034,"parent":0,"menu_order":0,"comment_status":"closed","ping_status":"closed","template":"page-templates\/landing-page.php","meta":{"_acf_changed":false,"footnotes":""},"class_list":["post-10525","page","type-page","status-publish","has-post-thumbnail","hentry"],"yoast_head":"<!-- This site is optimized with the Yoast SEO Premium plugin v26.8 (Yoast SEO v26.8) - https:\/\/yoast.com\/product\/yoast-seo-premium-wordpress\/ -->\n<title>Innovative L\u00f6sungen: Unseren Kunden einen Mehrwert bieten | ATS Automation<\/title>\n<meta name=\"description\" content=\"Innovative L\u00f6sungen von ATS Automation umfassen die Wertsch\u00f6pfung durch Produktentwicklung, fr\u00fche Technologieeinf\u00fchrung, kosteng\u00fcnstigere L\u00f6sungen und Prozessentwicklung.\" \/>\n<meta name=\"robots\" content=\"index, follow, max-snippet:-1, max-image-preview:large, max-video-preview:-1\" \/>\n<link rel=\"canonical\" href=\"https:\/\/vipgo.atsautomation.com\/atsautomation\/de\/innovative-losungen\/\" \/>\n<meta property=\"og:locale\" content=\"de_DE\" \/>\n<meta property=\"og:type\" content=\"article\" \/>\n<meta property=\"og:title\" content=\"Innovative L\u00f6sungen\" \/>\n<meta property=\"og:description\" content=\"Innovative L\u00f6sungen von ATS Automation umfassen die Wertsch\u00f6pfung durch Produktentwicklung, fr\u00fche Technologieeinf\u00fchrung, kosteng\u00fcnstigere L\u00f6sungen und Prozessentwicklung.\" \/>\n<meta property=\"og:url\" content=\"https:\/\/vipgo.atsautomation.com\/atsautomation\/de\/innovative-losungen\/\" \/>\n<meta property=\"og:site_name\" content=\"ATS Corporation\" \/>\n<meta property=\"article:modified_time\" content=\"2020-07-30T21:54:44+00:00\" \/>\n<meta property=\"og:image\" content=\"https:\/\/vipgo.atsautomation.com\/atsautomation\/wp-content\/uploads\/sites\/9\/2020\/06\/innovative-solutions.png\" \/>\n\t<meta property=\"og:image:width\" content=\"1500\" \/>\n\t<meta property=\"og:image:height\" content=\"500\" \/>\n\t<meta property=\"og:image:type\" content=\"image\/png\" \/>\n<meta name=\"twitter:card\" content=\"summary_large_image\" \/>\n<script type=\"application\/ld+json\" class=\"yoast-schema-graph\">{\"@context\":\"https:\/\/schema.org\",\"@graph\":[{\"@type\":\"WebPage\",\"@id\":\"https:\/\/vipgo.atsautomation.com\/atsautomation\/de\/innovative-losungen\/\",\"url\":\"https:\/\/vipgo.atsautomation.com\/atsautomation\/de\/innovative-losungen\/\",\"name\":\"Innovative L\u00f6sungen: Unseren Kunden einen Mehrwert bieten | ATS Automation\",\"isPartOf\":{\"@id\":\"https:\/\/vipgo.atsautomation.com\/atsautomation\/de\/#website\"},\"primaryImageOfPage\":{\"@id\":\"https:\/\/vipgo.atsautomation.com\/atsautomation\/de\/innovative-losungen\/#primaryimage\"},\"image\":{\"@id\":\"https:\/\/vipgo.atsautomation.com\/atsautomation\/de\/innovative-losungen\/#primaryimage\"},\"thumbnailUrl\":\"https:\/\/vipgo.atsautomation.com\/atsautomation\/wp-content\/uploads\/sites\/9\/2020\/06\/innovative-solutions.png\",\"datePublished\":\"2020-07-15T13:10:13+00:00\",\"dateModified\":\"2020-07-30T21:54:44+00:00\",\"description\":\"Innovative L\u00f6sungen von ATS Automation umfassen die Wertsch\u00f6pfung durch Produktentwicklung, fr\u00fche Technologieeinf\u00fchrung, kosteng\u00fcnstigere L\u00f6sungen und Prozessentwicklung.\",\"breadcrumb\":{\"@id\":\"https:\/\/vipgo.atsautomation.com\/atsautomation\/de\/innovative-losungen\/#breadcrumb\"},\"inLanguage\":\"de-DE\",\"potentialAction\":[{\"@type\":\"ReadAction\",\"target\":[\"https:\/\/vipgo.atsautomation.com\/atsautomation\/de\/innovative-losungen\/\"]}]},{\"@type\":\"ImageObject\",\"inLanguage\":\"de-DE\",\"@id\":\"https:\/\/vipgo.atsautomation.com\/atsautomation\/de\/innovative-losungen\/#primaryimage\",\"url\":\"https:\/\/vipgo.atsautomation.com\/atsautomation\/wp-content\/uploads\/sites\/9\/2020\/06\/innovative-solutions.png\",\"contentUrl\":\"https:\/\/vipgo.atsautomation.com\/atsautomation\/wp-content\/uploads\/sites\/9\/2020\/06\/innovative-solutions.png\",\"width\":1500,\"height\":500},{\"@type\":\"BreadcrumbList\",\"@id\":\"https:\/\/vipgo.atsautomation.com\/atsautomation\/de\/innovative-losungen\/#breadcrumb\",\"itemListElement\":[{\"@type\":\"ListItem\",\"position\":1,\"name\":\"Home\",\"item\":\"https:\/\/vipgo.atsautomation.com\/atsautomation\/de\/\"},{\"@type\":\"ListItem\",\"position\":2,\"name\":\"Innovative L\u00f6sungen\"}]},{\"@type\":\"WebSite\",\"@id\":\"https:\/\/vipgo.atsautomation.com\/atsautomation\/de\/#website\",\"url\":\"https:\/\/vipgo.atsautomation.com\/atsautomation\/de\/\",\"name\":\"ATS Corporation\",\"description\":\"Just another vipgo.atsautomation.com site\",\"publisher\":{\"@id\":\"https:\/\/vipgo.atsautomation.com\/atsautomation\/de\/#organization\"},\"potentialAction\":[{\"@type\":\"SearchAction\",\"target\":{\"@type\":\"EntryPoint\",\"urlTemplate\":\"https:\/\/vipgo.atsautomation.com\/atsautomation\/de\/?s={search_term_string}\"},\"query-input\":{\"@type\":\"PropertyValueSpecification\",\"valueRequired\":true,\"valueName\":\"search_term_string\"}}],\"inLanguage\":\"de-DE\"},{\"@type\":\"Organization\",\"@id\":\"https:\/\/vipgo.atsautomation.com\/atsautomation\/de\/#organization\",\"name\":\"ATS Corporation\",\"url\":\"https:\/\/vipgo.atsautomation.com\/atsautomation\/de\/\",\"logo\":{\"@type\":\"ImageObject\",\"inLanguage\":\"de-DE\",\"@id\":\"https:\/\/vipgo.atsautomation.com\/atsautomation\/de\/#\/schema\/logo\/image\/\",\"url\":\"https:\/\/atsautomation.com\/wp-content\/uploads\/sites\/9\/2022\/11\/ATS-logo-colour-RGB_TM.png\",\"contentUrl\":\"https:\/\/atsautomation.com\/wp-content\/uploads\/sites\/9\/2022\/11\/ATS-logo-colour-RGB_TM.png\",\"width\":1880,\"height\":371,\"caption\":\"ATS Corporation\"},\"image\":{\"@id\":\"https:\/\/vipgo.atsautomation.com\/atsautomation\/de\/#\/schema\/logo\/image\/\"}}]}<\/script>\n<!-- \/ Yoast SEO Premium plugin. -->","yoast_head_json":{"title":"Innovative L\u00f6sungen: Unseren Kunden einen Mehrwert bieten | ATS Automation","description":"Innovative L\u00f6sungen von ATS Automation umfassen die Wertsch\u00f6pfung durch Produktentwicklung, fr\u00fche Technologieeinf\u00fchrung, kosteng\u00fcnstigere L\u00f6sungen und Prozessentwicklung.","robots":{"index":"index","follow":"follow","max-snippet":"max-snippet:-1","max-image-preview":"max-image-preview:large","max-video-preview":"max-video-preview:-1"},"canonical":"https:\/\/vipgo.atsautomation.com\/atsautomation\/de\/innovative-losungen\/","og_locale":"de_DE","og_type":"article","og_title":"Innovative L\u00f6sungen","og_description":"Innovative L\u00f6sungen von ATS Automation umfassen die Wertsch\u00f6pfung durch Produktentwicklung, fr\u00fche Technologieeinf\u00fchrung, kosteng\u00fcnstigere L\u00f6sungen und Prozessentwicklung.","og_url":"https:\/\/vipgo.atsautomation.com\/atsautomation\/de\/innovative-losungen\/","og_site_name":"ATS Corporation","article_modified_time":"2020-07-30T21:54:44+00:00","og_image":[{"width":1500,"height":500,"url":"https:\/\/vipgo.atsautomation.com\/atsautomation\/wp-content\/uploads\/sites\/9\/2020\/06\/innovative-solutions.png","type":"image\/png"}],"twitter_card":"summary_large_image","schema":{"@context":"https:\/\/schema.org","@graph":[{"@type":"WebPage","@id":"https:\/\/vipgo.atsautomation.com\/atsautomation\/de\/innovative-losungen\/","url":"https:\/\/vipgo.atsautomation.com\/atsautomation\/de\/innovative-losungen\/","name":"Innovative L\u00f6sungen: Unseren Kunden einen Mehrwert bieten | ATS Automation","isPartOf":{"@id":"https:\/\/vipgo.atsautomation.com\/atsautomation\/de\/#website"},"primaryImageOfPage":{"@id":"https:\/\/vipgo.atsautomation.com\/atsautomation\/de\/innovative-losungen\/#primaryimage"},"image":{"@id":"https:\/\/vipgo.atsautomation.com\/atsautomation\/de\/innovative-losungen\/#primaryimage"},"thumbnailUrl":"https:\/\/vipgo.atsautomation.com\/atsautomation\/wp-content\/uploads\/sites\/9\/2020\/06\/innovative-solutions.png","datePublished":"2020-07-15T13:10:13+00:00","dateModified":"2020-07-30T21:54:44+00:00","description":"Innovative L\u00f6sungen von ATS Automation umfassen die Wertsch\u00f6pfung durch Produktentwicklung, fr\u00fche Technologieeinf\u00fchrung, kosteng\u00fcnstigere L\u00f6sungen und Prozessentwicklung.","breadcrumb":{"@id":"https:\/\/vipgo.atsautomation.com\/atsautomation\/de\/innovative-losungen\/#breadcrumb"},"inLanguage":"de-DE","potentialAction":[{"@type":"ReadAction","target":["https:\/\/vipgo.atsautomation.com\/atsautomation\/de\/innovative-losungen\/"]}]},{"@type":"ImageObject","inLanguage":"de-DE","@id":"https:\/\/vipgo.atsautomation.com\/atsautomation\/de\/innovative-losungen\/#primaryimage","url":"https:\/\/vipgo.atsautomation.com\/atsautomation\/wp-content\/uploads\/sites\/9\/2020\/06\/innovative-solutions.png","contentUrl":"https:\/\/vipgo.atsautomation.com\/atsautomation\/wp-content\/uploads\/sites\/9\/2020\/06\/innovative-solutions.png","width":1500,"height":500},{"@type":"BreadcrumbList","@id":"https:\/\/vipgo.atsautomation.com\/atsautomation\/de\/innovative-losungen\/#breadcrumb","itemListElement":[{"@type":"ListItem","position":1,"name":"Home","item":"https:\/\/vipgo.atsautomation.com\/atsautomation\/de\/"},{"@type":"ListItem","position":2,"name":"Innovative L\u00f6sungen"}]},{"@type":"WebSite","@id":"https:\/\/vipgo.atsautomation.com\/atsautomation\/de\/#website","url":"https:\/\/vipgo.atsautomation.com\/atsautomation\/de\/","name":"ATS Corporation","description":"Just another vipgo.atsautomation.com site","publisher":{"@id":"https:\/\/vipgo.atsautomation.com\/atsautomation\/de\/#organization"},"potentialAction":[{"@type":"SearchAction","target":{"@type":"EntryPoint","urlTemplate":"https:\/\/vipgo.atsautomation.com\/atsautomation\/de\/?s={search_term_string}"},"query-input":{"@type":"PropertyValueSpecification","valueRequired":true,"valueName":"search_term_string"}}],"inLanguage":"de-DE"},{"@type":"Organization","@id":"https:\/\/vipgo.atsautomation.com\/atsautomation\/de\/#organization","name":"ATS Corporation","url":"https:\/\/vipgo.atsautomation.com\/atsautomation\/de\/","logo":{"@type":"ImageObject","inLanguage":"de-DE","@id":"https:\/\/vipgo.atsautomation.com\/atsautomation\/de\/#\/schema\/logo\/image\/","url":"https:\/\/atsautomation.com\/wp-content\/uploads\/sites\/9\/2022\/11\/ATS-logo-colour-RGB_TM.png","contentUrl":"https:\/\/atsautomation.com\/wp-content\/uploads\/sites\/9\/2022\/11\/ATS-logo-colour-RGB_TM.png","width":1880,"height":371,"caption":"ATS Corporation"},"image":{"@id":"https:\/\/vipgo.atsautomation.com\/atsautomation\/de\/#\/schema\/logo\/image\/"}}]}},"acf":[],"jetpack_sharing_enabled":true,"_links":{"self":[{"href":"https:\/\/vipgo.atsautomation.com\/atsautomation\/de\/wp-json\/wp\/v2\/pages\/10525","targetHints":{"allow":["GET"]}}],"collection":[{"href":"https:\/\/vipgo.atsautomation.com\/atsautomation\/de\/wp-json\/wp\/v2\/pages"}],"about":[{"href":"https:\/\/vipgo.atsautomation.com\/atsautomation\/de\/wp-json\/wp\/v2\/types\/page"}],"author":[{"embeddable":true,"href":"https:\/\/vipgo.atsautomation.com\/atsautomation\/de\/wp-json\/wp\/v2\/users\/22"}],"replies":[{"embeddable":true,"href":"https:\/\/vipgo.atsautomation.com\/atsautomation\/de\/wp-json\/wp\/v2\/comments?post=10525"}],"version-history":[{"count":1,"href":"https:\/\/vipgo.atsautomation.com\/atsautomation\/de\/wp-json\/wp\/v2\/pages\/10525\/revisions"}],"predecessor-version":[{"id":21433,"href":"https:\/\/vipgo.atsautomation.com\/atsautomation\/de\/wp-json\/wp\/v2\/pages\/10525\/revisions\/21433"}],"wp:featuredmedia":[{"embeddable":true,"href":"https:\/\/vipgo.atsautomation.com\/atsautomation\/de\/wp-json\/wp\/v2\/media\/13034"}],"wp:attachment":[{"href":"https:\/\/vipgo.atsautomation.com\/atsautomation\/de\/wp-json\/wp\/v2\/media?parent=10525"}],"curies":[{"name":"wp","href":"https:\/\/api.w.org\/{rel}","templated":true}]}}