{"id":10546,"date":"2020-07-15T13:10:14","date_gmt":"2020-07-15T13:10:14","guid":{"rendered":"https:\/\/atsautomation.com\/inspektion-testen-und-visionsprufung\/inspektions-und-prufsysteme\/"},"modified":"2023-01-31T20:10:41","modified_gmt":"2023-01-31T20:10:41","slug":"inspektions-und-prufsysteme","status":"publish","type":"page","link":"https:\/\/vipgo.atsautomation.com\/atsautomation\/de\/inspektion-testen-und-visionsprufung\/inspektions-und-prufsysteme\/","title":{"rendered":"Inspektions- und Pr\u00fcfsysteme"},"content":{"rendered":"<p>Die \u00dcberwachung der Attribute bei der automatisierten Verarbeitung ist von gr\u00f6\u00dfter Bedeutung, um sicherzustellen, dass die von der Produktionslinie ausgegebenen Produkte die Qualit\u00e4tsanforderungen erf\u00fcllen. Ein kundenspezifisches ATS-Pr\u00fcfsystem mit bew\u00e4hrten Mess- und Analysefunktionen stellt Ihnen eine \u00fcberlegene Qualit\u00e4tskontrolle zur Verf\u00fcgung.<\/p>\n","protected":false},"excerpt":{"rendered":"<p>Die \u00dcberwachung der Attribute bei der automatisierten Verarbeitung ist von gr\u00f6\u00dfter Bedeutung, um sicherzustellen, dass die von der Produktionslinie ausgegebenen Produkte die Qualit\u00e4tsanforderungen erf\u00fcllen. Ein kundenspezifisches ATS-Pr\u00fcfsystem mit bew\u00e4hrten Mess- und Analysefunktionen stellt Ihnen eine \u00fcberlegene Qualit\u00e4tskontrolle zur Verf\u00fcgung.<\/p>\n","protected":false},"author":23,"featured_media":10547,"parent":10428,"menu_order":0,"comment_status":"closed","ping_status":"closed","template":"page-templates\/content-page.php","meta":{"_acf_changed":false,"footnotes":""},"class_list":["post-10546","page","type-page","status-publish","has-post-thumbnail","hentry"],"yoast_head":"<!-- This site is optimized with the Yoast SEO Premium plugin v26.8 (Yoast SEO v26.8) - https:\/\/yoast.com\/product\/yoast-seo-premium-wordpress\/ -->\n<title>Inspection &amp; Test Systems | Inspection &amp; Test Automation | ATS Automation<\/title>\n<meta name=\"description\" content=\"Get a custom ATS Inspection &amp; Test Automation System with proven measurement &amp; analysis capability. Our test systems provide superior quality &amp; process control.\" \/>\n<meta name=\"robots\" content=\"index, follow, max-snippet:-1, max-image-preview:large, max-video-preview:-1\" \/>\n<link rel=\"canonical\" href=\"https:\/\/vipgo.atsautomation.com\/atsautomation\/de\/inspektion-testen-und-visionsprufung\/inspektions-und-prufsysteme\/\" \/>\n<meta property=\"og:locale\" content=\"de_DE\" \/>\n<meta property=\"og:type\" content=\"article\" \/>\n<meta property=\"og:title\" content=\"Inspektions- und Pr\u00fcfsysteme\" \/>\n<meta property=\"og:description\" content=\"Get a custom ATS Inspection &amp; Test Automation System with proven measurement &amp; analysis capability. Our test systems provide superior quality &amp; process control.\" \/>\n<meta property=\"og:url\" content=\"https:\/\/vipgo.atsautomation.com\/atsautomation\/de\/inspektion-testen-und-visionsprufung\/inspektions-und-prufsysteme\/\" \/>\n<meta property=\"og:site_name\" content=\"ATS Corporation\" \/>\n<meta property=\"article:modified_time\" content=\"2023-01-31T20:10:41+00:00\" \/>\n<meta property=\"og:image\" content=\"https:\/\/vipgo.atsautomation.com\/atsautomation\/wp-content\/uploads\/sites\/9\/2020\/06\/machine-vision-screen-1500-x-500.jpg\" \/>\n\t<meta property=\"og:image:width\" content=\"1500\" \/>\n\t<meta property=\"og:image:height\" content=\"500\" \/>\n\t<meta property=\"og:image:type\" content=\"image\/jpeg\" \/>\n<meta name=\"twitter:card\" content=\"summary_large_image\" \/>\n<meta name=\"twitter:label1\" content=\"Gesch\u00e4tzte Lesezeit\" \/>\n\t<meta name=\"twitter:data1\" content=\"1 Minute\" \/>\n<script type=\"application\/ld+json\" class=\"yoast-schema-graph\">{\"@context\":\"https:\/\/schema.org\",\"@graph\":[{\"@type\":\"WebPage\",\"@id\":\"https:\/\/vipgo.atsautomation.com\/atsautomation\/de\/inspektion-testen-und-visionsprufung\/inspektions-und-prufsysteme\/\",\"url\":\"https:\/\/vipgo.atsautomation.com\/atsautomation\/de\/inspektion-testen-und-visionsprufung\/inspektions-und-prufsysteme\/\",\"name\":\"Inspection & Test Systems | Inspection & Test Automation | ATS Automation\",\"isPartOf\":{\"@id\":\"https:\/\/vipgo.atsautomation.com\/atsautomation\/de\/#website\"},\"primaryImageOfPage\":{\"@id\":\"https:\/\/vipgo.atsautomation.com\/atsautomation\/de\/inspektion-testen-und-visionsprufung\/inspektions-und-prufsysteme\/#primaryimage\"},\"image\":{\"@id\":\"https:\/\/vipgo.atsautomation.com\/atsautomation\/de\/inspektion-testen-und-visionsprufung\/inspektions-und-prufsysteme\/#primaryimage\"},\"thumbnailUrl\":\"https:\/\/vipgo.atsautomation.com\/atsautomation\/wp-content\/uploads\/sites\/9\/2020\/06\/machine-vision-screen-1500-x-500.jpg\",\"datePublished\":\"2020-07-15T13:10:14+00:00\",\"dateModified\":\"2023-01-31T20:10:41+00:00\",\"description\":\"Get a custom ATS Inspection & Test Automation System with proven measurement & analysis capability. Our test systems provide superior quality & process control.\",\"breadcrumb\":{\"@id\":\"https:\/\/vipgo.atsautomation.com\/atsautomation\/de\/inspektion-testen-und-visionsprufung\/inspektions-und-prufsysteme\/#breadcrumb\"},\"inLanguage\":\"de-DE\",\"potentialAction\":[{\"@type\":\"ReadAction\",\"target\":[\"https:\/\/vipgo.atsautomation.com\/atsautomation\/de\/inspektion-testen-und-visionsprufung\/inspektions-und-prufsysteme\/\"]}]},{\"@type\":\"ImageObject\",\"inLanguage\":\"de-DE\",\"@id\":\"https:\/\/vipgo.atsautomation.com\/atsautomation\/de\/inspektion-testen-und-visionsprufung\/inspektions-und-prufsysteme\/#primaryimage\",\"url\":\"https:\/\/vipgo.atsautomation.com\/atsautomation\/wp-content\/uploads\/sites\/9\/2020\/06\/machine-vision-screen-1500-x-500.jpg\",\"contentUrl\":\"https:\/\/vipgo.atsautomation.com\/atsautomation\/wp-content\/uploads\/sites\/9\/2020\/06\/machine-vision-screen-1500-x-500.jpg\",\"width\":1500,\"height\":500,\"caption\":\"Maschinenabbildung\"},{\"@type\":\"BreadcrumbList\",\"@id\":\"https:\/\/vipgo.atsautomation.com\/atsautomation\/de\/inspektion-testen-und-visionsprufung\/inspektions-und-prufsysteme\/#breadcrumb\",\"itemListElement\":[{\"@type\":\"ListItem\",\"position\":1,\"name\":\"Home\",\"item\":\"https:\/\/vipgo.atsautomation.com\/atsautomation\/de\/\"},{\"@type\":\"ListItem\",\"position\":2,\"name\":\"Inspektion, Testen und Visionspr\u00fcfung\",\"item\":\"https:\/\/vipgo.atsautomation.com\/atsautomation\/de\/inspektion-testen-und-visionsprufung\/\"},{\"@type\":\"ListItem\",\"position\":3,\"name\":\"Inspektions- und Pr\u00fcfsysteme\"}]},{\"@type\":\"WebSite\",\"@id\":\"https:\/\/vipgo.atsautomation.com\/atsautomation\/de\/#website\",\"url\":\"https:\/\/vipgo.atsautomation.com\/atsautomation\/de\/\",\"name\":\"ATS Corporation\",\"description\":\"Just another vipgo.atsautomation.com site\",\"publisher\":{\"@id\":\"https:\/\/vipgo.atsautomation.com\/atsautomation\/de\/#organization\"},\"potentialAction\":[{\"@type\":\"SearchAction\",\"target\":{\"@type\":\"EntryPoint\",\"urlTemplate\":\"https:\/\/vipgo.atsautomation.com\/atsautomation\/de\/?s={search_term_string}\"},\"query-input\":{\"@type\":\"PropertyValueSpecification\",\"valueRequired\":true,\"valueName\":\"search_term_string\"}}],\"inLanguage\":\"de-DE\"},{\"@type\":\"Organization\",\"@id\":\"https:\/\/vipgo.atsautomation.com\/atsautomation\/de\/#organization\",\"name\":\"ATS Corporation\",\"url\":\"https:\/\/vipgo.atsautomation.com\/atsautomation\/de\/\",\"logo\":{\"@type\":\"ImageObject\",\"inLanguage\":\"de-DE\",\"@id\":\"https:\/\/vipgo.atsautomation.com\/atsautomation\/de\/#\/schema\/logo\/image\/\",\"url\":\"https:\/\/atsautomation.com\/wp-content\/uploads\/sites\/9\/2022\/11\/ATS-logo-colour-RGB_TM.png\",\"contentUrl\":\"https:\/\/atsautomation.com\/wp-content\/uploads\/sites\/9\/2022\/11\/ATS-logo-colour-RGB_TM.png\",\"width\":1880,\"height\":371,\"caption\":\"ATS Corporation\"},\"image\":{\"@id\":\"https:\/\/vipgo.atsautomation.com\/atsautomation\/de\/#\/schema\/logo\/image\/\"}}]}<\/script>\n<!-- \/ Yoast SEO Premium plugin. -->","yoast_head_json":{"title":"Inspection & Test Systems | Inspection & Test Automation | ATS Automation","description":"Get a custom ATS Inspection & Test Automation System with proven measurement & analysis capability. Our test systems provide superior quality & process control.","robots":{"index":"index","follow":"follow","max-snippet":"max-snippet:-1","max-image-preview":"max-image-preview:large","max-video-preview":"max-video-preview:-1"},"canonical":"https:\/\/vipgo.atsautomation.com\/atsautomation\/de\/inspektion-testen-und-visionsprufung\/inspektions-und-prufsysteme\/","og_locale":"de_DE","og_type":"article","og_title":"Inspektions- und Pr\u00fcfsysteme","og_description":"Get a custom ATS Inspection & Test Automation System with proven measurement & analysis capability. Our test systems provide superior quality & process control.","og_url":"https:\/\/vipgo.atsautomation.com\/atsautomation\/de\/inspektion-testen-und-visionsprufung\/inspektions-und-prufsysteme\/","og_site_name":"ATS Corporation","article_modified_time":"2023-01-31T20:10:41+00:00","og_image":[{"width":1500,"height":500,"url":"https:\/\/vipgo.atsautomation.com\/atsautomation\/wp-content\/uploads\/sites\/9\/2020\/06\/machine-vision-screen-1500-x-500.jpg","type":"image\/jpeg"}],"twitter_card":"summary_large_image","twitter_misc":{"Gesch\u00e4tzte Lesezeit":"1 Minute"},"schema":{"@context":"https:\/\/schema.org","@graph":[{"@type":"WebPage","@id":"https:\/\/vipgo.atsautomation.com\/atsautomation\/de\/inspektion-testen-und-visionsprufung\/inspektions-und-prufsysteme\/","url":"https:\/\/vipgo.atsautomation.com\/atsautomation\/de\/inspektion-testen-und-visionsprufung\/inspektions-und-prufsysteme\/","name":"Inspection & Test Systems | Inspection & Test Automation | ATS Automation","isPartOf":{"@id":"https:\/\/vipgo.atsautomation.com\/atsautomation\/de\/#website"},"primaryImageOfPage":{"@id":"https:\/\/vipgo.atsautomation.com\/atsautomation\/de\/inspektion-testen-und-visionsprufung\/inspektions-und-prufsysteme\/#primaryimage"},"image":{"@id":"https:\/\/vipgo.atsautomation.com\/atsautomation\/de\/inspektion-testen-und-visionsprufung\/inspektions-und-prufsysteme\/#primaryimage"},"thumbnailUrl":"https:\/\/vipgo.atsautomation.com\/atsautomation\/wp-content\/uploads\/sites\/9\/2020\/06\/machine-vision-screen-1500-x-500.jpg","datePublished":"2020-07-15T13:10:14+00:00","dateModified":"2023-01-31T20:10:41+00:00","description":"Get a custom ATS Inspection & Test Automation System with proven measurement & analysis capability. Our test systems provide superior quality & process control.","breadcrumb":{"@id":"https:\/\/vipgo.atsautomation.com\/atsautomation\/de\/inspektion-testen-und-visionsprufung\/inspektions-und-prufsysteme\/#breadcrumb"},"inLanguage":"de-DE","potentialAction":[{"@type":"ReadAction","target":["https:\/\/vipgo.atsautomation.com\/atsautomation\/de\/inspektion-testen-und-visionsprufung\/inspektions-und-prufsysteme\/"]}]},{"@type":"ImageObject","inLanguage":"de-DE","@id":"https:\/\/vipgo.atsautomation.com\/atsautomation\/de\/inspektion-testen-und-visionsprufung\/inspektions-und-prufsysteme\/#primaryimage","url":"https:\/\/vipgo.atsautomation.com\/atsautomation\/wp-content\/uploads\/sites\/9\/2020\/06\/machine-vision-screen-1500-x-500.jpg","contentUrl":"https:\/\/vipgo.atsautomation.com\/atsautomation\/wp-content\/uploads\/sites\/9\/2020\/06\/machine-vision-screen-1500-x-500.jpg","width":1500,"height":500,"caption":"Maschinenabbildung"},{"@type":"BreadcrumbList","@id":"https:\/\/vipgo.atsautomation.com\/atsautomation\/de\/inspektion-testen-und-visionsprufung\/inspektions-und-prufsysteme\/#breadcrumb","itemListElement":[{"@type":"ListItem","position":1,"name":"Home","item":"https:\/\/vipgo.atsautomation.com\/atsautomation\/de\/"},{"@type":"ListItem","position":2,"name":"Inspektion, Testen und Visionspr\u00fcfung","item":"https:\/\/vipgo.atsautomation.com\/atsautomation\/de\/inspektion-testen-und-visionsprufung\/"},{"@type":"ListItem","position":3,"name":"Inspektions- und Pr\u00fcfsysteme"}]},{"@type":"WebSite","@id":"https:\/\/vipgo.atsautomation.com\/atsautomation\/de\/#website","url":"https:\/\/vipgo.atsautomation.com\/atsautomation\/de\/","name":"ATS Corporation","description":"Just another vipgo.atsautomation.com site","publisher":{"@id":"https:\/\/vipgo.atsautomation.com\/atsautomation\/de\/#organization"},"potentialAction":[{"@type":"SearchAction","target":{"@type":"EntryPoint","urlTemplate":"https:\/\/vipgo.atsautomation.com\/atsautomation\/de\/?s={search_term_string}"},"query-input":{"@type":"PropertyValueSpecification","valueRequired":true,"valueName":"search_term_string"}}],"inLanguage":"de-DE"},{"@type":"Organization","@id":"https:\/\/vipgo.atsautomation.com\/atsautomation\/de\/#organization","name":"ATS Corporation","url":"https:\/\/vipgo.atsautomation.com\/atsautomation\/de\/","logo":{"@type":"ImageObject","inLanguage":"de-DE","@id":"https:\/\/vipgo.atsautomation.com\/atsautomation\/de\/#\/schema\/logo\/image\/","url":"https:\/\/atsautomation.com\/wp-content\/uploads\/sites\/9\/2022\/11\/ATS-logo-colour-RGB_TM.png","contentUrl":"https:\/\/atsautomation.com\/wp-content\/uploads\/sites\/9\/2022\/11\/ATS-logo-colour-RGB_TM.png","width":1880,"height":371,"caption":"ATS Corporation"},"image":{"@id":"https:\/\/vipgo.atsautomation.com\/atsautomation\/de\/#\/schema\/logo\/image\/"}}]}},"acf":[],"jetpack_sharing_enabled":true,"_links":{"self":[{"href":"https:\/\/vipgo.atsautomation.com\/atsautomation\/de\/wp-json\/wp\/v2\/pages\/10546","targetHints":{"allow":["GET"]}}],"collection":[{"href":"https:\/\/vipgo.atsautomation.com\/atsautomation\/de\/wp-json\/wp\/v2\/pages"}],"about":[{"href":"https:\/\/vipgo.atsautomation.com\/atsautomation\/de\/wp-json\/wp\/v2\/types\/page"}],"author":[{"embeddable":true,"href":"https:\/\/vipgo.atsautomation.com\/atsautomation\/de\/wp-json\/wp\/v2\/users\/23"}],"replies":[{"embeddable":true,"href":"https:\/\/vipgo.atsautomation.com\/atsautomation\/de\/wp-json\/wp\/v2\/comments?post=10546"}],"version-history":[{"count":3,"href":"https:\/\/vipgo.atsautomation.com\/atsautomation\/de\/wp-json\/wp\/v2\/pages\/10546\/revisions"}],"predecessor-version":[{"id":35449,"href":"https:\/\/vipgo.atsautomation.com\/atsautomation\/de\/wp-json\/wp\/v2\/pages\/10546\/revisions\/35449"}],"up":[{"embeddable":true,"href":"https:\/\/vipgo.atsautomation.com\/atsautomation\/de\/wp-json\/wp\/v2\/pages\/10428"}],"wp:featuredmedia":[{"embeddable":true,"href":"https:\/\/vipgo.atsautomation.com\/atsautomation\/de\/wp-json\/wp\/v2\/media\/10547"}],"wp:attachment":[{"href":"https:\/\/vipgo.atsautomation.com\/atsautomation\/de\/wp-json\/wp\/v2\/media?parent=10546"}],"curies":[{"name":"wp","href":"https:\/\/api.w.org\/{rel}","templated":true}]}}