{"id":10687,"date":"2020-07-15T13:10:20","date_gmt":"2020-07-15T13:10:20","guid":{"rendered":"https:\/\/atsautomation.com\/lebensmittel-und-getranke\/automatisierung-bei-der-lebensmittel-und-getrankeherstellung\/"},"modified":"2020-08-13T19:40:14","modified_gmt":"2020-08-13T19:40:14","slug":"automatisierung-bei-der-lebensmittel-und-getrankeherstellung","status":"publish","type":"page","link":"https:\/\/vipgo.atsautomation.com\/atsautomation\/de\/lebensmittel-und-getranke\/automatisierung-bei-der-lebensmittel-und-getrankeherstellung\/","title":{"rendered":"Automatisierung bei der Lebensmittel- und Getr\u00e4nkeherstellung"},"content":{"rendered":"<h2>F\u00fcr Kunden, die den Automatisierungsgrad im Lebensmittel- und Getr\u00e4nkebereich erh\u00f6hen m\u00f6chten, bietet ATS seit vielen Jahren Hardware- und Softwarel\u00f6sungen an.<\/h2>\n","protected":false},"excerpt":{"rendered":"<p>F\u00fcr Kunden, die den Automatisierungsgrad im Lebensmittel- und Getr\u00e4nkebereich erh\u00f6hen m\u00f6chten, bietet ATS seit vielen Jahren Hardware- und Softwarel\u00f6sungen an.<\/p>\n","protected":false},"author":28,"featured_media":0,"parent":10500,"menu_order":0,"comment_status":"closed","ping_status":"closed","template":"page-templates\/content-page.php","meta":{"_acf_changed":false,"footnotes":""},"class_list":["post-10687","page","type-page","status-publish","hentry"],"yoast_head":"<!-- This site is optimized with the Yoast SEO Premium plugin v26.8 (Yoast SEO v26.8) - https:\/\/yoast.com\/product\/yoast-seo-premium-wordpress\/ -->\n<title>Automation For Food &amp; Beverage Market | Food &amp; Beverage | ATS<\/title>\n<meta name=\"description\" content=\"Customers looking for food &amp; beverage automation applications can benefit from ATS&#039;s ample experience creating hardware &amp; software solutions for the industry.\" \/>\n<meta name=\"robots\" content=\"index, follow, max-snippet:-1, max-image-preview:large, max-video-preview:-1\" \/>\n<link rel=\"canonical\" href=\"https:\/\/vipgo.atsautomation.com\/atsautomation\/de\/lebensmittel-und-getranke\/automatisierung-bei-der-lebensmittel-und-getrankeherstellung\/\" \/>\n<meta property=\"og:locale\" content=\"de_DE\" \/>\n<meta property=\"og:type\" content=\"article\" \/>\n<meta property=\"og:title\" content=\"Automatisierung bei der Lebensmittel- und Getr\u00e4nkeherstellung\" \/>\n<meta property=\"og:description\" content=\"Customers looking for food &amp; beverage automation applications can benefit from ATS&#039;s ample experience creating hardware &amp; software solutions for the industry.\" \/>\n<meta property=\"og:url\" content=\"https:\/\/vipgo.atsautomation.com\/atsautomation\/de\/lebensmittel-und-getranke\/automatisierung-bei-der-lebensmittel-und-getrankeherstellung\/\" \/>\n<meta property=\"og:site_name\" content=\"ATS Corporation\" \/>\n<meta property=\"article:modified_time\" content=\"2020-08-13T19:40:14+00:00\" \/>\n<meta name=\"twitter:card\" content=\"summary_large_image\" \/>\n<script type=\"application\/ld+json\" class=\"yoast-schema-graph\">{\"@context\":\"https:\/\/schema.org\",\"@graph\":[{\"@type\":\"WebPage\",\"@id\":\"https:\/\/vipgo.atsautomation.com\/atsautomation\/de\/lebensmittel-und-getranke\/automatisierung-bei-der-lebensmittel-und-getrankeherstellung\/\",\"url\":\"https:\/\/vipgo.atsautomation.com\/atsautomation\/de\/lebensmittel-und-getranke\/automatisierung-bei-der-lebensmittel-und-getrankeherstellung\/\",\"name\":\"Automation For Food & Beverage Market | Food & Beverage | ATS\",\"isPartOf\":{\"@id\":\"https:\/\/vipgo.atsautomation.com\/atsautomation\/de\/#website\"},\"datePublished\":\"2020-07-15T13:10:20+00:00\",\"dateModified\":\"2020-08-13T19:40:14+00:00\",\"description\":\"Customers looking for food & beverage automation applications can benefit from ATS's ample experience creating hardware & software solutions for the industry.\",\"breadcrumb\":{\"@id\":\"https:\/\/vipgo.atsautomation.com\/atsautomation\/de\/lebensmittel-und-getranke\/automatisierung-bei-der-lebensmittel-und-getrankeherstellung\/#breadcrumb\"},\"inLanguage\":\"de-DE\",\"potentialAction\":[{\"@type\":\"ReadAction\",\"target\":[\"https:\/\/vipgo.atsautomation.com\/atsautomation\/de\/lebensmittel-und-getranke\/automatisierung-bei-der-lebensmittel-und-getrankeherstellung\/\"]}]},{\"@type\":\"BreadcrumbList\",\"@id\":\"https:\/\/vipgo.atsautomation.com\/atsautomation\/de\/lebensmittel-und-getranke\/automatisierung-bei-der-lebensmittel-und-getrankeherstellung\/#breadcrumb\",\"itemListElement\":[{\"@type\":\"ListItem\",\"position\":1,\"name\":\"Home\",\"item\":\"https:\/\/vipgo.atsautomation.com\/atsautomation\/de\/\"},{\"@type\":\"ListItem\",\"position\":2,\"name\":\"Lebensmittel und Getr\u00e4nke\",\"item\":\"https:\/\/vipgo.atsautomation.com\/atsautomation\/de\/lebensmittel-und-getranke\/\"},{\"@type\":\"ListItem\",\"position\":3,\"name\":\"Automatisierung bei der Lebensmittel- und Getr\u00e4nkeherstellung\"}]},{\"@type\":\"WebSite\",\"@id\":\"https:\/\/vipgo.atsautomation.com\/atsautomation\/de\/#website\",\"url\":\"https:\/\/vipgo.atsautomation.com\/atsautomation\/de\/\",\"name\":\"ATS Corporation\",\"description\":\"Just another vipgo.atsautomation.com site\",\"publisher\":{\"@id\":\"https:\/\/vipgo.atsautomation.com\/atsautomation\/de\/#organization\"},\"potentialAction\":[{\"@type\":\"SearchAction\",\"target\":{\"@type\":\"EntryPoint\",\"urlTemplate\":\"https:\/\/vipgo.atsautomation.com\/atsautomation\/de\/?s={search_term_string}\"},\"query-input\":{\"@type\":\"PropertyValueSpecification\",\"valueRequired\":true,\"valueName\":\"search_term_string\"}}],\"inLanguage\":\"de-DE\"},{\"@type\":\"Organization\",\"@id\":\"https:\/\/vipgo.atsautomation.com\/atsautomation\/de\/#organization\",\"name\":\"ATS Corporation\",\"url\":\"https:\/\/vipgo.atsautomation.com\/atsautomation\/de\/\",\"logo\":{\"@type\":\"ImageObject\",\"inLanguage\":\"de-DE\",\"@id\":\"https:\/\/vipgo.atsautomation.com\/atsautomation\/de\/#\/schema\/logo\/image\/\",\"url\":\"https:\/\/atsautomation.com\/wp-content\/uploads\/sites\/9\/2022\/11\/ATS-logo-colour-RGB_TM.png\",\"contentUrl\":\"https:\/\/atsautomation.com\/wp-content\/uploads\/sites\/9\/2022\/11\/ATS-logo-colour-RGB_TM.png\",\"width\":1880,\"height\":371,\"caption\":\"ATS Corporation\"},\"image\":{\"@id\":\"https:\/\/vipgo.atsautomation.com\/atsautomation\/de\/#\/schema\/logo\/image\/\"}}]}<\/script>\n<!-- \/ Yoast SEO Premium plugin. -->","yoast_head_json":{"title":"Automation For Food & Beverage Market | Food & Beverage | ATS","description":"Customers looking for food & beverage automation applications can benefit from ATS's ample experience creating hardware & software solutions for the industry.","robots":{"index":"index","follow":"follow","max-snippet":"max-snippet:-1","max-image-preview":"max-image-preview:large","max-video-preview":"max-video-preview:-1"},"canonical":"https:\/\/vipgo.atsautomation.com\/atsautomation\/de\/lebensmittel-und-getranke\/automatisierung-bei-der-lebensmittel-und-getrankeherstellung\/","og_locale":"de_DE","og_type":"article","og_title":"Automatisierung bei der Lebensmittel- und Getr\u00e4nkeherstellung","og_description":"Customers looking for food & beverage automation applications can benefit from ATS's ample experience creating hardware & software solutions for the industry.","og_url":"https:\/\/vipgo.atsautomation.com\/atsautomation\/de\/lebensmittel-und-getranke\/automatisierung-bei-der-lebensmittel-und-getrankeherstellung\/","og_site_name":"ATS Corporation","article_modified_time":"2020-08-13T19:40:14+00:00","twitter_card":"summary_large_image","schema":{"@context":"https:\/\/schema.org","@graph":[{"@type":"WebPage","@id":"https:\/\/vipgo.atsautomation.com\/atsautomation\/de\/lebensmittel-und-getranke\/automatisierung-bei-der-lebensmittel-und-getrankeherstellung\/","url":"https:\/\/vipgo.atsautomation.com\/atsautomation\/de\/lebensmittel-und-getranke\/automatisierung-bei-der-lebensmittel-und-getrankeherstellung\/","name":"Automation For Food & Beverage Market | Food & Beverage | ATS","isPartOf":{"@id":"https:\/\/vipgo.atsautomation.com\/atsautomation\/de\/#website"},"datePublished":"2020-07-15T13:10:20+00:00","dateModified":"2020-08-13T19:40:14+00:00","description":"Customers looking for food & beverage automation applications can benefit from ATS's ample experience creating hardware & software solutions for the industry.","breadcrumb":{"@id":"https:\/\/vipgo.atsautomation.com\/atsautomation\/de\/lebensmittel-und-getranke\/automatisierung-bei-der-lebensmittel-und-getrankeherstellung\/#breadcrumb"},"inLanguage":"de-DE","potentialAction":[{"@type":"ReadAction","target":["https:\/\/vipgo.atsautomation.com\/atsautomation\/de\/lebensmittel-und-getranke\/automatisierung-bei-der-lebensmittel-und-getrankeherstellung\/"]}]},{"@type":"BreadcrumbList","@id":"https:\/\/vipgo.atsautomation.com\/atsautomation\/de\/lebensmittel-und-getranke\/automatisierung-bei-der-lebensmittel-und-getrankeherstellung\/#breadcrumb","itemListElement":[{"@type":"ListItem","position":1,"name":"Home","item":"https:\/\/vipgo.atsautomation.com\/atsautomation\/de\/"},{"@type":"ListItem","position":2,"name":"Lebensmittel und Getr\u00e4nke","item":"https:\/\/vipgo.atsautomation.com\/atsautomation\/de\/lebensmittel-und-getranke\/"},{"@type":"ListItem","position":3,"name":"Automatisierung bei der Lebensmittel- und Getr\u00e4nkeherstellung"}]},{"@type":"WebSite","@id":"https:\/\/vipgo.atsautomation.com\/atsautomation\/de\/#website","url":"https:\/\/vipgo.atsautomation.com\/atsautomation\/de\/","name":"ATS Corporation","description":"Just another vipgo.atsautomation.com site","publisher":{"@id":"https:\/\/vipgo.atsautomation.com\/atsautomation\/de\/#organization"},"potentialAction":[{"@type":"SearchAction","target":{"@type":"EntryPoint","urlTemplate":"https:\/\/vipgo.atsautomation.com\/atsautomation\/de\/?s={search_term_string}"},"query-input":{"@type":"PropertyValueSpecification","valueRequired":true,"valueName":"search_term_string"}}],"inLanguage":"de-DE"},{"@type":"Organization","@id":"https:\/\/vipgo.atsautomation.com\/atsautomation\/de\/#organization","name":"ATS Corporation","url":"https:\/\/vipgo.atsautomation.com\/atsautomation\/de\/","logo":{"@type":"ImageObject","inLanguage":"de-DE","@id":"https:\/\/vipgo.atsautomation.com\/atsautomation\/de\/#\/schema\/logo\/image\/","url":"https:\/\/atsautomation.com\/wp-content\/uploads\/sites\/9\/2022\/11\/ATS-logo-colour-RGB_TM.png","contentUrl":"https:\/\/atsautomation.com\/wp-content\/uploads\/sites\/9\/2022\/11\/ATS-logo-colour-RGB_TM.png","width":1880,"height":371,"caption":"ATS Corporation"},"image":{"@id":"https:\/\/vipgo.atsautomation.com\/atsautomation\/de\/#\/schema\/logo\/image\/"}}]}},"acf":[],"jetpack_sharing_enabled":true,"_links":{"self":[{"href":"https:\/\/vipgo.atsautomation.com\/atsautomation\/de\/wp-json\/wp\/v2\/pages\/10687","targetHints":{"allow":["GET"]}}],"collection":[{"href":"https:\/\/vipgo.atsautomation.com\/atsautomation\/de\/wp-json\/wp\/v2\/pages"}],"about":[{"href":"https:\/\/vipgo.atsautomation.com\/atsautomation\/de\/wp-json\/wp\/v2\/types\/page"}],"author":[{"embeddable":true,"href":"https:\/\/vipgo.atsautomation.com\/atsautomation\/de\/wp-json\/wp\/v2\/users\/28"}],"replies":[{"embeddable":true,"href":"https:\/\/vipgo.atsautomation.com\/atsautomation\/de\/wp-json\/wp\/v2\/comments?post=10687"}],"version-history":[{"count":5,"href":"https:\/\/vipgo.atsautomation.com\/atsautomation\/de\/wp-json\/wp\/v2\/pages\/10687\/revisions"}],"predecessor-version":[{"id":22909,"href":"https:\/\/vipgo.atsautomation.com\/atsautomation\/de\/wp-json\/wp\/v2\/pages\/10687\/revisions\/22909"}],"up":[{"embeddable":true,"href":"https:\/\/vipgo.atsautomation.com\/atsautomation\/de\/wp-json\/wp\/v2\/pages\/10500"}],"wp:attachment":[{"href":"https:\/\/vipgo.atsautomation.com\/atsautomation\/de\/wp-json\/wp\/v2\/media?parent=10687"}],"curies":[{"name":"wp","href":"https:\/\/api.w.org\/{rel}","templated":true}]}}