{"id":10692,"date":"2020-07-15T13:10:20","date_gmt":"2020-07-15T13:10:20","guid":{"rendered":"https:\/\/atsautomation.com\/digitale-dienstleistungen\/illuminate-werkshallen-managementsystem\/"},"modified":"2023-01-31T19:24:01","modified_gmt":"2023-01-31T19:24:01","slug":"illuminate-werkshallen-managementsystem","status":"publish","type":"page","link":"https:\/\/vipgo.atsautomation.com\/atsautomation\/de\/kundendienst-und-dienstleistung\/digitale-dienstleistungen\/illuminate-werkshallen-managementsystem\/","title":{"rendered":"Illuminate\u2122 Werkshallen-Managementsystem"},"content":{"rendered":"<div class=\"row\">\n<div class=\"turbo-charger col-md-6\">\n<h1>Die Fertigung hat sich weiterentwickelt<br \/>\nHeute ist sie st\u00e4rker automatisiert, datengesteuert und dynamischer.<\/h1>\n<p><img loading=\"lazy\" decoding=\"async\" class=\"alignnone size-large wp-image-5536\" src=\"https:\/\/atsautomation.com\/wp-content\/uploads\/sites\/9\/2020\/06\/Illuminate-Logo-Hortizontal.jpg?w=400\" alt=\"\" width=\"400\" height=\"100\" srcset=\"https:\/\/vipgo.atsautomation.com\/atsautomation\/wp-content\/uploads\/sites\/9\/2020\/06\/Illuminate-Logo-Hortizontal.jpg 400w, https:\/\/vipgo.atsautomation.com\/atsautomation\/wp-content\/uploads\/sites\/9\/2020\/06\/Illuminate-Logo-Hortizontal.jpg?resize=300,75 300w\" sizes=\"auto, (max-width: 400px) 100vw, 400px\" \/><\/p>\n<\/div>\n<div class=\"turbo-charger-rightside col-md-6\"><iframe loading=\"lazy\" class=\"\" width=\"100%\" height=\"350\" type=\"text\/html\" frameborder=\"0\" allowtransparency=\"true\" style=\"border: 0px;\/* display: none; *\/\" data-cookieconsent=\"marketing\" src=\"https:\/\/go.atsautomation.com\/l\/651873\/2020-08-05\/26nn41\"><\/iframe><\/div>\n<p style=\"text-align: left\">Um die Wettbewerbsf\u00e4higkeit aufrechtzuerhalten, ben\u00f6tigen Hersteller mehr als nur eine Analyse der Produktionsleistung \u2013 sie ben\u00f6tigen ein vollst\u00e4ndiges Industrie-4.0-Werkshallen-Managementsystem, das an die jeweilige Betriebskultur angepasst werden kann, die Komplexit\u00e4t reduziert und die Produktion optimiert, ohne dass teure Investitionen erforderlich sind.<\/p>\n<p>Das Werkshallen-Managementsystem Illuminate\u2122 ist eine erweiterbare Architektur, die von weltweit f\u00fchrenden Herstellern zur Erh\u00f6hung der Produktionstransparenz und zur Verbesserung der betrieblichen Leistung eingesetzt wird.<\/p>\n<p style=\"text-align: center\"><em><strong>\u201e<\/strong>Das beste MES-System, das ich bisher eingef\u00fchrt habe.&nbsp; Es ist sehr benutzerfreundlich und erfasst s\u00e4mtliche Daten,<\/em><br \/>\n<em>die wir ben\u00f6tigen.&nbsp; Es bietet zudem eine hohe Flexibilit\u00e4t und kann an unsere sich st\u00e4ndig ver\u00e4ndernden Bed\u00fcrfnisse und Anforderungen angepasst werden.<strong>\u201c<\/strong><\/em><br \/>\n<em>&#8211; Kundenmeinung<\/em><\/p>\n<p style=\"text-align: center\"><a href=\"https:\/\/illuminatemi.com\/\">F\u00fcr weitere Informationen zum Illuminate\u2122 Werkshallen-Managementsystem besuchen Sie bitte <strong>Illuminatemi.com<\/strong><\/a><\/p>\n<h2>Das Industrie-4.0-Werkshallen-Managementsystem<br \/>\nwurde von Maschinenherstellern f\u00fcr Maschinenbetreiber entwickelt<\/h2>\n<p><strong><br \/>\nAlles auf einen Blick<\/strong> \u2013 Betriebs\u00fcberwachung jederzeit und \u00fcberall mit unserer schl\u00fcsselfertigen, integrierten und sicheren Einzel-Punkt-Plattform<\/p>\n<p><strong>OEE in Echtzeit<\/strong> \u2013 Erfassung von OEE-Informationen \u00fcber Produktionslinien, Maschinen und Standorte in Echtzeit, um eine durchg\u00e4ngige kontinuierliche Verbesserung in alle Richtungen zu erreichen<\/p>\n<p><strong>Visuelle KPIs<\/strong> \u2013 Einblicke auf einen Blick mit dynamischen Diagrammen und Grafiken zu Schl\u00fcsseldaten und Kennzahlen<\/p>\n<p><strong>Vorausschauende Wartung<\/strong> \u2013 Verbesserung der Anlageneffizienz, des Ertrags und der Lebensdauer dank KI-gesteuerter vorausschauender Wartung<\/p>\n<p><strong>Schnellere Reaktionszeiten<\/strong> \u2013 Benachrichtigungen und Warnungen in Echtzeit erm\u00f6glichen schnellere Korrekturma\u00dfnahmen<\/p>\n<p><strong>Einheitliche Kommunikation<\/strong> \u2013 H\u00e4lt das operative Team schicht- und standort\u00fcbergreifend auf dem Laufenden<\/p>\n<p><strong>R\u00fcckverfolgbarkeit der Produktionsteile<\/strong> \u2013 S\u00e4mtliche Komponenten und die damit verbundenen Prozesse f\u00fcr jedes Produkt lassen sich zur Prozessanalyse, Protokollierung und zu Compliance-Zwecken nachverfolgen<\/p>\n<figure id=\"attachment_10711\" aria-describedby=\"caption-attachment-10711\" style=\"width: 700px\" class=\"wp-caption aligncenter\"><img loading=\"lazy\" decoding=\"async\" class=\"wp-image-5198 size-large\" src=\"https:\/\/atsautomation.com\/wp-content\/uploads\/sites\/9\/2020\/06\/Illuminate-System-Architecture.png?w=700\" alt=\"Illuminate\u2122 Werkshallen-Managementsystem-Architektur (High-Level-Ansicht)\" width=\"700\" height=\"520\" srcset=\"https:\/\/vipgo.atsautomation.com\/atsautomation\/wp-content\/uploads\/sites\/9\/2020\/06\/Illuminate-System-Architecture.png 1201w, https:\/\/vipgo.atsautomation.com\/atsautomation\/wp-content\/uploads\/sites\/9\/2020\/06\/Illuminate-System-Architecture.png?resize=300,223 300w, https:\/\/vipgo.atsautomation.com\/atsautomation\/wp-content\/uploads\/sites\/9\/2020\/06\/Illuminate-System-Architecture.png?resize=768,570 768w, https:\/\/vipgo.atsautomation.com\/atsautomation\/wp-content\/uploads\/sites\/9\/2020\/06\/Illuminate-System-Architecture.png?resize=1024,761 1024w, https:\/\/vipgo.atsautomation.com\/atsautomation\/wp-content\/uploads\/sites\/9\/2020\/06\/Illuminate-System-Architecture.png?resize=700,520 700w\" sizes=\"auto, (max-width: 700px) 100vw, 700px\" \/><figcaption id=\"caption-attachment-10711\" class=\"wp-caption-text\">Illuminate\u2122 Werkshallen-Managementsystem-Architektur (High-Level-Ansicht)<\/figcaption><\/figure>\n<h2>Verbessern Sie Ihre Fertigungsabl\u00e4ufe<\/h2>\n<p>Das Werkshallen-Managementsystem Illuminate\u2122 nutzt Echtzeit-Maschinenleistungsdaten zur Maximierung des Produktionsdurchsatzes und der Betriebszeit sowie zur Kostensenkung und Qualit\u00e4tsverbesserung.<\/p>\n<table class=\"table\">\n<tbody>\n<tr>\n<td><strong>Maximaler Produktionsdurchsatz<\/strong><\/td>\n<td>\n<ul>\n<li>Erfassung von Echtzeit-OEE-Informationen \u00fcber Produktionslinien, Maschinen und Standorte hinweg zur Leistungsdiagnose und Fehlerbehebung<\/li>\n<li>Identifizierung von Produktionstrends f\u00fcr die kontinuierliche Verbesserung von oben nach unten und von unten nach oben<\/li>\n<li>\u00dcberwachung der Betriebsabl\u00e4ufe zu jeder Zeit und \u00fcberall dank schl\u00fcsselfertiger, integrierter und sicherer Einzel-Punkt-IIoT-Plattform f\u00fcr ein effektives Werkshallen-Management<\/li>\n<li>Dauerhafte Verbesserung der Herstellungsabl\u00e4ufe und der Zukunftsf\u00e4higkeit der Produktionslinie dank Entscheidungsfindung innerhalb von Minuten<\/li>\n<\/ul>\n<\/td>\n<\/tr>\n<tr>\n<td><strong>Verbesserte Betriebszeit<\/strong><\/td>\n<td>\n<ul>\n<li>Reduzierung stundenlanger Maschinenausfallzeiten und der Zeit zur Probleml\u00f6sungsfindung sowie verbesserte Betriebszeiten dank vorausschauender Wartung und Planung<\/li>\n<li>Verringerung des Risikos f\u00fcr Ausfallzeiten durch Nachverfolgung einzelner Zyklusz\u00e4hlungen zu Verschlei\u00dfteilen, Verbrauchsmaterialien, Artikeln mit langer Vorlaufzeit oder Aufarbeitungsteilen<\/li>\n<li>Erh\u00f6hung der Betriebszeit durch integrierte Just-in-Time-Bestellung von Ersatzteilen und Ersatzteils\u00e4tzen<\/li>\n<li>Proaktive Optimierung der Bereitstellung von Ersatzteilen und des Lagerbestands als Bestandteil Ihres Wartungsmanagements<\/li>\n<li>Fr\u00fchzeitige Vorbereitungsm\u00f6glichkeit dank farbkodierter Fr\u00fchwarnhinweise und -alarme, damit Sie bei allen Wartungsaktivit\u00e4ten stets auf dem Laufenden bleiben<\/li>\n<li>Erfassung von Wartungsprotokollberichten zur Unterst\u00fctzung von Instandsetzungsereignissen: Analyse zuk\u00fcnftiger Ausf\u00e4lle, Leistungsverbesserungen der Ausr\u00fcstung und kontinuierliche Verbesserung des Arbeitsmanagementsystems<\/li>\n<\/ul>\n<\/td>\n<\/tr>\n<tr>\n<td><strong>Kostensenkung<\/strong><\/td>\n<td>\n<ul>\n<li>Verbesserung der Anlageneffektivit\u00e4t, des Ertrags und der Lebensdauer dank vorausschauender Wartung<\/li>\n<li>Schnelle Reaktion bei Problemen und Freisetzung versteckter Leistung<\/li>\n<li>Kostensenkung dank automatisiertem Teilemanagement und integrierter Bereitstellung statistischer Prozesssteuerungen<\/li>\n<li>Das operative Team wird mithilfe von Echtzeitbenachrichtigungen auf dem Laufenden gehalten und somit bei einer verbesserten operativen Effizienz unterst\u00fctzt<\/li>\n<\/ul>\n<\/td>\n<\/tr>\n<tr>\n<td><strong>Qualit\u00e4tsverbesserung<\/strong><\/td>\n<td>\n<ul>\n<li>Beibehaltung der Produktqualit\u00e4t durch synchrone und asynchrone Verarbeitung<\/li>\n<li>Visuelle Einblicke mit Live-Stream-Video-\u00dcbertragung zur Ursachenanalyse und Fehlerbehebung in der Produktion \u2013 Reduzierung stundenlanger Maschinenausfallzeiten<\/li>\n<li>Erh\u00f6hung der Kontrolle und Kommunikation mit integrierten, visuellen KPIs<\/li>\n<li>Erleichterung des visuellen maschinellen Lernens bei der Pr\u00fcfung von Teilen und der Produktqualit\u00e4tskontrolle \u2013 reduzierte Stundenzahl zur visuellen \u00dcberwachung durch den Bediener, geringere Leistungsabschw\u00e4chung und weniger Qualit\u00e4tsm\u00e4ngel<\/li>\n<\/ul>\n<\/td>\n<\/tr>\n<\/tbody>\n<\/table>\n<p style=\"text-align: center\"><a href=\"https:\/\/illuminatemi.com\/\">F\u00fcr weitere Informationen zum Illuminate\u2122 Werkshallen-Managementsystem besuchen Sie bitte <strong>Illuminatemi.com<\/strong><\/a><\/p>\n<\/div>\n","protected":false},"excerpt":{"rendered":"<p>Die Fertigung hat sich weiterentwickelt Heute ist sie st\u00e4rker automatisiert, datengesteuert und dynamischer. Um die Wettbewerbsf\u00e4higkeit aufrechtzuerhalten, ben\u00f6tigen Hersteller mehr als nur eine Analyse der Produktionsleistung \u2013 sie ben\u00f6tigen ein vollst\u00e4ndiges Industrie-4.0-Werkshallen-Managementsystem, das an die jeweilige Betriebskultur angepasst werden kann, die Komplexit\u00e4t reduziert und die Produktion optimiert, ohne dass teure Investitionen erforderlich sind. Das Werkshallen-Managementsystem Illuminate\u2122 ist eine erweiterbare Architektur,&#8230;<\/p>\n<div class=\"post-button\"><a href=\"https:\/\/vipgo.atsautomation.com\/atsautomation\/de\/kundendienst-und-dienstleistung\/digitale-dienstleistungen\/illuminate-werkshallen-managementsystem\/\">Read More<\/a><\/div>\n","protected":false},"author":9,"featured_media":10666,"parent":9695,"menu_order":0,"comment_status":"closed","ping_status":"closed","template":"page-templates\/landing-page.php","meta":{"_acf_changed":false,"footnotes":""},"class_list":["post-10692","page","type-page","status-publish","has-post-thumbnail","hentry"],"yoast_head":"<!-- This site is optimized with the Yoast SEO Premium plugin v26.8 (Yoast SEO v26.8) - https:\/\/yoast.com\/product\/yoast-seo-premium-wordpress\/ -->\n<title>Illuminate\u2122 Werkshallen-Managementsystem - ATS Corporation<\/title>\n<meta name=\"description\" content=\"Manufacturers need an Industry 4.0 Smart Manufacturing System. The manufacturing automation system optimizes operations &amp; productions without sacrificing cost.\" \/>\n<meta name=\"robots\" content=\"index, follow, max-snippet:-1, max-image-preview:large, max-video-preview:-1\" \/>\n<link rel=\"canonical\" href=\"https:\/\/vipgo.atsautomation.com\/atsautomation\/de\/kundendienst-und-dienstleistung\/digitale-dienstleistungen\/illuminate-werkshallen-managementsystem\/\" \/>\n<meta property=\"og:locale\" content=\"de_DE\" \/>\n<meta property=\"og:type\" content=\"article\" \/>\n<meta property=\"og:title\" content=\"Illuminate\u2122 Werkshallen-Managementsystem\" \/>\n<meta property=\"og:description\" content=\"Manufacturers need an Industry 4.0 Smart Manufacturing System. The manufacturing automation system optimizes operations &amp; productions without sacrificing cost.\" \/>\n<meta property=\"og:url\" content=\"https:\/\/vipgo.atsautomation.com\/atsautomation\/de\/kundendienst-und-dienstleistung\/digitale-dienstleistungen\/illuminate-werkshallen-managementsystem\/\" \/>\n<meta property=\"og:site_name\" content=\"ATS Corporation\" \/>\n<meta property=\"article:modified_time\" content=\"2023-01-31T19:24:01+00:00\" \/>\n<meta property=\"og:image\" content=\"https:\/\/vipgo.atsautomation.com\/atsautomation\/wp-content\/uploads\/sites\/9\/2020\/06\/Illuminate-Equipment-Health-Score.jpg\" \/>\n\t<meta property=\"og:image:width\" content=\"1500\" \/>\n\t<meta property=\"og:image:height\" content=\"500\" \/>\n\t<meta property=\"og:image:type\" content=\"image\/jpeg\" \/>\n<meta name=\"twitter:card\" content=\"summary_large_image\" \/>\n<meta name=\"twitter:label1\" content=\"Gesch\u00e4tzte Lesezeit\" \/>\n\t<meta name=\"twitter:data1\" content=\"3 Minuten\" \/>\n<script type=\"application\/ld+json\" class=\"yoast-schema-graph\">{\"@context\":\"https:\/\/schema.org\",\"@graph\":[{\"@type\":\"WebPage\",\"@id\":\"https:\/\/vipgo.atsautomation.com\/atsautomation\/de\/kundendienst-und-dienstleistung\/digitale-dienstleistungen\/illuminate-werkshallen-managementsystem\/\",\"url\":\"https:\/\/vipgo.atsautomation.com\/atsautomation\/de\/kundendienst-und-dienstleistung\/digitale-dienstleistungen\/illuminate-werkshallen-managementsystem\/\",\"name\":\"Illuminate\u2122 Werkshallen-Managementsystem - ATS Corporation\",\"isPartOf\":{\"@id\":\"https:\/\/vipgo.atsautomation.com\/atsautomation\/de\/#website\"},\"primaryImageOfPage\":{\"@id\":\"https:\/\/vipgo.atsautomation.com\/atsautomation\/de\/kundendienst-und-dienstleistung\/digitale-dienstleistungen\/illuminate-werkshallen-managementsystem\/#primaryimage\"},\"image\":{\"@id\":\"https:\/\/vipgo.atsautomation.com\/atsautomation\/de\/kundendienst-und-dienstleistung\/digitale-dienstleistungen\/illuminate-werkshallen-managementsystem\/#primaryimage\"},\"thumbnailUrl\":\"https:\/\/vipgo.atsautomation.com\/atsautomation\/wp-content\/uploads\/sites\/9\/2020\/06\/Illuminate-Equipment-Health-Score.jpg\",\"datePublished\":\"2020-07-15T13:10:20+00:00\",\"dateModified\":\"2023-01-31T19:24:01+00:00\",\"description\":\"Manufacturers need an Industry 4.0 Smart Manufacturing System. The manufacturing automation system optimizes operations & productions without sacrificing cost.\",\"breadcrumb\":{\"@id\":\"https:\/\/vipgo.atsautomation.com\/atsautomation\/de\/kundendienst-und-dienstleistung\/digitale-dienstleistungen\/illuminate-werkshallen-managementsystem\/#breadcrumb\"},\"inLanguage\":\"de-DE\",\"potentialAction\":[{\"@type\":\"ReadAction\",\"target\":[\"https:\/\/vipgo.atsautomation.com\/atsautomation\/de\/kundendienst-und-dienstleistung\/digitale-dienstleistungen\/illuminate-werkshallen-managementsystem\/\"]}]},{\"@type\":\"ImageObject\",\"inLanguage\":\"de-DE\",\"@id\":\"https:\/\/vipgo.atsautomation.com\/atsautomation\/de\/kundendienst-und-dienstleistung\/digitale-dienstleistungen\/illuminate-werkshallen-managementsystem\/#primaryimage\",\"url\":\"https:\/\/vipgo.atsautomation.com\/atsautomation\/wp-content\/uploads\/sites\/9\/2020\/06\/Illuminate-Equipment-Health-Score.jpg\",\"contentUrl\":\"https:\/\/vipgo.atsautomation.com\/atsautomation\/wp-content\/uploads\/sites\/9\/2020\/06\/Illuminate-Equipment-Health-Score.jpg\",\"width\":1500,\"height\":500},{\"@type\":\"BreadcrumbList\",\"@id\":\"https:\/\/vipgo.atsautomation.com\/atsautomation\/de\/kundendienst-und-dienstleistung\/digitale-dienstleistungen\/illuminate-werkshallen-managementsystem\/#breadcrumb\",\"itemListElement\":[{\"@type\":\"ListItem\",\"position\":1,\"name\":\"Home\",\"item\":\"https:\/\/vipgo.atsautomation.com\/atsautomation\/de\/\"},{\"@type\":\"ListItem\",\"position\":2,\"name\":\"Kundendienst und Dienstleistung\",\"item\":\"https:\/\/vipgo.atsautomation.com\/atsautomation\/de\/kundendienst-und-dienstleistung\/\"},{\"@type\":\"ListItem\",\"position\":3,\"name\":\"Digitale Dienstleistungen\",\"item\":\"https:\/\/vipgo.atsautomation.com\/atsautomation\/de\/kundendienst-und-dienstleistung\/digitale-dienstleistungen\/\"},{\"@type\":\"ListItem\",\"position\":4,\"name\":\"Illuminate\u2122 Werkshallen-Managementsystem\"}]},{\"@type\":\"WebSite\",\"@id\":\"https:\/\/vipgo.atsautomation.com\/atsautomation\/de\/#website\",\"url\":\"https:\/\/vipgo.atsautomation.com\/atsautomation\/de\/\",\"name\":\"ATS Corporation\",\"description\":\"Just another vipgo.atsautomation.com site\",\"publisher\":{\"@id\":\"https:\/\/vipgo.atsautomation.com\/atsautomation\/de\/#organization\"},\"potentialAction\":[{\"@type\":\"SearchAction\",\"target\":{\"@type\":\"EntryPoint\",\"urlTemplate\":\"https:\/\/vipgo.atsautomation.com\/atsautomation\/de\/?s={search_term_string}\"},\"query-input\":{\"@type\":\"PropertyValueSpecification\",\"valueRequired\":true,\"valueName\":\"search_term_string\"}}],\"inLanguage\":\"de-DE\"},{\"@type\":\"Organization\",\"@id\":\"https:\/\/vipgo.atsautomation.com\/atsautomation\/de\/#organization\",\"name\":\"ATS Corporation\",\"url\":\"https:\/\/vipgo.atsautomation.com\/atsautomation\/de\/\",\"logo\":{\"@type\":\"ImageObject\",\"inLanguage\":\"de-DE\",\"@id\":\"https:\/\/vipgo.atsautomation.com\/atsautomation\/de\/#\/schema\/logo\/image\/\",\"url\":\"https:\/\/atsautomation.com\/wp-content\/uploads\/sites\/9\/2022\/11\/ATS-logo-colour-RGB_TM.png\",\"contentUrl\":\"https:\/\/atsautomation.com\/wp-content\/uploads\/sites\/9\/2022\/11\/ATS-logo-colour-RGB_TM.png\",\"width\":1880,\"height\":371,\"caption\":\"ATS Corporation\"},\"image\":{\"@id\":\"https:\/\/vipgo.atsautomation.com\/atsautomation\/de\/#\/schema\/logo\/image\/\"}}]}<\/script>\n<!-- \/ Yoast SEO Premium plugin. -->","yoast_head_json":{"title":"Illuminate\u2122 Werkshallen-Managementsystem - ATS Corporation","description":"Manufacturers need an Industry 4.0 Smart Manufacturing System. The manufacturing automation system optimizes operations & productions without sacrificing cost.","robots":{"index":"index","follow":"follow","max-snippet":"max-snippet:-1","max-image-preview":"max-image-preview:large","max-video-preview":"max-video-preview:-1"},"canonical":"https:\/\/vipgo.atsautomation.com\/atsautomation\/de\/kundendienst-und-dienstleistung\/digitale-dienstleistungen\/illuminate-werkshallen-managementsystem\/","og_locale":"de_DE","og_type":"article","og_title":"Illuminate\u2122 Werkshallen-Managementsystem","og_description":"Manufacturers need an Industry 4.0 Smart Manufacturing System. The manufacturing automation system optimizes operations & productions without sacrificing cost.","og_url":"https:\/\/vipgo.atsautomation.com\/atsautomation\/de\/kundendienst-und-dienstleistung\/digitale-dienstleistungen\/illuminate-werkshallen-managementsystem\/","og_site_name":"ATS Corporation","article_modified_time":"2023-01-31T19:24:01+00:00","og_image":[{"width":1500,"height":500,"url":"https:\/\/vipgo.atsautomation.com\/atsautomation\/wp-content\/uploads\/sites\/9\/2020\/06\/Illuminate-Equipment-Health-Score.jpg","type":"image\/jpeg"}],"twitter_card":"summary_large_image","twitter_misc":{"Gesch\u00e4tzte Lesezeit":"3 Minuten"},"schema":{"@context":"https:\/\/schema.org","@graph":[{"@type":"WebPage","@id":"https:\/\/vipgo.atsautomation.com\/atsautomation\/de\/kundendienst-und-dienstleistung\/digitale-dienstleistungen\/illuminate-werkshallen-managementsystem\/","url":"https:\/\/vipgo.atsautomation.com\/atsautomation\/de\/kundendienst-und-dienstleistung\/digitale-dienstleistungen\/illuminate-werkshallen-managementsystem\/","name":"Illuminate\u2122 Werkshallen-Managementsystem - ATS Corporation","isPartOf":{"@id":"https:\/\/vipgo.atsautomation.com\/atsautomation\/de\/#website"},"primaryImageOfPage":{"@id":"https:\/\/vipgo.atsautomation.com\/atsautomation\/de\/kundendienst-und-dienstleistung\/digitale-dienstleistungen\/illuminate-werkshallen-managementsystem\/#primaryimage"},"image":{"@id":"https:\/\/vipgo.atsautomation.com\/atsautomation\/de\/kundendienst-und-dienstleistung\/digitale-dienstleistungen\/illuminate-werkshallen-managementsystem\/#primaryimage"},"thumbnailUrl":"https:\/\/vipgo.atsautomation.com\/atsautomation\/wp-content\/uploads\/sites\/9\/2020\/06\/Illuminate-Equipment-Health-Score.jpg","datePublished":"2020-07-15T13:10:20+00:00","dateModified":"2023-01-31T19:24:01+00:00","description":"Manufacturers need an Industry 4.0 Smart Manufacturing System. The manufacturing automation system optimizes operations & productions without sacrificing cost.","breadcrumb":{"@id":"https:\/\/vipgo.atsautomation.com\/atsautomation\/de\/kundendienst-und-dienstleistung\/digitale-dienstleistungen\/illuminate-werkshallen-managementsystem\/#breadcrumb"},"inLanguage":"de-DE","potentialAction":[{"@type":"ReadAction","target":["https:\/\/vipgo.atsautomation.com\/atsautomation\/de\/kundendienst-und-dienstleistung\/digitale-dienstleistungen\/illuminate-werkshallen-managementsystem\/"]}]},{"@type":"ImageObject","inLanguage":"de-DE","@id":"https:\/\/vipgo.atsautomation.com\/atsautomation\/de\/kundendienst-und-dienstleistung\/digitale-dienstleistungen\/illuminate-werkshallen-managementsystem\/#primaryimage","url":"https:\/\/vipgo.atsautomation.com\/atsautomation\/wp-content\/uploads\/sites\/9\/2020\/06\/Illuminate-Equipment-Health-Score.jpg","contentUrl":"https:\/\/vipgo.atsautomation.com\/atsautomation\/wp-content\/uploads\/sites\/9\/2020\/06\/Illuminate-Equipment-Health-Score.jpg","width":1500,"height":500},{"@type":"BreadcrumbList","@id":"https:\/\/vipgo.atsautomation.com\/atsautomation\/de\/kundendienst-und-dienstleistung\/digitale-dienstleistungen\/illuminate-werkshallen-managementsystem\/#breadcrumb","itemListElement":[{"@type":"ListItem","position":1,"name":"Home","item":"https:\/\/vipgo.atsautomation.com\/atsautomation\/de\/"},{"@type":"ListItem","position":2,"name":"Kundendienst und Dienstleistung","item":"https:\/\/vipgo.atsautomation.com\/atsautomation\/de\/kundendienst-und-dienstleistung\/"},{"@type":"ListItem","position":3,"name":"Digitale Dienstleistungen","item":"https:\/\/vipgo.atsautomation.com\/atsautomation\/de\/kundendienst-und-dienstleistung\/digitale-dienstleistungen\/"},{"@type":"ListItem","position":4,"name":"Illuminate\u2122 Werkshallen-Managementsystem"}]},{"@type":"WebSite","@id":"https:\/\/vipgo.atsautomation.com\/atsautomation\/de\/#website","url":"https:\/\/vipgo.atsautomation.com\/atsautomation\/de\/","name":"ATS Corporation","description":"Just another vipgo.atsautomation.com site","publisher":{"@id":"https:\/\/vipgo.atsautomation.com\/atsautomation\/de\/#organization"},"potentialAction":[{"@type":"SearchAction","target":{"@type":"EntryPoint","urlTemplate":"https:\/\/vipgo.atsautomation.com\/atsautomation\/de\/?s={search_term_string}"},"query-input":{"@type":"PropertyValueSpecification","valueRequired":true,"valueName":"search_term_string"}}],"inLanguage":"de-DE"},{"@type":"Organization","@id":"https:\/\/vipgo.atsautomation.com\/atsautomation\/de\/#organization","name":"ATS Corporation","url":"https:\/\/vipgo.atsautomation.com\/atsautomation\/de\/","logo":{"@type":"ImageObject","inLanguage":"de-DE","@id":"https:\/\/vipgo.atsautomation.com\/atsautomation\/de\/#\/schema\/logo\/image\/","url":"https:\/\/atsautomation.com\/wp-content\/uploads\/sites\/9\/2022\/11\/ATS-logo-colour-RGB_TM.png","contentUrl":"https:\/\/atsautomation.com\/wp-content\/uploads\/sites\/9\/2022\/11\/ATS-logo-colour-RGB_TM.png","width":1880,"height":371,"caption":"ATS Corporation"},"image":{"@id":"https:\/\/vipgo.atsautomation.com\/atsautomation\/de\/#\/schema\/logo\/image\/"}}]}},"acf":[],"jetpack_sharing_enabled":true,"_links":{"self":[{"href":"https:\/\/vipgo.atsautomation.com\/atsautomation\/de\/wp-json\/wp\/v2\/pages\/10692","targetHints":{"allow":["GET"]}}],"collection":[{"href":"https:\/\/vipgo.atsautomation.com\/atsautomation\/de\/wp-json\/wp\/v2\/pages"}],"about":[{"href":"https:\/\/vipgo.atsautomation.com\/atsautomation\/de\/wp-json\/wp\/v2\/types\/page"}],"author":[{"embeddable":true,"href":"https:\/\/vipgo.atsautomation.com\/atsautomation\/de\/wp-json\/wp\/v2\/users\/9"}],"replies":[{"embeddable":true,"href":"https:\/\/vipgo.atsautomation.com\/atsautomation\/de\/wp-json\/wp\/v2\/comments?post=10692"}],"version-history":[{"count":6,"href":"https:\/\/vipgo.atsautomation.com\/atsautomation\/de\/wp-json\/wp\/v2\/pages\/10692\/revisions"}],"predecessor-version":[{"id":35408,"href":"https:\/\/vipgo.atsautomation.com\/atsautomation\/de\/wp-json\/wp\/v2\/pages\/10692\/revisions\/35408"}],"up":[{"embeddable":true,"href":"https:\/\/vipgo.atsautomation.com\/atsautomation\/de\/wp-json\/wp\/v2\/pages\/9695"}],"wp:featuredmedia":[{"embeddable":true,"href":"https:\/\/vipgo.atsautomation.com\/atsautomation\/de\/wp-json\/wp\/v2\/media\/10666"}],"wp:attachment":[{"href":"https:\/\/vipgo.atsautomation.com\/atsautomation\/de\/wp-json\/wp\/v2\/media?parent=10692"}],"curies":[{"name":"wp","href":"https:\/\/api.w.org\/{rel}","templated":true}]}}