{"id":20823,"date":"2020-07-28T09:27:56","date_gmt":"2020-07-28T09:27:56","guid":{"rendered":"https:\/\/atsautomation.com\/uber-uns\/abm\/"},"modified":"2025-08-08T17:14:44","modified_gmt":"2025-08-08T17:14:44","slug":"abm","status":"publish","type":"page","link":"https:\/\/vipgo.atsautomation.com\/atsautomation\/de\/uber-uns\/abm\/","title":{"rendered":"ABM"},"content":{"rendered":"<h2>Unser ATS-Gesch\u00e4ftsmodell (ABM)<\/h2>\n<p>Ein dezentralisiertes Unternehmen mit einem gemeinsamen Ziel, einem gemeinsamen Ansatz und gemeinsamen Werten, die durch das ATS-Gesch\u00e4ftsmodell miteinander verbunden sind. ATS ist ein vielf\u00e4ltiges, facettenreiches Unternehmen, das den Wert von Innovationen betont. Doch durch unseren Unternehmenskern zieht sich ein roter Faden und eine klare Zielsetzung \u2013 das ATS-Gesch\u00e4ftsmodell (ATS Business Model, ABM). Das ABM wurde 2017 bei ATS eingef\u00fchrt. Dabei handelt es sich um ein leistungsf\u00e4higes Gesch\u00e4ftsmanagementsystem, das es uns erm\u00f6glicht, unsere Unternehmensziele durch einen disziplinierten, kontinuierlichen Verbesserungsprozess zu erreichen. Das ABM stellt unseren Mitarbeitern wichtige Instrumente zur Probleml\u00f6sung und Mustervorlagen zur Beseitigung von Verschwendung und zur F\u00f6rderung von Prozessverbesserungen in allen Zust\u00e4ndigkeitsbereichen bereit, unabh\u00e4ngig von der jeweiligen Funktion der Mitarbeiter. Mit diesem System haben wir die M\u00f6glichkeit, die Kundenzufriedenheit zu verbessern und so unseren Gewinn zu steigern.<\/p>\n<h2>ABM beginnt mit unseren Kernwerten:\u00a0 Menschen, Prozesse, Performance<\/h2>\n<h3>Menschen; Unser Fundament<\/h3>\n<p>Das Fundament eines gro\u00dfartigen Unternehmens ist es, \u00fcber gro\u00dfartige Mitarbeiter zu verf\u00fcgen. Daraus ergibt sich, dass die Arbeit an der Weiterentwicklung, Einbindung, Bef\u00e4higung und Motivation unserer Mitarbeiter sowohl ein zentraler ATS-Wert als auch die erste unserer drei Unternehmenss\u00e4ulen ist, gefolgt von den Werten Prozesse und Performance, die zusammen die Grundlage des ABM bilden.<\/p>\n<p>Wir setzen unser ABM zur Ausbildung, Weiterentwicklung, Einbindung, Bef\u00e4higung und Motivation unserer Mitarbeiter ein, damit sie wirkungsvolle Ver\u00e4nderungen im Unternehmen ansto\u00dfen. Wir konzentrieren uns unerm\u00fcdlich auf die Menschen, denn genau das ist es, was ATS Automation als einen gro\u00dfartigen Ort f\u00fcr den Aufbau einer beruflichen Karriere auszeichnet. Wir k\u00f6nnen auf verschiedene Arten unser ABM nutzen, einschlie\u00dflich des pers\u00f6nlichen Kontakts mit anderen Mitarbeitern und virtuelle Schulungskurse, Unterst\u00fctzung bei der Probleml\u00f6sung und Kaizen-Veranstaltungen in Verbindung mit Schulungen f\u00fcr F\u00fchrungskr\u00e4fte, um so kontinuierlich die jeweils besten Teams zusammenzustellen.<\/p>\n<p><img loading=\"lazy\" decoding=\"async\" class=\"alignnone size-medium wp-image-5306\" src=\"https:\/\/atsautomation.com\/wp-content\/uploads\/sites\/9\/2020\/06\/ATS-Employees-455-250.jpg?w=300\" alt=\"\" width=\"300\" height=\"165\" srcset=\"https:\/\/vipgo.atsautomation.com\/atsautomation\/wp-content\/uploads\/sites\/9\/2020\/06\/ATS-Employees-455-250.jpg 455w, https:\/\/vipgo.atsautomation.com\/atsautomation\/wp-content\/uploads\/sites\/9\/2020\/06\/ATS-Employees-455-250.jpg?resize=300,165 300w\" sizes=\"auto, (max-width: 300px) 100vw, 300px\" \/><\/p>\n<h3>Prozesse: Eine Unternehmenskultur der kontinuierlichen Verbesserung<\/h3>\n<p>In seinem Kern besteht unser ABM aus unserem Streben nach kontinuierlicher Verbesserung in allem, was wir tun. Wenn wir einen Standardprozess haben und diesen Prozess in Zahlen ausdr\u00fccken k\u00f6nnen, sind wir in der Lage, nachhaltige Verbesserungen voranzutreiben.<\/p>\n<p><img loading=\"lazy\" decoding=\"async\" class=\"alignnone size-medium wp-image-4590\" src=\"https:\/\/atsautomation.com\/wp-content\/uploads\/sites\/9\/2020\/06\/ABM-Presentation-455-273.jpg?w=300\" alt=\"\" width=\"300\" height=\"180\" srcset=\"https:\/\/vipgo.atsautomation.com\/atsautomation\/wp-content\/uploads\/sites\/9\/2020\/06\/ABM-Presentation-455-273.jpg 455w, https:\/\/vipgo.atsautomation.com\/atsautomation\/wp-content\/uploads\/sites\/9\/2020\/06\/ABM-Presentation-455-273.jpg?resize=300,180 300w\" sizes=\"auto, (max-width: 300px) 100vw, 300px\" \/><\/p>\n<p>Wir nutzen das ABM-Toolkit in s\u00e4mtlichen Unternehmensbereichen: Betriebsabl\u00e4ufe, Vertrieb, Marketing, Finanzen, Personalmanagement, Informationstechnologie und Innovation, um eine kontinuierliche Verbesserung zu erzielen.\u00a0 Unser Toolkit konzentriert sich auf den Kunden und die Entwicklung eines langfristigen Unternehmenswerts. Dabei setzen wir das ABM in drei Phasen ein: St\u00e4rkung unserer Kernwerte, Wachstum und Streben nach Exzellenz.<\/p>\n<p><img loading=\"lazy\" decoding=\"async\" class=\"alignnone size-full wp-image-23867\" src=\"https:\/\/atsautomation.com\/wp-content\/uploads\/sites\/9\/2020\/08\/ATS_Business_Model_German_good_2.jpg\" alt=\"\" width=\"700\" height=\"273\" srcset=\"https:\/\/vipgo.atsautomation.com\/atsautomation\/wp-content\/uploads\/sites\/9\/2020\/08\/ATS_Business_Model_German_good_2.jpg 2713w, https:\/\/vipgo.atsautomation.com\/atsautomation\/wp-content\/uploads\/sites\/9\/2020\/08\/ATS_Business_Model_German_good_2.jpg?resize=300,117 300w, https:\/\/vipgo.atsautomation.com\/atsautomation\/wp-content\/uploads\/sites\/9\/2020\/08\/ATS_Business_Model_German_good_2.jpg?resize=768,300 768w, https:\/\/vipgo.atsautomation.com\/atsautomation\/wp-content\/uploads\/sites\/9\/2020\/08\/ATS_Business_Model_German_good_2.jpg?resize=1024,400 1024w, https:\/\/vipgo.atsautomation.com\/atsautomation\/wp-content\/uploads\/sites\/9\/2020\/08\/ATS_Business_Model_German_good_2.jpg?resize=1536,600 1536w, https:\/\/vipgo.atsautomation.com\/atsautomation\/wp-content\/uploads\/sites\/9\/2020\/08\/ATS_Business_Model_German_good_2.jpg?resize=2048,799 2048w, https:\/\/vipgo.atsautomation.com\/atsautomation\/wp-content\/uploads\/sites\/9\/2020\/08\/ATS_Business_Model_German_good_2.jpg?resize=700,273 700w\" sizes=\"auto, (max-width: 700px) 100vw, 700px\" \/><\/p>\n<h3>Performance:\u00a0 F\u00fcr Mitarbeiter, Kunden und Aktion\u00e4re<\/h3>\n<p>\u201eNach der Kaizen-Veranstaltung bin ich erstaunt \u00fcber die Ergebnisse, die wir in nur einer Woche erreicht haben. Bitte setzen Sie das ABM weiterhin so progressiv im gesamten Unternehmen ein.\u201c \u2013 Produktionsteamleiter, Cambridge Life Science Division<\/p>\n<p><img loading=\"lazy\" decoding=\"async\" class=\"alignnone size-medium wp-image-5154\" src=\"https:\/\/atsautomation.com\/wp-content\/uploads\/sites\/9\/2020\/06\/Presidents-Kaizen-455-250.jpg?w=300\" alt=\"\" width=\"300\" height=\"165\" srcset=\"https:\/\/vipgo.atsautomation.com\/atsautomation\/wp-content\/uploads\/sites\/9\/2020\/06\/Presidents-Kaizen-455-250.jpg 455w, https:\/\/vipgo.atsautomation.com\/atsautomation\/wp-content\/uploads\/sites\/9\/2020\/06\/Presidents-Kaizen-455-250.jpg?resize=300,165 300w\" sizes=\"auto, (max-width: 300px) 100vw, 300px\" \/><\/p>\n<p>Es ist das unerm\u00fcdliche Streben nach kontinuierlicher Verbesserung, die Nutzung der F\u00e4higkeiten und der Schulung eines gro\u00dfartigen Teams, das f\u00fcr Mitarbeiter, Kunden und Aktion\u00e4re herausragende Leistungen erbringt.\u00a0 Es geht um weitaus mehr als nur eine schlanke Produktion \u2013 unser ABM ist das, was wir sind, auf die Art, in der wir Gesch\u00e4fte machen. Und dies wird auch weiterhin der Wettbewerbsvorteil von ATS sein.<\/p>\n","protected":false},"excerpt":{"rendered":"<p>Unser ATS-Gesch\u00e4ftsmodell (ABM) Ein dezentralisiertes Unternehmen mit einem gemeinsamen Ziel, einem gemeinsamen Ansatz und gemeinsamen Werten, die durch das ATS-Gesch\u00e4ftsmodell miteinander verbunden sind. ATS ist ein vielf\u00e4ltiges, facettenreiches Unternehmen, das den Wert von Innovationen betont. Doch durch unseren Unternehmenskern zieht sich ein roter Faden und eine klare Zielsetzung \u2013 das ATS-Gesch\u00e4ftsmodell (ATS Business Model, ABM). Das ABM wurde 2017 bei&#8230;<\/p>\n<div class=\"post-button\"><a href=\"https:\/\/vipgo.atsautomation.com\/atsautomation\/de\/uber-uns\/abm\/\">Read More<\/a><\/div>\n","protected":false},"author":3,"featured_media":12953,"parent":8797,"menu_order":0,"comment_status":"closed","ping_status":"closed","template":"","meta":{"_acf_changed":false,"footnotes":""},"class_list":["post-20823","page","type-page","status-publish","has-post-thumbnail","hentry"],"yoast_head":"<!-- This site is optimized with the Yoast SEO Premium plugin v26.8 (Yoast SEO v26.8) - https:\/\/yoast.com\/product\/yoast-seo-premium-wordpress\/ -->\n<title>ATS Business Model | ABM | ATS Automation<\/title>\n<meta name=\"description\" content=\"The ATS Business Model (ABM) is a business management system that provides problem-solving tools &amp; a template for eliminating waste &amp; improving processes.\" \/>\n<meta name=\"robots\" content=\"index, follow, max-snippet:-1, max-image-preview:large, max-video-preview:-1\" \/>\n<link rel=\"canonical\" href=\"https:\/\/vipgo.atsautomation.com\/atsautomation\/de\/uber-uns\/abm\/\" \/>\n<meta property=\"og:locale\" content=\"de_DE\" \/>\n<meta property=\"og:type\" content=\"article\" \/>\n<meta property=\"og:title\" content=\"ABM\" \/>\n<meta property=\"og:description\" content=\"The ATS Business Model (ABM) is a business management system that provides problem-solving tools &amp; a template for eliminating waste &amp; improving processes.\" \/>\n<meta property=\"og:url\" content=\"https:\/\/vipgo.atsautomation.com\/atsautomation\/de\/uber-uns\/abm\/\" \/>\n<meta property=\"og:site_name\" content=\"ATS Corporation\" \/>\n<meta property=\"article:modified_time\" content=\"2025-08-08T17:14:44+00:00\" \/>\n<meta property=\"og:image\" content=\"https:\/\/vipgo.atsautomation.com\/atsautomation\/wp-content\/uploads\/sites\/9\/2020\/06\/ABM-Banner-1500-500.jpg\" \/>\n\t<meta property=\"og:image:width\" content=\"1500\" \/>\n\t<meta property=\"og:image:height\" content=\"500\" \/>\n\t<meta property=\"og:image:type\" content=\"image\/jpeg\" \/>\n<meta name=\"twitter:card\" content=\"summary_large_image\" \/>\n<meta name=\"twitter:label1\" content=\"Gesch\u00e4tzte Lesezeit\" \/>\n\t<meta name=\"twitter:data1\" content=\"4 Minuten\" \/>\n<script type=\"application\/ld+json\" class=\"yoast-schema-graph\">{\"@context\":\"https:\/\/schema.org\",\"@graph\":[{\"@type\":\"WebPage\",\"@id\":\"https:\/\/vipgo.atsautomation.com\/atsautomation\/de\/uber-uns\/abm\/\",\"url\":\"https:\/\/vipgo.atsautomation.com\/atsautomation\/de\/uber-uns\/abm\/\",\"name\":\"ATS Business Model | ABM | ATS Automation\",\"isPartOf\":{\"@id\":\"https:\/\/vipgo.atsautomation.com\/atsautomation\/de\/#website\"},\"primaryImageOfPage\":{\"@id\":\"https:\/\/vipgo.atsautomation.com\/atsautomation\/de\/uber-uns\/abm\/#primaryimage\"},\"image\":{\"@id\":\"https:\/\/vipgo.atsautomation.com\/atsautomation\/de\/uber-uns\/abm\/#primaryimage\"},\"thumbnailUrl\":\"https:\/\/vipgo.atsautomation.com\/atsautomation\/wp-content\/uploads\/sites\/9\/2020\/06\/ABM-Banner-1500-500.jpg\",\"datePublished\":\"2020-07-28T09:27:56+00:00\",\"dateModified\":\"2025-08-08T17:14:44+00:00\",\"description\":\"The ATS Business Model (ABM) is a business management system that provides problem-solving tools & a template for eliminating waste & improving processes.\",\"breadcrumb\":{\"@id\":\"https:\/\/vipgo.atsautomation.com\/atsautomation\/de\/uber-uns\/abm\/#breadcrumb\"},\"inLanguage\":\"de-DE\",\"potentialAction\":[{\"@type\":\"ReadAction\",\"target\":[\"https:\/\/vipgo.atsautomation.com\/atsautomation\/de\/uber-uns\/abm\/\"]}]},{\"@type\":\"ImageObject\",\"inLanguage\":\"de-DE\",\"@id\":\"https:\/\/vipgo.atsautomation.com\/atsautomation\/de\/uber-uns\/abm\/#primaryimage\",\"url\":\"https:\/\/vipgo.atsautomation.com\/atsautomation\/wp-content\/uploads\/sites\/9\/2020\/06\/ABM-Banner-1500-500.jpg\",\"contentUrl\":\"https:\/\/vipgo.atsautomation.com\/atsautomation\/wp-content\/uploads\/sites\/9\/2020\/06\/ABM-Banner-1500-500.jpg\",\"width\":1500,\"height\":500},{\"@type\":\"BreadcrumbList\",\"@id\":\"https:\/\/vipgo.atsautomation.com\/atsautomation\/de\/uber-uns\/abm\/#breadcrumb\",\"itemListElement\":[{\"@type\":\"ListItem\",\"position\":1,\"name\":\"Home\",\"item\":\"https:\/\/vipgo.atsautomation.com\/atsautomation\/de\/\"},{\"@type\":\"ListItem\",\"position\":2,\"name\":\"\u00dcber uns\",\"item\":\"https:\/\/vipgo.atsautomation.com\/atsautomation\/de\/about-us\/\"},{\"@type\":\"ListItem\",\"position\":3,\"name\":\"ABM\"}]},{\"@type\":\"WebSite\",\"@id\":\"https:\/\/vipgo.atsautomation.com\/atsautomation\/de\/#website\",\"url\":\"https:\/\/vipgo.atsautomation.com\/atsautomation\/de\/\",\"name\":\"ATS Corporation\",\"description\":\"Just another vipgo.atsautomation.com site\",\"publisher\":{\"@id\":\"https:\/\/vipgo.atsautomation.com\/atsautomation\/de\/#organization\"},\"potentialAction\":[{\"@type\":\"SearchAction\",\"target\":{\"@type\":\"EntryPoint\",\"urlTemplate\":\"https:\/\/vipgo.atsautomation.com\/atsautomation\/de\/?s={search_term_string}\"},\"query-input\":{\"@type\":\"PropertyValueSpecification\",\"valueRequired\":true,\"valueName\":\"search_term_string\"}}],\"inLanguage\":\"de-DE\"},{\"@type\":\"Organization\",\"@id\":\"https:\/\/vipgo.atsautomation.com\/atsautomation\/de\/#organization\",\"name\":\"ATS Corporation\",\"url\":\"https:\/\/vipgo.atsautomation.com\/atsautomation\/de\/\",\"logo\":{\"@type\":\"ImageObject\",\"inLanguage\":\"de-DE\",\"@id\":\"https:\/\/vipgo.atsautomation.com\/atsautomation\/de\/#\/schema\/logo\/image\/\",\"url\":\"https:\/\/atsautomation.com\/wp-content\/uploads\/sites\/9\/2022\/11\/ATS-logo-colour-RGB_TM.png\",\"contentUrl\":\"https:\/\/atsautomation.com\/wp-content\/uploads\/sites\/9\/2022\/11\/ATS-logo-colour-RGB_TM.png\",\"width\":1880,\"height\":371,\"caption\":\"ATS Corporation\"},\"image\":{\"@id\":\"https:\/\/vipgo.atsautomation.com\/atsautomation\/de\/#\/schema\/logo\/image\/\"}}]}<\/script>\n<!-- \/ Yoast SEO Premium plugin. -->","yoast_head_json":{"title":"ATS Business Model | ABM | ATS Automation","description":"The ATS Business Model (ABM) is a business management system that provides problem-solving tools & a template for eliminating waste & improving processes.","robots":{"index":"index","follow":"follow","max-snippet":"max-snippet:-1","max-image-preview":"max-image-preview:large","max-video-preview":"max-video-preview:-1"},"canonical":"https:\/\/vipgo.atsautomation.com\/atsautomation\/de\/uber-uns\/abm\/","og_locale":"de_DE","og_type":"article","og_title":"ABM","og_description":"The ATS Business Model (ABM) is a business management system that provides problem-solving tools & a template for eliminating waste & improving processes.","og_url":"https:\/\/vipgo.atsautomation.com\/atsautomation\/de\/uber-uns\/abm\/","og_site_name":"ATS Corporation","article_modified_time":"2025-08-08T17:14:44+00:00","og_image":[{"width":1500,"height":500,"url":"https:\/\/vipgo.atsautomation.com\/atsautomation\/wp-content\/uploads\/sites\/9\/2020\/06\/ABM-Banner-1500-500.jpg","type":"image\/jpeg"}],"twitter_card":"summary_large_image","twitter_misc":{"Gesch\u00e4tzte Lesezeit":"4 Minuten"},"schema":{"@context":"https:\/\/schema.org","@graph":[{"@type":"WebPage","@id":"https:\/\/vipgo.atsautomation.com\/atsautomation\/de\/uber-uns\/abm\/","url":"https:\/\/vipgo.atsautomation.com\/atsautomation\/de\/uber-uns\/abm\/","name":"ATS Business Model | ABM | ATS Automation","isPartOf":{"@id":"https:\/\/vipgo.atsautomation.com\/atsautomation\/de\/#website"},"primaryImageOfPage":{"@id":"https:\/\/vipgo.atsautomation.com\/atsautomation\/de\/uber-uns\/abm\/#primaryimage"},"image":{"@id":"https:\/\/vipgo.atsautomation.com\/atsautomation\/de\/uber-uns\/abm\/#primaryimage"},"thumbnailUrl":"https:\/\/vipgo.atsautomation.com\/atsautomation\/wp-content\/uploads\/sites\/9\/2020\/06\/ABM-Banner-1500-500.jpg","datePublished":"2020-07-28T09:27:56+00:00","dateModified":"2025-08-08T17:14:44+00:00","description":"The ATS Business Model (ABM) is a business management system that provides problem-solving tools & a template for eliminating waste & improving processes.","breadcrumb":{"@id":"https:\/\/vipgo.atsautomation.com\/atsautomation\/de\/uber-uns\/abm\/#breadcrumb"},"inLanguage":"de-DE","potentialAction":[{"@type":"ReadAction","target":["https:\/\/vipgo.atsautomation.com\/atsautomation\/de\/uber-uns\/abm\/"]}]},{"@type":"ImageObject","inLanguage":"de-DE","@id":"https:\/\/vipgo.atsautomation.com\/atsautomation\/de\/uber-uns\/abm\/#primaryimage","url":"https:\/\/vipgo.atsautomation.com\/atsautomation\/wp-content\/uploads\/sites\/9\/2020\/06\/ABM-Banner-1500-500.jpg","contentUrl":"https:\/\/vipgo.atsautomation.com\/atsautomation\/wp-content\/uploads\/sites\/9\/2020\/06\/ABM-Banner-1500-500.jpg","width":1500,"height":500},{"@type":"BreadcrumbList","@id":"https:\/\/vipgo.atsautomation.com\/atsautomation\/de\/uber-uns\/abm\/#breadcrumb","itemListElement":[{"@type":"ListItem","position":1,"name":"Home","item":"https:\/\/vipgo.atsautomation.com\/atsautomation\/de\/"},{"@type":"ListItem","position":2,"name":"\u00dcber uns","item":"https:\/\/vipgo.atsautomation.com\/atsautomation\/de\/about-us\/"},{"@type":"ListItem","position":3,"name":"ABM"}]},{"@type":"WebSite","@id":"https:\/\/vipgo.atsautomation.com\/atsautomation\/de\/#website","url":"https:\/\/vipgo.atsautomation.com\/atsautomation\/de\/","name":"ATS Corporation","description":"Just another vipgo.atsautomation.com site","publisher":{"@id":"https:\/\/vipgo.atsautomation.com\/atsautomation\/de\/#organization"},"potentialAction":[{"@type":"SearchAction","target":{"@type":"EntryPoint","urlTemplate":"https:\/\/vipgo.atsautomation.com\/atsautomation\/de\/?s={search_term_string}"},"query-input":{"@type":"PropertyValueSpecification","valueRequired":true,"valueName":"search_term_string"}}],"inLanguage":"de-DE"},{"@type":"Organization","@id":"https:\/\/vipgo.atsautomation.com\/atsautomation\/de\/#organization","name":"ATS Corporation","url":"https:\/\/vipgo.atsautomation.com\/atsautomation\/de\/","logo":{"@type":"ImageObject","inLanguage":"de-DE","@id":"https:\/\/vipgo.atsautomation.com\/atsautomation\/de\/#\/schema\/logo\/image\/","url":"https:\/\/atsautomation.com\/wp-content\/uploads\/sites\/9\/2022\/11\/ATS-logo-colour-RGB_TM.png","contentUrl":"https:\/\/atsautomation.com\/wp-content\/uploads\/sites\/9\/2022\/11\/ATS-logo-colour-RGB_TM.png","width":1880,"height":371,"caption":"ATS Corporation"},"image":{"@id":"https:\/\/vipgo.atsautomation.com\/atsautomation\/de\/#\/schema\/logo\/image\/"}}]}},"acf":[],"jetpack_sharing_enabled":true,"_links":{"self":[{"href":"https:\/\/vipgo.atsautomation.com\/atsautomation\/de\/wp-json\/wp\/v2\/pages\/20823","targetHints":{"allow":["GET"]}}],"collection":[{"href":"https:\/\/vipgo.atsautomation.com\/atsautomation\/de\/wp-json\/wp\/v2\/pages"}],"about":[{"href":"https:\/\/vipgo.atsautomation.com\/atsautomation\/de\/wp-json\/wp\/v2\/types\/page"}],"author":[{"embeddable":true,"href":"https:\/\/vipgo.atsautomation.com\/atsautomation\/de\/wp-json\/wp\/v2\/users\/3"}],"replies":[{"embeddable":true,"href":"https:\/\/vipgo.atsautomation.com\/atsautomation\/de\/wp-json\/wp\/v2\/comments?post=20823"}],"version-history":[{"count":4,"href":"https:\/\/vipgo.atsautomation.com\/atsautomation\/de\/wp-json\/wp\/v2\/pages\/20823\/revisions"}],"predecessor-version":[{"id":37492,"href":"https:\/\/vipgo.atsautomation.com\/atsautomation\/de\/wp-json\/wp\/v2\/pages\/20823\/revisions\/37492"}],"up":[{"embeddable":true,"href":"https:\/\/vipgo.atsautomation.com\/atsautomation\/de\/wp-json\/wp\/v2\/pages\/8797"}],"wp:featuredmedia":[{"embeddable":true,"href":"https:\/\/vipgo.atsautomation.com\/atsautomation\/de\/wp-json\/wp\/v2\/media\/12953"}],"wp:attachment":[{"href":"https:\/\/vipgo.atsautomation.com\/atsautomation\/de\/wp-json\/wp\/v2\/media?parent=20823"}],"curies":[{"name":"wp","href":"https:\/\/api.w.org\/{rel}","templated":true}]}}