{"id":21810,"date":"2020-07-30T18:30:12","date_gmt":"2020-07-30T18:30:12","guid":{"rendered":"https:\/\/atsautomation.com\/end-to-end-automatisierungsdienstleistungen-2\/"},"modified":"2020-07-31T01:58:17","modified_gmt":"2020-07-31T01:58:17","slug":"end-to-end-automatisierungsdienstleistungen-2","status":"publish","type":"page","link":"https:\/\/vipgo.atsautomation.com\/atsautomation\/de\/end-to-end-automatisierungsdienstleistungen-2\/","title":{"rendered":"End-to-End-Automatisierungsdienstleistungen"},"content":{"rendered":"<p>Dank des breiten und tiefgr\u00fcndigen Fachwissens aus den verschiedensten Branchen und technischen Bereichen stellt ATS seinen Kunden L\u00f6sungen aus einer Hand zur Verf\u00fcgung, die zur Kostenreduzierung im Produktionsbereich beitragen, die Auslieferung der Produkte beschleunigen und die Qualit\u00e4tskontrolle verbessern.\u00a0 Wir arbeiten mit unseren Kunden sowohl an Greenfield-Programmen, wie der Ausstattung neuer Fabriken, als auch an Brownfield-Programmen zusammen, wie beispielsweise der Erweiterung von Kapazit\u00e4ten, Verlagerung von Produktionslinien, Anlagenaufr\u00fcstungen, Software-Upgrades, Effizienzsteigerungen und Fabrikoptimierungen.<\/p>\n","protected":false},"excerpt":{"rendered":"<p>Dank des breiten und tiefgr\u00fcndigen Fachwissens aus den verschiedensten Branchen und technischen Bereichen stellt ATS seinen Kunden L\u00f6sungen aus einer Hand zur Verf\u00fcgung, die zur Kostenreduzierung im Produktionsbereich beitragen, die Auslieferung der Produkte beschleunigen und die Qualit\u00e4tskontrolle verbessern.\u00a0 Wir arbeiten mit unseren Kunden sowohl an Greenfield-Programmen, wie der Ausstattung neuer Fabriken, als auch an Brownfield-Programmen zusammen, wie beispielsweise der Erweiterung&#8230;<\/p>\n<div class=\"post-button\"><a href=\"https:\/\/vipgo.atsautomation.com\/atsautomation\/de\/end-to-end-automatisierungsdienstleistungen-2\/\">Read More<\/a><\/div>\n","protected":false},"author":28,"featured_media":12693,"parent":0,"menu_order":0,"comment_status":"closed","ping_status":"closed","template":"page-templates\/landing-page.php","meta":{"_acf_changed":false,"footnotes":""},"class_list":["post-21810","page","type-page","status-publish","has-post-thumbnail","hentry"],"yoast_head":"<!-- This site is optimized with the Yoast SEO Premium plugin v26.8 (Yoast SEO v26.8) - https:\/\/yoast.com\/product\/yoast-seo-premium-wordpress\/ -->\n<title>End-to-End Automation System Integrator | ATS Automation<\/title>\n<meta name=\"description\" content=\"ATS Automation is a system automation integrator that offers solutions to help customers lower production costs, accelerate delivery &amp; improve quality control.\" \/>\n<meta name=\"robots\" content=\"index, follow, max-snippet:-1, max-image-preview:large, max-video-preview:-1\" \/>\n<link rel=\"canonical\" href=\"https:\/\/vipgo.atsautomation.com\/atsautomation\/de\/end-to-end-automatisierungsdienstleistungen-2\/\" \/>\n<meta property=\"og:locale\" content=\"de_DE\" \/>\n<meta property=\"og:type\" content=\"article\" \/>\n<meta property=\"og:title\" content=\"End-to-End-Automatisierungsdienstleistungen\" \/>\n<meta property=\"og:description\" content=\"ATS Automation is a system automation integrator that offers solutions to help customers lower production costs, accelerate delivery &amp; improve quality control.\" \/>\n<meta property=\"og:url\" content=\"https:\/\/vipgo.atsautomation.com\/atsautomation\/de\/end-to-end-automatisierungsdienstleistungen-2\/\" \/>\n<meta property=\"og:site_name\" content=\"ATS Corporation\" \/>\n<meta property=\"article:modified_time\" content=\"2020-07-31T01:58:17+00:00\" \/>\n<meta property=\"og:image\" content=\"https:\/\/vipgo.atsautomation.com\/atsautomation\/wp-content\/uploads\/sites\/9\/2020\/07\/Corp-Content-Page-Banner-6250x2084-1.jpg\" \/>\n\t<meta property=\"og:image:width\" content=\"1500\" \/>\n\t<meta property=\"og:image:height\" content=\"500\" \/>\n\t<meta property=\"og:image:type\" content=\"image\/jpeg\" \/>\n<meta name=\"twitter:card\" content=\"summary_large_image\" \/>\n<script type=\"application\/ld+json\" class=\"yoast-schema-graph\">{\"@context\":\"https:\/\/schema.org\",\"@graph\":[{\"@type\":\"WebPage\",\"@id\":\"https:\/\/vipgo.atsautomation.com\/atsautomation\/de\/end-to-end-automatisierungsdienstleistungen-2\/\",\"url\":\"https:\/\/vipgo.atsautomation.com\/atsautomation\/de\/end-to-end-automatisierungsdienstleistungen-2\/\",\"name\":\"End-to-End Automation System Integrator | ATS Automation\",\"isPartOf\":{\"@id\":\"https:\/\/vipgo.atsautomation.com\/atsautomation\/de\/#website\"},\"primaryImageOfPage\":{\"@id\":\"https:\/\/vipgo.atsautomation.com\/atsautomation\/de\/end-to-end-automatisierungsdienstleistungen-2\/#primaryimage\"},\"image\":{\"@id\":\"https:\/\/vipgo.atsautomation.com\/atsautomation\/de\/end-to-end-automatisierungsdienstleistungen-2\/#primaryimage\"},\"thumbnailUrl\":\"https:\/\/vipgo.atsautomation.com\/atsautomation\/wp-content\/uploads\/sites\/9\/2020\/07\/Corp-Content-Page-Banner-6250x2084-1.jpg\",\"datePublished\":\"2020-07-30T18:30:12+00:00\",\"dateModified\":\"2020-07-31T01:58:17+00:00\",\"description\":\"ATS Automation is a system automation integrator that offers solutions to help customers lower production costs, accelerate delivery & improve quality control.\",\"breadcrumb\":{\"@id\":\"https:\/\/vipgo.atsautomation.com\/atsautomation\/de\/end-to-end-automatisierungsdienstleistungen-2\/#breadcrumb\"},\"inLanguage\":\"de-DE\",\"potentialAction\":[{\"@type\":\"ReadAction\",\"target\":[\"https:\/\/vipgo.atsautomation.com\/atsautomation\/de\/end-to-end-automatisierungsdienstleistungen-2\/\"]}]},{\"@type\":\"ImageObject\",\"inLanguage\":\"de-DE\",\"@id\":\"https:\/\/vipgo.atsautomation.com\/atsautomation\/de\/end-to-end-automatisierungsdienstleistungen-2\/#primaryimage\",\"url\":\"https:\/\/vipgo.atsautomation.com\/atsautomation\/wp-content\/uploads\/sites\/9\/2020\/07\/Corp-Content-Page-Banner-6250x2084-1.jpg\",\"contentUrl\":\"https:\/\/vipgo.atsautomation.com\/atsautomation\/wp-content\/uploads\/sites\/9\/2020\/07\/Corp-Content-Page-Banner-6250x2084-1.jpg\",\"width\":1500,\"height\":500,\"caption\":\"ATS-Logo einge\u00e4tzt in die Glasabdeckung einer Maschine\"},{\"@type\":\"BreadcrumbList\",\"@id\":\"https:\/\/vipgo.atsautomation.com\/atsautomation\/de\/end-to-end-automatisierungsdienstleistungen-2\/#breadcrumb\",\"itemListElement\":[{\"@type\":\"ListItem\",\"position\":1,\"name\":\"Home\",\"item\":\"https:\/\/vipgo.atsautomation.com\/atsautomation\/de\/\"},{\"@type\":\"ListItem\",\"position\":2,\"name\":\"End-to-End-Automatisierungsdienstleistungen\"}]},{\"@type\":\"WebSite\",\"@id\":\"https:\/\/vipgo.atsautomation.com\/atsautomation\/de\/#website\",\"url\":\"https:\/\/vipgo.atsautomation.com\/atsautomation\/de\/\",\"name\":\"ATS Corporation\",\"description\":\"Just another vipgo.atsautomation.com site\",\"publisher\":{\"@id\":\"https:\/\/vipgo.atsautomation.com\/atsautomation\/de\/#organization\"},\"potentialAction\":[{\"@type\":\"SearchAction\",\"target\":{\"@type\":\"EntryPoint\",\"urlTemplate\":\"https:\/\/vipgo.atsautomation.com\/atsautomation\/de\/?s={search_term_string}\"},\"query-input\":{\"@type\":\"PropertyValueSpecification\",\"valueRequired\":true,\"valueName\":\"search_term_string\"}}],\"inLanguage\":\"de-DE\"},{\"@type\":\"Organization\",\"@id\":\"https:\/\/vipgo.atsautomation.com\/atsautomation\/de\/#organization\",\"name\":\"ATS Corporation\",\"url\":\"https:\/\/vipgo.atsautomation.com\/atsautomation\/de\/\",\"logo\":{\"@type\":\"ImageObject\",\"inLanguage\":\"de-DE\",\"@id\":\"https:\/\/vipgo.atsautomation.com\/atsautomation\/de\/#\/schema\/logo\/image\/\",\"url\":\"https:\/\/atsautomation.com\/wp-content\/uploads\/sites\/9\/2022\/11\/ATS-logo-colour-RGB_TM.png\",\"contentUrl\":\"https:\/\/atsautomation.com\/wp-content\/uploads\/sites\/9\/2022\/11\/ATS-logo-colour-RGB_TM.png\",\"width\":1880,\"height\":371,\"caption\":\"ATS Corporation\"},\"image\":{\"@id\":\"https:\/\/vipgo.atsautomation.com\/atsautomation\/de\/#\/schema\/logo\/image\/\"}}]}<\/script>\n<!-- \/ Yoast SEO Premium plugin. -->","yoast_head_json":{"title":"End-to-End Automation System Integrator | ATS Automation","description":"ATS Automation is a system automation integrator that offers solutions to help customers lower production costs, accelerate delivery & improve quality control.","robots":{"index":"index","follow":"follow","max-snippet":"max-snippet:-1","max-image-preview":"max-image-preview:large","max-video-preview":"max-video-preview:-1"},"canonical":"https:\/\/vipgo.atsautomation.com\/atsautomation\/de\/end-to-end-automatisierungsdienstleistungen-2\/","og_locale":"de_DE","og_type":"article","og_title":"End-to-End-Automatisierungsdienstleistungen","og_description":"ATS Automation is a system automation integrator that offers solutions to help customers lower production costs, accelerate delivery & improve quality control.","og_url":"https:\/\/vipgo.atsautomation.com\/atsautomation\/de\/end-to-end-automatisierungsdienstleistungen-2\/","og_site_name":"ATS Corporation","article_modified_time":"2020-07-31T01:58:17+00:00","og_image":[{"width":1500,"height":500,"url":"https:\/\/vipgo.atsautomation.com\/atsautomation\/wp-content\/uploads\/sites\/9\/2020\/07\/Corp-Content-Page-Banner-6250x2084-1.jpg","type":"image\/jpeg"}],"twitter_card":"summary_large_image","schema":{"@context":"https:\/\/schema.org","@graph":[{"@type":"WebPage","@id":"https:\/\/vipgo.atsautomation.com\/atsautomation\/de\/end-to-end-automatisierungsdienstleistungen-2\/","url":"https:\/\/vipgo.atsautomation.com\/atsautomation\/de\/end-to-end-automatisierungsdienstleistungen-2\/","name":"End-to-End Automation System Integrator | ATS Automation","isPartOf":{"@id":"https:\/\/vipgo.atsautomation.com\/atsautomation\/de\/#website"},"primaryImageOfPage":{"@id":"https:\/\/vipgo.atsautomation.com\/atsautomation\/de\/end-to-end-automatisierungsdienstleistungen-2\/#primaryimage"},"image":{"@id":"https:\/\/vipgo.atsautomation.com\/atsautomation\/de\/end-to-end-automatisierungsdienstleistungen-2\/#primaryimage"},"thumbnailUrl":"https:\/\/vipgo.atsautomation.com\/atsautomation\/wp-content\/uploads\/sites\/9\/2020\/07\/Corp-Content-Page-Banner-6250x2084-1.jpg","datePublished":"2020-07-30T18:30:12+00:00","dateModified":"2020-07-31T01:58:17+00:00","description":"ATS Automation is a system automation integrator that offers solutions to help customers lower production costs, accelerate delivery & improve quality control.","breadcrumb":{"@id":"https:\/\/vipgo.atsautomation.com\/atsautomation\/de\/end-to-end-automatisierungsdienstleistungen-2\/#breadcrumb"},"inLanguage":"de-DE","potentialAction":[{"@type":"ReadAction","target":["https:\/\/vipgo.atsautomation.com\/atsautomation\/de\/end-to-end-automatisierungsdienstleistungen-2\/"]}]},{"@type":"ImageObject","inLanguage":"de-DE","@id":"https:\/\/vipgo.atsautomation.com\/atsautomation\/de\/end-to-end-automatisierungsdienstleistungen-2\/#primaryimage","url":"https:\/\/vipgo.atsautomation.com\/atsautomation\/wp-content\/uploads\/sites\/9\/2020\/07\/Corp-Content-Page-Banner-6250x2084-1.jpg","contentUrl":"https:\/\/vipgo.atsautomation.com\/atsautomation\/wp-content\/uploads\/sites\/9\/2020\/07\/Corp-Content-Page-Banner-6250x2084-1.jpg","width":1500,"height":500,"caption":"ATS-Logo einge\u00e4tzt in die Glasabdeckung einer Maschine"},{"@type":"BreadcrumbList","@id":"https:\/\/vipgo.atsautomation.com\/atsautomation\/de\/end-to-end-automatisierungsdienstleistungen-2\/#breadcrumb","itemListElement":[{"@type":"ListItem","position":1,"name":"Home","item":"https:\/\/vipgo.atsautomation.com\/atsautomation\/de\/"},{"@type":"ListItem","position":2,"name":"End-to-End-Automatisierungsdienstleistungen"}]},{"@type":"WebSite","@id":"https:\/\/vipgo.atsautomation.com\/atsautomation\/de\/#website","url":"https:\/\/vipgo.atsautomation.com\/atsautomation\/de\/","name":"ATS Corporation","description":"Just another vipgo.atsautomation.com site","publisher":{"@id":"https:\/\/vipgo.atsautomation.com\/atsautomation\/de\/#organization"},"potentialAction":[{"@type":"SearchAction","target":{"@type":"EntryPoint","urlTemplate":"https:\/\/vipgo.atsautomation.com\/atsautomation\/de\/?s={search_term_string}"},"query-input":{"@type":"PropertyValueSpecification","valueRequired":true,"valueName":"search_term_string"}}],"inLanguage":"de-DE"},{"@type":"Organization","@id":"https:\/\/vipgo.atsautomation.com\/atsautomation\/de\/#organization","name":"ATS Corporation","url":"https:\/\/vipgo.atsautomation.com\/atsautomation\/de\/","logo":{"@type":"ImageObject","inLanguage":"de-DE","@id":"https:\/\/vipgo.atsautomation.com\/atsautomation\/de\/#\/schema\/logo\/image\/","url":"https:\/\/atsautomation.com\/wp-content\/uploads\/sites\/9\/2022\/11\/ATS-logo-colour-RGB_TM.png","contentUrl":"https:\/\/atsautomation.com\/wp-content\/uploads\/sites\/9\/2022\/11\/ATS-logo-colour-RGB_TM.png","width":1880,"height":371,"caption":"ATS Corporation"},"image":{"@id":"https:\/\/vipgo.atsautomation.com\/atsautomation\/de\/#\/schema\/logo\/image\/"}}]}},"acf":[],"jetpack_sharing_enabled":true,"_links":{"self":[{"href":"https:\/\/vipgo.atsautomation.com\/atsautomation\/de\/wp-json\/wp\/v2\/pages\/21810","targetHints":{"allow":["GET"]}}],"collection":[{"href":"https:\/\/vipgo.atsautomation.com\/atsautomation\/de\/wp-json\/wp\/v2\/pages"}],"about":[{"href":"https:\/\/vipgo.atsautomation.com\/atsautomation\/de\/wp-json\/wp\/v2\/types\/page"}],"author":[{"embeddable":true,"href":"https:\/\/vipgo.atsautomation.com\/atsautomation\/de\/wp-json\/wp\/v2\/users\/28"}],"replies":[{"embeddable":true,"href":"https:\/\/vipgo.atsautomation.com\/atsautomation\/de\/wp-json\/wp\/v2\/comments?post=21810"}],"version-history":[{"count":2,"href":"https:\/\/vipgo.atsautomation.com\/atsautomation\/de\/wp-json\/wp\/v2\/pages\/21810\/revisions"}],"predecessor-version":[{"id":21946,"href":"https:\/\/vipgo.atsautomation.com\/atsautomation\/de\/wp-json\/wp\/v2\/pages\/21810\/revisions\/21946"}],"wp:featuredmedia":[{"embeddable":true,"href":"https:\/\/vipgo.atsautomation.com\/atsautomation\/de\/wp-json\/wp\/v2\/media\/12693"}],"wp:attachment":[{"href":"https:\/\/vipgo.atsautomation.com\/atsautomation\/de\/wp-json\/wp\/v2\/media?parent=21810"}],"curies":[{"name":"wp","href":"https:\/\/api.w.org\/{rel}","templated":true}]}}