{"id":21814,"date":"2020-07-30T18:30:15","date_gmt":"2020-07-30T18:30:15","guid":{"rendered":"https:\/\/atsautomation.com\/startseite\/"},"modified":"2023-03-09T21:30:26","modified_gmt":"2023-03-09T21:30:26","slug":"startseite","status":"publish","type":"page","link":"https:\/\/vipgo.atsautomation.com\/atsautomation\/de\/","title":{"rendered":"Startseite"},"content":{"rendered":"<p>[qcld_hero id=47]<\/p>\n<div class=\"jumbotron\">\n<div class=\"container text-center\">\n<h2>Was machen wir?<\/h2>\n<p>Wir bieten die perfekte Synergie aus Erfahrung, Automatisierungstechnik und Firmengr\u00f6\u00dfe, um Automatisierungsl\u00f6sungen f\u00fcr die weltweit f\u00fchrenden Hersteller voranzutreiben.<\/p>\n<\/div>\n<\/div>\n<div class=\"container-fluid bg-3 text-center\">\n<div class=\"row\">\n<div class=\"col-sm-3 flip-card\">\n<h3 class=\"hs-secondary-small\">Branchen<\/h3>\n<div class=\"flip-card-inner\">\n<div class=\"flip-card-front\">\n<figure class=\"sec-team-member-avatar\"><img decoding=\"async\" src=\"https:\/\/atsautomation.com\/wp-content\/uploads\/sites\/9\/2020\/05\/Industries.jpg\" alt=\"Branchen\" \/><\/figure>\n<\/div>\n<div class=\"flip-card-back\">\n<ul>\n<li><a href=\"https:\/\/atslifesciencesgroup.com\/\">Life Sciences<\/a><\/li>\n<li><a href=\"https:\/\/atsautomation.com\/de\/konsumguter-und-industrieprodukte\/\">Konsumprodukte<\/a><\/li>\n<li><a href=\"https:\/\/atsautomation.com\/de\/elektronik\/\">Elektronik<\/a><\/li>\n<li><a href=\"https:\/\/atsautomation.com\/de\/energie\/\">Energie<\/a><\/li>\n<li><a href=\"https:\/\/atsautomation.com\/de\/lebensmittel-und-getranke\/\">Lebensmittel und Getr\u00e4nke<\/a><\/li>\n<li><a href=\"https:\/\/atsautomation.com\/de\/mobilitat-und-transport\/\">Mobilit\u00e4t <\/a><\/li>\n<li><a href=\"https:\/\/atsautomation.com\/de\/nukleare-branche\/\">Nukleartechnik<\/a><\/li>\n<li><a href=\"https:\/\/atsautomation.com\/de\/konsumguter-und-industrieprodukte\/verpackungen\/\">Verpackung<\/a><\/li>\n<li><a href=\"https:\/\/atsautomation.com\/de\/lagerhaltung-und-verteilung\/\">Lagerhaltung und Vertrieb<\/a><\/li>\n<\/ul>\n<\/div>\n<\/div>\n<\/div>\n<div class=\"col-sm-3 flip-card\">\n<h3 class=\"hs-secondary-small\">Services<\/h3>\n<div class=\"flip-card-inner\">\n<div class=\"flip-card-front\">\n<figure class=\"sec-team-member-avatar\"><img decoding=\"async\" src=\"https:\/\/atsautomation.com\/wp-content\/uploads\/sites\/9\/2020\/05\/Services.jpg\" alt=\"Services\" \/><\/figure>\n<\/div>\n<div class=\"flip-card-back\">\n<ul>\n<li><a href=\"https:\/\/atsautomation.com\/de\/kundendienst-und-dienstleistung\/\">Kundendienst und Dienstleistungen<\/a><\/li>\n<li><a href=\"https:\/\/atsautomation.com\/de\/auftragsfertigung\/\">Auftragsfertigung<\/a><\/li>\n<li><a href=\"https:\/\/atsautomation.com\/de\/end-to-end-automatisierungsdienstleistungen-2\/\">End-to-End-Automatisierungsdienstleistungen<\/a><\/li>\n<\/ul>\n<\/div>\n<\/div>\n<\/div>\n<div class=\"col-sm-3 flip-card\">\n<h3 class=\"hs-secondary-small\">Funktionen<\/h3>\n<div class=\"flip-card-inner\">\n<div class=\"flip-card-front\">\n<figure class=\"sec-team-member-avatar\"><img decoding=\"async\" src=\"https:\/\/atsautomation.com\/wp-content\/uploads\/sites\/9\/2020\/05\/Capabilities-Vision-Inspection.jpg\" alt=\"Funktionen\" \/><\/figure>\n<\/div>\n<div class=\"flip-card-back\">\n<ul>\n<li><a href=\"https:\/\/atsautomation.com\/de\/projektmanagement\/\">Projektmanagement<\/a><\/li>\n<li><a href=\"https:\/\/atsautomation.com\/de\/linear-motion-technology\/\">Linear Motion Technology (LMT)<\/a><\/li>\n<li><a href=\"https:\/\/atsautomation.com\/de\/innovative-losungen\/\">Innovative L\u00f6sungen<\/a><\/li>\n<li><a href=\"https:\/\/atsautomation.com\/de\/schlusselfertige-losungen\/\">Schl\u00fcsselfertige L\u00f6sungen<\/a><\/li>\n<li><a href=\"https:\/\/atsautomation.com\/de\/auftragsfertigung\/\">Auftragsfertigung <\/a><\/li>\n<li><a href=\"https:\/\/atsautomation.com\/de\/inspektion-testen-und-visionsprufung\/\">Inspektion, Testen und Visionspr\u00fcfung<\/a><\/li>\n<\/ul>\n<\/div>\n<\/div>\n<\/div>\n<div class=\"col-sm-3 flip-card\">\n<h3 class=\"hs-secondary-small\">Produkte<\/h3>\n<div class=\"flip-card-inner\">\n<div class=\"flip-card-front\">\n<figure class=\"sec-team-member-avatar\"><img decoding=\"async\" src=\"https:\/\/atsautomation.com\/wp-content\/uploads\/sites\/9\/2020\/05\/SuperTrak.jpg\" alt=\"Branchen\" \/><\/figure>\n<\/div>\n<div class=\"flip-card-back\">\n<ul>\n<li><a href=\"https:\/\/atsautomation.com\/de\/kundendienst-und-dienstleistung\/digitale-dienstleistungen\/illuminate-werkshallen-managementsystem\/\">Illuminate\u2122 Manufacturing Intelligence<\/a><\/li>\n<li><a href=\"https:\/\/atsautomation.com\/de\/supertrak-conveyance\/\">SuperTrak CONVEYANCE\u2122<\/a><\/li>\n<li><a href=\"http:\/\/atssmartcoach.com\/\" target=\"_blank\" rel=\"noopener noreferrer\">ATS Smart Coach<\/a><\/li>\n<li><a href=\"https:\/\/atsautomation.com\/de\/ats-visionprodukte\/\">Vision-Produkte<\/a><\/li>\n<li><a href=\"https:\/\/atsautomation.com\/symphoni-technology-and-automated-assembly\/\">Symphoni\u2122 Technology<\/a><\/li>\n<li><a href=\"https:\/\/www.raytecvision.com\/en\/prodotto2.asp?ID3=22\" target=\"blank\" rel=\"noopener\">X-Ray Inspection Raybox<\/a><\/li>\n<li><a href=\"https:\/\/www.glide-line.com\/\" target=\"blank\" rel=\"noopener\">Glide-Line Pallet Conveyors<\/a><\/li>\n<\/ul>\n<\/div>\n<\/div>\n<\/div>\n<\/div>\n<\/div>\n<nav class=\"contact-menu centered\">\n<div class=\"contact-menu-wrapper\">\n<div class=\"contact-menu-item\">\n<div class=\"contact-menu-call-box\"><a href=\"https:\/\/atsautomation.com\/de\/weltweite-dienstleistung\/\" target=\"_blank\" rel=\"noopener noreferrer\">Services<\/a><br \/>\n<a href=\"https:\/\/atsautomation.com\/de\/weltweite-dienstleistung\/\" target=\"_blank\" rel=\"noopener noreferrer\"><img decoding=\"async\" class=\"contact-menu-img\" src=\"https:\/\/atsautomation.com\/wp-content\/uploads\/sites\/9\/2022\/11\/Service.png\" \/><\/a><\/div>\n<\/div>\n<div class=\"contact-menu-item\">\n<div class=\"contact-menu-call-box\"><a href=\"https:\/\/store.atsautomation.com\/login\" target=\"_blank\" rel=\"noopener noreferrer\">E-Commerce <\/a><br \/>\n<a href=\"https:\/\/store.atsautomation.com\/login\" target=\"_blank\" rel=\"noopener noreferrer\"><img decoding=\"async\" class=\"contact-menu-img\" src=\"https:\/\/atsautomation.com\/wp-content\/uploads\/sites\/9\/2022\/11\/Ecommerce.png\" \/><\/a><\/div>\n<\/div>\n<div class=\"contact-menu-item\">\n<div class=\"contact-menu-call-box\"><a href=\"https:\/\/jobs.atsautomation.com\/?locale=en_US\" target=\"_blank\" rel=\"noopener noreferrer\"> Karriere<\/a><br \/>\n<a href=\"https:\/\/jobs.atsautomation.com\/?locale=en_US\" target=\"_blank\" rel=\"noopener noreferrer\"> <img decoding=\"async\" class=\"contact-menu-img\" src=\"https:\/\/atsautomation.com\/wp-content\/uploads\/sites\/9\/2022\/11\/Careers.png\" \/><\/a><\/div>\n<\/div>\n<\/div>\n<\/nav>\n","protected":false},"excerpt":{"rendered":"<p>[qcld_hero id=47] Was machen wir? Wir bieten die perfekte Synergie aus Erfahrung, Automatisierungstechnik und Firmengr\u00f6\u00dfe, um Automatisierungsl\u00f6sungen f\u00fcr die weltweit f\u00fchrenden Hersteller voranzutreiben. Branchen Life Sciences Konsumprodukte Elektronik Energie Lebensmittel und Getr\u00e4nke Mobilit\u00e4t Nukleartechnik Verpackung Lagerhaltung und Vertrieb Services Kundendienst und Dienstleistungen Auftragsfertigung End-to-End-Automatisierungsdienstleistungen Funktionen Projektmanagement Linear Motion Technology (LMT) Innovative L\u00f6sungen Schl\u00fcsselfertige L\u00f6sungen Auftragsfertigung Inspektion, Testen und Visionspr\u00fcfung Produkte&#8230;<\/p>\n<div class=\"post-button\"><a href=\"https:\/\/vipgo.atsautomation.com\/atsautomation\/de\/\">Read More<\/a><\/div>\n","protected":false},"author":3,"featured_media":0,"parent":0,"menu_order":0,"comment_status":"closed","ping_status":"closed","template":"","meta":{"_acf_changed":false,"footnotes":""},"class_list":["post-21814","page","type-page","status-publish","hentry"],"yoast_head":"<!-- This site is optimized with the Yoast SEO Premium plugin v26.8 (Yoast SEO v26.8) - https:\/\/yoast.com\/product\/yoast-seo-premium-wordpress\/ -->\n<title>Industrial Automation Tooling Systems &amp; Products | ATS Automation<\/title>\n<meta name=\"description\" content=\"ATS Automation&#039;s industrial automation systems provide the perfect synergy of experience, automation technology &amp; scale. Advance your factory automation today.\" \/>\n<meta name=\"robots\" content=\"index, follow, max-snippet:-1, max-image-preview:large, max-video-preview:-1\" \/>\n<link rel=\"canonical\" href=\"https:\/\/vipgo.atsautomation.com\/atsautomation\/de\/\" \/>\n<meta property=\"og:locale\" content=\"de_DE\" \/>\n<meta property=\"og:type\" content=\"article\" \/>\n<meta property=\"og:title\" content=\"Startseite\" \/>\n<meta property=\"og:description\" content=\"ATS Automation&#039;s industrial automation systems provide the perfect synergy of experience, automation technology &amp; scale. Advance your factory automation today.\" \/>\n<meta property=\"og:url\" content=\"https:\/\/vipgo.atsautomation.com\/atsautomation\/de\/\" \/>\n<meta property=\"og:site_name\" content=\"ATS Corporation\" \/>\n<meta property=\"article:modified_time\" content=\"2023-03-09T21:30:26+00:00\" \/>\n<meta property=\"og:image\" content=\"https:\/\/atsautomation.com\/wp-content\/uploads\/sites\/9\/2020\/05\/Industries.jpg\" \/>\n<meta name=\"twitter:card\" content=\"summary_large_image\" \/>\n<meta name=\"twitter:label1\" content=\"Gesch\u00e4tzte Lesezeit\" \/>\n\t<meta name=\"twitter:data1\" content=\"2 Minuten\" \/>\n<script type=\"application\/ld+json\" class=\"yoast-schema-graph\">{\"@context\":\"https:\/\/schema.org\",\"@graph\":[{\"@type\":\"WebPage\",\"@id\":\"https:\/\/vipgo.atsautomation.com\/atsautomation\/de\/\",\"url\":\"https:\/\/vipgo.atsautomation.com\/atsautomation\/de\/\",\"name\":\"Industrial Automation Tooling Systems & Products | ATS Automation\",\"isPartOf\":{\"@id\":\"https:\/\/vipgo.atsautomation.com\/atsautomation\/de\/#website\"},\"primaryImageOfPage\":{\"@id\":\"https:\/\/vipgo.atsautomation.com\/atsautomation\/de\/#primaryimage\"},\"image\":{\"@id\":\"https:\/\/vipgo.atsautomation.com\/atsautomation\/de\/#primaryimage\"},\"thumbnailUrl\":\"https:\/\/atsautomation.com\/wp-content\/uploads\/sites\/9\/2020\/05\/Industries.jpg\",\"datePublished\":\"2020-07-30T18:30:15+00:00\",\"dateModified\":\"2023-03-09T21:30:26+00:00\",\"description\":\"ATS Automation's industrial automation systems provide the perfect synergy of experience, automation technology & scale. Advance your factory automation today.\",\"breadcrumb\":{\"@id\":\"https:\/\/vipgo.atsautomation.com\/atsautomation\/de\/#breadcrumb\"},\"inLanguage\":\"de-DE\",\"potentialAction\":[{\"@type\":\"ReadAction\",\"target\":[\"https:\/\/vipgo.atsautomation.com\/atsautomation\/de\/\"]}]},{\"@type\":\"ImageObject\",\"inLanguage\":\"de-DE\",\"@id\":\"https:\/\/vipgo.atsautomation.com\/atsautomation\/de\/#primaryimage\",\"url\":\"https:\/\/atsautomation.com\/wp-content\/uploads\/sites\/9\/2020\/05\/Industries.jpg\",\"contentUrl\":\"https:\/\/atsautomation.com\/wp-content\/uploads\/sites\/9\/2020\/05\/Industries.jpg\"},{\"@type\":\"BreadcrumbList\",\"@id\":\"https:\/\/vipgo.atsautomation.com\/atsautomation\/de\/#breadcrumb\",\"itemListElement\":[{\"@type\":\"ListItem\",\"position\":1,\"name\":\"Home\",\"item\":\"https:\/\/vipgo.atsautomation.com\/atsautomation\/de\/\"},{\"@type\":\"ListItem\",\"position\":2,\"name\":\"Startseite\"}]},{\"@type\":\"WebSite\",\"@id\":\"https:\/\/vipgo.atsautomation.com\/atsautomation\/de\/#website\",\"url\":\"https:\/\/vipgo.atsautomation.com\/atsautomation\/de\/\",\"name\":\"ATS Corporation\",\"description\":\"Just another vipgo.atsautomation.com site\",\"publisher\":{\"@id\":\"https:\/\/vipgo.atsautomation.com\/atsautomation\/de\/#organization\"},\"potentialAction\":[{\"@type\":\"SearchAction\",\"target\":{\"@type\":\"EntryPoint\",\"urlTemplate\":\"https:\/\/vipgo.atsautomation.com\/atsautomation\/de\/?s={search_term_string}\"},\"query-input\":{\"@type\":\"PropertyValueSpecification\",\"valueRequired\":true,\"valueName\":\"search_term_string\"}}],\"inLanguage\":\"de-DE\"},{\"@type\":\"Organization\",\"@id\":\"https:\/\/vipgo.atsautomation.com\/atsautomation\/de\/#organization\",\"name\":\"ATS Corporation\",\"url\":\"https:\/\/vipgo.atsautomation.com\/atsautomation\/de\/\",\"logo\":{\"@type\":\"ImageObject\",\"inLanguage\":\"de-DE\",\"@id\":\"https:\/\/vipgo.atsautomation.com\/atsautomation\/de\/#\/schema\/logo\/image\/\",\"url\":\"https:\/\/atsautomation.com\/wp-content\/uploads\/sites\/9\/2022\/11\/ATS-logo-colour-RGB_TM.png\",\"contentUrl\":\"https:\/\/atsautomation.com\/wp-content\/uploads\/sites\/9\/2022\/11\/ATS-logo-colour-RGB_TM.png\",\"width\":1880,\"height\":371,\"caption\":\"ATS Corporation\"},\"image\":{\"@id\":\"https:\/\/vipgo.atsautomation.com\/atsautomation\/de\/#\/schema\/logo\/image\/\"}}]}<\/script>\n<!-- \/ Yoast SEO Premium plugin. -->","yoast_head_json":{"title":"Industrial Automation Tooling Systems & Products | ATS Automation","description":"ATS Automation's industrial automation systems provide the perfect synergy of experience, automation technology & scale. Advance your factory automation today.","robots":{"index":"index","follow":"follow","max-snippet":"max-snippet:-1","max-image-preview":"max-image-preview:large","max-video-preview":"max-video-preview:-1"},"canonical":"https:\/\/vipgo.atsautomation.com\/atsautomation\/de\/","og_locale":"de_DE","og_type":"article","og_title":"Startseite","og_description":"ATS Automation's industrial automation systems provide the perfect synergy of experience, automation technology & scale. Advance your factory automation today.","og_url":"https:\/\/vipgo.atsautomation.com\/atsautomation\/de\/","og_site_name":"ATS Corporation","article_modified_time":"2023-03-09T21:30:26+00:00","og_image":[{"url":"https:\/\/atsautomation.com\/wp-content\/uploads\/sites\/9\/2020\/05\/Industries.jpg","type":"","width":"","height":""}],"twitter_card":"summary_large_image","twitter_misc":{"Gesch\u00e4tzte Lesezeit":"2 Minuten"},"schema":{"@context":"https:\/\/schema.org","@graph":[{"@type":"WebPage","@id":"https:\/\/vipgo.atsautomation.com\/atsautomation\/de\/","url":"https:\/\/vipgo.atsautomation.com\/atsautomation\/de\/","name":"Industrial Automation Tooling Systems & Products | ATS Automation","isPartOf":{"@id":"https:\/\/vipgo.atsautomation.com\/atsautomation\/de\/#website"},"primaryImageOfPage":{"@id":"https:\/\/vipgo.atsautomation.com\/atsautomation\/de\/#primaryimage"},"image":{"@id":"https:\/\/vipgo.atsautomation.com\/atsautomation\/de\/#primaryimage"},"thumbnailUrl":"https:\/\/atsautomation.com\/wp-content\/uploads\/sites\/9\/2020\/05\/Industries.jpg","datePublished":"2020-07-30T18:30:15+00:00","dateModified":"2023-03-09T21:30:26+00:00","description":"ATS Automation's industrial automation systems provide the perfect synergy of experience, automation technology & scale. Advance your factory automation today.","breadcrumb":{"@id":"https:\/\/vipgo.atsautomation.com\/atsautomation\/de\/#breadcrumb"},"inLanguage":"de-DE","potentialAction":[{"@type":"ReadAction","target":["https:\/\/vipgo.atsautomation.com\/atsautomation\/de\/"]}]},{"@type":"ImageObject","inLanguage":"de-DE","@id":"https:\/\/vipgo.atsautomation.com\/atsautomation\/de\/#primaryimage","url":"https:\/\/atsautomation.com\/wp-content\/uploads\/sites\/9\/2020\/05\/Industries.jpg","contentUrl":"https:\/\/atsautomation.com\/wp-content\/uploads\/sites\/9\/2020\/05\/Industries.jpg"},{"@type":"BreadcrumbList","@id":"https:\/\/vipgo.atsautomation.com\/atsautomation\/de\/#breadcrumb","itemListElement":[{"@type":"ListItem","position":1,"name":"Home","item":"https:\/\/vipgo.atsautomation.com\/atsautomation\/de\/"},{"@type":"ListItem","position":2,"name":"Startseite"}]},{"@type":"WebSite","@id":"https:\/\/vipgo.atsautomation.com\/atsautomation\/de\/#website","url":"https:\/\/vipgo.atsautomation.com\/atsautomation\/de\/","name":"ATS Corporation","description":"Just another vipgo.atsautomation.com site","publisher":{"@id":"https:\/\/vipgo.atsautomation.com\/atsautomation\/de\/#organization"},"potentialAction":[{"@type":"SearchAction","target":{"@type":"EntryPoint","urlTemplate":"https:\/\/vipgo.atsautomation.com\/atsautomation\/de\/?s={search_term_string}"},"query-input":{"@type":"PropertyValueSpecification","valueRequired":true,"valueName":"search_term_string"}}],"inLanguage":"de-DE"},{"@type":"Organization","@id":"https:\/\/vipgo.atsautomation.com\/atsautomation\/de\/#organization","name":"ATS Corporation","url":"https:\/\/vipgo.atsautomation.com\/atsautomation\/de\/","logo":{"@type":"ImageObject","inLanguage":"de-DE","@id":"https:\/\/vipgo.atsautomation.com\/atsautomation\/de\/#\/schema\/logo\/image\/","url":"https:\/\/atsautomation.com\/wp-content\/uploads\/sites\/9\/2022\/11\/ATS-logo-colour-RGB_TM.png","contentUrl":"https:\/\/atsautomation.com\/wp-content\/uploads\/sites\/9\/2022\/11\/ATS-logo-colour-RGB_TM.png","width":1880,"height":371,"caption":"ATS Corporation"},"image":{"@id":"https:\/\/vipgo.atsautomation.com\/atsautomation\/de\/#\/schema\/logo\/image\/"}}]}},"acf":[],"jetpack_sharing_enabled":true,"_links":{"self":[{"href":"https:\/\/vipgo.atsautomation.com\/atsautomation\/de\/wp-json\/wp\/v2\/pages\/21814","targetHints":{"allow":["GET"]}}],"collection":[{"href":"https:\/\/vipgo.atsautomation.com\/atsautomation\/de\/wp-json\/wp\/v2\/pages"}],"about":[{"href":"https:\/\/vipgo.atsautomation.com\/atsautomation\/de\/wp-json\/wp\/v2\/types\/page"}],"author":[{"embeddable":true,"href":"https:\/\/vipgo.atsautomation.com\/atsautomation\/de\/wp-json\/wp\/v2\/users\/3"}],"replies":[{"embeddable":true,"href":"https:\/\/vipgo.atsautomation.com\/atsautomation\/de\/wp-json\/wp\/v2\/comments?post=21814"}],"version-history":[{"count":14,"href":"https:\/\/vipgo.atsautomation.com\/atsautomation\/de\/wp-json\/wp\/v2\/pages\/21814\/revisions"}],"predecessor-version":[{"id":36017,"href":"https:\/\/vipgo.atsautomation.com\/atsautomation\/de\/wp-json\/wp\/v2\/pages\/21814\/revisions\/36017"}],"wp:attachment":[{"href":"https:\/\/vipgo.atsautomation.com\/atsautomation\/de\/wp-json\/wp\/v2\/media?parent=21814"}],"curies":[{"name":"wp","href":"https:\/\/api.w.org\/{rel}","templated":true}]}}