{"id":21921,"date":"2020-07-30T21:33:15","date_gmt":"2020-07-30T21:33:15","guid":{"rendered":"https:\/\/atsautomation.com\/investoren\/zulassungsantrage-sedar\/"},"modified":"2020-08-04T18:55:50","modified_gmt":"2020-08-04T18:55:50","slug":"zulassungsantrage-sedar","status":"publish","type":"page","link":"https:\/\/vipgo.atsautomation.com\/atsautomation\/de\/investoren\/zulassungsantrage-sedar\/","title":{"rendered":"Zulassungsantr\u00e4ge (SEDAR)"},"content":{"rendered":"<div id=\"body_1_maincontent_0_PnlSubtitle\">\n<h2>Die \u00f6ffentlichen Zulassungsantr\u00e4ge von ATS Automation Tooling Systems Inc. umfassen regelm\u00e4\u00dfige Quartalsberichte zur finanziellen Leistung des Unternehmens f\u00fcr die Aktion\u00e4re sowie die Offenlegung wesentlicher Informationen, die f\u00fcr die Aktion\u00e4re des Unternehmens von Interesse sind.<\/h2>\n<\/div>\n<div id=\"body_1_maincontent_0_PnlShortIntro\">\n<p>Die \u00f6ffentlichen Antr\u00e4ge des Unternehmens sind auf dem System for Electronic Document Analysis and Retrieval (SEDAR), einem Dienst der Canadian Securities Administrators und des Canadian Depository for Securities, verf\u00fcgbar.<\/p>\n<\/div>\n<div class=\"button-center\"><a class=\"button-link-style\" target=\"_blank\" href=\"https:\/\/www.sedar.com\/DisplayProfile.do?lang=EN&amp;issuerType=03&amp;issuerNo=00002017\" rel=\"noopener noreferrer\">Antr\u00e4ge von ATS auf SEDAR ansehen<\/a><\/div>\n","protected":false},"excerpt":{"rendered":"<p>Die \u00f6ffentlichen Zulassungsantr\u00e4ge von ATS Automation Tooling Systems Inc. umfassen regelm\u00e4\u00dfige Quartalsberichte zur finanziellen Leistung des Unternehmens f\u00fcr die Aktion\u00e4re sowie die Offenlegung wesentlicher Informationen, die f\u00fcr die Aktion\u00e4re des Unternehmens von Interesse sind. Die \u00f6ffentlichen Antr\u00e4ge des Unternehmens sind auf dem System for Electronic Document Analysis and Retrieval (SEDAR), einem Dienst der Canadian Securities Administrators und des Canadian Depository&#8230;<\/p>\n<div class=\"post-button\"><a href=\"https:\/\/vipgo.atsautomation.com\/atsautomation\/de\/investoren\/zulassungsantrage-sedar\/\">Read More<\/a><\/div>\n","protected":false},"author":3,"featured_media":8804,"parent":8803,"menu_order":0,"comment_status":"closed","ping_status":"closed","template":"","meta":{"_acf_changed":false,"footnotes":""},"class_list":["post-21921","page","type-page","status-publish","has-post-thumbnail","hentry"],"yoast_head":"<!-- This site is optimized with the Yoast SEO Premium plugin v26.8 (Yoast SEO v26.8) - https:\/\/yoast.com\/product\/yoast-seo-premium-wordpress\/ -->\n<title>Regulatory Filings | SEDAR | ATS Automation<\/title>\n<meta name=\"description\" content=\"ATS Automation Tooling Systems Inc. public filings include regular quarterly reports on the financial performance of the company for shareholders. Access files.\" \/>\n<meta name=\"robots\" content=\"index, follow, max-snippet:-1, max-image-preview:large, max-video-preview:-1\" \/>\n<link rel=\"canonical\" href=\"https:\/\/vipgo.atsautomation.com\/atsautomation\/de\/investoren\/zulassungsantrage-sedar\/\" \/>\n<meta property=\"og:locale\" content=\"de_DE\" \/>\n<meta property=\"og:type\" content=\"article\" \/>\n<meta property=\"og:title\" content=\"Zulassungsantr\u00e4ge (SEDAR)\" \/>\n<meta property=\"og:description\" content=\"ATS Automation Tooling Systems Inc. public filings include regular quarterly reports on the financial performance of the company for shareholders. Access files.\" \/>\n<meta property=\"og:url\" content=\"https:\/\/vipgo.atsautomation.com\/atsautomation\/de\/investoren\/zulassungsantrage-sedar\/\" \/>\n<meta property=\"og:site_name\" content=\"ATS Corporation\" \/>\n<meta property=\"article:modified_time\" content=\"2020-08-04T18:55:50+00:00\" \/>\n<meta property=\"og:image\" content=\"https:\/\/vipgo.atsautomation.com\/atsautomation\/wp-content\/uploads\/sites\/9\/2020\/05\/ATS-LifeSciences-banner_1500x500.jpg\" \/>\n\t<meta property=\"og:image:width\" content=\"1500\" \/>\n\t<meta property=\"og:image:height\" content=\"500\" \/>\n\t<meta property=\"og:image:type\" content=\"image\/jpeg\" \/>\n<meta name=\"twitter:card\" content=\"summary_large_image\" \/>\n<script type=\"application\/ld+json\" class=\"yoast-schema-graph\">{\"@context\":\"https:\/\/schema.org\",\"@graph\":[{\"@type\":\"WebPage\",\"@id\":\"https:\/\/vipgo.atsautomation.com\/atsautomation\/de\/investoren\/zulassungsantrage-sedar\/\",\"url\":\"https:\/\/vipgo.atsautomation.com\/atsautomation\/de\/investoren\/zulassungsantrage-sedar\/\",\"name\":\"Regulatory Filings | SEDAR | ATS Automation\",\"isPartOf\":{\"@id\":\"https:\/\/vipgo.atsautomation.com\/atsautomation\/de\/#website\"},\"primaryImageOfPage\":{\"@id\":\"https:\/\/vipgo.atsautomation.com\/atsautomation\/de\/investoren\/zulassungsantrage-sedar\/#primaryimage\"},\"image\":{\"@id\":\"https:\/\/vipgo.atsautomation.com\/atsautomation\/de\/investoren\/zulassungsantrage-sedar\/#primaryimage\"},\"thumbnailUrl\":\"https:\/\/vipgo.atsautomation.com\/atsautomation\/wp-content\/uploads\/sites\/9\/2020\/05\/ATS-LifeSciences-banner_1500x500.jpg\",\"datePublished\":\"2020-07-30T21:33:15+00:00\",\"dateModified\":\"2020-08-04T18:55:50+00:00\",\"description\":\"ATS Automation Tooling Systems Inc. public filings include regular quarterly reports on the financial performance of the company for shareholders. Access files.\",\"breadcrumb\":{\"@id\":\"https:\/\/vipgo.atsautomation.com\/atsautomation\/de\/investoren\/zulassungsantrage-sedar\/#breadcrumb\"},\"inLanguage\":\"de-DE\",\"potentialAction\":[{\"@type\":\"ReadAction\",\"target\":[\"https:\/\/vipgo.atsautomation.com\/atsautomation\/de\/investoren\/zulassungsantrage-sedar\/\"]}]},{\"@type\":\"ImageObject\",\"inLanguage\":\"de-DE\",\"@id\":\"https:\/\/vipgo.atsautomation.com\/atsautomation\/de\/investoren\/zulassungsantrage-sedar\/#primaryimage\",\"url\":\"https:\/\/vipgo.atsautomation.com\/atsautomation\/wp-content\/uploads\/sites\/9\/2020\/05\/ATS-LifeSciences-banner_1500x500.jpg\",\"contentUrl\":\"https:\/\/vipgo.atsautomation.com\/atsautomation\/wp-content\/uploads\/sites\/9\/2020\/05\/ATS-LifeSciences-banner_1500x500.jpg\",\"width\":1500,\"height\":500},{\"@type\":\"BreadcrumbList\",\"@id\":\"https:\/\/vipgo.atsautomation.com\/atsautomation\/de\/investoren\/zulassungsantrage-sedar\/#breadcrumb\",\"itemListElement\":[{\"@type\":\"ListItem\",\"position\":1,\"name\":\"Home\",\"item\":\"https:\/\/vipgo.atsautomation.com\/atsautomation\/de\/\"},{\"@type\":\"ListItem\",\"position\":2,\"name\":\"Investoren\",\"item\":\"https:\/\/vipgo.atsautomation.com\/atsautomation\/de\/investors\/\"},{\"@type\":\"ListItem\",\"position\":3,\"name\":\"Zulassungsantr\u00e4ge (SEDAR)\"}]},{\"@type\":\"WebSite\",\"@id\":\"https:\/\/vipgo.atsautomation.com\/atsautomation\/de\/#website\",\"url\":\"https:\/\/vipgo.atsautomation.com\/atsautomation\/de\/\",\"name\":\"ATS Corporation\",\"description\":\"Just another vipgo.atsautomation.com site\",\"publisher\":{\"@id\":\"https:\/\/vipgo.atsautomation.com\/atsautomation\/de\/#organization\"},\"potentialAction\":[{\"@type\":\"SearchAction\",\"target\":{\"@type\":\"EntryPoint\",\"urlTemplate\":\"https:\/\/vipgo.atsautomation.com\/atsautomation\/de\/?s={search_term_string}\"},\"query-input\":{\"@type\":\"PropertyValueSpecification\",\"valueRequired\":true,\"valueName\":\"search_term_string\"}}],\"inLanguage\":\"de-DE\"},{\"@type\":\"Organization\",\"@id\":\"https:\/\/vipgo.atsautomation.com\/atsautomation\/de\/#organization\",\"name\":\"ATS Corporation\",\"url\":\"https:\/\/vipgo.atsautomation.com\/atsautomation\/de\/\",\"logo\":{\"@type\":\"ImageObject\",\"inLanguage\":\"de-DE\",\"@id\":\"https:\/\/vipgo.atsautomation.com\/atsautomation\/de\/#\/schema\/logo\/image\/\",\"url\":\"https:\/\/atsautomation.com\/wp-content\/uploads\/sites\/9\/2022\/11\/ATS-logo-colour-RGB_TM.png\",\"contentUrl\":\"https:\/\/atsautomation.com\/wp-content\/uploads\/sites\/9\/2022\/11\/ATS-logo-colour-RGB_TM.png\",\"width\":1880,\"height\":371,\"caption\":\"ATS Corporation\"},\"image\":{\"@id\":\"https:\/\/vipgo.atsautomation.com\/atsautomation\/de\/#\/schema\/logo\/image\/\"}}]}<\/script>\n<!-- \/ Yoast SEO Premium plugin. -->","yoast_head_json":{"title":"Regulatory Filings | SEDAR | ATS Automation","description":"ATS Automation Tooling Systems Inc. public filings include regular quarterly reports on the financial performance of the company for shareholders. Access files.","robots":{"index":"index","follow":"follow","max-snippet":"max-snippet:-1","max-image-preview":"max-image-preview:large","max-video-preview":"max-video-preview:-1"},"canonical":"https:\/\/vipgo.atsautomation.com\/atsautomation\/de\/investoren\/zulassungsantrage-sedar\/","og_locale":"de_DE","og_type":"article","og_title":"Zulassungsantr\u00e4ge (SEDAR)","og_description":"ATS Automation Tooling Systems Inc. public filings include regular quarterly reports on the financial performance of the company for shareholders. Access files.","og_url":"https:\/\/vipgo.atsautomation.com\/atsautomation\/de\/investoren\/zulassungsantrage-sedar\/","og_site_name":"ATS Corporation","article_modified_time":"2020-08-04T18:55:50+00:00","og_image":[{"width":1500,"height":500,"url":"https:\/\/vipgo.atsautomation.com\/atsautomation\/wp-content\/uploads\/sites\/9\/2020\/05\/ATS-LifeSciences-banner_1500x500.jpg","type":"image\/jpeg"}],"twitter_card":"summary_large_image","schema":{"@context":"https:\/\/schema.org","@graph":[{"@type":"WebPage","@id":"https:\/\/vipgo.atsautomation.com\/atsautomation\/de\/investoren\/zulassungsantrage-sedar\/","url":"https:\/\/vipgo.atsautomation.com\/atsautomation\/de\/investoren\/zulassungsantrage-sedar\/","name":"Regulatory Filings | SEDAR | ATS Automation","isPartOf":{"@id":"https:\/\/vipgo.atsautomation.com\/atsautomation\/de\/#website"},"primaryImageOfPage":{"@id":"https:\/\/vipgo.atsautomation.com\/atsautomation\/de\/investoren\/zulassungsantrage-sedar\/#primaryimage"},"image":{"@id":"https:\/\/vipgo.atsautomation.com\/atsautomation\/de\/investoren\/zulassungsantrage-sedar\/#primaryimage"},"thumbnailUrl":"https:\/\/vipgo.atsautomation.com\/atsautomation\/wp-content\/uploads\/sites\/9\/2020\/05\/ATS-LifeSciences-banner_1500x500.jpg","datePublished":"2020-07-30T21:33:15+00:00","dateModified":"2020-08-04T18:55:50+00:00","description":"ATS Automation Tooling Systems Inc. public filings include regular quarterly reports on the financial performance of the company for shareholders. Access files.","breadcrumb":{"@id":"https:\/\/vipgo.atsautomation.com\/atsautomation\/de\/investoren\/zulassungsantrage-sedar\/#breadcrumb"},"inLanguage":"de-DE","potentialAction":[{"@type":"ReadAction","target":["https:\/\/vipgo.atsautomation.com\/atsautomation\/de\/investoren\/zulassungsantrage-sedar\/"]}]},{"@type":"ImageObject","inLanguage":"de-DE","@id":"https:\/\/vipgo.atsautomation.com\/atsautomation\/de\/investoren\/zulassungsantrage-sedar\/#primaryimage","url":"https:\/\/vipgo.atsautomation.com\/atsautomation\/wp-content\/uploads\/sites\/9\/2020\/05\/ATS-LifeSciences-banner_1500x500.jpg","contentUrl":"https:\/\/vipgo.atsautomation.com\/atsautomation\/wp-content\/uploads\/sites\/9\/2020\/05\/ATS-LifeSciences-banner_1500x500.jpg","width":1500,"height":500},{"@type":"BreadcrumbList","@id":"https:\/\/vipgo.atsautomation.com\/atsautomation\/de\/investoren\/zulassungsantrage-sedar\/#breadcrumb","itemListElement":[{"@type":"ListItem","position":1,"name":"Home","item":"https:\/\/vipgo.atsautomation.com\/atsautomation\/de\/"},{"@type":"ListItem","position":2,"name":"Investoren","item":"https:\/\/vipgo.atsautomation.com\/atsautomation\/de\/investors\/"},{"@type":"ListItem","position":3,"name":"Zulassungsantr\u00e4ge (SEDAR)"}]},{"@type":"WebSite","@id":"https:\/\/vipgo.atsautomation.com\/atsautomation\/de\/#website","url":"https:\/\/vipgo.atsautomation.com\/atsautomation\/de\/","name":"ATS Corporation","description":"Just another vipgo.atsautomation.com site","publisher":{"@id":"https:\/\/vipgo.atsautomation.com\/atsautomation\/de\/#organization"},"potentialAction":[{"@type":"SearchAction","target":{"@type":"EntryPoint","urlTemplate":"https:\/\/vipgo.atsautomation.com\/atsautomation\/de\/?s={search_term_string}"},"query-input":{"@type":"PropertyValueSpecification","valueRequired":true,"valueName":"search_term_string"}}],"inLanguage":"de-DE"},{"@type":"Organization","@id":"https:\/\/vipgo.atsautomation.com\/atsautomation\/de\/#organization","name":"ATS Corporation","url":"https:\/\/vipgo.atsautomation.com\/atsautomation\/de\/","logo":{"@type":"ImageObject","inLanguage":"de-DE","@id":"https:\/\/vipgo.atsautomation.com\/atsautomation\/de\/#\/schema\/logo\/image\/","url":"https:\/\/atsautomation.com\/wp-content\/uploads\/sites\/9\/2022\/11\/ATS-logo-colour-RGB_TM.png","contentUrl":"https:\/\/atsautomation.com\/wp-content\/uploads\/sites\/9\/2022\/11\/ATS-logo-colour-RGB_TM.png","width":1880,"height":371,"caption":"ATS Corporation"},"image":{"@id":"https:\/\/vipgo.atsautomation.com\/atsautomation\/de\/#\/schema\/logo\/image\/"}}]}},"acf":[],"jetpack_sharing_enabled":true,"_links":{"self":[{"href":"https:\/\/vipgo.atsautomation.com\/atsautomation\/de\/wp-json\/wp\/v2\/pages\/21921","targetHints":{"allow":["GET"]}}],"collection":[{"href":"https:\/\/vipgo.atsautomation.com\/atsautomation\/de\/wp-json\/wp\/v2\/pages"}],"about":[{"href":"https:\/\/vipgo.atsautomation.com\/atsautomation\/de\/wp-json\/wp\/v2\/types\/page"}],"author":[{"embeddable":true,"href":"https:\/\/vipgo.atsautomation.com\/atsautomation\/de\/wp-json\/wp\/v2\/users\/3"}],"replies":[{"embeddable":true,"href":"https:\/\/vipgo.atsautomation.com\/atsautomation\/de\/wp-json\/wp\/v2\/comments?post=21921"}],"version-history":[{"count":1,"href":"https:\/\/vipgo.atsautomation.com\/atsautomation\/de\/wp-json\/wp\/v2\/pages\/21921\/revisions"}],"predecessor-version":[{"id":21961,"href":"https:\/\/vipgo.atsautomation.com\/atsautomation\/de\/wp-json\/wp\/v2\/pages\/21921\/revisions\/21961"}],"up":[{"embeddable":true,"href":"https:\/\/vipgo.atsautomation.com\/atsautomation\/de\/wp-json\/wp\/v2\/pages\/8803"}],"wp:featuredmedia":[{"embeddable":true,"href":"https:\/\/vipgo.atsautomation.com\/atsautomation\/de\/wp-json\/wp\/v2\/media\/8804"}],"wp:attachment":[{"href":"https:\/\/vipgo.atsautomation.com\/atsautomation\/de\/wp-json\/wp\/v2\/media?parent=21921"}],"curies":[{"name":"wp","href":"https:\/\/api.w.org\/{rel}","templated":true}]}}