{"id":24360,"date":"2020-09-25T13:56:43","date_gmt":"2020-09-25T13:56:43","guid":{"rendered":"https:\/\/atsautomation.com\/?page_id=24360"},"modified":"2025-05-16T14:56:55","modified_gmt":"2025-05-16T14:56:55","slug":"ats-regeln-zum-aufzeichnen-von-videokonferenzen","status":"publish","type":"page","link":"https:\/\/vipgo.atsautomation.com\/atsautomation\/de\/ats-regeln-zum-aufzeichnen-von-videokonferenzen\/","title":{"rendered":"ATS Regeln zum Aufzeichnen von Videokonferenzen"},"content":{"rendered":"<p><strong>ATS Regeln zum Aufzeichnen von Videokonferenzen<\/strong><\/p>\n<p>ATS verpflichtet sich zur Einhaltung aller geltenden Datenschutzgesetze, einschlie\u00dflich, aber nicht beschr\u00e4nkt auf die EU-Datenschutzgrundverordnung (DSGVO). Die Einhaltung des Datenschutzes ist besonders wichtig bei Fernarbeit \/ Remote oder bei der Teilnahme an Videokonferenzen. Daher m\u00fcssen sich alle Teilnehmer*innen von Videokonferenzen, einschlie\u00dflich aller ATS-Mitarbeiter*innen, an die unten aufgef\u00fchrten ATS Regeln zur Aufzeichnung von Videokonferenzen halten, egal ob sie eine Videokonferenz durchf\u00fchren oder besuchen. Es liegt in der Verantwortung des Gastgebers\/der Gastgeberin, alle Teilnehmer*innen in der Einladung oder direkt bei Beginn der Sitzung (Videokonferenz) zu informieren, ob die Sitzung aufgezeichnet wird. Falls ein*e Teilnehmer*in Einw\u00e4nde gegen eine Aufzeichnung hat, orientieren Sie sich bitte an diesen ATS Regeln zum Aufzeichnen von Videokonferenzen oder wenden Sie sich an privacy@atsautomation.com.<\/p>\n<p>Es liegt in der Verantwortung des Gastgebers\/der Gastgeberin, alle Teilnehmer*innen dar\u00fcber zu informieren, ob die Sitzung aufgezeichnet wird oder nicht. Es sind folgende Regeln anzuwenden:<\/p>\n<ol>\n<li style=\"list-style-type: none;\">\n<ol>\n<li>Nur der Gastgeber\/die Gastgeberin darf die Sitzung aufzeichnen oder transkribieren.<\/li>\n<li>Die Teilnehmer*innen m\u00fcssen den Gastgeber\/die Gastgeberin vor der Sitzung informieren, wenn sie nicht aufgezeichnet werden oder in der Trankription beinhaltet sein m\u00f6chten.<\/li>\n<li>Sitzungen d\u00fcrfen nur aufgezeichnet oder transkribiert werden, wenn hierf\u00fcr ein berechtigtes Interesse, wie ein rechtlicher oder gesch\u00e4ftlicher Zweck, besteht.<\/li>\n<li>Sitzungen d\u00fcrfen nicht aufgezeichnet oder transkribiert werden, wenn ein*e Teilnehmer*in Einw\u00e4nde erhebt, es sei denn, es besteht ein berechtigtes Interesse, wie ein rechtlicher oder gesch\u00e4ftlicher Zweck f\u00fcr die Aufzeichnung. In solchen F\u00e4llen k\u00f6nnen diejenigen, die nicht aufgezeichnet oder transkribiert werden m\u00f6chten, w\u00e4hlen, auf stumm geschaltet zu bleiben, und\/oder ihre Videokamera auszuschalten und ohne einen Input zu geben an der Sitzung teilzunehmen.<\/li>\n<li>Zu Beginn der Sitzung muss der Gastgeber\/die Gastgeberin angeben, ob die Sitzung aufgezeichnet oder transkribiert wird oder nicht und zu welchem Zweck die Sitzung aufgenommen wird.<\/li>\n<li>Der Gastgeber\/die Gastgeberin muss angeben, wo die Aufzeichnung oder das Transkript gespeichert wird, wie lange sie gespeichert wird und wer Zugriff darauf hat.<\/li>\n<li>Der Gastgeber\/die Gastgeberin ist f\u00fcr die L\u00f6schung der Aufnahme verantwortlich, sobald sie f\u00fcr den Zweck, f\u00fcr den sie aufgenommen wurde, nicht mehr ben\u00f6tigt wird.<\/li>\n<li>Weder dem Gastgeber\/der Gastgeberin noch den Teilnehmer*innen ist es gestattet, Screenshots zu erstellen oder Bilder der Teilnehmer*innen oder personenbezogene Daten ohne die ausdr\u00fcckliche Zustimmung aller Teilnehmer zu erfassen.<\/li>\n<li>Wenn Teilnehmer nicht wollen, dass ihre pers\u00f6nlichen Umgebungen erfasst werden, sollen diese bitte die Hintergrundeffekt-Funktionen nutzen.<\/li>\n<li>Es ist nicht zwingend erforderlich die Kamera w\u00e4hrend einer Videokonferenz einzuschalten. Es ist eine pers\u00f6nliche Entscheidung.<\/li>\n<li>Bitte beachten Sie, dass die Transkriptionsfunktion in Microsoft Teams, unserer bevorzugten Videokonferenzplattform, KI-Technologie verwendet. F\u00fcgen Sie keine unn\u00f6tigen personenbezogenen Daten in die Videokonferenz ein und reduzieren Sie diese, wo immer m\u00f6glich, auf ein Minimum. Der Gastgeber des Meetings sollte die Abschrift \u00fcberpr\u00fcfen, bevor er sie weitergibt, um sicherzustellen, dass alle enthaltenen personenbezogenen Daten absolut notwendig sind. Personenbezogene Daten, die f\u00fcr den spezifischen Zweck, f\u00fcr den sie erhoben wurden, nicht erforderlich sind, m\u00fcssen gel\u00f6scht werden. Personenbezogene Daten d\u00fcrfen nicht f\u00fcr sekund\u00e4re Zwecke verwendet werden, auch nicht f\u00fcr die Entwicklung oder Schulung von KI.<\/li>\n<\/ol>\n<\/li>\n<\/ol>\n","protected":false},"excerpt":{"rendered":"<p>ATS Regeln zum Aufzeichnen von Videokonferenzen ATS verpflichtet sich zur Einhaltung aller geltenden Datenschutzgesetze, einschlie\u00dflich, aber nicht beschr\u00e4nkt auf die EU-Datenschutzgrundverordnung (DSGVO). Die Einhaltung des Datenschutzes ist besonders wichtig bei Fernarbeit \/ Remote oder bei der Teilnahme an Videokonferenzen. Daher m\u00fcssen sich alle Teilnehmer*innen von Videokonferenzen, einschlie\u00dflich aller ATS-Mitarbeiter*innen, an die unten aufgef\u00fchrten ATS Regeln zur Aufzeichnung von Videokonferenzen halten,&#8230;<\/p>\n<div class=\"post-button\"><a href=\"https:\/\/vipgo.atsautomation.com\/atsautomation\/de\/ats-regeln-zum-aufzeichnen-von-videokonferenzen\/\">Read More<\/a><\/div>\n","protected":false},"author":3,"featured_media":0,"parent":0,"menu_order":0,"comment_status":"closed","ping_status":"closed","template":"","meta":{"_acf_changed":false,"footnotes":""},"class_list":["post-24360","page","type-page","status-publish","hentry"],"yoast_head":"<!-- This site is optimized with the Yoast SEO Premium plugin v26.8 (Yoast SEO v26.8) - https:\/\/yoast.com\/product\/yoast-seo-premium-wordpress\/ -->\n<title>ATS Video Conference Recording Rules | ATS Automation<\/title>\n<meta name=\"description\" content=\"All video conference attendees &amp; ATS employees must adhere to the ATS Video Conference Recording Rules listed when hosting or attending a video conference.\" \/>\n<meta name=\"robots\" content=\"index, follow, max-snippet:-1, max-image-preview:large, max-video-preview:-1\" \/>\n<link rel=\"canonical\" href=\"https:\/\/vipgo.atsautomation.com\/atsautomation\/de\/ats-regeln-zum-aufzeichnen-von-videokonferenzen\/\" \/>\n<meta property=\"og:locale\" content=\"de_DE\" \/>\n<meta property=\"og:type\" content=\"article\" \/>\n<meta property=\"og:title\" content=\"ATS Regeln zum Aufzeichnen von Videokonferenzen\" \/>\n<meta property=\"og:description\" content=\"All video conference attendees &amp; ATS employees must adhere to the ATS Video Conference Recording Rules listed when hosting or attending a video conference.\" \/>\n<meta property=\"og:url\" content=\"https:\/\/vipgo.atsautomation.com\/atsautomation\/de\/ats-regeln-zum-aufzeichnen-von-videokonferenzen\/\" \/>\n<meta property=\"og:site_name\" content=\"ATS Corporation\" \/>\n<meta property=\"article:modified_time\" content=\"2025-05-16T14:56:55+00:00\" \/>\n<meta name=\"twitter:card\" content=\"summary_large_image\" \/>\n<meta name=\"twitter:label1\" content=\"Gesch\u00e4tzte Lesezeit\" \/>\n\t<meta name=\"twitter:data1\" content=\"3 Minuten\" \/>\n<script type=\"application\/ld+json\" class=\"yoast-schema-graph\">{\"@context\":\"https:\/\/schema.org\",\"@graph\":[{\"@type\":\"WebPage\",\"@id\":\"https:\/\/vipgo.atsautomation.com\/atsautomation\/de\/ats-regeln-zum-aufzeichnen-von-videokonferenzen\/\",\"url\":\"https:\/\/vipgo.atsautomation.com\/atsautomation\/de\/ats-regeln-zum-aufzeichnen-von-videokonferenzen\/\",\"name\":\"ATS Video Conference Recording Rules | ATS Automation\",\"isPartOf\":{\"@id\":\"https:\/\/vipgo.atsautomation.com\/atsautomation\/de\/#website\"},\"datePublished\":\"2020-09-25T13:56:43+00:00\",\"dateModified\":\"2025-05-16T14:56:55+00:00\",\"description\":\"All video conference attendees & ATS employees must adhere to the ATS Video Conference Recording Rules listed when hosting or attending a video conference.\",\"breadcrumb\":{\"@id\":\"https:\/\/vipgo.atsautomation.com\/atsautomation\/de\/ats-regeln-zum-aufzeichnen-von-videokonferenzen\/#breadcrumb\"},\"inLanguage\":\"de-DE\",\"potentialAction\":[{\"@type\":\"ReadAction\",\"target\":[\"https:\/\/vipgo.atsautomation.com\/atsautomation\/de\/ats-regeln-zum-aufzeichnen-von-videokonferenzen\/\"]}]},{\"@type\":\"BreadcrumbList\",\"@id\":\"https:\/\/vipgo.atsautomation.com\/atsautomation\/de\/ats-regeln-zum-aufzeichnen-von-videokonferenzen\/#breadcrumb\",\"itemListElement\":[{\"@type\":\"ListItem\",\"position\":1,\"name\":\"Home\",\"item\":\"https:\/\/vipgo.atsautomation.com\/atsautomation\/de\/\"},{\"@type\":\"ListItem\",\"position\":2,\"name\":\"ATS Regeln zum Aufzeichnen von Videokonferenzen\"}]},{\"@type\":\"WebSite\",\"@id\":\"https:\/\/vipgo.atsautomation.com\/atsautomation\/de\/#website\",\"url\":\"https:\/\/vipgo.atsautomation.com\/atsautomation\/de\/\",\"name\":\"ATS Corporation\",\"description\":\"Just another vipgo.atsautomation.com site\",\"publisher\":{\"@id\":\"https:\/\/vipgo.atsautomation.com\/atsautomation\/de\/#organization\"},\"potentialAction\":[{\"@type\":\"SearchAction\",\"target\":{\"@type\":\"EntryPoint\",\"urlTemplate\":\"https:\/\/vipgo.atsautomation.com\/atsautomation\/de\/?s={search_term_string}\"},\"query-input\":{\"@type\":\"PropertyValueSpecification\",\"valueRequired\":true,\"valueName\":\"search_term_string\"}}],\"inLanguage\":\"de-DE\"},{\"@type\":\"Organization\",\"@id\":\"https:\/\/vipgo.atsautomation.com\/atsautomation\/de\/#organization\",\"name\":\"ATS Corporation\",\"url\":\"https:\/\/vipgo.atsautomation.com\/atsautomation\/de\/\",\"logo\":{\"@type\":\"ImageObject\",\"inLanguage\":\"de-DE\",\"@id\":\"https:\/\/vipgo.atsautomation.com\/atsautomation\/de\/#\/schema\/logo\/image\/\",\"url\":\"https:\/\/atsautomation.com\/wp-content\/uploads\/sites\/9\/2022\/11\/ATS-logo-colour-RGB_TM.png\",\"contentUrl\":\"https:\/\/atsautomation.com\/wp-content\/uploads\/sites\/9\/2022\/11\/ATS-logo-colour-RGB_TM.png\",\"width\":1880,\"height\":371,\"caption\":\"ATS Corporation\"},\"image\":{\"@id\":\"https:\/\/vipgo.atsautomation.com\/atsautomation\/de\/#\/schema\/logo\/image\/\"}}]}<\/script>\n<!-- \/ Yoast SEO Premium plugin. -->","yoast_head_json":{"title":"ATS Video Conference Recording Rules | ATS Automation","description":"All video conference attendees & ATS employees must adhere to the ATS Video Conference Recording Rules listed when hosting or attending a video conference.","robots":{"index":"index","follow":"follow","max-snippet":"max-snippet:-1","max-image-preview":"max-image-preview:large","max-video-preview":"max-video-preview:-1"},"canonical":"https:\/\/vipgo.atsautomation.com\/atsautomation\/de\/ats-regeln-zum-aufzeichnen-von-videokonferenzen\/","og_locale":"de_DE","og_type":"article","og_title":"ATS Regeln zum Aufzeichnen von Videokonferenzen","og_description":"All video conference attendees & ATS employees must adhere to the ATS Video Conference Recording Rules listed when hosting or attending a video conference.","og_url":"https:\/\/vipgo.atsautomation.com\/atsautomation\/de\/ats-regeln-zum-aufzeichnen-von-videokonferenzen\/","og_site_name":"ATS Corporation","article_modified_time":"2025-05-16T14:56:55+00:00","twitter_card":"summary_large_image","twitter_misc":{"Gesch\u00e4tzte Lesezeit":"3 Minuten"},"schema":{"@context":"https:\/\/schema.org","@graph":[{"@type":"WebPage","@id":"https:\/\/vipgo.atsautomation.com\/atsautomation\/de\/ats-regeln-zum-aufzeichnen-von-videokonferenzen\/","url":"https:\/\/vipgo.atsautomation.com\/atsautomation\/de\/ats-regeln-zum-aufzeichnen-von-videokonferenzen\/","name":"ATS Video Conference Recording Rules | ATS Automation","isPartOf":{"@id":"https:\/\/vipgo.atsautomation.com\/atsautomation\/de\/#website"},"datePublished":"2020-09-25T13:56:43+00:00","dateModified":"2025-05-16T14:56:55+00:00","description":"All video conference attendees & ATS employees must adhere to the ATS Video Conference Recording Rules listed when hosting or attending a video conference.","breadcrumb":{"@id":"https:\/\/vipgo.atsautomation.com\/atsautomation\/de\/ats-regeln-zum-aufzeichnen-von-videokonferenzen\/#breadcrumb"},"inLanguage":"de-DE","potentialAction":[{"@type":"ReadAction","target":["https:\/\/vipgo.atsautomation.com\/atsautomation\/de\/ats-regeln-zum-aufzeichnen-von-videokonferenzen\/"]}]},{"@type":"BreadcrumbList","@id":"https:\/\/vipgo.atsautomation.com\/atsautomation\/de\/ats-regeln-zum-aufzeichnen-von-videokonferenzen\/#breadcrumb","itemListElement":[{"@type":"ListItem","position":1,"name":"Home","item":"https:\/\/vipgo.atsautomation.com\/atsautomation\/de\/"},{"@type":"ListItem","position":2,"name":"ATS Regeln zum Aufzeichnen von Videokonferenzen"}]},{"@type":"WebSite","@id":"https:\/\/vipgo.atsautomation.com\/atsautomation\/de\/#website","url":"https:\/\/vipgo.atsautomation.com\/atsautomation\/de\/","name":"ATS Corporation","description":"Just another vipgo.atsautomation.com site","publisher":{"@id":"https:\/\/vipgo.atsautomation.com\/atsautomation\/de\/#organization"},"potentialAction":[{"@type":"SearchAction","target":{"@type":"EntryPoint","urlTemplate":"https:\/\/vipgo.atsautomation.com\/atsautomation\/de\/?s={search_term_string}"},"query-input":{"@type":"PropertyValueSpecification","valueRequired":true,"valueName":"search_term_string"}}],"inLanguage":"de-DE"},{"@type":"Organization","@id":"https:\/\/vipgo.atsautomation.com\/atsautomation\/de\/#organization","name":"ATS Corporation","url":"https:\/\/vipgo.atsautomation.com\/atsautomation\/de\/","logo":{"@type":"ImageObject","inLanguage":"de-DE","@id":"https:\/\/vipgo.atsautomation.com\/atsautomation\/de\/#\/schema\/logo\/image\/","url":"https:\/\/atsautomation.com\/wp-content\/uploads\/sites\/9\/2022\/11\/ATS-logo-colour-RGB_TM.png","contentUrl":"https:\/\/atsautomation.com\/wp-content\/uploads\/sites\/9\/2022\/11\/ATS-logo-colour-RGB_TM.png","width":1880,"height":371,"caption":"ATS Corporation"},"image":{"@id":"https:\/\/vipgo.atsautomation.com\/atsautomation\/de\/#\/schema\/logo\/image\/"}}]}},"acf":[],"jetpack_sharing_enabled":true,"_links":{"self":[{"href":"https:\/\/vipgo.atsautomation.com\/atsautomation\/de\/wp-json\/wp\/v2\/pages\/24360","targetHints":{"allow":["GET"]}}],"collection":[{"href":"https:\/\/vipgo.atsautomation.com\/atsautomation\/de\/wp-json\/wp\/v2\/pages"}],"about":[{"href":"https:\/\/vipgo.atsautomation.com\/atsautomation\/de\/wp-json\/wp\/v2\/types\/page"}],"author":[{"embeddable":true,"href":"https:\/\/vipgo.atsautomation.com\/atsautomation\/de\/wp-json\/wp\/v2\/users\/3"}],"replies":[{"embeddable":true,"href":"https:\/\/vipgo.atsautomation.com\/atsautomation\/de\/wp-json\/wp\/v2\/comments?post=24360"}],"version-history":[{"count":3,"href":"https:\/\/vipgo.atsautomation.com\/atsautomation\/de\/wp-json\/wp\/v2\/pages\/24360\/revisions"}],"predecessor-version":[{"id":37394,"href":"https:\/\/vipgo.atsautomation.com\/atsautomation\/de\/wp-json\/wp\/v2\/pages\/24360\/revisions\/37394"}],"wp:attachment":[{"href":"https:\/\/vipgo.atsautomation.com\/atsautomation\/de\/wp-json\/wp\/v2\/media?parent=24360"}],"curies":[{"name":"wp","href":"https:\/\/api.w.org\/{rel}","templated":true}]}}