{"id":24998,"date":"2020-11-16T15:13:39","date_gmt":"2020-11-16T15:13:39","guid":{"rendered":"https:\/\/atsautomation.com\/?page_id=24998"},"modified":"2021-08-20T20:04:05","modified_gmt":"2021-08-20T20:04:05","slug":"unternehmen-3","status":"publish","type":"page","link":"https:\/\/vipgo.atsautomation.com\/atsautomation\/de\/unternehmen-3\/","title":{"rendered":"Unternehmen"},"content":{"rendered":"<h3>Um unseren Aktion\u00e4ren den maximalen Wert zu bieten, bauen wir auf einem Fundament aus Erfahrung und Innovation auf. Wir wachsen organisch, indem wir unseren Kunden herausragende L\u00f6sungen und Dienstleistungen anbieten, und wir expandieren, um neue M\u00e4rkte zu erschlie\u00dfen und neue Chancen zu ergreifen.<\/h3>\n","protected":false},"excerpt":{"rendered":"<p>Um unseren Aktion\u00e4ren den maximalen Wert zu bieten, bauen wir auf einem Fundament aus Erfahrung und Innovation auf. Wir wachsen organisch, indem wir unseren Kunden herausragende L\u00f6sungen und Dienstleistungen anbieten, und wir expandieren, um neue M\u00e4rkte zu erschlie\u00dfen und neue Chancen zu ergreifen.<\/p>\n","protected":false},"author":3,"featured_media":12693,"parent":0,"menu_order":0,"comment_status":"closed","ping_status":"closed","template":"page-templates\/companies.php","meta":{"_acf_changed":false,"footnotes":""},"class_list":["post-24998","page","type-page","status-publish","has-post-thumbnail","hentry"],"yoast_head":"<!-- This site is optimized with the Yoast SEO Premium plugin v26.8 (Yoast SEO v26.8) - https:\/\/yoast.com\/product\/yoast-seo-premium-wordpress\/ -->\n<title>Unternehmen - ATS Corporation<\/title>\n<meta name=\"robots\" content=\"index, follow, max-snippet:-1, max-image-preview:large, max-video-preview:-1\" \/>\n<link rel=\"canonical\" href=\"https:\/\/vipgo.atsautomation.com\/atsautomation\/de\/unternehmen-3\/\" \/>\n<meta property=\"og:locale\" content=\"de_DE\" \/>\n<meta property=\"og:type\" content=\"article\" \/>\n<meta property=\"og:title\" content=\"Unternehmen\" \/>\n<meta property=\"og:description\" content=\"Um unseren Aktion\u00e4ren den maximalen Wert zu bieten, bauen wir auf einem Fundament aus Erfahrung und Innovation auf. Wir wachsen organisch, indem wir unseren Kunden herausragende L\u00f6sungen und Dienstleistungen anbieten, und wir expandieren, um neue M\u00e4rkte zu erschlie\u00dfen und neue Chancen zu ergreifen.\" \/>\n<meta property=\"og:url\" content=\"https:\/\/vipgo.atsautomation.com\/atsautomation\/de\/unternehmen-3\/\" \/>\n<meta property=\"og:site_name\" content=\"ATS Corporation\" \/>\n<meta property=\"article:modified_time\" content=\"2021-08-20T20:04:05+00:00\" \/>\n<meta property=\"og:image\" content=\"https:\/\/vipgo.atsautomation.com\/atsautomation\/wp-content\/uploads\/sites\/9\/2020\/07\/Corp-Content-Page-Banner-6250x2084-1.jpg\" \/>\n\t<meta property=\"og:image:width\" content=\"1500\" \/>\n\t<meta property=\"og:image:height\" content=\"500\" \/>\n\t<meta property=\"og:image:type\" content=\"image\/jpeg\" \/>\n<meta name=\"twitter:card\" content=\"summary_large_image\" \/>\n<meta name=\"twitter:label1\" content=\"Gesch\u00e4tzte Lesezeit\" \/>\n\t<meta name=\"twitter:data1\" content=\"1 Minute\" \/>\n<script type=\"application\/ld+json\" class=\"yoast-schema-graph\">{\"@context\":\"https:\/\/schema.org\",\"@graph\":[{\"@type\":\"WebPage\",\"@id\":\"https:\/\/vipgo.atsautomation.com\/atsautomation\/de\/unternehmen-3\/\",\"url\":\"https:\/\/vipgo.atsautomation.com\/atsautomation\/de\/unternehmen-3\/\",\"name\":\"Unternehmen - ATS Corporation\",\"isPartOf\":{\"@id\":\"https:\/\/vipgo.atsautomation.com\/atsautomation\/de\/#website\"},\"primaryImageOfPage\":{\"@id\":\"https:\/\/vipgo.atsautomation.com\/atsautomation\/de\/unternehmen-3\/#primaryimage\"},\"image\":{\"@id\":\"https:\/\/vipgo.atsautomation.com\/atsautomation\/de\/unternehmen-3\/#primaryimage\"},\"thumbnailUrl\":\"https:\/\/vipgo.atsautomation.com\/atsautomation\/wp-content\/uploads\/sites\/9\/2020\/07\/Corp-Content-Page-Banner-6250x2084-1.jpg\",\"datePublished\":\"2020-11-16T15:13:39+00:00\",\"dateModified\":\"2021-08-20T20:04:05+00:00\",\"breadcrumb\":{\"@id\":\"https:\/\/vipgo.atsautomation.com\/atsautomation\/de\/unternehmen-3\/#breadcrumb\"},\"inLanguage\":\"de-DE\",\"potentialAction\":[{\"@type\":\"ReadAction\",\"target\":[\"https:\/\/vipgo.atsautomation.com\/atsautomation\/de\/unternehmen-3\/\"]}]},{\"@type\":\"ImageObject\",\"inLanguage\":\"de-DE\",\"@id\":\"https:\/\/vipgo.atsautomation.com\/atsautomation\/de\/unternehmen-3\/#primaryimage\",\"url\":\"https:\/\/vipgo.atsautomation.com\/atsautomation\/wp-content\/uploads\/sites\/9\/2020\/07\/Corp-Content-Page-Banner-6250x2084-1.jpg\",\"contentUrl\":\"https:\/\/vipgo.atsautomation.com\/atsautomation\/wp-content\/uploads\/sites\/9\/2020\/07\/Corp-Content-Page-Banner-6250x2084-1.jpg\",\"width\":1500,\"height\":500,\"caption\":\"ATS-Logo einge\u00e4tzt in die Glasabdeckung einer Maschine\"},{\"@type\":\"BreadcrumbList\",\"@id\":\"https:\/\/vipgo.atsautomation.com\/atsautomation\/de\/unternehmen-3\/#breadcrumb\",\"itemListElement\":[{\"@type\":\"ListItem\",\"position\":1,\"name\":\"Home\",\"item\":\"https:\/\/vipgo.atsautomation.com\/atsautomation\/de\/\"},{\"@type\":\"ListItem\",\"position\":2,\"name\":\"Unternehmen\"}]},{\"@type\":\"WebSite\",\"@id\":\"https:\/\/vipgo.atsautomation.com\/atsautomation\/de\/#website\",\"url\":\"https:\/\/vipgo.atsautomation.com\/atsautomation\/de\/\",\"name\":\"ATS Corporation\",\"description\":\"Just another vipgo.atsautomation.com site\",\"publisher\":{\"@id\":\"https:\/\/vipgo.atsautomation.com\/atsautomation\/de\/#organization\"},\"potentialAction\":[{\"@type\":\"SearchAction\",\"target\":{\"@type\":\"EntryPoint\",\"urlTemplate\":\"https:\/\/vipgo.atsautomation.com\/atsautomation\/de\/?s={search_term_string}\"},\"query-input\":{\"@type\":\"PropertyValueSpecification\",\"valueRequired\":true,\"valueName\":\"search_term_string\"}}],\"inLanguage\":\"de-DE\"},{\"@type\":\"Organization\",\"@id\":\"https:\/\/vipgo.atsautomation.com\/atsautomation\/de\/#organization\",\"name\":\"ATS Corporation\",\"url\":\"https:\/\/vipgo.atsautomation.com\/atsautomation\/de\/\",\"logo\":{\"@type\":\"ImageObject\",\"inLanguage\":\"de-DE\",\"@id\":\"https:\/\/vipgo.atsautomation.com\/atsautomation\/de\/#\/schema\/logo\/image\/\",\"url\":\"https:\/\/atsautomation.com\/wp-content\/uploads\/sites\/9\/2022\/11\/ATS-logo-colour-RGB_TM.png\",\"contentUrl\":\"https:\/\/atsautomation.com\/wp-content\/uploads\/sites\/9\/2022\/11\/ATS-logo-colour-RGB_TM.png\",\"width\":1880,\"height\":371,\"caption\":\"ATS Corporation\"},\"image\":{\"@id\":\"https:\/\/vipgo.atsautomation.com\/atsautomation\/de\/#\/schema\/logo\/image\/\"}}]}<\/script>\n<!-- \/ Yoast SEO Premium plugin. -->","yoast_head_json":{"title":"Unternehmen - ATS Corporation","robots":{"index":"index","follow":"follow","max-snippet":"max-snippet:-1","max-image-preview":"max-image-preview:large","max-video-preview":"max-video-preview:-1"},"canonical":"https:\/\/vipgo.atsautomation.com\/atsautomation\/de\/unternehmen-3\/","og_locale":"de_DE","og_type":"article","og_title":"Unternehmen","og_description":"Um unseren Aktion\u00e4ren den maximalen Wert zu bieten, bauen wir auf einem Fundament aus Erfahrung und Innovation auf. Wir wachsen organisch, indem wir unseren Kunden herausragende L\u00f6sungen und Dienstleistungen anbieten, und wir expandieren, um neue M\u00e4rkte zu erschlie\u00dfen und neue Chancen zu ergreifen.","og_url":"https:\/\/vipgo.atsautomation.com\/atsautomation\/de\/unternehmen-3\/","og_site_name":"ATS Corporation","article_modified_time":"2021-08-20T20:04:05+00:00","og_image":[{"width":1500,"height":500,"url":"https:\/\/vipgo.atsautomation.com\/atsautomation\/wp-content\/uploads\/sites\/9\/2020\/07\/Corp-Content-Page-Banner-6250x2084-1.jpg","type":"image\/jpeg"}],"twitter_card":"summary_large_image","twitter_misc":{"Gesch\u00e4tzte Lesezeit":"1 Minute"},"schema":{"@context":"https:\/\/schema.org","@graph":[{"@type":"WebPage","@id":"https:\/\/vipgo.atsautomation.com\/atsautomation\/de\/unternehmen-3\/","url":"https:\/\/vipgo.atsautomation.com\/atsautomation\/de\/unternehmen-3\/","name":"Unternehmen - ATS Corporation","isPartOf":{"@id":"https:\/\/vipgo.atsautomation.com\/atsautomation\/de\/#website"},"primaryImageOfPage":{"@id":"https:\/\/vipgo.atsautomation.com\/atsautomation\/de\/unternehmen-3\/#primaryimage"},"image":{"@id":"https:\/\/vipgo.atsautomation.com\/atsautomation\/de\/unternehmen-3\/#primaryimage"},"thumbnailUrl":"https:\/\/vipgo.atsautomation.com\/atsautomation\/wp-content\/uploads\/sites\/9\/2020\/07\/Corp-Content-Page-Banner-6250x2084-1.jpg","datePublished":"2020-11-16T15:13:39+00:00","dateModified":"2021-08-20T20:04:05+00:00","breadcrumb":{"@id":"https:\/\/vipgo.atsautomation.com\/atsautomation\/de\/unternehmen-3\/#breadcrumb"},"inLanguage":"de-DE","potentialAction":[{"@type":"ReadAction","target":["https:\/\/vipgo.atsautomation.com\/atsautomation\/de\/unternehmen-3\/"]}]},{"@type":"ImageObject","inLanguage":"de-DE","@id":"https:\/\/vipgo.atsautomation.com\/atsautomation\/de\/unternehmen-3\/#primaryimage","url":"https:\/\/vipgo.atsautomation.com\/atsautomation\/wp-content\/uploads\/sites\/9\/2020\/07\/Corp-Content-Page-Banner-6250x2084-1.jpg","contentUrl":"https:\/\/vipgo.atsautomation.com\/atsautomation\/wp-content\/uploads\/sites\/9\/2020\/07\/Corp-Content-Page-Banner-6250x2084-1.jpg","width":1500,"height":500,"caption":"ATS-Logo einge\u00e4tzt in die Glasabdeckung einer Maschine"},{"@type":"BreadcrumbList","@id":"https:\/\/vipgo.atsautomation.com\/atsautomation\/de\/unternehmen-3\/#breadcrumb","itemListElement":[{"@type":"ListItem","position":1,"name":"Home","item":"https:\/\/vipgo.atsautomation.com\/atsautomation\/de\/"},{"@type":"ListItem","position":2,"name":"Unternehmen"}]},{"@type":"WebSite","@id":"https:\/\/vipgo.atsautomation.com\/atsautomation\/de\/#website","url":"https:\/\/vipgo.atsautomation.com\/atsautomation\/de\/","name":"ATS Corporation","description":"Just another vipgo.atsautomation.com site","publisher":{"@id":"https:\/\/vipgo.atsautomation.com\/atsautomation\/de\/#organization"},"potentialAction":[{"@type":"SearchAction","target":{"@type":"EntryPoint","urlTemplate":"https:\/\/vipgo.atsautomation.com\/atsautomation\/de\/?s={search_term_string}"},"query-input":{"@type":"PropertyValueSpecification","valueRequired":true,"valueName":"search_term_string"}}],"inLanguage":"de-DE"},{"@type":"Organization","@id":"https:\/\/vipgo.atsautomation.com\/atsautomation\/de\/#organization","name":"ATS Corporation","url":"https:\/\/vipgo.atsautomation.com\/atsautomation\/de\/","logo":{"@type":"ImageObject","inLanguage":"de-DE","@id":"https:\/\/vipgo.atsautomation.com\/atsautomation\/de\/#\/schema\/logo\/image\/","url":"https:\/\/atsautomation.com\/wp-content\/uploads\/sites\/9\/2022\/11\/ATS-logo-colour-RGB_TM.png","contentUrl":"https:\/\/atsautomation.com\/wp-content\/uploads\/sites\/9\/2022\/11\/ATS-logo-colour-RGB_TM.png","width":1880,"height":371,"caption":"ATS Corporation"},"image":{"@id":"https:\/\/vipgo.atsautomation.com\/atsautomation\/de\/#\/schema\/logo\/image\/"}}]}},"acf":[],"jetpack_sharing_enabled":true,"_links":{"self":[{"href":"https:\/\/vipgo.atsautomation.com\/atsautomation\/de\/wp-json\/wp\/v2\/pages\/24998","targetHints":{"allow":["GET"]}}],"collection":[{"href":"https:\/\/vipgo.atsautomation.com\/atsautomation\/de\/wp-json\/wp\/v2\/pages"}],"about":[{"href":"https:\/\/vipgo.atsautomation.com\/atsautomation\/de\/wp-json\/wp\/v2\/types\/page"}],"author":[{"embeddable":true,"href":"https:\/\/vipgo.atsautomation.com\/atsautomation\/de\/wp-json\/wp\/v2\/users\/3"}],"replies":[{"embeddable":true,"href":"https:\/\/vipgo.atsautomation.com\/atsautomation\/de\/wp-json\/wp\/v2\/comments?post=24998"}],"version-history":[{"count":23,"href":"https:\/\/vipgo.atsautomation.com\/atsautomation\/de\/wp-json\/wp\/v2\/pages\/24998\/revisions"}],"predecessor-version":[{"id":30151,"href":"https:\/\/vipgo.atsautomation.com\/atsautomation\/de\/wp-json\/wp\/v2\/pages\/24998\/revisions\/30151"}],"wp:featuredmedia":[{"embeddable":true,"href":"https:\/\/vipgo.atsautomation.com\/atsautomation\/de\/wp-json\/wp\/v2\/media\/12693"}],"wp:attachment":[{"href":"https:\/\/vipgo.atsautomation.com\/atsautomation\/de\/wp-json\/wp\/v2\/media?parent=24998"}],"curies":[{"name":"wp","href":"https:\/\/api.w.org\/{rel}","templated":true}]}}