{"id":26400,"date":"2021-06-07T14:43:46","date_gmt":"2021-06-07T14:43:46","guid":{"rendered":"https:\/\/atsautomation.com\/?page_id=26400"},"modified":"2021-09-29T12:25:19","modified_gmt":"2021-09-29T12:25:19","slug":"ats-nachhaltigkeit","status":"publish","type":"page","link":"https:\/\/vipgo.atsautomation.com\/atsautomation\/de\/uber-uns\/ats-nachhaltigkeit\/","title":{"rendered":"ATS Nachhaltigkeit"},"content":{"rendered":"<p>Wir freuen uns, Ihnen den ersten j\u00e4hrlichen Nachhaltigkeitsbericht von ATS Automation pr\u00e4sentieren zu k\u00f6nnen. Unser Ziel ist es, den Stakeholdern die Richtlinien und Praktiken darzustellen, die unser Nachhaltigkeitsprogramm pr\u00e4gen und leiten. Zus\u00e4tzlich m\u00f6chten wir Ihnen Leistungshighlights und aktuelle Initiativen pr\u00e4sentieren, die unser Engagement f\u00fcr eine verantwortungsvolle Praxis verdeutlichen. W\u00e4hrend wir uns kontinuierlich verbessern, freuen wir uns darauf, \u00fcber zus\u00e4tzliche Strategien und Kennzahlen zu berichten, die sich am besten an weltweit anerkannten Berichtsstandards und an den Themen orientieren, die f\u00fcr uns und unsere externen Stakeholder am wichtigsten sind. Wir freuen uns \u00fcber Feedback zu unserem Bericht und unseren Initiativen.<\/p>\n<p>Bitte kontaktieren Sie uns unter investor@atsautomation.com<\/p>\n","protected":false},"excerpt":{"rendered":"<p>Wir freuen uns, Ihnen den ersten j\u00e4hrlichen Nachhaltigkeitsbericht von ATS Automation pr\u00e4sentieren zu k\u00f6nnen. Unser Ziel ist es, den Stakeholdern die Richtlinien und Praktiken darzustellen, die unser Nachhaltigkeitsprogramm pr\u00e4gen und leiten. Zus\u00e4tzlich m\u00f6chten wir Ihnen Leistungshighlights und aktuelle Initiativen pr\u00e4sentieren, die unser Engagement f\u00fcr eine verantwortungsvolle Praxis verdeutlichen. W\u00e4hrend wir uns kontinuierlich verbessern, freuen wir uns darauf, \u00fcber zus\u00e4tzliche Strategien&#8230;<\/p>\n<div class=\"post-button\"><a href=\"https:\/\/vipgo.atsautomation.com\/atsautomation\/de\/uber-uns\/ats-nachhaltigkeit\/\">Read More<\/a><\/div>\n","protected":false},"author":3,"featured_media":24792,"parent":8797,"menu_order":0,"comment_status":"closed","ping_status":"closed","template":"page-templates\/landing-page.php","meta":{"_acf_changed":false,"footnotes":""},"class_list":["post-26400","page","type-page","status-publish","has-post-thumbnail","hentry"],"yoast_head":"<!-- This site is optimized with the Yoast SEO Premium plugin v26.8 (Yoast SEO v26.8) - https:\/\/yoast.com\/product\/yoast-seo-premium-wordpress\/ -->\n<title>ATS Nachhaltigkeit - ATS Corporation<\/title>\n<meta name=\"robots\" content=\"index, follow, max-snippet:-1, max-image-preview:large, max-video-preview:-1\" \/>\n<link rel=\"canonical\" href=\"https:\/\/vipgo.atsautomation.com\/atsautomation\/de\/uber-uns\/ats-nachhaltigkeit\/\" \/>\n<meta property=\"og:locale\" content=\"de_DE\" \/>\n<meta property=\"og:type\" content=\"article\" \/>\n<meta property=\"og:title\" content=\"ATS Nachhaltigkeit\" \/>\n<meta property=\"og:description\" content=\"Wir freuen uns, Ihnen den ersten j\u00e4hrlichen Nachhaltigkeitsbericht von ATS Automation pr\u00e4sentieren zu k\u00f6nnen. Unser Ziel ist es, den Stakeholdern die Richtlinien und Praktiken darzustellen, die unser Nachhaltigkeitsprogramm pr\u00e4gen und leiten. Zus\u00e4tzlich m\u00f6chten wir Ihnen Leistungshighlights und aktuelle Initiativen pr\u00e4sentieren, die unser Engagement f\u00fcr eine verantwortungsvolle Praxis verdeutlichen. W\u00e4hrend wir uns kontinuierlich verbessern, freuen wir uns darauf, \u00fcber zus\u00e4tzliche Strategien...Read More\" \/>\n<meta property=\"og:url\" content=\"https:\/\/vipgo.atsautomation.com\/atsautomation\/de\/uber-uns\/ats-nachhaltigkeit\/\" \/>\n<meta property=\"og:site_name\" content=\"ATS Corporation\" \/>\n<meta property=\"article:modified_time\" content=\"2021-09-29T12:25:19+00:00\" \/>\n<meta property=\"og:image\" content=\"https:\/\/vipgo.atsautomation.com\/atsautomation\/wp-content\/uploads\/sites\/9\/2020\/10\/Sustainability-Report-Web-banner.jpg\" \/>\n\t<meta property=\"og:image:width\" content=\"1500\" \/>\n\t<meta property=\"og:image:height\" content=\"500\" \/>\n\t<meta property=\"og:image:type\" content=\"image\/jpeg\" \/>\n<meta name=\"twitter:card\" content=\"summary_large_image\" \/>\n<meta name=\"twitter:label1\" content=\"Gesch\u00e4tzte Lesezeit\" \/>\n\t<meta name=\"twitter:data1\" content=\"1 Minute\" \/>\n<script type=\"application\/ld+json\" class=\"yoast-schema-graph\">{\"@context\":\"https:\/\/schema.org\",\"@graph\":[{\"@type\":\"WebPage\",\"@id\":\"https:\/\/vipgo.atsautomation.com\/atsautomation\/de\/uber-uns\/ats-nachhaltigkeit\/\",\"url\":\"https:\/\/vipgo.atsautomation.com\/atsautomation\/de\/uber-uns\/ats-nachhaltigkeit\/\",\"name\":\"ATS Nachhaltigkeit - ATS Corporation\",\"isPartOf\":{\"@id\":\"https:\/\/vipgo.atsautomation.com\/atsautomation\/de\/#website\"},\"primaryImageOfPage\":{\"@id\":\"https:\/\/vipgo.atsautomation.com\/atsautomation\/de\/uber-uns\/ats-nachhaltigkeit\/#primaryimage\"},\"image\":{\"@id\":\"https:\/\/vipgo.atsautomation.com\/atsautomation\/de\/uber-uns\/ats-nachhaltigkeit\/#primaryimage\"},\"thumbnailUrl\":\"https:\/\/vipgo.atsautomation.com\/atsautomation\/wp-content\/uploads\/sites\/9\/2020\/10\/Sustainability-Report-Web-banner.jpg\",\"datePublished\":\"2021-06-07T14:43:46+00:00\",\"dateModified\":\"2021-09-29T12:25:19+00:00\",\"breadcrumb\":{\"@id\":\"https:\/\/vipgo.atsautomation.com\/atsautomation\/de\/uber-uns\/ats-nachhaltigkeit\/#breadcrumb\"},\"inLanguage\":\"de-DE\",\"potentialAction\":[{\"@type\":\"ReadAction\",\"target\":[\"https:\/\/vipgo.atsautomation.com\/atsautomation\/de\/uber-uns\/ats-nachhaltigkeit\/\"]}]},{\"@type\":\"ImageObject\",\"inLanguage\":\"de-DE\",\"@id\":\"https:\/\/vipgo.atsautomation.com\/atsautomation\/de\/uber-uns\/ats-nachhaltigkeit\/#primaryimage\",\"url\":\"https:\/\/vipgo.atsautomation.com\/atsautomation\/wp-content\/uploads\/sites\/9\/2020\/10\/Sustainability-Report-Web-banner.jpg\",\"contentUrl\":\"https:\/\/vipgo.atsautomation.com\/atsautomation\/wp-content\/uploads\/sites\/9\/2020\/10\/Sustainability-Report-Web-banner.jpg\",\"width\":1500,\"height\":500},{\"@type\":\"BreadcrumbList\",\"@id\":\"https:\/\/vipgo.atsautomation.com\/atsautomation\/de\/uber-uns\/ats-nachhaltigkeit\/#breadcrumb\",\"itemListElement\":[{\"@type\":\"ListItem\",\"position\":1,\"name\":\"Home\",\"item\":\"https:\/\/vipgo.atsautomation.com\/atsautomation\/de\/\"},{\"@type\":\"ListItem\",\"position\":2,\"name\":\"\u00dcber uns\",\"item\":\"https:\/\/vipgo.atsautomation.com\/atsautomation\/de\/about-us\/\"},{\"@type\":\"ListItem\",\"position\":3,\"name\":\"ATS Nachhaltigkeit\"}]},{\"@type\":\"WebSite\",\"@id\":\"https:\/\/vipgo.atsautomation.com\/atsautomation\/de\/#website\",\"url\":\"https:\/\/vipgo.atsautomation.com\/atsautomation\/de\/\",\"name\":\"ATS Corporation\",\"description\":\"Just another vipgo.atsautomation.com site\",\"publisher\":{\"@id\":\"https:\/\/vipgo.atsautomation.com\/atsautomation\/de\/#organization\"},\"potentialAction\":[{\"@type\":\"SearchAction\",\"target\":{\"@type\":\"EntryPoint\",\"urlTemplate\":\"https:\/\/vipgo.atsautomation.com\/atsautomation\/de\/?s={search_term_string}\"},\"query-input\":{\"@type\":\"PropertyValueSpecification\",\"valueRequired\":true,\"valueName\":\"search_term_string\"}}],\"inLanguage\":\"de-DE\"},{\"@type\":\"Organization\",\"@id\":\"https:\/\/vipgo.atsautomation.com\/atsautomation\/de\/#organization\",\"name\":\"ATS Corporation\",\"url\":\"https:\/\/vipgo.atsautomation.com\/atsautomation\/de\/\",\"logo\":{\"@type\":\"ImageObject\",\"inLanguage\":\"de-DE\",\"@id\":\"https:\/\/vipgo.atsautomation.com\/atsautomation\/de\/#\/schema\/logo\/image\/\",\"url\":\"https:\/\/atsautomation.com\/wp-content\/uploads\/sites\/9\/2022\/11\/ATS-logo-colour-RGB_TM.png\",\"contentUrl\":\"https:\/\/atsautomation.com\/wp-content\/uploads\/sites\/9\/2022\/11\/ATS-logo-colour-RGB_TM.png\",\"width\":1880,\"height\":371,\"caption\":\"ATS Corporation\"},\"image\":{\"@id\":\"https:\/\/vipgo.atsautomation.com\/atsautomation\/de\/#\/schema\/logo\/image\/\"}}]}<\/script>\n<!-- \/ Yoast SEO Premium plugin. -->","yoast_head_json":{"title":"ATS Nachhaltigkeit - ATS Corporation","robots":{"index":"index","follow":"follow","max-snippet":"max-snippet:-1","max-image-preview":"max-image-preview:large","max-video-preview":"max-video-preview:-1"},"canonical":"https:\/\/vipgo.atsautomation.com\/atsautomation\/de\/uber-uns\/ats-nachhaltigkeit\/","og_locale":"de_DE","og_type":"article","og_title":"ATS Nachhaltigkeit","og_description":"Wir freuen uns, Ihnen den ersten j\u00e4hrlichen Nachhaltigkeitsbericht von ATS Automation pr\u00e4sentieren zu k\u00f6nnen. Unser Ziel ist es, den Stakeholdern die Richtlinien und Praktiken darzustellen, die unser Nachhaltigkeitsprogramm pr\u00e4gen und leiten. Zus\u00e4tzlich m\u00f6chten wir Ihnen Leistungshighlights und aktuelle Initiativen pr\u00e4sentieren, die unser Engagement f\u00fcr eine verantwortungsvolle Praxis verdeutlichen. W\u00e4hrend wir uns kontinuierlich verbessern, freuen wir uns darauf, \u00fcber zus\u00e4tzliche Strategien...Read More","og_url":"https:\/\/vipgo.atsautomation.com\/atsautomation\/de\/uber-uns\/ats-nachhaltigkeit\/","og_site_name":"ATS Corporation","article_modified_time":"2021-09-29T12:25:19+00:00","og_image":[{"width":1500,"height":500,"url":"https:\/\/vipgo.atsautomation.com\/atsautomation\/wp-content\/uploads\/sites\/9\/2020\/10\/Sustainability-Report-Web-banner.jpg","type":"image\/jpeg"}],"twitter_card":"summary_large_image","twitter_misc":{"Gesch\u00e4tzte Lesezeit":"1 Minute"},"schema":{"@context":"https:\/\/schema.org","@graph":[{"@type":"WebPage","@id":"https:\/\/vipgo.atsautomation.com\/atsautomation\/de\/uber-uns\/ats-nachhaltigkeit\/","url":"https:\/\/vipgo.atsautomation.com\/atsautomation\/de\/uber-uns\/ats-nachhaltigkeit\/","name":"ATS Nachhaltigkeit - ATS Corporation","isPartOf":{"@id":"https:\/\/vipgo.atsautomation.com\/atsautomation\/de\/#website"},"primaryImageOfPage":{"@id":"https:\/\/vipgo.atsautomation.com\/atsautomation\/de\/uber-uns\/ats-nachhaltigkeit\/#primaryimage"},"image":{"@id":"https:\/\/vipgo.atsautomation.com\/atsautomation\/de\/uber-uns\/ats-nachhaltigkeit\/#primaryimage"},"thumbnailUrl":"https:\/\/vipgo.atsautomation.com\/atsautomation\/wp-content\/uploads\/sites\/9\/2020\/10\/Sustainability-Report-Web-banner.jpg","datePublished":"2021-06-07T14:43:46+00:00","dateModified":"2021-09-29T12:25:19+00:00","breadcrumb":{"@id":"https:\/\/vipgo.atsautomation.com\/atsautomation\/de\/uber-uns\/ats-nachhaltigkeit\/#breadcrumb"},"inLanguage":"de-DE","potentialAction":[{"@type":"ReadAction","target":["https:\/\/vipgo.atsautomation.com\/atsautomation\/de\/uber-uns\/ats-nachhaltigkeit\/"]}]},{"@type":"ImageObject","inLanguage":"de-DE","@id":"https:\/\/vipgo.atsautomation.com\/atsautomation\/de\/uber-uns\/ats-nachhaltigkeit\/#primaryimage","url":"https:\/\/vipgo.atsautomation.com\/atsautomation\/wp-content\/uploads\/sites\/9\/2020\/10\/Sustainability-Report-Web-banner.jpg","contentUrl":"https:\/\/vipgo.atsautomation.com\/atsautomation\/wp-content\/uploads\/sites\/9\/2020\/10\/Sustainability-Report-Web-banner.jpg","width":1500,"height":500},{"@type":"BreadcrumbList","@id":"https:\/\/vipgo.atsautomation.com\/atsautomation\/de\/uber-uns\/ats-nachhaltigkeit\/#breadcrumb","itemListElement":[{"@type":"ListItem","position":1,"name":"Home","item":"https:\/\/vipgo.atsautomation.com\/atsautomation\/de\/"},{"@type":"ListItem","position":2,"name":"\u00dcber uns","item":"https:\/\/vipgo.atsautomation.com\/atsautomation\/de\/about-us\/"},{"@type":"ListItem","position":3,"name":"ATS Nachhaltigkeit"}]},{"@type":"WebSite","@id":"https:\/\/vipgo.atsautomation.com\/atsautomation\/de\/#website","url":"https:\/\/vipgo.atsautomation.com\/atsautomation\/de\/","name":"ATS Corporation","description":"Just another vipgo.atsautomation.com site","publisher":{"@id":"https:\/\/vipgo.atsautomation.com\/atsautomation\/de\/#organization"},"potentialAction":[{"@type":"SearchAction","target":{"@type":"EntryPoint","urlTemplate":"https:\/\/vipgo.atsautomation.com\/atsautomation\/de\/?s={search_term_string}"},"query-input":{"@type":"PropertyValueSpecification","valueRequired":true,"valueName":"search_term_string"}}],"inLanguage":"de-DE"},{"@type":"Organization","@id":"https:\/\/vipgo.atsautomation.com\/atsautomation\/de\/#organization","name":"ATS Corporation","url":"https:\/\/vipgo.atsautomation.com\/atsautomation\/de\/","logo":{"@type":"ImageObject","inLanguage":"de-DE","@id":"https:\/\/vipgo.atsautomation.com\/atsautomation\/de\/#\/schema\/logo\/image\/","url":"https:\/\/atsautomation.com\/wp-content\/uploads\/sites\/9\/2022\/11\/ATS-logo-colour-RGB_TM.png","contentUrl":"https:\/\/atsautomation.com\/wp-content\/uploads\/sites\/9\/2022\/11\/ATS-logo-colour-RGB_TM.png","width":1880,"height":371,"caption":"ATS Corporation"},"image":{"@id":"https:\/\/vipgo.atsautomation.com\/atsautomation\/de\/#\/schema\/logo\/image\/"}}]}},"acf":[],"jetpack_sharing_enabled":true,"_links":{"self":[{"href":"https:\/\/vipgo.atsautomation.com\/atsautomation\/de\/wp-json\/wp\/v2\/pages\/26400","targetHints":{"allow":["GET"]}}],"collection":[{"href":"https:\/\/vipgo.atsautomation.com\/atsautomation\/de\/wp-json\/wp\/v2\/pages"}],"about":[{"href":"https:\/\/vipgo.atsautomation.com\/atsautomation\/de\/wp-json\/wp\/v2\/types\/page"}],"author":[{"embeddable":true,"href":"https:\/\/vipgo.atsautomation.com\/atsautomation\/de\/wp-json\/wp\/v2\/users\/3"}],"replies":[{"embeddable":true,"href":"https:\/\/vipgo.atsautomation.com\/atsautomation\/de\/wp-json\/wp\/v2\/comments?post=26400"}],"version-history":[{"count":4,"href":"https:\/\/vipgo.atsautomation.com\/atsautomation\/de\/wp-json\/wp\/v2\/pages\/26400\/revisions"}],"predecessor-version":[{"id":31882,"href":"https:\/\/vipgo.atsautomation.com\/atsautomation\/de\/wp-json\/wp\/v2\/pages\/26400\/revisions\/31882"}],"up":[{"embeddable":true,"href":"https:\/\/vipgo.atsautomation.com\/atsautomation\/de\/wp-json\/wp\/v2\/pages\/8797"}],"wp:featuredmedia":[{"embeddable":true,"href":"https:\/\/vipgo.atsautomation.com\/atsautomation\/de\/wp-json\/wp\/v2\/media\/24792"}],"wp:attachment":[{"href":"https:\/\/vipgo.atsautomation.com\/atsautomation\/de\/wp-json\/wp\/v2\/media?parent=26400"}],"curies":[{"name":"wp","href":"https:\/\/api.w.org\/{rel}","templated":true}]}}