{"id":8797,"date":"2020-07-15T13:01:56","date_gmt":"2020-07-15T13:01:56","guid":{"rendered":"https:\/\/atsautomation.com\/uber-uns\/"},"modified":"2024-11-06T15:05:57","modified_gmt":"2024-11-06T15:05:57","slug":"uber-uns","status":"publish","type":"page","link":"https:\/\/vipgo.atsautomation.com\/atsautomation\/de\/uber-uns\/","title":{"rendered":"\u00dcber uns"},"content":{"rendered":"<h3>Unsere Unternehmensgeschichte<\/h3>\n<p>ATS ist ein branchenf\u00fchrender Anbieter von Automatisierungsl\u00f6sungen f\u00fcr viele der weltweit erfolgreichsten Unternehmen. Das umfassende Wissen und die globalen Kompetenzen von ATS flie\u00dfen in die kundenorientierte und wiederholende Automatisierung, in Automatisierungsprodukte und in Mehrwertleistungen wie Vorautomatisierungs- und Aftersales-Dienste ein, um den Bed\u00fcrfnissen von internationalen Kunden nach anspruchsvollen Fertigungsautomatisierungssystemen und -dienstleistungen nachzukommen. Dabei werden Branchen wie Life Sciences, Chemikalien, Konsumg\u00fcter, Elektronik, Lebensmittel, Getr\u00e4nke, Transport, Energie sowie die \u00d6l- und Gasindustrie bedient.<\/p>\n<p>ATS wurde 1978 gegr\u00fcndet und besch\u00e4ftigt heute ca. 7500 Personen an 65+ Produktionsstandorten in mehr als 85+ B\u00fcros in Nordamerika, Europa, Asien und Ozeanien.<\/p>\n<h3>Innovationskultur<\/h3>\n<p>Unsere einzigartige Erfolgsgeschichte aus Innovation und Leidenschaft f\u00fcr Spitzenleistungen zeichnet uns als weltweit f\u00fchrendes Unternehmen in der Automatisierung aus.\u00a0 Dies ist das Ergebnis jahrelanger Erfahrung bei der Unterst\u00fctzung vieler der weltweit erfolgreichsten Hersteller bei der Einf\u00fchrung neuer Produkte, Kapazit\u00e4tserweiterungen und Initiativen zur Produktivit\u00e4tssteigerung. Egal, ob ATS f\u00fcr Sie eine individuell zugeschnittene, globale Automatisierungsl\u00f6sung entwickeln oder Sie dabei unterst\u00fctzen soll, unsere Auftragsfertigung zu nutzen, wir verf\u00fcgen \u00fcber die Firmengr\u00f6\u00dfe und die Ressourcen,\u00a0um Kosten zu reduzieren und die Markteinf\u00fchrung zu beschleunigen.<\/p>\n<h3>Hingabe f\u00fcr Qualit\u00e4t<\/h3>\n<p>ATS ist stolz auf die Qualit\u00e4t, Entwicklung und den Bau automatisierter Anlagen. Ein zentraler Wert von ATS ist die F\u00e4higkeit, Trends zu erkennen und Verbesserungsm\u00f6glichkeiten umzusetzen. ATS ist danach bestrebt, seinen Kunden durch Einsatz von Lean- und Fehlerpr\u00fcftechniken h\u00f6chste Qualit\u00e4t zu bieten.<\/p>\n<h3>Teamwork<\/h3>\n<p>Teamwork tr\u00e4gt seit mehr als 40 Jahren zu Qualit\u00e4t und Erfolg von ATS bei. Alle Mitarbeiter sind engagiert und stolz auf die Qualit\u00e4t der von uns angebotenen Produkte und Leistungen. Alle Mitarbeiter nehmen aktiv am kontinuerlichen Verbesserungsprogramm von ATS teil, wodurch wir schlussendlich zu dem wurden, was wir sind: ein f\u00fchrendes Unternehmen im Bereich der Automatisierung.<\/p>\n<h3>L\u00f6sungen f\u00fcr Unternehmen<\/h3>\n<p>ATS bietet eine End-to-End-Fertigungsl\u00f6sung mit einem unvergleichlichem Wert f\u00fcr unsere Kunden.<\/p>\n<p><img loading=\"lazy\" decoding=\"async\" class=\"alignnone size-medium wp-image-3246\" src=\"https:\/\/atsautomation.com\/wp-content\/uploads\/sites\/9\/2020\/06\/Turnkey-sketch-455x250-1.jpg?w=300\" alt=\"\" width=\"300\" height=\"165\" srcset=\"https:\/\/vipgo.atsautomation.com\/atsautomation\/wp-content\/uploads\/sites\/9\/2020\/06\/Turnkey-sketch-455x250-1.jpg 455w, https:\/\/vipgo.atsautomation.com\/atsautomation\/wp-content\/uploads\/sites\/9\/2020\/06\/Turnkey-sketch-455x250-1.jpg?resize=300,165 300w\" sizes=\"auto, (max-width: 300px) 100vw, 300px\" \/><\/p>\n<p>ATS verf\u00fcgt \u00fcber einen einzigartigen Ansatz f\u00fcr das traditionelle Modell zur Implementierung der automatisierten Fertigung. Verbindungsstellen und Koordinationsaktivit\u00e4ten zwischen dem Kunden und Beratern, OEMs, Vertragsherstellern, Maschinenlieferanten, H\u00e4ndlern und Systemintegratoren k\u00f6nnen komplex und zeitaufw\u00e4ndig sein. Unternehmensl\u00f6sungen aus einer Hand sorgen f\u00fcr Koh\u00e4sion, Konsistenz und Verantwortlichkeit bei allen Programmen und geben den Mitarbeitern des Kunden den Freiraum, sich auf die allgemeinen Programmziele und die wichtigsten Anforderungen der Interessengruppen zu konzentrieren.<\/p>\n<p><strong>Unternehmensweiter Ansatz = Reduziertes Risiko (Zeitplan, Kosten, Umfang) = Reduzierte Investitionen, Produktkosten, Zeit bis zur Markteinf\u00fchrung<\/strong><\/p>\n<p>Lassen Sie sich von ATS bei der Bew\u00e4ltigung von Herausforderungen hinsichtlich Ressourcen und Koordination sowie den \u00dcberblick \u00fcber den Gesamtumfang unterst\u00fctzen. Unser Unternehmen verf\u00fcgt \u00fcber herausragende F\u00e4higkeiten in den Bereichen:<\/p>\n<ul>\n<li>Projektmanagement<\/li>\n<li>Auswahl und Koordination der Partner\/Zulieferer\/Vertriebsteam<\/li>\n<li>Anlagenlayouts und Betriebsdesign<\/li>\n<li>Gesch\u00e4ftsfallentwicklung und Projektbegr\u00fcndung<\/li>\n<li>Systementwurf, -bau- integration, -inbetriebnahme,- validierung, -schulung und -anlauf<\/li>\n<li>Kundendienst, Ersatzteile und Support nach dem Projekt<\/li>\n<\/ul>\n<p>Das End-to-End-Wertversprechen von ATS sorgt f\u00fcr eine Projektoptimierung vom Start bis zum Produktionsanlauf. Dank dieser Einfachheit m\u00fcssen Sie sich nicht um Ma\u00dfnahmen k\u00fcmmern, die nicht mit den Spezifikationen des Produktdesigns und dem Produktvertrieb zusammenh\u00e4ngen, w\u00e4hrend alle anderen \u201eGet-to-Market\u201c-Aktivit\u00e4ten einem erfahrenen Partner \u2013 ATS \u2013 \u00fcberlassen werden.<\/p>\n","protected":false},"excerpt":{"rendered":"<p>Unsere Unternehmensgeschichte ATS ist ein branchenf\u00fchrender Anbieter von Automatisierungsl\u00f6sungen f\u00fcr viele der weltweit erfolgreichsten Unternehmen. Das umfassende Wissen und die globalen Kompetenzen von ATS flie\u00dfen in die kundenorientierte und wiederholende Automatisierung, in Automatisierungsprodukte und in Mehrwertleistungen wie Vorautomatisierungs- und Aftersales-Dienste ein, um den Bed\u00fcrfnissen von internationalen Kunden nach anspruchsvollen Fertigungsautomatisierungssystemen und -dienstleistungen nachzukommen. Dabei werden Branchen wie Life Sciences, Chemikalien,&#8230;<\/p>\n<div class=\"post-button\"><a href=\"https:\/\/vipgo.atsautomation.com\/atsautomation\/de\/uber-uns\/\">Read More<\/a><\/div>\n","protected":false},"author":3,"featured_media":12693,"parent":0,"menu_order":0,"comment_status":"closed","ping_status":"closed","template":"","meta":{"_acf_changed":false,"footnotes":""},"class_list":["post-8797","page","type-page","status-publish","has-post-thumbnail","hentry"],"yoast_head":"<!-- This site is optimized with the Yoast SEO Premium plugin v26.8 (Yoast SEO v26.8) - https:\/\/yoast.com\/product\/yoast-seo-premium-wordpress\/ -->\n<title>About Us | Industrial Automation Companies | ATS Automation<\/title>\n<meta name=\"description\" content=\"Our Story ATS is an industry-leading automation solutions provider to many of the world\u2019s most successful companies. ATS uses its...Read More\" \/>\n<meta name=\"robots\" content=\"index, follow, max-snippet:-1, max-image-preview:large, max-video-preview:-1\" \/>\n<link rel=\"canonical\" href=\"https:\/\/vipgo.atsautomation.com\/atsautomation\/de\/uber-uns\/\" \/>\n<meta property=\"og:locale\" content=\"de_DE\" \/>\n<meta property=\"og:type\" content=\"article\" \/>\n<meta property=\"og:title\" content=\"\u00dcber uns\" \/>\n<meta property=\"og:description\" content=\"Our Story ATS is an industry-leading automation solutions provider to many of the world\u2019s most successful companies. ATS uses its...Read More\" \/>\n<meta property=\"og:url\" content=\"https:\/\/vipgo.atsautomation.com\/atsautomation\/de\/uber-uns\/\" \/>\n<meta property=\"og:site_name\" content=\"ATS Corporation\" \/>\n<meta property=\"article:modified_time\" content=\"2024-11-06T15:05:57+00:00\" \/>\n<meta property=\"og:image\" content=\"https:\/\/vipgo.atsautomation.com\/atsautomation\/wp-content\/uploads\/sites\/9\/2020\/07\/Corp-Content-Page-Banner-6250x2084-1.jpg\" \/>\n\t<meta property=\"og:image:width\" content=\"1500\" \/>\n\t<meta property=\"og:image:height\" content=\"500\" \/>\n\t<meta property=\"og:image:type\" content=\"image\/jpeg\" \/>\n<meta name=\"twitter:card\" content=\"summary_large_image\" \/>\n<meta name=\"twitter:label1\" content=\"Gesch\u00e4tzte Lesezeit\" \/>\n\t<meta name=\"twitter:data1\" content=\"3 Minuten\" \/>\n<script type=\"application\/ld+json\" class=\"yoast-schema-graph\">{\"@context\":\"https:\/\/schema.org\",\"@graph\":[{\"@type\":\"WebPage\",\"@id\":\"https:\/\/vipgo.atsautomation.com\/atsautomation\/de\/uber-uns\/\",\"url\":\"https:\/\/vipgo.atsautomation.com\/atsautomation\/de\/uber-uns\/\",\"name\":\"About Us | Industrial Automation Companies | ATS Automation\",\"isPartOf\":{\"@id\":\"https:\/\/vipgo.atsautomation.com\/atsautomation\/de\/#website\"},\"primaryImageOfPage\":{\"@id\":\"https:\/\/vipgo.atsautomation.com\/atsautomation\/de\/uber-uns\/#primaryimage\"},\"image\":{\"@id\":\"https:\/\/vipgo.atsautomation.com\/atsautomation\/de\/uber-uns\/#primaryimage\"},\"thumbnailUrl\":\"https:\/\/vipgo.atsautomation.com\/atsautomation\/wp-content\/uploads\/sites\/9\/2020\/07\/Corp-Content-Page-Banner-6250x2084-1.jpg\",\"datePublished\":\"2020-07-15T13:01:56+00:00\",\"dateModified\":\"2024-11-06T15:05:57+00:00\",\"description\":\"Our Story ATS is an industry-leading automation solutions provider to many of the world\u2019s most successful companies. ATS uses its...Read More\",\"breadcrumb\":{\"@id\":\"https:\/\/vipgo.atsautomation.com\/atsautomation\/de\/uber-uns\/#breadcrumb\"},\"inLanguage\":\"de-DE\",\"potentialAction\":[{\"@type\":\"ReadAction\",\"target\":[\"https:\/\/vipgo.atsautomation.com\/atsautomation\/de\/uber-uns\/\"]}]},{\"@type\":\"ImageObject\",\"inLanguage\":\"de-DE\",\"@id\":\"https:\/\/vipgo.atsautomation.com\/atsautomation\/de\/uber-uns\/#primaryimage\",\"url\":\"https:\/\/vipgo.atsautomation.com\/atsautomation\/wp-content\/uploads\/sites\/9\/2020\/07\/Corp-Content-Page-Banner-6250x2084-1.jpg\",\"contentUrl\":\"https:\/\/vipgo.atsautomation.com\/atsautomation\/wp-content\/uploads\/sites\/9\/2020\/07\/Corp-Content-Page-Banner-6250x2084-1.jpg\",\"width\":1500,\"height\":500,\"caption\":\"ATS-Logo einge\u00e4tzt in die Glasabdeckung einer Maschine\"},{\"@type\":\"BreadcrumbList\",\"@id\":\"https:\/\/vipgo.atsautomation.com\/atsautomation\/de\/uber-uns\/#breadcrumb\",\"itemListElement\":[{\"@type\":\"ListItem\",\"position\":1,\"name\":\"Home\",\"item\":\"https:\/\/vipgo.atsautomation.com\/atsautomation\/de\/\"},{\"@type\":\"ListItem\",\"position\":2,\"name\":\"\u00dcber uns\"}]},{\"@type\":\"WebSite\",\"@id\":\"https:\/\/vipgo.atsautomation.com\/atsautomation\/de\/#website\",\"url\":\"https:\/\/vipgo.atsautomation.com\/atsautomation\/de\/\",\"name\":\"ATS Corporation\",\"description\":\"Just another vipgo.atsautomation.com site\",\"publisher\":{\"@id\":\"https:\/\/vipgo.atsautomation.com\/atsautomation\/de\/#organization\"},\"potentialAction\":[{\"@type\":\"SearchAction\",\"target\":{\"@type\":\"EntryPoint\",\"urlTemplate\":\"https:\/\/vipgo.atsautomation.com\/atsautomation\/de\/?s={search_term_string}\"},\"query-input\":{\"@type\":\"PropertyValueSpecification\",\"valueRequired\":true,\"valueName\":\"search_term_string\"}}],\"inLanguage\":\"de-DE\"},{\"@type\":\"Organization\",\"@id\":\"https:\/\/vipgo.atsautomation.com\/atsautomation\/de\/#organization\",\"name\":\"ATS Corporation\",\"url\":\"https:\/\/vipgo.atsautomation.com\/atsautomation\/de\/\",\"logo\":{\"@type\":\"ImageObject\",\"inLanguage\":\"de-DE\",\"@id\":\"https:\/\/vipgo.atsautomation.com\/atsautomation\/de\/#\/schema\/logo\/image\/\",\"url\":\"https:\/\/atsautomation.com\/wp-content\/uploads\/sites\/9\/2022\/11\/ATS-logo-colour-RGB_TM.png\",\"contentUrl\":\"https:\/\/atsautomation.com\/wp-content\/uploads\/sites\/9\/2022\/11\/ATS-logo-colour-RGB_TM.png\",\"width\":1880,\"height\":371,\"caption\":\"ATS Corporation\"},\"image\":{\"@id\":\"https:\/\/vipgo.atsautomation.com\/atsautomation\/de\/#\/schema\/logo\/image\/\"}}]}<\/script>\n<!-- \/ Yoast SEO Premium plugin. -->","yoast_head_json":{"title":"About Us | Industrial Automation Companies | ATS Automation","description":"Our Story ATS is an industry-leading automation solutions provider to many of the world\u2019s most successful companies. ATS uses its...Read More","robots":{"index":"index","follow":"follow","max-snippet":"max-snippet:-1","max-image-preview":"max-image-preview:large","max-video-preview":"max-video-preview:-1"},"canonical":"https:\/\/vipgo.atsautomation.com\/atsautomation\/de\/uber-uns\/","og_locale":"de_DE","og_type":"article","og_title":"\u00dcber uns","og_description":"Our Story ATS is an industry-leading automation solutions provider to many of the world\u2019s most successful companies. ATS uses its...Read More","og_url":"https:\/\/vipgo.atsautomation.com\/atsautomation\/de\/uber-uns\/","og_site_name":"ATS Corporation","article_modified_time":"2024-11-06T15:05:57+00:00","og_image":[{"width":1500,"height":500,"url":"https:\/\/vipgo.atsautomation.com\/atsautomation\/wp-content\/uploads\/sites\/9\/2020\/07\/Corp-Content-Page-Banner-6250x2084-1.jpg","type":"image\/jpeg"}],"twitter_card":"summary_large_image","twitter_misc":{"Gesch\u00e4tzte Lesezeit":"3 Minuten"},"schema":{"@context":"https:\/\/schema.org","@graph":[{"@type":"WebPage","@id":"https:\/\/vipgo.atsautomation.com\/atsautomation\/de\/uber-uns\/","url":"https:\/\/vipgo.atsautomation.com\/atsautomation\/de\/uber-uns\/","name":"About Us | Industrial Automation Companies | ATS Automation","isPartOf":{"@id":"https:\/\/vipgo.atsautomation.com\/atsautomation\/de\/#website"},"primaryImageOfPage":{"@id":"https:\/\/vipgo.atsautomation.com\/atsautomation\/de\/uber-uns\/#primaryimage"},"image":{"@id":"https:\/\/vipgo.atsautomation.com\/atsautomation\/de\/uber-uns\/#primaryimage"},"thumbnailUrl":"https:\/\/vipgo.atsautomation.com\/atsautomation\/wp-content\/uploads\/sites\/9\/2020\/07\/Corp-Content-Page-Banner-6250x2084-1.jpg","datePublished":"2020-07-15T13:01:56+00:00","dateModified":"2024-11-06T15:05:57+00:00","description":"Our Story ATS is an industry-leading automation solutions provider to many of the world\u2019s most successful companies. ATS uses its...Read More","breadcrumb":{"@id":"https:\/\/vipgo.atsautomation.com\/atsautomation\/de\/uber-uns\/#breadcrumb"},"inLanguage":"de-DE","potentialAction":[{"@type":"ReadAction","target":["https:\/\/vipgo.atsautomation.com\/atsautomation\/de\/uber-uns\/"]}]},{"@type":"ImageObject","inLanguage":"de-DE","@id":"https:\/\/vipgo.atsautomation.com\/atsautomation\/de\/uber-uns\/#primaryimage","url":"https:\/\/vipgo.atsautomation.com\/atsautomation\/wp-content\/uploads\/sites\/9\/2020\/07\/Corp-Content-Page-Banner-6250x2084-1.jpg","contentUrl":"https:\/\/vipgo.atsautomation.com\/atsautomation\/wp-content\/uploads\/sites\/9\/2020\/07\/Corp-Content-Page-Banner-6250x2084-1.jpg","width":1500,"height":500,"caption":"ATS-Logo einge\u00e4tzt in die Glasabdeckung einer Maschine"},{"@type":"BreadcrumbList","@id":"https:\/\/vipgo.atsautomation.com\/atsautomation\/de\/uber-uns\/#breadcrumb","itemListElement":[{"@type":"ListItem","position":1,"name":"Home","item":"https:\/\/vipgo.atsautomation.com\/atsautomation\/de\/"},{"@type":"ListItem","position":2,"name":"\u00dcber uns"}]},{"@type":"WebSite","@id":"https:\/\/vipgo.atsautomation.com\/atsautomation\/de\/#website","url":"https:\/\/vipgo.atsautomation.com\/atsautomation\/de\/","name":"ATS Corporation","description":"Just another vipgo.atsautomation.com site","publisher":{"@id":"https:\/\/vipgo.atsautomation.com\/atsautomation\/de\/#organization"},"potentialAction":[{"@type":"SearchAction","target":{"@type":"EntryPoint","urlTemplate":"https:\/\/vipgo.atsautomation.com\/atsautomation\/de\/?s={search_term_string}"},"query-input":{"@type":"PropertyValueSpecification","valueRequired":true,"valueName":"search_term_string"}}],"inLanguage":"de-DE"},{"@type":"Organization","@id":"https:\/\/vipgo.atsautomation.com\/atsautomation\/de\/#organization","name":"ATS Corporation","url":"https:\/\/vipgo.atsautomation.com\/atsautomation\/de\/","logo":{"@type":"ImageObject","inLanguage":"de-DE","@id":"https:\/\/vipgo.atsautomation.com\/atsautomation\/de\/#\/schema\/logo\/image\/","url":"https:\/\/atsautomation.com\/wp-content\/uploads\/sites\/9\/2022\/11\/ATS-logo-colour-RGB_TM.png","contentUrl":"https:\/\/atsautomation.com\/wp-content\/uploads\/sites\/9\/2022\/11\/ATS-logo-colour-RGB_TM.png","width":1880,"height":371,"caption":"ATS Corporation"},"image":{"@id":"https:\/\/vipgo.atsautomation.com\/atsautomation\/de\/#\/schema\/logo\/image\/"}}]}},"acf":[],"jetpack_sharing_enabled":true,"_links":{"self":[{"href":"https:\/\/vipgo.atsautomation.com\/atsautomation\/de\/wp-json\/wp\/v2\/pages\/8797","targetHints":{"allow":["GET"]}}],"collection":[{"href":"https:\/\/vipgo.atsautomation.com\/atsautomation\/de\/wp-json\/wp\/v2\/pages"}],"about":[{"href":"https:\/\/vipgo.atsautomation.com\/atsautomation\/de\/wp-json\/wp\/v2\/types\/page"}],"author":[{"embeddable":true,"href":"https:\/\/vipgo.atsautomation.com\/atsautomation\/de\/wp-json\/wp\/v2\/users\/3"}],"replies":[{"embeddable":true,"href":"https:\/\/vipgo.atsautomation.com\/atsautomation\/de\/wp-json\/wp\/v2\/comments?post=8797"}],"version-history":[{"count":15,"href":"https:\/\/vipgo.atsautomation.com\/atsautomation\/de\/wp-json\/wp\/v2\/pages\/8797\/revisions"}],"predecessor-version":[{"id":37205,"href":"https:\/\/vipgo.atsautomation.com\/atsautomation\/de\/wp-json\/wp\/v2\/pages\/8797\/revisions\/37205"}],"wp:featuredmedia":[{"embeddable":true,"href":"https:\/\/vipgo.atsautomation.com\/atsautomation\/de\/wp-json\/wp\/v2\/media\/12693"}],"wp:attachment":[{"href":"https:\/\/vipgo.atsautomation.com\/atsautomation\/de\/wp-json\/wp\/v2\/media?parent=8797"}],"curies":[{"name":"wp","href":"https:\/\/api.w.org\/{rel}","templated":true}]}}