{"id":8851,"date":"2020-07-15T13:08:26","date_gmt":"2020-07-15T13:08:26","guid":{"rendered":"https:\/\/atsautomation.com\/elektronik\/"},"modified":"2023-01-26T21:20:28","modified_gmt":"2023-01-26T21:20:28","slug":"elektronik","status":"publish","type":"page","link":"https:\/\/vipgo.atsautomation.com\/atsautomation\/de\/elektronik\/","title":{"rendered":"Elektronik"},"content":{"rendered":"<div class=\"row\">\n<div class=\"turbo-charger col-md-6\">\n<h2>Elektronik<\/h2>\n<h3>Unsere Systeme sorgen f\u00fcr leistungsstarke elektronische Baugruppen und werden von unseren erfahrenen Teams entworfen, gebaut und integriert. Mit der Integration geeigneter Technologien, die von fachkundigen Partnern unterst\u00fctzt werden, liefert ATS eine leistungsstarke Automatisierung im Konsumg\u00fcterbereich.<\/h3>\n<\/div>\n<div class=\"turbo-charger-rightside col-md-6\"><iframe loading=\"lazy\" title=\"Contact Us-content Template - ATS Website\" class=\"\" width=\"100%\" height=\"350\" type=\"text\/html\" frameborder=\"0\" allowtransparency=\"true\" style=\"border: 0px;\/* display: none; *\/\" data-cookieconsent=\"marketing\" src=\"https:\/\/go.atsautomation.com\/l\/651873\/2020-08-05\/26nn47\"><\/iframe><\/div>\n<\/div>\n","protected":false},"excerpt":{"rendered":"<p>Elektronik Unsere Systeme sorgen f\u00fcr leistungsstarke elektronische Baugruppen und werden von unseren erfahrenen Teams entworfen, gebaut und integriert. Mit der Integration geeigneter Technologien, die von fachkundigen Partnern unterst\u00fctzt werden, liefert ATS eine leistungsstarke Automatisierung im Konsumg\u00fcterbereich.<\/p>\n","protected":false},"author":3,"featured_media":8852,"parent":0,"menu_order":0,"comment_status":"closed","ping_status":"closed","template":"page-templates\/landing-page.php","meta":{"_acf_changed":false,"footnotes":""},"class_list":["post-8851","page","type-page","status-publish","has-post-thumbnail","hentry"],"yoast_head":"<!-- This site is optimized with the Yoast SEO Premium plugin v26.8 (Yoast SEO v26.8) - https:\/\/yoast.com\/product\/yoast-seo-premium-wordpress\/ -->\n<title>Electronic Assemblies | Electronic Product Automation | ATS Automation<\/title>\n<meta name=\"description\" content=\"Unsere Systeme liefern leistungsstarke elektronische Baugruppen, die von unseren erfahrenen Teams entworfen, gebaut und integriert werden. Eine pr\u00e4zise Auswahl und Integration geeigneter Technologien, unterst\u00fctzt durch kompetente Partner und Anbieter, sichert das optimale Ergebnis f\u00fcr Ihr Elektronikprodukt. Wir setzen konsequent auf zukunftsweisende Trends.\" \/>\n<meta name=\"robots\" content=\"index, follow, max-snippet:-1, max-image-preview:large, max-video-preview:-1\" \/>\n<link rel=\"canonical\" href=\"https:\/\/vipgo.atsautomation.com\/atsautomation\/de\/elektronik\/\" \/>\n<meta property=\"og:locale\" content=\"de_DE\" \/>\n<meta property=\"og:type\" content=\"article\" \/>\n<meta property=\"og:title\" content=\"Elektronik\" \/>\n<meta property=\"og:description\" content=\"Unsere Systeme liefern leistungsstarke elektronische Baugruppen, die von unseren erfahrenen Teams entworfen, gebaut und integriert werden. Eine pr\u00e4zise Auswahl und Integration geeigneter Technologien, unterst\u00fctzt durch kompetente Partner und Anbieter, sichert das optimale Ergebnis f\u00fcr Ihr Elektronikprodukt. Wir setzen konsequent auf zukunftsweisende Trends.\" \/>\n<meta property=\"og:url\" content=\"https:\/\/vipgo.atsautomation.com\/atsautomation\/de\/elektronik\/\" \/>\n<meta property=\"og:site_name\" content=\"ATS Corporation\" \/>\n<meta property=\"article:modified_time\" content=\"2023-01-26T21:20:28+00:00\" \/>\n<meta property=\"og:image\" content=\"https:\/\/vipgo.atsautomation.com\/atsautomation\/wp-content\/uploads\/sites\/9\/2020\/05\/Electronic-technology-bannerimage.png\" \/>\n\t<meta property=\"og:image:width\" content=\"1500\" \/>\n\t<meta property=\"og:image:height\" content=\"500\" \/>\n\t<meta property=\"og:image:type\" content=\"image\/png\" \/>\n<meta name=\"twitter:card\" content=\"summary_large_image\" \/>\n<meta name=\"twitter:label1\" content=\"Gesch\u00e4tzte Lesezeit\" \/>\n\t<meta name=\"twitter:data1\" content=\"1 Minute\" \/>\n<script type=\"application\/ld+json\" class=\"yoast-schema-graph\">{\"@context\":\"https:\/\/schema.org\",\"@graph\":[{\"@type\":\"WebPage\",\"@id\":\"https:\/\/vipgo.atsautomation.com\/atsautomation\/de\/elektronik\/\",\"url\":\"https:\/\/vipgo.atsautomation.com\/atsautomation\/de\/elektronik\/\",\"name\":\"Electronic Assemblies | Electronic Product Automation | ATS Automation\",\"isPartOf\":{\"@id\":\"https:\/\/vipgo.atsautomation.com\/atsautomation\/de\/#website\"},\"primaryImageOfPage\":{\"@id\":\"https:\/\/vipgo.atsautomation.com\/atsautomation\/de\/elektronik\/#primaryimage\"},\"image\":{\"@id\":\"https:\/\/vipgo.atsautomation.com\/atsautomation\/de\/elektronik\/#primaryimage\"},\"thumbnailUrl\":\"https:\/\/vipgo.atsautomation.com\/atsautomation\/wp-content\/uploads\/sites\/9\/2020\/05\/Electronic-technology-bannerimage.png\",\"datePublished\":\"2020-07-15T13:08:26+00:00\",\"dateModified\":\"2023-01-26T21:20:28+00:00\",\"description\":\"Unsere Systeme liefern leistungsstarke elektronische Baugruppen, die von unseren erfahrenen Teams entworfen, gebaut und integriert werden. Eine pr\u00e4zise Auswahl und Integration geeigneter Technologien, unterst\u00fctzt durch kompetente Partner und Anbieter, sichert das optimale Ergebnis f\u00fcr Ihr Elektronikprodukt. Wir setzen konsequent auf zukunftsweisende Trends.\",\"breadcrumb\":{\"@id\":\"https:\/\/vipgo.atsautomation.com\/atsautomation\/de\/elektronik\/#breadcrumb\"},\"inLanguage\":\"de-DE\",\"potentialAction\":[{\"@type\":\"ReadAction\",\"target\":[\"https:\/\/vipgo.atsautomation.com\/atsautomation\/de\/elektronik\/\"]}]},{\"@type\":\"ImageObject\",\"inLanguage\":\"de-DE\",\"@id\":\"https:\/\/vipgo.atsautomation.com\/atsautomation\/de\/elektronik\/#primaryimage\",\"url\":\"https:\/\/vipgo.atsautomation.com\/atsautomation\/wp-content\/uploads\/sites\/9\/2020\/05\/Electronic-technology-bannerimage.png\",\"contentUrl\":\"https:\/\/vipgo.atsautomation.com\/atsautomation\/wp-content\/uploads\/sites\/9\/2020\/05\/Electronic-technology-bannerimage.png\",\"width\":1500,\"height\":500,\"caption\":\"Elektronik-Technologie-Chip\"},{\"@type\":\"BreadcrumbList\",\"@id\":\"https:\/\/vipgo.atsautomation.com\/atsautomation\/de\/elektronik\/#breadcrumb\",\"itemListElement\":[{\"@type\":\"ListItem\",\"position\":1,\"name\":\"Home\",\"item\":\"https:\/\/vipgo.atsautomation.com\/atsautomation\/de\/\"},{\"@type\":\"ListItem\",\"position\":2,\"name\":\"Elektronik\"}]},{\"@type\":\"WebSite\",\"@id\":\"https:\/\/vipgo.atsautomation.com\/atsautomation\/de\/#website\",\"url\":\"https:\/\/vipgo.atsautomation.com\/atsautomation\/de\/\",\"name\":\"ATS Corporation\",\"description\":\"Just another vipgo.atsautomation.com site\",\"publisher\":{\"@id\":\"https:\/\/vipgo.atsautomation.com\/atsautomation\/de\/#organization\"},\"potentialAction\":[{\"@type\":\"SearchAction\",\"target\":{\"@type\":\"EntryPoint\",\"urlTemplate\":\"https:\/\/vipgo.atsautomation.com\/atsautomation\/de\/?s={search_term_string}\"},\"query-input\":{\"@type\":\"PropertyValueSpecification\",\"valueRequired\":true,\"valueName\":\"search_term_string\"}}],\"inLanguage\":\"de-DE\"},{\"@type\":\"Organization\",\"@id\":\"https:\/\/vipgo.atsautomation.com\/atsautomation\/de\/#organization\",\"name\":\"ATS Corporation\",\"url\":\"https:\/\/vipgo.atsautomation.com\/atsautomation\/de\/\",\"logo\":{\"@type\":\"ImageObject\",\"inLanguage\":\"de-DE\",\"@id\":\"https:\/\/vipgo.atsautomation.com\/atsautomation\/de\/#\/schema\/logo\/image\/\",\"url\":\"https:\/\/atsautomation.com\/wp-content\/uploads\/sites\/9\/2022\/11\/ATS-logo-colour-RGB_TM.png\",\"contentUrl\":\"https:\/\/atsautomation.com\/wp-content\/uploads\/sites\/9\/2022\/11\/ATS-logo-colour-RGB_TM.png\",\"width\":1880,\"height\":371,\"caption\":\"ATS Corporation\"},\"image\":{\"@id\":\"https:\/\/vipgo.atsautomation.com\/atsautomation\/de\/#\/schema\/logo\/image\/\"}}]}<\/script>\n<!-- \/ Yoast SEO Premium plugin. -->","yoast_head_json":{"title":"Electronic Assemblies | Electronic Product Automation | ATS Automation","description":"Unsere Systeme liefern leistungsstarke elektronische Baugruppen, die von unseren erfahrenen Teams entworfen, gebaut und integriert werden. Eine pr\u00e4zise Auswahl und Integration geeigneter Technologien, unterst\u00fctzt durch kompetente Partner und Anbieter, sichert das optimale Ergebnis f\u00fcr Ihr Elektronikprodukt. Wir setzen konsequent auf zukunftsweisende Trends.","robots":{"index":"index","follow":"follow","max-snippet":"max-snippet:-1","max-image-preview":"max-image-preview:large","max-video-preview":"max-video-preview:-1"},"canonical":"https:\/\/vipgo.atsautomation.com\/atsautomation\/de\/elektronik\/","og_locale":"de_DE","og_type":"article","og_title":"Elektronik","og_description":"Unsere Systeme liefern leistungsstarke elektronische Baugruppen, die von unseren erfahrenen Teams entworfen, gebaut und integriert werden. Eine pr\u00e4zise Auswahl und Integration geeigneter Technologien, unterst\u00fctzt durch kompetente Partner und Anbieter, sichert das optimale Ergebnis f\u00fcr Ihr Elektronikprodukt. Wir setzen konsequent auf zukunftsweisende Trends.","og_url":"https:\/\/vipgo.atsautomation.com\/atsautomation\/de\/elektronik\/","og_site_name":"ATS Corporation","article_modified_time":"2023-01-26T21:20:28+00:00","og_image":[{"width":1500,"height":500,"url":"https:\/\/vipgo.atsautomation.com\/atsautomation\/wp-content\/uploads\/sites\/9\/2020\/05\/Electronic-technology-bannerimage.png","type":"image\/png"}],"twitter_card":"summary_large_image","twitter_misc":{"Gesch\u00e4tzte Lesezeit":"1 Minute"},"schema":{"@context":"https:\/\/schema.org","@graph":[{"@type":"WebPage","@id":"https:\/\/vipgo.atsautomation.com\/atsautomation\/de\/elektronik\/","url":"https:\/\/vipgo.atsautomation.com\/atsautomation\/de\/elektronik\/","name":"Electronic Assemblies | Electronic Product Automation | ATS Automation","isPartOf":{"@id":"https:\/\/vipgo.atsautomation.com\/atsautomation\/de\/#website"},"primaryImageOfPage":{"@id":"https:\/\/vipgo.atsautomation.com\/atsautomation\/de\/elektronik\/#primaryimage"},"image":{"@id":"https:\/\/vipgo.atsautomation.com\/atsautomation\/de\/elektronik\/#primaryimage"},"thumbnailUrl":"https:\/\/vipgo.atsautomation.com\/atsautomation\/wp-content\/uploads\/sites\/9\/2020\/05\/Electronic-technology-bannerimage.png","datePublished":"2020-07-15T13:08:26+00:00","dateModified":"2023-01-26T21:20:28+00:00","description":"Unsere Systeme liefern leistungsstarke elektronische Baugruppen, die von unseren erfahrenen Teams entworfen, gebaut und integriert werden. Eine pr\u00e4zise Auswahl und Integration geeigneter Technologien, unterst\u00fctzt durch kompetente Partner und Anbieter, sichert das optimale Ergebnis f\u00fcr Ihr Elektronikprodukt. Wir setzen konsequent auf zukunftsweisende Trends.","breadcrumb":{"@id":"https:\/\/vipgo.atsautomation.com\/atsautomation\/de\/elektronik\/#breadcrumb"},"inLanguage":"de-DE","potentialAction":[{"@type":"ReadAction","target":["https:\/\/vipgo.atsautomation.com\/atsautomation\/de\/elektronik\/"]}]},{"@type":"ImageObject","inLanguage":"de-DE","@id":"https:\/\/vipgo.atsautomation.com\/atsautomation\/de\/elektronik\/#primaryimage","url":"https:\/\/vipgo.atsautomation.com\/atsautomation\/wp-content\/uploads\/sites\/9\/2020\/05\/Electronic-technology-bannerimage.png","contentUrl":"https:\/\/vipgo.atsautomation.com\/atsautomation\/wp-content\/uploads\/sites\/9\/2020\/05\/Electronic-technology-bannerimage.png","width":1500,"height":500,"caption":"Elektronik-Technologie-Chip"},{"@type":"BreadcrumbList","@id":"https:\/\/vipgo.atsautomation.com\/atsautomation\/de\/elektronik\/#breadcrumb","itemListElement":[{"@type":"ListItem","position":1,"name":"Home","item":"https:\/\/vipgo.atsautomation.com\/atsautomation\/de\/"},{"@type":"ListItem","position":2,"name":"Elektronik"}]},{"@type":"WebSite","@id":"https:\/\/vipgo.atsautomation.com\/atsautomation\/de\/#website","url":"https:\/\/vipgo.atsautomation.com\/atsautomation\/de\/","name":"ATS Corporation","description":"Just another vipgo.atsautomation.com site","publisher":{"@id":"https:\/\/vipgo.atsautomation.com\/atsautomation\/de\/#organization"},"potentialAction":[{"@type":"SearchAction","target":{"@type":"EntryPoint","urlTemplate":"https:\/\/vipgo.atsautomation.com\/atsautomation\/de\/?s={search_term_string}"},"query-input":{"@type":"PropertyValueSpecification","valueRequired":true,"valueName":"search_term_string"}}],"inLanguage":"de-DE"},{"@type":"Organization","@id":"https:\/\/vipgo.atsautomation.com\/atsautomation\/de\/#organization","name":"ATS Corporation","url":"https:\/\/vipgo.atsautomation.com\/atsautomation\/de\/","logo":{"@type":"ImageObject","inLanguage":"de-DE","@id":"https:\/\/vipgo.atsautomation.com\/atsautomation\/de\/#\/schema\/logo\/image\/","url":"https:\/\/atsautomation.com\/wp-content\/uploads\/sites\/9\/2022\/11\/ATS-logo-colour-RGB_TM.png","contentUrl":"https:\/\/atsautomation.com\/wp-content\/uploads\/sites\/9\/2022\/11\/ATS-logo-colour-RGB_TM.png","width":1880,"height":371,"caption":"ATS Corporation"},"image":{"@id":"https:\/\/vipgo.atsautomation.com\/atsautomation\/de\/#\/schema\/logo\/image\/"}}]}},"acf":[],"jetpack_sharing_enabled":true,"_links":{"self":[{"href":"https:\/\/vipgo.atsautomation.com\/atsautomation\/de\/wp-json\/wp\/v2\/pages\/8851","targetHints":{"allow":["GET"]}}],"collection":[{"href":"https:\/\/vipgo.atsautomation.com\/atsautomation\/de\/wp-json\/wp\/v2\/pages"}],"about":[{"href":"https:\/\/vipgo.atsautomation.com\/atsautomation\/de\/wp-json\/wp\/v2\/types\/page"}],"author":[{"embeddable":true,"href":"https:\/\/vipgo.atsautomation.com\/atsautomation\/de\/wp-json\/wp\/v2\/users\/3"}],"replies":[{"embeddable":true,"href":"https:\/\/vipgo.atsautomation.com\/atsautomation\/de\/wp-json\/wp\/v2\/comments?post=8851"}],"version-history":[{"count":7,"href":"https:\/\/vipgo.atsautomation.com\/atsautomation\/de\/wp-json\/wp\/v2\/pages\/8851\/revisions"}],"predecessor-version":[{"id":35216,"href":"https:\/\/vipgo.atsautomation.com\/atsautomation\/de\/wp-json\/wp\/v2\/pages\/8851\/revisions\/35216"}],"wp:featuredmedia":[{"embeddable":true,"href":"https:\/\/vipgo.atsautomation.com\/atsautomation\/de\/wp-json\/wp\/v2\/media\/8852"}],"wp:attachment":[{"href":"https:\/\/vipgo.atsautomation.com\/atsautomation\/de\/wp-json\/wp\/v2\/media?parent=8851"}],"curies":[{"name":"wp","href":"https:\/\/api.w.org\/{rel}","templated":true}]}}