{"id":8949,"date":"2020-07-15T13:08:31","date_gmt":"2020-07-15T13:08:31","guid":{"rendered":"https:\/\/atsautomation.com\/montage-mit-hohem-volumen\/"},"modified":"2023-01-30T18:33:48","modified_gmt":"2023-01-30T18:33:48","slug":"montage-mit-hohem-volumen","status":"publish","type":"page","link":"https:\/\/vipgo.atsautomation.com\/atsautomation\/de\/konsumguter-und-industrieprodukte\/montage-mit-hohem-volumen\/","title":{"rendered":"Montage mit hohem Volumen"},"content":{"rendered":"","protected":false},"excerpt":{"rendered":"","protected":false},"author":3,"featured_media":8950,"parent":9083,"menu_order":0,"comment_status":"closed","ping_status":"closed","template":"page-templates\/content-page.php","meta":{"_acf_changed":false,"footnotes":""},"class_list":["post-8949","page","type-page","status-publish","has-post-thumbnail","hentry"],"yoast_head":"<!-- This site is optimized with the Yoast SEO Premium plugin v26.8 (Yoast SEO v26.8) - https:\/\/yoast.com\/product\/yoast-seo-premium-wordpress\/ -->\n<title>Montage mit hohem Volumen - ATS Corporation<\/title>\n<meta name=\"description\" content=\"Zuverl\u00e4ssigkeit und Markteinf\u00fchrungszeit sind bei der Montage und Verpackung von Produkten mit hohen St\u00fcckzahlen entscheidend. Die Hochgeschwindigkeitssysteme von ATS bieten Zykluszeiten im Sub-Sekundenbereich bei gleichzeitig der niedrigsten Anzahl von Defekten\" \/>\n<meta name=\"robots\" content=\"index, follow, max-snippet:-1, max-image-preview:large, max-video-preview:-1\" \/>\n<link rel=\"canonical\" href=\"https:\/\/vipgo.atsautomation.com\/atsautomation\/de\/konsumguter-und-industrieprodukte\/montage-mit-hohem-volumen\/\" \/>\n<meta property=\"og:locale\" content=\"de_DE\" \/>\n<meta property=\"og:type\" content=\"article\" \/>\n<meta property=\"og:title\" content=\"Montage mit hohem Volumen\" \/>\n<meta property=\"og:description\" content=\"Zuverl\u00e4ssigkeit und Markteinf\u00fchrungszeit sind bei der Montage und Verpackung von Produkten mit hohen St\u00fcckzahlen entscheidend. Die Hochgeschwindigkeitssysteme von ATS bieten Zykluszeiten im Sub-Sekundenbereich bei gleichzeitig der niedrigsten Anzahl von Defekten\" \/>\n<meta property=\"og:url\" content=\"https:\/\/vipgo.atsautomation.com\/atsautomation\/de\/konsumguter-und-industrieprodukte\/montage-mit-hohem-volumen\/\" \/>\n<meta property=\"og:site_name\" content=\"ATS Corporation\" \/>\n<meta property=\"article:modified_time\" content=\"2023-01-30T18:33:48+00:00\" \/>\n<meta property=\"og:image\" content=\"https:\/\/vipgo.atsautomation.com\/atsautomation\/wp-content\/uploads\/sites\/9\/2020\/06\/ATS-Machines-1500-500.jpg\" \/>\n\t<meta property=\"og:image:width\" content=\"1500\" \/>\n\t<meta property=\"og:image:height\" content=\"500\" \/>\n\t<meta property=\"og:image:type\" content=\"image\/jpeg\" \/>\n<meta name=\"twitter:card\" content=\"summary_large_image\" \/>\n<script type=\"application\/ld+json\" class=\"yoast-schema-graph\">{\"@context\":\"https:\/\/schema.org\",\"@graph\":[{\"@type\":\"WebPage\",\"@id\":\"https:\/\/vipgo.atsautomation.com\/atsautomation\/de\/konsumguter-und-industrieprodukte\/montage-mit-hohem-volumen\/\",\"url\":\"https:\/\/vipgo.atsautomation.com\/atsautomation\/de\/konsumguter-und-industrieprodukte\/montage-mit-hohem-volumen\/\",\"name\":\"Montage mit hohem Volumen - ATS Corporation\",\"isPartOf\":{\"@id\":\"https:\/\/vipgo.atsautomation.com\/atsautomation\/de\/#website\"},\"primaryImageOfPage\":{\"@id\":\"https:\/\/vipgo.atsautomation.com\/atsautomation\/de\/konsumguter-und-industrieprodukte\/montage-mit-hohem-volumen\/#primaryimage\"},\"image\":{\"@id\":\"https:\/\/vipgo.atsautomation.com\/atsautomation\/de\/konsumguter-und-industrieprodukte\/montage-mit-hohem-volumen\/#primaryimage\"},\"thumbnailUrl\":\"https:\/\/vipgo.atsautomation.com\/atsautomation\/wp-content\/uploads\/sites\/9\/2020\/06\/ATS-Machines-1500-500.jpg\",\"datePublished\":\"2020-07-15T13:08:31+00:00\",\"dateModified\":\"2023-01-30T18:33:48+00:00\",\"description\":\"Zuverl\u00e4ssigkeit und Markteinf\u00fchrungszeit sind bei der Montage und Verpackung von Produkten mit hohen St\u00fcckzahlen entscheidend. Die Hochgeschwindigkeitssysteme von ATS bieten Zykluszeiten im Sub-Sekundenbereich bei gleichzeitig der niedrigsten Anzahl von Defekten\",\"breadcrumb\":{\"@id\":\"https:\/\/vipgo.atsautomation.com\/atsautomation\/de\/konsumguter-und-industrieprodukte\/montage-mit-hohem-volumen\/#breadcrumb\"},\"inLanguage\":\"de-DE\",\"potentialAction\":[{\"@type\":\"ReadAction\",\"target\":[\"https:\/\/vipgo.atsautomation.com\/atsautomation\/de\/konsumguter-und-industrieprodukte\/montage-mit-hohem-volumen\/\"]}]},{\"@type\":\"ImageObject\",\"inLanguage\":\"de-DE\",\"@id\":\"https:\/\/vipgo.atsautomation.com\/atsautomation\/de\/konsumguter-und-industrieprodukte\/montage-mit-hohem-volumen\/#primaryimage\",\"url\":\"https:\/\/vipgo.atsautomation.com\/atsautomation\/wp-content\/uploads\/sites\/9\/2020\/06\/ATS-Machines-1500-500.jpg\",\"contentUrl\":\"https:\/\/vipgo.atsautomation.com\/atsautomation\/wp-content\/uploads\/sites\/9\/2020\/06\/ATS-Machines-1500-500.jpg\",\"width\":1500,\"height\":500,\"caption\":\"smart meter-montagesystem\"},{\"@type\":\"BreadcrumbList\",\"@id\":\"https:\/\/vipgo.atsautomation.com\/atsautomation\/de\/konsumguter-und-industrieprodukte\/montage-mit-hohem-volumen\/#breadcrumb\",\"itemListElement\":[{\"@type\":\"ListItem\",\"position\":1,\"name\":\"Home\",\"item\":\"https:\/\/vipgo.atsautomation.com\/atsautomation\/de\/\"},{\"@type\":\"ListItem\",\"position\":2,\"name\":\"Konsumg\u00fcter und Industrieprodukte\",\"item\":\"https:\/\/vipgo.atsautomation.com\/atsautomation\/de\/consumer\/\"},{\"@type\":\"ListItem\",\"position\":3,\"name\":\"Montage mit hohem Volumen\"}]},{\"@type\":\"WebSite\",\"@id\":\"https:\/\/vipgo.atsautomation.com\/atsautomation\/de\/#website\",\"url\":\"https:\/\/vipgo.atsautomation.com\/atsautomation\/de\/\",\"name\":\"ATS Corporation\",\"description\":\"Just another vipgo.atsautomation.com site\",\"publisher\":{\"@id\":\"https:\/\/vipgo.atsautomation.com\/atsautomation\/de\/#organization\"},\"potentialAction\":[{\"@type\":\"SearchAction\",\"target\":{\"@type\":\"EntryPoint\",\"urlTemplate\":\"https:\/\/vipgo.atsautomation.com\/atsautomation\/de\/?s={search_term_string}\"},\"query-input\":{\"@type\":\"PropertyValueSpecification\",\"valueRequired\":true,\"valueName\":\"search_term_string\"}}],\"inLanguage\":\"de-DE\"},{\"@type\":\"Organization\",\"@id\":\"https:\/\/vipgo.atsautomation.com\/atsautomation\/de\/#organization\",\"name\":\"ATS Corporation\",\"url\":\"https:\/\/vipgo.atsautomation.com\/atsautomation\/de\/\",\"logo\":{\"@type\":\"ImageObject\",\"inLanguage\":\"de-DE\",\"@id\":\"https:\/\/vipgo.atsautomation.com\/atsautomation\/de\/#\/schema\/logo\/image\/\",\"url\":\"https:\/\/atsautomation.com\/wp-content\/uploads\/sites\/9\/2022\/11\/ATS-logo-colour-RGB_TM.png\",\"contentUrl\":\"https:\/\/atsautomation.com\/wp-content\/uploads\/sites\/9\/2022\/11\/ATS-logo-colour-RGB_TM.png\",\"width\":1880,\"height\":371,\"caption\":\"ATS Corporation\"},\"image\":{\"@id\":\"https:\/\/vipgo.atsautomation.com\/atsautomation\/de\/#\/schema\/logo\/image\/\"}}]}<\/script>\n<!-- \/ Yoast SEO Premium plugin. -->","yoast_head_json":{"title":"Montage mit hohem Volumen - ATS Corporation","description":"Zuverl\u00e4ssigkeit und Markteinf\u00fchrungszeit sind bei der Montage und Verpackung von Produkten mit hohen St\u00fcckzahlen entscheidend. Die Hochgeschwindigkeitssysteme von ATS bieten Zykluszeiten im Sub-Sekundenbereich bei gleichzeitig der niedrigsten Anzahl von Defekten","robots":{"index":"index","follow":"follow","max-snippet":"max-snippet:-1","max-image-preview":"max-image-preview:large","max-video-preview":"max-video-preview:-1"},"canonical":"https:\/\/vipgo.atsautomation.com\/atsautomation\/de\/konsumguter-und-industrieprodukte\/montage-mit-hohem-volumen\/","og_locale":"de_DE","og_type":"article","og_title":"Montage mit hohem Volumen","og_description":"Zuverl\u00e4ssigkeit und Markteinf\u00fchrungszeit sind bei der Montage und Verpackung von Produkten mit hohen St\u00fcckzahlen entscheidend. Die Hochgeschwindigkeitssysteme von ATS bieten Zykluszeiten im Sub-Sekundenbereich bei gleichzeitig der niedrigsten Anzahl von Defekten","og_url":"https:\/\/vipgo.atsautomation.com\/atsautomation\/de\/konsumguter-und-industrieprodukte\/montage-mit-hohem-volumen\/","og_site_name":"ATS Corporation","article_modified_time":"2023-01-30T18:33:48+00:00","og_image":[{"width":1500,"height":500,"url":"https:\/\/vipgo.atsautomation.com\/atsautomation\/wp-content\/uploads\/sites\/9\/2020\/06\/ATS-Machines-1500-500.jpg","type":"image\/jpeg"}],"twitter_card":"summary_large_image","schema":{"@context":"https:\/\/schema.org","@graph":[{"@type":"WebPage","@id":"https:\/\/vipgo.atsautomation.com\/atsautomation\/de\/konsumguter-und-industrieprodukte\/montage-mit-hohem-volumen\/","url":"https:\/\/vipgo.atsautomation.com\/atsautomation\/de\/konsumguter-und-industrieprodukte\/montage-mit-hohem-volumen\/","name":"Montage mit hohem Volumen - ATS Corporation","isPartOf":{"@id":"https:\/\/vipgo.atsautomation.com\/atsautomation\/de\/#website"},"primaryImageOfPage":{"@id":"https:\/\/vipgo.atsautomation.com\/atsautomation\/de\/konsumguter-und-industrieprodukte\/montage-mit-hohem-volumen\/#primaryimage"},"image":{"@id":"https:\/\/vipgo.atsautomation.com\/atsautomation\/de\/konsumguter-und-industrieprodukte\/montage-mit-hohem-volumen\/#primaryimage"},"thumbnailUrl":"https:\/\/vipgo.atsautomation.com\/atsautomation\/wp-content\/uploads\/sites\/9\/2020\/06\/ATS-Machines-1500-500.jpg","datePublished":"2020-07-15T13:08:31+00:00","dateModified":"2023-01-30T18:33:48+00:00","description":"Zuverl\u00e4ssigkeit und Markteinf\u00fchrungszeit sind bei der Montage und Verpackung von Produkten mit hohen St\u00fcckzahlen entscheidend. Die Hochgeschwindigkeitssysteme von ATS bieten Zykluszeiten im Sub-Sekundenbereich bei gleichzeitig der niedrigsten Anzahl von Defekten","breadcrumb":{"@id":"https:\/\/vipgo.atsautomation.com\/atsautomation\/de\/konsumguter-und-industrieprodukte\/montage-mit-hohem-volumen\/#breadcrumb"},"inLanguage":"de-DE","potentialAction":[{"@type":"ReadAction","target":["https:\/\/vipgo.atsautomation.com\/atsautomation\/de\/konsumguter-und-industrieprodukte\/montage-mit-hohem-volumen\/"]}]},{"@type":"ImageObject","inLanguage":"de-DE","@id":"https:\/\/vipgo.atsautomation.com\/atsautomation\/de\/konsumguter-und-industrieprodukte\/montage-mit-hohem-volumen\/#primaryimage","url":"https:\/\/vipgo.atsautomation.com\/atsautomation\/wp-content\/uploads\/sites\/9\/2020\/06\/ATS-Machines-1500-500.jpg","contentUrl":"https:\/\/vipgo.atsautomation.com\/atsautomation\/wp-content\/uploads\/sites\/9\/2020\/06\/ATS-Machines-1500-500.jpg","width":1500,"height":500,"caption":"smart meter-montagesystem"},{"@type":"BreadcrumbList","@id":"https:\/\/vipgo.atsautomation.com\/atsautomation\/de\/konsumguter-und-industrieprodukte\/montage-mit-hohem-volumen\/#breadcrumb","itemListElement":[{"@type":"ListItem","position":1,"name":"Home","item":"https:\/\/vipgo.atsautomation.com\/atsautomation\/de\/"},{"@type":"ListItem","position":2,"name":"Konsumg\u00fcter und Industrieprodukte","item":"https:\/\/vipgo.atsautomation.com\/atsautomation\/de\/consumer\/"},{"@type":"ListItem","position":3,"name":"Montage mit hohem Volumen"}]},{"@type":"WebSite","@id":"https:\/\/vipgo.atsautomation.com\/atsautomation\/de\/#website","url":"https:\/\/vipgo.atsautomation.com\/atsautomation\/de\/","name":"ATS Corporation","description":"Just another vipgo.atsautomation.com site","publisher":{"@id":"https:\/\/vipgo.atsautomation.com\/atsautomation\/de\/#organization"},"potentialAction":[{"@type":"SearchAction","target":{"@type":"EntryPoint","urlTemplate":"https:\/\/vipgo.atsautomation.com\/atsautomation\/de\/?s={search_term_string}"},"query-input":{"@type":"PropertyValueSpecification","valueRequired":true,"valueName":"search_term_string"}}],"inLanguage":"de-DE"},{"@type":"Organization","@id":"https:\/\/vipgo.atsautomation.com\/atsautomation\/de\/#organization","name":"ATS Corporation","url":"https:\/\/vipgo.atsautomation.com\/atsautomation\/de\/","logo":{"@type":"ImageObject","inLanguage":"de-DE","@id":"https:\/\/vipgo.atsautomation.com\/atsautomation\/de\/#\/schema\/logo\/image\/","url":"https:\/\/atsautomation.com\/wp-content\/uploads\/sites\/9\/2022\/11\/ATS-logo-colour-RGB_TM.png","contentUrl":"https:\/\/atsautomation.com\/wp-content\/uploads\/sites\/9\/2022\/11\/ATS-logo-colour-RGB_TM.png","width":1880,"height":371,"caption":"ATS Corporation"},"image":{"@id":"https:\/\/vipgo.atsautomation.com\/atsautomation\/de\/#\/schema\/logo\/image\/"}}]}},"acf":[],"jetpack_sharing_enabled":true,"_links":{"self":[{"href":"https:\/\/vipgo.atsautomation.com\/atsautomation\/de\/wp-json\/wp\/v2\/pages\/8949","targetHints":{"allow":["GET"]}}],"collection":[{"href":"https:\/\/vipgo.atsautomation.com\/atsautomation\/de\/wp-json\/wp\/v2\/pages"}],"about":[{"href":"https:\/\/vipgo.atsautomation.com\/atsautomation\/de\/wp-json\/wp\/v2\/types\/page"}],"author":[{"embeddable":true,"href":"https:\/\/vipgo.atsautomation.com\/atsautomation\/de\/wp-json\/wp\/v2\/users\/3"}],"replies":[{"embeddable":true,"href":"https:\/\/vipgo.atsautomation.com\/atsautomation\/de\/wp-json\/wp\/v2\/comments?post=8949"}],"version-history":[{"count":10,"href":"https:\/\/vipgo.atsautomation.com\/atsautomation\/de\/wp-json\/wp\/v2\/pages\/8949\/revisions"}],"predecessor-version":[{"id":35273,"href":"https:\/\/vipgo.atsautomation.com\/atsautomation\/de\/wp-json\/wp\/v2\/pages\/8949\/revisions\/35273"}],"up":[{"embeddable":true,"href":"https:\/\/vipgo.atsautomation.com\/atsautomation\/de\/wp-json\/wp\/v2\/pages\/9083"}],"wp:featuredmedia":[{"embeddable":true,"href":"https:\/\/vipgo.atsautomation.com\/atsautomation\/de\/wp-json\/wp\/v2\/media\/8950"}],"wp:attachment":[{"href":"https:\/\/vipgo.atsautomation.com\/atsautomation\/de\/wp-json\/wp\/v2\/media?parent=8949"}],"curies":[{"name":"wp","href":"https:\/\/api.w.org\/{rel}","templated":true}]}}