{"id":9018,"date":"2020-07-15T13:08:34","date_gmt":"2020-07-15T13:08:34","guid":{"rendered":"https:\/\/atsautomation.com\/mobilitat-und-transport\/antriebsstrang\/"},"modified":"2020-07-30T22:27:29","modified_gmt":"2020-07-30T22:27:29","slug":"antriebsstrang","status":"publish","type":"page","link":"https:\/\/vipgo.atsautomation.com\/atsautomation\/de\/antriebsstrang\/","title":{"rendered":"Antriebsstrang"},"content":{"rendered":"<div id=\"wrapper\">\n<div id=\"body_1_main\" class=\"main\" style=\"background: url('\/~\/media\/Media\/Images\/5 Transportation\/5_0\/5_0 Transp_background_header.jpg') no-repeat 50% 0px\" role=\"main\">\n<div class=\"colContainer\">\n<div class=\"wrap\">\n<div class=\"content\">\n<div id=\"body_1_maincontent_0_PnlMediaDescription\">\n<div class=\"media mediaDescription\">\n<div id=\"body_1_maincontent_0_PnlMediaBody\">\n<div class=\"mediaBody\">\n<div id=\"body_1_maincontent_0_PnlSubtitle\">\n<h2>Unser herausragendes Angebot an automatisierten Testverfahren im Antriebsstrangbereich bedeutet, dass Sie sich sicher sein k\u00f6nnen, dass unsere montierten Systeme und Komponenten genau das tun, wof\u00fcr sie vorgesehen sind.<\/h2>\n<div id=\"wrapper\">\n<div id=\"body_1_main\" class=\"main\" style=\"background: url('\/~\/media\/Media\/Images\/5 Transportation\/5_0\/5_0 Transp_background_header.jpg') no-repeat 50% 0px\" role=\"main\">\n<div class=\"colContainer\">\n<div class=\"wrap\">\n<div class=\"content\">\n<div id=\"body_1_maincontent_0_PnlMediaDescription\">\n<div class=\"media mediaDescription\">\n<div id=\"body_1_maincontent_0_PnlMediaBody\">\n<div class=\"mediaBody\">\n<div id=\"body_1_maincontent_0_PnlShortIntro\">\n<p>Wir k\u00f6nnen sogar Komponenten an kritischen Punkten w\u00e4hrend der Montage testen und damit unn\u00f6tigen Ausschuss und unn\u00f6tige Verz\u00f6gerungen vermeiden.<\/p>\n<\/div>\n<\/div>\n<\/div>\n<\/div>\n<\/div>\n<\/div>\n<\/div>\n<\/div>\n<\/div>\n<\/div>\n<\/div>\n<\/div>\n<\/div>\n<\/div>\n<\/div>\n<\/div>\n<\/div>\n<\/div>\n<\/div>\n<\/div>\n","protected":false},"excerpt":{"rendered":"<p>Unser herausragendes Angebot an automatisierten Testverfahren im Antriebsstrangbereich bedeutet, dass Sie sich sicher sein k\u00f6nnen, dass unsere montierten Systeme und Komponenten genau das tun, wof\u00fcr sie vorgesehen sind. Wir k\u00f6nnen sogar Komponenten an kritischen Punkten w\u00e4hrend der Montage testen und damit unn\u00f6tigen Ausschuss und unn\u00f6tige Verz\u00f6gerungen vermeiden.<\/p>\n","protected":false},"author":3,"featured_media":8827,"parent":0,"menu_order":0,"comment_status":"closed","ping_status":"closed","template":"page-templates\/landing-page.php","meta":{"_acf_changed":false,"footnotes":""},"class_list":["post-9018","page","type-page","status-publish","has-post-thumbnail","hentry"],"yoast_head":"<!-- This site is optimized with the Yoast SEO Premium plugin v26.8 (Yoast SEO v26.8) - https:\/\/yoast.com\/product\/yoast-seo-premium-wordpress\/ -->\n<title>Powertrain Testing Automation | Mobility &amp; Transportation | ATS Automation<\/title>\n<meta name=\"description\" content=\"Our range of automated powertrain testing capabilities means you can be confident that our assembled systems &amp; components will do what they were intended to do.\" \/>\n<meta name=\"robots\" content=\"index, follow, max-snippet:-1, max-image-preview:large, max-video-preview:-1\" \/>\n<link rel=\"canonical\" href=\"https:\/\/vipgo.atsautomation.com\/atsautomation\/de\/antriebsstrang\/\" \/>\n<meta property=\"og:locale\" content=\"de_DE\" \/>\n<meta property=\"og:type\" content=\"article\" \/>\n<meta property=\"og:title\" content=\"Antriebsstrang\" \/>\n<meta property=\"og:description\" content=\"Our range of automated powertrain testing capabilities means you can be confident that our assembled systems &amp; components will do what they were intended to do.\" \/>\n<meta property=\"og:url\" content=\"https:\/\/vipgo.atsautomation.com\/atsautomation\/de\/antriebsstrang\/\" \/>\n<meta property=\"og:site_name\" content=\"ATS Corporation\" \/>\n<meta property=\"article:modified_time\" content=\"2020-07-30T22:27:29+00:00\" \/>\n<meta property=\"og:image\" content=\"https:\/\/vipgo.atsautomation.com\/atsautomation\/wp-content\/uploads\/sites\/9\/2020\/04\/turbo-testing-succes-1.jpg\" \/>\n\t<meta property=\"og:image:width\" content=\"1500\" \/>\n\t<meta property=\"og:image:height\" content=\"500\" \/>\n\t<meta property=\"og:image:type\" content=\"image\/jpeg\" \/>\n<meta name=\"twitter:card\" content=\"summary_large_image\" \/>\n<script type=\"application\/ld+json\" class=\"yoast-schema-graph\">{\"@context\":\"https:\/\/schema.org\",\"@graph\":[{\"@type\":\"WebPage\",\"@id\":\"https:\/\/vipgo.atsautomation.com\/atsautomation\/de\/antriebsstrang\/\",\"url\":\"https:\/\/vipgo.atsautomation.com\/atsautomation\/de\/antriebsstrang\/\",\"name\":\"Powertrain Testing Automation | Mobility & Transportation | ATS Automation\",\"isPartOf\":{\"@id\":\"https:\/\/vipgo.atsautomation.com\/atsautomation\/de\/#website\"},\"primaryImageOfPage\":{\"@id\":\"https:\/\/vipgo.atsautomation.com\/atsautomation\/de\/antriebsstrang\/#primaryimage\"},\"image\":{\"@id\":\"https:\/\/vipgo.atsautomation.com\/atsautomation\/de\/antriebsstrang\/#primaryimage\"},\"thumbnailUrl\":\"https:\/\/vipgo.atsautomation.com\/atsautomation\/wp-content\/uploads\/sites\/9\/2020\/04\/turbo-testing-succes-1.jpg\",\"datePublished\":\"2020-07-15T13:08:34+00:00\",\"dateModified\":\"2020-07-30T22:27:29+00:00\",\"description\":\"Our range of automated powertrain testing capabilities means you can be confident that our assembled systems & components will do what they were intended to do.\",\"breadcrumb\":{\"@id\":\"https:\/\/vipgo.atsautomation.com\/atsautomation\/de\/antriebsstrang\/#breadcrumb\"},\"inLanguage\":\"de-DE\",\"potentialAction\":[{\"@type\":\"ReadAction\",\"target\":[\"https:\/\/vipgo.atsautomation.com\/atsautomation\/de\/antriebsstrang\/\"]}]},{\"@type\":\"ImageObject\",\"inLanguage\":\"de-DE\",\"@id\":\"https:\/\/vipgo.atsautomation.com\/atsautomation\/de\/antriebsstrang\/#primaryimage\",\"url\":\"https:\/\/vipgo.atsautomation.com\/atsautomation\/wp-content\/uploads\/sites\/9\/2020\/04\/turbo-testing-succes-1.jpg\",\"contentUrl\":\"https:\/\/vipgo.atsautomation.com\/atsautomation\/wp-content\/uploads\/sites\/9\/2020\/04\/turbo-testing-succes-1.jpg\",\"width\":1500,\"height\":500,\"caption\":\"Weggeschnitten zur Darstellung des Turbos an einem Fahrzeug\"},{\"@type\":\"BreadcrumbList\",\"@id\":\"https:\/\/vipgo.atsautomation.com\/atsautomation\/de\/antriebsstrang\/#breadcrumb\",\"itemListElement\":[{\"@type\":\"ListItem\",\"position\":1,\"name\":\"Home\",\"item\":\"https:\/\/vipgo.atsautomation.com\/atsautomation\/de\/\"},{\"@type\":\"ListItem\",\"position\":2,\"name\":\"Antriebsstrang\"}]},{\"@type\":\"WebSite\",\"@id\":\"https:\/\/vipgo.atsautomation.com\/atsautomation\/de\/#website\",\"url\":\"https:\/\/vipgo.atsautomation.com\/atsautomation\/de\/\",\"name\":\"ATS Corporation\",\"description\":\"Just another vipgo.atsautomation.com site\",\"publisher\":{\"@id\":\"https:\/\/vipgo.atsautomation.com\/atsautomation\/de\/#organization\"},\"potentialAction\":[{\"@type\":\"SearchAction\",\"target\":{\"@type\":\"EntryPoint\",\"urlTemplate\":\"https:\/\/vipgo.atsautomation.com\/atsautomation\/de\/?s={search_term_string}\"},\"query-input\":{\"@type\":\"PropertyValueSpecification\",\"valueRequired\":true,\"valueName\":\"search_term_string\"}}],\"inLanguage\":\"de-DE\"},{\"@type\":\"Organization\",\"@id\":\"https:\/\/vipgo.atsautomation.com\/atsautomation\/de\/#organization\",\"name\":\"ATS Corporation\",\"url\":\"https:\/\/vipgo.atsautomation.com\/atsautomation\/de\/\",\"logo\":{\"@type\":\"ImageObject\",\"inLanguage\":\"de-DE\",\"@id\":\"https:\/\/vipgo.atsautomation.com\/atsautomation\/de\/#\/schema\/logo\/image\/\",\"url\":\"https:\/\/atsautomation.com\/wp-content\/uploads\/sites\/9\/2022\/11\/ATS-logo-colour-RGB_TM.png\",\"contentUrl\":\"https:\/\/atsautomation.com\/wp-content\/uploads\/sites\/9\/2022\/11\/ATS-logo-colour-RGB_TM.png\",\"width\":1880,\"height\":371,\"caption\":\"ATS Corporation\"},\"image\":{\"@id\":\"https:\/\/vipgo.atsautomation.com\/atsautomation\/de\/#\/schema\/logo\/image\/\"}}]}<\/script>\n<!-- \/ Yoast SEO Premium plugin. -->","yoast_head_json":{"title":"Powertrain Testing Automation | Mobility & Transportation | ATS Automation","description":"Our range of automated powertrain testing capabilities means you can be confident that our assembled systems & components will do what they were intended to do.","robots":{"index":"index","follow":"follow","max-snippet":"max-snippet:-1","max-image-preview":"max-image-preview:large","max-video-preview":"max-video-preview:-1"},"canonical":"https:\/\/vipgo.atsautomation.com\/atsautomation\/de\/antriebsstrang\/","og_locale":"de_DE","og_type":"article","og_title":"Antriebsstrang","og_description":"Our range of automated powertrain testing capabilities means you can be confident that our assembled systems & components will do what they were intended to do.","og_url":"https:\/\/vipgo.atsautomation.com\/atsautomation\/de\/antriebsstrang\/","og_site_name":"ATS Corporation","article_modified_time":"2020-07-30T22:27:29+00:00","og_image":[{"width":1500,"height":500,"url":"https:\/\/vipgo.atsautomation.com\/atsautomation\/wp-content\/uploads\/sites\/9\/2020\/04\/turbo-testing-succes-1.jpg","type":"image\/jpeg"}],"twitter_card":"summary_large_image","schema":{"@context":"https:\/\/schema.org","@graph":[{"@type":"WebPage","@id":"https:\/\/vipgo.atsautomation.com\/atsautomation\/de\/antriebsstrang\/","url":"https:\/\/vipgo.atsautomation.com\/atsautomation\/de\/antriebsstrang\/","name":"Powertrain Testing Automation | Mobility & Transportation | ATS Automation","isPartOf":{"@id":"https:\/\/vipgo.atsautomation.com\/atsautomation\/de\/#website"},"primaryImageOfPage":{"@id":"https:\/\/vipgo.atsautomation.com\/atsautomation\/de\/antriebsstrang\/#primaryimage"},"image":{"@id":"https:\/\/vipgo.atsautomation.com\/atsautomation\/de\/antriebsstrang\/#primaryimage"},"thumbnailUrl":"https:\/\/vipgo.atsautomation.com\/atsautomation\/wp-content\/uploads\/sites\/9\/2020\/04\/turbo-testing-succes-1.jpg","datePublished":"2020-07-15T13:08:34+00:00","dateModified":"2020-07-30T22:27:29+00:00","description":"Our range of automated powertrain testing capabilities means you can be confident that our assembled systems & components will do what they were intended to do.","breadcrumb":{"@id":"https:\/\/vipgo.atsautomation.com\/atsautomation\/de\/antriebsstrang\/#breadcrumb"},"inLanguage":"de-DE","potentialAction":[{"@type":"ReadAction","target":["https:\/\/vipgo.atsautomation.com\/atsautomation\/de\/antriebsstrang\/"]}]},{"@type":"ImageObject","inLanguage":"de-DE","@id":"https:\/\/vipgo.atsautomation.com\/atsautomation\/de\/antriebsstrang\/#primaryimage","url":"https:\/\/vipgo.atsautomation.com\/atsautomation\/wp-content\/uploads\/sites\/9\/2020\/04\/turbo-testing-succes-1.jpg","contentUrl":"https:\/\/vipgo.atsautomation.com\/atsautomation\/wp-content\/uploads\/sites\/9\/2020\/04\/turbo-testing-succes-1.jpg","width":1500,"height":500,"caption":"Weggeschnitten zur Darstellung des Turbos an einem Fahrzeug"},{"@type":"BreadcrumbList","@id":"https:\/\/vipgo.atsautomation.com\/atsautomation\/de\/antriebsstrang\/#breadcrumb","itemListElement":[{"@type":"ListItem","position":1,"name":"Home","item":"https:\/\/vipgo.atsautomation.com\/atsautomation\/de\/"},{"@type":"ListItem","position":2,"name":"Antriebsstrang"}]},{"@type":"WebSite","@id":"https:\/\/vipgo.atsautomation.com\/atsautomation\/de\/#website","url":"https:\/\/vipgo.atsautomation.com\/atsautomation\/de\/","name":"ATS Corporation","description":"Just another vipgo.atsautomation.com site","publisher":{"@id":"https:\/\/vipgo.atsautomation.com\/atsautomation\/de\/#organization"},"potentialAction":[{"@type":"SearchAction","target":{"@type":"EntryPoint","urlTemplate":"https:\/\/vipgo.atsautomation.com\/atsautomation\/de\/?s={search_term_string}"},"query-input":{"@type":"PropertyValueSpecification","valueRequired":true,"valueName":"search_term_string"}}],"inLanguage":"de-DE"},{"@type":"Organization","@id":"https:\/\/vipgo.atsautomation.com\/atsautomation\/de\/#organization","name":"ATS Corporation","url":"https:\/\/vipgo.atsautomation.com\/atsautomation\/de\/","logo":{"@type":"ImageObject","inLanguage":"de-DE","@id":"https:\/\/vipgo.atsautomation.com\/atsautomation\/de\/#\/schema\/logo\/image\/","url":"https:\/\/atsautomation.com\/wp-content\/uploads\/sites\/9\/2022\/11\/ATS-logo-colour-RGB_TM.png","contentUrl":"https:\/\/atsautomation.com\/wp-content\/uploads\/sites\/9\/2022\/11\/ATS-logo-colour-RGB_TM.png","width":1880,"height":371,"caption":"ATS Corporation"},"image":{"@id":"https:\/\/vipgo.atsautomation.com\/atsautomation\/de\/#\/schema\/logo\/image\/"}}]}},"acf":[],"jetpack_sharing_enabled":true,"_links":{"self":[{"href":"https:\/\/vipgo.atsautomation.com\/atsautomation\/de\/wp-json\/wp\/v2\/pages\/9018","targetHints":{"allow":["GET"]}}],"collection":[{"href":"https:\/\/vipgo.atsautomation.com\/atsautomation\/de\/wp-json\/wp\/v2\/pages"}],"about":[{"href":"https:\/\/vipgo.atsautomation.com\/atsautomation\/de\/wp-json\/wp\/v2\/types\/page"}],"author":[{"embeddable":true,"href":"https:\/\/vipgo.atsautomation.com\/atsautomation\/de\/wp-json\/wp\/v2\/users\/3"}],"replies":[{"embeddable":true,"href":"https:\/\/vipgo.atsautomation.com\/atsautomation\/de\/wp-json\/wp\/v2\/comments?post=9018"}],"version-history":[{"count":1,"href":"https:\/\/vipgo.atsautomation.com\/atsautomation\/de\/wp-json\/wp\/v2\/pages\/9018\/revisions"}],"predecessor-version":[{"id":21846,"href":"https:\/\/vipgo.atsautomation.com\/atsautomation\/de\/wp-json\/wp\/v2\/pages\/9018\/revisions\/21846"}],"wp:featuredmedia":[{"embeddable":true,"href":"https:\/\/vipgo.atsautomation.com\/atsautomation\/de\/wp-json\/wp\/v2\/media\/8827"}],"wp:attachment":[{"href":"https:\/\/vipgo.atsautomation.com\/atsautomation\/de\/wp-json\/wp\/v2\/media?parent=9018"}],"curies":[{"name":"wp","href":"https:\/\/api.w.org\/{rel}","templated":true}]}}