{"id":9083,"date":"2020-07-15T13:08:38","date_gmt":"2020-07-15T13:08:38","guid":{"rendered":"https:\/\/atsautomation.com\/konsumguter-und-industrieprodukte\/"},"modified":"2023-01-26T21:45:26","modified_gmt":"2023-01-26T21:45:26","slug":"konsumguter-und-industrieprodukte","status":"publish","type":"page","link":"https:\/\/vipgo.atsautomation.com\/atsautomation\/de\/konsumguter-und-industrieprodukte\/","title":{"rendered":"Konsumg\u00fcter und Industrieprodukte"},"content":{"rendered":"<div class=\"row\">\n<div class=\"turbo-charger col-md-6\">\n<h2>Spezialisiertes Fachwissen \u2013 Konsumg\u00fcter<\/h2>\n<h3>Wir entwickeln ein umfangreiches Plattformangebot f\u00fcr den globalen Konsumg\u00fctermarkt. Auf dieser Grundlage kann ATS seinen Kunden optimale L\u00f6sungen bieten.&nbsp; Eine bew\u00e4hrte Auswahl geeigneter Technologien, unterst\u00fctzt von fachkundigen Partnern, gew\u00e4hrleistet die Konstruktion eines \u00fcberlegenen Systems.<\/h3>\n<\/div>\n<div class=\"turbo-charger-rightside col-md-6\"><iframe loading=\"lazy\" title=\"Contact Us-content Template - ATS Website\" class=\"\" width=\"100%\" height=\"350\" type=\"text\/html\" frameborder=\"0\" allowtransparency=\"true\" style=\"border: 0px;\/* display: none; *\/\" data-cookieconsent=\"marketing\" src=\"https:\/\/go.atsautomation.com\/l\/651873\/2020-08-05\/26nn47\"><\/iframe><\/div>\n<\/div>\n","protected":false},"excerpt":{"rendered":"<p>Spezialisiertes Fachwissen \u2013 Konsumg\u00fcter Wir entwickeln ein umfangreiches Plattformangebot f\u00fcr den globalen Konsumg\u00fctermarkt. Auf dieser Grundlage kann ATS seinen Kunden optimale L\u00f6sungen bieten.&nbsp; Eine bew\u00e4hrte Auswahl geeigneter Technologien, unterst\u00fctzt von fachkundigen Partnern, gew\u00e4hrleistet die Konstruktion eines \u00fcberlegenen Systems.<\/p>\n","protected":false},"author":3,"featured_media":8128,"parent":0,"menu_order":0,"comment_status":"closed","ping_status":"closed","template":"page-templates\/landing-page.php","meta":{"_acf_changed":false,"footnotes":""},"class_list":["post-9083","page","type-page","status-publish","has-post-thumbnail","hentry"],"yoast_head":"<!-- This site is optimized with the Yoast SEO Premium plugin v26.8 (Yoast SEO v26.8) - https:\/\/yoast.com\/product\/yoast-seo-premium-wordpress\/ -->\n<title>Konsumg\u00fcter und Industrieprodukte - ATS Corporation<\/title>\n<meta name=\"description\" content=\"F\u00fchrende Unternehmen aus dem Konsumg\u00fcterbereich verlassen sich auf unsere Automatisierungsl\u00f6sungen. Durch unser technisches Fachwissen k\u00f6nnen wir die Herausforderungen der heutigen M\u00e4rkte erf\u00fcllen, indem wir mit der technologischen Entwicklung Schritt halten. Wir streben und setzen konsequent zukunftsweisende Trends in der Automatisierungstechnologie.\" \/>\n<meta name=\"robots\" content=\"index, follow, max-snippet:-1, max-image-preview:large, max-video-preview:-1\" \/>\n<link rel=\"canonical\" href=\"https:\/\/vipgo.atsautomation.com\/atsautomation\/de\/konsumguter-und-industrieprodukte\/\" \/>\n<meta property=\"og:locale\" content=\"de_DE\" \/>\n<meta property=\"og:type\" content=\"article\" \/>\n<meta property=\"og:title\" content=\"Konsumg\u00fcter und Industrieprodukte\" \/>\n<meta property=\"og:description\" content=\"F\u00fchrende Unternehmen aus dem Konsumg\u00fcterbereich verlassen sich auf unsere Automatisierungsl\u00f6sungen. Durch unser technisches Fachwissen k\u00f6nnen wir die Herausforderungen der heutigen M\u00e4rkte erf\u00fcllen, indem wir mit der technologischen Entwicklung Schritt halten. Wir streben und setzen konsequent zukunftsweisende Trends in der Automatisierungstechnologie.\" \/>\n<meta property=\"og:url\" content=\"https:\/\/vipgo.atsautomation.com\/atsautomation\/de\/konsumguter-und-industrieprodukte\/\" \/>\n<meta property=\"og:site_name\" content=\"ATS Corporation\" \/>\n<meta property=\"article:modified_time\" content=\"2023-01-26T21:45:26+00:00\" \/>\n<meta property=\"og:image\" content=\"https:\/\/vipgo.atsautomation.com\/atsautomation\/wp-content\/uploads\/sites\/9\/2020\/07\/Consumer-1-1500-500.jpg\" \/>\n\t<meta property=\"og:image:width\" content=\"1500\" \/>\n\t<meta property=\"og:image:height\" content=\"500\" \/>\n\t<meta property=\"og:image:type\" content=\"image\/jpeg\" \/>\n<meta name=\"twitter:card\" content=\"summary_large_image\" \/>\n<meta name=\"twitter:label1\" content=\"Gesch\u00e4tzte Lesezeit\" \/>\n\t<meta name=\"twitter:data1\" content=\"1 Minute\" \/>\n<script type=\"application\/ld+json\" class=\"yoast-schema-graph\">{\"@context\":\"https:\/\/schema.org\",\"@graph\":[{\"@type\":\"WebPage\",\"@id\":\"https:\/\/vipgo.atsautomation.com\/atsautomation\/de\/konsumguter-und-industrieprodukte\/\",\"url\":\"https:\/\/vipgo.atsautomation.com\/atsautomation\/de\/konsumguter-und-industrieprodukte\/\",\"name\":\"Konsumg\u00fcter und Industrieprodukte - ATS Corporation\",\"isPartOf\":{\"@id\":\"https:\/\/vipgo.atsautomation.com\/atsautomation\/de\/#website\"},\"primaryImageOfPage\":{\"@id\":\"https:\/\/vipgo.atsautomation.com\/atsautomation\/de\/konsumguter-und-industrieprodukte\/#primaryimage\"},\"image\":{\"@id\":\"https:\/\/vipgo.atsautomation.com\/atsautomation\/de\/konsumguter-und-industrieprodukte\/#primaryimage\"},\"thumbnailUrl\":\"https:\/\/vipgo.atsautomation.com\/atsautomation\/wp-content\/uploads\/sites\/9\/2020\/07\/Consumer-1-1500-500.jpg\",\"datePublished\":\"2020-07-15T13:08:38+00:00\",\"dateModified\":\"2023-01-26T21:45:26+00:00\",\"description\":\"F\u00fchrende Unternehmen aus dem Konsumg\u00fcterbereich verlassen sich auf unsere Automatisierungsl\u00f6sungen. Durch unser technisches Fachwissen k\u00f6nnen wir die Herausforderungen der heutigen M\u00e4rkte erf\u00fcllen, indem wir mit der technologischen Entwicklung Schritt halten. Wir streben und setzen konsequent zukunftsweisende Trends in der Automatisierungstechnologie.\",\"breadcrumb\":{\"@id\":\"https:\/\/vipgo.atsautomation.com\/atsautomation\/de\/konsumguter-und-industrieprodukte\/#breadcrumb\"},\"inLanguage\":\"de-DE\",\"potentialAction\":[{\"@type\":\"ReadAction\",\"target\":[\"https:\/\/vipgo.atsautomation.com\/atsautomation\/de\/konsumguter-und-industrieprodukte\/\"]}]},{\"@type\":\"ImageObject\",\"inLanguage\":\"de-DE\",\"@id\":\"https:\/\/vipgo.atsautomation.com\/atsautomation\/de\/konsumguter-und-industrieprodukte\/#primaryimage\",\"url\":\"https:\/\/vipgo.atsautomation.com\/atsautomation\/wp-content\/uploads\/sites\/9\/2020\/07\/Consumer-1-1500-500.jpg\",\"contentUrl\":\"https:\/\/vipgo.atsautomation.com\/atsautomation\/wp-content\/uploads\/sites\/9\/2020\/07\/Consumer-1-1500-500.jpg\",\"width\":1500,\"height\":500,\"caption\":\"Mehrere Produktionslinien in einer Reihe in der Werkshalle\"},{\"@type\":\"BreadcrumbList\",\"@id\":\"https:\/\/vipgo.atsautomation.com\/atsautomation\/de\/konsumguter-und-industrieprodukte\/#breadcrumb\",\"itemListElement\":[{\"@type\":\"ListItem\",\"position\":1,\"name\":\"Home\",\"item\":\"https:\/\/vipgo.atsautomation.com\/atsautomation\/de\/\"},{\"@type\":\"ListItem\",\"position\":2,\"name\":\"Konsumg\u00fcter und Industrieprodukte\"}]},{\"@type\":\"WebSite\",\"@id\":\"https:\/\/vipgo.atsautomation.com\/atsautomation\/de\/#website\",\"url\":\"https:\/\/vipgo.atsautomation.com\/atsautomation\/de\/\",\"name\":\"ATS Corporation\",\"description\":\"Just another vipgo.atsautomation.com site\",\"publisher\":{\"@id\":\"https:\/\/vipgo.atsautomation.com\/atsautomation\/de\/#organization\"},\"potentialAction\":[{\"@type\":\"SearchAction\",\"target\":{\"@type\":\"EntryPoint\",\"urlTemplate\":\"https:\/\/vipgo.atsautomation.com\/atsautomation\/de\/?s={search_term_string}\"},\"query-input\":{\"@type\":\"PropertyValueSpecification\",\"valueRequired\":true,\"valueName\":\"search_term_string\"}}],\"inLanguage\":\"de-DE\"},{\"@type\":\"Organization\",\"@id\":\"https:\/\/vipgo.atsautomation.com\/atsautomation\/de\/#organization\",\"name\":\"ATS Corporation\",\"url\":\"https:\/\/vipgo.atsautomation.com\/atsautomation\/de\/\",\"logo\":{\"@type\":\"ImageObject\",\"inLanguage\":\"de-DE\",\"@id\":\"https:\/\/vipgo.atsautomation.com\/atsautomation\/de\/#\/schema\/logo\/image\/\",\"url\":\"https:\/\/atsautomation.com\/wp-content\/uploads\/sites\/9\/2022\/11\/ATS-logo-colour-RGB_TM.png\",\"contentUrl\":\"https:\/\/atsautomation.com\/wp-content\/uploads\/sites\/9\/2022\/11\/ATS-logo-colour-RGB_TM.png\",\"width\":1880,\"height\":371,\"caption\":\"ATS Corporation\"},\"image\":{\"@id\":\"https:\/\/vipgo.atsautomation.com\/atsautomation\/de\/#\/schema\/logo\/image\/\"}}]}<\/script>\n<!-- \/ Yoast SEO Premium plugin. -->","yoast_head_json":{"title":"Konsumg\u00fcter und Industrieprodukte - ATS Corporation","description":"F\u00fchrende Unternehmen aus dem Konsumg\u00fcterbereich verlassen sich auf unsere Automatisierungsl\u00f6sungen. Durch unser technisches Fachwissen k\u00f6nnen wir die Herausforderungen der heutigen M\u00e4rkte erf\u00fcllen, indem wir mit der technologischen Entwicklung Schritt halten. Wir streben und setzen konsequent zukunftsweisende Trends in der Automatisierungstechnologie.","robots":{"index":"index","follow":"follow","max-snippet":"max-snippet:-1","max-image-preview":"max-image-preview:large","max-video-preview":"max-video-preview:-1"},"canonical":"https:\/\/vipgo.atsautomation.com\/atsautomation\/de\/konsumguter-und-industrieprodukte\/","og_locale":"de_DE","og_type":"article","og_title":"Konsumg\u00fcter und Industrieprodukte","og_description":"F\u00fchrende Unternehmen aus dem Konsumg\u00fcterbereich verlassen sich auf unsere Automatisierungsl\u00f6sungen. Durch unser technisches Fachwissen k\u00f6nnen wir die Herausforderungen der heutigen M\u00e4rkte erf\u00fcllen, indem wir mit der technologischen Entwicklung Schritt halten. Wir streben und setzen konsequent zukunftsweisende Trends in der Automatisierungstechnologie.","og_url":"https:\/\/vipgo.atsautomation.com\/atsautomation\/de\/konsumguter-und-industrieprodukte\/","og_site_name":"ATS Corporation","article_modified_time":"2023-01-26T21:45:26+00:00","og_image":[{"width":1500,"height":500,"url":"https:\/\/vipgo.atsautomation.com\/atsautomation\/wp-content\/uploads\/sites\/9\/2020\/07\/Consumer-1-1500-500.jpg","type":"image\/jpeg"}],"twitter_card":"summary_large_image","twitter_misc":{"Gesch\u00e4tzte Lesezeit":"1 Minute"},"schema":{"@context":"https:\/\/schema.org","@graph":[{"@type":"WebPage","@id":"https:\/\/vipgo.atsautomation.com\/atsautomation\/de\/konsumguter-und-industrieprodukte\/","url":"https:\/\/vipgo.atsautomation.com\/atsautomation\/de\/konsumguter-und-industrieprodukte\/","name":"Konsumg\u00fcter und Industrieprodukte - ATS Corporation","isPartOf":{"@id":"https:\/\/vipgo.atsautomation.com\/atsautomation\/de\/#website"},"primaryImageOfPage":{"@id":"https:\/\/vipgo.atsautomation.com\/atsautomation\/de\/konsumguter-und-industrieprodukte\/#primaryimage"},"image":{"@id":"https:\/\/vipgo.atsautomation.com\/atsautomation\/de\/konsumguter-und-industrieprodukte\/#primaryimage"},"thumbnailUrl":"https:\/\/vipgo.atsautomation.com\/atsautomation\/wp-content\/uploads\/sites\/9\/2020\/07\/Consumer-1-1500-500.jpg","datePublished":"2020-07-15T13:08:38+00:00","dateModified":"2023-01-26T21:45:26+00:00","description":"F\u00fchrende Unternehmen aus dem Konsumg\u00fcterbereich verlassen sich auf unsere Automatisierungsl\u00f6sungen. Durch unser technisches Fachwissen k\u00f6nnen wir die Herausforderungen der heutigen M\u00e4rkte erf\u00fcllen, indem wir mit der technologischen Entwicklung Schritt halten. Wir streben und setzen konsequent zukunftsweisende Trends in der Automatisierungstechnologie.","breadcrumb":{"@id":"https:\/\/vipgo.atsautomation.com\/atsautomation\/de\/konsumguter-und-industrieprodukte\/#breadcrumb"},"inLanguage":"de-DE","potentialAction":[{"@type":"ReadAction","target":["https:\/\/vipgo.atsautomation.com\/atsautomation\/de\/konsumguter-und-industrieprodukte\/"]}]},{"@type":"ImageObject","inLanguage":"de-DE","@id":"https:\/\/vipgo.atsautomation.com\/atsautomation\/de\/konsumguter-und-industrieprodukte\/#primaryimage","url":"https:\/\/vipgo.atsautomation.com\/atsautomation\/wp-content\/uploads\/sites\/9\/2020\/07\/Consumer-1-1500-500.jpg","contentUrl":"https:\/\/vipgo.atsautomation.com\/atsautomation\/wp-content\/uploads\/sites\/9\/2020\/07\/Consumer-1-1500-500.jpg","width":1500,"height":500,"caption":"Mehrere Produktionslinien in einer Reihe in der Werkshalle"},{"@type":"BreadcrumbList","@id":"https:\/\/vipgo.atsautomation.com\/atsautomation\/de\/konsumguter-und-industrieprodukte\/#breadcrumb","itemListElement":[{"@type":"ListItem","position":1,"name":"Home","item":"https:\/\/vipgo.atsautomation.com\/atsautomation\/de\/"},{"@type":"ListItem","position":2,"name":"Konsumg\u00fcter und Industrieprodukte"}]},{"@type":"WebSite","@id":"https:\/\/vipgo.atsautomation.com\/atsautomation\/de\/#website","url":"https:\/\/vipgo.atsautomation.com\/atsautomation\/de\/","name":"ATS Corporation","description":"Just another vipgo.atsautomation.com site","publisher":{"@id":"https:\/\/vipgo.atsautomation.com\/atsautomation\/de\/#organization"},"potentialAction":[{"@type":"SearchAction","target":{"@type":"EntryPoint","urlTemplate":"https:\/\/vipgo.atsautomation.com\/atsautomation\/de\/?s={search_term_string}"},"query-input":{"@type":"PropertyValueSpecification","valueRequired":true,"valueName":"search_term_string"}}],"inLanguage":"de-DE"},{"@type":"Organization","@id":"https:\/\/vipgo.atsautomation.com\/atsautomation\/de\/#organization","name":"ATS Corporation","url":"https:\/\/vipgo.atsautomation.com\/atsautomation\/de\/","logo":{"@type":"ImageObject","inLanguage":"de-DE","@id":"https:\/\/vipgo.atsautomation.com\/atsautomation\/de\/#\/schema\/logo\/image\/","url":"https:\/\/atsautomation.com\/wp-content\/uploads\/sites\/9\/2022\/11\/ATS-logo-colour-RGB_TM.png","contentUrl":"https:\/\/atsautomation.com\/wp-content\/uploads\/sites\/9\/2022\/11\/ATS-logo-colour-RGB_TM.png","width":1880,"height":371,"caption":"ATS Corporation"},"image":{"@id":"https:\/\/vipgo.atsautomation.com\/atsautomation\/de\/#\/schema\/logo\/image\/"}}]}},"acf":[],"jetpack_sharing_enabled":true,"_links":{"self":[{"href":"https:\/\/vipgo.atsautomation.com\/atsautomation\/de\/wp-json\/wp\/v2\/pages\/9083","targetHints":{"allow":["GET"]}}],"collection":[{"href":"https:\/\/vipgo.atsautomation.com\/atsautomation\/de\/wp-json\/wp\/v2\/pages"}],"about":[{"href":"https:\/\/vipgo.atsautomation.com\/atsautomation\/de\/wp-json\/wp\/v2\/types\/page"}],"author":[{"embeddable":true,"href":"https:\/\/vipgo.atsautomation.com\/atsautomation\/de\/wp-json\/wp\/v2\/users\/3"}],"replies":[{"embeddable":true,"href":"https:\/\/vipgo.atsautomation.com\/atsautomation\/de\/wp-json\/wp\/v2\/comments?post=9083"}],"version-history":[{"count":7,"href":"https:\/\/vipgo.atsautomation.com\/atsautomation\/de\/wp-json\/wp\/v2\/pages\/9083\/revisions"}],"predecessor-version":[{"id":35222,"href":"https:\/\/vipgo.atsautomation.com\/atsautomation\/de\/wp-json\/wp\/v2\/pages\/9083\/revisions\/35222"}],"wp:featuredmedia":[{"embeddable":true,"href":"https:\/\/vipgo.atsautomation.com\/atsautomation\/de\/wp-json\/wp\/v2\/media\/8128"}],"wp:attachment":[{"href":"https:\/\/vipgo.atsautomation.com\/atsautomation\/de\/wp-json\/wp\/v2\/media?parent=9083"}],"curies":[{"name":"wp","href":"https:\/\/api.w.org\/{rel}","templated":true}]}}