{"id":9128,"date":"2020-07-15T13:08:40","date_gmt":"2020-07-15T13:08:40","guid":{"rendered":"https:\/\/atsautomation.com\/uber-uns\/unsere-unternehmensgeschichte\/"},"modified":"2024-11-06T18:36:18","modified_gmt":"2024-11-06T18:36:18","slug":"unsere-unternehmensgeschichte","status":"publish","type":"page","link":"https:\/\/vipgo.atsautomation.com\/atsautomation\/de\/uber-uns\/unsere-unternehmensgeschichte\/","title":{"rendered":"Unsere Unternehmensgeschichte"},"content":{"rendered":"<h3>Unsere Unternehmensgeschichte<\/h3>\n<p>ATS ist ein branchenf\u00fchrender Anbieter von Automatisierungsl\u00f6sungen f\u00fcr viele der weltweit erfolgreichsten Unternehmen. Das umfassende Wissen und die globalen Kompetenzen von ATS flie\u00dfen in die kundenorientierte und wiederholende Automatisierung, in Automatisierungsprodukte und in Mehrwertleistungen wie Vorautomatisierungs- und Aftersales-Dienste ein, um den Bed\u00fcrfnissen von internationalen Kunden nach anspruchsvollen Fertigungsautomatisierungssystemen und -dienstleistungen nachzukommen. Dabei werden Branchen wie Life Sciences, Chemikalien, Konsumg\u00fcter, Elektronik, Lebensmittel, Getr\u00e4nke, Transport, Energie sowie die \u00d6l- und Gasindustrie bedient.<\/p>\n<p>ATS wurde 1978 gegr\u00fcndet und besch\u00e4ftigt heute ca. 7.500 Personen an 65 Produktionsstandorten in mehr als 85 B\u00fcros in Nordamerika, Europa, Asien und Ozeanien.<\/p>\n<h3>Ein gemeinsames Ziel<\/h3>\n<p><img loading=\"lazy\" decoding=\"async\" class=\"alignnone wp-image-22753\" src=\"https:\/\/atsautomation.com\/wp-content\/uploads\/sites\/9\/2022\/11\/MicrosoftTeams-image-4.png\" alt=\"\" width=\"933\" height=\"235\" \/><\/p>\n<p>ATS ist weltweit f\u00fchrend bei modernen Automatisierungsl\u00f6sungen. Unsere Innovationen erm\u00f6glichen unseren Kunden, ihren jeweiligen M\u00e4rkten Produkte und Dienstleistungen bereitzustellen, die den Fortschritt vorantreiben und f\u00fcr eine Verbesserung der Lebensumst\u00e4nde sorgen.<\/p>\n<p>Durch die kompromisslose Verpflichtung zu Qualit\u00e4t, Innovation und kontinuierlicher Verbesserung schaffen wir f\u00fcr unsere Kunden und Aktion\u00e4re Werte. Dadurch haben wir die M\u00f6glichkeit, unseren Mitarbeitern und der Gemeinschaft auf sinnvolle Weise etwas zur\u00fcckzugeben.<\/p>\n<h3>Unsere Werte<\/h3>\n<p>Wir erreichen unser Ziel dank unserer Werte.<\/p>\n","protected":false},"excerpt":{"rendered":"<p>Unsere Unternehmensgeschichte ATS ist ein branchenf\u00fchrender Anbieter von Automatisierungsl\u00f6sungen f\u00fcr viele der weltweit erfolgreichsten Unternehmen. Das umfassende Wissen und die globalen Kompetenzen von ATS flie\u00dfen in die kundenorientierte und wiederholende Automatisierung, in Automatisierungsprodukte und in Mehrwertleistungen wie Vorautomatisierungs- und Aftersales-Dienste ein, um den Bed\u00fcrfnissen von internationalen Kunden nach anspruchsvollen Fertigungsautomatisierungssystemen und -dienstleistungen nachzukommen. Dabei werden Branchen wie Life Sciences, Chemikalien,&#8230;<\/p>\n<div class=\"post-button\"><a href=\"https:\/\/vipgo.atsautomation.com\/atsautomation\/de\/uber-uns\/unsere-unternehmensgeschichte\/\">Read More<\/a><\/div>\n","protected":false},"author":3,"featured_media":12693,"parent":8797,"menu_order":0,"comment_status":"closed","ping_status":"closed","template":"page-templates\/landing-page.php","meta":{"_acf_changed":false,"footnotes":""},"class_list":["post-9128","page","type-page","status-publish","has-post-thumbnail","hentry"],"yoast_head":"<!-- This site is optimized with the Yoast SEO Premium plugin v26.8 (Yoast SEO v26.8) - https:\/\/yoast.com\/product\/yoast-seo-premium-wordpress\/ -->\n<title>Our Story | Industrial Automation Solutions Providers | ATS Automation<\/title>\n<meta name=\"description\" content=\"ATS an industry-leading automation solutions provider uses extensive knowledge base and global capabilities in custom automation to serviceits customers.\" \/>\n<meta name=\"robots\" content=\"index, follow, max-snippet:-1, max-image-preview:large, max-video-preview:-1\" \/>\n<link rel=\"canonical\" href=\"https:\/\/vipgo.atsautomation.com\/atsautomation\/de\/uber-uns\/unsere-unternehmensgeschichte\/\" \/>\n<meta property=\"og:locale\" content=\"de_DE\" \/>\n<meta property=\"og:type\" content=\"article\" \/>\n<meta property=\"og:title\" content=\"Unsere Unternehmensgeschichte\" \/>\n<meta property=\"og:description\" content=\"ATS an industry-leading automation solutions provider uses extensive knowledge base and global capabilities in custom automation to serviceits customers.\" \/>\n<meta property=\"og:url\" content=\"https:\/\/vipgo.atsautomation.com\/atsautomation\/de\/uber-uns\/unsere-unternehmensgeschichte\/\" \/>\n<meta property=\"og:site_name\" content=\"ATS Corporation\" \/>\n<meta property=\"article:modified_time\" content=\"2024-11-06T18:36:18+00:00\" \/>\n<meta property=\"og:image\" content=\"https:\/\/vipgo.atsautomation.com\/atsautomation\/wp-content\/uploads\/sites\/9\/2020\/07\/Corp-Content-Page-Banner-6250x2084-1.jpg\" \/>\n\t<meta property=\"og:image:width\" content=\"1500\" \/>\n\t<meta property=\"og:image:height\" content=\"500\" \/>\n\t<meta property=\"og:image:type\" content=\"image\/jpeg\" \/>\n<meta name=\"twitter:card\" content=\"summary_large_image\" \/>\n<meta name=\"twitter:label1\" content=\"Gesch\u00e4tzte Lesezeit\" \/>\n\t<meta name=\"twitter:data1\" content=\"1 Minute\" \/>\n<script type=\"application\/ld+json\" class=\"yoast-schema-graph\">{\"@context\":\"https:\/\/schema.org\",\"@graph\":[{\"@type\":\"WebPage\",\"@id\":\"https:\/\/vipgo.atsautomation.com\/atsautomation\/de\/uber-uns\/unsere-unternehmensgeschichte\/\",\"url\":\"https:\/\/vipgo.atsautomation.com\/atsautomation\/de\/uber-uns\/unsere-unternehmensgeschichte\/\",\"name\":\"Our Story | Industrial Automation Solutions Providers | ATS Automation\",\"isPartOf\":{\"@id\":\"https:\/\/vipgo.atsautomation.com\/atsautomation\/de\/#website\"},\"primaryImageOfPage\":{\"@id\":\"https:\/\/vipgo.atsautomation.com\/atsautomation\/de\/uber-uns\/unsere-unternehmensgeschichte\/#primaryimage\"},\"image\":{\"@id\":\"https:\/\/vipgo.atsautomation.com\/atsautomation\/de\/uber-uns\/unsere-unternehmensgeschichte\/#primaryimage\"},\"thumbnailUrl\":\"https:\/\/vipgo.atsautomation.com\/atsautomation\/wp-content\/uploads\/sites\/9\/2020\/07\/Corp-Content-Page-Banner-6250x2084-1.jpg\",\"datePublished\":\"2020-07-15T13:08:40+00:00\",\"dateModified\":\"2024-11-06T18:36:18+00:00\",\"description\":\"ATS an industry-leading automation solutions provider uses extensive knowledge base and global capabilities in custom automation to serviceits customers.\",\"breadcrumb\":{\"@id\":\"https:\/\/vipgo.atsautomation.com\/atsautomation\/de\/uber-uns\/unsere-unternehmensgeschichte\/#breadcrumb\"},\"inLanguage\":\"de-DE\",\"potentialAction\":[{\"@type\":\"ReadAction\",\"target\":[\"https:\/\/vipgo.atsautomation.com\/atsautomation\/de\/uber-uns\/unsere-unternehmensgeschichte\/\"]}]},{\"@type\":\"ImageObject\",\"inLanguage\":\"de-DE\",\"@id\":\"https:\/\/vipgo.atsautomation.com\/atsautomation\/de\/uber-uns\/unsere-unternehmensgeschichte\/#primaryimage\",\"url\":\"https:\/\/vipgo.atsautomation.com\/atsautomation\/wp-content\/uploads\/sites\/9\/2020\/07\/Corp-Content-Page-Banner-6250x2084-1.jpg\",\"contentUrl\":\"https:\/\/vipgo.atsautomation.com\/atsautomation\/wp-content\/uploads\/sites\/9\/2020\/07\/Corp-Content-Page-Banner-6250x2084-1.jpg\",\"width\":1500,\"height\":500,\"caption\":\"ATS-Logo einge\u00e4tzt in die Glasabdeckung einer Maschine\"},{\"@type\":\"BreadcrumbList\",\"@id\":\"https:\/\/vipgo.atsautomation.com\/atsautomation\/de\/uber-uns\/unsere-unternehmensgeschichte\/#breadcrumb\",\"itemListElement\":[{\"@type\":\"ListItem\",\"position\":1,\"name\":\"Home\",\"item\":\"https:\/\/vipgo.atsautomation.com\/atsautomation\/de\/\"},{\"@type\":\"ListItem\",\"position\":2,\"name\":\"\u00dcber uns\",\"item\":\"https:\/\/vipgo.atsautomation.com\/atsautomation\/de\/about-us\/\"},{\"@type\":\"ListItem\",\"position\":3,\"name\":\"Unsere Unternehmensgeschichte\"}]},{\"@type\":\"WebSite\",\"@id\":\"https:\/\/vipgo.atsautomation.com\/atsautomation\/de\/#website\",\"url\":\"https:\/\/vipgo.atsautomation.com\/atsautomation\/de\/\",\"name\":\"ATS Corporation\",\"description\":\"Just another vipgo.atsautomation.com site\",\"publisher\":{\"@id\":\"https:\/\/vipgo.atsautomation.com\/atsautomation\/de\/#organization\"},\"potentialAction\":[{\"@type\":\"SearchAction\",\"target\":{\"@type\":\"EntryPoint\",\"urlTemplate\":\"https:\/\/vipgo.atsautomation.com\/atsautomation\/de\/?s={search_term_string}\"},\"query-input\":{\"@type\":\"PropertyValueSpecification\",\"valueRequired\":true,\"valueName\":\"search_term_string\"}}],\"inLanguage\":\"de-DE\"},{\"@type\":\"Organization\",\"@id\":\"https:\/\/vipgo.atsautomation.com\/atsautomation\/de\/#organization\",\"name\":\"ATS Corporation\",\"url\":\"https:\/\/vipgo.atsautomation.com\/atsautomation\/de\/\",\"logo\":{\"@type\":\"ImageObject\",\"inLanguage\":\"de-DE\",\"@id\":\"https:\/\/vipgo.atsautomation.com\/atsautomation\/de\/#\/schema\/logo\/image\/\",\"url\":\"https:\/\/atsautomation.com\/wp-content\/uploads\/sites\/9\/2022\/11\/ATS-logo-colour-RGB_TM.png\",\"contentUrl\":\"https:\/\/atsautomation.com\/wp-content\/uploads\/sites\/9\/2022\/11\/ATS-logo-colour-RGB_TM.png\",\"width\":1880,\"height\":371,\"caption\":\"ATS Corporation\"},\"image\":{\"@id\":\"https:\/\/vipgo.atsautomation.com\/atsautomation\/de\/#\/schema\/logo\/image\/\"}}]}<\/script>\n<!-- \/ Yoast SEO Premium plugin. -->","yoast_head_json":{"title":"Our Story | Industrial Automation Solutions Providers | ATS Automation","description":"ATS an industry-leading automation solutions provider uses extensive knowledge base and global capabilities in custom automation to serviceits customers.","robots":{"index":"index","follow":"follow","max-snippet":"max-snippet:-1","max-image-preview":"max-image-preview:large","max-video-preview":"max-video-preview:-1"},"canonical":"https:\/\/vipgo.atsautomation.com\/atsautomation\/de\/uber-uns\/unsere-unternehmensgeschichte\/","og_locale":"de_DE","og_type":"article","og_title":"Unsere Unternehmensgeschichte","og_description":"ATS an industry-leading automation solutions provider uses extensive knowledge base and global capabilities in custom automation to serviceits customers.","og_url":"https:\/\/vipgo.atsautomation.com\/atsautomation\/de\/uber-uns\/unsere-unternehmensgeschichte\/","og_site_name":"ATS Corporation","article_modified_time":"2024-11-06T18:36:18+00:00","og_image":[{"width":1500,"height":500,"url":"https:\/\/vipgo.atsautomation.com\/atsautomation\/wp-content\/uploads\/sites\/9\/2020\/07\/Corp-Content-Page-Banner-6250x2084-1.jpg","type":"image\/jpeg"}],"twitter_card":"summary_large_image","twitter_misc":{"Gesch\u00e4tzte Lesezeit":"1 Minute"},"schema":{"@context":"https:\/\/schema.org","@graph":[{"@type":"WebPage","@id":"https:\/\/vipgo.atsautomation.com\/atsautomation\/de\/uber-uns\/unsere-unternehmensgeschichte\/","url":"https:\/\/vipgo.atsautomation.com\/atsautomation\/de\/uber-uns\/unsere-unternehmensgeschichte\/","name":"Our Story | Industrial Automation Solutions Providers | ATS Automation","isPartOf":{"@id":"https:\/\/vipgo.atsautomation.com\/atsautomation\/de\/#website"},"primaryImageOfPage":{"@id":"https:\/\/vipgo.atsautomation.com\/atsautomation\/de\/uber-uns\/unsere-unternehmensgeschichte\/#primaryimage"},"image":{"@id":"https:\/\/vipgo.atsautomation.com\/atsautomation\/de\/uber-uns\/unsere-unternehmensgeschichte\/#primaryimage"},"thumbnailUrl":"https:\/\/vipgo.atsautomation.com\/atsautomation\/wp-content\/uploads\/sites\/9\/2020\/07\/Corp-Content-Page-Banner-6250x2084-1.jpg","datePublished":"2020-07-15T13:08:40+00:00","dateModified":"2024-11-06T18:36:18+00:00","description":"ATS an industry-leading automation solutions provider uses extensive knowledge base and global capabilities in custom automation to serviceits customers.","breadcrumb":{"@id":"https:\/\/vipgo.atsautomation.com\/atsautomation\/de\/uber-uns\/unsere-unternehmensgeschichte\/#breadcrumb"},"inLanguage":"de-DE","potentialAction":[{"@type":"ReadAction","target":["https:\/\/vipgo.atsautomation.com\/atsautomation\/de\/uber-uns\/unsere-unternehmensgeschichte\/"]}]},{"@type":"ImageObject","inLanguage":"de-DE","@id":"https:\/\/vipgo.atsautomation.com\/atsautomation\/de\/uber-uns\/unsere-unternehmensgeschichte\/#primaryimage","url":"https:\/\/vipgo.atsautomation.com\/atsautomation\/wp-content\/uploads\/sites\/9\/2020\/07\/Corp-Content-Page-Banner-6250x2084-1.jpg","contentUrl":"https:\/\/vipgo.atsautomation.com\/atsautomation\/wp-content\/uploads\/sites\/9\/2020\/07\/Corp-Content-Page-Banner-6250x2084-1.jpg","width":1500,"height":500,"caption":"ATS-Logo einge\u00e4tzt in die Glasabdeckung einer Maschine"},{"@type":"BreadcrumbList","@id":"https:\/\/vipgo.atsautomation.com\/atsautomation\/de\/uber-uns\/unsere-unternehmensgeschichte\/#breadcrumb","itemListElement":[{"@type":"ListItem","position":1,"name":"Home","item":"https:\/\/vipgo.atsautomation.com\/atsautomation\/de\/"},{"@type":"ListItem","position":2,"name":"\u00dcber uns","item":"https:\/\/vipgo.atsautomation.com\/atsautomation\/de\/about-us\/"},{"@type":"ListItem","position":3,"name":"Unsere Unternehmensgeschichte"}]},{"@type":"WebSite","@id":"https:\/\/vipgo.atsautomation.com\/atsautomation\/de\/#website","url":"https:\/\/vipgo.atsautomation.com\/atsautomation\/de\/","name":"ATS Corporation","description":"Just another vipgo.atsautomation.com site","publisher":{"@id":"https:\/\/vipgo.atsautomation.com\/atsautomation\/de\/#organization"},"potentialAction":[{"@type":"SearchAction","target":{"@type":"EntryPoint","urlTemplate":"https:\/\/vipgo.atsautomation.com\/atsautomation\/de\/?s={search_term_string}"},"query-input":{"@type":"PropertyValueSpecification","valueRequired":true,"valueName":"search_term_string"}}],"inLanguage":"de-DE"},{"@type":"Organization","@id":"https:\/\/vipgo.atsautomation.com\/atsautomation\/de\/#organization","name":"ATS Corporation","url":"https:\/\/vipgo.atsautomation.com\/atsautomation\/de\/","logo":{"@type":"ImageObject","inLanguage":"de-DE","@id":"https:\/\/vipgo.atsautomation.com\/atsautomation\/de\/#\/schema\/logo\/image\/","url":"https:\/\/atsautomation.com\/wp-content\/uploads\/sites\/9\/2022\/11\/ATS-logo-colour-RGB_TM.png","contentUrl":"https:\/\/atsautomation.com\/wp-content\/uploads\/sites\/9\/2022\/11\/ATS-logo-colour-RGB_TM.png","width":1880,"height":371,"caption":"ATS Corporation"},"image":{"@id":"https:\/\/vipgo.atsautomation.com\/atsautomation\/de\/#\/schema\/logo\/image\/"}}]}},"acf":[],"jetpack_sharing_enabled":true,"_links":{"self":[{"href":"https:\/\/vipgo.atsautomation.com\/atsautomation\/de\/wp-json\/wp\/v2\/pages\/9128","targetHints":{"allow":["GET"]}}],"collection":[{"href":"https:\/\/vipgo.atsautomation.com\/atsautomation\/de\/wp-json\/wp\/v2\/pages"}],"about":[{"href":"https:\/\/vipgo.atsautomation.com\/atsautomation\/de\/wp-json\/wp\/v2\/types\/page"}],"author":[{"embeddable":true,"href":"https:\/\/vipgo.atsautomation.com\/atsautomation\/de\/wp-json\/wp\/v2\/users\/3"}],"replies":[{"embeddable":true,"href":"https:\/\/vipgo.atsautomation.com\/atsautomation\/de\/wp-json\/wp\/v2\/comments?post=9128"}],"version-history":[{"count":13,"href":"https:\/\/vipgo.atsautomation.com\/atsautomation\/de\/wp-json\/wp\/v2\/pages\/9128\/revisions"}],"predecessor-version":[{"id":37210,"href":"https:\/\/vipgo.atsautomation.com\/atsautomation\/de\/wp-json\/wp\/v2\/pages\/9128\/revisions\/37210"}],"up":[{"embeddable":true,"href":"https:\/\/vipgo.atsautomation.com\/atsautomation\/de\/wp-json\/wp\/v2\/pages\/8797"}],"wp:featuredmedia":[{"embeddable":true,"href":"https:\/\/vipgo.atsautomation.com\/atsautomation\/de\/wp-json\/wp\/v2\/media\/12693"}],"wp:attachment":[{"href":"https:\/\/vipgo.atsautomation.com\/atsautomation\/de\/wp-json\/wp\/v2\/media?parent=9128"}],"curies":[{"name":"wp","href":"https:\/\/api.w.org\/{rel}","templated":true}]}}