{"id":9134,"date":"2020-07-15T13:08:41","date_gmt":"2020-07-15T13:08:41","guid":{"rendered":"https:\/\/atsautomation.com\/investoren\/prasentationen-fur-investoren\/"},"modified":"2021-08-11T18:56:31","modified_gmt":"2021-08-11T18:56:31","slug":"prasentationen-fur-investoren","status":"publish","type":"page","link":"https:\/\/vipgo.atsautomation.com\/atsautomation\/de\/investoren\/prasentationen-fur-investoren\/","title":{"rendered":"Pr\u00e4sentationen f\u00fcr Investoren"},"content":{"rendered":"<p class=\"Default\">11. August 2021, 8:30 Uhr EST<\/p>\n<p class=\"Default\"><a href=\"https:\/\/produceredition.webcasts.com\/starthere.jsp?ei=1479868&amp;tp_key=aa2bf67593\" target=\"_blank\" rel=\"noopener noreferrer\"><img loading=\"lazy\" decoding=\"async\" class=\"alignnone\" src=\"https:\/\/atsautomation.com\/wp-content\/uploads\/sites\/9\/2020\/06\/Earnings-Call-Button.gif\" alt=\"Earnings call web cast link\" width=\"220\" height=\"100\" \/><\/a><\/p>\n<p><strong>F\u00fcr telefonischen Zugriff folgende Nummer w\u00e4hlen:<br \/>\n(416) 764-8659<br \/>\n<\/strong><\/p>\n<p>Pr\u00e4sentations-PDF\u00a0<a href=\"https:\/\/atsautomation.com\/wp-content\/uploads\/sites\/9\/2021\/08\/ATS-Earnings-webcast-slides-Q1-F2022-vFinal.pdf\">hier<\/a> ansehen<\/p>\n<p><strong>ATS Investoren-Pr\u00e4sentation<\/strong><br \/>\nAugust 2021<br \/>\nPr\u00e4sentations-PDF\u00a0<a href=\"https:\/\/atsautomation.com\/wp-content\/uploads\/sites\/9\/2021\/08\/ATS-Investor-Presentation-Aug-11-2021.pdf\">hier<\/a> ansehen<\/p>\n<p class=\"Default\"><strong>ATS-Jahres- und Sondertagung 2020<\/strong><\/p>\n<p class=\"eventDate\">Donnerstag, 13. August 2020 um 10:00 Uhr EST<br \/>\nVirtuelles Treffen<\/p>\n<p><a href=\"https:\/\/atsautomation.com\/wp-content\/uploads\/sites\/9\/2020\/08\/ATS-Annual-and-Special-Meeting-v-Semi-Final-video.mp4\">Pr\u00e4sentation zur Jahrestagung 2020<\/a><\/p>\n<p><a href=\"https:\/\/produceredition.webcasts.com\/starthere.jsp?ei=1343731&amp;tp_key=df7be8821f\" target=\"_blank\" rel=\"noopener noreferrer\">Webcast zum Ergebnis des 1. Quartals<\/a><\/p>\n<p class=\"Default\">Mittwoch, 12. August 2020, 10:00 Uhr EST<\/p>\n<p class=\"Default\"><a href=\"https:\/\/produceredition.webcasts.com\/starthere.jsp?ei=1343731&amp;tp_key=df7be8821f\" target=\"_blank\" rel=\"noopener noreferrer\"><img loading=\"lazy\" decoding=\"async\" class=\"alignnone\" src=\"https:\/\/atsautomation.com\/wp-content\/uploads\/sites\/9\/2020\/06\/Earnings-Call-Button.gif\" alt=\"Earnings call web cast link\" width=\"220\" height=\"100\" \/><\/a><br \/>\n<strong>F\u00fcr telefonischen Zugriff folgende Nummer w\u00e4hlen:<br \/>\n1-647-427-7450<\/strong><\/p>\n<p class=\"Default\">Mittwoch, 19. Dezember 2018, 11:00 Uhr (Eastern Time)<\/p>\n<p class=\"Default\"><a href=\"https:\/\/event.on24.com\/wcc\/r\/1904067\/408428B474DD57B2E538897DAD58EA58\" target=\"_blank\" rel=\"noopener noreferrer\"><img loading=\"lazy\" decoding=\"async\" src=\"https:\/\/atsautomation.com\/wp-content\/uploads\/sites\/9\/2020\/06\/Earnings-Call-Button.gif\" alt=\"Webcast-Schaltfl\u00e4che f\u00fcr Telefonkonferenz\" width=\"220\" height=\"100\" \/><\/a><\/p>\n<p><strong>F\u00fcr telefonischen Zugriff folgende Nummer w\u00e4hlen:<br \/>\n+1-647-427-7450<\/strong><\/p>\n<p>Pr\u00e4sentations-PDF\u00a0<a href=\"https:\/\/atsautomation.com\/wp-content\/uploads\/sites\/9\/2020\/06\/ATS-Investor-Presentation-Comecer-121918.pdf\">hier<\/a> ansehen<\/p>\n<p><strong>ATS \u00fcbernimmt spezialisierten Anbieter von Produktivit\u00e4tsl\u00f6sungen f\u00fcr die globale Lebensmittelverpackungsindustrie<\/strong><\/p>\n<p>16. Dezember 2019<br \/>\nPr\u00e4sentationsmaterial: PDF <a href=\"https:\/\/atsautomation.com\/wp-content\/uploads\/sites\/9\/2020\/06\/ATS-MARCO-IR-presentation-121619.pdf\">hier<\/a> ansehen<br \/>\n<a href=\"https:\/\/produceredition.webcasts.com\/starthere.jsp?ei=1318260&amp;tp_key=d51547c365\" target=\"_blank\" rel=\"noopener noreferrer\">Webcast zu den Unternehmensergebnissen des 4. Quartals<\/a><\/p>\n<p class=\"Default\"><strong>ATS Automation Investorentag 2018<\/strong><\/p>\n<p>18. September 2018<br \/>\nPr\u00e4sentationsmaterialien: PDF <a href=\"https:\/\/atsautomation.com\/wp-content\/uploads\/sites\/9\/2020\/06\/ATS-Automation-Investor-Day-Presentation-September-18-2018.pdf\">hier<\/a> ansehen<\/p>\n<p class=\"Default\"><a href=\"https:\/\/event.on24.com\/wcc\/r\/1904067\/408428B474DD57B2E538897DAD58EA58\" target=\"_blank\" rel=\"noopener noreferrer\">Comecer-\u00dcbernahme \u2013 Telefonkonferenz; Webcast<\/a><\/p>\n","protected":false},"excerpt":{"rendered":"<p>11. August 2021, 8:30 Uhr EST F\u00fcr telefonischen Zugriff folgende Nummer w\u00e4hlen: (416) 764-8659 Pr\u00e4sentations-PDF\u00a0hier ansehen ATS Investoren-Pr\u00e4sentation August 2021 Pr\u00e4sentations-PDF\u00a0hier ansehen ATS-Jahres- und Sondertagung 2020 Donnerstag, 13. August 2020 um 10:00 Uhr EST Virtuelles Treffen Pr\u00e4sentation zur Jahrestagung 2020 Webcast zum Ergebnis des 1. Quartals Mittwoch, 12. August 2020, 10:00 Uhr EST F\u00fcr telefonischen Zugriff folgende Nummer w\u00e4hlen: 1-647-427-7450&#8230;<\/p>\n<div class=\"post-button\"><a href=\"https:\/\/vipgo.atsautomation.com\/atsautomation\/de\/investoren\/prasentationen-fur-investoren\/\">Read More<\/a><\/div>\n","protected":false},"author":3,"featured_media":8804,"parent":8803,"menu_order":0,"comment_status":"closed","ping_status":"closed","template":"","meta":{"_acf_changed":false,"footnotes":""},"class_list":["post-9134","page","type-page","status-publish","has-post-thumbnail","hentry"],"yoast_head":"<!-- This site is optimized with the Yoast SEO Premium plugin v26.8 (Yoast SEO v26.8) - https:\/\/yoast.com\/product\/yoast-seo-premium-wordpress\/ -->\n<title>Investor Presentations | Industrial Automation Webcasts | ATS Automation<\/title>\n<meta name=\"description\" content=\"ATS Automation hosts investor presentations &amp; webcasts to keep investors educated &amp; up to date on current advances. Be sure to download presentation materials.\" \/>\n<meta name=\"robots\" content=\"index, follow, max-snippet:-1, max-image-preview:large, max-video-preview:-1\" \/>\n<link rel=\"canonical\" href=\"https:\/\/vipgo.atsautomation.com\/atsautomation\/de\/investoren\/prasentationen-fur-investoren\/\" \/>\n<meta property=\"og:locale\" content=\"de_DE\" \/>\n<meta property=\"og:type\" content=\"article\" \/>\n<meta property=\"og:title\" content=\"Pr\u00e4sentationen f\u00fcr Investoren\" \/>\n<meta property=\"og:description\" content=\"ATS Automation hosts investor presentations &amp; webcasts to keep investors educated &amp; up to date on current advances. Be sure to download presentation materials.\" \/>\n<meta property=\"og:url\" content=\"https:\/\/vipgo.atsautomation.com\/atsautomation\/de\/investoren\/prasentationen-fur-investoren\/\" \/>\n<meta property=\"og:site_name\" content=\"ATS Corporation\" \/>\n<meta property=\"article:modified_time\" content=\"2021-08-11T18:56:31+00:00\" \/>\n<meta property=\"og:image\" content=\"https:\/\/vipgo.atsautomation.com\/atsautomation\/wp-content\/uploads\/sites\/9\/2020\/05\/ATS-LifeSciences-banner_1500x500.jpg\" \/>\n\t<meta property=\"og:image:width\" content=\"1500\" \/>\n\t<meta property=\"og:image:height\" content=\"500\" \/>\n\t<meta property=\"og:image:type\" content=\"image\/jpeg\" \/>\n<meta name=\"twitter:card\" content=\"summary_large_image\" \/>\n<meta name=\"twitter:label1\" content=\"Gesch\u00e4tzte Lesezeit\" \/>\n\t<meta name=\"twitter:data1\" content=\"2 Minuten\" \/>\n<script type=\"application\/ld+json\" class=\"yoast-schema-graph\">{\"@context\":\"https:\/\/schema.org\",\"@graph\":[{\"@type\":\"WebPage\",\"@id\":\"https:\/\/vipgo.atsautomation.com\/atsautomation\/de\/investoren\/prasentationen-fur-investoren\/\",\"url\":\"https:\/\/vipgo.atsautomation.com\/atsautomation\/de\/investoren\/prasentationen-fur-investoren\/\",\"name\":\"Investor Presentations | Industrial Automation Webcasts | ATS Automation\",\"isPartOf\":{\"@id\":\"https:\/\/vipgo.atsautomation.com\/atsautomation\/de\/#website\"},\"primaryImageOfPage\":{\"@id\":\"https:\/\/vipgo.atsautomation.com\/atsautomation\/de\/investoren\/prasentationen-fur-investoren\/#primaryimage\"},\"image\":{\"@id\":\"https:\/\/vipgo.atsautomation.com\/atsautomation\/de\/investoren\/prasentationen-fur-investoren\/#primaryimage\"},\"thumbnailUrl\":\"https:\/\/vipgo.atsautomation.com\/atsautomation\/wp-content\/uploads\/sites\/9\/2020\/05\/ATS-LifeSciences-banner_1500x500.jpg\",\"datePublished\":\"2020-07-15T13:08:41+00:00\",\"dateModified\":\"2021-08-11T18:56:31+00:00\",\"description\":\"ATS Automation hosts investor presentations & webcasts to keep investors educated & up to date on current advances. Be sure to download presentation materials.\",\"breadcrumb\":{\"@id\":\"https:\/\/vipgo.atsautomation.com\/atsautomation\/de\/investoren\/prasentationen-fur-investoren\/#breadcrumb\"},\"inLanguage\":\"de-DE\",\"potentialAction\":[{\"@type\":\"ReadAction\",\"target\":[\"https:\/\/vipgo.atsautomation.com\/atsautomation\/de\/investoren\/prasentationen-fur-investoren\/\"]}]},{\"@type\":\"ImageObject\",\"inLanguage\":\"de-DE\",\"@id\":\"https:\/\/vipgo.atsautomation.com\/atsautomation\/de\/investoren\/prasentationen-fur-investoren\/#primaryimage\",\"url\":\"https:\/\/vipgo.atsautomation.com\/atsautomation\/wp-content\/uploads\/sites\/9\/2020\/05\/ATS-LifeSciences-banner_1500x500.jpg\",\"contentUrl\":\"https:\/\/vipgo.atsautomation.com\/atsautomation\/wp-content\/uploads\/sites\/9\/2020\/05\/ATS-LifeSciences-banner_1500x500.jpg\",\"width\":1500,\"height\":500},{\"@type\":\"BreadcrumbList\",\"@id\":\"https:\/\/vipgo.atsautomation.com\/atsautomation\/de\/investoren\/prasentationen-fur-investoren\/#breadcrumb\",\"itemListElement\":[{\"@type\":\"ListItem\",\"position\":1,\"name\":\"Home\",\"item\":\"https:\/\/vipgo.atsautomation.com\/atsautomation\/de\/\"},{\"@type\":\"ListItem\",\"position\":2,\"name\":\"Investoren\",\"item\":\"https:\/\/vipgo.atsautomation.com\/atsautomation\/de\/investors\/\"},{\"@type\":\"ListItem\",\"position\":3,\"name\":\"Pr\u00e4sentationen f\u00fcr Investoren\"}]},{\"@type\":\"WebSite\",\"@id\":\"https:\/\/vipgo.atsautomation.com\/atsautomation\/de\/#website\",\"url\":\"https:\/\/vipgo.atsautomation.com\/atsautomation\/de\/\",\"name\":\"ATS Corporation\",\"description\":\"Just another vipgo.atsautomation.com site\",\"publisher\":{\"@id\":\"https:\/\/vipgo.atsautomation.com\/atsautomation\/de\/#organization\"},\"potentialAction\":[{\"@type\":\"SearchAction\",\"target\":{\"@type\":\"EntryPoint\",\"urlTemplate\":\"https:\/\/vipgo.atsautomation.com\/atsautomation\/de\/?s={search_term_string}\"},\"query-input\":{\"@type\":\"PropertyValueSpecification\",\"valueRequired\":true,\"valueName\":\"search_term_string\"}}],\"inLanguage\":\"de-DE\"},{\"@type\":\"Organization\",\"@id\":\"https:\/\/vipgo.atsautomation.com\/atsautomation\/de\/#organization\",\"name\":\"ATS Corporation\",\"url\":\"https:\/\/vipgo.atsautomation.com\/atsautomation\/de\/\",\"logo\":{\"@type\":\"ImageObject\",\"inLanguage\":\"de-DE\",\"@id\":\"https:\/\/vipgo.atsautomation.com\/atsautomation\/de\/#\/schema\/logo\/image\/\",\"url\":\"https:\/\/atsautomation.com\/wp-content\/uploads\/sites\/9\/2022\/11\/ATS-logo-colour-RGB_TM.png\",\"contentUrl\":\"https:\/\/atsautomation.com\/wp-content\/uploads\/sites\/9\/2022\/11\/ATS-logo-colour-RGB_TM.png\",\"width\":1880,\"height\":371,\"caption\":\"ATS Corporation\"},\"image\":{\"@id\":\"https:\/\/vipgo.atsautomation.com\/atsautomation\/de\/#\/schema\/logo\/image\/\"}}]}<\/script>\n<!-- \/ Yoast SEO Premium plugin. -->","yoast_head_json":{"title":"Investor Presentations | Industrial Automation Webcasts | ATS Automation","description":"ATS Automation hosts investor presentations & webcasts to keep investors educated & up to date on current advances. Be sure to download presentation materials.","robots":{"index":"index","follow":"follow","max-snippet":"max-snippet:-1","max-image-preview":"max-image-preview:large","max-video-preview":"max-video-preview:-1"},"canonical":"https:\/\/vipgo.atsautomation.com\/atsautomation\/de\/investoren\/prasentationen-fur-investoren\/","og_locale":"de_DE","og_type":"article","og_title":"Pr\u00e4sentationen f\u00fcr Investoren","og_description":"ATS Automation hosts investor presentations & webcasts to keep investors educated & up to date on current advances. Be sure to download presentation materials.","og_url":"https:\/\/vipgo.atsautomation.com\/atsautomation\/de\/investoren\/prasentationen-fur-investoren\/","og_site_name":"ATS Corporation","article_modified_time":"2021-08-11T18:56:31+00:00","og_image":[{"width":1500,"height":500,"url":"https:\/\/vipgo.atsautomation.com\/atsautomation\/wp-content\/uploads\/sites\/9\/2020\/05\/ATS-LifeSciences-banner_1500x500.jpg","type":"image\/jpeg"}],"twitter_card":"summary_large_image","twitter_misc":{"Gesch\u00e4tzte Lesezeit":"2 Minuten"},"schema":{"@context":"https:\/\/schema.org","@graph":[{"@type":"WebPage","@id":"https:\/\/vipgo.atsautomation.com\/atsautomation\/de\/investoren\/prasentationen-fur-investoren\/","url":"https:\/\/vipgo.atsautomation.com\/atsautomation\/de\/investoren\/prasentationen-fur-investoren\/","name":"Investor Presentations | Industrial Automation Webcasts | ATS Automation","isPartOf":{"@id":"https:\/\/vipgo.atsautomation.com\/atsautomation\/de\/#website"},"primaryImageOfPage":{"@id":"https:\/\/vipgo.atsautomation.com\/atsautomation\/de\/investoren\/prasentationen-fur-investoren\/#primaryimage"},"image":{"@id":"https:\/\/vipgo.atsautomation.com\/atsautomation\/de\/investoren\/prasentationen-fur-investoren\/#primaryimage"},"thumbnailUrl":"https:\/\/vipgo.atsautomation.com\/atsautomation\/wp-content\/uploads\/sites\/9\/2020\/05\/ATS-LifeSciences-banner_1500x500.jpg","datePublished":"2020-07-15T13:08:41+00:00","dateModified":"2021-08-11T18:56:31+00:00","description":"ATS Automation hosts investor presentations & webcasts to keep investors educated & up to date on current advances. Be sure to download presentation materials.","breadcrumb":{"@id":"https:\/\/vipgo.atsautomation.com\/atsautomation\/de\/investoren\/prasentationen-fur-investoren\/#breadcrumb"},"inLanguage":"de-DE","potentialAction":[{"@type":"ReadAction","target":["https:\/\/vipgo.atsautomation.com\/atsautomation\/de\/investoren\/prasentationen-fur-investoren\/"]}]},{"@type":"ImageObject","inLanguage":"de-DE","@id":"https:\/\/vipgo.atsautomation.com\/atsautomation\/de\/investoren\/prasentationen-fur-investoren\/#primaryimage","url":"https:\/\/vipgo.atsautomation.com\/atsautomation\/wp-content\/uploads\/sites\/9\/2020\/05\/ATS-LifeSciences-banner_1500x500.jpg","contentUrl":"https:\/\/vipgo.atsautomation.com\/atsautomation\/wp-content\/uploads\/sites\/9\/2020\/05\/ATS-LifeSciences-banner_1500x500.jpg","width":1500,"height":500},{"@type":"BreadcrumbList","@id":"https:\/\/vipgo.atsautomation.com\/atsautomation\/de\/investoren\/prasentationen-fur-investoren\/#breadcrumb","itemListElement":[{"@type":"ListItem","position":1,"name":"Home","item":"https:\/\/vipgo.atsautomation.com\/atsautomation\/de\/"},{"@type":"ListItem","position":2,"name":"Investoren","item":"https:\/\/vipgo.atsautomation.com\/atsautomation\/de\/investors\/"},{"@type":"ListItem","position":3,"name":"Pr\u00e4sentationen f\u00fcr Investoren"}]},{"@type":"WebSite","@id":"https:\/\/vipgo.atsautomation.com\/atsautomation\/de\/#website","url":"https:\/\/vipgo.atsautomation.com\/atsautomation\/de\/","name":"ATS Corporation","description":"Just another vipgo.atsautomation.com site","publisher":{"@id":"https:\/\/vipgo.atsautomation.com\/atsautomation\/de\/#organization"},"potentialAction":[{"@type":"SearchAction","target":{"@type":"EntryPoint","urlTemplate":"https:\/\/vipgo.atsautomation.com\/atsautomation\/de\/?s={search_term_string}"},"query-input":{"@type":"PropertyValueSpecification","valueRequired":true,"valueName":"search_term_string"}}],"inLanguage":"de-DE"},{"@type":"Organization","@id":"https:\/\/vipgo.atsautomation.com\/atsautomation\/de\/#organization","name":"ATS Corporation","url":"https:\/\/vipgo.atsautomation.com\/atsautomation\/de\/","logo":{"@type":"ImageObject","inLanguage":"de-DE","@id":"https:\/\/vipgo.atsautomation.com\/atsautomation\/de\/#\/schema\/logo\/image\/","url":"https:\/\/atsautomation.com\/wp-content\/uploads\/sites\/9\/2022\/11\/ATS-logo-colour-RGB_TM.png","contentUrl":"https:\/\/atsautomation.com\/wp-content\/uploads\/sites\/9\/2022\/11\/ATS-logo-colour-RGB_TM.png","width":1880,"height":371,"caption":"ATS Corporation"},"image":{"@id":"https:\/\/vipgo.atsautomation.com\/atsautomation\/de\/#\/schema\/logo\/image\/"}}]}},"acf":[],"jetpack_sharing_enabled":true,"_links":{"self":[{"href":"https:\/\/vipgo.atsautomation.com\/atsautomation\/de\/wp-json\/wp\/v2\/pages\/9134","targetHints":{"allow":["GET"]}}],"collection":[{"href":"https:\/\/vipgo.atsautomation.com\/atsautomation\/de\/wp-json\/wp\/v2\/pages"}],"about":[{"href":"https:\/\/vipgo.atsautomation.com\/atsautomation\/de\/wp-json\/wp\/v2\/types\/page"}],"author":[{"embeddable":true,"href":"https:\/\/vipgo.atsautomation.com\/atsautomation\/de\/wp-json\/wp\/v2\/users\/3"}],"replies":[{"embeddable":true,"href":"https:\/\/vipgo.atsautomation.com\/atsautomation\/de\/wp-json\/wp\/v2\/comments?post=9134"}],"version-history":[{"count":18,"href":"https:\/\/vipgo.atsautomation.com\/atsautomation\/de\/wp-json\/wp\/v2\/pages\/9134\/revisions"}],"predecessor-version":[{"id":31252,"href":"https:\/\/vipgo.atsautomation.com\/atsautomation\/de\/wp-json\/wp\/v2\/pages\/9134\/revisions\/31252"}],"up":[{"embeddable":true,"href":"https:\/\/vipgo.atsautomation.com\/atsautomation\/de\/wp-json\/wp\/v2\/pages\/8803"}],"wp:featuredmedia":[{"embeddable":true,"href":"https:\/\/vipgo.atsautomation.com\/atsautomation\/de\/wp-json\/wp\/v2\/media\/8804"}],"wp:attachment":[{"href":"https:\/\/vipgo.atsautomation.com\/atsautomation\/de\/wp-json\/wp\/v2\/media?parent=9134"}],"curies":[{"name":"wp","href":"https:\/\/api.w.org\/{rel}","templated":true}]}}