{"id":9147,"date":"2020-07-15T13:08:42","date_gmt":"2020-07-15T13:08:42","guid":{"rendered":"https:\/\/atsautomation.com\/investoren\/unternehmensfuhrung\/"},"modified":"2021-07-12T15:02:17","modified_gmt":"2021-07-12T15:02:17","slug":"unternehmensfuhrung","status":"publish","type":"page","link":"https:\/\/vipgo.atsautomation.com\/atsautomation\/de\/investoren\/unternehmensfuhrung\/","title":{"rendered":"Unternehmensf\u00fchrung"},"content":{"rendered":"<ul class=\"governance-list\">\n<li><a href=\"https:\/\/atsautomation.com\/wp-content\/uploads\/sites\/9\/2020\/05\/ATS-Articles-of-Amalgamation.pdf\">ATS Artikel zur Zusammenlegung <\/a><\/li>\n<li><a href=\"https:\/\/atsautomation.com\/wp-content\/uploads\/sites\/9\/2020\/05\/ATS-ByLaw-No-1.pdf\">ATS By-Law Nr.1 <\/a><\/li>\n<li><a href=\"https:\/\/atsautomation.com\/wp-content\/uploads\/sites\/9\/2020\/08\/ATS-Majority-Voting-Policy-May-15-19.pdf\">ATS Richtlinie zur Mehrheitsentscheidung <\/a><\/li>\n<li><a href=\"https:\/\/atsautomation.com\/wp-content\/uploads\/sites\/9\/2020\/05\/ATS-Role-Description-for-the-Chairman-of-the-Board.pdf\">ATS Rolle und Beschreibung der Position des Vorstandsvorsitzenden <\/a><\/li>\n<li><a href=\"https:\/\/atsautomation.com\/wp-content\/uploads\/sites\/9\/2020\/08\/Charter-for-the-Audit-and-Finance-Committee-May-20-20.pdf\">ATS Charta f\u00fcr Audit- und Finanzausschuss <\/a><\/li>\n<li><a href=\"https:\/\/atsautomation.com\/wp-content\/uploads\/sites\/9\/2020\/05\/ATS-Charter-for-the-Human-Resources-Committee.pdf\">ATS Charta f\u00fcr Mitarbeiterausschuss <\/a><\/li>\n<li><a href=\"https:\/\/atsautomation.com\/wp-content\/uploads\/sites\/9\/2020\/08\/Charter-for-the-Corporate-Governance-and-Nominating-Committee-May-20-20.pdf\">ATS Charta f\u00fcr Unternehmensorganisation und Nominierungsausschuss <\/a><\/li>\n<li><a href=\"https:\/\/atsautomation.com\/wp-content\/uploads\/sites\/9\/2020\/08\/Proxy-Formatted-Board-Mandate-May-20-2020.pdf\">Mandat f\u00fcr\u00a0den Vorstand <\/a><\/li>\n<li><a href=\"https:\/\/atsautomation.com\/wp-content\/uploads\/sites\/9\/2021\/07\/ATS-Code-of-Business-Conduct-May19-2021.pdf\">ATS Verhaltenskodex f\u00fcr Mitarbeiter <\/a><\/li>\n<li><a href=\"https:\/\/atsautomation.com\/wp-content\/uploads\/sites\/9\/2020\/08\/Shareholder-Engagement-Policy-May-15-19.pdf\">Engagementrichtlinie f\u00fcr Aktion\u00e4re <\/a><\/li>\n<\/ul>\n","protected":false},"excerpt":{"rendered":"<p>ATS Artikel zur Zusammenlegung ATS By-Law Nr.1 ATS Richtlinie zur Mehrheitsentscheidung ATS Rolle und Beschreibung der Position des Vorstandsvorsitzenden ATS Charta f\u00fcr Audit- und Finanzausschuss ATS Charta f\u00fcr Mitarbeiterausschuss ATS Charta f\u00fcr Unternehmensorganisation und Nominierungsausschuss Mandat f\u00fcr\u00a0den Vorstand ATS Verhaltenskodex f\u00fcr Mitarbeiter Engagementrichtlinie f\u00fcr Aktion\u00e4re<\/p>\n","protected":false},"author":3,"featured_media":8804,"parent":8803,"menu_order":0,"comment_status":"closed","ping_status":"closed","template":"","meta":{"_acf_changed":false,"footnotes":""},"class_list":["post-9147","page","type-page","status-publish","has-post-thumbnail","hentry"],"yoast_head":"<!-- This site is optimized with the Yoast SEO Premium plugin v26.8 (Yoast SEO v26.8) - https:\/\/yoast.com\/product\/yoast-seo-premium-wordpress\/ -->\n<title>Governance | Policies &amp; Codes | ATS Automation<\/title>\n<meta name=\"description\" content=\"At ATS Automation, we hold ourselves &amp; our systems to high standards. Our investors can rest easy knowing the governance we maintain through codes &amp; policies.\" \/>\n<meta name=\"robots\" content=\"index, follow, max-snippet:-1, max-image-preview:large, max-video-preview:-1\" \/>\n<link rel=\"canonical\" href=\"https:\/\/vipgo.atsautomation.com\/atsautomation\/de\/investoren\/unternehmensfuhrung\/\" \/>\n<meta property=\"og:locale\" content=\"de_DE\" \/>\n<meta property=\"og:type\" content=\"article\" \/>\n<meta property=\"og:title\" content=\"Unternehmensf\u00fchrung\" \/>\n<meta property=\"og:description\" content=\"At ATS Automation, we hold ourselves &amp; our systems to high standards. Our investors can rest easy knowing the governance we maintain through codes &amp; policies.\" \/>\n<meta property=\"og:url\" content=\"https:\/\/vipgo.atsautomation.com\/atsautomation\/de\/investoren\/unternehmensfuhrung\/\" \/>\n<meta property=\"og:site_name\" content=\"ATS Corporation\" \/>\n<meta property=\"article:modified_time\" content=\"2021-07-12T15:02:17+00:00\" \/>\n<meta property=\"og:image\" content=\"https:\/\/vipgo.atsautomation.com\/atsautomation\/wp-content\/uploads\/sites\/9\/2020\/05\/ATS-LifeSciences-banner_1500x500.jpg\" \/>\n\t<meta property=\"og:image:width\" content=\"1500\" \/>\n\t<meta property=\"og:image:height\" content=\"500\" \/>\n\t<meta property=\"og:image:type\" content=\"image\/jpeg\" \/>\n<meta name=\"twitter:card\" content=\"summary_large_image\" \/>\n<meta name=\"twitter:label1\" content=\"Gesch\u00e4tzte Lesezeit\" \/>\n\t<meta name=\"twitter:data1\" content=\"1 Minute\" \/>\n<script type=\"application\/ld+json\" class=\"yoast-schema-graph\">{\"@context\":\"https:\/\/schema.org\",\"@graph\":[{\"@type\":\"WebPage\",\"@id\":\"https:\/\/vipgo.atsautomation.com\/atsautomation\/de\/investoren\/unternehmensfuhrung\/\",\"url\":\"https:\/\/vipgo.atsautomation.com\/atsautomation\/de\/investoren\/unternehmensfuhrung\/\",\"name\":\"Governance | Policies & Codes | ATS Automation\",\"isPartOf\":{\"@id\":\"https:\/\/vipgo.atsautomation.com\/atsautomation\/de\/#website\"},\"primaryImageOfPage\":{\"@id\":\"https:\/\/vipgo.atsautomation.com\/atsautomation\/de\/investoren\/unternehmensfuhrung\/#primaryimage\"},\"image\":{\"@id\":\"https:\/\/vipgo.atsautomation.com\/atsautomation\/de\/investoren\/unternehmensfuhrung\/#primaryimage\"},\"thumbnailUrl\":\"https:\/\/vipgo.atsautomation.com\/atsautomation\/wp-content\/uploads\/sites\/9\/2020\/05\/ATS-LifeSciences-banner_1500x500.jpg\",\"datePublished\":\"2020-07-15T13:08:42+00:00\",\"dateModified\":\"2021-07-12T15:02:17+00:00\",\"description\":\"At ATS Automation, we hold ourselves & our systems to high standards. Our investors can rest easy knowing the governance we maintain through codes & policies.\",\"breadcrumb\":{\"@id\":\"https:\/\/vipgo.atsautomation.com\/atsautomation\/de\/investoren\/unternehmensfuhrung\/#breadcrumb\"},\"inLanguage\":\"de-DE\",\"potentialAction\":[{\"@type\":\"ReadAction\",\"target\":[\"https:\/\/vipgo.atsautomation.com\/atsautomation\/de\/investoren\/unternehmensfuhrung\/\"]}]},{\"@type\":\"ImageObject\",\"inLanguage\":\"de-DE\",\"@id\":\"https:\/\/vipgo.atsautomation.com\/atsautomation\/de\/investoren\/unternehmensfuhrung\/#primaryimage\",\"url\":\"https:\/\/vipgo.atsautomation.com\/atsautomation\/wp-content\/uploads\/sites\/9\/2020\/05\/ATS-LifeSciences-banner_1500x500.jpg\",\"contentUrl\":\"https:\/\/vipgo.atsautomation.com\/atsautomation\/wp-content\/uploads\/sites\/9\/2020\/05\/ATS-LifeSciences-banner_1500x500.jpg\",\"width\":1500,\"height\":500},{\"@type\":\"BreadcrumbList\",\"@id\":\"https:\/\/vipgo.atsautomation.com\/atsautomation\/de\/investoren\/unternehmensfuhrung\/#breadcrumb\",\"itemListElement\":[{\"@type\":\"ListItem\",\"position\":1,\"name\":\"Home\",\"item\":\"https:\/\/vipgo.atsautomation.com\/atsautomation\/de\/\"},{\"@type\":\"ListItem\",\"position\":2,\"name\":\"Investoren\",\"item\":\"https:\/\/vipgo.atsautomation.com\/atsautomation\/de\/investors\/\"},{\"@type\":\"ListItem\",\"position\":3,\"name\":\"Unternehmensf\u00fchrung\"}]},{\"@type\":\"WebSite\",\"@id\":\"https:\/\/vipgo.atsautomation.com\/atsautomation\/de\/#website\",\"url\":\"https:\/\/vipgo.atsautomation.com\/atsautomation\/de\/\",\"name\":\"ATS Corporation\",\"description\":\"Just another vipgo.atsautomation.com site\",\"publisher\":{\"@id\":\"https:\/\/vipgo.atsautomation.com\/atsautomation\/de\/#organization\"},\"potentialAction\":[{\"@type\":\"SearchAction\",\"target\":{\"@type\":\"EntryPoint\",\"urlTemplate\":\"https:\/\/vipgo.atsautomation.com\/atsautomation\/de\/?s={search_term_string}\"},\"query-input\":{\"@type\":\"PropertyValueSpecification\",\"valueRequired\":true,\"valueName\":\"search_term_string\"}}],\"inLanguage\":\"de-DE\"},{\"@type\":\"Organization\",\"@id\":\"https:\/\/vipgo.atsautomation.com\/atsautomation\/de\/#organization\",\"name\":\"ATS Corporation\",\"url\":\"https:\/\/vipgo.atsautomation.com\/atsautomation\/de\/\",\"logo\":{\"@type\":\"ImageObject\",\"inLanguage\":\"de-DE\",\"@id\":\"https:\/\/vipgo.atsautomation.com\/atsautomation\/de\/#\/schema\/logo\/image\/\",\"url\":\"https:\/\/atsautomation.com\/wp-content\/uploads\/sites\/9\/2022\/11\/ATS-logo-colour-RGB_TM.png\",\"contentUrl\":\"https:\/\/atsautomation.com\/wp-content\/uploads\/sites\/9\/2022\/11\/ATS-logo-colour-RGB_TM.png\",\"width\":1880,\"height\":371,\"caption\":\"ATS Corporation\"},\"image\":{\"@id\":\"https:\/\/vipgo.atsautomation.com\/atsautomation\/de\/#\/schema\/logo\/image\/\"}}]}<\/script>\n<!-- \/ Yoast SEO Premium plugin. -->","yoast_head_json":{"title":"Governance | Policies & Codes | ATS Automation","description":"At ATS Automation, we hold ourselves & our systems to high standards. Our investors can rest easy knowing the governance we maintain through codes & policies.","robots":{"index":"index","follow":"follow","max-snippet":"max-snippet:-1","max-image-preview":"max-image-preview:large","max-video-preview":"max-video-preview:-1"},"canonical":"https:\/\/vipgo.atsautomation.com\/atsautomation\/de\/investoren\/unternehmensfuhrung\/","og_locale":"de_DE","og_type":"article","og_title":"Unternehmensf\u00fchrung","og_description":"At ATS Automation, we hold ourselves & our systems to high standards. Our investors can rest easy knowing the governance we maintain through codes & policies.","og_url":"https:\/\/vipgo.atsautomation.com\/atsautomation\/de\/investoren\/unternehmensfuhrung\/","og_site_name":"ATS Corporation","article_modified_time":"2021-07-12T15:02:17+00:00","og_image":[{"width":1500,"height":500,"url":"https:\/\/vipgo.atsautomation.com\/atsautomation\/wp-content\/uploads\/sites\/9\/2020\/05\/ATS-LifeSciences-banner_1500x500.jpg","type":"image\/jpeg"}],"twitter_card":"summary_large_image","twitter_misc":{"Gesch\u00e4tzte Lesezeit":"1 Minute"},"schema":{"@context":"https:\/\/schema.org","@graph":[{"@type":"WebPage","@id":"https:\/\/vipgo.atsautomation.com\/atsautomation\/de\/investoren\/unternehmensfuhrung\/","url":"https:\/\/vipgo.atsautomation.com\/atsautomation\/de\/investoren\/unternehmensfuhrung\/","name":"Governance | Policies & Codes | ATS Automation","isPartOf":{"@id":"https:\/\/vipgo.atsautomation.com\/atsautomation\/de\/#website"},"primaryImageOfPage":{"@id":"https:\/\/vipgo.atsautomation.com\/atsautomation\/de\/investoren\/unternehmensfuhrung\/#primaryimage"},"image":{"@id":"https:\/\/vipgo.atsautomation.com\/atsautomation\/de\/investoren\/unternehmensfuhrung\/#primaryimage"},"thumbnailUrl":"https:\/\/vipgo.atsautomation.com\/atsautomation\/wp-content\/uploads\/sites\/9\/2020\/05\/ATS-LifeSciences-banner_1500x500.jpg","datePublished":"2020-07-15T13:08:42+00:00","dateModified":"2021-07-12T15:02:17+00:00","description":"At ATS Automation, we hold ourselves & our systems to high standards. Our investors can rest easy knowing the governance we maintain through codes & policies.","breadcrumb":{"@id":"https:\/\/vipgo.atsautomation.com\/atsautomation\/de\/investoren\/unternehmensfuhrung\/#breadcrumb"},"inLanguage":"de-DE","potentialAction":[{"@type":"ReadAction","target":["https:\/\/vipgo.atsautomation.com\/atsautomation\/de\/investoren\/unternehmensfuhrung\/"]}]},{"@type":"ImageObject","inLanguage":"de-DE","@id":"https:\/\/vipgo.atsautomation.com\/atsautomation\/de\/investoren\/unternehmensfuhrung\/#primaryimage","url":"https:\/\/vipgo.atsautomation.com\/atsautomation\/wp-content\/uploads\/sites\/9\/2020\/05\/ATS-LifeSciences-banner_1500x500.jpg","contentUrl":"https:\/\/vipgo.atsautomation.com\/atsautomation\/wp-content\/uploads\/sites\/9\/2020\/05\/ATS-LifeSciences-banner_1500x500.jpg","width":1500,"height":500},{"@type":"BreadcrumbList","@id":"https:\/\/vipgo.atsautomation.com\/atsautomation\/de\/investoren\/unternehmensfuhrung\/#breadcrumb","itemListElement":[{"@type":"ListItem","position":1,"name":"Home","item":"https:\/\/vipgo.atsautomation.com\/atsautomation\/de\/"},{"@type":"ListItem","position":2,"name":"Investoren","item":"https:\/\/vipgo.atsautomation.com\/atsautomation\/de\/investors\/"},{"@type":"ListItem","position":3,"name":"Unternehmensf\u00fchrung"}]},{"@type":"WebSite","@id":"https:\/\/vipgo.atsautomation.com\/atsautomation\/de\/#website","url":"https:\/\/vipgo.atsautomation.com\/atsautomation\/de\/","name":"ATS Corporation","description":"Just another vipgo.atsautomation.com site","publisher":{"@id":"https:\/\/vipgo.atsautomation.com\/atsautomation\/de\/#organization"},"potentialAction":[{"@type":"SearchAction","target":{"@type":"EntryPoint","urlTemplate":"https:\/\/vipgo.atsautomation.com\/atsautomation\/de\/?s={search_term_string}"},"query-input":{"@type":"PropertyValueSpecification","valueRequired":true,"valueName":"search_term_string"}}],"inLanguage":"de-DE"},{"@type":"Organization","@id":"https:\/\/vipgo.atsautomation.com\/atsautomation\/de\/#organization","name":"ATS Corporation","url":"https:\/\/vipgo.atsautomation.com\/atsautomation\/de\/","logo":{"@type":"ImageObject","inLanguage":"de-DE","@id":"https:\/\/vipgo.atsautomation.com\/atsautomation\/de\/#\/schema\/logo\/image\/","url":"https:\/\/atsautomation.com\/wp-content\/uploads\/sites\/9\/2022\/11\/ATS-logo-colour-RGB_TM.png","contentUrl":"https:\/\/atsautomation.com\/wp-content\/uploads\/sites\/9\/2022\/11\/ATS-logo-colour-RGB_TM.png","width":1880,"height":371,"caption":"ATS Corporation"},"image":{"@id":"https:\/\/vipgo.atsautomation.com\/atsautomation\/de\/#\/schema\/logo\/image\/"}}]}},"acf":[],"jetpack_sharing_enabled":true,"_links":{"self":[{"href":"https:\/\/vipgo.atsautomation.com\/atsautomation\/de\/wp-json\/wp\/v2\/pages\/9147","targetHints":{"allow":["GET"]}}],"collection":[{"href":"https:\/\/vipgo.atsautomation.com\/atsautomation\/de\/wp-json\/wp\/v2\/pages"}],"about":[{"href":"https:\/\/vipgo.atsautomation.com\/atsautomation\/de\/wp-json\/wp\/v2\/types\/page"}],"author":[{"embeddable":true,"href":"https:\/\/vipgo.atsautomation.com\/atsautomation\/de\/wp-json\/wp\/v2\/users\/3"}],"replies":[{"embeddable":true,"href":"https:\/\/vipgo.atsautomation.com\/atsautomation\/de\/wp-json\/wp\/v2\/comments?post=9147"}],"version-history":[{"count":4,"href":"https:\/\/vipgo.atsautomation.com\/atsautomation\/de\/wp-json\/wp\/v2\/pages\/9147\/revisions"}],"predecessor-version":[{"id":30514,"href":"https:\/\/vipgo.atsautomation.com\/atsautomation\/de\/wp-json\/wp\/v2\/pages\/9147\/revisions\/30514"}],"up":[{"embeddable":true,"href":"https:\/\/vipgo.atsautomation.com\/atsautomation\/de\/wp-json\/wp\/v2\/pages\/8803"}],"wp:featuredmedia":[{"embeddable":true,"href":"https:\/\/vipgo.atsautomation.com\/atsautomation\/de\/wp-json\/wp\/v2\/media\/8804"}],"wp:attachment":[{"href":"https:\/\/vipgo.atsautomation.com\/atsautomation\/de\/wp-json\/wp\/v2\/media?parent=9147"}],"curies":[{"name":"wp","href":"https:\/\/api.w.org\/{rel}","templated":true}]}}