{"id":9416,"date":"2020-07-15T13:08:56","date_gmt":"2020-07-15T13:08:56","guid":{"rendered":"https:\/\/atsautomation.com\/mobilitat-und-transport\/montagesysteme-fur-den-automobilbau\/"},"modified":"2023-01-31T14:53:54","modified_gmt":"2023-01-31T14:53:54","slug":"montagesysteme-fur-den-automobilbau","status":"publish","type":"page","link":"https:\/\/vipgo.atsautomation.com\/atsautomation\/de\/mobilitat-und-transport\/montagesysteme-fur-den-automobilbau\/","title":{"rendered":"Montagesysteme f\u00fcr den Automobilbau"},"content":{"rendered":"<h2>Wir haben \u00fcber 6.500 Montagesysteme entwickelt, f\u00fcr den Bau wichtiger Fahrzeugkomponenten.<\/h2>\n","protected":false},"excerpt":{"rendered":"<p>Wir haben \u00fcber 6.500 Montagesysteme entwickelt, f\u00fcr den Bau wichtiger Fahrzeugkomponenten.<\/p>\n","protected":false},"author":29,"featured_media":8827,"parent":8826,"menu_order":0,"comment_status":"closed","ping_status":"closed","template":"page-templates\/content-page.php","meta":{"_acf_changed":false,"footnotes":""},"class_list":["post-9416","page","type-page","status-publish","has-post-thumbnail","hentry"],"yoast_head":"<!-- This site is optimized with the Yoast SEO Premium plugin v26.8 (Yoast SEO v26.8) - https:\/\/yoast.com\/product\/yoast-seo-premium-wordpress\/ -->\n<title>Montagesysteme f\u00fcr den Automobilbau | ATS Industrial Automation<\/title>\n<meta name=\"description\" content=\"ATS is a leading transportation market supplier. We engineered 6,500+ assembly systems responsible for building the critical components that give vehicles life.\" \/>\n<meta name=\"robots\" content=\"index, follow, max-snippet:-1, max-image-preview:large, max-video-preview:-1\" \/>\n<link rel=\"canonical\" href=\"https:\/\/vipgo.atsautomation.com\/atsautomation\/de\/mobilitat-und-transport\/montagesysteme-fur-den-automobilbau\/\" \/>\n<meta property=\"og:locale\" content=\"de_DE\" \/>\n<meta property=\"og:type\" content=\"article\" \/>\n<meta property=\"og:title\" content=\"Montagesysteme f\u00fcr den Automobilbau\" \/>\n<meta property=\"og:description\" content=\"ATS is a leading transportation market supplier. We engineered 6,500+ assembly systems responsible for building the critical components that give vehicles life.\" \/>\n<meta property=\"og:url\" content=\"https:\/\/vipgo.atsautomation.com\/atsautomation\/de\/mobilitat-und-transport\/montagesysteme-fur-den-automobilbau\/\" \/>\n<meta property=\"og:site_name\" content=\"ATS Corporation\" \/>\n<meta property=\"article:modified_time\" content=\"2023-01-31T14:53:54+00:00\" \/>\n<meta property=\"og:image\" content=\"https:\/\/vipgo.atsautomation.com\/atsautomation\/wp-content\/uploads\/sites\/9\/2020\/04\/turbo-testing-succes-1.jpg\" \/>\n\t<meta property=\"og:image:width\" content=\"1500\" \/>\n\t<meta property=\"og:image:height\" content=\"500\" \/>\n\t<meta property=\"og:image:type\" content=\"image\/jpeg\" \/>\n<meta name=\"twitter:card\" content=\"summary_large_image\" \/>\n<meta name=\"twitter:label1\" content=\"Gesch\u00e4tzte Lesezeit\" \/>\n\t<meta name=\"twitter:data1\" content=\"1 Minute\" \/>\n<script type=\"application\/ld+json\" class=\"yoast-schema-graph\">{\"@context\":\"https:\/\/schema.org\",\"@graph\":[{\"@type\":\"WebPage\",\"@id\":\"https:\/\/vipgo.atsautomation.com\/atsautomation\/de\/mobilitat-und-transport\/montagesysteme-fur-den-automobilbau\/\",\"url\":\"https:\/\/vipgo.atsautomation.com\/atsautomation\/de\/mobilitat-und-transport\/montagesysteme-fur-den-automobilbau\/\",\"name\":\"Montagesysteme f\u00fcr den Automobilbau | ATS Industrial Automation\",\"isPartOf\":{\"@id\":\"https:\/\/vipgo.atsautomation.com\/atsautomation\/de\/#website\"},\"primaryImageOfPage\":{\"@id\":\"https:\/\/vipgo.atsautomation.com\/atsautomation\/de\/mobilitat-und-transport\/montagesysteme-fur-den-automobilbau\/#primaryimage\"},\"image\":{\"@id\":\"https:\/\/vipgo.atsautomation.com\/atsautomation\/de\/mobilitat-und-transport\/montagesysteme-fur-den-automobilbau\/#primaryimage\"},\"thumbnailUrl\":\"https:\/\/vipgo.atsautomation.com\/atsautomation\/wp-content\/uploads\/sites\/9\/2020\/04\/turbo-testing-succes-1.jpg\",\"datePublished\":\"2020-07-15T13:08:56+00:00\",\"dateModified\":\"2023-01-31T14:53:54+00:00\",\"description\":\"ATS is a leading transportation market supplier. We engineered 6,500+ assembly systems responsible for building the critical components that give vehicles life.\",\"breadcrumb\":{\"@id\":\"https:\/\/vipgo.atsautomation.com\/atsautomation\/de\/mobilitat-und-transport\/montagesysteme-fur-den-automobilbau\/#breadcrumb\"},\"inLanguage\":\"de-DE\",\"potentialAction\":[{\"@type\":\"ReadAction\",\"target\":[\"https:\/\/vipgo.atsautomation.com\/atsautomation\/de\/mobilitat-und-transport\/montagesysteme-fur-den-automobilbau\/\"]}]},{\"@type\":\"ImageObject\",\"inLanguage\":\"de-DE\",\"@id\":\"https:\/\/vipgo.atsautomation.com\/atsautomation\/de\/mobilitat-und-transport\/montagesysteme-fur-den-automobilbau\/#primaryimage\",\"url\":\"https:\/\/vipgo.atsautomation.com\/atsautomation\/wp-content\/uploads\/sites\/9\/2020\/04\/turbo-testing-succes-1.jpg\",\"contentUrl\":\"https:\/\/vipgo.atsautomation.com\/atsautomation\/wp-content\/uploads\/sites\/9\/2020\/04\/turbo-testing-succes-1.jpg\",\"width\":1500,\"height\":500,\"caption\":\"Weggeschnitten zur Darstellung des Turbos an einem Fahrzeug\"},{\"@type\":\"BreadcrumbList\",\"@id\":\"https:\/\/vipgo.atsautomation.com\/atsautomation\/de\/mobilitat-und-transport\/montagesysteme-fur-den-automobilbau\/#breadcrumb\",\"itemListElement\":[{\"@type\":\"ListItem\",\"position\":1,\"name\":\"Home\",\"item\":\"https:\/\/vipgo.atsautomation.com\/atsautomation\/de\/\"},{\"@type\":\"ListItem\",\"position\":2,\"name\":\"Mobilit\u00e4t und Transport\",\"item\":\"https:\/\/vipgo.atsautomation.com\/atsautomation\/de\/mobilitat-und-transport\/\"},{\"@type\":\"ListItem\",\"position\":3,\"name\":\"Montagesysteme f\u00fcr den Automobilbau\"}]},{\"@type\":\"WebSite\",\"@id\":\"https:\/\/vipgo.atsautomation.com\/atsautomation\/de\/#website\",\"url\":\"https:\/\/vipgo.atsautomation.com\/atsautomation\/de\/\",\"name\":\"ATS Corporation\",\"description\":\"Just another vipgo.atsautomation.com site\",\"publisher\":{\"@id\":\"https:\/\/vipgo.atsautomation.com\/atsautomation\/de\/#organization\"},\"potentialAction\":[{\"@type\":\"SearchAction\",\"target\":{\"@type\":\"EntryPoint\",\"urlTemplate\":\"https:\/\/vipgo.atsautomation.com\/atsautomation\/de\/?s={search_term_string}\"},\"query-input\":{\"@type\":\"PropertyValueSpecification\",\"valueRequired\":true,\"valueName\":\"search_term_string\"}}],\"inLanguage\":\"de-DE\"},{\"@type\":\"Organization\",\"@id\":\"https:\/\/vipgo.atsautomation.com\/atsautomation\/de\/#organization\",\"name\":\"ATS Corporation\",\"url\":\"https:\/\/vipgo.atsautomation.com\/atsautomation\/de\/\",\"logo\":{\"@type\":\"ImageObject\",\"inLanguage\":\"de-DE\",\"@id\":\"https:\/\/vipgo.atsautomation.com\/atsautomation\/de\/#\/schema\/logo\/image\/\",\"url\":\"https:\/\/atsautomation.com\/wp-content\/uploads\/sites\/9\/2022\/11\/ATS-logo-colour-RGB_TM.png\",\"contentUrl\":\"https:\/\/atsautomation.com\/wp-content\/uploads\/sites\/9\/2022\/11\/ATS-logo-colour-RGB_TM.png\",\"width\":1880,\"height\":371,\"caption\":\"ATS Corporation\"},\"image\":{\"@id\":\"https:\/\/vipgo.atsautomation.com\/atsautomation\/de\/#\/schema\/logo\/image\/\"}}]}<\/script>\n<!-- \/ Yoast SEO Premium plugin. -->","yoast_head_json":{"title":"Montagesysteme f\u00fcr den Automobilbau | ATS Industrial Automation","description":"ATS is a leading transportation market supplier. We engineered 6,500+ assembly systems responsible for building the critical components that give vehicles life.","robots":{"index":"index","follow":"follow","max-snippet":"max-snippet:-1","max-image-preview":"max-image-preview:large","max-video-preview":"max-video-preview:-1"},"canonical":"https:\/\/vipgo.atsautomation.com\/atsautomation\/de\/mobilitat-und-transport\/montagesysteme-fur-den-automobilbau\/","og_locale":"de_DE","og_type":"article","og_title":"Montagesysteme f\u00fcr den Automobilbau","og_description":"ATS is a leading transportation market supplier. We engineered 6,500+ assembly systems responsible for building the critical components that give vehicles life.","og_url":"https:\/\/vipgo.atsautomation.com\/atsautomation\/de\/mobilitat-und-transport\/montagesysteme-fur-den-automobilbau\/","og_site_name":"ATS Corporation","article_modified_time":"2023-01-31T14:53:54+00:00","og_image":[{"width":1500,"height":500,"url":"https:\/\/vipgo.atsautomation.com\/atsautomation\/wp-content\/uploads\/sites\/9\/2020\/04\/turbo-testing-succes-1.jpg","type":"image\/jpeg"}],"twitter_card":"summary_large_image","twitter_misc":{"Gesch\u00e4tzte Lesezeit":"1 Minute"},"schema":{"@context":"https:\/\/schema.org","@graph":[{"@type":"WebPage","@id":"https:\/\/vipgo.atsautomation.com\/atsautomation\/de\/mobilitat-und-transport\/montagesysteme-fur-den-automobilbau\/","url":"https:\/\/vipgo.atsautomation.com\/atsautomation\/de\/mobilitat-und-transport\/montagesysteme-fur-den-automobilbau\/","name":"Montagesysteme f\u00fcr den Automobilbau | ATS Industrial Automation","isPartOf":{"@id":"https:\/\/vipgo.atsautomation.com\/atsautomation\/de\/#website"},"primaryImageOfPage":{"@id":"https:\/\/vipgo.atsautomation.com\/atsautomation\/de\/mobilitat-und-transport\/montagesysteme-fur-den-automobilbau\/#primaryimage"},"image":{"@id":"https:\/\/vipgo.atsautomation.com\/atsautomation\/de\/mobilitat-und-transport\/montagesysteme-fur-den-automobilbau\/#primaryimage"},"thumbnailUrl":"https:\/\/vipgo.atsautomation.com\/atsautomation\/wp-content\/uploads\/sites\/9\/2020\/04\/turbo-testing-succes-1.jpg","datePublished":"2020-07-15T13:08:56+00:00","dateModified":"2023-01-31T14:53:54+00:00","description":"ATS is a leading transportation market supplier. We engineered 6,500+ assembly systems responsible for building the critical components that give vehicles life.","breadcrumb":{"@id":"https:\/\/vipgo.atsautomation.com\/atsautomation\/de\/mobilitat-und-transport\/montagesysteme-fur-den-automobilbau\/#breadcrumb"},"inLanguage":"de-DE","potentialAction":[{"@type":"ReadAction","target":["https:\/\/vipgo.atsautomation.com\/atsautomation\/de\/mobilitat-und-transport\/montagesysteme-fur-den-automobilbau\/"]}]},{"@type":"ImageObject","inLanguage":"de-DE","@id":"https:\/\/vipgo.atsautomation.com\/atsautomation\/de\/mobilitat-und-transport\/montagesysteme-fur-den-automobilbau\/#primaryimage","url":"https:\/\/vipgo.atsautomation.com\/atsautomation\/wp-content\/uploads\/sites\/9\/2020\/04\/turbo-testing-succes-1.jpg","contentUrl":"https:\/\/vipgo.atsautomation.com\/atsautomation\/wp-content\/uploads\/sites\/9\/2020\/04\/turbo-testing-succes-1.jpg","width":1500,"height":500,"caption":"Weggeschnitten zur Darstellung des Turbos an einem Fahrzeug"},{"@type":"BreadcrumbList","@id":"https:\/\/vipgo.atsautomation.com\/atsautomation\/de\/mobilitat-und-transport\/montagesysteme-fur-den-automobilbau\/#breadcrumb","itemListElement":[{"@type":"ListItem","position":1,"name":"Home","item":"https:\/\/vipgo.atsautomation.com\/atsautomation\/de\/"},{"@type":"ListItem","position":2,"name":"Mobilit\u00e4t und Transport","item":"https:\/\/vipgo.atsautomation.com\/atsautomation\/de\/mobilitat-und-transport\/"},{"@type":"ListItem","position":3,"name":"Montagesysteme f\u00fcr den Automobilbau"}]},{"@type":"WebSite","@id":"https:\/\/vipgo.atsautomation.com\/atsautomation\/de\/#website","url":"https:\/\/vipgo.atsautomation.com\/atsautomation\/de\/","name":"ATS Corporation","description":"Just another vipgo.atsautomation.com site","publisher":{"@id":"https:\/\/vipgo.atsautomation.com\/atsautomation\/de\/#organization"},"potentialAction":[{"@type":"SearchAction","target":{"@type":"EntryPoint","urlTemplate":"https:\/\/vipgo.atsautomation.com\/atsautomation\/de\/?s={search_term_string}"},"query-input":{"@type":"PropertyValueSpecification","valueRequired":true,"valueName":"search_term_string"}}],"inLanguage":"de-DE"},{"@type":"Organization","@id":"https:\/\/vipgo.atsautomation.com\/atsautomation\/de\/#organization","name":"ATS Corporation","url":"https:\/\/vipgo.atsautomation.com\/atsautomation\/de\/","logo":{"@type":"ImageObject","inLanguage":"de-DE","@id":"https:\/\/vipgo.atsautomation.com\/atsautomation\/de\/#\/schema\/logo\/image\/","url":"https:\/\/atsautomation.com\/wp-content\/uploads\/sites\/9\/2022\/11\/ATS-logo-colour-RGB_TM.png","contentUrl":"https:\/\/atsautomation.com\/wp-content\/uploads\/sites\/9\/2022\/11\/ATS-logo-colour-RGB_TM.png","width":1880,"height":371,"caption":"ATS Corporation"},"image":{"@id":"https:\/\/vipgo.atsautomation.com\/atsautomation\/de\/#\/schema\/logo\/image\/"}}]}},"acf":[],"jetpack_sharing_enabled":true,"_links":{"self":[{"href":"https:\/\/vipgo.atsautomation.com\/atsautomation\/de\/wp-json\/wp\/v2\/pages\/9416","targetHints":{"allow":["GET"]}}],"collection":[{"href":"https:\/\/vipgo.atsautomation.com\/atsautomation\/de\/wp-json\/wp\/v2\/pages"}],"about":[{"href":"https:\/\/vipgo.atsautomation.com\/atsautomation\/de\/wp-json\/wp\/v2\/types\/page"}],"author":[{"embeddable":true,"href":"https:\/\/vipgo.atsautomation.com\/atsautomation\/de\/wp-json\/wp\/v2\/users\/29"}],"replies":[{"embeddable":true,"href":"https:\/\/vipgo.atsautomation.com\/atsautomation\/de\/wp-json\/wp\/v2\/comments?post=9416"}],"version-history":[{"count":3,"href":"https:\/\/vipgo.atsautomation.com\/atsautomation\/de\/wp-json\/wp\/v2\/pages\/9416\/revisions"}],"predecessor-version":[{"id":35329,"href":"https:\/\/vipgo.atsautomation.com\/atsautomation\/de\/wp-json\/wp\/v2\/pages\/9416\/revisions\/35329"}],"up":[{"embeddable":true,"href":"https:\/\/vipgo.atsautomation.com\/atsautomation\/de\/wp-json\/wp\/v2\/pages\/8826"}],"wp:featuredmedia":[{"embeddable":true,"href":"https:\/\/vipgo.atsautomation.com\/atsautomation\/de\/wp-json\/wp\/v2\/media\/8827"}],"wp:attachment":[{"href":"https:\/\/vipgo.atsautomation.com\/atsautomation\/de\/wp-json\/wp\/v2\/media?parent=9416"}],"curies":[{"name":"wp","href":"https:\/\/api.w.org\/{rel}","templated":true}]}}