{"id":9425,"date":"2020-07-15T13:08:56","date_gmt":"2020-07-15T13:08:56","guid":{"rendered":"https:\/\/atsautomation.com\/nutzungsbedingungen\/"},"modified":"2023-02-01T18:34:10","modified_gmt":"2023-02-01T18:34:10","slug":"nutzungsbedingungen","status":"publish","type":"page","link":"https:\/\/vipgo.atsautomation.com\/atsautomation\/de\/nutzungsbedingungen\/","title":{"rendered":"Nutzungsbedingungen"},"content":{"rendered":"\n<p><strong>RECHTLICHE BESTIMMUNGEN<\/strong><strong><\/strong><\/p>\n\n\n\n<p>Mit Ihrem Zugriff auf und Ihrer fortgesetzte Nutzung der Website von ATS Automation Tooling Systems Inc. (\u201eATS\u201c) unter http:\/\/www.atsautomation.com (die \u201eWebsite\u201c) erkl\u00e4ren Sie sich mit den folgenden Bestimmungen (den \u201eNutzungsbedingungen\u201c) einverstanden und akzeptieren die Einhaltung dieser Bestimmungen als Bedingung f\u00fcr diese Nutzung. Beachten Sie bitte, dass diese Bedingungen von Zeit zu Zeit ge\u00e4ndert werden k\u00f6nnen. Etwaige von Zeit zu Zeit vorgenommene \u00c4nderungen werden auf der Website bekannt gegeben. Klicken Sie hier, um eine Liste solcher \u00c4nderungen anzuzeigen. Es liegt in Ihrer Verantwortung, sich \u00fcber solche \u00c4nderungen zu informieren.<\/p>\n\n\n\n<p><strong>INFORMATIONEN F\u00dcR INVESTOREN<\/strong><\/p>\n\n\n\n<p>Die Informationen auf dieser Website STELLEN IN KEINEM LAND EIN ANGEBOT ZUM VERKAUF VON WERTPAPIEREN DAR. Sie sind nur zur allgemeinen Information bestimmt und stellen keine Unternehmens-, Finanz-, Rechts-, Anlage- oder Steuerberatung dar. Sie sollten nicht aufgrund der Informationen auf dieser Website handeln oder sich darauf verlassen, ohne professionellen Rat einzuholen. Da bei der \u00dcbertragung von Informationen von dieser Website Fehler auftreten k\u00f6nnen, sollten Benutzer, die eine schriftliche Kopie von auf dieser Website ver\u00f6ffentlichten Informationen w\u00fcnschen, eine E-Mail an die Investors-Relations-Abteilung unter investor@atsautomation.com senden oder die Rufnummer (519) 653-6500 anrufen, um Kopien der von ATS im Rahmen des geltenden Gesellschafts- und Wertpapierrechts eingereichten Informationen zu erhalten (die \u201eoffizielle Fassung\u201c).<\/p>\n\n\n\n<p>Personen, die beabsichtigen in Wertpapiere von ATS zu investieren, sollten die offizielle Fassung der ATS-Informationen lesen. Keine auf dieser Website ver\u00f6ffentlichten Informationen wirken sich auf die Informationen in der offiziellen Fassung aus.<\/p>\n\n\n\n<p>Bestimmte Informationen auf der Website von ATS sind in die Zukunft gerichtet und unterliegen wesentlichen Risiken und Ungewissheiten. Die in diesen Aussagen prognostizierten Ergebnisse oder Ereignisse k\u00f6nnen wesentlich von den tats\u00e4chlichen Ergebnissen oder Ereignissen abweichen. Zu den Faktoren, die dazu f\u00fchren k\u00f6nnten, dass die tats\u00e4chlichen Ergebnisse oder Ereignisse von den aktuellen Erwartungen abweichen geh\u00f6ren unter anderem: die Auswirkung des Preis- und Produktwettbewerbs, die Abh\u00e4ngigkeit von der Entwicklung neuer Produkte, die Auswirkung rasanter technologischer Entwicklung und schneller Ver\u00e4nderungen der M\u00e4rkte, die F\u00e4higkeit von ATS, Akquisitionen zu t\u00e4tigen und\/oder den Betrieb und die Technologien der erworbenen Unternehmen wirksam zu integrieren, allgemeine Branchen- und Marktbedingungen und Wachstumsraten, internationales Wachstum und weltweite Wirtschaftsbedingungen, Zinssatz- und Wechselkursschwankungen, Volatilit\u00e4t an den Aktienm\u00e4rkten und die F\u00e4higkeit von ATS, qualifizierte Arbeitskr\u00e4fte einzustellen und zu halten.<\/p>\n\n\n\n<p>Alle Kursinformationen dienen ausschlie\u00dflich zu Informationszwecken und sind nicht f\u00fcr gesch\u00e4ftliche Zwecke bestimmt. ATS und seine Dienstanbieter \u00fcbernehmen keine Garantie f\u00fcr die Reihenfolge, Richtigkeit oder Vollst\u00e4ndigkeit der Kursinformationen oder weiterer gemachter Angaben, und sind auf keine Weise haftbar oder verantwortlich f\u00fcr Verz\u00f6gerungen, Ungenauigkeiten oder Fehler bei Kursinformationen oder anderen Daten oder bei der \u00dcbertragung von Kursinformationen und anderen Daten. Die bereitgestellten Kursinformationen und Daten sollten nicht als Grundlage f\u00fcr Handels-, Gesch\u00e4fts- oder Finanzzwecke verwendet werden, und ATS und seine Dienstanbieter sind auf keine Weise haftbar oder verantwortlich f\u00fcr Sch\u00e4den, Verluste oder Kosten, die aus dem Vertrauen auf diese Informationen oder aus irgendeinem Grund durch die Nichterf\u00fcllung, Unterbrechung oder Beendigung der Kursinformationen oder Daten entstehen.<\/p>\n\n\n\n<p><strong>URHEBERRECHT und MARKEN<\/strong><\/p>\n\n\n\n<p>Sofern nicht anders vermerkt sind alle schriftlichen und sonstigen Materialien, einschlie\u00dflich Bilder, Texte, Illustrationen, Designs, Symbole, Fotos, Programme, die Teil dieser Website sind (zusammenfassend als \u201eInhalte\u201c bezeichnet) durch Urheberrechte, Marken, Handelsaufmachung und\/oder anderes geistiges Eigentum im Besitz von oder lizenziert durch ATS, durch eine seiner verbundenen Unternehmen oder durch Dritte, die ihre Materialien in Lizenz an ATS vergeben haben, sowie gem\u00e4\u00df internationaler \u00dcbereinkommen durch kanadische und andere nationale Urheberrechtsgesetze gesch\u00fctzt. Die Kompilation (das hei\u00dft die Sammlung, Anordnung und Zusammenstellung) der Inhalte auf dieser Website ist das ausschlie\u00dfliche Eigentum von ATS und ist auch durch kanadische und andere nationale Urheberrechtsgesetze gem\u00e4\u00df internationaler \u00dcbereinkommen gesch\u00fctzt<\/p>\n\n\n\n<p>\u00a9 ATS Automation Tooling Systems Inc. Alle Rechte vorbehalten.<\/p>\n\n\n\n<p>ATS und seine Lieferanten und Lizenzgeber behalten sich alle Rechte des geistigen Eigentums an allen Texten, Programmen, Produkten, Prozessen, Technologien, Erfindungen, Inhalten und anderen Materialien auf dieser Website vor. Der Zugriff auf diese Website r\u00e4umt niemandem ein Lizenzrecht an einem der geistigen Eigentumsrechte von ATS oder Dritten ein und kann auch nicht dahingehend interpretiert werden.<\/p>\n\n\n\n<p>Die Namen und Logos von ATS und alle zugeh\u00f6rigen Namen von Produkten und Dienstleistungen, Designmarken und Slogans sind Marken oder Dienstmarken von ATS oder seinen verbundenen Unternehmen. Alle anderen Marken sind das Eigentum der jeweiligen Unternehmen. Es werden keine Marken- oder Dienstmarkenlizenzen im Zusammenhang mit den auf dieser Website enthaltenen Materialien vergeben. Der Zugriff auf diese Website berechtigt niemanden, in irgendeiner Weise einen der Namen, Logos oder Marken zu nutzen.<\/p>\n\n\n\n<p><strong>LINKS<\/strong><\/p>\n\n\n\n<p>Auf dieser Website enthaltene Verweise auf Namen, Marken, Produkte oder Dienstleistungen von Dritten oder Hypertext-Links zu Websites von Dritten werden ausschlie\u00dflich aus praktischen Gr\u00fcnden f\u00fcr Sie bereitgestellt und stellen in keiner Weise eine Unterst\u00fctzung, F\u00f6rderung oder Empfehlung der Informationen, Produkte und Dienstleistungen des Dritten dar. ATS ist nicht verantwortlich f\u00fcr die Inhalte von Websites von Dritten und macht keine Zusicherungen hinsichtlich des Inhalts oder der Genauigkeit des Materials auf solchen Websites. Wenn Sie sich daf\u00fcr entscheiden, einen Link zu einer solchen Website eines Dritten zu nutzen, erfolgt das auf eigenes Risiko.<\/p>\n\n\n\n<p><strong>NUTZUNG DIESER WEBSITE<\/strong><\/p>\n\n\n\n<p>Sie d\u00fcrfen die Inhalte und andere auf dieser Website angezeigte herunterladbare Materialien ausschlie\u00dflich f\u00fcr Ihren eigenen Gebrauch herunterladen. Jegliche andere Nutzung, einschlie\u00dflich der Vervielf\u00e4ltigung, Bearbeitung, Verbreitung, \u00dcbertragung, Wiederver\u00f6ffentlichung, Anzeige oder Darbietung der Inhalte auf dieser Website ist strengstens untersagt. Durch das Herunterladen und Kopieren werden keine Rechte, Rechtstitel oder Anspr\u00fcche an den Materialien oder der Software, die heruntergeladen werden, auf Sie \u00fcbertragen. Sie d\u00fcrfen die Inhalte, die Website oder die zugeh\u00f6rige Software (au\u00dfer wie oben beschrieben) weder ganz noch teilweise reproduzieren, ver\u00f6ffentlichen, \u00fcbertragen, verteilen, anzeigen, bearbeiten, weiterentwickeln, verkaufen, vermarkten oder an deren Verkauf teilnehmen. S\u00e4mtlich auf dieser Website verwendete Software ist Eigentum von ATS oder seinen Lieferanten und gem\u00e4\u00df internationaler \u00dcbereinkommen durch kanadische und andere nationale Urheberrechtsgesetze gesch\u00fctzt.<\/p>\n\n\n\n<p><strong>ALLGEMEINE BESTIMMUNGEN<\/strong><\/p>\n\n\n\n<p>Wird eine Bestimmung dieser Nutzungsbedingungen aus irgendeinem Grund f\u00fcr rechtsunwirksam erkl\u00e4rt, ist diese Bestimmung nur in dem Ma\u00dfe zu \u00e4ndern, dass die Bestimmung zul\u00e4ssig wird, und die \u00fcbrigen Bestimmungen dieser Bedingungen bleiben uneingeschr\u00e4nkt in Kraft. Eine Unterlassung von Rechtshandlungen durch ATS bei Verletzung dieser Nutzungsbedingungen durch Sie oder Dritte stellt keine Verzichterkl\u00e4rung dar und f\u00fchrt zu keiner Beschr\u00e4nkung der Rechte von ATS hinsichtlich dieser oder nachfolgender Verletzungen.<\/p>\n\n\n\n<p><strong>KEINE ANGEBOTSUNTERBREITUNG<\/strong><\/p>\n\n\n\n<p>Kein Teil dieser Website stellt ein Angebot oder eine Aufforderung zum Kauf oder Verkauf von Produkten oder Dienstleistungen dar. Alle auf dieser Website erw\u00e4hnten Produkte oder Dienstleistungen werden nur dort, wo sie rechtm\u00e4\u00dfig angeboten werden k\u00f6nnen, und gem\u00e4\u00df lokalem Recht bereitgestellt.<\/p>\n\n\n\n<p><strong>SCHADLOSHALTUNG<\/strong><\/p>\n\n\n\n<p>Sie verpflichten sich, ATS, seine leitenden Angestellten, Direktoren, Mitarbeiter, Beauftragten und Vertreter hinsichtlich aller Forderungen, Klagen und Anspr\u00fcchen, insbesondere Anwalts- und Wirtschaftspr\u00fcfungskosten und anderer Honorare, die im Zusammenhang mit Ihrer Nutzung der Website stehen, schad- und klaglos zu halten.<\/p>\n\n\n\n<p><strong>HAFTUNG VON ATS<\/strong><\/p>\n\n\n\n<p>Zwar ist ATS bestrebt, dass alle Informationen auf dieser Website zum Zeitpunkt ihrer Ver\u00f6ffentlichung korrekt und zuverl\u00e4ssig sind, die ver\u00f6ffentlichten Informationen werden jedoch ohne M\u00e4ngelgew\u00e4hr bereitgestellt. ATS \u00fcbernimmt keine Verpflichtung, die Inhalte auf dieser Website zu aktualisieren oder \u00fcber Weiterentwicklungen hinsichtlich der genannten Gegenst\u00e4nde zu informieren. ATS hat sich bem\u00fcht, seine Produkte und Dienstleistungen so genau wie m\u00f6glich zu beschreiben. ATS \u00fcbernimmt keinerlei ausdr\u00fcckliche oder stillschweigende Garantie und ATS schlie\u00dft alle anderen Gew\u00e4hrleistungen aus, insbesondere stillschweigende Garantien hinsichtlich der Marktg\u00e4ngigkeit oder Eignung f\u00fcr einen bestimmten Zweck oder die Nichtverletzung von geistigem Eigentum oder eine Verletzung sonstiger Rechte. ATS macht au\u00dferdem keine Zusicherungen hinsichtlich der Genauigkeit oder Verl\u00e4sslichkeit der Materialien auf dieser Website oder den mit dieser Website verkn\u00fcpften Websites.<\/p>\n\n\n\n<p>In keinem Fall haften ATS oder seine Tochtergesellschaften, verbundenen Unternehmen, Auftragnehmer, Beauftragten, Direktoren, leitenden Angestellten, Mitarbeiter oder Lizenzgeber f\u00fcr Sch\u00e4den (insbesondere direkte, indirekte, Folge-, Neben-, Sonder-, Straf-, exemplarische oder allgemeine Sch\u00e4den, Sch\u00e4den aus verlorenem Gewinn oder verlorenen Daten oder aufgrund von Betriebsunterbrechungen), wie auch immer diese zustande gekommen sind, einschlie\u00dflich Sch\u00e4den aus Fahrl\u00e4ssigkeit oder Sch\u00e4den, die sich aus der Nutzung oder der Unm\u00f6glichkeit der Nutzung des Materials auf der Website ergeben, auch wenn ATS oder ein von ATS autorisierter Vertreter m\u00fcndlich oder schriftlich auf die M\u00f6glichkeit solcher Sch\u00e4den hingewiesen wurde. Da in einigen L\u00e4ndern Beschr\u00e4nkungen stillschweigender M\u00e4ngelhaftung oder Einschr\u00e4nkungen der Haftung f\u00fcr Folge- oder Nebensch\u00e4den nicht gestattet sind, gelten diese Einschr\u00e4nkungen unter Umst\u00e4nden nicht f\u00fcr Sie.<\/p>\n\n\n\n<p><strong>ANWENDBARES RECHT<\/strong><\/p>\n\n\n\n<p>F\u00fcr die Interpretation, Geltung und Wirkung der Nutzungsbedingungen gelten die Gesetze der Provinz Ontario und die darin anwendbaren Gesetze von Kanada, ungeachtet etwaiger Konflikte mit den gesetzlichen Bestimmung Ihres Wohnsitzes, Wohnortes oder Aufenthaltsortes. Sie erkennen hiermit die nicht ausschlie\u00dfliche Zust\u00e4ndigkeit der Gerichte der Provinz Ontario bei allen Rechtsstreitigkeiten oder Verfahren an, die gem\u00e4\u00df oder im Zusammenhang mit diesen Nutzungsbedingungen eingeleitet werden.<\/p>\n","protected":false},"excerpt":{"rendered":"<p>RECHTLICHE BESTIMMUNGEN Mit Ihrem Zugriff auf und Ihrer fortgesetzte Nutzung der Website von ATS Automation Tooling Systems Inc. (\u201eATS\u201c) unter http:\/\/www.atsautomation.com (die \u201eWebsite\u201c) erkl\u00e4ren Sie sich mit den folgenden Bestimmungen (den \u201eNutzungsbedingungen\u201c) einverstanden und akzeptieren die Einhaltung dieser Bestimmungen als Bedingung f\u00fcr diese Nutzung. Beachten Sie bitte, dass diese Bedingungen von Zeit zu Zeit ge\u00e4ndert werden k\u00f6nnen. Etwaige von Zeit&#8230;<\/p>\n<div class=\"post-button\"><a href=\"https:\/\/vipgo.atsautomation.com\/atsautomation\/de\/nutzungsbedingungen\/\">Read More<\/a><\/div>\n","protected":false},"author":3,"featured_media":9426,"parent":0,"menu_order":0,"comment_status":"closed","ping_status":"closed","template":"","meta":{"_acf_changed":false,"footnotes":""},"class_list":["post-9425","page","type-page","status-publish","has-post-thumbnail","hentry"],"yoast_head":"<!-- This site is optimized with the Yoast SEO Premium plugin v26.8 (Yoast SEO v26.8) - https:\/\/yoast.com\/product\/yoast-seo-premium-wordpress\/ -->\n<title>Terms Of Use | Legal Terms &amp; Conditions Of Use | ATS Automation<\/title>\n<meta name=\"description\" content=\"Your access to &amp; continued use of the ATS Automation Tooling Systems Inc.(ATS) website confirms you accept our terms &amp; use. Review our full terms of use.\" \/>\n<meta name=\"robots\" content=\"index, follow, max-snippet:-1, max-image-preview:large, max-video-preview:-1\" \/>\n<link rel=\"canonical\" href=\"https:\/\/vipgo.atsautomation.com\/atsautomation\/de\/nutzungsbedingungen\/\" \/>\n<meta property=\"og:locale\" content=\"de_DE\" \/>\n<meta property=\"og:type\" content=\"article\" \/>\n<meta property=\"og:title\" content=\"Nutzungsbedingungen\" \/>\n<meta property=\"og:description\" content=\"Your access to &amp; continued use of the ATS Automation Tooling Systems Inc.(ATS) website confirms you accept our terms &amp; use. Review our full terms of use.\" \/>\n<meta property=\"og:url\" content=\"https:\/\/vipgo.atsautomation.com\/atsautomation\/de\/nutzungsbedingungen\/\" \/>\n<meta property=\"og:site_name\" content=\"ATS Corporation\" \/>\n<meta property=\"article:modified_time\" content=\"2023-02-01T18:34:10+00:00\" \/>\n<meta property=\"og:image\" content=\"https:\/\/vipgo.atsautomation.com\/atsautomation\/wp-content\/uploads\/sites\/9\/2020\/05\/background-.jpg\" \/>\n\t<meta property=\"og:image:width\" content=\"1900\" \/>\n\t<meta property=\"og:image:height\" content=\"450\" \/>\n\t<meta property=\"og:image:type\" content=\"image\/jpeg\" \/>\n<meta name=\"twitter:card\" content=\"summary_large_image\" \/>\n<meta name=\"twitter:label1\" content=\"Gesch\u00e4tzte Lesezeit\" \/>\n\t<meta name=\"twitter:data1\" content=\"7 Minuten\" \/>\n<script type=\"application\/ld+json\" class=\"yoast-schema-graph\">{\"@context\":\"https:\/\/schema.org\",\"@graph\":[{\"@type\":\"WebPage\",\"@id\":\"https:\/\/vipgo.atsautomation.com\/atsautomation\/de\/nutzungsbedingungen\/\",\"url\":\"https:\/\/vipgo.atsautomation.com\/atsautomation\/de\/nutzungsbedingungen\/\",\"name\":\"Terms Of Use | Legal Terms & Conditions Of Use | ATS Automation\",\"isPartOf\":{\"@id\":\"https:\/\/vipgo.atsautomation.com\/atsautomation\/de\/#website\"},\"primaryImageOfPage\":{\"@id\":\"https:\/\/vipgo.atsautomation.com\/atsautomation\/de\/nutzungsbedingungen\/#primaryimage\"},\"image\":{\"@id\":\"https:\/\/vipgo.atsautomation.com\/atsautomation\/de\/nutzungsbedingungen\/#primaryimage\"},\"thumbnailUrl\":\"https:\/\/vipgo.atsautomation.com\/atsautomation\/wp-content\/uploads\/sites\/9\/2020\/05\/background-.jpg\",\"datePublished\":\"2020-07-15T13:08:56+00:00\",\"dateModified\":\"2023-02-01T18:34:10+00:00\",\"description\":\"Your access to & continued use of the ATS Automation Tooling Systems Inc.(ATS) website confirms you accept our terms & use. Review our full terms of use.\",\"breadcrumb\":{\"@id\":\"https:\/\/vipgo.atsautomation.com\/atsautomation\/de\/nutzungsbedingungen\/#breadcrumb\"},\"inLanguage\":\"de-DE\",\"potentialAction\":[{\"@type\":\"ReadAction\",\"target\":[\"https:\/\/vipgo.atsautomation.com\/atsautomation\/de\/nutzungsbedingungen\/\"]}]},{\"@type\":\"ImageObject\",\"inLanguage\":\"de-DE\",\"@id\":\"https:\/\/vipgo.atsautomation.com\/atsautomation\/de\/nutzungsbedingungen\/#primaryimage\",\"url\":\"https:\/\/vipgo.atsautomation.com\/atsautomation\/wp-content\/uploads\/sites\/9\/2020\/05\/background-.jpg\",\"contentUrl\":\"https:\/\/vipgo.atsautomation.com\/atsautomation\/wp-content\/uploads\/sites\/9\/2020\/05\/background-.jpg\",\"width\":1900,\"height\":450},{\"@type\":\"BreadcrumbList\",\"@id\":\"https:\/\/vipgo.atsautomation.com\/atsautomation\/de\/nutzungsbedingungen\/#breadcrumb\",\"itemListElement\":[{\"@type\":\"ListItem\",\"position\":1,\"name\":\"Home\",\"item\":\"https:\/\/vipgo.atsautomation.com\/atsautomation\/de\/\"},{\"@type\":\"ListItem\",\"position\":2,\"name\":\"Nutzungsbedingungen\"}]},{\"@type\":\"WebSite\",\"@id\":\"https:\/\/vipgo.atsautomation.com\/atsautomation\/de\/#website\",\"url\":\"https:\/\/vipgo.atsautomation.com\/atsautomation\/de\/\",\"name\":\"ATS Corporation\",\"description\":\"Just another vipgo.atsautomation.com site\",\"publisher\":{\"@id\":\"https:\/\/vipgo.atsautomation.com\/atsautomation\/de\/#organization\"},\"potentialAction\":[{\"@type\":\"SearchAction\",\"target\":{\"@type\":\"EntryPoint\",\"urlTemplate\":\"https:\/\/vipgo.atsautomation.com\/atsautomation\/de\/?s={search_term_string}\"},\"query-input\":{\"@type\":\"PropertyValueSpecification\",\"valueRequired\":true,\"valueName\":\"search_term_string\"}}],\"inLanguage\":\"de-DE\"},{\"@type\":\"Organization\",\"@id\":\"https:\/\/vipgo.atsautomation.com\/atsautomation\/de\/#organization\",\"name\":\"ATS Corporation\",\"url\":\"https:\/\/vipgo.atsautomation.com\/atsautomation\/de\/\",\"logo\":{\"@type\":\"ImageObject\",\"inLanguage\":\"de-DE\",\"@id\":\"https:\/\/vipgo.atsautomation.com\/atsautomation\/de\/#\/schema\/logo\/image\/\",\"url\":\"https:\/\/atsautomation.com\/wp-content\/uploads\/sites\/9\/2022\/11\/ATS-logo-colour-RGB_TM.png\",\"contentUrl\":\"https:\/\/atsautomation.com\/wp-content\/uploads\/sites\/9\/2022\/11\/ATS-logo-colour-RGB_TM.png\",\"width\":1880,\"height\":371,\"caption\":\"ATS Corporation\"},\"image\":{\"@id\":\"https:\/\/vipgo.atsautomation.com\/atsautomation\/de\/#\/schema\/logo\/image\/\"}}]}<\/script>\n<!-- \/ Yoast SEO Premium plugin. -->","yoast_head_json":{"title":"Terms Of Use | Legal Terms & Conditions Of Use | ATS Automation","description":"Your access to & continued use of the ATS Automation Tooling Systems Inc.(ATS) website confirms you accept our terms & use. Review our full terms of use.","robots":{"index":"index","follow":"follow","max-snippet":"max-snippet:-1","max-image-preview":"max-image-preview:large","max-video-preview":"max-video-preview:-1"},"canonical":"https:\/\/vipgo.atsautomation.com\/atsautomation\/de\/nutzungsbedingungen\/","og_locale":"de_DE","og_type":"article","og_title":"Nutzungsbedingungen","og_description":"Your access to & continued use of the ATS Automation Tooling Systems Inc.(ATS) website confirms you accept our terms & use. Review our full terms of use.","og_url":"https:\/\/vipgo.atsautomation.com\/atsautomation\/de\/nutzungsbedingungen\/","og_site_name":"ATS Corporation","article_modified_time":"2023-02-01T18:34:10+00:00","og_image":[{"width":1900,"height":450,"url":"https:\/\/vipgo.atsautomation.com\/atsautomation\/wp-content\/uploads\/sites\/9\/2020\/05\/background-.jpg","type":"image\/jpeg"}],"twitter_card":"summary_large_image","twitter_misc":{"Gesch\u00e4tzte Lesezeit":"7 Minuten"},"schema":{"@context":"https:\/\/schema.org","@graph":[{"@type":"WebPage","@id":"https:\/\/vipgo.atsautomation.com\/atsautomation\/de\/nutzungsbedingungen\/","url":"https:\/\/vipgo.atsautomation.com\/atsautomation\/de\/nutzungsbedingungen\/","name":"Terms Of Use | Legal Terms & Conditions Of Use | ATS Automation","isPartOf":{"@id":"https:\/\/vipgo.atsautomation.com\/atsautomation\/de\/#website"},"primaryImageOfPage":{"@id":"https:\/\/vipgo.atsautomation.com\/atsautomation\/de\/nutzungsbedingungen\/#primaryimage"},"image":{"@id":"https:\/\/vipgo.atsautomation.com\/atsautomation\/de\/nutzungsbedingungen\/#primaryimage"},"thumbnailUrl":"https:\/\/vipgo.atsautomation.com\/atsautomation\/wp-content\/uploads\/sites\/9\/2020\/05\/background-.jpg","datePublished":"2020-07-15T13:08:56+00:00","dateModified":"2023-02-01T18:34:10+00:00","description":"Your access to & continued use of the ATS Automation Tooling Systems Inc.(ATS) website confirms you accept our terms & use. Review our full terms of use.","breadcrumb":{"@id":"https:\/\/vipgo.atsautomation.com\/atsautomation\/de\/nutzungsbedingungen\/#breadcrumb"},"inLanguage":"de-DE","potentialAction":[{"@type":"ReadAction","target":["https:\/\/vipgo.atsautomation.com\/atsautomation\/de\/nutzungsbedingungen\/"]}]},{"@type":"ImageObject","inLanguage":"de-DE","@id":"https:\/\/vipgo.atsautomation.com\/atsautomation\/de\/nutzungsbedingungen\/#primaryimage","url":"https:\/\/vipgo.atsautomation.com\/atsautomation\/wp-content\/uploads\/sites\/9\/2020\/05\/background-.jpg","contentUrl":"https:\/\/vipgo.atsautomation.com\/atsautomation\/wp-content\/uploads\/sites\/9\/2020\/05\/background-.jpg","width":1900,"height":450},{"@type":"BreadcrumbList","@id":"https:\/\/vipgo.atsautomation.com\/atsautomation\/de\/nutzungsbedingungen\/#breadcrumb","itemListElement":[{"@type":"ListItem","position":1,"name":"Home","item":"https:\/\/vipgo.atsautomation.com\/atsautomation\/de\/"},{"@type":"ListItem","position":2,"name":"Nutzungsbedingungen"}]},{"@type":"WebSite","@id":"https:\/\/vipgo.atsautomation.com\/atsautomation\/de\/#website","url":"https:\/\/vipgo.atsautomation.com\/atsautomation\/de\/","name":"ATS Corporation","description":"Just another vipgo.atsautomation.com site","publisher":{"@id":"https:\/\/vipgo.atsautomation.com\/atsautomation\/de\/#organization"},"potentialAction":[{"@type":"SearchAction","target":{"@type":"EntryPoint","urlTemplate":"https:\/\/vipgo.atsautomation.com\/atsautomation\/de\/?s={search_term_string}"},"query-input":{"@type":"PropertyValueSpecification","valueRequired":true,"valueName":"search_term_string"}}],"inLanguage":"de-DE"},{"@type":"Organization","@id":"https:\/\/vipgo.atsautomation.com\/atsautomation\/de\/#organization","name":"ATS Corporation","url":"https:\/\/vipgo.atsautomation.com\/atsautomation\/de\/","logo":{"@type":"ImageObject","inLanguage":"de-DE","@id":"https:\/\/vipgo.atsautomation.com\/atsautomation\/de\/#\/schema\/logo\/image\/","url":"https:\/\/atsautomation.com\/wp-content\/uploads\/sites\/9\/2022\/11\/ATS-logo-colour-RGB_TM.png","contentUrl":"https:\/\/atsautomation.com\/wp-content\/uploads\/sites\/9\/2022\/11\/ATS-logo-colour-RGB_TM.png","width":1880,"height":371,"caption":"ATS Corporation"},"image":{"@id":"https:\/\/vipgo.atsautomation.com\/atsautomation\/de\/#\/schema\/logo\/image\/"}}]}},"acf":[],"jetpack_sharing_enabled":true,"_links":{"self":[{"href":"https:\/\/vipgo.atsautomation.com\/atsautomation\/de\/wp-json\/wp\/v2\/pages\/9425","targetHints":{"allow":["GET"]}}],"collection":[{"href":"https:\/\/vipgo.atsautomation.com\/atsautomation\/de\/wp-json\/wp\/v2\/pages"}],"about":[{"href":"https:\/\/vipgo.atsautomation.com\/atsautomation\/de\/wp-json\/wp\/v2\/types\/page"}],"author":[{"embeddable":true,"href":"https:\/\/vipgo.atsautomation.com\/atsautomation\/de\/wp-json\/wp\/v2\/users\/3"}],"replies":[{"embeddable":true,"href":"https:\/\/vipgo.atsautomation.com\/atsautomation\/de\/wp-json\/wp\/v2\/comments?post=9425"}],"version-history":[{"count":5,"href":"https:\/\/vipgo.atsautomation.com\/atsautomation\/de\/wp-json\/wp\/v2\/pages\/9425\/revisions"}],"predecessor-version":[{"id":35463,"href":"https:\/\/vipgo.atsautomation.com\/atsautomation\/de\/wp-json\/wp\/v2\/pages\/9425\/revisions\/35463"}],"wp:featuredmedia":[{"embeddable":true,"href":"https:\/\/vipgo.atsautomation.com\/atsautomation\/de\/wp-json\/wp\/v2\/media\/9426"}],"wp:attachment":[{"href":"https:\/\/vipgo.atsautomation.com\/atsautomation\/de\/wp-json\/wp\/v2\/media?parent=9425"}],"curies":[{"name":"wp","href":"https:\/\/api.w.org\/{rel}","templated":true}]}}