{"id":9430,"date":"2020-07-15T13:08:57","date_gmt":"2020-07-15T13:08:57","guid":{"rendered":"https:\/\/atsautomation.com\/cookie-richtlinie\/"},"modified":"2023-05-10T18:39:06","modified_gmt":"2023-05-10T18:39:06","slug":"cookie-richtlinie","status":"publish","type":"page","link":"https:\/\/vipgo.atsautomation.com\/atsautomation\/de\/cookie-richtlinie\/","title":{"rendered":"Cookie-Richtlinie"},"content":{"rendered":"<p><strong>BEISPIEL F\u00dcR EINE COOKIE-RICHTLINIE<\/strong><\/p>\n<p>\u201ePropensity Management\u201c ist die Erfassung pers\u00f6nlicher Neigungen oder Vorlieben von Personen in Bezug auf bestimmte Interessen, Produkte, Anforderungen usw. Zur Verwaltung pers\u00f6nlicher Neigungen und Vorliegen verwenden wir Cookies. So k\u00f6nnen wir unsere Kommunikationen mit Ihnen auf Ihre pers\u00f6nlichen Bed\u00fcrfnisse zuschneiden, um Sie nicht mit unerw\u00fcnschten Informationen zu \u00fcberh\u00e4ufen. Ein Cookie ist eine Information, die von Ihrem Webbrowser auf der Festplatte Ihres Computers gespeichert wird. Wenn Sie eine unserer Websites erneut besuchen, erkennt unser Server das Cookie und stellt uns Informationen \u00fcber Ihren letzten Besuch zur Verf\u00fcgung. Die meisten Browser akzeptieren Cookies automatisch. Sie k\u00f6nnen dies jedoch durch eine \u00c4nderung der Browsereinstellungen vermeiden. Wenn Sie keine Cookies erhalten m\u00f6chten, k\u00f6nnen Sie den Erhalt von Cookies in Ihrem Browser deaktivieren. Sie werden auch so die meisten Funktionen auf unserer Website weiter verwenden k\u00f6nnen.<\/p>\n<ol>\n<li><strong>Wie ATS Cookies verwendet<\/strong><\/li>\n<\/ol>\n<p>Diese Cookie-Richtlinie beschreibt, wie ATS, unsere Partner und unsere sonstigen Dritten Cookies oder \u00e4hnliche Technologien (wie Pixel Tags, Web Beacons, Clear GIFs, JavaScript und lokale Speicherung) verwenden. Wir fassen diese Cookies und \u00e4hnliche Technologien in dieser Richtlinie unter dem Begriff \u201eCookies\u201c zusammen. Wir beschreiben auch, welche Optionen Sie hinsichtlich dieser Cookies haben. Diese Richtlinie behandelt die ATS\u2018 Verwendung von Cookies, die im Zusammenhang mit den Websites (einschlie\u00dflich mobiler Websites und Apps) verwendet werden, die sich im Besitz und unter Kontrolle von ATS befinden (die \u201eWebsites\u201c).<\/p>\n<p>In einigen F\u00e4llen verwenden wir Cookies, um Informationen zu erfassen, die als personenbezogene Daten definiert werden oder die personenbezogene Daten werden k\u00f6nnen, wenn wir sie mit anderen Informationen verbinden. In solchen F\u00e4llen gilt zus\u00e4tzlich zu dieser Cookie-Richtlinie von ATS die Globale Datenschutzrichtlinie von ATS.<\/p>\n<ol start=\"2\">\n<li><strong>Was sind Cookies?<\/strong><\/li>\n<\/ol>\n<p>Cookies sind kleine Dateien, die normalerweise aus Buchstaben und Zahlen bestehen und auf Ihrem Computer, Tablet, Handy oder einem \u00e4hnlichen Ger\u00e4t platziert werden, wenn Sie dieses Ger\u00e4t zum Besuch einer Website benutzen. Cookies werden von Website-Eigent\u00fcmern h\u00e4ufig dazu verwendet, die Funktionsweise ihrer Website effizienter zu gestalten und analytische Informationen zu erhalten.<\/p>\n<p>Dies sind die verschiedenen Arten von Cookies, die wir und unsere Dienstanbieter auf unseren Websites verwenden:<\/p>\n<ul>\n<li><strong>Absolut notwendige Cookies.<\/strong>\u00a0Diese Cookies sind f\u00fcr den Betrieb unserer Websites erforderlich (zum Beispiel, um es Ihnen zu erm\u00f6glichen, sich in gesch\u00fctzte Bereiche unserer Website einzuloggen). Diese Cookies erm\u00f6glichen es Ihnen, sich auf den Websites zu bewegen und deren Funktionen zu nutzen. Eine Deaktivierung dieser Cookies w\u00fcrde die Leistung der Websites einschr\u00e4nken und w\u00fcrde m\u00f6glicherweise dazu f\u00fchren, dass einige der Funktionen und Dienste nicht mehr verf\u00fcgbar sind.<\/li>\n<li><strong>Analytische und Leistungs-Cookies.<\/strong>\u00a0Diese Cookies erm\u00f6glichen es uns, die Aktivit\u00e4ten auf unseren Websites und auf anderen Websites, auf denen wir Inhalte ver\u00f6ffentlichen, zu analysieren, um die Funktionsweise unserer Websites zu verbessern. Wir verwenden diese Cookies beispielsweise, um sicherzustellen, dass die Besucher auf unseren Websites m\u00fchelos die gesuchten Informationen finden. Eine M\u00f6glichkeit besteht darin, die Anzahl der Besucher zu z\u00e4hlen und zu beobachten, wie sie sich auf unseren Websites bewegen, wenn sie diese benutzen. Analytische Cookies helfen uns auch, die Leistung unserer Werbekampagnen zu messen, damit wir diese verbessern und die Inhalte unserer Websites f\u00fcr die Personen optimieren k\u00f6nnen, die sich mit unserer Werbung besch\u00e4ftigen.<\/li>\n<li><strong>Funktionscookies.<\/strong>\u00a0Diese Cookies werden dazu verwendet, Sie zu erkennen, wenn Sie auf unsere Websites zur\u00fcckkehren. Das erm\u00f6glicht es uns, unsere Inhalte f\u00fcr Sie individuell anzupassen, Sie mit Ihrem Namen zu begr\u00fc\u00dfen und uns Ihre Pr\u00e4ferenzen zu merken (zum Beispiel Ihre bevorzugte Sprache oder Region).<\/li>\n<li><strong>Werbe-Cookies.<\/strong>\u00a0Diese Cookies zeichnen Ihre Online-Aktivit\u00e4ten auf, wie zum Beispiel Ihre Besuche unserer Websites, die Seiten, die Sie besucht haben, und die Links und Anzeigen, die Sie anklicken. Ein Zweck besteht darin, auf unseren Websites relevantere Inhalte f\u00fcr Sie anzuzeigen. Ein weiterer Zweck besteht darin, es uns und unseren Dienstanbietern zu erm\u00f6glichen, Ihnen Werbung oder andere Kommunikationen anzuzeigen, die relevanter f\u00fcr Ihre erkennbaren Interessen sind. (Dazu arbeiten wir und unsere Dienstanbieter mit Partnern wie Verlegern, Datenmanagement-Plattformen und Demand-Side-Plattformen zusammen, die uns bei der Verwaltung der Daten unterst\u00fctzen.) Wenn Sie sich beispielsweise eine Seite auf einer unserer Websites ansehen, k\u00f6nnen wir Ihnen auf unserer oder anderen Websites Werbung f\u00fcr auf dieser Seite genannte Produkte oder f\u00fcr \u00e4hnliche Produkte und Dienstleistungen anzeigen lassen. Wir und unsere Dienstanbieter und Partner k\u00f6nnen den durch diese Cookies erfassten Informationen auch weitere Daten hinzuf\u00fcgen (beispielsweise Informationen, die wir von Dritten erhalten haben) und diese Informationen an Dritte weitergeben, um Ihnen Werbeanzeigen einzublenden.<\/li>\n<\/ul>\n<ol start=\"3\">\n<li><strong>Wie erfasst und nutzt ATS andere Informationen?<\/strong><\/li>\n<\/ol>\n<p>Wir und unsere Dienstanbieter k\u00f6nnen Cookies f\u00fcr verschiedenste Zwecke verwenden, etwa um:<\/p>\n<ul>\n<li>uns und Dritten dabei zu helfen, Informationen \u00fcber Ihre Besuche auf den Websites zu erfassen;<\/li>\n<li>Ihre Bestellungen zu verarbeiten;<\/li>\n<li>Ihr Besucherverhalten zu analysieren, um unsere Websites zu verbessern;<\/li>\n<li>auf unseren Websites und auf Websites von Dritten Werbung, Kommunikationen, soziale Funktionen und Inhalte von uns und Dritten bereitzustellen, die auf Ihre Interessen zugeschnitten sind;<\/li>\n<li>Ihre bevorzugte Sprache und andere Einstellungen zu speichern;<\/li>\n<li>Ihnen zu helfen, die von Ihnen gew\u00fcnschten Informationen zu finden;<\/li>\n<li>einen sicheren und zuverl\u00e4ssigen Service f\u00fcr Online-Transaktionen zu bieten<\/li>\n<li>zu messen, wie viele Personen unsere Websites besuchen und wie sie diese verwenden, eine effiziente Funktionsweise unserer Websites aufrecht zu erhalten und die Besucher unserer Websites besser zu verstehen.<\/li>\n<li>Wenn Sie sich auf einer unserer Websites registrieren oder Ihre pers\u00f6nlichen Informationen anderweitig zu Verf\u00fcgung stellen, bringen wir diese Informationen unter Umst\u00e4nden mit anderen Informationen in Verbindung, die wir von Ihnen oder \u00fcber Sie erfassen oder die Sie zur Verf\u00fcgung stellen, Informationen \u00fcber Ihre Nutzung der Websites oder Informationen, die wir von Ihnen oder von Dritten \u00fcber Sie erhalten. Wir verwenden diese kombinierten Daten f\u00fcr Marketing- und analytische Zwecke.<\/li>\n<\/ul>\n<ol start=\"4\">\n<li><strong>Wie lange bleiben Cookies auf den Ger\u00e4ten?<\/strong><\/li>\n<\/ol>\n<p>Einige unserer Cookies sind vom Zeitpunkt, an dem Sie einen ATS-Dienst besuchen, bis zum Ende der jeweiligen Webbrowser-Sitzung aktiv. Diese Cookies verfallen automatisch und werden gel\u00f6scht, wenn Sie Ihren Internetbrowser schlie\u00dfen. Diese Cookies werden \u201eSitzungscookies\u201c genannt.<\/p>\n<p>Einige Cookies verbleiben zwischen den Browsing-Sitzungen auf Ihrem Ger\u00e4t. Sie verfallen nicht, wenn Sie Ihren Browser schlie\u00dfen. Diese Cookies werden \u201epermanente Cookies\u201c genannt. Die Dauer, f\u00fcr die ein permanentes Cookie auf Ihrem Ger\u00e4t verbleibt, ist von Cookie zu Cookie unterschiedlich. Wir und andere verwenden permanente Cookies f\u00fcr unterschiedlichste Zwecke, beispielsweise um Ihre Pr\u00e4ferenzen zu speichern, damit diese bei Ihrem n\u00e4chsten Besuch verf\u00fcgbar sind, und um genauer zu ermitteln, wie oft Sie unsere Websites besuchen, wie oft Sie zur\u00fcckkehren, wie Ihre Nutzung unserer Websites sich mit der Zeit \u00e4ndert und wie wirksam unsere Werbebem\u00fchungen sind.<\/p>\n<ol start=\"5\">\n<li><strong>Wer platziert die Cookies auf den Ger\u00e4ten?<\/strong><\/li>\n<\/ol>\n<p>Einige Cookies werden von ATS als Betreiber der Website auf Ihrem Ger\u00e4t platziert. Diese Cookies werden \u201eErstanbieter\u201c-Cookies genannt. Andere Cookies werden von einer anderen Partei als ATS auf Ihrem Ger\u00e4t platziert. Diese Cookies werden \u201eDrittanbieter\u201c-Cookies genannt. Ein Partner von ATS kann beispielsweise ein Drittanbieter-Cookie platzieren, um Online-Chat-Dienste zu erm\u00f6glichen.<\/p>\n<p>Es werden auch Cookies verwendet, die es uns und Dritten erlauben, in Erfahrung zu bringen, wann Sie unsere Websites besuchen, und zu verstehen, wie Sie mit E-Mails, Werbung und anderen Inhalten interagieren. Durch Cookies werden aggregierte und andere Informationen, die nicht als personenbezogene Daten gelten (z.B. Ihr Betriebssystem, Ihre Browser-Version und die URL, von der Sie gekommen sind, einschlie\u00dflich von E-Mails und Werbung), erfasst und zur Verbesserung Ihres Besuchs bzw. zum Verst\u00e4ndnis von Verkehrsmustern eingesetzt. Diese Technologie z\u00e4hlt die Anzahl der Benutzer, die einen bestimmten Dienst von bestimmten Bannerwerbungen au\u00dferhalb der Website von ATS aus besuchen oder die auf Links oder Grafiken klicken, die in den E-Mail-Newslettern enthalten sind, die sie von ATS erhalten. Sie wird auch dazu benutzt, aggregierte Statistiken dar\u00fcber zu erstellen, wie Websites von ATS genutzt werden, Analysen durchzuf\u00fchren und uns dabei zu helfen, unsere Websites zu verbessern und, wie nachfolgend n\u00e4her beschrieben, Ihnen auf Ihren Interessen basierende Werbung anzuzeigen.<\/p>\n<ol start=\"6\">\n<li><strong>Wie verwendet ATS Online- und mobile Werbemittel?<\/strong><\/li>\n<\/ol>\n<p>Wir und Dritte, darunter Technologiepartner und Dienstanbieter, betreiben interessenbezogene Werbung, um Anzeigen und personalisierte Inhalte zu schalten, von denen wir und andere Inserenten glauben, sie k\u00f6nnten interessant f\u00fcr Sie sein. Soweit Drittanbieter Cookies verwenden, um diese Dienstleistungen f\u00fcr ATS zu erbringen, hat ATS keine Kontrolle \u00fcber die Nutzung dieser Technologie oder \u00fcber die sich daraus ergebenden Informationen und ist nicht verantwortlich f\u00fcr die Handlungen oder Richtlinien solcher Dritten.<\/p>\n<p>Werbeanzeigen werden Ihnen auf Grundlage Ihres Verhaltens im Internet und auf mobilen Ger\u00e4ten (auf Websites von ATS und auf anderen Websites), ihrer Suchaktivit\u00e4ten, Ihrer Antworten auf eine unserer Werbeanzeigen oder E-Mails, der Seiten, die Sie besuchen, Ihres geografischen Standorts oder anderer Informationen angezeigt. Diese Werbeanzeigen werden auf unseren Websites oder auf Websites von Dritten angezeigt.<\/p>\n<ol start=\"7\">\n<li><strong>Wie verwalte ich Cookies?<\/strong><\/li>\n<\/ol>\n<p>Sie k\u00f6nnen ausw\u00e4hlen, ob Sie Cookies akzeptieren m\u00f6chten oder nicht. ATS h\u00e4lt sich an alle geltenden Datenschutzgesetze, insbesondere die DSGVO der EU, sowie alle geltenden globalen Bestimmungen im Zusammenhang mit der Verwendung von Cookies. Je nach geltendem Recht werden die Besucher unserer Websites gefragt, ob Sie damit einverstanden sind, dass Cookies in ihren Browsern gesetzt werden. Wenn Sie sich gegen eine Platzierung von Cookies auf Ihrem Ger\u00e4t entscheiden, wird ATS Ihrer Entscheidung nachkommen und keine von uns kontrollierten Cookies auf Ihrem Ger\u00e4t platzieren. In L\u00e4ndern, in denen keine ausdr\u00fcckliche Einwilligung erforderlich ist, bieten wir Ihnen die M\u00f6glichkeit, Ihre Einwilligung jederzeit zu verweigern; andernfalls werden wir f\u00fcr die oben genannten Zwecke Cookies auf Ihrem Ger\u00e4t setzen.<\/p>\n<p>Es ist wichtig zu wissen, dass ATS alle geltenden Cookie-Bestimmungen und Datenschutzgesetze beachtet. ATS passt seine Richtlinien, Verfahren und Prozesse den sich \u00e4ndernden Datenschutzgesetzen in den verschiedenen L\u00e4ndern an, um die Einhaltung aller relevanten Gesetze, Vorschriften und Richtlinien zu gew\u00e4hrleisten.<\/p>\n<ol start=\"8\">\n<li><strong>Einhaltung der Cookie-Gesetze und -Vorschriften durch ATS<\/strong><\/li>\n<\/ol>\n<p>ATS verpflichtet sich unabh\u00e4ngig davon, wo sich unser Firmensitz befindet, zur Einhaltung aller geltenden l\u00e4nderspezifischen Gesetze. Wir nehmen die Privatsph\u00e4re unserer Mitarbeiter, Kunden, Interessenten, Lieferanten, Partner und aller anderen Besucher unserer Websites sehr ernst und stellen sicher, dass wir \u00fcber die notwendigen Richtlinien, Verfahren und Prozesse verf\u00fcgen, um zu gew\u00e4hrleisten, dass wir alle unsere rechtlichen Pflichten erf\u00fcllen und die Privatsph\u00e4re aller betroffenen Personen sch\u00fctzen. Wo rechtlich erforderlich, fordern wir Sie zu einer ausdr\u00fccklichen Einwilligung auf, bevor wir Cookies auf Ihrem Ger\u00e4t setzen. Wenn lokales Recht keine ausdr\u00fcckliche Einwilligung erfordert, bieten wir Ihnen die M\u00f6glichkeit, Ihre Einwilligung zu verweigern. Wir werden jedoch, wie oben erw\u00e4hnt, Cookies auf Ihrem Ger\u00e4t setzen, bis Sie der Verwendung von Cookies widersprechen.<\/p>\n<ol start=\"9\">\n<li><strong>Datenschutz bei ATS<\/strong><\/li>\n<\/ol>\n<p>Der Schutz der Privatsph\u00e4re ist ATS sehr wichtig. Weitere Informationen \u00fcber den Ansatz von ATS f\u00fcr den Datenschutz erhalten Sie in der Globalen Datenschutzrichtlinie von ATS oder unter der E-Mail-Adresse <u>privacy@atsautomation.com<\/u>.<\/p>\n<ol start=\"10\">\n<li><strong>So kontaktieren Sie uns<\/strong><\/li>\n<\/ol>\n<p>Wenn Sie Fragen dazu haben, wie ATS Cookies verwendet, k\u00f6nnten Sie ATS \u00fcber nachfolgende Postanschrift oder \u00fcber die E-Mail-Adresse\u00a0<span style=\"text-decoration: underline;\">privacy@atsautomation.com<\/span> kontaktieren. Geben Sie bitte Ihre Kontaktinformationen und den Namen der Website oder Dienstleistung von ATS an und f\u00fcgen Sie eine detaillierte Beschreibung Ihrer Anfrage oder Ihrer Bedenken hinsichtlich der Verwendung von Cookies bei.<\/p>\n<p><strong>ATS Automation Tooling Systems Inc.<\/strong><\/p>\n<p><strong>ATTN: Corporate Compliance<\/strong><\/p>\n<p><strong>730 Fountain Street North, Building #3<\/strong><\/p>\n<p><strong>Cambridge, Ontario, Kanada<\/strong> <strong>N3H 4R7<\/strong><\/p>\n<p>Diese Richtlinie kann jederzeit ge\u00e4ndert werden. S\u00e4mtliche \u00c4nderungen dieser Richtlinie werden wirksam, sobald wir die bearbeitete Richtlinie \u00fcber unsere Websites verf\u00fcgbar machen.<\/p>\n","protected":false},"excerpt":{"rendered":"<p>BEISPIEL F\u00dcR EINE COOKIE-RICHTLINIE \u201ePropensity Management\u201c ist die Erfassung pers\u00f6nlicher Neigungen oder Vorlieben von Personen in Bezug auf bestimmte Interessen, Produkte, Anforderungen usw. Zur Verwaltung pers\u00f6nlicher Neigungen und Vorliegen verwenden wir Cookies. So k\u00f6nnen wir unsere Kommunikationen mit Ihnen auf Ihre pers\u00f6nlichen Bed\u00fcrfnisse zuschneiden, um Sie nicht mit unerw\u00fcnschten Informationen zu \u00fcberh\u00e4ufen. Ein Cookie ist eine Information, die von Ihrem&#8230;<\/p>\n<div class=\"post-button\"><a href=\"https:\/\/vipgo.atsautomation.com\/atsautomation\/de\/cookie-richtlinie\/\">Read More<\/a><\/div>\n","protected":false},"author":3,"featured_media":0,"parent":0,"menu_order":0,"comment_status":"closed","ping_status":"closed","template":"","meta":{"_acf_changed":false,"footnotes":""},"class_list":["post-9430","page","type-page","status-publish","hentry"],"yoast_head":"<!-- This site is optimized with the Yoast SEO Premium plugin v26.8 (Yoast SEO v26.8) - https:\/\/yoast.com\/product\/yoast-seo-premium-wordpress\/ -->\n<title>Cookie Policy | Propensity Management | ATS Automation<\/title>\n<meta name=\"description\" content=\"To tailor our communications &amp; make sure that we are addressing your specific needs, we use Cookies to handle propensity management. Read our Cookie Policy.\" \/>\n<meta name=\"robots\" content=\"index, follow, max-snippet:-1, max-image-preview:large, max-video-preview:-1\" \/>\n<link rel=\"canonical\" href=\"https:\/\/vipgo.atsautomation.com\/atsautomation\/de\/cookie-richtlinie\/\" \/>\n<meta property=\"og:locale\" content=\"de_DE\" \/>\n<meta property=\"og:type\" content=\"article\" \/>\n<meta property=\"og:title\" content=\"Cookie-Richtlinie\" \/>\n<meta property=\"og:description\" content=\"To tailor our communications &amp; make sure that we are addressing your specific needs, we use Cookies to handle propensity management. Read our Cookie Policy.\" \/>\n<meta property=\"og:url\" content=\"https:\/\/vipgo.atsautomation.com\/atsautomation\/de\/cookie-richtlinie\/\" \/>\n<meta property=\"og:site_name\" content=\"ATS Corporation\" \/>\n<meta property=\"article:modified_time\" content=\"2023-05-10T18:39:06+00:00\" \/>\n<meta name=\"twitter:card\" content=\"summary_large_image\" \/>\n<meta name=\"twitter:label1\" content=\"Gesch\u00e4tzte Lesezeit\" \/>\n\t<meta name=\"twitter:data1\" content=\"8 Minuten\" \/>\n<script type=\"application\/ld+json\" class=\"yoast-schema-graph\">{\"@context\":\"https:\/\/schema.org\",\"@graph\":[{\"@type\":\"WebPage\",\"@id\":\"https:\/\/vipgo.atsautomation.com\/atsautomation\/de\/cookie-richtlinie\/\",\"url\":\"https:\/\/vipgo.atsautomation.com\/atsautomation\/de\/cookie-richtlinie\/\",\"name\":\"Cookie Policy | Propensity Management | ATS Automation\",\"isPartOf\":{\"@id\":\"https:\/\/vipgo.atsautomation.com\/atsautomation\/de\/#website\"},\"datePublished\":\"2020-07-15T13:08:57+00:00\",\"dateModified\":\"2023-05-10T18:39:06+00:00\",\"description\":\"To tailor our communications & make sure that we are addressing your specific needs, we use Cookies to handle propensity management. Read our Cookie Policy.\",\"breadcrumb\":{\"@id\":\"https:\/\/vipgo.atsautomation.com\/atsautomation\/de\/cookie-richtlinie\/#breadcrumb\"},\"inLanguage\":\"de-DE\",\"potentialAction\":[{\"@type\":\"ReadAction\",\"target\":[\"https:\/\/vipgo.atsautomation.com\/atsautomation\/de\/cookie-richtlinie\/\"]}]},{\"@type\":\"BreadcrumbList\",\"@id\":\"https:\/\/vipgo.atsautomation.com\/atsautomation\/de\/cookie-richtlinie\/#breadcrumb\",\"itemListElement\":[{\"@type\":\"ListItem\",\"position\":1,\"name\":\"Home\",\"item\":\"https:\/\/vipgo.atsautomation.com\/atsautomation\/de\/\"},{\"@type\":\"ListItem\",\"position\":2,\"name\":\"Cookie-Richtlinie\"}]},{\"@type\":\"WebSite\",\"@id\":\"https:\/\/vipgo.atsautomation.com\/atsautomation\/de\/#website\",\"url\":\"https:\/\/vipgo.atsautomation.com\/atsautomation\/de\/\",\"name\":\"ATS Corporation\",\"description\":\"Just another vipgo.atsautomation.com site\",\"publisher\":{\"@id\":\"https:\/\/vipgo.atsautomation.com\/atsautomation\/de\/#organization\"},\"potentialAction\":[{\"@type\":\"SearchAction\",\"target\":{\"@type\":\"EntryPoint\",\"urlTemplate\":\"https:\/\/vipgo.atsautomation.com\/atsautomation\/de\/?s={search_term_string}\"},\"query-input\":{\"@type\":\"PropertyValueSpecification\",\"valueRequired\":true,\"valueName\":\"search_term_string\"}}],\"inLanguage\":\"de-DE\"},{\"@type\":\"Organization\",\"@id\":\"https:\/\/vipgo.atsautomation.com\/atsautomation\/de\/#organization\",\"name\":\"ATS Corporation\",\"url\":\"https:\/\/vipgo.atsautomation.com\/atsautomation\/de\/\",\"logo\":{\"@type\":\"ImageObject\",\"inLanguage\":\"de-DE\",\"@id\":\"https:\/\/vipgo.atsautomation.com\/atsautomation\/de\/#\/schema\/logo\/image\/\",\"url\":\"https:\/\/atsautomation.com\/wp-content\/uploads\/sites\/9\/2022\/11\/ATS-logo-colour-RGB_TM.png\",\"contentUrl\":\"https:\/\/atsautomation.com\/wp-content\/uploads\/sites\/9\/2022\/11\/ATS-logo-colour-RGB_TM.png\",\"width\":1880,\"height\":371,\"caption\":\"ATS Corporation\"},\"image\":{\"@id\":\"https:\/\/vipgo.atsautomation.com\/atsautomation\/de\/#\/schema\/logo\/image\/\"}}]}<\/script>\n<!-- \/ Yoast SEO Premium plugin. -->","yoast_head_json":{"title":"Cookie Policy | Propensity Management | ATS Automation","description":"To tailor our communications & make sure that we are addressing your specific needs, we use Cookies to handle propensity management. Read our Cookie Policy.","robots":{"index":"index","follow":"follow","max-snippet":"max-snippet:-1","max-image-preview":"max-image-preview:large","max-video-preview":"max-video-preview:-1"},"canonical":"https:\/\/vipgo.atsautomation.com\/atsautomation\/de\/cookie-richtlinie\/","og_locale":"de_DE","og_type":"article","og_title":"Cookie-Richtlinie","og_description":"To tailor our communications & make sure that we are addressing your specific needs, we use Cookies to handle propensity management. Read our Cookie Policy.","og_url":"https:\/\/vipgo.atsautomation.com\/atsautomation\/de\/cookie-richtlinie\/","og_site_name":"ATS Corporation","article_modified_time":"2023-05-10T18:39:06+00:00","twitter_card":"summary_large_image","twitter_misc":{"Gesch\u00e4tzte Lesezeit":"8 Minuten"},"schema":{"@context":"https:\/\/schema.org","@graph":[{"@type":"WebPage","@id":"https:\/\/vipgo.atsautomation.com\/atsautomation\/de\/cookie-richtlinie\/","url":"https:\/\/vipgo.atsautomation.com\/atsautomation\/de\/cookie-richtlinie\/","name":"Cookie Policy | Propensity Management | ATS Automation","isPartOf":{"@id":"https:\/\/vipgo.atsautomation.com\/atsautomation\/de\/#website"},"datePublished":"2020-07-15T13:08:57+00:00","dateModified":"2023-05-10T18:39:06+00:00","description":"To tailor our communications & make sure that we are addressing your specific needs, we use Cookies to handle propensity management. Read our Cookie Policy.","breadcrumb":{"@id":"https:\/\/vipgo.atsautomation.com\/atsautomation\/de\/cookie-richtlinie\/#breadcrumb"},"inLanguage":"de-DE","potentialAction":[{"@type":"ReadAction","target":["https:\/\/vipgo.atsautomation.com\/atsautomation\/de\/cookie-richtlinie\/"]}]},{"@type":"BreadcrumbList","@id":"https:\/\/vipgo.atsautomation.com\/atsautomation\/de\/cookie-richtlinie\/#breadcrumb","itemListElement":[{"@type":"ListItem","position":1,"name":"Home","item":"https:\/\/vipgo.atsautomation.com\/atsautomation\/de\/"},{"@type":"ListItem","position":2,"name":"Cookie-Richtlinie"}]},{"@type":"WebSite","@id":"https:\/\/vipgo.atsautomation.com\/atsautomation\/de\/#website","url":"https:\/\/vipgo.atsautomation.com\/atsautomation\/de\/","name":"ATS Corporation","description":"Just another vipgo.atsautomation.com site","publisher":{"@id":"https:\/\/vipgo.atsautomation.com\/atsautomation\/de\/#organization"},"potentialAction":[{"@type":"SearchAction","target":{"@type":"EntryPoint","urlTemplate":"https:\/\/vipgo.atsautomation.com\/atsautomation\/de\/?s={search_term_string}"},"query-input":{"@type":"PropertyValueSpecification","valueRequired":true,"valueName":"search_term_string"}}],"inLanguage":"de-DE"},{"@type":"Organization","@id":"https:\/\/vipgo.atsautomation.com\/atsautomation\/de\/#organization","name":"ATS Corporation","url":"https:\/\/vipgo.atsautomation.com\/atsautomation\/de\/","logo":{"@type":"ImageObject","inLanguage":"de-DE","@id":"https:\/\/vipgo.atsautomation.com\/atsautomation\/de\/#\/schema\/logo\/image\/","url":"https:\/\/atsautomation.com\/wp-content\/uploads\/sites\/9\/2022\/11\/ATS-logo-colour-RGB_TM.png","contentUrl":"https:\/\/atsautomation.com\/wp-content\/uploads\/sites\/9\/2022\/11\/ATS-logo-colour-RGB_TM.png","width":1880,"height":371,"caption":"ATS Corporation"},"image":{"@id":"https:\/\/vipgo.atsautomation.com\/atsautomation\/de\/#\/schema\/logo\/image\/"}}]}},"acf":[],"jetpack_sharing_enabled":true,"_links":{"self":[{"href":"https:\/\/vipgo.atsautomation.com\/atsautomation\/de\/wp-json\/wp\/v2\/pages\/9430","targetHints":{"allow":["GET"]}}],"collection":[{"href":"https:\/\/vipgo.atsautomation.com\/atsautomation\/de\/wp-json\/wp\/v2\/pages"}],"about":[{"href":"https:\/\/vipgo.atsautomation.com\/atsautomation\/de\/wp-json\/wp\/v2\/types\/page"}],"author":[{"embeddable":true,"href":"https:\/\/vipgo.atsautomation.com\/atsautomation\/de\/wp-json\/wp\/v2\/users\/3"}],"replies":[{"embeddable":true,"href":"https:\/\/vipgo.atsautomation.com\/atsautomation\/de\/wp-json\/wp\/v2\/comments?post=9430"}],"version-history":[{"count":4,"href":"https:\/\/vipgo.atsautomation.com\/atsautomation\/de\/wp-json\/wp\/v2\/pages\/9430\/revisions"}],"predecessor-version":[{"id":36189,"href":"https:\/\/vipgo.atsautomation.com\/atsautomation\/de\/wp-json\/wp\/v2\/pages\/9430\/revisions\/36189"}],"wp:attachment":[{"href":"https:\/\/vipgo.atsautomation.com\/atsautomation\/de\/wp-json\/wp\/v2\/media?parent=9430"}],"curies":[{"name":"wp","href":"https:\/\/api.w.org\/{rel}","templated":true}]}}