{"id":9674,"date":"2020-07-15T13:09:10","date_gmt":"2020-07-15T13:09:10","guid":{"rendered":"https:\/\/atsautomation.com\/anlagenmanagement\/losungen-fur-die-anlagenverlasslichkeit\/"},"modified":"2020-08-13T20:39:19","modified_gmt":"2020-08-13T20:39:19","slug":"losungen-fur-die-anlagenverlasslichkeit","status":"publish","type":"page","link":"https:\/\/vipgo.atsautomation.com\/atsautomation\/de\/kundendienst-und-dienstleistung\/dienstleistungsproduktfamilien\/anlagenmanagement\/losungen-fur-die-anlagenverlasslichkeit\/","title":{"rendered":"L\u00f6sungen f\u00fcr die Anlagenverl\u00e4sslichkeit"},"content":{"rendered":"<div class=\"row\">\n<div class=\"turbo-charger col-md-6\">\n<h3>Vereinfachung der Komplexit\u00e4t der Anlagenverwaltung und Bereitstellung bew\u00e4hrter Best-Practice-Ans\u00e4tze zur Verl\u00e4ngerung der Produktlebensdauer Ihrer Anlagen.<\/h3>\n<\/div>\n<div class=\"turbo-charger-rightside col-md-6\"><iframe loading=\"lazy\" title=\"Contact Us-Landing Template - Non-Digital Services - German\" class=\"pardotform\" src=\"https:\/\/go.atsautomation.com\/l\/651873\/2020-08-05\/26nn3w\" width=\"100%\" height=\"500\" type=\"text\/html\" frameborder=\"0\" allowTransparency=\"true\" style=\"border: 0\"><\/iframe><\/div>\n<\/div>\n","protected":false},"excerpt":{"rendered":"<p>Vereinfachung der Komplexit\u00e4t der Anlagenverwaltung und Bereitstellung bew\u00e4hrter Best-Practice-Ans\u00e4tze zur Verl\u00e4ngerung der Produktlebensdauer Ihrer Anlagen.<\/p>\n","protected":false},"author":30,"featured_media":12693,"parent":9325,"menu_order":0,"comment_status":"closed","ping_status":"closed","template":"page-templates\/landing-page.php","meta":{"_acf_changed":false,"footnotes":""},"class_list":["post-9674","page","type-page","status-publish","has-post-thumbnail","hentry"],"yoast_head":"<!-- This site is optimized with the Yoast SEO Premium plugin v26.8 (Yoast SEO v26.8) - https:\/\/yoast.com\/product\/yoast-seo-premium-wordpress\/ -->\n<title>L\u00f6sungen f\u00fcr die Anlagenverl\u00e4sslichkeit - ATS Corporation<\/title>\n<meta name=\"description\" content=\"Lassen Sie sich von den Betriebssicherheitsexperten von ATS After Sales and Services bei der proaktiven Verwaltung Ihrer Anlagen mit einem ma\u00dfgeschneiderten Wartungsprogramm unterst\u00fctzen\" \/>\n<meta name=\"robots\" content=\"index, follow, max-snippet:-1, max-image-preview:large, max-video-preview:-1\" \/>\n<link rel=\"canonical\" href=\"https:\/\/vipgo.atsautomation.com\/atsautomation\/de\/kundendienst-und-dienstleistung\/dienstleistungsproduktfamilien\/anlagenmanagement\/losungen-fur-die-anlagenverlasslichkeit\/\" \/>\n<meta property=\"og:locale\" content=\"de_DE\" \/>\n<meta property=\"og:type\" content=\"article\" \/>\n<meta property=\"og:title\" content=\"L\u00f6sungen f\u00fcr die Anlagenverl\u00e4sslichkeit\" \/>\n<meta property=\"og:description\" content=\"Lassen Sie sich von den Betriebssicherheitsexperten von ATS After Sales and Services bei der proaktiven Verwaltung Ihrer Anlagen mit einem ma\u00dfgeschneiderten Wartungsprogramm unterst\u00fctzen\" \/>\n<meta property=\"og:url\" content=\"https:\/\/vipgo.atsautomation.com\/atsautomation\/de\/kundendienst-und-dienstleistung\/dienstleistungsproduktfamilien\/anlagenmanagement\/losungen-fur-die-anlagenverlasslichkeit\/\" \/>\n<meta property=\"og:site_name\" content=\"ATS Corporation\" \/>\n<meta property=\"article:modified_time\" content=\"2020-08-13T20:39:19+00:00\" \/>\n<meta property=\"og:image\" content=\"https:\/\/vipgo.atsautomation.com\/atsautomation\/wp-content\/uploads\/sites\/9\/2020\/07\/Corp-Content-Page-Banner-6250x2084-1.jpg\" \/>\n\t<meta property=\"og:image:width\" content=\"1500\" \/>\n\t<meta property=\"og:image:height\" content=\"500\" \/>\n\t<meta property=\"og:image:type\" content=\"image\/jpeg\" \/>\n<meta name=\"twitter:card\" content=\"summary_large_image\" \/>\n<script type=\"application\/ld+json\" class=\"yoast-schema-graph\">{\"@context\":\"https:\/\/schema.org\",\"@graph\":[{\"@type\":\"WebPage\",\"@id\":\"https:\/\/vipgo.atsautomation.com\/atsautomation\/de\/kundendienst-und-dienstleistung\/dienstleistungsproduktfamilien\/anlagenmanagement\/losungen-fur-die-anlagenverlasslichkeit\/\",\"url\":\"https:\/\/vipgo.atsautomation.com\/atsautomation\/de\/kundendienst-und-dienstleistung\/dienstleistungsproduktfamilien\/anlagenmanagement\/losungen-fur-die-anlagenverlasslichkeit\/\",\"name\":\"L\u00f6sungen f\u00fcr die Anlagenverl\u00e4sslichkeit - ATS Corporation\",\"isPartOf\":{\"@id\":\"https:\/\/vipgo.atsautomation.com\/atsautomation\/de\/#website\"},\"primaryImageOfPage\":{\"@id\":\"https:\/\/vipgo.atsautomation.com\/atsautomation\/de\/kundendienst-und-dienstleistung\/dienstleistungsproduktfamilien\/anlagenmanagement\/losungen-fur-die-anlagenverlasslichkeit\/#primaryimage\"},\"image\":{\"@id\":\"https:\/\/vipgo.atsautomation.com\/atsautomation\/de\/kundendienst-und-dienstleistung\/dienstleistungsproduktfamilien\/anlagenmanagement\/losungen-fur-die-anlagenverlasslichkeit\/#primaryimage\"},\"thumbnailUrl\":\"https:\/\/vipgo.atsautomation.com\/atsautomation\/wp-content\/uploads\/sites\/9\/2020\/07\/Corp-Content-Page-Banner-6250x2084-1.jpg\",\"datePublished\":\"2020-07-15T13:09:10+00:00\",\"dateModified\":\"2020-08-13T20:39:19+00:00\",\"description\":\"Lassen Sie sich von den Betriebssicherheitsexperten von ATS After Sales and Services bei der proaktiven Verwaltung Ihrer Anlagen mit einem ma\u00dfgeschneiderten Wartungsprogramm unterst\u00fctzen\",\"breadcrumb\":{\"@id\":\"https:\/\/vipgo.atsautomation.com\/atsautomation\/de\/kundendienst-und-dienstleistung\/dienstleistungsproduktfamilien\/anlagenmanagement\/losungen-fur-die-anlagenverlasslichkeit\/#breadcrumb\"},\"inLanguage\":\"de-DE\",\"potentialAction\":[{\"@type\":\"ReadAction\",\"target\":[\"https:\/\/vipgo.atsautomation.com\/atsautomation\/de\/kundendienst-und-dienstleistung\/dienstleistungsproduktfamilien\/anlagenmanagement\/losungen-fur-die-anlagenverlasslichkeit\/\"]}]},{\"@type\":\"ImageObject\",\"inLanguage\":\"de-DE\",\"@id\":\"https:\/\/vipgo.atsautomation.com\/atsautomation\/de\/kundendienst-und-dienstleistung\/dienstleistungsproduktfamilien\/anlagenmanagement\/losungen-fur-die-anlagenverlasslichkeit\/#primaryimage\",\"url\":\"https:\/\/vipgo.atsautomation.com\/atsautomation\/wp-content\/uploads\/sites\/9\/2020\/07\/Corp-Content-Page-Banner-6250x2084-1.jpg\",\"contentUrl\":\"https:\/\/vipgo.atsautomation.com\/atsautomation\/wp-content\/uploads\/sites\/9\/2020\/07\/Corp-Content-Page-Banner-6250x2084-1.jpg\",\"width\":1500,\"height\":500,\"caption\":\"ATS-Logo einge\u00e4tzt in die Glasabdeckung einer Maschine\"},{\"@type\":\"BreadcrumbList\",\"@id\":\"https:\/\/vipgo.atsautomation.com\/atsautomation\/de\/kundendienst-und-dienstleistung\/dienstleistungsproduktfamilien\/anlagenmanagement\/losungen-fur-die-anlagenverlasslichkeit\/#breadcrumb\",\"itemListElement\":[{\"@type\":\"ListItem\",\"position\":1,\"name\":\"Home\",\"item\":\"https:\/\/vipgo.atsautomation.com\/atsautomation\/de\/\"},{\"@type\":\"ListItem\",\"position\":2,\"name\":\"Kundendienst und Dienstleistung\",\"item\":\"https:\/\/vipgo.atsautomation.com\/atsautomation\/de\/kundendienst-und-dienstleistung\/\"},{\"@type\":\"ListItem\",\"position\":3,\"name\":\"Dienstleistungsproduktfamilien\",\"item\":\"https:\/\/vipgo.atsautomation.com\/atsautomation\/de\/kundendienst-und-dienstleistung\/dienstleistungsproduktfamilien\/\"},{\"@type\":\"ListItem\",\"position\":4,\"name\":\"Anlagenmanagement\",\"item\":\"https:\/\/vipgo.atsautomation.com\/atsautomation\/de\/kundendienst-und-dienstleistung\/dienstleistungsproduktfamilien\/anlagenmanagement\/\"},{\"@type\":\"ListItem\",\"position\":5,\"name\":\"L\u00f6sungen f\u00fcr die Anlagenverl\u00e4sslichkeit\"}]},{\"@type\":\"WebSite\",\"@id\":\"https:\/\/vipgo.atsautomation.com\/atsautomation\/de\/#website\",\"url\":\"https:\/\/vipgo.atsautomation.com\/atsautomation\/de\/\",\"name\":\"ATS Corporation\",\"description\":\"Just another vipgo.atsautomation.com site\",\"publisher\":{\"@id\":\"https:\/\/vipgo.atsautomation.com\/atsautomation\/de\/#organization\"},\"potentialAction\":[{\"@type\":\"SearchAction\",\"target\":{\"@type\":\"EntryPoint\",\"urlTemplate\":\"https:\/\/vipgo.atsautomation.com\/atsautomation\/de\/?s={search_term_string}\"},\"query-input\":{\"@type\":\"PropertyValueSpecification\",\"valueRequired\":true,\"valueName\":\"search_term_string\"}}],\"inLanguage\":\"de-DE\"},{\"@type\":\"Organization\",\"@id\":\"https:\/\/vipgo.atsautomation.com\/atsautomation\/de\/#organization\",\"name\":\"ATS Corporation\",\"url\":\"https:\/\/vipgo.atsautomation.com\/atsautomation\/de\/\",\"logo\":{\"@type\":\"ImageObject\",\"inLanguage\":\"de-DE\",\"@id\":\"https:\/\/vipgo.atsautomation.com\/atsautomation\/de\/#\/schema\/logo\/image\/\",\"url\":\"https:\/\/atsautomation.com\/wp-content\/uploads\/sites\/9\/2022\/11\/ATS-logo-colour-RGB_TM.png\",\"contentUrl\":\"https:\/\/atsautomation.com\/wp-content\/uploads\/sites\/9\/2022\/11\/ATS-logo-colour-RGB_TM.png\",\"width\":1880,\"height\":371,\"caption\":\"ATS Corporation\"},\"image\":{\"@id\":\"https:\/\/vipgo.atsautomation.com\/atsautomation\/de\/#\/schema\/logo\/image\/\"}}]}<\/script>\n<!-- \/ Yoast SEO Premium plugin. -->","yoast_head_json":{"title":"L\u00f6sungen f\u00fcr die Anlagenverl\u00e4sslichkeit - ATS Corporation","description":"Lassen Sie sich von den Betriebssicherheitsexperten von ATS After Sales and Services bei der proaktiven Verwaltung Ihrer Anlagen mit einem ma\u00dfgeschneiderten Wartungsprogramm unterst\u00fctzen","robots":{"index":"index","follow":"follow","max-snippet":"max-snippet:-1","max-image-preview":"max-image-preview:large","max-video-preview":"max-video-preview:-1"},"canonical":"https:\/\/vipgo.atsautomation.com\/atsautomation\/de\/kundendienst-und-dienstleistung\/dienstleistungsproduktfamilien\/anlagenmanagement\/losungen-fur-die-anlagenverlasslichkeit\/","og_locale":"de_DE","og_type":"article","og_title":"L\u00f6sungen f\u00fcr die Anlagenverl\u00e4sslichkeit","og_description":"Lassen Sie sich von den Betriebssicherheitsexperten von ATS After Sales and Services bei der proaktiven Verwaltung Ihrer Anlagen mit einem ma\u00dfgeschneiderten Wartungsprogramm unterst\u00fctzen","og_url":"https:\/\/vipgo.atsautomation.com\/atsautomation\/de\/kundendienst-und-dienstleistung\/dienstleistungsproduktfamilien\/anlagenmanagement\/losungen-fur-die-anlagenverlasslichkeit\/","og_site_name":"ATS Corporation","article_modified_time":"2020-08-13T20:39:19+00:00","og_image":[{"width":1500,"height":500,"url":"https:\/\/vipgo.atsautomation.com\/atsautomation\/wp-content\/uploads\/sites\/9\/2020\/07\/Corp-Content-Page-Banner-6250x2084-1.jpg","type":"image\/jpeg"}],"twitter_card":"summary_large_image","schema":{"@context":"https:\/\/schema.org","@graph":[{"@type":"WebPage","@id":"https:\/\/vipgo.atsautomation.com\/atsautomation\/de\/kundendienst-und-dienstleistung\/dienstleistungsproduktfamilien\/anlagenmanagement\/losungen-fur-die-anlagenverlasslichkeit\/","url":"https:\/\/vipgo.atsautomation.com\/atsautomation\/de\/kundendienst-und-dienstleistung\/dienstleistungsproduktfamilien\/anlagenmanagement\/losungen-fur-die-anlagenverlasslichkeit\/","name":"L\u00f6sungen f\u00fcr die Anlagenverl\u00e4sslichkeit - ATS Corporation","isPartOf":{"@id":"https:\/\/vipgo.atsautomation.com\/atsautomation\/de\/#website"},"primaryImageOfPage":{"@id":"https:\/\/vipgo.atsautomation.com\/atsautomation\/de\/kundendienst-und-dienstleistung\/dienstleistungsproduktfamilien\/anlagenmanagement\/losungen-fur-die-anlagenverlasslichkeit\/#primaryimage"},"image":{"@id":"https:\/\/vipgo.atsautomation.com\/atsautomation\/de\/kundendienst-und-dienstleistung\/dienstleistungsproduktfamilien\/anlagenmanagement\/losungen-fur-die-anlagenverlasslichkeit\/#primaryimage"},"thumbnailUrl":"https:\/\/vipgo.atsautomation.com\/atsautomation\/wp-content\/uploads\/sites\/9\/2020\/07\/Corp-Content-Page-Banner-6250x2084-1.jpg","datePublished":"2020-07-15T13:09:10+00:00","dateModified":"2020-08-13T20:39:19+00:00","description":"Lassen Sie sich von den Betriebssicherheitsexperten von ATS After Sales and Services bei der proaktiven Verwaltung Ihrer Anlagen mit einem ma\u00dfgeschneiderten Wartungsprogramm unterst\u00fctzen","breadcrumb":{"@id":"https:\/\/vipgo.atsautomation.com\/atsautomation\/de\/kundendienst-und-dienstleistung\/dienstleistungsproduktfamilien\/anlagenmanagement\/losungen-fur-die-anlagenverlasslichkeit\/#breadcrumb"},"inLanguage":"de-DE","potentialAction":[{"@type":"ReadAction","target":["https:\/\/vipgo.atsautomation.com\/atsautomation\/de\/kundendienst-und-dienstleistung\/dienstleistungsproduktfamilien\/anlagenmanagement\/losungen-fur-die-anlagenverlasslichkeit\/"]}]},{"@type":"ImageObject","inLanguage":"de-DE","@id":"https:\/\/vipgo.atsautomation.com\/atsautomation\/de\/kundendienst-und-dienstleistung\/dienstleistungsproduktfamilien\/anlagenmanagement\/losungen-fur-die-anlagenverlasslichkeit\/#primaryimage","url":"https:\/\/vipgo.atsautomation.com\/atsautomation\/wp-content\/uploads\/sites\/9\/2020\/07\/Corp-Content-Page-Banner-6250x2084-1.jpg","contentUrl":"https:\/\/vipgo.atsautomation.com\/atsautomation\/wp-content\/uploads\/sites\/9\/2020\/07\/Corp-Content-Page-Banner-6250x2084-1.jpg","width":1500,"height":500,"caption":"ATS-Logo einge\u00e4tzt in die Glasabdeckung einer Maschine"},{"@type":"BreadcrumbList","@id":"https:\/\/vipgo.atsautomation.com\/atsautomation\/de\/kundendienst-und-dienstleistung\/dienstleistungsproduktfamilien\/anlagenmanagement\/losungen-fur-die-anlagenverlasslichkeit\/#breadcrumb","itemListElement":[{"@type":"ListItem","position":1,"name":"Home","item":"https:\/\/vipgo.atsautomation.com\/atsautomation\/de\/"},{"@type":"ListItem","position":2,"name":"Kundendienst und Dienstleistung","item":"https:\/\/vipgo.atsautomation.com\/atsautomation\/de\/kundendienst-und-dienstleistung\/"},{"@type":"ListItem","position":3,"name":"Dienstleistungsproduktfamilien","item":"https:\/\/vipgo.atsautomation.com\/atsautomation\/de\/kundendienst-und-dienstleistung\/dienstleistungsproduktfamilien\/"},{"@type":"ListItem","position":4,"name":"Anlagenmanagement","item":"https:\/\/vipgo.atsautomation.com\/atsautomation\/de\/kundendienst-und-dienstleistung\/dienstleistungsproduktfamilien\/anlagenmanagement\/"},{"@type":"ListItem","position":5,"name":"L\u00f6sungen f\u00fcr die Anlagenverl\u00e4sslichkeit"}]},{"@type":"WebSite","@id":"https:\/\/vipgo.atsautomation.com\/atsautomation\/de\/#website","url":"https:\/\/vipgo.atsautomation.com\/atsautomation\/de\/","name":"ATS Corporation","description":"Just another vipgo.atsautomation.com site","publisher":{"@id":"https:\/\/vipgo.atsautomation.com\/atsautomation\/de\/#organization"},"potentialAction":[{"@type":"SearchAction","target":{"@type":"EntryPoint","urlTemplate":"https:\/\/vipgo.atsautomation.com\/atsautomation\/de\/?s={search_term_string}"},"query-input":{"@type":"PropertyValueSpecification","valueRequired":true,"valueName":"search_term_string"}}],"inLanguage":"de-DE"},{"@type":"Organization","@id":"https:\/\/vipgo.atsautomation.com\/atsautomation\/de\/#organization","name":"ATS Corporation","url":"https:\/\/vipgo.atsautomation.com\/atsautomation\/de\/","logo":{"@type":"ImageObject","inLanguage":"de-DE","@id":"https:\/\/vipgo.atsautomation.com\/atsautomation\/de\/#\/schema\/logo\/image\/","url":"https:\/\/atsautomation.com\/wp-content\/uploads\/sites\/9\/2022\/11\/ATS-logo-colour-RGB_TM.png","contentUrl":"https:\/\/atsautomation.com\/wp-content\/uploads\/sites\/9\/2022\/11\/ATS-logo-colour-RGB_TM.png","width":1880,"height":371,"caption":"ATS Corporation"},"image":{"@id":"https:\/\/vipgo.atsautomation.com\/atsautomation\/de\/#\/schema\/logo\/image\/"}}]}},"acf":[],"jetpack_sharing_enabled":true,"_links":{"self":[{"href":"https:\/\/vipgo.atsautomation.com\/atsautomation\/de\/wp-json\/wp\/v2\/pages\/9674","targetHints":{"allow":["GET"]}}],"collection":[{"href":"https:\/\/vipgo.atsautomation.com\/atsautomation\/de\/wp-json\/wp\/v2\/pages"}],"about":[{"href":"https:\/\/vipgo.atsautomation.com\/atsautomation\/de\/wp-json\/wp\/v2\/types\/page"}],"author":[{"embeddable":true,"href":"https:\/\/vipgo.atsautomation.com\/atsautomation\/de\/wp-json\/wp\/v2\/users\/30"}],"replies":[{"embeddable":true,"href":"https:\/\/vipgo.atsautomation.com\/atsautomation\/de\/wp-json\/wp\/v2\/comments?post=9674"}],"version-history":[{"count":3,"href":"https:\/\/vipgo.atsautomation.com\/atsautomation\/de\/wp-json\/wp\/v2\/pages\/9674\/revisions"}],"predecessor-version":[{"id":23002,"href":"https:\/\/vipgo.atsautomation.com\/atsautomation\/de\/wp-json\/wp\/v2\/pages\/9674\/revisions\/23002"}],"up":[{"embeddable":true,"href":"https:\/\/vipgo.atsautomation.com\/atsautomation\/de\/wp-json\/wp\/v2\/pages\/9325"}],"wp:featuredmedia":[{"embeddable":true,"href":"https:\/\/vipgo.atsautomation.com\/atsautomation\/de\/wp-json\/wp\/v2\/media\/12693"}],"wp:attachment":[{"href":"https:\/\/vipgo.atsautomation.com\/atsautomation\/de\/wp-json\/wp\/v2\/media?parent=9674"}],"curies":[{"name":"wp","href":"https:\/\/api.w.org\/{rel}","templated":true}]}}