{"id":9724,"date":"2020-07-15T13:09:13","date_gmt":"2020-07-15T13:09:13","guid":{"rendered":"https:\/\/atsautomation.com\/nachschlagwerk-fur-lieferanten\/"},"modified":"2021-03-04T04:59:17","modified_gmt":"2021-03-04T04:59:17","slug":"nachschlagwerk-fur-lieferanten","status":"publish","type":"page","link":"https:\/\/vipgo.atsautomation.com\/atsautomation\/de\/qualitatsmanagement-fur-lieferanten\/nachschlagwerk-fur-lieferanten\/","title":{"rendered":"Nachschlagwerk f\u00fcr Lieferanten"},"content":{"rendered":"<div class=\"row col-md-3\">\n<div class=\"two\"><a href=\"https:\/\/atsautomation.com\/de\/existing-supplier-documentation\/\">Bestehende Lieferantendokumentation<\/a><\/div>\n<div class=\"two\"><a href=\"https:\/\/atsautomation.com\/de\/existing-supplier-feedback\/\">Bestehendes Lieferanten-Feedback<\/a><\/div>\n<div class=\"two\"><a href=\"https:\/\/atsautomation.com\/de\/new-supplier-submission\/\">Neue Lieferanten-Bewerbung<\/a><\/div>\n<div class=\"two\"><a href=\"https:\/\/atsautomation.com\/de\/ats-supplier-quality-requirements\/\">Qualit\u00e4tsanforderungen f\u00fcr Lieferanten von ATS<\/a><\/div>\n<div class=\"two\"><a href=\"https:\/\/atsautomation.com\/de\/supplier-resource-library\/\">Nachschlagwerk f\u00fcr Lieferanten<\/a><\/div>\n<div class=\"two\"><a href=\"https:\/\/atsautomation.com\/de\/global-supplier-quality-manual\/\">Globales Qualit\u00e4tshandbuch f\u00fcr Lieferanten<\/a><\/div>\n<div class=\"two\"><a href=\"https:\/\/atsautomation.com\/de\/supplier-deviation-waiver-process\/\">Lieferantenabweichung und Prozess bei Abweichungen oder Nichterf\u00fcllung<\/a><\/div>\n<div class=\"two\"><a href=\"https:\/\/atsautomation.com\/de\/supplier-quality-news\/\">Qualit\u00e4tsneuigkeiten f\u00fcr Lieferanten<\/a><\/div>\n<div class=\"two\"><a href=\"https:\/\/atsautomation.com\/de\/supplier-code-of-ethics\/\">Ethik-Kodex f\u00fcr Lieferanten<\/a><\/div>\n<\/div>\n<div class=\"row col-md-9\">\n<h2>Das Nachschlagwerk f\u00fcr Lieferanten von ATS dient Lieferanten als Hilfsmittel zur Einreichung Ihrer Antr\u00e4ge bei ATS.<\/h2>\n<h3>BEIM VERSAND ERFORDERLICHE BERICHTE<\/h3>\n<p>Messprotokolle, Unterlagen \u00fcber die R\u00fcckverfolgbarkeit von Material, Werksbescheinigungen, Erstartikelpr\u00fcfberichte oder andere erforderliche Dokumente, die auf dem Auftrag bzw. Produktzeichnungen angegeben sind, m\u00fcssen zusammen mit dem jeweiligen Produkt geliefert werden.<\/p>\n<p><a href=\"https:\/\/atsautomation.com\/wp-content\/uploads\/sites\/9\/2020\/06\/2_14_4_001-MTR-Requirements.pdf\" target=\"_blank\" rel=\"noopener noreferrer\">Beispiel f\u00fcr Materialr\u00fcckverfolgbarkeit<\/a><\/p>\n<p><a href=\"https:\/\/atsautomation.com\/wp-content\/uploads\/sites\/9\/2020\/06\/2_14_4_002-Certificate-of-Compliance.pdf\" target=\"_blank\" rel=\"noopener noreferrer\">Compliance-Zertifikat (C von C)<\/a><\/p>\n<p><a href=\"https:\/\/atsautomation.com\/wp-content\/uploads\/sites\/9\/2020\/06\/Dimensional-Report-May-2015.xlsx\">Berichtsvorlage f\u00fcr Inspektion (Dimensionsbericht)<\/a><\/p>\n<p><a href=\"https:\/\/atsautomation.com\/wp-content\/uploads\/sites\/9\/2021\/03\/2_14_4_004-ATS-Guidelines-for-Packaging-and-Transportation-of-Material.pdf\" target=\"_blank\" rel=\"noopener noreferrer\">Richtlinien f\u00fcr Verpackung und Transport<\/a><\/p>\n<p><a href=\"\/\/atsautomation.com\/wp-content\/uploads\/sites\/9\/2020\/06\/2_14_4_005-8D-Guidelines.pdf\" target=\"_blank\" rel=\"noopener noreferrer\">Wie man einen 8-D-Bericht ausf\u00fcllt<\/a><\/p>\n<p><a href=\"https:\/\/atsautomation.com\/wp-content\/uploads\/sites\/9\/2020\/06\/2_14_4_006-Good-Documentation-Practices.pdf\">Gute Dokumentationspraktiken<\/a>\n<\/div>\n","protected":false},"excerpt":{"rendered":"<p>Bestehende Lieferantendokumentation Bestehendes Lieferanten-Feedback Neue Lieferanten-Bewerbung Qualit\u00e4tsanforderungen f\u00fcr Lieferanten von ATS Nachschlagwerk f\u00fcr Lieferanten Globales Qualit\u00e4tshandbuch f\u00fcr Lieferanten Lieferantenabweichung und Prozess bei Abweichungen oder Nichterf\u00fcllung Qualit\u00e4tsneuigkeiten f\u00fcr Lieferanten Ethik-Kodex f\u00fcr Lieferanten Das Nachschlagwerk f\u00fcr Lieferanten von ATS dient Lieferanten als Hilfsmittel zur Einreichung Ihrer Antr\u00e4ge bei ATS. BEIM VERSAND ERFORDERLICHE BERICHTE Messprotokolle, Unterlagen \u00fcber die&#8230;<\/p>\n<div class=\"post-button\"><a href=\"https:\/\/vipgo.atsautomation.com\/atsautomation\/de\/qualitatsmanagement-fur-lieferanten\/nachschlagwerk-fur-lieferanten\/\">Read More<\/a><\/div>\n","protected":false},"author":3,"featured_media":9426,"parent":21884,"menu_order":0,"comment_status":"closed","ping_status":"closed","template":"","meta":{"_acf_changed":false,"footnotes":""},"class_list":["post-9724","page","type-page","status-publish","has-post-thumbnail","hentry"],"yoast_head":"<!-- This site is optimized with the Yoast SEO Premium plugin v26.8 (Yoast SEO v26.8) - https:\/\/yoast.com\/product\/yoast-seo-premium-wordpress\/ -->\n<title>Nachschlagwerk f\u00fcr Lieferanten - ATS Corporation<\/title>\n<meta name=\"description\" content=\"The ATS Supplier Resource Library is available to help Suppliers with their submissions to ATS Automation. Reports must be shipped with the product represented.\" \/>\n<meta name=\"robots\" content=\"index, follow, max-snippet:-1, max-image-preview:large, max-video-preview:-1\" \/>\n<link rel=\"canonical\" href=\"https:\/\/vipgo.atsautomation.com\/atsautomation\/de\/qualitatsmanagement-fur-lieferanten\/nachschlagwerk-fur-lieferanten\/\" \/>\n<meta property=\"og:locale\" content=\"de_DE\" \/>\n<meta property=\"og:type\" content=\"article\" \/>\n<meta property=\"og:title\" content=\"Nachschlagwerk f\u00fcr Lieferanten\" \/>\n<meta property=\"og:description\" content=\"The ATS Supplier Resource Library is available to help Suppliers with their submissions to ATS Automation. Reports must be shipped with the product represented.\" \/>\n<meta property=\"og:url\" content=\"https:\/\/vipgo.atsautomation.com\/atsautomation\/de\/qualitatsmanagement-fur-lieferanten\/nachschlagwerk-fur-lieferanten\/\" \/>\n<meta property=\"og:site_name\" content=\"ATS Corporation\" \/>\n<meta property=\"article:modified_time\" content=\"2021-03-04T04:59:17+00:00\" \/>\n<meta property=\"og:image\" content=\"https:\/\/vipgo.atsautomation.com\/atsautomation\/wp-content\/uploads\/sites\/9\/2020\/05\/background-.jpg\" \/>\n\t<meta property=\"og:image:width\" content=\"1900\" \/>\n\t<meta property=\"og:image:height\" content=\"450\" \/>\n\t<meta property=\"og:image:type\" content=\"image\/jpeg\" \/>\n<meta name=\"twitter:card\" content=\"summary_large_image\" \/>\n<meta name=\"twitter:label1\" content=\"Gesch\u00e4tzte Lesezeit\" \/>\n\t<meta name=\"twitter:data1\" content=\"1 Minute\" \/>\n<script type=\"application\/ld+json\" class=\"yoast-schema-graph\">{\"@context\":\"https:\/\/schema.org\",\"@graph\":[{\"@type\":\"WebPage\",\"@id\":\"https:\/\/vipgo.atsautomation.com\/atsautomation\/de\/qualitatsmanagement-fur-lieferanten\/nachschlagwerk-fur-lieferanten\/\",\"url\":\"https:\/\/vipgo.atsautomation.com\/atsautomation\/de\/qualitatsmanagement-fur-lieferanten\/nachschlagwerk-fur-lieferanten\/\",\"name\":\"Nachschlagwerk f\u00fcr Lieferanten - ATS Corporation\",\"isPartOf\":{\"@id\":\"https:\/\/vipgo.atsautomation.com\/atsautomation\/de\/#website\"},\"primaryImageOfPage\":{\"@id\":\"https:\/\/vipgo.atsautomation.com\/atsautomation\/de\/qualitatsmanagement-fur-lieferanten\/nachschlagwerk-fur-lieferanten\/#primaryimage\"},\"image\":{\"@id\":\"https:\/\/vipgo.atsautomation.com\/atsautomation\/de\/qualitatsmanagement-fur-lieferanten\/nachschlagwerk-fur-lieferanten\/#primaryimage\"},\"thumbnailUrl\":\"https:\/\/vipgo.atsautomation.com\/atsautomation\/wp-content\/uploads\/sites\/9\/2020\/05\/background-.jpg\",\"datePublished\":\"2020-07-15T13:09:13+00:00\",\"dateModified\":\"2021-03-04T04:59:17+00:00\",\"description\":\"The ATS Supplier Resource Library is available to help Suppliers with their submissions to ATS Automation. Reports must be shipped with the product represented.\",\"breadcrumb\":{\"@id\":\"https:\/\/vipgo.atsautomation.com\/atsautomation\/de\/qualitatsmanagement-fur-lieferanten\/nachschlagwerk-fur-lieferanten\/#breadcrumb\"},\"inLanguage\":\"de-DE\",\"potentialAction\":[{\"@type\":\"ReadAction\",\"target\":[\"https:\/\/vipgo.atsautomation.com\/atsautomation\/de\/qualitatsmanagement-fur-lieferanten\/nachschlagwerk-fur-lieferanten\/\"]}]},{\"@type\":\"ImageObject\",\"inLanguage\":\"de-DE\",\"@id\":\"https:\/\/vipgo.atsautomation.com\/atsautomation\/de\/qualitatsmanagement-fur-lieferanten\/nachschlagwerk-fur-lieferanten\/#primaryimage\",\"url\":\"https:\/\/vipgo.atsautomation.com\/atsautomation\/wp-content\/uploads\/sites\/9\/2020\/05\/background-.jpg\",\"contentUrl\":\"https:\/\/vipgo.atsautomation.com\/atsautomation\/wp-content\/uploads\/sites\/9\/2020\/05\/background-.jpg\",\"width\":1900,\"height\":450},{\"@type\":\"BreadcrumbList\",\"@id\":\"https:\/\/vipgo.atsautomation.com\/atsautomation\/de\/qualitatsmanagement-fur-lieferanten\/nachschlagwerk-fur-lieferanten\/#breadcrumb\",\"itemListElement\":[{\"@type\":\"ListItem\",\"position\":1,\"name\":\"Home\",\"item\":\"https:\/\/vipgo.atsautomation.com\/atsautomation\/de\/\"},{\"@type\":\"ListItem\",\"position\":2,\"name\":\"Qualit\u00e4tsmanagement f\u00fcr Lieferanten\",\"item\":\"https:\/\/vipgo.atsautomation.com\/atsautomation\/de\/qualitatsmanagement-fur-lieferanten\/\"},{\"@type\":\"ListItem\",\"position\":3,\"name\":\"Nachschlagwerk f\u00fcr Lieferanten\"}]},{\"@type\":\"WebSite\",\"@id\":\"https:\/\/vipgo.atsautomation.com\/atsautomation\/de\/#website\",\"url\":\"https:\/\/vipgo.atsautomation.com\/atsautomation\/de\/\",\"name\":\"ATS Corporation\",\"description\":\"Just another vipgo.atsautomation.com site\",\"publisher\":{\"@id\":\"https:\/\/vipgo.atsautomation.com\/atsautomation\/de\/#organization\"},\"potentialAction\":[{\"@type\":\"SearchAction\",\"target\":{\"@type\":\"EntryPoint\",\"urlTemplate\":\"https:\/\/vipgo.atsautomation.com\/atsautomation\/de\/?s={search_term_string}\"},\"query-input\":{\"@type\":\"PropertyValueSpecification\",\"valueRequired\":true,\"valueName\":\"search_term_string\"}}],\"inLanguage\":\"de-DE\"},{\"@type\":\"Organization\",\"@id\":\"https:\/\/vipgo.atsautomation.com\/atsautomation\/de\/#organization\",\"name\":\"ATS Corporation\",\"url\":\"https:\/\/vipgo.atsautomation.com\/atsautomation\/de\/\",\"logo\":{\"@type\":\"ImageObject\",\"inLanguage\":\"de-DE\",\"@id\":\"https:\/\/vipgo.atsautomation.com\/atsautomation\/de\/#\/schema\/logo\/image\/\",\"url\":\"https:\/\/atsautomation.com\/wp-content\/uploads\/sites\/9\/2022\/11\/ATS-logo-colour-RGB_TM.png\",\"contentUrl\":\"https:\/\/atsautomation.com\/wp-content\/uploads\/sites\/9\/2022\/11\/ATS-logo-colour-RGB_TM.png\",\"width\":1880,\"height\":371,\"caption\":\"ATS Corporation\"},\"image\":{\"@id\":\"https:\/\/vipgo.atsautomation.com\/atsautomation\/de\/#\/schema\/logo\/image\/\"}}]}<\/script>\n<!-- \/ Yoast SEO Premium plugin. -->","yoast_head_json":{"title":"Nachschlagwerk f\u00fcr Lieferanten - ATS Corporation","description":"The ATS Supplier Resource Library is available to help Suppliers with their submissions to ATS Automation. Reports must be shipped with the product represented.","robots":{"index":"index","follow":"follow","max-snippet":"max-snippet:-1","max-image-preview":"max-image-preview:large","max-video-preview":"max-video-preview:-1"},"canonical":"https:\/\/vipgo.atsautomation.com\/atsautomation\/de\/qualitatsmanagement-fur-lieferanten\/nachschlagwerk-fur-lieferanten\/","og_locale":"de_DE","og_type":"article","og_title":"Nachschlagwerk f\u00fcr Lieferanten","og_description":"The ATS Supplier Resource Library is available to help Suppliers with their submissions to ATS Automation. Reports must be shipped with the product represented.","og_url":"https:\/\/vipgo.atsautomation.com\/atsautomation\/de\/qualitatsmanagement-fur-lieferanten\/nachschlagwerk-fur-lieferanten\/","og_site_name":"ATS Corporation","article_modified_time":"2021-03-04T04:59:17+00:00","og_image":[{"width":1900,"height":450,"url":"https:\/\/vipgo.atsautomation.com\/atsautomation\/wp-content\/uploads\/sites\/9\/2020\/05\/background-.jpg","type":"image\/jpeg"}],"twitter_card":"summary_large_image","twitter_misc":{"Gesch\u00e4tzte Lesezeit":"1 Minute"},"schema":{"@context":"https:\/\/schema.org","@graph":[{"@type":"WebPage","@id":"https:\/\/vipgo.atsautomation.com\/atsautomation\/de\/qualitatsmanagement-fur-lieferanten\/nachschlagwerk-fur-lieferanten\/","url":"https:\/\/vipgo.atsautomation.com\/atsautomation\/de\/qualitatsmanagement-fur-lieferanten\/nachschlagwerk-fur-lieferanten\/","name":"Nachschlagwerk f\u00fcr Lieferanten - ATS Corporation","isPartOf":{"@id":"https:\/\/vipgo.atsautomation.com\/atsautomation\/de\/#website"},"primaryImageOfPage":{"@id":"https:\/\/vipgo.atsautomation.com\/atsautomation\/de\/qualitatsmanagement-fur-lieferanten\/nachschlagwerk-fur-lieferanten\/#primaryimage"},"image":{"@id":"https:\/\/vipgo.atsautomation.com\/atsautomation\/de\/qualitatsmanagement-fur-lieferanten\/nachschlagwerk-fur-lieferanten\/#primaryimage"},"thumbnailUrl":"https:\/\/vipgo.atsautomation.com\/atsautomation\/wp-content\/uploads\/sites\/9\/2020\/05\/background-.jpg","datePublished":"2020-07-15T13:09:13+00:00","dateModified":"2021-03-04T04:59:17+00:00","description":"The ATS Supplier Resource Library is available to help Suppliers with their submissions to ATS Automation. Reports must be shipped with the product represented.","breadcrumb":{"@id":"https:\/\/vipgo.atsautomation.com\/atsautomation\/de\/qualitatsmanagement-fur-lieferanten\/nachschlagwerk-fur-lieferanten\/#breadcrumb"},"inLanguage":"de-DE","potentialAction":[{"@type":"ReadAction","target":["https:\/\/vipgo.atsautomation.com\/atsautomation\/de\/qualitatsmanagement-fur-lieferanten\/nachschlagwerk-fur-lieferanten\/"]}]},{"@type":"ImageObject","inLanguage":"de-DE","@id":"https:\/\/vipgo.atsautomation.com\/atsautomation\/de\/qualitatsmanagement-fur-lieferanten\/nachschlagwerk-fur-lieferanten\/#primaryimage","url":"https:\/\/vipgo.atsautomation.com\/atsautomation\/wp-content\/uploads\/sites\/9\/2020\/05\/background-.jpg","contentUrl":"https:\/\/vipgo.atsautomation.com\/atsautomation\/wp-content\/uploads\/sites\/9\/2020\/05\/background-.jpg","width":1900,"height":450},{"@type":"BreadcrumbList","@id":"https:\/\/vipgo.atsautomation.com\/atsautomation\/de\/qualitatsmanagement-fur-lieferanten\/nachschlagwerk-fur-lieferanten\/#breadcrumb","itemListElement":[{"@type":"ListItem","position":1,"name":"Home","item":"https:\/\/vipgo.atsautomation.com\/atsautomation\/de\/"},{"@type":"ListItem","position":2,"name":"Qualit\u00e4tsmanagement f\u00fcr Lieferanten","item":"https:\/\/vipgo.atsautomation.com\/atsautomation\/de\/qualitatsmanagement-fur-lieferanten\/"},{"@type":"ListItem","position":3,"name":"Nachschlagwerk f\u00fcr Lieferanten"}]},{"@type":"WebSite","@id":"https:\/\/vipgo.atsautomation.com\/atsautomation\/de\/#website","url":"https:\/\/vipgo.atsautomation.com\/atsautomation\/de\/","name":"ATS Corporation","description":"Just another vipgo.atsautomation.com site","publisher":{"@id":"https:\/\/vipgo.atsautomation.com\/atsautomation\/de\/#organization"},"potentialAction":[{"@type":"SearchAction","target":{"@type":"EntryPoint","urlTemplate":"https:\/\/vipgo.atsautomation.com\/atsautomation\/de\/?s={search_term_string}"},"query-input":{"@type":"PropertyValueSpecification","valueRequired":true,"valueName":"search_term_string"}}],"inLanguage":"de-DE"},{"@type":"Organization","@id":"https:\/\/vipgo.atsautomation.com\/atsautomation\/de\/#organization","name":"ATS Corporation","url":"https:\/\/vipgo.atsautomation.com\/atsautomation\/de\/","logo":{"@type":"ImageObject","inLanguage":"de-DE","@id":"https:\/\/vipgo.atsautomation.com\/atsautomation\/de\/#\/schema\/logo\/image\/","url":"https:\/\/atsautomation.com\/wp-content\/uploads\/sites\/9\/2022\/11\/ATS-logo-colour-RGB_TM.png","contentUrl":"https:\/\/atsautomation.com\/wp-content\/uploads\/sites\/9\/2022\/11\/ATS-logo-colour-RGB_TM.png","width":1880,"height":371,"caption":"ATS Corporation"},"image":{"@id":"https:\/\/vipgo.atsautomation.com\/atsautomation\/de\/#\/schema\/logo\/image\/"}}]}},"acf":[],"jetpack_sharing_enabled":true,"_links":{"self":[{"href":"https:\/\/vipgo.atsautomation.com\/atsautomation\/de\/wp-json\/wp\/v2\/pages\/9724","targetHints":{"allow":["GET"]}}],"collection":[{"href":"https:\/\/vipgo.atsautomation.com\/atsautomation\/de\/wp-json\/wp\/v2\/pages"}],"about":[{"href":"https:\/\/vipgo.atsautomation.com\/atsautomation\/de\/wp-json\/wp\/v2\/types\/page"}],"author":[{"embeddable":true,"href":"https:\/\/vipgo.atsautomation.com\/atsautomation\/de\/wp-json\/wp\/v2\/users\/3"}],"replies":[{"embeddable":true,"href":"https:\/\/vipgo.atsautomation.com\/atsautomation\/de\/wp-json\/wp\/v2\/comments?post=9724"}],"version-history":[{"count":3,"href":"https:\/\/vipgo.atsautomation.com\/atsautomation\/de\/wp-json\/wp\/v2\/pages\/9724\/revisions"}],"predecessor-version":[{"id":28613,"href":"https:\/\/vipgo.atsautomation.com\/atsautomation\/de\/wp-json\/wp\/v2\/pages\/9724\/revisions\/28613"}],"up":[{"embeddable":true,"href":"https:\/\/vipgo.atsautomation.com\/atsautomation\/de\/wp-json\/wp\/v2\/pages\/21884"}],"wp:featuredmedia":[{"embeddable":true,"href":"https:\/\/vipgo.atsautomation.com\/atsautomation\/de\/wp-json\/wp\/v2\/media\/9426"}],"wp:attachment":[{"href":"https:\/\/vipgo.atsautomation.com\/atsautomation\/de\/wp-json\/wp\/v2\/media?parent=9724"}],"curies":[{"name":"wp","href":"https:\/\/api.w.org\/{rel}","templated":true}]}}