{"id":9725,"date":"2020-07-15T13:09:14","date_gmt":"2020-07-15T13:09:14","guid":{"rendered":"https:\/\/atsautomation.com\/neue-lieferanten-bewerbung\/"},"modified":"2023-03-08T21:56:49","modified_gmt":"2023-03-08T21:56:49","slug":"neue-lieferanten-bewerbung","status":"publish","type":"page","link":"https:\/\/vipgo.atsautomation.com\/atsautomation\/de\/qualitatsmanagement-fur-lieferanten\/neue-lieferanten-bewerbung\/","title":{"rendered":"Neue Lieferanten-Bewerbung"},"content":{"rendered":"<div class=\"row col-md-3\">\n<div class=\"two\"><a href=\"https:\/\/atsautomation.com\/de\/existing-supplier-documentation\/\">Bestehende Lieferantendokumentation<\/a><\/div>\n<div class=\"two\"><a href=\"https:\/\/atsautomation.com\/de\/existing-supplier-feedback\/\">Bestehendes Lieferanten-Feedback<\/a><\/div>\n<div class=\"two\"><a href=\"https:\/\/atsautomation.com\/de\/new-supplier-submission\/\">Neue Lieferanten-Bewerbung<\/a><\/div>\n<div class=\"two\"><a href=\"https:\/\/atsautomation.com\/de\/ats-supplier-quality-requirements\/\">Qualit\u00e4tsanforderungen f\u00fcr Lieferanten von ATS<\/a><\/div>\n<div class=\"two\"><a href=\"https:\/\/atsautomation.com\/de\/supplier-resource-library\/\">Nachschlagwerk f\u00fcr Lieferanten<\/a><\/div>\n<div class=\"two\"><a href=\"https:\/\/atsautomation.com\/de\/global-supplier-quality-manual\/\">Globales Qualit\u00e4tshandbuch f\u00fcr Lieferanten<\/a><\/div>\n<div class=\"two\"><a href=\"https:\/\/atsautomation.com\/de\/supplier-deviation-waiver-process\/\">Lieferantenabweichung und Prozess bei Abweichungen oder Nichterf\u00fcllung<\/a><\/div>\n<div class=\"two\"><a href=\"https:\/\/atsautomation.com\/de\/supplier-quality-news\/\">Qualit\u00e4tsneuigkeiten f\u00fcr Lieferanten<\/a><\/div>\n<div class=\"two\"><a href=\"https:\/\/atsautomation.com\/de\/supplier-code-of-ethics\/\">Ethik-Kodex f\u00fcr Lieferanten<\/a><\/div>\n<\/div>\n<div class=\"row col-md-9\">\n<h2>Neue Lieferanten m\u00fcssen die nachstehenden Kriterien lesen und alle Formulare ausf\u00fcllen, bevor sie sich an ATS wenden.<\/h2>\n<p><img decoding=\"async\" src=\"https:\/\/atsautomation.com\/wp-content\/uploads\/sites\/9\/2020\/06\/the-supplier-submission-table.jpg\" alt=\"\" \/><\/p>\n<h3>LIEFERANTENKLASSIFIZIERUNGEN<\/h3>\n<h4 class=\"Level4\">LIEFERANT DER KLASSE A<\/h4>\n<ul>\n<li><strong>Externer Lieferant:<\/strong>\u00a0Lieferant teurer (\u00fcblicherweise &gt;10.000 US-Dollar) Artikel wie Wendelf\u00f6rderer, F\u00f6rdersysteme, Testsysteme, Waschmaschinen f\u00fcr Teile, Roboter, Laser usw. Lieferant ist normalerweise f\u00fcr das Design verantwortlich.<\/li>\n<li><strong>Zulieferer:<\/strong>\u00a0Diese Lieferanten sind f\u00fcr eine oder alle der folgenden Aufgaben verantwortlich: Konstruktion, Entwicklung, Fertigung von Produkten gem\u00e4\u00df den Anforderungen von ATS bzw. den individuellen Anforderungen eines Kunden von ATS (ausgelagerte Produktion). Der Lieferant k\u00f6nnte auch eine Leistung im ATS-Fertigungswertsch\u00f6pfungsstrom bieten (z.\u00a0B. Beschichtung oder W\u00e4rmebehandlung).<\/li>\n<li>Gie\u00dfen oder Spritzgussteile<\/li>\n<li><strong>Leistungsanbieter:<\/strong>\u00a0Z.\u00a0B. Anbieter f\u00fcr Kalibrierung, technische Berater, Lieferanten f\u00fcr die Installation von Fertigungsanlagen \u2013 nicht bei ATS besch\u00e4ftigte Mitarbeiter, die Aufgaben \u00fcbernehmen, um die Anforderungen von ATS und Kundenvertr\u00e4gen zu erf\u00fcllen (beeinflusst die Qualit\u00e4t des zu liefernden Produkts).<\/li>\n<\/ul>\n<h4 class=\"Level4\">LIEFERANT DER KLASSE C<\/h4>\n<ul>\n<li>Lieferanten, die COTS-Produkte entwerfen\/herstellen. Produkte wie Pneumatikventile, elektrische Anschl\u00fcsse, Computerkabel, Stromversorgungen, Federn und Hardware wie Bolzen, Schrauben, Unterlegscheiben, Muttern usw.<\/li>\n<li>Lieferanten, die COTS-Produkte entwerfen\/herstellen, die den Kundenanforderungen entsprechend modifiziert werden (z. B. Motoren, Steuerungen, Getriebe)<\/li>\n<li>Produkte, die als Hersteller-Teilenummer bestellt werden, in der Regel \u00fcber den Vertrieb<\/li>\n<\/ul>\n<h4>EINREICHUNGSVORLAGEN<\/h4>\n<p>Herunterladen, ausf\u00fcllen und \u00fcber eine an den Director of Global Quality adressierte E-Mail per Anhang senden (siehe Lieferantenklassifizierungen oben).<\/p>\n<p><a href=\"https:\/\/atsautomation.com\/wp-content\/uploads\/sites\/9\/2023\/03\/C7.4.1-2P-2F-New-Supplier-Self-Assessment-1.xlsx\">Selbstbewertung f\u00fcr neue Lieferanten<\/a><\/p>\n<p><a href=\"https:\/\/atsautomation.com\/wp-content\/uploads\/sites\/9\/2023\/03\/C7.4.1-2P-1F-Global-Supplier-Profile.docx\">Globales Lieferantenprofil<\/a><\/p>\n<p><a href=\"https:\/\/atsautomation.com\/wp-content\/uploads\/sites\/9\/2023\/03\/C7.4.1-1M-Global-Supplier-Quality-Manual.pdf\" target=\"_blank\" rel=\"noopener noreferrer\">Globales Lieferantenhandbuch<\/a>\u00a0<em>(Anforderungen definieren)\u00a0<\/em><\/p>\n<p><a href=\"https:\/\/atsautomation.com\/wp-content\/uploads\/sites\/9\/2020\/10\/Vendor_Code_of_Ethics_DE.pdf\">Ethik-Kodex<\/a><\/p>\n<p>Geheimhaltungsvereinbarung \u2013 diese wird dem Lieferanten zugesendet<\/p>\n<p>Allgemeine ATS Einkaufsbedingungen \u2013 werden bei Vertragsabschluss zur Verf\u00fcgung gestellt<\/p>\n<\/div>\n","protected":false},"excerpt":{"rendered":"<p>Bestehende Lieferantendokumentation Bestehendes Lieferanten-Feedback Neue Lieferanten-Bewerbung Qualit\u00e4tsanforderungen f\u00fcr Lieferanten von ATS Nachschlagwerk f\u00fcr Lieferanten Globales Qualit\u00e4tshandbuch f\u00fcr Lieferanten Lieferantenabweichung und Prozess bei Abweichungen oder Nichterf\u00fcllung Qualit\u00e4tsneuigkeiten f\u00fcr Lieferanten Ethik-Kodex f\u00fcr Lieferanten Neue Lieferanten m\u00fcssen die nachstehenden Kriterien lesen und alle Formulare ausf\u00fcllen, bevor sie sich an ATS wenden. LIEFERANTENKLASSIFIZIERUNGEN LIEFERANT DER KLASSE A Externer Lieferant:\u00a0Lieferant teurer (\u00fcblicherweise &gt;10.000 US-Dollar) Artikel&#8230;<\/p>\n<div class=\"post-button\"><a href=\"https:\/\/vipgo.atsautomation.com\/atsautomation\/de\/qualitatsmanagement-fur-lieferanten\/neue-lieferanten-bewerbung\/\">Read More<\/a><\/div>\n","protected":false},"author":3,"featured_media":9426,"parent":21884,"menu_order":0,"comment_status":"closed","ping_status":"closed","template":"","meta":{"_acf_changed":false,"footnotes":""},"class_list":["post-9725","page","type-page","status-publish","has-post-thumbnail","hentry"],"yoast_head":"<!-- This site is optimized with the Yoast SEO Premium plugin v26.8 (Yoast SEO v26.8) - https:\/\/yoast.com\/product\/yoast-seo-premium-wordpress\/ -->\n<title>New Supplier Submission | Supplier Quality Management | ATS Automation<\/title>\n<meta name=\"description\" content=\"ATS Automation maintains regulations for New Supplier Submission. New suppliers should read the criteria &amp; complete all necessary forms before contacting us.\" \/>\n<meta name=\"robots\" content=\"index, follow, max-snippet:-1, max-image-preview:large, max-video-preview:-1\" \/>\n<link rel=\"canonical\" href=\"https:\/\/vipgo.atsautomation.com\/atsautomation\/de\/qualitatsmanagement-fur-lieferanten\/neue-lieferanten-bewerbung\/\" \/>\n<meta property=\"og:locale\" content=\"de_DE\" \/>\n<meta property=\"og:type\" content=\"article\" \/>\n<meta property=\"og:title\" content=\"Neue Lieferanten-Bewerbung\" \/>\n<meta property=\"og:description\" content=\"ATS Automation maintains regulations for New Supplier Submission. New suppliers should read the criteria &amp; complete all necessary forms before contacting us.\" \/>\n<meta property=\"og:url\" content=\"https:\/\/vipgo.atsautomation.com\/atsautomation\/de\/qualitatsmanagement-fur-lieferanten\/neue-lieferanten-bewerbung\/\" \/>\n<meta property=\"og:site_name\" content=\"ATS Corporation\" \/>\n<meta property=\"article:modified_time\" content=\"2023-03-08T21:56:49+00:00\" \/>\n<meta property=\"og:image\" content=\"https:\/\/vipgo.atsautomation.com\/atsautomation\/wp-content\/uploads\/sites\/9\/2020\/05\/background-.jpg\" \/>\n\t<meta property=\"og:image:width\" content=\"1900\" \/>\n\t<meta property=\"og:image:height\" content=\"450\" \/>\n\t<meta property=\"og:image:type\" content=\"image\/jpeg\" \/>\n<meta name=\"twitter:card\" content=\"summary_large_image\" \/>\n<meta name=\"twitter:label1\" content=\"Gesch\u00e4tzte Lesezeit\" \/>\n\t<meta name=\"twitter:data1\" content=\"2 Minuten\" \/>\n<script type=\"application\/ld+json\" class=\"yoast-schema-graph\">{\"@context\":\"https:\/\/schema.org\",\"@graph\":[{\"@type\":\"WebPage\",\"@id\":\"https:\/\/vipgo.atsautomation.com\/atsautomation\/de\/qualitatsmanagement-fur-lieferanten\/neue-lieferanten-bewerbung\/\",\"url\":\"https:\/\/vipgo.atsautomation.com\/atsautomation\/de\/qualitatsmanagement-fur-lieferanten\/neue-lieferanten-bewerbung\/\",\"name\":\"New Supplier Submission | Supplier Quality Management | ATS Automation\",\"isPartOf\":{\"@id\":\"https:\/\/vipgo.atsautomation.com\/atsautomation\/de\/#website\"},\"primaryImageOfPage\":{\"@id\":\"https:\/\/vipgo.atsautomation.com\/atsautomation\/de\/qualitatsmanagement-fur-lieferanten\/neue-lieferanten-bewerbung\/#primaryimage\"},\"image\":{\"@id\":\"https:\/\/vipgo.atsautomation.com\/atsautomation\/de\/qualitatsmanagement-fur-lieferanten\/neue-lieferanten-bewerbung\/#primaryimage\"},\"thumbnailUrl\":\"https:\/\/vipgo.atsautomation.com\/atsautomation\/wp-content\/uploads\/sites\/9\/2020\/05\/background-.jpg\",\"datePublished\":\"2020-07-15T13:09:14+00:00\",\"dateModified\":\"2023-03-08T21:56:49+00:00\",\"description\":\"ATS Automation maintains regulations for New Supplier Submission. New suppliers should read the criteria & complete all necessary forms before contacting us.\",\"breadcrumb\":{\"@id\":\"https:\/\/vipgo.atsautomation.com\/atsautomation\/de\/qualitatsmanagement-fur-lieferanten\/neue-lieferanten-bewerbung\/#breadcrumb\"},\"inLanguage\":\"de-DE\",\"potentialAction\":[{\"@type\":\"ReadAction\",\"target\":[\"https:\/\/vipgo.atsautomation.com\/atsautomation\/de\/qualitatsmanagement-fur-lieferanten\/neue-lieferanten-bewerbung\/\"]}]},{\"@type\":\"ImageObject\",\"inLanguage\":\"de-DE\",\"@id\":\"https:\/\/vipgo.atsautomation.com\/atsautomation\/de\/qualitatsmanagement-fur-lieferanten\/neue-lieferanten-bewerbung\/#primaryimage\",\"url\":\"https:\/\/vipgo.atsautomation.com\/atsautomation\/wp-content\/uploads\/sites\/9\/2020\/05\/background-.jpg\",\"contentUrl\":\"https:\/\/vipgo.atsautomation.com\/atsautomation\/wp-content\/uploads\/sites\/9\/2020\/05\/background-.jpg\",\"width\":1900,\"height\":450},{\"@type\":\"BreadcrumbList\",\"@id\":\"https:\/\/vipgo.atsautomation.com\/atsautomation\/de\/qualitatsmanagement-fur-lieferanten\/neue-lieferanten-bewerbung\/#breadcrumb\",\"itemListElement\":[{\"@type\":\"ListItem\",\"position\":1,\"name\":\"Home\",\"item\":\"https:\/\/vipgo.atsautomation.com\/atsautomation\/de\/\"},{\"@type\":\"ListItem\",\"position\":2,\"name\":\"Qualit\u00e4tsmanagement f\u00fcr Lieferanten\",\"item\":\"https:\/\/vipgo.atsautomation.com\/atsautomation\/de\/qualitatsmanagement-fur-lieferanten\/\"},{\"@type\":\"ListItem\",\"position\":3,\"name\":\"Neue Lieferanten-Bewerbung\"}]},{\"@type\":\"WebSite\",\"@id\":\"https:\/\/vipgo.atsautomation.com\/atsautomation\/de\/#website\",\"url\":\"https:\/\/vipgo.atsautomation.com\/atsautomation\/de\/\",\"name\":\"ATS Corporation\",\"description\":\"Just another vipgo.atsautomation.com site\",\"publisher\":{\"@id\":\"https:\/\/vipgo.atsautomation.com\/atsautomation\/de\/#organization\"},\"potentialAction\":[{\"@type\":\"SearchAction\",\"target\":{\"@type\":\"EntryPoint\",\"urlTemplate\":\"https:\/\/vipgo.atsautomation.com\/atsautomation\/de\/?s={search_term_string}\"},\"query-input\":{\"@type\":\"PropertyValueSpecification\",\"valueRequired\":true,\"valueName\":\"search_term_string\"}}],\"inLanguage\":\"de-DE\"},{\"@type\":\"Organization\",\"@id\":\"https:\/\/vipgo.atsautomation.com\/atsautomation\/de\/#organization\",\"name\":\"ATS Corporation\",\"url\":\"https:\/\/vipgo.atsautomation.com\/atsautomation\/de\/\",\"logo\":{\"@type\":\"ImageObject\",\"inLanguage\":\"de-DE\",\"@id\":\"https:\/\/vipgo.atsautomation.com\/atsautomation\/de\/#\/schema\/logo\/image\/\",\"url\":\"https:\/\/atsautomation.com\/wp-content\/uploads\/sites\/9\/2022\/11\/ATS-logo-colour-RGB_TM.png\",\"contentUrl\":\"https:\/\/atsautomation.com\/wp-content\/uploads\/sites\/9\/2022\/11\/ATS-logo-colour-RGB_TM.png\",\"width\":1880,\"height\":371,\"caption\":\"ATS Corporation\"},\"image\":{\"@id\":\"https:\/\/vipgo.atsautomation.com\/atsautomation\/de\/#\/schema\/logo\/image\/\"}}]}<\/script>\n<!-- \/ Yoast SEO Premium plugin. -->","yoast_head_json":{"title":"New Supplier Submission | Supplier Quality Management | ATS Automation","description":"ATS Automation maintains regulations for New Supplier Submission. New suppliers should read the criteria & complete all necessary forms before contacting us.","robots":{"index":"index","follow":"follow","max-snippet":"max-snippet:-1","max-image-preview":"max-image-preview:large","max-video-preview":"max-video-preview:-1"},"canonical":"https:\/\/vipgo.atsautomation.com\/atsautomation\/de\/qualitatsmanagement-fur-lieferanten\/neue-lieferanten-bewerbung\/","og_locale":"de_DE","og_type":"article","og_title":"Neue Lieferanten-Bewerbung","og_description":"ATS Automation maintains regulations for New Supplier Submission. New suppliers should read the criteria & complete all necessary forms before contacting us.","og_url":"https:\/\/vipgo.atsautomation.com\/atsautomation\/de\/qualitatsmanagement-fur-lieferanten\/neue-lieferanten-bewerbung\/","og_site_name":"ATS Corporation","article_modified_time":"2023-03-08T21:56:49+00:00","og_image":[{"width":1900,"height":450,"url":"https:\/\/vipgo.atsautomation.com\/atsautomation\/wp-content\/uploads\/sites\/9\/2020\/05\/background-.jpg","type":"image\/jpeg"}],"twitter_card":"summary_large_image","twitter_misc":{"Gesch\u00e4tzte Lesezeit":"2 Minuten"},"schema":{"@context":"https:\/\/schema.org","@graph":[{"@type":"WebPage","@id":"https:\/\/vipgo.atsautomation.com\/atsautomation\/de\/qualitatsmanagement-fur-lieferanten\/neue-lieferanten-bewerbung\/","url":"https:\/\/vipgo.atsautomation.com\/atsautomation\/de\/qualitatsmanagement-fur-lieferanten\/neue-lieferanten-bewerbung\/","name":"New Supplier Submission | Supplier Quality Management | ATS Automation","isPartOf":{"@id":"https:\/\/vipgo.atsautomation.com\/atsautomation\/de\/#website"},"primaryImageOfPage":{"@id":"https:\/\/vipgo.atsautomation.com\/atsautomation\/de\/qualitatsmanagement-fur-lieferanten\/neue-lieferanten-bewerbung\/#primaryimage"},"image":{"@id":"https:\/\/vipgo.atsautomation.com\/atsautomation\/de\/qualitatsmanagement-fur-lieferanten\/neue-lieferanten-bewerbung\/#primaryimage"},"thumbnailUrl":"https:\/\/vipgo.atsautomation.com\/atsautomation\/wp-content\/uploads\/sites\/9\/2020\/05\/background-.jpg","datePublished":"2020-07-15T13:09:14+00:00","dateModified":"2023-03-08T21:56:49+00:00","description":"ATS Automation maintains regulations for New Supplier Submission. New suppliers should read the criteria & complete all necessary forms before contacting us.","breadcrumb":{"@id":"https:\/\/vipgo.atsautomation.com\/atsautomation\/de\/qualitatsmanagement-fur-lieferanten\/neue-lieferanten-bewerbung\/#breadcrumb"},"inLanguage":"de-DE","potentialAction":[{"@type":"ReadAction","target":["https:\/\/vipgo.atsautomation.com\/atsautomation\/de\/qualitatsmanagement-fur-lieferanten\/neue-lieferanten-bewerbung\/"]}]},{"@type":"ImageObject","inLanguage":"de-DE","@id":"https:\/\/vipgo.atsautomation.com\/atsautomation\/de\/qualitatsmanagement-fur-lieferanten\/neue-lieferanten-bewerbung\/#primaryimage","url":"https:\/\/vipgo.atsautomation.com\/atsautomation\/wp-content\/uploads\/sites\/9\/2020\/05\/background-.jpg","contentUrl":"https:\/\/vipgo.atsautomation.com\/atsautomation\/wp-content\/uploads\/sites\/9\/2020\/05\/background-.jpg","width":1900,"height":450},{"@type":"BreadcrumbList","@id":"https:\/\/vipgo.atsautomation.com\/atsautomation\/de\/qualitatsmanagement-fur-lieferanten\/neue-lieferanten-bewerbung\/#breadcrumb","itemListElement":[{"@type":"ListItem","position":1,"name":"Home","item":"https:\/\/vipgo.atsautomation.com\/atsautomation\/de\/"},{"@type":"ListItem","position":2,"name":"Qualit\u00e4tsmanagement f\u00fcr Lieferanten","item":"https:\/\/vipgo.atsautomation.com\/atsautomation\/de\/qualitatsmanagement-fur-lieferanten\/"},{"@type":"ListItem","position":3,"name":"Neue Lieferanten-Bewerbung"}]},{"@type":"WebSite","@id":"https:\/\/vipgo.atsautomation.com\/atsautomation\/de\/#website","url":"https:\/\/vipgo.atsautomation.com\/atsautomation\/de\/","name":"ATS Corporation","description":"Just another vipgo.atsautomation.com site","publisher":{"@id":"https:\/\/vipgo.atsautomation.com\/atsautomation\/de\/#organization"},"potentialAction":[{"@type":"SearchAction","target":{"@type":"EntryPoint","urlTemplate":"https:\/\/vipgo.atsautomation.com\/atsautomation\/de\/?s={search_term_string}"},"query-input":{"@type":"PropertyValueSpecification","valueRequired":true,"valueName":"search_term_string"}}],"inLanguage":"de-DE"},{"@type":"Organization","@id":"https:\/\/vipgo.atsautomation.com\/atsautomation\/de\/#organization","name":"ATS Corporation","url":"https:\/\/vipgo.atsautomation.com\/atsautomation\/de\/","logo":{"@type":"ImageObject","inLanguage":"de-DE","@id":"https:\/\/vipgo.atsautomation.com\/atsautomation\/de\/#\/schema\/logo\/image\/","url":"https:\/\/atsautomation.com\/wp-content\/uploads\/sites\/9\/2022\/11\/ATS-logo-colour-RGB_TM.png","contentUrl":"https:\/\/atsautomation.com\/wp-content\/uploads\/sites\/9\/2022\/11\/ATS-logo-colour-RGB_TM.png","width":1880,"height":371,"caption":"ATS Corporation"},"image":{"@id":"https:\/\/vipgo.atsautomation.com\/atsautomation\/de\/#\/schema\/logo\/image\/"}}]}},"acf":[],"jetpack_sharing_enabled":true,"_links":{"self":[{"href":"https:\/\/vipgo.atsautomation.com\/atsautomation\/de\/wp-json\/wp\/v2\/pages\/9725","targetHints":{"allow":["GET"]}}],"collection":[{"href":"https:\/\/vipgo.atsautomation.com\/atsautomation\/de\/wp-json\/wp\/v2\/pages"}],"about":[{"href":"https:\/\/vipgo.atsautomation.com\/atsautomation\/de\/wp-json\/wp\/v2\/types\/page"}],"author":[{"embeddable":true,"href":"https:\/\/vipgo.atsautomation.com\/atsautomation\/de\/wp-json\/wp\/v2\/users\/3"}],"replies":[{"embeddable":true,"href":"https:\/\/vipgo.atsautomation.com\/atsautomation\/de\/wp-json\/wp\/v2\/comments?post=9725"}],"version-history":[{"count":10,"href":"https:\/\/vipgo.atsautomation.com\/atsautomation\/de\/wp-json\/wp\/v2\/pages\/9725\/revisions"}],"predecessor-version":[{"id":36014,"href":"https:\/\/vipgo.atsautomation.com\/atsautomation\/de\/wp-json\/wp\/v2\/pages\/9725\/revisions\/36014"}],"up":[{"embeddable":true,"href":"https:\/\/vipgo.atsautomation.com\/atsautomation\/de\/wp-json\/wp\/v2\/pages\/21884"}],"wp:featuredmedia":[{"embeddable":true,"href":"https:\/\/vipgo.atsautomation.com\/atsautomation\/de\/wp-json\/wp\/v2\/media\/9426"}],"wp:attachment":[{"href":"https:\/\/vipgo.atsautomation.com\/atsautomation\/de\/wp-json\/wp\/v2\/media?parent=9725"}],"curies":[{"name":"wp","href":"https:\/\/api.w.org\/{rel}","templated":true}]}}