{"id":9830,"date":"2020-07-15T13:09:19","date_gmt":"2020-07-15T13:09:19","guid":{"rendered":"https:\/\/atsautomation.com\/qualitatsneuigkeiten-fur-lieferanten\/"},"modified":"2020-08-19T13:45:28","modified_gmt":"2020-08-19T13:45:28","slug":"qualitatsneuigkeiten-fur-lieferanten","status":"publish","type":"page","link":"https:\/\/vipgo.atsautomation.com\/atsautomation\/de\/qualitatsmanagement-fur-lieferanten\/qualitatsneuigkeiten-fur-lieferanten\/","title":{"rendered":"Qualit\u00e4tsneuigkeiten f\u00fcr Lieferanten"},"content":{"rendered":"<div class=\"row col-md-3\">\n<div class=\"two\"><a href=\"https:\/\/atsautomation.com\/de\/existing-supplier-documentation\/\">Bestehende Lieferantendokumentation<\/a><\/div>\n<div class=\"two\"><a href=\"https:\/\/atsautomation.com\/de\/existing-supplier-feedback\/\">Bestehendes Lieferanten-Feedback<\/a><\/div>\n<div class=\"two\"><a href=\"https:\/\/atsautomation.com\/de\/new-supplier-submission\/\">Neue Lieferanten-Bewerbung<\/a><\/div>\n<div class=\"two\"><a href=\"https:\/\/atsautomation.com\/de\/ats-supplier-quality-requirements\/\">Qualit\u00e4tsanforderungen f\u00fcr Lieferanten von ATS<\/a><\/div>\n<div class=\"two\"><a href=\"https:\/\/atsautomation.com\/de\/supplier-resource-library\/\">Nachschlagwerk f\u00fcr Lieferanten<\/a><\/div>\n<div class=\"two\"><a href=\"https:\/\/atsautomation.com\/de\/global-supplier-quality-manual\/\">Globales Qualit\u00e4tshandbuch f\u00fcr Lieferanten<\/a><\/div>\n<div class=\"two\"><a href=\"https:\/\/atsautomation.com\/de\/supplier-deviation-waiver-process\/\">Lieferantenabweichung und Prozess bei Abweichungen oder Nichterf\u00fcllung<\/a><\/div>\n<div class=\"two\"><a href=\"https:\/\/atsautomation.com\/de\/supplier-quality-news\/\">Qualit\u00e4tsneuigkeiten f\u00fcr Lieferanten<\/a><\/div>\n<div class=\"two\"><a href=\"https:\/\/atsautomation.com\/de\/supplier-code-of-ethics\/\">Ethik-Kodex f\u00fcr Lieferanten<\/a><\/div>\n<\/div>\n<div class=\"row col-md-9\">\n<h2>F\u00fcr s\u00e4mtliche Aktualisierungen zur ATS-Lieferantenqualit\u00e4t, Neuigkeiten und Auszeichnungen.<\/h2>\n<p><strong>September 2017: Lieferant des Jahres <\/strong><\/p>\n<p><img loading=\"lazy\" decoding=\"async\" src=\"https:\/\/atsautomation.com\/wp-content\/uploads\/sites\/9\/2020\/06\/Misumi-Award-2017-good.jpg\" alt=\"\" width=\"455\" height=\"300\" class=\"alignnone size-full wp-image-3089\" srcset=\"https:\/\/vipgo.atsautomation.com\/atsautomation\/wp-content\/uploads\/sites\/9\/2020\/06\/Misumi-Award-2017-good.jpg 455w, https:\/\/vipgo.atsautomation.com\/atsautomation\/wp-content\/uploads\/sites\/9\/2020\/06\/Misumi-Award-2017-good.jpg?resize=300,198 300w\" sizes=\"auto, (max-width: 455px) 100vw, 455px\" \/><\/p>\n<p>ATS \u00fcberreichte Misumi die Auszeichnung f\u00fcr FJ17 zum Lieferant des Jahres f\u00fcr die herausragenden Bem\u00fchungen des Unternehmens um Qualit\u00e4t und Lieferung. Misumi bietet L\u00f6sungen f\u00fcr Abteilungen von ATS auf der ganzen Welt und ist ein wichtiger Partner f\u00fcr unseren anhaltenden Erfolg. Misumi erhielt diese Auszeichnung auch f\u00fcr das FJ10, FJ11 und FJ12.<\/p>\n<p>Zu den anwesenden Vertretern von Misumi geh\u00f6ren: Cornel Luca, Meredith Johnson, Yau-Han Dang und Michael Purchase.<\/p>\n<p>Klicken Sie hier, um die <a href=\"https:\/\/atsautomation.com\/de\/vorherige-gewinner-des-titels-lieferant-des-jahres\/\">fr\u00fcheren Gewinner<\/a> anzuzeigen.\n<\/div>\n","protected":false},"excerpt":{"rendered":"<p>Bestehende Lieferantendokumentation Bestehendes Lieferanten-Feedback Neue Lieferanten-Bewerbung Qualit\u00e4tsanforderungen f\u00fcr Lieferanten von ATS Nachschlagwerk f\u00fcr Lieferanten Globales Qualit\u00e4tshandbuch f\u00fcr Lieferanten Lieferantenabweichung und Prozess bei Abweichungen oder Nichterf\u00fcllung Qualit\u00e4tsneuigkeiten f\u00fcr Lieferanten Ethik-Kodex f\u00fcr Lieferanten F\u00fcr s\u00e4mtliche Aktualisierungen zur ATS-Lieferantenqualit\u00e4t, Neuigkeiten und Auszeichnungen. September 2017: Lieferant des Jahres ATS \u00fcberreichte Misumi die Auszeichnung f\u00fcr FJ17 zum Lieferant des Jahres f\u00fcr die herausragenden Bem\u00fchungen des&#8230;<\/p>\n<div class=\"post-button\"><a href=\"https:\/\/vipgo.atsautomation.com\/atsautomation\/de\/qualitatsmanagement-fur-lieferanten\/qualitatsneuigkeiten-fur-lieferanten\/\">Read More<\/a><\/div>\n","protected":false},"author":3,"featured_media":8804,"parent":21884,"menu_order":0,"comment_status":"closed","ping_status":"closed","template":"","meta":{"_acf_changed":false,"footnotes":""},"class_list":["post-9830","page","type-page","status-publish","has-post-thumbnail","hentry"],"yoast_head":"<!-- This site is optimized with the Yoast SEO Premium plugin v26.8 (Yoast SEO v26.8) - https:\/\/yoast.com\/product\/yoast-seo-premium-wordpress\/ -->\n<title>Supplier Quality News | Supplier Updates | ATS Automation<\/title>\n<meta name=\"description\" content=\"Visit ATS Automation&#039;s Supplier Quality News center for all of your ATS supplier quality updates, news &amp; awards. Stay up to date on all supplier-related news.\" \/>\n<meta name=\"robots\" content=\"index, follow, max-snippet:-1, max-image-preview:large, max-video-preview:-1\" \/>\n<link rel=\"canonical\" href=\"https:\/\/vipgo.atsautomation.com\/atsautomation\/de\/qualitatsmanagement-fur-lieferanten\/qualitatsneuigkeiten-fur-lieferanten\/\" \/>\n<meta property=\"og:locale\" content=\"de_DE\" \/>\n<meta property=\"og:type\" content=\"article\" \/>\n<meta property=\"og:title\" content=\"Qualit\u00e4tsneuigkeiten f\u00fcr Lieferanten\" \/>\n<meta property=\"og:description\" content=\"Visit ATS Automation&#039;s Supplier Quality News center for all of your ATS supplier quality updates, news &amp; awards. Stay up to date on all supplier-related news.\" \/>\n<meta property=\"og:url\" content=\"https:\/\/vipgo.atsautomation.com\/atsautomation\/de\/qualitatsmanagement-fur-lieferanten\/qualitatsneuigkeiten-fur-lieferanten\/\" \/>\n<meta property=\"og:site_name\" content=\"ATS Corporation\" \/>\n<meta property=\"article:modified_time\" content=\"2020-08-19T13:45:28+00:00\" \/>\n<meta property=\"og:image\" content=\"https:\/\/vipgo.atsautomation.com\/atsautomation\/wp-content\/uploads\/sites\/9\/2020\/05\/ATS-LifeSciences-banner_1500x500.jpg\" \/>\n\t<meta property=\"og:image:width\" content=\"1500\" \/>\n\t<meta property=\"og:image:height\" content=\"500\" \/>\n\t<meta property=\"og:image:type\" content=\"image\/jpeg\" \/>\n<meta name=\"twitter:card\" content=\"summary_large_image\" \/>\n<meta name=\"twitter:label1\" content=\"Gesch\u00e4tzte Lesezeit\" \/>\n\t<meta name=\"twitter:data1\" content=\"1 Minute\" \/>\n<script type=\"application\/ld+json\" class=\"yoast-schema-graph\">{\"@context\":\"https:\/\/schema.org\",\"@graph\":[{\"@type\":\"WebPage\",\"@id\":\"https:\/\/vipgo.atsautomation.com\/atsautomation\/de\/qualitatsmanagement-fur-lieferanten\/qualitatsneuigkeiten-fur-lieferanten\/\",\"url\":\"https:\/\/vipgo.atsautomation.com\/atsautomation\/de\/qualitatsmanagement-fur-lieferanten\/qualitatsneuigkeiten-fur-lieferanten\/\",\"name\":\"Supplier Quality News | Supplier Updates | ATS Automation\",\"isPartOf\":{\"@id\":\"https:\/\/vipgo.atsautomation.com\/atsautomation\/de\/#website\"},\"primaryImageOfPage\":{\"@id\":\"https:\/\/vipgo.atsautomation.com\/atsautomation\/de\/qualitatsmanagement-fur-lieferanten\/qualitatsneuigkeiten-fur-lieferanten\/#primaryimage\"},\"image\":{\"@id\":\"https:\/\/vipgo.atsautomation.com\/atsautomation\/de\/qualitatsmanagement-fur-lieferanten\/qualitatsneuigkeiten-fur-lieferanten\/#primaryimage\"},\"thumbnailUrl\":\"https:\/\/vipgo.atsautomation.com\/atsautomation\/wp-content\/uploads\/sites\/9\/2020\/05\/ATS-LifeSciences-banner_1500x500.jpg\",\"datePublished\":\"2020-07-15T13:09:19+00:00\",\"dateModified\":\"2020-08-19T13:45:28+00:00\",\"description\":\"Visit ATS Automation's Supplier Quality News center for all of your ATS supplier quality updates, news & awards. Stay up to date on all supplier-related news.\",\"breadcrumb\":{\"@id\":\"https:\/\/vipgo.atsautomation.com\/atsautomation\/de\/qualitatsmanagement-fur-lieferanten\/qualitatsneuigkeiten-fur-lieferanten\/#breadcrumb\"},\"inLanguage\":\"de-DE\",\"potentialAction\":[{\"@type\":\"ReadAction\",\"target\":[\"https:\/\/vipgo.atsautomation.com\/atsautomation\/de\/qualitatsmanagement-fur-lieferanten\/qualitatsneuigkeiten-fur-lieferanten\/\"]}]},{\"@type\":\"ImageObject\",\"inLanguage\":\"de-DE\",\"@id\":\"https:\/\/vipgo.atsautomation.com\/atsautomation\/de\/qualitatsmanagement-fur-lieferanten\/qualitatsneuigkeiten-fur-lieferanten\/#primaryimage\",\"url\":\"https:\/\/vipgo.atsautomation.com\/atsautomation\/wp-content\/uploads\/sites\/9\/2020\/05\/ATS-LifeSciences-banner_1500x500.jpg\",\"contentUrl\":\"https:\/\/vipgo.atsautomation.com\/atsautomation\/wp-content\/uploads\/sites\/9\/2020\/05\/ATS-LifeSciences-banner_1500x500.jpg\",\"width\":1500,\"height\":500},{\"@type\":\"BreadcrumbList\",\"@id\":\"https:\/\/vipgo.atsautomation.com\/atsautomation\/de\/qualitatsmanagement-fur-lieferanten\/qualitatsneuigkeiten-fur-lieferanten\/#breadcrumb\",\"itemListElement\":[{\"@type\":\"ListItem\",\"position\":1,\"name\":\"Home\",\"item\":\"https:\/\/vipgo.atsautomation.com\/atsautomation\/de\/\"},{\"@type\":\"ListItem\",\"position\":2,\"name\":\"Qualit\u00e4tsmanagement f\u00fcr Lieferanten\",\"item\":\"https:\/\/vipgo.atsautomation.com\/atsautomation\/de\/qualitatsmanagement-fur-lieferanten\/\"},{\"@type\":\"ListItem\",\"position\":3,\"name\":\"Qualit\u00e4tsneuigkeiten f\u00fcr Lieferanten\"}]},{\"@type\":\"WebSite\",\"@id\":\"https:\/\/vipgo.atsautomation.com\/atsautomation\/de\/#website\",\"url\":\"https:\/\/vipgo.atsautomation.com\/atsautomation\/de\/\",\"name\":\"ATS Corporation\",\"description\":\"Just another vipgo.atsautomation.com site\",\"publisher\":{\"@id\":\"https:\/\/vipgo.atsautomation.com\/atsautomation\/de\/#organization\"},\"potentialAction\":[{\"@type\":\"SearchAction\",\"target\":{\"@type\":\"EntryPoint\",\"urlTemplate\":\"https:\/\/vipgo.atsautomation.com\/atsautomation\/de\/?s={search_term_string}\"},\"query-input\":{\"@type\":\"PropertyValueSpecification\",\"valueRequired\":true,\"valueName\":\"search_term_string\"}}],\"inLanguage\":\"de-DE\"},{\"@type\":\"Organization\",\"@id\":\"https:\/\/vipgo.atsautomation.com\/atsautomation\/de\/#organization\",\"name\":\"ATS Corporation\",\"url\":\"https:\/\/vipgo.atsautomation.com\/atsautomation\/de\/\",\"logo\":{\"@type\":\"ImageObject\",\"inLanguage\":\"de-DE\",\"@id\":\"https:\/\/vipgo.atsautomation.com\/atsautomation\/de\/#\/schema\/logo\/image\/\",\"url\":\"https:\/\/atsautomation.com\/wp-content\/uploads\/sites\/9\/2022\/11\/ATS-logo-colour-RGB_TM.png\",\"contentUrl\":\"https:\/\/atsautomation.com\/wp-content\/uploads\/sites\/9\/2022\/11\/ATS-logo-colour-RGB_TM.png\",\"width\":1880,\"height\":371,\"caption\":\"ATS Corporation\"},\"image\":{\"@id\":\"https:\/\/vipgo.atsautomation.com\/atsautomation\/de\/#\/schema\/logo\/image\/\"}}]}<\/script>\n<!-- \/ Yoast SEO Premium plugin. -->","yoast_head_json":{"title":"Supplier Quality News | Supplier Updates | ATS Automation","description":"Visit ATS Automation's Supplier Quality News center for all of your ATS supplier quality updates, news & awards. Stay up to date on all supplier-related news.","robots":{"index":"index","follow":"follow","max-snippet":"max-snippet:-1","max-image-preview":"max-image-preview:large","max-video-preview":"max-video-preview:-1"},"canonical":"https:\/\/vipgo.atsautomation.com\/atsautomation\/de\/qualitatsmanagement-fur-lieferanten\/qualitatsneuigkeiten-fur-lieferanten\/","og_locale":"de_DE","og_type":"article","og_title":"Qualit\u00e4tsneuigkeiten f\u00fcr Lieferanten","og_description":"Visit ATS Automation's Supplier Quality News center for all of your ATS supplier quality updates, news & awards. Stay up to date on all supplier-related news.","og_url":"https:\/\/vipgo.atsautomation.com\/atsautomation\/de\/qualitatsmanagement-fur-lieferanten\/qualitatsneuigkeiten-fur-lieferanten\/","og_site_name":"ATS Corporation","article_modified_time":"2020-08-19T13:45:28+00:00","og_image":[{"width":1500,"height":500,"url":"https:\/\/vipgo.atsautomation.com\/atsautomation\/wp-content\/uploads\/sites\/9\/2020\/05\/ATS-LifeSciences-banner_1500x500.jpg","type":"image\/jpeg"}],"twitter_card":"summary_large_image","twitter_misc":{"Gesch\u00e4tzte Lesezeit":"1 Minute"},"schema":{"@context":"https:\/\/schema.org","@graph":[{"@type":"WebPage","@id":"https:\/\/vipgo.atsautomation.com\/atsautomation\/de\/qualitatsmanagement-fur-lieferanten\/qualitatsneuigkeiten-fur-lieferanten\/","url":"https:\/\/vipgo.atsautomation.com\/atsautomation\/de\/qualitatsmanagement-fur-lieferanten\/qualitatsneuigkeiten-fur-lieferanten\/","name":"Supplier Quality News | Supplier Updates | ATS Automation","isPartOf":{"@id":"https:\/\/vipgo.atsautomation.com\/atsautomation\/de\/#website"},"primaryImageOfPage":{"@id":"https:\/\/vipgo.atsautomation.com\/atsautomation\/de\/qualitatsmanagement-fur-lieferanten\/qualitatsneuigkeiten-fur-lieferanten\/#primaryimage"},"image":{"@id":"https:\/\/vipgo.atsautomation.com\/atsautomation\/de\/qualitatsmanagement-fur-lieferanten\/qualitatsneuigkeiten-fur-lieferanten\/#primaryimage"},"thumbnailUrl":"https:\/\/vipgo.atsautomation.com\/atsautomation\/wp-content\/uploads\/sites\/9\/2020\/05\/ATS-LifeSciences-banner_1500x500.jpg","datePublished":"2020-07-15T13:09:19+00:00","dateModified":"2020-08-19T13:45:28+00:00","description":"Visit ATS Automation's Supplier Quality News center for all of your ATS supplier quality updates, news & awards. Stay up to date on all supplier-related news.","breadcrumb":{"@id":"https:\/\/vipgo.atsautomation.com\/atsautomation\/de\/qualitatsmanagement-fur-lieferanten\/qualitatsneuigkeiten-fur-lieferanten\/#breadcrumb"},"inLanguage":"de-DE","potentialAction":[{"@type":"ReadAction","target":["https:\/\/vipgo.atsautomation.com\/atsautomation\/de\/qualitatsmanagement-fur-lieferanten\/qualitatsneuigkeiten-fur-lieferanten\/"]}]},{"@type":"ImageObject","inLanguage":"de-DE","@id":"https:\/\/vipgo.atsautomation.com\/atsautomation\/de\/qualitatsmanagement-fur-lieferanten\/qualitatsneuigkeiten-fur-lieferanten\/#primaryimage","url":"https:\/\/vipgo.atsautomation.com\/atsautomation\/wp-content\/uploads\/sites\/9\/2020\/05\/ATS-LifeSciences-banner_1500x500.jpg","contentUrl":"https:\/\/vipgo.atsautomation.com\/atsautomation\/wp-content\/uploads\/sites\/9\/2020\/05\/ATS-LifeSciences-banner_1500x500.jpg","width":1500,"height":500},{"@type":"BreadcrumbList","@id":"https:\/\/vipgo.atsautomation.com\/atsautomation\/de\/qualitatsmanagement-fur-lieferanten\/qualitatsneuigkeiten-fur-lieferanten\/#breadcrumb","itemListElement":[{"@type":"ListItem","position":1,"name":"Home","item":"https:\/\/vipgo.atsautomation.com\/atsautomation\/de\/"},{"@type":"ListItem","position":2,"name":"Qualit\u00e4tsmanagement f\u00fcr Lieferanten","item":"https:\/\/vipgo.atsautomation.com\/atsautomation\/de\/qualitatsmanagement-fur-lieferanten\/"},{"@type":"ListItem","position":3,"name":"Qualit\u00e4tsneuigkeiten f\u00fcr Lieferanten"}]},{"@type":"WebSite","@id":"https:\/\/vipgo.atsautomation.com\/atsautomation\/de\/#website","url":"https:\/\/vipgo.atsautomation.com\/atsautomation\/de\/","name":"ATS Corporation","description":"Just another vipgo.atsautomation.com site","publisher":{"@id":"https:\/\/vipgo.atsautomation.com\/atsautomation\/de\/#organization"},"potentialAction":[{"@type":"SearchAction","target":{"@type":"EntryPoint","urlTemplate":"https:\/\/vipgo.atsautomation.com\/atsautomation\/de\/?s={search_term_string}"},"query-input":{"@type":"PropertyValueSpecification","valueRequired":true,"valueName":"search_term_string"}}],"inLanguage":"de-DE"},{"@type":"Organization","@id":"https:\/\/vipgo.atsautomation.com\/atsautomation\/de\/#organization","name":"ATS Corporation","url":"https:\/\/vipgo.atsautomation.com\/atsautomation\/de\/","logo":{"@type":"ImageObject","inLanguage":"de-DE","@id":"https:\/\/vipgo.atsautomation.com\/atsautomation\/de\/#\/schema\/logo\/image\/","url":"https:\/\/atsautomation.com\/wp-content\/uploads\/sites\/9\/2022\/11\/ATS-logo-colour-RGB_TM.png","contentUrl":"https:\/\/atsautomation.com\/wp-content\/uploads\/sites\/9\/2022\/11\/ATS-logo-colour-RGB_TM.png","width":1880,"height":371,"caption":"ATS Corporation"},"image":{"@id":"https:\/\/vipgo.atsautomation.com\/atsautomation\/de\/#\/schema\/logo\/image\/"}}]}},"acf":[],"jetpack_sharing_enabled":true,"_links":{"self":[{"href":"https:\/\/vipgo.atsautomation.com\/atsautomation\/de\/wp-json\/wp\/v2\/pages\/9830","targetHints":{"allow":["GET"]}}],"collection":[{"href":"https:\/\/vipgo.atsautomation.com\/atsautomation\/de\/wp-json\/wp\/v2\/pages"}],"about":[{"href":"https:\/\/vipgo.atsautomation.com\/atsautomation\/de\/wp-json\/wp\/v2\/types\/page"}],"author":[{"embeddable":true,"href":"https:\/\/vipgo.atsautomation.com\/atsautomation\/de\/wp-json\/wp\/v2\/users\/3"}],"replies":[{"embeddable":true,"href":"https:\/\/vipgo.atsautomation.com\/atsautomation\/de\/wp-json\/wp\/v2\/comments?post=9830"}],"version-history":[{"count":2,"href":"https:\/\/vipgo.atsautomation.com\/atsautomation\/de\/wp-json\/wp\/v2\/pages\/9830\/revisions"}],"predecessor-version":[{"id":23541,"href":"https:\/\/vipgo.atsautomation.com\/atsautomation\/de\/wp-json\/wp\/v2\/pages\/9830\/revisions\/23541"}],"up":[{"embeddable":true,"href":"https:\/\/vipgo.atsautomation.com\/atsautomation\/de\/wp-json\/wp\/v2\/pages\/21884"}],"wp:featuredmedia":[{"embeddable":true,"href":"https:\/\/vipgo.atsautomation.com\/atsautomation\/de\/wp-json\/wp\/v2\/media\/8804"}],"wp:attachment":[{"href":"https:\/\/vipgo.atsautomation.com\/atsautomation\/de\/wp-json\/wp\/v2\/media?parent=9830"}],"curies":[{"name":"wp","href":"https:\/\/api.w.org\/{rel}","templated":true}]}}