{"id":9858,"date":"2020-07-15T13:09:21","date_gmt":"2020-07-15T13:09:21","guid":{"rendered":"https:\/\/atsautomation.com\/ethik-kodex-fur-lieferanten\/"},"modified":"2024-07-19T14:54:42","modified_gmt":"2024-07-19T14:54:42","slug":"ethik-kodex-fur-lieferanten","status":"publish","type":"page","link":"https:\/\/vipgo.atsautomation.com\/atsautomation\/de\/qualitatsmanagement-fur-lieferanten\/ethik-kodex-fur-lieferanten\/","title":{"rendered":"Ethik-Kodex f\u00fcr Lieferanten"},"content":{"rendered":"<div class=\"row col-md-3\">\n<div class=\"two\"><a href=\"https:\/\/atsautomation.com\/de\/existing-supplier-documentation\/\">Bestehende Lieferantendokumentation<\/a><\/div>\n<div class=\"two\"><a href=\"https:\/\/atsautomation.com\/de\/existing-supplier-feedback\/\">Bestehendes Lieferanten-Feedback<\/a><\/div>\n<div class=\"two\"><a href=\"https:\/\/atsautomation.com\/de\/new-supplier-submission\/\">Neue Lieferanten-Bewerbung<\/a><\/div>\n<div class=\"two\"><a href=\"https:\/\/atsautomation.com\/de\/ats-supplier-quality-requirements\/\">Qualit\u00e4tsanforderungen f\u00fcr Lieferanten von ATS<\/a><\/div>\n<div class=\"two\"><a href=\"https:\/\/atsautomation.com\/de\/supplier-resource-library\/\">Nachschlagwerk f\u00fcr Lieferanten<\/a><\/div>\n<div class=\"two\"><a href=\"https:\/\/atsautomation.com\/de\/global-supplier-quality-manual\/\">Globales Qualit\u00e4tshandbuch f\u00fcr Lieferanten<\/a><\/div>\n<div class=\"two\"><a href=\"https:\/\/atsautomation.com\/de\/supplier-deviation-waiver-process\/\">Lieferantenabweichung und Prozess bei Abweichungen oder Nichterf\u00fcllung<\/a><\/div>\n<div class=\"two\"><a href=\"https:\/\/atsautomation.com\/de\/supplier-quality-news\/\">Qualit\u00e4tsneuigkeiten f\u00fcr Lieferanten<\/a><\/div>\n<div class=\"two\"><a href=\"https:\/\/atsautomation.com\/de\/supplier-code-of-ethics\/\">Ethik-Kodex f\u00fcr Lieferanten<\/a><\/div>\n<\/div>\n<div class=\"row col-md-9\">\n<div class=\"full-section row\">\n<div class=\"first-division col-md-8\">\n<h2>ATS hat sich verpflichtet, seine Gesch\u00e4fte auf professionelle, ehrliche und ethische Weise zu f\u00fchren und die Gesetze einzuhalten, wo immer das Unternehmen gesch\u00e4ftlich t\u00e4tigt ist.<\/h2>\n<h3 class=\"Default\">ETHISCHE GESCH\u00c4FTSPRAKTIKEN<\/h3>\n<p class=\"Default\">ATS erwartet von allen seinen Lieferanten, dass sie ihre Gesch\u00e4fte auf professionelle, ehrliche und ethische Weise f\u00fchren und sich an alle geltenden Gesetze halten, wo immer sie gesch\u00e4ftlich t\u00e4tig sind, einschlie\u00dflich der Gesetze in Bezug auf Arbeitsrecht, Menschenrechte, Umwelt sowie Gesundheit und Sicherheit. ATS wird sich nicht mit Lieferanten befassen, die diese Erwartungen oder diesen Kodex nicht erf\u00fcllen. ATS beh\u00e4lt sich das Recht vor, diesen <a href=\"https:\/\/atsautomation.com\/wp-content\/uploads\/sites\/9\/2020\/10\/Vendor_Code_of_Ethics_DE.pdf\" target=\"_blank\" rel=\"noopener noreferrer\">Ethik-Kodex f\u00fcr Lieferanten<\/a> hin und wieder zu \u00fcberarbeiten.<\/p>\n<p class=\"Default\">Bitte reichen Sie das unterschriebene Formular zum Ethik-Kodex f\u00fcr Lieferanten bei Ihrem ATS-Ansprechpartner ein, der f\u00fcr die Lieferkette zust\u00e4ndig ist.<\/p>\n<\/div>\n<div class=\"aside col-md-4\">\n<div class=\"sidebarBlock contacts\"><a href=\"https:\/\/atsautomation.com\/wp-content\/uploads\/sites\/9\/2024\/07\/2024-COE-DE-Final.pdf\"><img loading=\"lazy\" decoding=\"async\" class=\"alignnone wp-image-37116\" src=\"https:\/\/atsautomation.com\/wp-content\/uploads\/sites\/9\/2024\/07\/Supplier-Code-Ethics-Cover-2024.png?w=300\" alt=\"\" width=\"213\" height=\"199\" \/><\/a><br \/>\n<a href=\"https:\/\/atsautomation.com\/wp-content\/uploads\/sites\/9\/2024\/07\/2024-COE-DE-Final.pdf\" target=\"_blank\" rel=\"noopener noreferrer\" data-wplink-edit=\"true\">Ethik-Kodex f\u00fcr Lieferanten<\/a><\/div>\n<div class=\"sidebarBlock contacts\">\n<h3>Meldung m\u00f6glicher Verst\u00f6\u00dfe gegen die Ethik-Standards von ATS<\/h3>\n<div class=\"deets\">Direktor, Unternehmensrevision<br \/>\n<a href=\"mailto:ethics@atsautomation.com\">ethics@atsautomation.com<\/a><\/div>\n<\/div>\n<\/div>\n<\/div>\n<\/div>\n","protected":false},"excerpt":{"rendered":"<p>Bestehende Lieferantendokumentation Bestehendes Lieferanten-Feedback Neue Lieferanten-Bewerbung Qualit\u00e4tsanforderungen f\u00fcr Lieferanten von ATS Nachschlagwerk f\u00fcr Lieferanten Globales Qualit\u00e4tshandbuch f\u00fcr Lieferanten Lieferantenabweichung und Prozess bei Abweichungen oder Nichterf\u00fcllung Qualit\u00e4tsneuigkeiten f\u00fcr Lieferanten Ethik-Kodex f\u00fcr Lieferanten ATS hat sich verpflichtet, seine Gesch\u00e4fte auf professionelle, ehrliche und ethische Weise zu f\u00fchren und die Gesetze einzuhalten, wo immer das Unternehmen gesch\u00e4ftlich t\u00e4tigt ist. ETHISCHE GESCH\u00c4FTSPRAKTIKEN ATS erwartet&#8230;<\/p>\n<div class=\"post-button\"><a href=\"https:\/\/vipgo.atsautomation.com\/atsautomation\/de\/qualitatsmanagement-fur-lieferanten\/ethik-kodex-fur-lieferanten\/\">Read More<\/a><\/div>\n","protected":false},"author":3,"featured_media":9426,"parent":21884,"menu_order":0,"comment_status":"closed","ping_status":"closed","template":"","meta":{"_acf_changed":false,"footnotes":""},"class_list":["post-9858","page","type-page","status-publish","has-post-thumbnail","hentry"],"yoast_head":"<!-- This site is optimized with the Yoast SEO Premium plugin v26.8 (Yoast SEO v26.8) - https:\/\/yoast.com\/product\/yoast-seo-premium-wordpress\/ -->\n<title>Supplier Code Of Ethics | Supplier Quality Management | ATS Automation<\/title>\n<meta name=\"description\" content=\"ATS Automation conducts business in a professional, honest &amp; ethical manner. We comply with the law whenever conducting business. Review our Code of Ethics.\" \/>\n<meta name=\"robots\" content=\"index, follow, max-snippet:-1, max-image-preview:large, max-video-preview:-1\" \/>\n<link rel=\"canonical\" href=\"https:\/\/vipgo.atsautomation.com\/atsautomation\/de\/qualitatsmanagement-fur-lieferanten\/ethik-kodex-fur-lieferanten\/\" \/>\n<meta property=\"og:locale\" content=\"de_DE\" \/>\n<meta property=\"og:type\" content=\"article\" \/>\n<meta property=\"og:title\" content=\"Ethik-Kodex f\u00fcr Lieferanten\" \/>\n<meta property=\"og:description\" content=\"ATS Automation conducts business in a professional, honest &amp; ethical manner. We comply with the law whenever conducting business. Review our Code of Ethics.\" \/>\n<meta property=\"og:url\" content=\"https:\/\/vipgo.atsautomation.com\/atsautomation\/de\/qualitatsmanagement-fur-lieferanten\/ethik-kodex-fur-lieferanten\/\" \/>\n<meta property=\"og:site_name\" content=\"ATS Corporation\" \/>\n<meta property=\"article:modified_time\" content=\"2024-07-19T14:54:42+00:00\" \/>\n<meta property=\"og:image\" content=\"https:\/\/vipgo.atsautomation.com\/atsautomation\/wp-content\/uploads\/sites\/9\/2020\/05\/background-.jpg\" \/>\n\t<meta property=\"og:image:width\" content=\"1900\" \/>\n\t<meta property=\"og:image:height\" content=\"450\" \/>\n\t<meta property=\"og:image:type\" content=\"image\/jpeg\" \/>\n<meta name=\"twitter:card\" content=\"summary_large_image\" \/>\n<meta name=\"twitter:label1\" content=\"Gesch\u00e4tzte Lesezeit\" \/>\n\t<meta name=\"twitter:data1\" content=\"1 Minute\" \/>\n<script type=\"application\/ld+json\" class=\"yoast-schema-graph\">{\"@context\":\"https:\/\/schema.org\",\"@graph\":[{\"@type\":\"WebPage\",\"@id\":\"https:\/\/vipgo.atsautomation.com\/atsautomation\/de\/qualitatsmanagement-fur-lieferanten\/ethik-kodex-fur-lieferanten\/\",\"url\":\"https:\/\/vipgo.atsautomation.com\/atsautomation\/de\/qualitatsmanagement-fur-lieferanten\/ethik-kodex-fur-lieferanten\/\",\"name\":\"Supplier Code Of Ethics | Supplier Quality Management | ATS Automation\",\"isPartOf\":{\"@id\":\"https:\/\/vipgo.atsautomation.com\/atsautomation\/de\/#website\"},\"primaryImageOfPage\":{\"@id\":\"https:\/\/vipgo.atsautomation.com\/atsautomation\/de\/qualitatsmanagement-fur-lieferanten\/ethik-kodex-fur-lieferanten\/#primaryimage\"},\"image\":{\"@id\":\"https:\/\/vipgo.atsautomation.com\/atsautomation\/de\/qualitatsmanagement-fur-lieferanten\/ethik-kodex-fur-lieferanten\/#primaryimage\"},\"thumbnailUrl\":\"https:\/\/vipgo.atsautomation.com\/atsautomation\/wp-content\/uploads\/sites\/9\/2020\/05\/background-.jpg\",\"datePublished\":\"2020-07-15T13:09:21+00:00\",\"dateModified\":\"2024-07-19T14:54:42+00:00\",\"description\":\"ATS Automation conducts business in a professional, honest & ethical manner. We comply with the law whenever conducting business. Review our Code of Ethics.\",\"breadcrumb\":{\"@id\":\"https:\/\/vipgo.atsautomation.com\/atsautomation\/de\/qualitatsmanagement-fur-lieferanten\/ethik-kodex-fur-lieferanten\/#breadcrumb\"},\"inLanguage\":\"de-DE\",\"potentialAction\":[{\"@type\":\"ReadAction\",\"target\":[\"https:\/\/vipgo.atsautomation.com\/atsautomation\/de\/qualitatsmanagement-fur-lieferanten\/ethik-kodex-fur-lieferanten\/\"]}]},{\"@type\":\"ImageObject\",\"inLanguage\":\"de-DE\",\"@id\":\"https:\/\/vipgo.atsautomation.com\/atsautomation\/de\/qualitatsmanagement-fur-lieferanten\/ethik-kodex-fur-lieferanten\/#primaryimage\",\"url\":\"https:\/\/vipgo.atsautomation.com\/atsautomation\/wp-content\/uploads\/sites\/9\/2020\/05\/background-.jpg\",\"contentUrl\":\"https:\/\/vipgo.atsautomation.com\/atsautomation\/wp-content\/uploads\/sites\/9\/2020\/05\/background-.jpg\",\"width\":1900,\"height\":450},{\"@type\":\"BreadcrumbList\",\"@id\":\"https:\/\/vipgo.atsautomation.com\/atsautomation\/de\/qualitatsmanagement-fur-lieferanten\/ethik-kodex-fur-lieferanten\/#breadcrumb\",\"itemListElement\":[{\"@type\":\"ListItem\",\"position\":1,\"name\":\"Home\",\"item\":\"https:\/\/vipgo.atsautomation.com\/atsautomation\/de\/\"},{\"@type\":\"ListItem\",\"position\":2,\"name\":\"Qualit\u00e4tsmanagement f\u00fcr Lieferanten\",\"item\":\"https:\/\/vipgo.atsautomation.com\/atsautomation\/de\/qualitatsmanagement-fur-lieferanten\/\"},{\"@type\":\"ListItem\",\"position\":3,\"name\":\"Ethik-Kodex f\u00fcr Lieferanten\"}]},{\"@type\":\"WebSite\",\"@id\":\"https:\/\/vipgo.atsautomation.com\/atsautomation\/de\/#website\",\"url\":\"https:\/\/vipgo.atsautomation.com\/atsautomation\/de\/\",\"name\":\"ATS Corporation\",\"description\":\"Just another vipgo.atsautomation.com site\",\"publisher\":{\"@id\":\"https:\/\/vipgo.atsautomation.com\/atsautomation\/de\/#organization\"},\"potentialAction\":[{\"@type\":\"SearchAction\",\"target\":{\"@type\":\"EntryPoint\",\"urlTemplate\":\"https:\/\/vipgo.atsautomation.com\/atsautomation\/de\/?s={search_term_string}\"},\"query-input\":{\"@type\":\"PropertyValueSpecification\",\"valueRequired\":true,\"valueName\":\"search_term_string\"}}],\"inLanguage\":\"de-DE\"},{\"@type\":\"Organization\",\"@id\":\"https:\/\/vipgo.atsautomation.com\/atsautomation\/de\/#organization\",\"name\":\"ATS Corporation\",\"url\":\"https:\/\/vipgo.atsautomation.com\/atsautomation\/de\/\",\"logo\":{\"@type\":\"ImageObject\",\"inLanguage\":\"de-DE\",\"@id\":\"https:\/\/vipgo.atsautomation.com\/atsautomation\/de\/#\/schema\/logo\/image\/\",\"url\":\"https:\/\/atsautomation.com\/wp-content\/uploads\/sites\/9\/2022\/11\/ATS-logo-colour-RGB_TM.png\",\"contentUrl\":\"https:\/\/atsautomation.com\/wp-content\/uploads\/sites\/9\/2022\/11\/ATS-logo-colour-RGB_TM.png\",\"width\":1880,\"height\":371,\"caption\":\"ATS Corporation\"},\"image\":{\"@id\":\"https:\/\/vipgo.atsautomation.com\/atsautomation\/de\/#\/schema\/logo\/image\/\"}}]}<\/script>\n<!-- \/ Yoast SEO Premium plugin. -->","yoast_head_json":{"title":"Supplier Code Of Ethics | Supplier Quality Management | ATS Automation","description":"ATS Automation conducts business in a professional, honest & ethical manner. We comply with the law whenever conducting business. Review our Code of Ethics.","robots":{"index":"index","follow":"follow","max-snippet":"max-snippet:-1","max-image-preview":"max-image-preview:large","max-video-preview":"max-video-preview:-1"},"canonical":"https:\/\/vipgo.atsautomation.com\/atsautomation\/de\/qualitatsmanagement-fur-lieferanten\/ethik-kodex-fur-lieferanten\/","og_locale":"de_DE","og_type":"article","og_title":"Ethik-Kodex f\u00fcr Lieferanten","og_description":"ATS Automation conducts business in a professional, honest & ethical manner. We comply with the law whenever conducting business. Review our Code of Ethics.","og_url":"https:\/\/vipgo.atsautomation.com\/atsautomation\/de\/qualitatsmanagement-fur-lieferanten\/ethik-kodex-fur-lieferanten\/","og_site_name":"ATS Corporation","article_modified_time":"2024-07-19T14:54:42+00:00","og_image":[{"width":1900,"height":450,"url":"https:\/\/vipgo.atsautomation.com\/atsautomation\/wp-content\/uploads\/sites\/9\/2020\/05\/background-.jpg","type":"image\/jpeg"}],"twitter_card":"summary_large_image","twitter_misc":{"Gesch\u00e4tzte Lesezeit":"1 Minute"},"schema":{"@context":"https:\/\/schema.org","@graph":[{"@type":"WebPage","@id":"https:\/\/vipgo.atsautomation.com\/atsautomation\/de\/qualitatsmanagement-fur-lieferanten\/ethik-kodex-fur-lieferanten\/","url":"https:\/\/vipgo.atsautomation.com\/atsautomation\/de\/qualitatsmanagement-fur-lieferanten\/ethik-kodex-fur-lieferanten\/","name":"Supplier Code Of Ethics | Supplier Quality Management | ATS Automation","isPartOf":{"@id":"https:\/\/vipgo.atsautomation.com\/atsautomation\/de\/#website"},"primaryImageOfPage":{"@id":"https:\/\/vipgo.atsautomation.com\/atsautomation\/de\/qualitatsmanagement-fur-lieferanten\/ethik-kodex-fur-lieferanten\/#primaryimage"},"image":{"@id":"https:\/\/vipgo.atsautomation.com\/atsautomation\/de\/qualitatsmanagement-fur-lieferanten\/ethik-kodex-fur-lieferanten\/#primaryimage"},"thumbnailUrl":"https:\/\/vipgo.atsautomation.com\/atsautomation\/wp-content\/uploads\/sites\/9\/2020\/05\/background-.jpg","datePublished":"2020-07-15T13:09:21+00:00","dateModified":"2024-07-19T14:54:42+00:00","description":"ATS Automation conducts business in a professional, honest & ethical manner. We comply with the law whenever conducting business. Review our Code of Ethics.","breadcrumb":{"@id":"https:\/\/vipgo.atsautomation.com\/atsautomation\/de\/qualitatsmanagement-fur-lieferanten\/ethik-kodex-fur-lieferanten\/#breadcrumb"},"inLanguage":"de-DE","potentialAction":[{"@type":"ReadAction","target":["https:\/\/vipgo.atsautomation.com\/atsautomation\/de\/qualitatsmanagement-fur-lieferanten\/ethik-kodex-fur-lieferanten\/"]}]},{"@type":"ImageObject","inLanguage":"de-DE","@id":"https:\/\/vipgo.atsautomation.com\/atsautomation\/de\/qualitatsmanagement-fur-lieferanten\/ethik-kodex-fur-lieferanten\/#primaryimage","url":"https:\/\/vipgo.atsautomation.com\/atsautomation\/wp-content\/uploads\/sites\/9\/2020\/05\/background-.jpg","contentUrl":"https:\/\/vipgo.atsautomation.com\/atsautomation\/wp-content\/uploads\/sites\/9\/2020\/05\/background-.jpg","width":1900,"height":450},{"@type":"BreadcrumbList","@id":"https:\/\/vipgo.atsautomation.com\/atsautomation\/de\/qualitatsmanagement-fur-lieferanten\/ethik-kodex-fur-lieferanten\/#breadcrumb","itemListElement":[{"@type":"ListItem","position":1,"name":"Home","item":"https:\/\/vipgo.atsautomation.com\/atsautomation\/de\/"},{"@type":"ListItem","position":2,"name":"Qualit\u00e4tsmanagement f\u00fcr Lieferanten","item":"https:\/\/vipgo.atsautomation.com\/atsautomation\/de\/qualitatsmanagement-fur-lieferanten\/"},{"@type":"ListItem","position":3,"name":"Ethik-Kodex f\u00fcr Lieferanten"}]},{"@type":"WebSite","@id":"https:\/\/vipgo.atsautomation.com\/atsautomation\/de\/#website","url":"https:\/\/vipgo.atsautomation.com\/atsautomation\/de\/","name":"ATS Corporation","description":"Just another vipgo.atsautomation.com site","publisher":{"@id":"https:\/\/vipgo.atsautomation.com\/atsautomation\/de\/#organization"},"potentialAction":[{"@type":"SearchAction","target":{"@type":"EntryPoint","urlTemplate":"https:\/\/vipgo.atsautomation.com\/atsautomation\/de\/?s={search_term_string}"},"query-input":{"@type":"PropertyValueSpecification","valueRequired":true,"valueName":"search_term_string"}}],"inLanguage":"de-DE"},{"@type":"Organization","@id":"https:\/\/vipgo.atsautomation.com\/atsautomation\/de\/#organization","name":"ATS Corporation","url":"https:\/\/vipgo.atsautomation.com\/atsautomation\/de\/","logo":{"@type":"ImageObject","inLanguage":"de-DE","@id":"https:\/\/vipgo.atsautomation.com\/atsautomation\/de\/#\/schema\/logo\/image\/","url":"https:\/\/atsautomation.com\/wp-content\/uploads\/sites\/9\/2022\/11\/ATS-logo-colour-RGB_TM.png","contentUrl":"https:\/\/atsautomation.com\/wp-content\/uploads\/sites\/9\/2022\/11\/ATS-logo-colour-RGB_TM.png","width":1880,"height":371,"caption":"ATS Corporation"},"image":{"@id":"https:\/\/vipgo.atsautomation.com\/atsautomation\/de\/#\/schema\/logo\/image\/"}}]}},"acf":[],"jetpack_sharing_enabled":true,"_links":{"self":[{"href":"https:\/\/vipgo.atsautomation.com\/atsautomation\/de\/wp-json\/wp\/v2\/pages\/9858","targetHints":{"allow":["GET"]}}],"collection":[{"href":"https:\/\/vipgo.atsautomation.com\/atsautomation\/de\/wp-json\/wp\/v2\/pages"}],"about":[{"href":"https:\/\/vipgo.atsautomation.com\/atsautomation\/de\/wp-json\/wp\/v2\/types\/page"}],"author":[{"embeddable":true,"href":"https:\/\/vipgo.atsautomation.com\/atsautomation\/de\/wp-json\/wp\/v2\/users\/3"}],"replies":[{"embeddable":true,"href":"https:\/\/vipgo.atsautomation.com\/atsautomation\/de\/wp-json\/wp\/v2\/comments?post=9858"}],"version-history":[{"count":9,"href":"https:\/\/vipgo.atsautomation.com\/atsautomation\/de\/wp-json\/wp\/v2\/pages\/9858\/revisions"}],"predecessor-version":[{"id":37120,"href":"https:\/\/vipgo.atsautomation.com\/atsautomation\/de\/wp-json\/wp\/v2\/pages\/9858\/revisions\/37120"}],"up":[{"embeddable":true,"href":"https:\/\/vipgo.atsautomation.com\/atsautomation\/de\/wp-json\/wp\/v2\/pages\/21884"}],"wp:featuredmedia":[{"embeddable":true,"href":"https:\/\/vipgo.atsautomation.com\/atsautomation\/de\/wp-json\/wp\/v2\/media\/9426"}],"wp:attachment":[{"href":"https:\/\/vipgo.atsautomation.com\/atsautomation\/de\/wp-json\/wp\/v2\/media?parent=9858"}],"curies":[{"name":"wp","href":"https:\/\/api.w.org\/{rel}","templated":true}]}}