{"id":9933,"date":"2020-07-15T13:09:24","date_gmt":"2020-07-15T13:09:24","guid":{"rendered":"https:\/\/atsautomation.com\/kundenvorteile\/"},"modified":"2023-01-31T19:45:32","modified_gmt":"2023-01-31T19:45:32","slug":"kundenvorteile","status":"publish","type":"page","link":"https:\/\/vipgo.atsautomation.com\/atsautomation\/de\/kundendienst-und-dienstleistung\/kundenvorteile\/","title":{"rendered":"Kundenvorteile"},"content":{"rendered":"<div class=\"row\">\n<div class=\"turbo-charger col-md-6\">\n<h3>Mit jahrelanger Erfahrung hat After Sales and Services ein Portfolio entwickelt, das sich auf die Bereitstellung von L\u00f6sungen konzentriert, die Mehrwert f\u00fcr Kunden schaffen.&nbsp; Ganz gleich, ob Sie Risiken managen oder die Leistung verbessern m\u00f6chten, lassen Sie das sachkundige ATS After Sales and Services-Team eine optimale L\u00f6sung f\u00fcr Ihre Betriebsabl\u00e4ufe erarbeiten.<\/h3>\n<\/div>\n<div class=\"turbo-charger-rightside col-md-6\"><iframe loading=\"lazy\" class=\"\" width=\"100%\" height=\"350\" type=\"text\/html\" frameborder=\"0\" allowtransparency=\"true\" style=\"border: 0px;\/* display: none; *\/\" data-cookieconsent=\"marketing\" src=\"https:\/\/go.atsautomation.com\/l\/651873\/2020-08-05\/26nn3w\"><\/iframe><\/div>\n<\/div>\n","protected":false},"excerpt":{"rendered":"<p>Mit jahrelanger Erfahrung hat After Sales and Services ein Portfolio entwickelt, das sich auf die Bereitstellung von L\u00f6sungen konzentriert, die Mehrwert f\u00fcr Kunden schaffen.&nbsp; Ganz gleich, ob Sie Risiken managen oder die Leistung verbessern m\u00f6chten, lassen Sie das sachkundige ATS After Sales and Services-Team eine optimale L\u00f6sung f\u00fcr Ihre Betriebsabl\u00e4ufe erarbeiten.<\/p>\n","protected":false},"author":30,"featured_media":12693,"parent":21819,"menu_order":0,"comment_status":"closed","ping_status":"closed","template":"page-templates\/landing-page.php","meta":{"_acf_changed":false,"footnotes":""},"class_list":["post-9933","page","type-page","status-publish","has-post-thumbnail","hentry"],"yoast_head":"<!-- This site is optimized with the Yoast SEO Premium plugin v26.8 (Yoast SEO v26.8) - https:\/\/yoast.com\/product\/yoast-seo-premium-wordpress\/ -->\n<title>Kundenvorteile - ATS Corporation<\/title>\n<meta name=\"description\" content=\"ATS After Sales und Service schafft Vorteile f\u00fcr unsere Kunden, indem wir uns auf L\u00f6sungen konzentrieren, die Nutzen f\u00fcr unsere Kunden bringen und die Probleme l\u00f6sen, mit denen sie konfrontiert sind.\" \/>\n<meta name=\"robots\" content=\"index, follow, max-snippet:-1, max-image-preview:large, max-video-preview:-1\" \/>\n<link rel=\"canonical\" href=\"https:\/\/vipgo.atsautomation.com\/atsautomation\/de\/kundendienst-und-dienstleistung\/kundenvorteile\/\" \/>\n<meta property=\"og:locale\" content=\"de_DE\" \/>\n<meta property=\"og:type\" content=\"article\" \/>\n<meta property=\"og:title\" content=\"Kundenvorteile\" \/>\n<meta property=\"og:description\" content=\"ATS After Sales und Service schafft Vorteile f\u00fcr unsere Kunden, indem wir uns auf L\u00f6sungen konzentrieren, die Nutzen f\u00fcr unsere Kunden bringen und die Probleme l\u00f6sen, mit denen sie konfrontiert sind.\" \/>\n<meta property=\"og:url\" content=\"https:\/\/vipgo.atsautomation.com\/atsautomation\/de\/kundendienst-und-dienstleistung\/kundenvorteile\/\" \/>\n<meta property=\"og:site_name\" content=\"ATS Corporation\" \/>\n<meta property=\"article:modified_time\" content=\"2023-01-31T19:45:32+00:00\" \/>\n<meta property=\"og:image\" content=\"https:\/\/vipgo.atsautomation.com\/atsautomation\/wp-content\/uploads\/sites\/9\/2020\/07\/Corp-Content-Page-Banner-6250x2084-1.jpg\" \/>\n\t<meta property=\"og:image:width\" content=\"1500\" \/>\n\t<meta property=\"og:image:height\" content=\"500\" \/>\n\t<meta property=\"og:image:type\" content=\"image\/jpeg\" \/>\n<meta name=\"twitter:card\" content=\"summary_large_image\" \/>\n<meta name=\"twitter:label1\" content=\"Gesch\u00e4tzte Lesezeit\" \/>\n\t<meta name=\"twitter:data1\" content=\"1 Minute\" \/>\n<script type=\"application\/ld+json\" class=\"yoast-schema-graph\">{\"@context\":\"https:\/\/schema.org\",\"@graph\":[{\"@type\":\"WebPage\",\"@id\":\"https:\/\/vipgo.atsautomation.com\/atsautomation\/de\/kundendienst-und-dienstleistung\/kundenvorteile\/\",\"url\":\"https:\/\/vipgo.atsautomation.com\/atsautomation\/de\/kundendienst-und-dienstleistung\/kundenvorteile\/\",\"name\":\"Kundenvorteile - ATS Corporation\",\"isPartOf\":{\"@id\":\"https:\/\/vipgo.atsautomation.com\/atsautomation\/de\/#website\"},\"primaryImageOfPage\":{\"@id\":\"https:\/\/vipgo.atsautomation.com\/atsautomation\/de\/kundendienst-und-dienstleistung\/kundenvorteile\/#primaryimage\"},\"image\":{\"@id\":\"https:\/\/vipgo.atsautomation.com\/atsautomation\/de\/kundendienst-und-dienstleistung\/kundenvorteile\/#primaryimage\"},\"thumbnailUrl\":\"https:\/\/vipgo.atsautomation.com\/atsautomation\/wp-content\/uploads\/sites\/9\/2020\/07\/Corp-Content-Page-Banner-6250x2084-1.jpg\",\"datePublished\":\"2020-07-15T13:09:24+00:00\",\"dateModified\":\"2023-01-31T19:45:32+00:00\",\"description\":\"ATS After Sales und Service schafft Vorteile f\u00fcr unsere Kunden, indem wir uns auf L\u00f6sungen konzentrieren, die Nutzen f\u00fcr unsere Kunden bringen und die Probleme l\u00f6sen, mit denen sie konfrontiert sind.\",\"breadcrumb\":{\"@id\":\"https:\/\/vipgo.atsautomation.com\/atsautomation\/de\/kundendienst-und-dienstleistung\/kundenvorteile\/#breadcrumb\"},\"inLanguage\":\"de-DE\",\"potentialAction\":[{\"@type\":\"ReadAction\",\"target\":[\"https:\/\/vipgo.atsautomation.com\/atsautomation\/de\/kundendienst-und-dienstleistung\/kundenvorteile\/\"]}]},{\"@type\":\"ImageObject\",\"inLanguage\":\"de-DE\",\"@id\":\"https:\/\/vipgo.atsautomation.com\/atsautomation\/de\/kundendienst-und-dienstleistung\/kundenvorteile\/#primaryimage\",\"url\":\"https:\/\/vipgo.atsautomation.com\/atsautomation\/wp-content\/uploads\/sites\/9\/2020\/07\/Corp-Content-Page-Banner-6250x2084-1.jpg\",\"contentUrl\":\"https:\/\/vipgo.atsautomation.com\/atsautomation\/wp-content\/uploads\/sites\/9\/2020\/07\/Corp-Content-Page-Banner-6250x2084-1.jpg\",\"width\":1500,\"height\":500,\"caption\":\"ATS-Logo einge\u00e4tzt in die Glasabdeckung einer Maschine\"},{\"@type\":\"BreadcrumbList\",\"@id\":\"https:\/\/vipgo.atsautomation.com\/atsautomation\/de\/kundendienst-und-dienstleistung\/kundenvorteile\/#breadcrumb\",\"itemListElement\":[{\"@type\":\"ListItem\",\"position\":1,\"name\":\"Home\",\"item\":\"https:\/\/vipgo.atsautomation.com\/atsautomation\/de\/\"},{\"@type\":\"ListItem\",\"position\":2,\"name\":\"Kundendienst und Dienstleistung\",\"item\":\"https:\/\/vipgo.atsautomation.com\/atsautomation\/de\/kundendienst-und-dienstleistung\/\"},{\"@type\":\"ListItem\",\"position\":3,\"name\":\"Kundenvorteile\"}]},{\"@type\":\"WebSite\",\"@id\":\"https:\/\/vipgo.atsautomation.com\/atsautomation\/de\/#website\",\"url\":\"https:\/\/vipgo.atsautomation.com\/atsautomation\/de\/\",\"name\":\"ATS Corporation\",\"description\":\"Just another vipgo.atsautomation.com site\",\"publisher\":{\"@id\":\"https:\/\/vipgo.atsautomation.com\/atsautomation\/de\/#organization\"},\"potentialAction\":[{\"@type\":\"SearchAction\",\"target\":{\"@type\":\"EntryPoint\",\"urlTemplate\":\"https:\/\/vipgo.atsautomation.com\/atsautomation\/de\/?s={search_term_string}\"},\"query-input\":{\"@type\":\"PropertyValueSpecification\",\"valueRequired\":true,\"valueName\":\"search_term_string\"}}],\"inLanguage\":\"de-DE\"},{\"@type\":\"Organization\",\"@id\":\"https:\/\/vipgo.atsautomation.com\/atsautomation\/de\/#organization\",\"name\":\"ATS Corporation\",\"url\":\"https:\/\/vipgo.atsautomation.com\/atsautomation\/de\/\",\"logo\":{\"@type\":\"ImageObject\",\"inLanguage\":\"de-DE\",\"@id\":\"https:\/\/vipgo.atsautomation.com\/atsautomation\/de\/#\/schema\/logo\/image\/\",\"url\":\"https:\/\/atsautomation.com\/wp-content\/uploads\/sites\/9\/2022\/11\/ATS-logo-colour-RGB_TM.png\",\"contentUrl\":\"https:\/\/atsautomation.com\/wp-content\/uploads\/sites\/9\/2022\/11\/ATS-logo-colour-RGB_TM.png\",\"width\":1880,\"height\":371,\"caption\":\"ATS Corporation\"},\"image\":{\"@id\":\"https:\/\/vipgo.atsautomation.com\/atsautomation\/de\/#\/schema\/logo\/image\/\"}}]}<\/script>\n<!-- \/ Yoast SEO Premium plugin. -->","yoast_head_json":{"title":"Kundenvorteile - ATS Corporation","description":"ATS After Sales und Service schafft Vorteile f\u00fcr unsere Kunden, indem wir uns auf L\u00f6sungen konzentrieren, die Nutzen f\u00fcr unsere Kunden bringen und die Probleme l\u00f6sen, mit denen sie konfrontiert sind.","robots":{"index":"index","follow":"follow","max-snippet":"max-snippet:-1","max-image-preview":"max-image-preview:large","max-video-preview":"max-video-preview:-1"},"canonical":"https:\/\/vipgo.atsautomation.com\/atsautomation\/de\/kundendienst-und-dienstleistung\/kundenvorteile\/","og_locale":"de_DE","og_type":"article","og_title":"Kundenvorteile","og_description":"ATS After Sales und Service schafft Vorteile f\u00fcr unsere Kunden, indem wir uns auf L\u00f6sungen konzentrieren, die Nutzen f\u00fcr unsere Kunden bringen und die Probleme l\u00f6sen, mit denen sie konfrontiert sind.","og_url":"https:\/\/vipgo.atsautomation.com\/atsautomation\/de\/kundendienst-und-dienstleistung\/kundenvorteile\/","og_site_name":"ATS Corporation","article_modified_time":"2023-01-31T19:45:32+00:00","og_image":[{"width":1500,"height":500,"url":"https:\/\/vipgo.atsautomation.com\/atsautomation\/wp-content\/uploads\/sites\/9\/2020\/07\/Corp-Content-Page-Banner-6250x2084-1.jpg","type":"image\/jpeg"}],"twitter_card":"summary_large_image","twitter_misc":{"Gesch\u00e4tzte Lesezeit":"1 Minute"},"schema":{"@context":"https:\/\/schema.org","@graph":[{"@type":"WebPage","@id":"https:\/\/vipgo.atsautomation.com\/atsautomation\/de\/kundendienst-und-dienstleistung\/kundenvorteile\/","url":"https:\/\/vipgo.atsautomation.com\/atsautomation\/de\/kundendienst-und-dienstleistung\/kundenvorteile\/","name":"Kundenvorteile - ATS Corporation","isPartOf":{"@id":"https:\/\/vipgo.atsautomation.com\/atsautomation\/de\/#website"},"primaryImageOfPage":{"@id":"https:\/\/vipgo.atsautomation.com\/atsautomation\/de\/kundendienst-und-dienstleistung\/kundenvorteile\/#primaryimage"},"image":{"@id":"https:\/\/vipgo.atsautomation.com\/atsautomation\/de\/kundendienst-und-dienstleistung\/kundenvorteile\/#primaryimage"},"thumbnailUrl":"https:\/\/vipgo.atsautomation.com\/atsautomation\/wp-content\/uploads\/sites\/9\/2020\/07\/Corp-Content-Page-Banner-6250x2084-1.jpg","datePublished":"2020-07-15T13:09:24+00:00","dateModified":"2023-01-31T19:45:32+00:00","description":"ATS After Sales und Service schafft Vorteile f\u00fcr unsere Kunden, indem wir uns auf L\u00f6sungen konzentrieren, die Nutzen f\u00fcr unsere Kunden bringen und die Probleme l\u00f6sen, mit denen sie konfrontiert sind.","breadcrumb":{"@id":"https:\/\/vipgo.atsautomation.com\/atsautomation\/de\/kundendienst-und-dienstleistung\/kundenvorteile\/#breadcrumb"},"inLanguage":"de-DE","potentialAction":[{"@type":"ReadAction","target":["https:\/\/vipgo.atsautomation.com\/atsautomation\/de\/kundendienst-und-dienstleistung\/kundenvorteile\/"]}]},{"@type":"ImageObject","inLanguage":"de-DE","@id":"https:\/\/vipgo.atsautomation.com\/atsautomation\/de\/kundendienst-und-dienstleistung\/kundenvorteile\/#primaryimage","url":"https:\/\/vipgo.atsautomation.com\/atsautomation\/wp-content\/uploads\/sites\/9\/2020\/07\/Corp-Content-Page-Banner-6250x2084-1.jpg","contentUrl":"https:\/\/vipgo.atsautomation.com\/atsautomation\/wp-content\/uploads\/sites\/9\/2020\/07\/Corp-Content-Page-Banner-6250x2084-1.jpg","width":1500,"height":500,"caption":"ATS-Logo einge\u00e4tzt in die Glasabdeckung einer Maschine"},{"@type":"BreadcrumbList","@id":"https:\/\/vipgo.atsautomation.com\/atsautomation\/de\/kundendienst-und-dienstleistung\/kundenvorteile\/#breadcrumb","itemListElement":[{"@type":"ListItem","position":1,"name":"Home","item":"https:\/\/vipgo.atsautomation.com\/atsautomation\/de\/"},{"@type":"ListItem","position":2,"name":"Kundendienst und Dienstleistung","item":"https:\/\/vipgo.atsautomation.com\/atsautomation\/de\/kundendienst-und-dienstleistung\/"},{"@type":"ListItem","position":3,"name":"Kundenvorteile"}]},{"@type":"WebSite","@id":"https:\/\/vipgo.atsautomation.com\/atsautomation\/de\/#website","url":"https:\/\/vipgo.atsautomation.com\/atsautomation\/de\/","name":"ATS Corporation","description":"Just another vipgo.atsautomation.com site","publisher":{"@id":"https:\/\/vipgo.atsautomation.com\/atsautomation\/de\/#organization"},"potentialAction":[{"@type":"SearchAction","target":{"@type":"EntryPoint","urlTemplate":"https:\/\/vipgo.atsautomation.com\/atsautomation\/de\/?s={search_term_string}"},"query-input":{"@type":"PropertyValueSpecification","valueRequired":true,"valueName":"search_term_string"}}],"inLanguage":"de-DE"},{"@type":"Organization","@id":"https:\/\/vipgo.atsautomation.com\/atsautomation\/de\/#organization","name":"ATS Corporation","url":"https:\/\/vipgo.atsautomation.com\/atsautomation\/de\/","logo":{"@type":"ImageObject","inLanguage":"de-DE","@id":"https:\/\/vipgo.atsautomation.com\/atsautomation\/de\/#\/schema\/logo\/image\/","url":"https:\/\/atsautomation.com\/wp-content\/uploads\/sites\/9\/2022\/11\/ATS-logo-colour-RGB_TM.png","contentUrl":"https:\/\/atsautomation.com\/wp-content\/uploads\/sites\/9\/2022\/11\/ATS-logo-colour-RGB_TM.png","width":1880,"height":371,"caption":"ATS Corporation"},"image":{"@id":"https:\/\/vipgo.atsautomation.com\/atsautomation\/de\/#\/schema\/logo\/image\/"}}]}},"acf":[],"jetpack_sharing_enabled":true,"_links":{"self":[{"href":"https:\/\/vipgo.atsautomation.com\/atsautomation\/de\/wp-json\/wp\/v2\/pages\/9933","targetHints":{"allow":["GET"]}}],"collection":[{"href":"https:\/\/vipgo.atsautomation.com\/atsautomation\/de\/wp-json\/wp\/v2\/pages"}],"about":[{"href":"https:\/\/vipgo.atsautomation.com\/atsautomation\/de\/wp-json\/wp\/v2\/types\/page"}],"author":[{"embeddable":true,"href":"https:\/\/vipgo.atsautomation.com\/atsautomation\/de\/wp-json\/wp\/v2\/users\/30"}],"replies":[{"embeddable":true,"href":"https:\/\/vipgo.atsautomation.com\/atsautomation\/de\/wp-json\/wp\/v2\/comments?post=9933"}],"version-history":[{"count":4,"href":"https:\/\/vipgo.atsautomation.com\/atsautomation\/de\/wp-json\/wp\/v2\/pages\/9933\/revisions"}],"predecessor-version":[{"id":35416,"href":"https:\/\/vipgo.atsautomation.com\/atsautomation\/de\/wp-json\/wp\/v2\/pages\/9933\/revisions\/35416"}],"up":[{"embeddable":true,"href":"https:\/\/vipgo.atsautomation.com\/atsautomation\/de\/wp-json\/wp\/v2\/pages\/21819"}],"wp:featuredmedia":[{"embeddable":true,"href":"https:\/\/vipgo.atsautomation.com\/atsautomation\/de\/wp-json\/wp\/v2\/media\/12693"}],"wp:attachment":[{"href":"https:\/\/vipgo.atsautomation.com\/atsautomation\/de\/wp-json\/wp\/v2\/media?parent=9933"}],"curies":[{"name":"wp","href":"https:\/\/api.w.org\/{rel}","templated":true}]}}