{"id":9966,"date":"2020-07-15T13:09:27","date_gmt":"2020-07-15T13:09:27","guid":{"rendered":"https:\/\/atsautomation.com\/losungen-fur-den-produktlebenszyklus\/dienstleistungen-am-ende-des-produktlebenszyklus\/"},"modified":"2020-08-06T20:08:47","modified_gmt":"2020-08-06T20:08:47","slug":"dienstleistungen-am-ende-des-produktlebenszyklus","status":"publish","type":"page","link":"https:\/\/vipgo.atsautomation.com\/atsautomation\/de\/kundendienst-und-dienstleistung\/losungen-fur-den-produktlebenszyklus\/dienstleistungen-am-ende-des-produktlebenszyklus\/","title":{"rendered":"Dienstleistungen am Ende des Produktlebenszyklus"},"content":{"rendered":"<h1>Wir sind f\u00fcr Sie da, um Sie dabei zu unterst\u00fctzen, die n\u00e4chsten Schritte f\u00fcr Ihre Anlage festzulegen<\/h1>\n<h3>Every piece of equipment has an intended operating life.\u00a0 Let ATS After Sales and Services support you as you determine what\u2019s next for your equipment when it nears that stage.\u00a0 We have the knowledge and expertise to modify your equipment for a new purpose or to continue operations, and we can perform obsolescence reviews on your spare parts to ensure continued operations.<\/h3>\n","protected":false},"excerpt":{"rendered":"<p>Wir sind f\u00fcr Sie da, um Sie dabei zu unterst\u00fctzen, die n\u00e4chsten Schritte f\u00fcr Ihre Anlage festzulegen Every piece of equipment has an intended operating life.\u00a0 Let ATS After Sales and Services support you as you determine what\u2019s next for your equipment when it nears that stage.\u00a0 We have the knowledge and expertise to modify your equipment for a new&#8230;<\/p>\n<div class=\"post-button\"><a href=\"https:\/\/vipgo.atsautomation.com\/atsautomation\/de\/kundendienst-und-dienstleistung\/losungen-fur-den-produktlebenszyklus\/dienstleistungen-am-ende-des-produktlebenszyklus\/\">Read More<\/a><\/div>\n","protected":false},"author":30,"featured_media":12693,"parent":9303,"menu_order":0,"comment_status":"closed","ping_status":"closed","template":"page-templates\/content-page.php","meta":{"_acf_changed":false,"footnotes":""},"class_list":["post-9966","page","type-page","status-publish","has-post-thumbnail","hentry"],"yoast_head":"<!-- This site is optimized with the Yoast SEO Premium plugin v26.8 (Yoast SEO v26.8) - https:\/\/yoast.com\/product\/yoast-seo-premium-wordpress\/ -->\n<title>Dienstleistungen am Ende des Produktlebenszyklus - ATS Corporation<\/title>\n<meta name=\"description\" content=\"Wenn sich Ihre Anlage dem Ende der geplanten Nutzungsdauer n\u00e4hert, sind die Experten von ATS After Sales and Services f\u00fcr Sie da, um gemeinsam mit Ihnen die n\u00e4chsten Schritte zu planen.\" \/>\n<meta name=\"robots\" content=\"index, follow, max-snippet:-1, max-image-preview:large, max-video-preview:-1\" \/>\n<link rel=\"canonical\" href=\"https:\/\/vipgo.atsautomation.com\/atsautomation\/de\/kundendienst-und-dienstleistung\/losungen-fur-den-produktlebenszyklus\/dienstleistungen-am-ende-des-produktlebenszyklus\/\" \/>\n<meta property=\"og:locale\" content=\"de_DE\" \/>\n<meta property=\"og:type\" content=\"article\" \/>\n<meta property=\"og:title\" content=\"Dienstleistungen am Ende des Produktlebenszyklus\" \/>\n<meta property=\"og:description\" content=\"Wenn sich Ihre Anlage dem Ende der geplanten Nutzungsdauer n\u00e4hert, sind die Experten von ATS After Sales and Services f\u00fcr Sie da, um gemeinsam mit Ihnen die n\u00e4chsten Schritte zu planen.\" \/>\n<meta property=\"og:url\" content=\"https:\/\/vipgo.atsautomation.com\/atsautomation\/de\/kundendienst-und-dienstleistung\/losungen-fur-den-produktlebenszyklus\/dienstleistungen-am-ende-des-produktlebenszyklus\/\" \/>\n<meta property=\"og:site_name\" content=\"ATS Corporation\" \/>\n<meta property=\"article:modified_time\" content=\"2020-08-06T20:08:47+00:00\" \/>\n<meta property=\"og:image\" content=\"https:\/\/vipgo.atsautomation.com\/atsautomation\/wp-content\/uploads\/sites\/9\/2020\/07\/Corp-Content-Page-Banner-6250x2084-1.jpg\" \/>\n\t<meta property=\"og:image:width\" content=\"1500\" \/>\n\t<meta property=\"og:image:height\" content=\"500\" \/>\n\t<meta property=\"og:image:type\" content=\"image\/jpeg\" \/>\n<meta name=\"twitter:card\" content=\"summary_large_image\" \/>\n<script type=\"application\/ld+json\" class=\"yoast-schema-graph\">{\"@context\":\"https:\/\/schema.org\",\"@graph\":[{\"@type\":\"WebPage\",\"@id\":\"https:\/\/vipgo.atsautomation.com\/atsautomation\/de\/kundendienst-und-dienstleistung\/losungen-fur-den-produktlebenszyklus\/dienstleistungen-am-ende-des-produktlebenszyklus\/\",\"url\":\"https:\/\/vipgo.atsautomation.com\/atsautomation\/de\/kundendienst-und-dienstleistung\/losungen-fur-den-produktlebenszyklus\/dienstleistungen-am-ende-des-produktlebenszyklus\/\",\"name\":\"Dienstleistungen am Ende des Produktlebenszyklus - ATS Corporation\",\"isPartOf\":{\"@id\":\"https:\/\/vipgo.atsautomation.com\/atsautomation\/de\/#website\"},\"primaryImageOfPage\":{\"@id\":\"https:\/\/vipgo.atsautomation.com\/atsautomation\/de\/kundendienst-und-dienstleistung\/losungen-fur-den-produktlebenszyklus\/dienstleistungen-am-ende-des-produktlebenszyklus\/#primaryimage\"},\"image\":{\"@id\":\"https:\/\/vipgo.atsautomation.com\/atsautomation\/de\/kundendienst-und-dienstleistung\/losungen-fur-den-produktlebenszyklus\/dienstleistungen-am-ende-des-produktlebenszyklus\/#primaryimage\"},\"thumbnailUrl\":\"https:\/\/vipgo.atsautomation.com\/atsautomation\/wp-content\/uploads\/sites\/9\/2020\/07\/Corp-Content-Page-Banner-6250x2084-1.jpg\",\"datePublished\":\"2020-07-15T13:09:27+00:00\",\"dateModified\":\"2020-08-06T20:08:47+00:00\",\"description\":\"Wenn sich Ihre Anlage dem Ende der geplanten Nutzungsdauer n\u00e4hert, sind die Experten von ATS After Sales and Services f\u00fcr Sie da, um gemeinsam mit Ihnen die n\u00e4chsten Schritte zu planen.\",\"breadcrumb\":{\"@id\":\"https:\/\/vipgo.atsautomation.com\/atsautomation\/de\/kundendienst-und-dienstleistung\/losungen-fur-den-produktlebenszyklus\/dienstleistungen-am-ende-des-produktlebenszyklus\/#breadcrumb\"},\"inLanguage\":\"de-DE\",\"potentialAction\":[{\"@type\":\"ReadAction\",\"target\":[\"https:\/\/vipgo.atsautomation.com\/atsautomation\/de\/kundendienst-und-dienstleistung\/losungen-fur-den-produktlebenszyklus\/dienstleistungen-am-ende-des-produktlebenszyklus\/\"]}]},{\"@type\":\"ImageObject\",\"inLanguage\":\"de-DE\",\"@id\":\"https:\/\/vipgo.atsautomation.com\/atsautomation\/de\/kundendienst-und-dienstleistung\/losungen-fur-den-produktlebenszyklus\/dienstleistungen-am-ende-des-produktlebenszyklus\/#primaryimage\",\"url\":\"https:\/\/vipgo.atsautomation.com\/atsautomation\/wp-content\/uploads\/sites\/9\/2020\/07\/Corp-Content-Page-Banner-6250x2084-1.jpg\",\"contentUrl\":\"https:\/\/vipgo.atsautomation.com\/atsautomation\/wp-content\/uploads\/sites\/9\/2020\/07\/Corp-Content-Page-Banner-6250x2084-1.jpg\",\"width\":1500,\"height\":500,\"caption\":\"ATS-Logo einge\u00e4tzt in die Glasabdeckung einer Maschine\"},{\"@type\":\"BreadcrumbList\",\"@id\":\"https:\/\/vipgo.atsautomation.com\/atsautomation\/de\/kundendienst-und-dienstleistung\/losungen-fur-den-produktlebenszyklus\/dienstleistungen-am-ende-des-produktlebenszyklus\/#breadcrumb\",\"itemListElement\":[{\"@type\":\"ListItem\",\"position\":1,\"name\":\"Home\",\"item\":\"https:\/\/vipgo.atsautomation.com\/atsautomation\/de\/\"},{\"@type\":\"ListItem\",\"position\":2,\"name\":\"Kundendienst und Dienstleistung\",\"item\":\"https:\/\/vipgo.atsautomation.com\/atsautomation\/de\/kundendienst-und-dienstleistung\/\"},{\"@type\":\"ListItem\",\"position\":3,\"name\":\"L\u00f6sungen f\u00fcr den Produktlebenszyklus\",\"item\":\"https:\/\/vipgo.atsautomation.com\/atsautomation\/de\/kundendienst-und-dienstleistung\/losungen-fur-den-produktlebenszyklus\/\"},{\"@type\":\"ListItem\",\"position\":4,\"name\":\"Dienstleistungen am Ende des Produktlebenszyklus\"}]},{\"@type\":\"WebSite\",\"@id\":\"https:\/\/vipgo.atsautomation.com\/atsautomation\/de\/#website\",\"url\":\"https:\/\/vipgo.atsautomation.com\/atsautomation\/de\/\",\"name\":\"ATS Corporation\",\"description\":\"Just another vipgo.atsautomation.com site\",\"publisher\":{\"@id\":\"https:\/\/vipgo.atsautomation.com\/atsautomation\/de\/#organization\"},\"potentialAction\":[{\"@type\":\"SearchAction\",\"target\":{\"@type\":\"EntryPoint\",\"urlTemplate\":\"https:\/\/vipgo.atsautomation.com\/atsautomation\/de\/?s={search_term_string}\"},\"query-input\":{\"@type\":\"PropertyValueSpecification\",\"valueRequired\":true,\"valueName\":\"search_term_string\"}}],\"inLanguage\":\"de-DE\"},{\"@type\":\"Organization\",\"@id\":\"https:\/\/vipgo.atsautomation.com\/atsautomation\/de\/#organization\",\"name\":\"ATS Corporation\",\"url\":\"https:\/\/vipgo.atsautomation.com\/atsautomation\/de\/\",\"logo\":{\"@type\":\"ImageObject\",\"inLanguage\":\"de-DE\",\"@id\":\"https:\/\/vipgo.atsautomation.com\/atsautomation\/de\/#\/schema\/logo\/image\/\",\"url\":\"https:\/\/atsautomation.com\/wp-content\/uploads\/sites\/9\/2022\/11\/ATS-logo-colour-RGB_TM.png\",\"contentUrl\":\"https:\/\/atsautomation.com\/wp-content\/uploads\/sites\/9\/2022\/11\/ATS-logo-colour-RGB_TM.png\",\"width\":1880,\"height\":371,\"caption\":\"ATS Corporation\"},\"image\":{\"@id\":\"https:\/\/vipgo.atsautomation.com\/atsautomation\/de\/#\/schema\/logo\/image\/\"}}]}<\/script>\n<!-- \/ Yoast SEO Premium plugin. -->","yoast_head_json":{"title":"Dienstleistungen am Ende des Produktlebenszyklus - ATS Corporation","description":"Wenn sich Ihre Anlage dem Ende der geplanten Nutzungsdauer n\u00e4hert, sind die Experten von ATS After Sales and Services f\u00fcr Sie da, um gemeinsam mit Ihnen die n\u00e4chsten Schritte zu planen.","robots":{"index":"index","follow":"follow","max-snippet":"max-snippet:-1","max-image-preview":"max-image-preview:large","max-video-preview":"max-video-preview:-1"},"canonical":"https:\/\/vipgo.atsautomation.com\/atsautomation\/de\/kundendienst-und-dienstleistung\/losungen-fur-den-produktlebenszyklus\/dienstleistungen-am-ende-des-produktlebenszyklus\/","og_locale":"de_DE","og_type":"article","og_title":"Dienstleistungen am Ende des Produktlebenszyklus","og_description":"Wenn sich Ihre Anlage dem Ende der geplanten Nutzungsdauer n\u00e4hert, sind die Experten von ATS After Sales and Services f\u00fcr Sie da, um gemeinsam mit Ihnen die n\u00e4chsten Schritte zu planen.","og_url":"https:\/\/vipgo.atsautomation.com\/atsautomation\/de\/kundendienst-und-dienstleistung\/losungen-fur-den-produktlebenszyklus\/dienstleistungen-am-ende-des-produktlebenszyklus\/","og_site_name":"ATS Corporation","article_modified_time":"2020-08-06T20:08:47+00:00","og_image":[{"width":1500,"height":500,"url":"https:\/\/vipgo.atsautomation.com\/atsautomation\/wp-content\/uploads\/sites\/9\/2020\/07\/Corp-Content-Page-Banner-6250x2084-1.jpg","type":"image\/jpeg"}],"twitter_card":"summary_large_image","schema":{"@context":"https:\/\/schema.org","@graph":[{"@type":"WebPage","@id":"https:\/\/vipgo.atsautomation.com\/atsautomation\/de\/kundendienst-und-dienstleistung\/losungen-fur-den-produktlebenszyklus\/dienstleistungen-am-ende-des-produktlebenszyklus\/","url":"https:\/\/vipgo.atsautomation.com\/atsautomation\/de\/kundendienst-und-dienstleistung\/losungen-fur-den-produktlebenszyklus\/dienstleistungen-am-ende-des-produktlebenszyklus\/","name":"Dienstleistungen am Ende des Produktlebenszyklus - ATS Corporation","isPartOf":{"@id":"https:\/\/vipgo.atsautomation.com\/atsautomation\/de\/#website"},"primaryImageOfPage":{"@id":"https:\/\/vipgo.atsautomation.com\/atsautomation\/de\/kundendienst-und-dienstleistung\/losungen-fur-den-produktlebenszyklus\/dienstleistungen-am-ende-des-produktlebenszyklus\/#primaryimage"},"image":{"@id":"https:\/\/vipgo.atsautomation.com\/atsautomation\/de\/kundendienst-und-dienstleistung\/losungen-fur-den-produktlebenszyklus\/dienstleistungen-am-ende-des-produktlebenszyklus\/#primaryimage"},"thumbnailUrl":"https:\/\/vipgo.atsautomation.com\/atsautomation\/wp-content\/uploads\/sites\/9\/2020\/07\/Corp-Content-Page-Banner-6250x2084-1.jpg","datePublished":"2020-07-15T13:09:27+00:00","dateModified":"2020-08-06T20:08:47+00:00","description":"Wenn sich Ihre Anlage dem Ende der geplanten Nutzungsdauer n\u00e4hert, sind die Experten von ATS After Sales and Services f\u00fcr Sie da, um gemeinsam mit Ihnen die n\u00e4chsten Schritte zu planen.","breadcrumb":{"@id":"https:\/\/vipgo.atsautomation.com\/atsautomation\/de\/kundendienst-und-dienstleistung\/losungen-fur-den-produktlebenszyklus\/dienstleistungen-am-ende-des-produktlebenszyklus\/#breadcrumb"},"inLanguage":"de-DE","potentialAction":[{"@type":"ReadAction","target":["https:\/\/vipgo.atsautomation.com\/atsautomation\/de\/kundendienst-und-dienstleistung\/losungen-fur-den-produktlebenszyklus\/dienstleistungen-am-ende-des-produktlebenszyklus\/"]}]},{"@type":"ImageObject","inLanguage":"de-DE","@id":"https:\/\/vipgo.atsautomation.com\/atsautomation\/de\/kundendienst-und-dienstleistung\/losungen-fur-den-produktlebenszyklus\/dienstleistungen-am-ende-des-produktlebenszyklus\/#primaryimage","url":"https:\/\/vipgo.atsautomation.com\/atsautomation\/wp-content\/uploads\/sites\/9\/2020\/07\/Corp-Content-Page-Banner-6250x2084-1.jpg","contentUrl":"https:\/\/vipgo.atsautomation.com\/atsautomation\/wp-content\/uploads\/sites\/9\/2020\/07\/Corp-Content-Page-Banner-6250x2084-1.jpg","width":1500,"height":500,"caption":"ATS-Logo einge\u00e4tzt in die Glasabdeckung einer Maschine"},{"@type":"BreadcrumbList","@id":"https:\/\/vipgo.atsautomation.com\/atsautomation\/de\/kundendienst-und-dienstleistung\/losungen-fur-den-produktlebenszyklus\/dienstleistungen-am-ende-des-produktlebenszyklus\/#breadcrumb","itemListElement":[{"@type":"ListItem","position":1,"name":"Home","item":"https:\/\/vipgo.atsautomation.com\/atsautomation\/de\/"},{"@type":"ListItem","position":2,"name":"Kundendienst und Dienstleistung","item":"https:\/\/vipgo.atsautomation.com\/atsautomation\/de\/kundendienst-und-dienstleistung\/"},{"@type":"ListItem","position":3,"name":"L\u00f6sungen f\u00fcr den Produktlebenszyklus","item":"https:\/\/vipgo.atsautomation.com\/atsautomation\/de\/kundendienst-und-dienstleistung\/losungen-fur-den-produktlebenszyklus\/"},{"@type":"ListItem","position":4,"name":"Dienstleistungen am Ende des Produktlebenszyklus"}]},{"@type":"WebSite","@id":"https:\/\/vipgo.atsautomation.com\/atsautomation\/de\/#website","url":"https:\/\/vipgo.atsautomation.com\/atsautomation\/de\/","name":"ATS Corporation","description":"Just another vipgo.atsautomation.com site","publisher":{"@id":"https:\/\/vipgo.atsautomation.com\/atsautomation\/de\/#organization"},"potentialAction":[{"@type":"SearchAction","target":{"@type":"EntryPoint","urlTemplate":"https:\/\/vipgo.atsautomation.com\/atsautomation\/de\/?s={search_term_string}"},"query-input":{"@type":"PropertyValueSpecification","valueRequired":true,"valueName":"search_term_string"}}],"inLanguage":"de-DE"},{"@type":"Organization","@id":"https:\/\/vipgo.atsautomation.com\/atsautomation\/de\/#organization","name":"ATS Corporation","url":"https:\/\/vipgo.atsautomation.com\/atsautomation\/de\/","logo":{"@type":"ImageObject","inLanguage":"de-DE","@id":"https:\/\/vipgo.atsautomation.com\/atsautomation\/de\/#\/schema\/logo\/image\/","url":"https:\/\/atsautomation.com\/wp-content\/uploads\/sites\/9\/2022\/11\/ATS-logo-colour-RGB_TM.png","contentUrl":"https:\/\/atsautomation.com\/wp-content\/uploads\/sites\/9\/2022\/11\/ATS-logo-colour-RGB_TM.png","width":1880,"height":371,"caption":"ATS Corporation"},"image":{"@id":"https:\/\/vipgo.atsautomation.com\/atsautomation\/de\/#\/schema\/logo\/image\/"}}]}},"acf":[],"jetpack_sharing_enabled":true,"_links":{"self":[{"href":"https:\/\/vipgo.atsautomation.com\/atsautomation\/de\/wp-json\/wp\/v2\/pages\/9966","targetHints":{"allow":["GET"]}}],"collection":[{"href":"https:\/\/vipgo.atsautomation.com\/atsautomation\/de\/wp-json\/wp\/v2\/pages"}],"about":[{"href":"https:\/\/vipgo.atsautomation.com\/atsautomation\/de\/wp-json\/wp\/v2\/types\/page"}],"author":[{"embeddable":true,"href":"https:\/\/vipgo.atsautomation.com\/atsautomation\/de\/wp-json\/wp\/v2\/users\/30"}],"replies":[{"embeddable":true,"href":"https:\/\/vipgo.atsautomation.com\/atsautomation\/de\/wp-json\/wp\/v2\/comments?post=9966"}],"version-history":[{"count":1,"href":"https:\/\/vipgo.atsautomation.com\/atsautomation\/de\/wp-json\/wp\/v2\/pages\/9966\/revisions"}],"predecessor-version":[{"id":21863,"href":"https:\/\/vipgo.atsautomation.com\/atsautomation\/de\/wp-json\/wp\/v2\/pages\/9966\/revisions\/21863"}],"up":[{"embeddable":true,"href":"https:\/\/vipgo.atsautomation.com\/atsautomation\/de\/wp-json\/wp\/v2\/pages\/9303"}],"wp:featuredmedia":[{"embeddable":true,"href":"https:\/\/vipgo.atsautomation.com\/atsautomation\/de\/wp-json\/wp\/v2\/media\/12693"}],"wp:attachment":[{"href":"https:\/\/vipgo.atsautomation.com\/atsautomation\/de\/wp-json\/wp\/v2\/media?parent=9966"}],"curies":[{"name":"wp","href":"https:\/\/api.w.org\/{rel}","templated":true}]}}