{"id":9980,"date":"2020-07-15T13:09:28","date_gmt":"2020-07-15T13:09:28","guid":{"rendered":"https:\/\/atsautomation.com\/dienstleistungsproduktfamilien\/system-upgrade-und-nachrustung\/"},"modified":"2020-08-13T20:32:36","modified_gmt":"2020-08-13T20:32:36","slug":"system-upgrade-und-nachrustung","status":"publish","type":"page","link":"https:\/\/vipgo.atsautomation.com\/atsautomation\/de\/kundendienst-und-dienstleistung\/dienstleistungsproduktfamilien\/system-upgrade-und-nachrustung\/","title":{"rendered":"System-Upgrade und Nachr\u00fcstung"},"content":{"rendered":"<h1>Wir bieten Ihnen die \u00c4nderungen, die Ihr System ben\u00f6tigt.<\/h1>\n","protected":false},"excerpt":{"rendered":"<p>Wir bieten Ihnen die \u00c4nderungen, die Ihr System ben\u00f6tigt.<\/p>\n","protected":false},"author":30,"featured_media":12693,"parent":9971,"menu_order":0,"comment_status":"closed","ping_status":"closed","template":"page-templates\/content-page.php","meta":{"_acf_changed":false,"footnotes":""},"class_list":["post-9980","page","type-page","status-publish","has-post-thumbnail","hentry"],"yoast_head":"<!-- This site is optimized with the Yoast SEO Premium plugin v26.8 (Yoast SEO v26.8) - https:\/\/yoast.com\/product\/yoast-seo-premium-wordpress\/ -->\n<title>Automation System Upgrades &amp; Retrofits | Service Product Families | ATS<\/title>\n<meta name=\"description\" content=\"Wir bei ATS After Sales and Services wissen, dass Ihr System manchmal ein Upgrade ben\u00f6tigt. Unsere Teams verf\u00fcgen \u00fcber das Wissen und die Erfahrung, um Modifikationen zu entwerfen und auszuf\u00fchren, die speziell f\u00fcr Sie geeignet sind\" \/>\n<meta name=\"robots\" content=\"index, follow, max-snippet:-1, max-image-preview:large, max-video-preview:-1\" \/>\n<link rel=\"canonical\" href=\"https:\/\/vipgo.atsautomation.com\/atsautomation\/de\/kundendienst-und-dienstleistung\/dienstleistungsproduktfamilien\/system-upgrade-und-nachrustung\/\" \/>\n<meta property=\"og:locale\" content=\"de_DE\" \/>\n<meta property=\"og:type\" content=\"article\" \/>\n<meta property=\"og:title\" content=\"System-Upgrade und Nachr\u00fcstung\" \/>\n<meta property=\"og:description\" content=\"Wir bei ATS After Sales and Services wissen, dass Ihr System manchmal ein Upgrade ben\u00f6tigt. Unsere Teams verf\u00fcgen \u00fcber das Wissen und die Erfahrung, um Modifikationen zu entwerfen und auszuf\u00fchren, die speziell f\u00fcr Sie geeignet sind\" \/>\n<meta property=\"og:url\" content=\"https:\/\/vipgo.atsautomation.com\/atsautomation\/de\/kundendienst-und-dienstleistung\/dienstleistungsproduktfamilien\/system-upgrade-und-nachrustung\/\" \/>\n<meta property=\"og:site_name\" content=\"ATS Corporation\" \/>\n<meta property=\"article:modified_time\" content=\"2020-08-13T20:32:36+00:00\" \/>\n<meta property=\"og:image\" content=\"https:\/\/vipgo.atsautomation.com\/atsautomation\/wp-content\/uploads\/sites\/9\/2020\/07\/Corp-Content-Page-Banner-6250x2084-1.jpg\" \/>\n\t<meta property=\"og:image:width\" content=\"1500\" \/>\n\t<meta property=\"og:image:height\" content=\"500\" \/>\n\t<meta property=\"og:image:type\" content=\"image\/jpeg\" \/>\n<meta name=\"twitter:card\" content=\"summary_large_image\" \/>\n<script type=\"application\/ld+json\" class=\"yoast-schema-graph\">{\"@context\":\"https:\/\/schema.org\",\"@graph\":[{\"@type\":\"WebPage\",\"@id\":\"https:\/\/vipgo.atsautomation.com\/atsautomation\/de\/kundendienst-und-dienstleistung\/dienstleistungsproduktfamilien\/system-upgrade-und-nachrustung\/\",\"url\":\"https:\/\/vipgo.atsautomation.com\/atsautomation\/de\/kundendienst-und-dienstleistung\/dienstleistungsproduktfamilien\/system-upgrade-und-nachrustung\/\",\"name\":\"Automation System Upgrades & Retrofits | Service Product Families | ATS\",\"isPartOf\":{\"@id\":\"https:\/\/vipgo.atsautomation.com\/atsautomation\/de\/#website\"},\"primaryImageOfPage\":{\"@id\":\"https:\/\/vipgo.atsautomation.com\/atsautomation\/de\/kundendienst-und-dienstleistung\/dienstleistungsproduktfamilien\/system-upgrade-und-nachrustung\/#primaryimage\"},\"image\":{\"@id\":\"https:\/\/vipgo.atsautomation.com\/atsautomation\/de\/kundendienst-und-dienstleistung\/dienstleistungsproduktfamilien\/system-upgrade-und-nachrustung\/#primaryimage\"},\"thumbnailUrl\":\"https:\/\/vipgo.atsautomation.com\/atsautomation\/wp-content\/uploads\/sites\/9\/2020\/07\/Corp-Content-Page-Banner-6250x2084-1.jpg\",\"datePublished\":\"2020-07-15T13:09:28+00:00\",\"dateModified\":\"2020-08-13T20:32:36+00:00\",\"description\":\"Wir bei ATS After Sales and Services wissen, dass Ihr System manchmal ein Upgrade ben\u00f6tigt. Unsere Teams verf\u00fcgen \u00fcber das Wissen und die Erfahrung, um Modifikationen zu entwerfen und auszuf\u00fchren, die speziell f\u00fcr Sie geeignet sind\",\"breadcrumb\":{\"@id\":\"https:\/\/vipgo.atsautomation.com\/atsautomation\/de\/kundendienst-und-dienstleistung\/dienstleistungsproduktfamilien\/system-upgrade-und-nachrustung\/#breadcrumb\"},\"inLanguage\":\"de-DE\",\"potentialAction\":[{\"@type\":\"ReadAction\",\"target\":[\"https:\/\/vipgo.atsautomation.com\/atsautomation\/de\/kundendienst-und-dienstleistung\/dienstleistungsproduktfamilien\/system-upgrade-und-nachrustung\/\"]}]},{\"@type\":\"ImageObject\",\"inLanguage\":\"de-DE\",\"@id\":\"https:\/\/vipgo.atsautomation.com\/atsautomation\/de\/kundendienst-und-dienstleistung\/dienstleistungsproduktfamilien\/system-upgrade-und-nachrustung\/#primaryimage\",\"url\":\"https:\/\/vipgo.atsautomation.com\/atsautomation\/wp-content\/uploads\/sites\/9\/2020\/07\/Corp-Content-Page-Banner-6250x2084-1.jpg\",\"contentUrl\":\"https:\/\/vipgo.atsautomation.com\/atsautomation\/wp-content\/uploads\/sites\/9\/2020\/07\/Corp-Content-Page-Banner-6250x2084-1.jpg\",\"width\":1500,\"height\":500,\"caption\":\"ATS-Logo einge\u00e4tzt in die Glasabdeckung einer Maschine\"},{\"@type\":\"BreadcrumbList\",\"@id\":\"https:\/\/vipgo.atsautomation.com\/atsautomation\/de\/kundendienst-und-dienstleistung\/dienstleistungsproduktfamilien\/system-upgrade-und-nachrustung\/#breadcrumb\",\"itemListElement\":[{\"@type\":\"ListItem\",\"position\":1,\"name\":\"Home\",\"item\":\"https:\/\/vipgo.atsautomation.com\/atsautomation\/de\/\"},{\"@type\":\"ListItem\",\"position\":2,\"name\":\"Kundendienst und Dienstleistung\",\"item\":\"https:\/\/vipgo.atsautomation.com\/atsautomation\/de\/kundendienst-und-dienstleistung\/\"},{\"@type\":\"ListItem\",\"position\":3,\"name\":\"Dienstleistungsproduktfamilien\",\"item\":\"https:\/\/vipgo.atsautomation.com\/atsautomation\/de\/kundendienst-und-dienstleistung\/dienstleistungsproduktfamilien\/\"},{\"@type\":\"ListItem\",\"position\":4,\"name\":\"System-Upgrade und Nachr\u00fcstung\"}]},{\"@type\":\"WebSite\",\"@id\":\"https:\/\/vipgo.atsautomation.com\/atsautomation\/de\/#website\",\"url\":\"https:\/\/vipgo.atsautomation.com\/atsautomation\/de\/\",\"name\":\"ATS Corporation\",\"description\":\"Just another vipgo.atsautomation.com site\",\"publisher\":{\"@id\":\"https:\/\/vipgo.atsautomation.com\/atsautomation\/de\/#organization\"},\"potentialAction\":[{\"@type\":\"SearchAction\",\"target\":{\"@type\":\"EntryPoint\",\"urlTemplate\":\"https:\/\/vipgo.atsautomation.com\/atsautomation\/de\/?s={search_term_string}\"},\"query-input\":{\"@type\":\"PropertyValueSpecification\",\"valueRequired\":true,\"valueName\":\"search_term_string\"}}],\"inLanguage\":\"de-DE\"},{\"@type\":\"Organization\",\"@id\":\"https:\/\/vipgo.atsautomation.com\/atsautomation\/de\/#organization\",\"name\":\"ATS Corporation\",\"url\":\"https:\/\/vipgo.atsautomation.com\/atsautomation\/de\/\",\"logo\":{\"@type\":\"ImageObject\",\"inLanguage\":\"de-DE\",\"@id\":\"https:\/\/vipgo.atsautomation.com\/atsautomation\/de\/#\/schema\/logo\/image\/\",\"url\":\"https:\/\/atsautomation.com\/wp-content\/uploads\/sites\/9\/2022\/11\/ATS-logo-colour-RGB_TM.png\",\"contentUrl\":\"https:\/\/atsautomation.com\/wp-content\/uploads\/sites\/9\/2022\/11\/ATS-logo-colour-RGB_TM.png\",\"width\":1880,\"height\":371,\"caption\":\"ATS Corporation\"},\"image\":{\"@id\":\"https:\/\/vipgo.atsautomation.com\/atsautomation\/de\/#\/schema\/logo\/image\/\"}}]}<\/script>\n<!-- \/ Yoast SEO Premium plugin. -->","yoast_head_json":{"title":"Automation System Upgrades & Retrofits | Service Product Families | ATS","description":"Wir bei ATS After Sales and Services wissen, dass Ihr System manchmal ein Upgrade ben\u00f6tigt. Unsere Teams verf\u00fcgen \u00fcber das Wissen und die Erfahrung, um Modifikationen zu entwerfen und auszuf\u00fchren, die speziell f\u00fcr Sie geeignet sind","robots":{"index":"index","follow":"follow","max-snippet":"max-snippet:-1","max-image-preview":"max-image-preview:large","max-video-preview":"max-video-preview:-1"},"canonical":"https:\/\/vipgo.atsautomation.com\/atsautomation\/de\/kundendienst-und-dienstleistung\/dienstleistungsproduktfamilien\/system-upgrade-und-nachrustung\/","og_locale":"de_DE","og_type":"article","og_title":"System-Upgrade und Nachr\u00fcstung","og_description":"Wir bei ATS After Sales and Services wissen, dass Ihr System manchmal ein Upgrade ben\u00f6tigt. Unsere Teams verf\u00fcgen \u00fcber das Wissen und die Erfahrung, um Modifikationen zu entwerfen und auszuf\u00fchren, die speziell f\u00fcr Sie geeignet sind","og_url":"https:\/\/vipgo.atsautomation.com\/atsautomation\/de\/kundendienst-und-dienstleistung\/dienstleistungsproduktfamilien\/system-upgrade-und-nachrustung\/","og_site_name":"ATS Corporation","article_modified_time":"2020-08-13T20:32:36+00:00","og_image":[{"width":1500,"height":500,"url":"https:\/\/vipgo.atsautomation.com\/atsautomation\/wp-content\/uploads\/sites\/9\/2020\/07\/Corp-Content-Page-Banner-6250x2084-1.jpg","type":"image\/jpeg"}],"twitter_card":"summary_large_image","schema":{"@context":"https:\/\/schema.org","@graph":[{"@type":"WebPage","@id":"https:\/\/vipgo.atsautomation.com\/atsautomation\/de\/kundendienst-und-dienstleistung\/dienstleistungsproduktfamilien\/system-upgrade-und-nachrustung\/","url":"https:\/\/vipgo.atsautomation.com\/atsautomation\/de\/kundendienst-und-dienstleistung\/dienstleistungsproduktfamilien\/system-upgrade-und-nachrustung\/","name":"Automation System Upgrades & Retrofits | Service Product Families | ATS","isPartOf":{"@id":"https:\/\/vipgo.atsautomation.com\/atsautomation\/de\/#website"},"primaryImageOfPage":{"@id":"https:\/\/vipgo.atsautomation.com\/atsautomation\/de\/kundendienst-und-dienstleistung\/dienstleistungsproduktfamilien\/system-upgrade-und-nachrustung\/#primaryimage"},"image":{"@id":"https:\/\/vipgo.atsautomation.com\/atsautomation\/de\/kundendienst-und-dienstleistung\/dienstleistungsproduktfamilien\/system-upgrade-und-nachrustung\/#primaryimage"},"thumbnailUrl":"https:\/\/vipgo.atsautomation.com\/atsautomation\/wp-content\/uploads\/sites\/9\/2020\/07\/Corp-Content-Page-Banner-6250x2084-1.jpg","datePublished":"2020-07-15T13:09:28+00:00","dateModified":"2020-08-13T20:32:36+00:00","description":"Wir bei ATS After Sales and Services wissen, dass Ihr System manchmal ein Upgrade ben\u00f6tigt. Unsere Teams verf\u00fcgen \u00fcber das Wissen und die Erfahrung, um Modifikationen zu entwerfen und auszuf\u00fchren, die speziell f\u00fcr Sie geeignet sind","breadcrumb":{"@id":"https:\/\/vipgo.atsautomation.com\/atsautomation\/de\/kundendienst-und-dienstleistung\/dienstleistungsproduktfamilien\/system-upgrade-und-nachrustung\/#breadcrumb"},"inLanguage":"de-DE","potentialAction":[{"@type":"ReadAction","target":["https:\/\/vipgo.atsautomation.com\/atsautomation\/de\/kundendienst-und-dienstleistung\/dienstleistungsproduktfamilien\/system-upgrade-und-nachrustung\/"]}]},{"@type":"ImageObject","inLanguage":"de-DE","@id":"https:\/\/vipgo.atsautomation.com\/atsautomation\/de\/kundendienst-und-dienstleistung\/dienstleistungsproduktfamilien\/system-upgrade-und-nachrustung\/#primaryimage","url":"https:\/\/vipgo.atsautomation.com\/atsautomation\/wp-content\/uploads\/sites\/9\/2020\/07\/Corp-Content-Page-Banner-6250x2084-1.jpg","contentUrl":"https:\/\/vipgo.atsautomation.com\/atsautomation\/wp-content\/uploads\/sites\/9\/2020\/07\/Corp-Content-Page-Banner-6250x2084-1.jpg","width":1500,"height":500,"caption":"ATS-Logo einge\u00e4tzt in die Glasabdeckung einer Maschine"},{"@type":"BreadcrumbList","@id":"https:\/\/vipgo.atsautomation.com\/atsautomation\/de\/kundendienst-und-dienstleistung\/dienstleistungsproduktfamilien\/system-upgrade-und-nachrustung\/#breadcrumb","itemListElement":[{"@type":"ListItem","position":1,"name":"Home","item":"https:\/\/vipgo.atsautomation.com\/atsautomation\/de\/"},{"@type":"ListItem","position":2,"name":"Kundendienst und Dienstleistung","item":"https:\/\/vipgo.atsautomation.com\/atsautomation\/de\/kundendienst-und-dienstleistung\/"},{"@type":"ListItem","position":3,"name":"Dienstleistungsproduktfamilien","item":"https:\/\/vipgo.atsautomation.com\/atsautomation\/de\/kundendienst-und-dienstleistung\/dienstleistungsproduktfamilien\/"},{"@type":"ListItem","position":4,"name":"System-Upgrade und Nachr\u00fcstung"}]},{"@type":"WebSite","@id":"https:\/\/vipgo.atsautomation.com\/atsautomation\/de\/#website","url":"https:\/\/vipgo.atsautomation.com\/atsautomation\/de\/","name":"ATS Corporation","description":"Just another vipgo.atsautomation.com site","publisher":{"@id":"https:\/\/vipgo.atsautomation.com\/atsautomation\/de\/#organization"},"potentialAction":[{"@type":"SearchAction","target":{"@type":"EntryPoint","urlTemplate":"https:\/\/vipgo.atsautomation.com\/atsautomation\/de\/?s={search_term_string}"},"query-input":{"@type":"PropertyValueSpecification","valueRequired":true,"valueName":"search_term_string"}}],"inLanguage":"de-DE"},{"@type":"Organization","@id":"https:\/\/vipgo.atsautomation.com\/atsautomation\/de\/#organization","name":"ATS Corporation","url":"https:\/\/vipgo.atsautomation.com\/atsautomation\/de\/","logo":{"@type":"ImageObject","inLanguage":"de-DE","@id":"https:\/\/vipgo.atsautomation.com\/atsautomation\/de\/#\/schema\/logo\/image\/","url":"https:\/\/atsautomation.com\/wp-content\/uploads\/sites\/9\/2022\/11\/ATS-logo-colour-RGB_TM.png","contentUrl":"https:\/\/atsautomation.com\/wp-content\/uploads\/sites\/9\/2022\/11\/ATS-logo-colour-RGB_TM.png","width":1880,"height":371,"caption":"ATS Corporation"},"image":{"@id":"https:\/\/vipgo.atsautomation.com\/atsautomation\/de\/#\/schema\/logo\/image\/"}}]}},"acf":[],"jetpack_sharing_enabled":true,"_links":{"self":[{"href":"https:\/\/vipgo.atsautomation.com\/atsautomation\/de\/wp-json\/wp\/v2\/pages\/9980","targetHints":{"allow":["GET"]}}],"collection":[{"href":"https:\/\/vipgo.atsautomation.com\/atsautomation\/de\/wp-json\/wp\/v2\/pages"}],"about":[{"href":"https:\/\/vipgo.atsautomation.com\/atsautomation\/de\/wp-json\/wp\/v2\/types\/page"}],"author":[{"embeddable":true,"href":"https:\/\/vipgo.atsautomation.com\/atsautomation\/de\/wp-json\/wp\/v2\/users\/30"}],"replies":[{"embeddable":true,"href":"https:\/\/vipgo.atsautomation.com\/atsautomation\/de\/wp-json\/wp\/v2\/comments?post=9980"}],"version-history":[{"count":3,"href":"https:\/\/vipgo.atsautomation.com\/atsautomation\/de\/wp-json\/wp\/v2\/pages\/9980\/revisions"}],"predecessor-version":[{"id":23000,"href":"https:\/\/vipgo.atsautomation.com\/atsautomation\/de\/wp-json\/wp\/v2\/pages\/9980\/revisions\/23000"}],"up":[{"embeddable":true,"href":"https:\/\/vipgo.atsautomation.com\/atsautomation\/de\/wp-json\/wp\/v2\/pages\/9971"}],"wp:featuredmedia":[{"embeddable":true,"href":"https:\/\/vipgo.atsautomation.com\/atsautomation\/de\/wp-json\/wp\/v2\/media\/12693"}],"wp:attachment":[{"href":"https:\/\/vipgo.atsautomation.com\/atsautomation\/de\/wp-json\/wp\/v2\/media?parent=9980"}],"curies":[{"name":"wp","href":"https:\/\/api.w.org\/{rel}","templated":true}]}}