{"id":10733,"date":"2020-07-15T13:33:03","date_gmt":"2020-07-15T13:33:03","guid":{"rendered":"https:\/\/atsautomation.com\/magazzino-e-distribuzione\/"},"modified":"2023-01-30T15:19:28","modified_gmt":"2023-01-30T15:19:28","slug":"magazzino-e-distribuzione","status":"publish","type":"page","link":"https:\/\/vipgo.atsautomation.com\/atsautomation\/it\/magazzino-e-distribuzione\/","title":{"rendered":"Magazzino e distribuzione"},"content":{"rendered":"<div class=\"row\">\n<div class=\"turbo-charger col-md-6\">\n<h2>Magazzino e logistica<\/h2>\n<h3>Le aziende di e-commerce e logistica si sforzano di incrementare le loro attivit\u00e0, e ATS pu\u00f2 svolgere un ruolo importante nel raggiungimento dei loro obiettivi. Mano a mano che i volumi aumentano, ATS pu\u00f2 aiutare ad affrontare le principali sfide del settore.<\/h3>\n<ol>\n<li>Minimizzare l&#8217;impatto della disponibilit\u00e0 di manodopera, dei costi e della salute e sicurezza;<\/li>\n<li>Efficienza e precisione delle operazioni: l&#8217;automazione per migliorare la produttivit\u00e0, la ripetibilit\u00e0 e la coerenza;<\/li>\n<li>Aumentare l&#8217;efficienza: ATS fornisce a livello mondiale capacit\u00e0 di aumentare la scala della costruzione delle macchine in modo rapido.<\/li>\n<\/ol>\n<\/div>\n<div class=\"turbo-charger-rightside col-md-6\"><iframe loading=\"lazy\" title=\"Contact Us-content Template - ATS Website\" class=\"\" width=\"100%\" height=\"350\" type=\"text\/html\" frameborder=\"0\" allowtransparency=\"true\" style=\"border: 0px;\/* display: none; *\/\" data-cookieconsent=\"marketing\" src=\"https:\/\/go.atsautomation.com\/l\/651873\/2020-08-12\/279w1m\"><\/iframe><\/div>\n<\/div>\n","protected":false},"excerpt":{"rendered":"<p>Magazzino e logistica Le aziende di e-commerce e logistica si sforzano di incrementare le loro attivit\u00e0, e ATS pu\u00f2 svolgere un ruolo importante nel raggiungimento dei loro obiettivi. Mano a mano che i volumi aumentano, ATS pu\u00f2 aiutare ad affrontare le principali sfide del settore. Minimizzare l&#8217;impatto della disponibilit\u00e0 di manodopera, dei costi e della salute e sicurezza; Efficienza e&#8230;<\/p>\n<div class=\"post-button\"><a href=\"https:\/\/vipgo.atsautomation.com\/atsautomation\/it\/magazzino-e-distribuzione\/\">Read More<\/a><\/div>\n","protected":false},"author":3,"featured_media":8124,"parent":0,"menu_order":0,"comment_status":"closed","ping_status":"closed","template":"page-templates\/landing-page.php","meta":{"_acf_changed":false,"footnotes":""},"class_list":["post-10733","page","type-page","status-publish","has-post-thumbnail","hentry"],"yoast_head":"<!-- This site is optimized with the Yoast SEO Premium plugin v26.8 (Yoast SEO v26.8) - https:\/\/yoast.com\/product\/yoast-seo-premium-wordpress\/ -->\n<title>Warehousing &amp; Distribution Automation Systems | ATS Automation<\/title>\n<meta name=\"description\" content=\"Our Warehousing &amp; Distribution Automation Systems can help to address the major challenges faced by the industry. Reach your objectives as volumes increase.\" \/>\n<meta name=\"robots\" content=\"index, follow, max-snippet:-1, max-image-preview:large, max-video-preview:-1\" \/>\n<link rel=\"canonical\" href=\"https:\/\/vipgo.atsautomation.com\/atsautomation\/it\/magazzino-e-distribuzione\/\" \/>\n<meta property=\"og:locale\" content=\"it_IT\" \/>\n<meta property=\"og:type\" content=\"article\" \/>\n<meta property=\"og:title\" content=\"Magazzino e distribuzione\" \/>\n<meta property=\"og:description\" content=\"Our Warehousing &amp; Distribution Automation Systems can help to address the major challenges faced by the industry. Reach your objectives as volumes increase.\" \/>\n<meta property=\"og:url\" content=\"https:\/\/vipgo.atsautomation.com\/atsautomation\/it\/magazzino-e-distribuzione\/\" \/>\n<meta property=\"og:site_name\" content=\"ATS Corporation\" \/>\n<meta property=\"article:modified_time\" content=\"2023-01-30T15:19:28+00:00\" \/>\n<meta property=\"og:image\" content=\"https:\/\/vipgo.atsautomation.com\/atsautomation\/wp-content\/uploads\/sites\/9\/2020\/07\/ATS-Machines-1500-500.jpg\" \/>\n\t<meta property=\"og:image:width\" content=\"1500\" \/>\n\t<meta property=\"og:image:height\" content=\"500\" \/>\n\t<meta property=\"og:image:type\" content=\"image\/jpeg\" \/>\n<meta name=\"twitter:card\" content=\"summary_large_image\" \/>\n<meta name=\"twitter:label1\" content=\"Tempo di lettura stimato\" \/>\n\t<meta name=\"twitter:data1\" content=\"1 minuto\" \/>\n<script type=\"application\/ld+json\" class=\"yoast-schema-graph\">{\"@context\":\"https:\/\/schema.org\",\"@graph\":[{\"@type\":\"WebPage\",\"@id\":\"https:\/\/vipgo.atsautomation.com\/atsautomation\/it\/magazzino-e-distribuzione\/\",\"url\":\"https:\/\/vipgo.atsautomation.com\/atsautomation\/it\/magazzino-e-distribuzione\/\",\"name\":\"Warehousing & Distribution Automation Systems | ATS Automation\",\"isPartOf\":{\"@id\":\"https:\/\/vipgo.atsautomation.com\/atsautomation\/it\/#website\"},\"primaryImageOfPage\":{\"@id\":\"https:\/\/vipgo.atsautomation.com\/atsautomation\/it\/magazzino-e-distribuzione\/#primaryimage\"},\"image\":{\"@id\":\"https:\/\/vipgo.atsautomation.com\/atsautomation\/it\/magazzino-e-distribuzione\/#primaryimage\"},\"thumbnailUrl\":\"https:\/\/vipgo.atsautomation.com\/atsautomation\/wp-content\/uploads\/sites\/9\/2020\/07\/ATS-Machines-1500-500.jpg\",\"datePublished\":\"2020-07-15T13:33:03+00:00\",\"dateModified\":\"2023-01-30T15:19:28+00:00\",\"description\":\"Our Warehousing & Distribution Automation Systems can help to address the major challenges faced by the industry. Reach your objectives as volumes increase.\",\"breadcrumb\":{\"@id\":\"https:\/\/vipgo.atsautomation.com\/atsautomation\/it\/magazzino-e-distribuzione\/#breadcrumb\"},\"inLanguage\":\"it-IT\",\"potentialAction\":[{\"@type\":\"ReadAction\",\"target\":[\"https:\/\/vipgo.atsautomation.com\/atsautomation\/it\/magazzino-e-distribuzione\/\"]}]},{\"@type\":\"ImageObject\",\"inLanguage\":\"it-IT\",\"@id\":\"https:\/\/vipgo.atsautomation.com\/atsautomation\/it\/magazzino-e-distribuzione\/#primaryimage\",\"url\":\"https:\/\/vipgo.atsautomation.com\/atsautomation\/wp-content\/uploads\/sites\/9\/2020\/07\/ATS-Machines-1500-500.jpg\",\"contentUrl\":\"https:\/\/vipgo.atsautomation.com\/atsautomation\/wp-content\/uploads\/sites\/9\/2020\/07\/ATS-Machines-1500-500.jpg\",\"width\":1500,\"height\":500,\"caption\":\"sistema di assemblaggio smart meter\"},{\"@type\":\"BreadcrumbList\",\"@id\":\"https:\/\/vipgo.atsautomation.com\/atsautomation\/it\/magazzino-e-distribuzione\/#breadcrumb\",\"itemListElement\":[{\"@type\":\"ListItem\",\"position\":1,\"name\":\"Home\",\"item\":\"https:\/\/vipgo.atsautomation.com\/atsautomation\/it\/\"},{\"@type\":\"ListItem\",\"position\":2,\"name\":\"Magazzino e distribuzione\"}]},{\"@type\":\"WebSite\",\"@id\":\"https:\/\/vipgo.atsautomation.com\/atsautomation\/it\/#website\",\"url\":\"https:\/\/vipgo.atsautomation.com\/atsautomation\/it\/\",\"name\":\"ATS Corporation\",\"description\":\"Just another vipgo.atsautomation.com site\",\"publisher\":{\"@id\":\"https:\/\/vipgo.atsautomation.com\/atsautomation\/it\/#organization\"},\"potentialAction\":[{\"@type\":\"SearchAction\",\"target\":{\"@type\":\"EntryPoint\",\"urlTemplate\":\"https:\/\/vipgo.atsautomation.com\/atsautomation\/it\/?s={search_term_string}\"},\"query-input\":{\"@type\":\"PropertyValueSpecification\",\"valueRequired\":true,\"valueName\":\"search_term_string\"}}],\"inLanguage\":\"it-IT\"},{\"@type\":\"Organization\",\"@id\":\"https:\/\/vipgo.atsautomation.com\/atsautomation\/it\/#organization\",\"name\":\"ATS Corporation\",\"url\":\"https:\/\/vipgo.atsautomation.com\/atsautomation\/it\/\",\"logo\":{\"@type\":\"ImageObject\",\"inLanguage\":\"it-IT\",\"@id\":\"https:\/\/vipgo.atsautomation.com\/atsautomation\/it\/#\/schema\/logo\/image\/\",\"url\":\"https:\/\/atsautomation.com\/wp-content\/uploads\/sites\/9\/2022\/11\/ATS-logo-colour-RGB_TM.png\",\"contentUrl\":\"https:\/\/atsautomation.com\/wp-content\/uploads\/sites\/9\/2022\/11\/ATS-logo-colour-RGB_TM.png\",\"width\":1880,\"height\":371,\"caption\":\"ATS Corporation\"},\"image\":{\"@id\":\"https:\/\/vipgo.atsautomation.com\/atsautomation\/it\/#\/schema\/logo\/image\/\"}}]}<\/script>\n<!-- \/ Yoast SEO Premium plugin. -->","yoast_head_json":{"title":"Warehousing & Distribution Automation Systems | ATS Automation","description":"Our Warehousing & Distribution Automation Systems can help to address the major challenges faced by the industry. Reach your objectives as volumes increase.","robots":{"index":"index","follow":"follow","max-snippet":"max-snippet:-1","max-image-preview":"max-image-preview:large","max-video-preview":"max-video-preview:-1"},"canonical":"https:\/\/vipgo.atsautomation.com\/atsautomation\/it\/magazzino-e-distribuzione\/","og_locale":"it_IT","og_type":"article","og_title":"Magazzino e distribuzione","og_description":"Our Warehousing & Distribution Automation Systems can help to address the major challenges faced by the industry. Reach your objectives as volumes increase.","og_url":"https:\/\/vipgo.atsautomation.com\/atsautomation\/it\/magazzino-e-distribuzione\/","og_site_name":"ATS Corporation","article_modified_time":"2023-01-30T15:19:28+00:00","og_image":[{"width":1500,"height":500,"url":"https:\/\/vipgo.atsautomation.com\/atsautomation\/wp-content\/uploads\/sites\/9\/2020\/07\/ATS-Machines-1500-500.jpg","type":"image\/jpeg"}],"twitter_card":"summary_large_image","twitter_misc":{"Tempo di lettura stimato":"1 minuto"},"schema":{"@context":"https:\/\/schema.org","@graph":[{"@type":"WebPage","@id":"https:\/\/vipgo.atsautomation.com\/atsautomation\/it\/magazzino-e-distribuzione\/","url":"https:\/\/vipgo.atsautomation.com\/atsautomation\/it\/magazzino-e-distribuzione\/","name":"Warehousing & Distribution Automation Systems | ATS Automation","isPartOf":{"@id":"https:\/\/vipgo.atsautomation.com\/atsautomation\/it\/#website"},"primaryImageOfPage":{"@id":"https:\/\/vipgo.atsautomation.com\/atsautomation\/it\/magazzino-e-distribuzione\/#primaryimage"},"image":{"@id":"https:\/\/vipgo.atsautomation.com\/atsautomation\/it\/magazzino-e-distribuzione\/#primaryimage"},"thumbnailUrl":"https:\/\/vipgo.atsautomation.com\/atsautomation\/wp-content\/uploads\/sites\/9\/2020\/07\/ATS-Machines-1500-500.jpg","datePublished":"2020-07-15T13:33:03+00:00","dateModified":"2023-01-30T15:19:28+00:00","description":"Our Warehousing & Distribution Automation Systems can help to address the major challenges faced by the industry. Reach your objectives as volumes increase.","breadcrumb":{"@id":"https:\/\/vipgo.atsautomation.com\/atsautomation\/it\/magazzino-e-distribuzione\/#breadcrumb"},"inLanguage":"it-IT","potentialAction":[{"@type":"ReadAction","target":["https:\/\/vipgo.atsautomation.com\/atsautomation\/it\/magazzino-e-distribuzione\/"]}]},{"@type":"ImageObject","inLanguage":"it-IT","@id":"https:\/\/vipgo.atsautomation.com\/atsautomation\/it\/magazzino-e-distribuzione\/#primaryimage","url":"https:\/\/vipgo.atsautomation.com\/atsautomation\/wp-content\/uploads\/sites\/9\/2020\/07\/ATS-Machines-1500-500.jpg","contentUrl":"https:\/\/vipgo.atsautomation.com\/atsautomation\/wp-content\/uploads\/sites\/9\/2020\/07\/ATS-Machines-1500-500.jpg","width":1500,"height":500,"caption":"sistema di assemblaggio smart meter"},{"@type":"BreadcrumbList","@id":"https:\/\/vipgo.atsautomation.com\/atsautomation\/it\/magazzino-e-distribuzione\/#breadcrumb","itemListElement":[{"@type":"ListItem","position":1,"name":"Home","item":"https:\/\/vipgo.atsautomation.com\/atsautomation\/it\/"},{"@type":"ListItem","position":2,"name":"Magazzino e distribuzione"}]},{"@type":"WebSite","@id":"https:\/\/vipgo.atsautomation.com\/atsautomation\/it\/#website","url":"https:\/\/vipgo.atsautomation.com\/atsautomation\/it\/","name":"ATS Corporation","description":"Just another vipgo.atsautomation.com site","publisher":{"@id":"https:\/\/vipgo.atsautomation.com\/atsautomation\/it\/#organization"},"potentialAction":[{"@type":"SearchAction","target":{"@type":"EntryPoint","urlTemplate":"https:\/\/vipgo.atsautomation.com\/atsautomation\/it\/?s={search_term_string}"},"query-input":{"@type":"PropertyValueSpecification","valueRequired":true,"valueName":"search_term_string"}}],"inLanguage":"it-IT"},{"@type":"Organization","@id":"https:\/\/vipgo.atsautomation.com\/atsautomation\/it\/#organization","name":"ATS Corporation","url":"https:\/\/vipgo.atsautomation.com\/atsautomation\/it\/","logo":{"@type":"ImageObject","inLanguage":"it-IT","@id":"https:\/\/vipgo.atsautomation.com\/atsautomation\/it\/#\/schema\/logo\/image\/","url":"https:\/\/atsautomation.com\/wp-content\/uploads\/sites\/9\/2022\/11\/ATS-logo-colour-RGB_TM.png","contentUrl":"https:\/\/atsautomation.com\/wp-content\/uploads\/sites\/9\/2022\/11\/ATS-logo-colour-RGB_TM.png","width":1880,"height":371,"caption":"ATS Corporation"},"image":{"@id":"https:\/\/vipgo.atsautomation.com\/atsautomation\/it\/#\/schema\/logo\/image\/"}}]}},"acf":[],"jetpack_sharing_enabled":true,"_links":{"self":[{"href":"https:\/\/vipgo.atsautomation.com\/atsautomation\/it\/wp-json\/wp\/v2\/pages\/10733","targetHints":{"allow":["GET"]}}],"collection":[{"href":"https:\/\/vipgo.atsautomation.com\/atsautomation\/it\/wp-json\/wp\/v2\/pages"}],"about":[{"href":"https:\/\/vipgo.atsautomation.com\/atsautomation\/it\/wp-json\/wp\/v2\/types\/page"}],"author":[{"embeddable":true,"href":"https:\/\/vipgo.atsautomation.com\/atsautomation\/it\/wp-json\/wp\/v2\/users\/3"}],"replies":[{"embeddable":true,"href":"https:\/\/vipgo.atsautomation.com\/atsautomation\/it\/wp-json\/wp\/v2\/comments?post=10733"}],"version-history":[{"count":4,"href":"https:\/\/vipgo.atsautomation.com\/atsautomation\/it\/wp-json\/wp\/v2\/pages\/10733\/revisions"}],"predecessor-version":[{"id":35257,"href":"https:\/\/vipgo.atsautomation.com\/atsautomation\/it\/wp-json\/wp\/v2\/pages\/10733\/revisions\/35257"}],"wp:featuredmedia":[{"embeddable":true,"href":"https:\/\/vipgo.atsautomation.com\/atsautomation\/it\/wp-json\/wp\/v2\/media\/8124"}],"wp:attachment":[{"href":"https:\/\/vipgo.atsautomation.com\/atsautomation\/it\/wp-json\/wp\/v2\/media?parent=10733"}],"curies":[{"name":"wp","href":"https:\/\/api.w.org\/{rel}","templated":true}]}}