{"id":10755,"date":"2020-07-15T13:33:05","date_gmt":"2020-07-15T13:33:05","guid":{"rendered":"https:\/\/atsautomation.com\/processo-variazioni-e-rinunce-del-fornitore\/"},"modified":"2020-08-19T14:32:03","modified_gmt":"2020-08-19T14:32:03","slug":"processo-variazioni-e-rinunce-del-fornitore","status":"publish","type":"page","link":"https:\/\/vipgo.atsautomation.com\/atsautomation\/it\/gestione-della-qualit-dei-fornitori\/processo-variazioni-e-rinunce-del-fornitore\/","title":{"rendered":"Processo variazioni e rinunce del fornitore"},"content":{"rendered":"<div class=\"row col-md-3\">\n<div class=\"two\"><a href=\"https:\/\/atsautomation.com\/it\/existing-supplier-documentation\/\">Documentazione fornitori esistenti<\/a><\/div>\n<div class=\"two\"><a href=\"https:\/\/atsautomation.com\/it\/existing-supplier-feedback\/\">Feedback fornitori esistenti<\/a><\/div>\n<div class=\"two\"><a href=\"https:\/\/atsautomation.com\/it\/new-supplier-submission\/\">Candidatura nuovo fornitore<\/a><\/div>\n<div class=\"two\"><a href=\"https:\/\/atsautomation.com\/it\/ats-supplier-quality-requirements\/\">Requisiti di qualit\u00e0 fornitori ATS<\/a><\/div>\n<div class=\"two\"><a href=\"https:\/\/atsautomation.com\/it\/supplier-resource-library\/\">Biblioteca risorse fornitori<\/a><\/div>\n<div class=\"two\"><a href=\"https:\/\/atsautomation.com\/it\/global-supplier-quality-manual\/\">Manuale qualit\u00e0 fornitori globali<\/a><\/div>\n<div class=\"two\"><a href=\"https:\/\/atsautomation.com\/it\/supplier-deviation-waiver-process\/\">Processo variazioni e rinunce del fornitore<\/a><\/div>\n<div class=\"two\"><a href=\"https:\/\/atsautomation.com\/it\/supplier-quality-news\/\">Notizie sulla qualit\u00e0 dei fornitori<\/a><\/div>\n<div class=\"two\"><a href=\"https:\/\/atsautomation.com\/it\/supplier-code-of-ethics\/\">Codice etico fornitori<\/a><\/div>\n<\/div>\n<div class=\"row col-md-9\">\n<h2>Qualsiasi rinuncia o modifica ai requisiti di un ordine di acquisto non sar\u00e0 valida e vincolante a meno che non sia stata firmata una variazione o rinuncia da un rappresentante ATS autorizzato.<\/h2>\n<p>Sar\u00e0 responsabilit\u00e0 del fornitore presentare una Richiesta di variazione\/rinuncia e inoltrare la stessa ad ATS per l&apos;approvazione nelle seguenti circostanze:<\/p>\n<ul>\n<li>se \u00e8 richiesta la modifica di un pezzo e tale modifica si discosta dai requisiti del disegno;<\/li>\n<li>se il prodotto non \u00e8 conforme alle specifiche e non pu\u00f2 essere corretto in tempo per soddisfare i requisiti di consegna;<\/li>\n<li>per eventuali sostituzioni di materiali o pezzi, equivalenze e\/o alternative.<\/li>\n<\/ul>\n<p><a href=\"https:\/\/atsautomation.com\/wp-content\/uploads\/sites\/9\/2020\/06\/2_14_6_001-Supplier-Deviation-Waiver.pdf\" target=\"_blank\" rel=\"noopener noreferrer\">Modello di deviazione\/rinuncia<\/a>\u00a0<em>(a uso esclusivo dei fornitori ATS)<\/em>\n<\/div>\n","protected":false},"excerpt":{"rendered":"<p>Documentazione fornitori esistenti Feedback fornitori esistenti Candidatura nuovo fornitore Requisiti di qualit\u00e0 fornitori ATS Biblioteca risorse fornitori Manuale qualit\u00e0 fornitori globali Processo variazioni e rinunce del fornitore Notizie sulla qualit\u00e0 dei fornitori Codice etico fornitori Qualsiasi rinuncia o modifica ai requisiti di un ordine di acquisto non sar\u00e0 valida e vincolante a meno che non sia stata firmata una variazione&#8230;<\/p>\n<div class=\"post-button\"><a href=\"https:\/\/vipgo.atsautomation.com\/atsautomation\/it\/gestione-della-qualit-dei-fornitori\/processo-variazioni-e-rinunce-del-fornitore\/\">Read More<\/a><\/div>\n","protected":false},"author":3,"featured_media":6841,"parent":20474,"menu_order":0,"comment_status":"closed","ping_status":"closed","template":"","meta":{"_acf_changed":false,"footnotes":""},"class_list":["post-10755","page","type-page","status-publish","has-post-thumbnail","hentry"],"yoast_head":"<!-- This site is optimized with the Yoast SEO Premium plugin v26.8 (Yoast SEO v26.8) - https:\/\/yoast.com\/product\/yoast-seo-premium-wordpress\/ -->\n<title>Supplier Deviation &amp; Waiver Process | Supplier Quality Management | ATS<\/title>\n<meta name=\"description\" content=\"A waiver or change from the requirements of a purchase order is only valid &amp; binding if a Deviation or Waiver is signed by an authorized ATS representative.\" \/>\n<meta name=\"robots\" content=\"index, follow, max-snippet:-1, max-image-preview:large, max-video-preview:-1\" \/>\n<link rel=\"canonical\" href=\"https:\/\/vipgo.atsautomation.com\/atsautomation\/it\/gestione-della-qualit-dei-fornitori\/processo-variazioni-e-rinunce-del-fornitore\/\" \/>\n<meta property=\"og:locale\" content=\"it_IT\" \/>\n<meta property=\"og:type\" content=\"article\" \/>\n<meta property=\"og:title\" content=\"Processo variazioni e rinunce del fornitore\" \/>\n<meta property=\"og:description\" content=\"A waiver or change from the requirements of a purchase order is only valid &amp; binding if a Deviation or Waiver is signed by an authorized ATS representative.\" \/>\n<meta property=\"og:url\" content=\"https:\/\/vipgo.atsautomation.com\/atsautomation\/it\/gestione-della-qualit-dei-fornitori\/processo-variazioni-e-rinunce-del-fornitore\/\" \/>\n<meta property=\"og:site_name\" content=\"ATS Corporation\" \/>\n<meta property=\"article:modified_time\" content=\"2020-08-19T14:32:03+00:00\" \/>\n<meta property=\"og:image\" content=\"https:\/\/vipgo.atsautomation.com\/atsautomation\/wp-content\/uploads\/sites\/9\/2020\/05\/background-.jpg\" \/>\n\t<meta property=\"og:image:width\" content=\"1900\" \/>\n\t<meta property=\"og:image:height\" content=\"450\" \/>\n\t<meta property=\"og:image:type\" content=\"image\/jpeg\" \/>\n<meta name=\"twitter:card\" content=\"summary_large_image\" \/>\n<meta name=\"twitter:label1\" content=\"Tempo di lettura stimato\" \/>\n\t<meta name=\"twitter:data1\" content=\"1 minuto\" \/>\n<script type=\"application\/ld+json\" class=\"yoast-schema-graph\">{\"@context\":\"https:\/\/schema.org\",\"@graph\":[{\"@type\":\"WebPage\",\"@id\":\"https:\/\/vipgo.atsautomation.com\/atsautomation\/it\/gestione-della-qualit-dei-fornitori\/processo-variazioni-e-rinunce-del-fornitore\/\",\"url\":\"https:\/\/vipgo.atsautomation.com\/atsautomation\/it\/gestione-della-qualit-dei-fornitori\/processo-variazioni-e-rinunce-del-fornitore\/\",\"name\":\"Supplier Deviation & Waiver Process | Supplier Quality Management | ATS\",\"isPartOf\":{\"@id\":\"https:\/\/vipgo.atsautomation.com\/atsautomation\/it\/#website\"},\"primaryImageOfPage\":{\"@id\":\"https:\/\/vipgo.atsautomation.com\/atsautomation\/it\/gestione-della-qualit-dei-fornitori\/processo-variazioni-e-rinunce-del-fornitore\/#primaryimage\"},\"image\":{\"@id\":\"https:\/\/vipgo.atsautomation.com\/atsautomation\/it\/gestione-della-qualit-dei-fornitori\/processo-variazioni-e-rinunce-del-fornitore\/#primaryimage\"},\"thumbnailUrl\":\"https:\/\/vipgo.atsautomation.com\/atsautomation\/wp-content\/uploads\/sites\/9\/2020\/05\/background-.jpg\",\"datePublished\":\"2020-07-15T13:33:05+00:00\",\"dateModified\":\"2020-08-19T14:32:03+00:00\",\"description\":\"A waiver or change from the requirements of a purchase order is only valid & binding if a Deviation or Waiver is signed by an authorized ATS representative.\",\"breadcrumb\":{\"@id\":\"https:\/\/vipgo.atsautomation.com\/atsautomation\/it\/gestione-della-qualit-dei-fornitori\/processo-variazioni-e-rinunce-del-fornitore\/#breadcrumb\"},\"inLanguage\":\"it-IT\",\"potentialAction\":[{\"@type\":\"ReadAction\",\"target\":[\"https:\/\/vipgo.atsautomation.com\/atsautomation\/it\/gestione-della-qualit-dei-fornitori\/processo-variazioni-e-rinunce-del-fornitore\/\"]}]},{\"@type\":\"ImageObject\",\"inLanguage\":\"it-IT\",\"@id\":\"https:\/\/vipgo.atsautomation.com\/atsautomation\/it\/gestione-della-qualit-dei-fornitori\/processo-variazioni-e-rinunce-del-fornitore\/#primaryimage\",\"url\":\"https:\/\/vipgo.atsautomation.com\/atsautomation\/wp-content\/uploads\/sites\/9\/2020\/05\/background-.jpg\",\"contentUrl\":\"https:\/\/vipgo.atsautomation.com\/atsautomation\/wp-content\/uploads\/sites\/9\/2020\/05\/background-.jpg\",\"width\":1900,\"height\":450},{\"@type\":\"BreadcrumbList\",\"@id\":\"https:\/\/vipgo.atsautomation.com\/atsautomation\/it\/gestione-della-qualit-dei-fornitori\/processo-variazioni-e-rinunce-del-fornitore\/#breadcrumb\",\"itemListElement\":[{\"@type\":\"ListItem\",\"position\":1,\"name\":\"Home\",\"item\":\"https:\/\/vipgo.atsautomation.com\/atsautomation\/it\/\"},{\"@type\":\"ListItem\",\"position\":2,\"name\":\"Gestione della qualit\u00e0 dei fornitori\",\"item\":\"https:\/\/vipgo.atsautomation.com\/atsautomation\/it\/supplier-quality-management\/\"},{\"@type\":\"ListItem\",\"position\":3,\"name\":\"Processo variazioni e rinunce del fornitore\"}]},{\"@type\":\"WebSite\",\"@id\":\"https:\/\/vipgo.atsautomation.com\/atsautomation\/it\/#website\",\"url\":\"https:\/\/vipgo.atsautomation.com\/atsautomation\/it\/\",\"name\":\"ATS Corporation\",\"description\":\"Just another vipgo.atsautomation.com site\",\"publisher\":{\"@id\":\"https:\/\/vipgo.atsautomation.com\/atsautomation\/it\/#organization\"},\"potentialAction\":[{\"@type\":\"SearchAction\",\"target\":{\"@type\":\"EntryPoint\",\"urlTemplate\":\"https:\/\/vipgo.atsautomation.com\/atsautomation\/it\/?s={search_term_string}\"},\"query-input\":{\"@type\":\"PropertyValueSpecification\",\"valueRequired\":true,\"valueName\":\"search_term_string\"}}],\"inLanguage\":\"it-IT\"},{\"@type\":\"Organization\",\"@id\":\"https:\/\/vipgo.atsautomation.com\/atsautomation\/it\/#organization\",\"name\":\"ATS Corporation\",\"url\":\"https:\/\/vipgo.atsautomation.com\/atsautomation\/it\/\",\"logo\":{\"@type\":\"ImageObject\",\"inLanguage\":\"it-IT\",\"@id\":\"https:\/\/vipgo.atsautomation.com\/atsautomation\/it\/#\/schema\/logo\/image\/\",\"url\":\"https:\/\/atsautomation.com\/wp-content\/uploads\/sites\/9\/2022\/11\/ATS-logo-colour-RGB_TM.png\",\"contentUrl\":\"https:\/\/atsautomation.com\/wp-content\/uploads\/sites\/9\/2022\/11\/ATS-logo-colour-RGB_TM.png\",\"width\":1880,\"height\":371,\"caption\":\"ATS Corporation\"},\"image\":{\"@id\":\"https:\/\/vipgo.atsautomation.com\/atsautomation\/it\/#\/schema\/logo\/image\/\"}}]}<\/script>\n<!-- \/ Yoast SEO Premium plugin. -->","yoast_head_json":{"title":"Supplier Deviation & Waiver Process | Supplier Quality Management | ATS","description":"A waiver or change from the requirements of a purchase order is only valid & binding if a Deviation or Waiver is signed by an authorized ATS representative.","robots":{"index":"index","follow":"follow","max-snippet":"max-snippet:-1","max-image-preview":"max-image-preview:large","max-video-preview":"max-video-preview:-1"},"canonical":"https:\/\/vipgo.atsautomation.com\/atsautomation\/it\/gestione-della-qualit-dei-fornitori\/processo-variazioni-e-rinunce-del-fornitore\/","og_locale":"it_IT","og_type":"article","og_title":"Processo variazioni e rinunce del fornitore","og_description":"A waiver or change from the requirements of a purchase order is only valid & binding if a Deviation or Waiver is signed by an authorized ATS representative.","og_url":"https:\/\/vipgo.atsautomation.com\/atsautomation\/it\/gestione-della-qualit-dei-fornitori\/processo-variazioni-e-rinunce-del-fornitore\/","og_site_name":"ATS Corporation","article_modified_time":"2020-08-19T14:32:03+00:00","og_image":[{"width":1900,"height":450,"url":"https:\/\/vipgo.atsautomation.com\/atsautomation\/wp-content\/uploads\/sites\/9\/2020\/05\/background-.jpg","type":"image\/jpeg"}],"twitter_card":"summary_large_image","twitter_misc":{"Tempo di lettura stimato":"1 minuto"},"schema":{"@context":"https:\/\/schema.org","@graph":[{"@type":"WebPage","@id":"https:\/\/vipgo.atsautomation.com\/atsautomation\/it\/gestione-della-qualit-dei-fornitori\/processo-variazioni-e-rinunce-del-fornitore\/","url":"https:\/\/vipgo.atsautomation.com\/atsautomation\/it\/gestione-della-qualit-dei-fornitori\/processo-variazioni-e-rinunce-del-fornitore\/","name":"Supplier Deviation & Waiver Process | Supplier Quality Management | ATS","isPartOf":{"@id":"https:\/\/vipgo.atsautomation.com\/atsautomation\/it\/#website"},"primaryImageOfPage":{"@id":"https:\/\/vipgo.atsautomation.com\/atsautomation\/it\/gestione-della-qualit-dei-fornitori\/processo-variazioni-e-rinunce-del-fornitore\/#primaryimage"},"image":{"@id":"https:\/\/vipgo.atsautomation.com\/atsautomation\/it\/gestione-della-qualit-dei-fornitori\/processo-variazioni-e-rinunce-del-fornitore\/#primaryimage"},"thumbnailUrl":"https:\/\/vipgo.atsautomation.com\/atsautomation\/wp-content\/uploads\/sites\/9\/2020\/05\/background-.jpg","datePublished":"2020-07-15T13:33:05+00:00","dateModified":"2020-08-19T14:32:03+00:00","description":"A waiver or change from the requirements of a purchase order is only valid & binding if a Deviation or Waiver is signed by an authorized ATS representative.","breadcrumb":{"@id":"https:\/\/vipgo.atsautomation.com\/atsautomation\/it\/gestione-della-qualit-dei-fornitori\/processo-variazioni-e-rinunce-del-fornitore\/#breadcrumb"},"inLanguage":"it-IT","potentialAction":[{"@type":"ReadAction","target":["https:\/\/vipgo.atsautomation.com\/atsautomation\/it\/gestione-della-qualit-dei-fornitori\/processo-variazioni-e-rinunce-del-fornitore\/"]}]},{"@type":"ImageObject","inLanguage":"it-IT","@id":"https:\/\/vipgo.atsautomation.com\/atsautomation\/it\/gestione-della-qualit-dei-fornitori\/processo-variazioni-e-rinunce-del-fornitore\/#primaryimage","url":"https:\/\/vipgo.atsautomation.com\/atsautomation\/wp-content\/uploads\/sites\/9\/2020\/05\/background-.jpg","contentUrl":"https:\/\/vipgo.atsautomation.com\/atsautomation\/wp-content\/uploads\/sites\/9\/2020\/05\/background-.jpg","width":1900,"height":450},{"@type":"BreadcrumbList","@id":"https:\/\/vipgo.atsautomation.com\/atsautomation\/it\/gestione-della-qualit-dei-fornitori\/processo-variazioni-e-rinunce-del-fornitore\/#breadcrumb","itemListElement":[{"@type":"ListItem","position":1,"name":"Home","item":"https:\/\/vipgo.atsautomation.com\/atsautomation\/it\/"},{"@type":"ListItem","position":2,"name":"Gestione della qualit\u00e0 dei fornitori","item":"https:\/\/vipgo.atsautomation.com\/atsautomation\/it\/supplier-quality-management\/"},{"@type":"ListItem","position":3,"name":"Processo variazioni e rinunce del fornitore"}]},{"@type":"WebSite","@id":"https:\/\/vipgo.atsautomation.com\/atsautomation\/it\/#website","url":"https:\/\/vipgo.atsautomation.com\/atsautomation\/it\/","name":"ATS Corporation","description":"Just another vipgo.atsautomation.com site","publisher":{"@id":"https:\/\/vipgo.atsautomation.com\/atsautomation\/it\/#organization"},"potentialAction":[{"@type":"SearchAction","target":{"@type":"EntryPoint","urlTemplate":"https:\/\/vipgo.atsautomation.com\/atsautomation\/it\/?s={search_term_string}"},"query-input":{"@type":"PropertyValueSpecification","valueRequired":true,"valueName":"search_term_string"}}],"inLanguage":"it-IT"},{"@type":"Organization","@id":"https:\/\/vipgo.atsautomation.com\/atsautomation\/it\/#organization","name":"ATS Corporation","url":"https:\/\/vipgo.atsautomation.com\/atsautomation\/it\/","logo":{"@type":"ImageObject","inLanguage":"it-IT","@id":"https:\/\/vipgo.atsautomation.com\/atsautomation\/it\/#\/schema\/logo\/image\/","url":"https:\/\/atsautomation.com\/wp-content\/uploads\/sites\/9\/2022\/11\/ATS-logo-colour-RGB_TM.png","contentUrl":"https:\/\/atsautomation.com\/wp-content\/uploads\/sites\/9\/2022\/11\/ATS-logo-colour-RGB_TM.png","width":1880,"height":371,"caption":"ATS Corporation"},"image":{"@id":"https:\/\/vipgo.atsautomation.com\/atsautomation\/it\/#\/schema\/logo\/image\/"}}]}},"acf":[],"jetpack_sharing_enabled":true,"_links":{"self":[{"href":"https:\/\/vipgo.atsautomation.com\/atsautomation\/it\/wp-json\/wp\/v2\/pages\/10755","targetHints":{"allow":["GET"]}}],"collection":[{"href":"https:\/\/vipgo.atsautomation.com\/atsautomation\/it\/wp-json\/wp\/v2\/pages"}],"about":[{"href":"https:\/\/vipgo.atsautomation.com\/atsautomation\/it\/wp-json\/wp\/v2\/types\/page"}],"author":[{"embeddable":true,"href":"https:\/\/vipgo.atsautomation.com\/atsautomation\/it\/wp-json\/wp\/v2\/users\/3"}],"replies":[{"embeddable":true,"href":"https:\/\/vipgo.atsautomation.com\/atsautomation\/it\/wp-json\/wp\/v2\/comments?post=10755"}],"version-history":[{"count":3,"href":"https:\/\/vipgo.atsautomation.com\/atsautomation\/it\/wp-json\/wp\/v2\/pages\/10755\/revisions"}],"predecessor-version":[{"id":23563,"href":"https:\/\/vipgo.atsautomation.com\/atsautomation\/it\/wp-json\/wp\/v2\/pages\/10755\/revisions\/23563"}],"up":[{"embeddable":true,"href":"https:\/\/vipgo.atsautomation.com\/atsautomation\/it\/wp-json\/wp\/v2\/pages\/20474"}],"wp:featuredmedia":[{"embeddable":true,"href":"https:\/\/vipgo.atsautomation.com\/atsautomation\/it\/wp-json\/wp\/v2\/media\/6841"}],"wp:attachment":[{"href":"https:\/\/vipgo.atsautomation.com\/atsautomation\/it\/wp-json\/wp\/v2\/media?parent=10755"}],"curies":[{"name":"wp","href":"https:\/\/api.w.org\/{rel}","templated":true}]}}