{"id":11171,"date":"2020-07-15T13:33:57","date_gmt":"2020-07-15T13:33:57","guid":{"rendered":"https:\/\/atsautomation.com\/chi-siamo\/"},"modified":"2024-11-06T17:53:24","modified_gmt":"2024-11-06T17:53:24","slug":"chi-siamo","status":"publish","type":"page","link":"https:\/\/vipgo.atsautomation.com\/atsautomation\/it\/chi-siamo\/","title":{"rendered":"Chi siamo"},"content":{"rendered":"<h3>La nostra storia<\/h3>\n<p>ATS \u00e8 un fornitore di soluzioni di automazione leader del settore per molte delle aziende di maggior successo a livello mondiale. ATS impiega la sua vasta base di conoscenze e le sue capacit\u00e0 globali nell&#8217;automazione personalizzata, nell&#8217;automazione di ripetizione, nei prodotti per l&#8217;automazione e nei servizi a valore aggiunto, compresi i servizi di pre-automazione e post-vendita, per rispondere alle sofisticate esigenze relative a sistemi di automazione della produzione e al supporto dei clienti multinazionali in mercati quali le scienze della vita, il settore della chimica, dei prodotti di consumo, dell&#8217;elettronica, dell&#8217;alimentazione, delle bevande, dei trasporti, dell&#8217;energia, del petrolio e del gas.<\/p>\n<p>Fondata nel 1978, ATS impiega circa 7.500 persone in 65+ stabilimenti di produzione e oltre 85+ uffici in Nord America, Europa, Asia e Oceania.<\/p>\n<h3>Cultura dell&#8217;innovazione<\/h3>\n<p>La nostra esperienza unica di innovazione e la passione per l&#8217;eccellenza ci contraddistinguono come leader mondiale dell&#8217;automazione.\u00a0 Ci\u00f2 deriva da anni di esperienza nell&#8217;aiutare molti dei produttori di maggior successo al mondo con il lancio di nuovi prodotti, l&#8217;espansione delle capacit\u00e0 e le iniziative di miglioramento della produttivit\u00e0. Che abbiate bisogno di ATS per realizzare un&#8217;automazione personalizzata a livello globale o per trarre vantaggio dalla nostra produzione di grandi volumi di apparecchiature secondo le specifiche stabilite, disponiamo dei mezzi e delle risorse per ridurre i costi e il tempo di commercializzazione.<\/p>\n<h3>Dedizione alla qualit\u00e0<\/h3>\n<p>ATS \u00e8 orgogliosa della qualit\u00e0, dello sviluppo e della costruzione di apparecchiature automatizzate. Un valore fondamentale nell&#8217;ambiente di lavoro ATS \u00e8 la capacit\u00e0 di identificare le tendenze e di implementare le opportunit\u00e0 di miglioramento. ATS si impegna a fornire una qualit\u00e0 superiore ai nostri clienti attraverso l&#8217;uso di tecniche di Lean Management e di controllo degli errori.<\/p>\n<h3>Lavoro di squadra<\/h3>\n<p>Il lavoro di squadra ha contribuito al successo qualitativo di ATS per oltre 40 anni. Tutti i dipendenti si impegnano per ottenere e sono orgogliosi della qualit\u00e0 dei prodotti e dei servizi che forniamo. Partecipano attivamente al programma di miglioramento continuo ATS, rendendoci cos\u00ec uno dei leader nel settore dell&#8217;automazione.<\/p>\n<h3>Soluzioni per le imprese<\/h3>\n<p>ATS fornisce una soluzione end-to-end per la produzione dal valore ineguagliabile per i nostri clienti.<\/p>\n<p><img loading=\"lazy\" decoding=\"async\" class=\"alignnone size-medium wp-image-3246\" src=\"https:\/\/atsautomation.com\/wp-content\/uploads\/sites\/9\/2020\/06\/Turnkey-sketch-455x250-1.jpg?w=300\" alt=\"\" width=\"300\" height=\"165\" srcset=\"https:\/\/vipgo.atsautomation.com\/atsautomation\/wp-content\/uploads\/sites\/9\/2020\/06\/Turnkey-sketch-455x250-1.jpg 455w, https:\/\/vipgo.atsautomation.com\/atsautomation\/wp-content\/uploads\/sites\/9\/2020\/06\/Turnkey-sketch-455x250-1.jpg?resize=300,165 300w\" sizes=\"auto, (max-width: 300px) 100vw, 300px\" \/><\/p>\n<p>ATS ha un approccio unico al modello tradizionale di implementazione della produzione automatizzata. Le attivit\u00e0 di collegamento e coordinamento tra il cliente e i consulenti, gli OEM, i produttori di grandi volumi di apparecchiature secondo le specifiche stabilite, i fornitori di macchine, i commercianti e gli integratori di sistemi possono essere complesse e richiedere molto tempo. Le soluzioni aziendali a sorgente unica portano coesione, coerenza e responsabilit\u00e0 in tutti i programmi, consentendo al personale del cliente di concentrarsi sugli obiettivi generali del programma e sui principali requisiti degli stakeholder.<\/p>\n<p><strong>Approccio a livello aziendale = rischio ridotto (programmazione, costo, portata) = investimento, costi del prodotto, tempo di commercializzazione ridotti<\/strong><\/p>\n<p>Lasciate che ATS vi aiuti a gestire le sfide delle risorse, i problemi di coordinamento, le sviste di portata con la nostra capacit\u00e0 in merito a:<\/p>\n<ul>\n<li>gestione dei progetti;<\/li>\n<li>selezione e coordinamento del team di partner\/fornitori\/produttori;<\/li>\n<li>layout degli impianti e progettazione operativa;<\/li>\n<li>sviluppo di casi aziendali e giustificazione dei progetti;<\/li>\n<li>progettazione, costruzione, integrazione, messa in servizio, convalida, formazione e avviamento dei sistemi;<\/li>\n<li>supporto post-progetto, ricambi e assistenza.<\/li>\n<\/ul>\n<p>La proposta di valore end-to-end di ATS ottimizza i progetti, dal lancio dei programmi all&#8217;aumento della produzione. Questa semplicit\u00e0 vi solleva dalla responsabilit\u00e0 per le attivit\u00e0 non correlate alle specifiche di progettazione del prodotto e alle vendite del prodotto, delegando tutte le altre attivit\u00e0 necessarie per raggiungere il mercato a un partner esperto: ATS.<\/p>\n","protected":false},"excerpt":{"rendered":"<p>La nostra storia ATS \u00e8 un fornitore di soluzioni di automazione leader del settore per molte delle aziende di maggior successo a livello mondiale. ATS impiega la sua vasta base di conoscenze e le sue capacit\u00e0 globali nell&#8217;automazione personalizzata, nell&#8217;automazione di ripetizione, nei prodotti per l&#8217;automazione e nei servizi a valore aggiunto, compresi i servizi di pre-automazione e post-vendita, per&#8230;<\/p>\n<div class=\"post-button\"><a href=\"https:\/\/vipgo.atsautomation.com\/atsautomation\/it\/chi-siamo\/\">Read More<\/a><\/div>\n","protected":false},"author":3,"featured_media":12694,"parent":0,"menu_order":0,"comment_status":"closed","ping_status":"closed","template":"","meta":{"_acf_changed":false,"footnotes":""},"class_list":["post-11171","page","type-page","status-publish","has-post-thumbnail","hentry"],"yoast_head":"<!-- This site is optimized with the Yoast SEO Premium plugin v26.8 (Yoast SEO v26.8) - https:\/\/yoast.com\/product\/yoast-seo-premium-wordpress\/ -->\n<title>About Us | Industrial Automation Companies | ATS Automation<\/title>\n<meta name=\"description\" content=\"Our Story ATS is an industry-leading automation solutions provider to many of the world\u2019s most successful companies. ATS uses its...Read More\" \/>\n<meta name=\"robots\" content=\"index, follow, max-snippet:-1, max-image-preview:large, max-video-preview:-1\" \/>\n<link rel=\"canonical\" href=\"https:\/\/vipgo.atsautomation.com\/atsautomation\/it\/chi-siamo\/\" \/>\n<meta property=\"og:locale\" content=\"it_IT\" \/>\n<meta property=\"og:type\" content=\"article\" \/>\n<meta property=\"og:title\" content=\"Chi siamo\" \/>\n<meta property=\"og:description\" content=\"Our Story ATS is an industry-leading automation solutions provider to many of the world\u2019s most successful companies. ATS uses its...Read More\" \/>\n<meta property=\"og:url\" content=\"https:\/\/vipgo.atsautomation.com\/atsautomation\/it\/chi-siamo\/\" \/>\n<meta property=\"og:site_name\" content=\"ATS Corporation\" \/>\n<meta property=\"article:modified_time\" content=\"2024-11-06T17:53:24+00:00\" \/>\n<meta property=\"og:image\" content=\"https:\/\/vipgo.atsautomation.com\/atsautomation\/wp-content\/uploads\/sites\/9\/2020\/07\/Corp-Content-Page-Banner-6250x2084-1.jpg\" \/>\n\t<meta property=\"og:image:width\" content=\"1500\" \/>\n\t<meta property=\"og:image:height\" content=\"500\" \/>\n\t<meta property=\"og:image:type\" content=\"image\/jpeg\" \/>\n<meta name=\"twitter:card\" content=\"summary_large_image\" \/>\n<meta name=\"twitter:label1\" content=\"Tempo di lettura stimato\" \/>\n\t<meta name=\"twitter:data1\" content=\"3 minuti\" \/>\n<script type=\"application\/ld+json\" class=\"yoast-schema-graph\">{\"@context\":\"https:\/\/schema.org\",\"@graph\":[{\"@type\":\"WebPage\",\"@id\":\"https:\/\/vipgo.atsautomation.com\/atsautomation\/it\/chi-siamo\/\",\"url\":\"https:\/\/vipgo.atsautomation.com\/atsautomation\/it\/chi-siamo\/\",\"name\":\"About Us | Industrial Automation Companies | ATS Automation\",\"isPartOf\":{\"@id\":\"https:\/\/vipgo.atsautomation.com\/atsautomation\/it\/#website\"},\"primaryImageOfPage\":{\"@id\":\"https:\/\/vipgo.atsautomation.com\/atsautomation\/it\/chi-siamo\/#primaryimage\"},\"image\":{\"@id\":\"https:\/\/vipgo.atsautomation.com\/atsautomation\/it\/chi-siamo\/#primaryimage\"},\"thumbnailUrl\":\"https:\/\/vipgo.atsautomation.com\/atsautomation\/wp-content\/uploads\/sites\/9\/2020\/07\/Corp-Content-Page-Banner-6250x2084-1.jpg\",\"datePublished\":\"2020-07-15T13:33:57+00:00\",\"dateModified\":\"2024-11-06T17:53:24+00:00\",\"description\":\"Our Story ATS is an industry-leading automation solutions provider to many of the world\u2019s most successful companies. ATS uses its...Read More\",\"breadcrumb\":{\"@id\":\"https:\/\/vipgo.atsautomation.com\/atsautomation\/it\/chi-siamo\/#breadcrumb\"},\"inLanguage\":\"it-IT\",\"potentialAction\":[{\"@type\":\"ReadAction\",\"target\":[\"https:\/\/vipgo.atsautomation.com\/atsautomation\/it\/chi-siamo\/\"]}]},{\"@type\":\"ImageObject\",\"inLanguage\":\"it-IT\",\"@id\":\"https:\/\/vipgo.atsautomation.com\/atsautomation\/it\/chi-siamo\/#primaryimage\",\"url\":\"https:\/\/vipgo.atsautomation.com\/atsautomation\/wp-content\/uploads\/sites\/9\/2020\/07\/Corp-Content-Page-Banner-6250x2084-1.jpg\",\"contentUrl\":\"https:\/\/vipgo.atsautomation.com\/atsautomation\/wp-content\/uploads\/sites\/9\/2020\/07\/Corp-Content-Page-Banner-6250x2084-1.jpg\",\"width\":1500,\"height\":500,\"caption\":\"Logo ATS inciso nel vetro di protezione di una macchina\"},{\"@type\":\"BreadcrumbList\",\"@id\":\"https:\/\/vipgo.atsautomation.com\/atsautomation\/it\/chi-siamo\/#breadcrumb\",\"itemListElement\":[{\"@type\":\"ListItem\",\"position\":1,\"name\":\"Home\",\"item\":\"https:\/\/vipgo.atsautomation.com\/atsautomation\/it\/\"},{\"@type\":\"ListItem\",\"position\":2,\"name\":\"Chi siamo\"}]},{\"@type\":\"WebSite\",\"@id\":\"https:\/\/vipgo.atsautomation.com\/atsautomation\/it\/#website\",\"url\":\"https:\/\/vipgo.atsautomation.com\/atsautomation\/it\/\",\"name\":\"ATS Corporation\",\"description\":\"Just another vipgo.atsautomation.com site\",\"publisher\":{\"@id\":\"https:\/\/vipgo.atsautomation.com\/atsautomation\/it\/#organization\"},\"potentialAction\":[{\"@type\":\"SearchAction\",\"target\":{\"@type\":\"EntryPoint\",\"urlTemplate\":\"https:\/\/vipgo.atsautomation.com\/atsautomation\/it\/?s={search_term_string}\"},\"query-input\":{\"@type\":\"PropertyValueSpecification\",\"valueRequired\":true,\"valueName\":\"search_term_string\"}}],\"inLanguage\":\"it-IT\"},{\"@type\":\"Organization\",\"@id\":\"https:\/\/vipgo.atsautomation.com\/atsautomation\/it\/#organization\",\"name\":\"ATS Corporation\",\"url\":\"https:\/\/vipgo.atsautomation.com\/atsautomation\/it\/\",\"logo\":{\"@type\":\"ImageObject\",\"inLanguage\":\"it-IT\",\"@id\":\"https:\/\/vipgo.atsautomation.com\/atsautomation\/it\/#\/schema\/logo\/image\/\",\"url\":\"https:\/\/atsautomation.com\/wp-content\/uploads\/sites\/9\/2022\/11\/ATS-logo-colour-RGB_TM.png\",\"contentUrl\":\"https:\/\/atsautomation.com\/wp-content\/uploads\/sites\/9\/2022\/11\/ATS-logo-colour-RGB_TM.png\",\"width\":1880,\"height\":371,\"caption\":\"ATS Corporation\"},\"image\":{\"@id\":\"https:\/\/vipgo.atsautomation.com\/atsautomation\/it\/#\/schema\/logo\/image\/\"}}]}<\/script>\n<!-- \/ Yoast SEO Premium plugin. -->","yoast_head_json":{"title":"About Us | Industrial Automation Companies | ATS Automation","description":"Our Story ATS is an industry-leading automation solutions provider to many of the world\u2019s most successful companies. ATS uses its...Read More","robots":{"index":"index","follow":"follow","max-snippet":"max-snippet:-1","max-image-preview":"max-image-preview:large","max-video-preview":"max-video-preview:-1"},"canonical":"https:\/\/vipgo.atsautomation.com\/atsautomation\/it\/chi-siamo\/","og_locale":"it_IT","og_type":"article","og_title":"Chi siamo","og_description":"Our Story ATS is an industry-leading automation solutions provider to many of the world\u2019s most successful companies. ATS uses its...Read More","og_url":"https:\/\/vipgo.atsautomation.com\/atsautomation\/it\/chi-siamo\/","og_site_name":"ATS Corporation","article_modified_time":"2024-11-06T17:53:24+00:00","og_image":[{"width":1500,"height":500,"url":"https:\/\/vipgo.atsautomation.com\/atsautomation\/wp-content\/uploads\/sites\/9\/2020\/07\/Corp-Content-Page-Banner-6250x2084-1.jpg","type":"image\/jpeg"}],"twitter_card":"summary_large_image","twitter_misc":{"Tempo di lettura stimato":"3 minuti"},"schema":{"@context":"https:\/\/schema.org","@graph":[{"@type":"WebPage","@id":"https:\/\/vipgo.atsautomation.com\/atsautomation\/it\/chi-siamo\/","url":"https:\/\/vipgo.atsautomation.com\/atsautomation\/it\/chi-siamo\/","name":"About Us | Industrial Automation Companies | ATS Automation","isPartOf":{"@id":"https:\/\/vipgo.atsautomation.com\/atsautomation\/it\/#website"},"primaryImageOfPage":{"@id":"https:\/\/vipgo.atsautomation.com\/atsautomation\/it\/chi-siamo\/#primaryimage"},"image":{"@id":"https:\/\/vipgo.atsautomation.com\/atsautomation\/it\/chi-siamo\/#primaryimage"},"thumbnailUrl":"https:\/\/vipgo.atsautomation.com\/atsautomation\/wp-content\/uploads\/sites\/9\/2020\/07\/Corp-Content-Page-Banner-6250x2084-1.jpg","datePublished":"2020-07-15T13:33:57+00:00","dateModified":"2024-11-06T17:53:24+00:00","description":"Our Story ATS is an industry-leading automation solutions provider to many of the world\u2019s most successful companies. ATS uses its...Read More","breadcrumb":{"@id":"https:\/\/vipgo.atsautomation.com\/atsautomation\/it\/chi-siamo\/#breadcrumb"},"inLanguage":"it-IT","potentialAction":[{"@type":"ReadAction","target":["https:\/\/vipgo.atsautomation.com\/atsautomation\/it\/chi-siamo\/"]}]},{"@type":"ImageObject","inLanguage":"it-IT","@id":"https:\/\/vipgo.atsautomation.com\/atsautomation\/it\/chi-siamo\/#primaryimage","url":"https:\/\/vipgo.atsautomation.com\/atsautomation\/wp-content\/uploads\/sites\/9\/2020\/07\/Corp-Content-Page-Banner-6250x2084-1.jpg","contentUrl":"https:\/\/vipgo.atsautomation.com\/atsautomation\/wp-content\/uploads\/sites\/9\/2020\/07\/Corp-Content-Page-Banner-6250x2084-1.jpg","width":1500,"height":500,"caption":"Logo ATS inciso nel vetro di protezione di una macchina"},{"@type":"BreadcrumbList","@id":"https:\/\/vipgo.atsautomation.com\/atsautomation\/it\/chi-siamo\/#breadcrumb","itemListElement":[{"@type":"ListItem","position":1,"name":"Home","item":"https:\/\/vipgo.atsautomation.com\/atsautomation\/it\/"},{"@type":"ListItem","position":2,"name":"Chi siamo"}]},{"@type":"WebSite","@id":"https:\/\/vipgo.atsautomation.com\/atsautomation\/it\/#website","url":"https:\/\/vipgo.atsautomation.com\/atsautomation\/it\/","name":"ATS Corporation","description":"Just another vipgo.atsautomation.com site","publisher":{"@id":"https:\/\/vipgo.atsautomation.com\/atsautomation\/it\/#organization"},"potentialAction":[{"@type":"SearchAction","target":{"@type":"EntryPoint","urlTemplate":"https:\/\/vipgo.atsautomation.com\/atsautomation\/it\/?s={search_term_string}"},"query-input":{"@type":"PropertyValueSpecification","valueRequired":true,"valueName":"search_term_string"}}],"inLanguage":"it-IT"},{"@type":"Organization","@id":"https:\/\/vipgo.atsautomation.com\/atsautomation\/it\/#organization","name":"ATS Corporation","url":"https:\/\/vipgo.atsautomation.com\/atsautomation\/it\/","logo":{"@type":"ImageObject","inLanguage":"it-IT","@id":"https:\/\/vipgo.atsautomation.com\/atsautomation\/it\/#\/schema\/logo\/image\/","url":"https:\/\/atsautomation.com\/wp-content\/uploads\/sites\/9\/2022\/11\/ATS-logo-colour-RGB_TM.png","contentUrl":"https:\/\/atsautomation.com\/wp-content\/uploads\/sites\/9\/2022\/11\/ATS-logo-colour-RGB_TM.png","width":1880,"height":371,"caption":"ATS Corporation"},"image":{"@id":"https:\/\/vipgo.atsautomation.com\/atsautomation\/it\/#\/schema\/logo\/image\/"}}]}},"acf":[],"jetpack_sharing_enabled":true,"_links":{"self":[{"href":"https:\/\/vipgo.atsautomation.com\/atsautomation\/it\/wp-json\/wp\/v2\/pages\/11171","targetHints":{"allow":["GET"]}}],"collection":[{"href":"https:\/\/vipgo.atsautomation.com\/atsautomation\/it\/wp-json\/wp\/v2\/pages"}],"about":[{"href":"https:\/\/vipgo.atsautomation.com\/atsautomation\/it\/wp-json\/wp\/v2\/types\/page"}],"author":[{"embeddable":true,"href":"https:\/\/vipgo.atsautomation.com\/atsautomation\/it\/wp-json\/wp\/v2\/users\/3"}],"replies":[{"embeddable":true,"href":"https:\/\/vipgo.atsautomation.com\/atsautomation\/it\/wp-json\/wp\/v2\/comments?post=11171"}],"version-history":[{"count":11,"href":"https:\/\/vipgo.atsautomation.com\/atsautomation\/it\/wp-json\/wp\/v2\/pages\/11171\/revisions"}],"predecessor-version":[{"id":37206,"href":"https:\/\/vipgo.atsautomation.com\/atsautomation\/it\/wp-json\/wp\/v2\/pages\/11171\/revisions\/37206"}],"wp:featuredmedia":[{"embeddable":true,"href":"https:\/\/vipgo.atsautomation.com\/atsautomation\/it\/wp-json\/wp\/v2\/media\/12694"}],"wp:attachment":[{"href":"https:\/\/vipgo.atsautomation.com\/atsautomation\/it\/wp-json\/wp\/v2\/media?parent=11171"}],"curies":[{"name":"wp","href":"https:\/\/api.w.org\/{rel}","templated":true}]}}