{"id":11336,"date":"2020-07-15T13:34:06","date_gmt":"2020-07-15T13:34:06","guid":{"rendered":"https:\/\/atsautomation.com\/illuminate-manufacturing-intelligence\/"},"modified":"2023-01-31T19:40:17","modified_gmt":"2023-01-31T19:40:17","slug":"illuminate-manufacturing-intelligence","status":"publish","type":"page","link":"https:\/\/vipgo.atsautomation.com\/atsautomation\/it\/after-sales-and-services\/servizi-digitali\/illuminate-manufacturing-intelligence\/","title":{"rendered":"Illuminate\u2122 Manufacturing Intelligence"},"content":{"rendered":"<div class=\"row\">\n<div class=\"turbo-charger col-md-6\">\n<h1>La produzione si \u00e8 evoluta<br \/>\n\u00c8 pi\u00f9 automatizzata, basata sui dati e dinamica.<\/h1>\n<p><img loading=\"lazy\" decoding=\"async\" class=\"alignnone size-large wp-image-5536\" src=\"https:\/\/atsautomation.com\/wp-content\/uploads\/sites\/9\/2020\/06\/Illuminate-Logo-Hortizontal.jpg?w=400\" alt=\"\" width=\"400\" height=\"100\" srcset=\"https:\/\/vipgo.atsautomation.com\/atsautomation\/wp-content\/uploads\/sites\/9\/2020\/06\/Illuminate-Logo-Hortizontal.jpg 400w, https:\/\/vipgo.atsautomation.com\/atsautomation\/wp-content\/uploads\/sites\/9\/2020\/06\/Illuminate-Logo-Hortizontal.jpg?resize=300,75 300w\" sizes=\"auto, (max-width: 400px) 100vw, 400px\" \/><\/p>\n<\/div>\n<div class=\"turbo-charger-rightside col-md-6\"><iframe loading=\"lazy\" class=\"\" width=\"100%\" height=\"350\" type=\"text\/html\" frameborder=\"0\" allowtransparency=\"true\" style=\"border: 0px;\/* display: none; *\/\" data-cookieconsent=\"marketing\" src=\"https:\/\/go.atsautomation.com\/l\/651873\/2020-08-12\/279vzf\"><\/iframe><\/div>\n<p style=\"text-align: left;\">Per restare competitivi, i produttori hanno bisogno di qualcosa di pi\u00f9 dell&#8217;analisi delle prestazioni di produzione; hanno bisogno di un sistema completo di produzione intelligente Industry 4.0 che possa adattarsi alla loro cultura operativa, ridurre la complessit\u00e0 e ottimizzare la produzione senza richiedere costosi investimenti di capitale nelle apparecchiature.<\/p>\n<p>Illuminate\u2122 Manufacturing Intelligence \u00e8 un&#8217;architettura estensibile utilizzata dai produttori leader mondiali per migliorare la visibilit\u00e0 della produzione e le prestazioni operative.<\/p>\n<p style=\"text-align: center;\"><em><strong>&#8220;<\/strong>\u00c8 il miglior sistema MES che abbia implementato.&nbsp; \u00c8 molto facile da usare e registra tutto<\/em><br \/>\n<em>ci\u00f2 di cui abbiamo bisogno.&nbsp; \u00c8 anche molto flessibile e in grado di accomodare le nostre esigenze e richieste in costante evoluzione<strong>&#8220;<\/strong>.<\/em><br \/>\n<em>&#8211; Testimonianza di un cliente<\/em><\/p>\n<p style=\"text-align: center;\"><a href=\"https:\/\/illuminatemi.com\/\">Visitate <strong>Illuminatemi.com<\/strong> per ulteriori informazioni su Illuminate\u2122 Manufacturing Intelligence<\/a><\/p>\n<h2>Sistema di produzione intelligente Industry 4.0<br \/>\nsviluppato da costruttori di macchine per operatori di macchine<\/h2>\n<p><strong><br \/>\nsingolo punto di gestione<\/strong> &#8211; Monitorate in tempo reale le operazioni in qualsiasi momento e ovunque dalla nostra piattaforma a punto singolo chiavi in mano, integrata e sicura<\/p>\n<p><strong>OEE in tempo reale<\/strong> &#8211; Ottenete dati OEE in tempo reale da linee, macchine e sedi per un miglioramento continuo top down, bottom up<\/p>\n<p><strong>KPI visivi<\/strong> &#8211; Una visione a colpo d&#8217;occhio con diagrammi e grafici dinamici dei dati e delle metriche chiave<\/p>\n<p><strong>Manutenzione predittiva<\/strong> &#8211; Migliorate l&#8217;efficienza, la resa e la durata del ciclo di vita delle apparecchiature con la manutenzione predittiva guidata dall&#8217;intelligenza artificiale<\/p>\n<p><strong>Tempi di risposta pi\u00f9 rapidi<\/strong> &#8211; Le notifiche e gli avvisi in tempo reale consentono azioni correttive istantanee<\/p>\n<p><strong>Comunicazione unificata<\/strong> &#8211; Mantenete il team operativo informato e impegnato in tutti i turni e le sedi<\/p>\n<p><strong>Tracciabilit\u00e0 dei pezzi<\/strong> &#8211; Tenete traccia di tutti i componenti e dei relativi processi associati per ciascun prodotto durante tutto l&#8217;assemblaggio e li registrate per l&#8217;analisi dei processi, la tenuta dei registri e la conformit\u00e0<\/p>\n<figure id=\"attachment_11353\" aria-describedby=\"caption-attachment-11353\" style=\"width: 700px\" class=\"wp-caption aligncenter\"><img loading=\"lazy\" decoding=\"async\" class=\"wp-image-5198 size-large\" src=\"https:\/\/atsautomation.com\/wp-content\/uploads\/sites\/9\/2020\/06\/Illuminate-System-Architecture.png?w=700\" alt=\"Architettura del sistema Illuminate\u2122 Manufacturing Intelligence (panoramica di alto livello)\" width=\"700\" height=\"520\" srcset=\"https:\/\/vipgo.atsautomation.com\/atsautomation\/wp-content\/uploads\/sites\/9\/2020\/06\/Illuminate-System-Architecture.png 1201w, https:\/\/vipgo.atsautomation.com\/atsautomation\/wp-content\/uploads\/sites\/9\/2020\/06\/Illuminate-System-Architecture.png?resize=300,223 300w, https:\/\/vipgo.atsautomation.com\/atsautomation\/wp-content\/uploads\/sites\/9\/2020\/06\/Illuminate-System-Architecture.png?resize=768,570 768w, https:\/\/vipgo.atsautomation.com\/atsautomation\/wp-content\/uploads\/sites\/9\/2020\/06\/Illuminate-System-Architecture.png?resize=1024,761 1024w, https:\/\/vipgo.atsautomation.com\/atsautomation\/wp-content\/uploads\/sites\/9\/2020\/06\/Illuminate-System-Architecture.png?resize=700,520 700w\" sizes=\"auto, (max-width: 700px) 100vw, 700px\" \/><figcaption id=\"caption-attachment-11353\" class=\"wp-caption-text\">Architettura del sistema Illuminate\u2122 Manufacturing Intelligence (panoramica di alto livello)<\/figcaption><\/figure>\n<h2>Migliorate le vostre operazioni di produzione<\/h2>\n<p>Illuminate\u2122 Manufacturing Intelligence utilizza dati sulle prestazioni delle macchine in tempo reale per massimizzare la produttivit\u00e0, aumentare i tempi di attivit\u00e0, ridurre i costi e migliorare la qualit\u00e0.<\/p>\n<table class=\"table\">\n<tbody>\n<tr>\n<td><strong>Massimizzare la produttivit\u00e0<\/strong><\/td>\n<td>\n<ul>\n<li>ottenete dati OEE in tempo reale da linee, macchine e sedi per la diagnostica delle prestazioni e la risoluzione dei problemi;<\/li>\n<li>identificate le tendenze di produzione per un miglioramento continuo top down, bottom up;<\/li>\n<li>monitorate le operazioni in qualsiasi momento e ovunque dalla nostra piattaforma IIoT a punto singolo chiavi in mano, integrata e sicura per una gestione efficace del reparto produzione;<\/li>\n<li>ottenete continui miglioramenti nella produzione e sostenibilit\u00e0 della linea di produzione con capacit\u00e0 di processi decisionali basati sui dati, in pochi minuti.<\/li>\n<\/ul>\n<\/td>\n<\/tr>\n<tr>\n<td><strong>Aumentare i tempi di attivit\u00e0<\/strong><\/td>\n<td>\n<ul>\n<li>riducete i tempi di arresto degli impianti, risolvete i problemi e aumentate i tempi di attivit\u00e0 con la manutenzione predittiva e la pianificazione;<\/li>\n<li>mitigate il rischio di arresto degli impianti tracciando i singoli conteggi dei cicli in base a: parti soggette a usura, articoli deperibili, articoli con approvvigionamento anticipato o riparabili;<\/li>\n<li>aumentate i tempi di attivit\u00e0 con l&#8217;ordinazione integrata con tempistiche ottimizzate di ricambi e kit di pezzi;<\/li>\n<li>ottimizzate in modo proattivo l&#8217;accantonamento dei ricambi e l&#8217;inventario come parte della gestione della manutenzione;<\/li>\n<li>siete preparati grazie a promemoria e avvisi di preallarme codificati a colori per restare al corrente di tutte le vostre attivit\u00e0 di manutenzione;<\/li>\n<li>ricevete i rapporti del registro di manutenzione degli eventi di riparazione a supporto di analisi di guasti futuri, miglioramenti delle prestazioni delle apparecchiature e miglioramento continuo del sistema di gestione del lavoro.<\/li>\n<\/ul>\n<\/td>\n<\/tr>\n<tr>\n<td><strong>Ridurre i costi<\/strong><\/td>\n<td>\n<ul>\n<li>migliorate l&#8217;efficienza, la resa e la durata del ciclo di vita delle apparecchiature con la manutenzione predittiva;<\/li>\n<li>rispondete rapidamente ai problemi e raggiungete nuovi livelli di prestazioni;<\/li>\n<li>riducete i costi attraverso la gestione automatizzata dei ricambi e l&#8217;accantonamento statistico integrato del controllo dei processi;<\/li>\n<li>mantenete il team operativo informato e impegnato per ottenere una maggiore efficienza operativa grazie alle notifiche in tempo reale.<\/li>\n<\/ul>\n<\/td>\n<\/tr>\n<tr>\n<td><strong>Migliorare la qualit\u00e0<\/strong><\/td>\n<td>\n<ul>\n<li>sostenete la qualit\u00e0 del prodotto attraverso la lavorazione sincrona e asincrona;<\/li>\n<li>acquisite informazioni visive con il video in diretta per l&#8217;analisi delle cause fondamentali della produzione e la risoluzione dei problemi, riducendo i tempi di arresto degli impianti;<\/li>\n<li>aumentate il controllo e la comunicazione con KPI visivi integrati;<\/li>\n<li>facilitate l&#8217;apprendimento visivo automatico in merito all&#8217;ispezione dei pezzi e al controllo qualit\u00e0 del prodotto, riducendo le ore di monitoraggio visivo dell&#8217;operatore, il calo delle prestazioni e della qualit\u00e0.<\/li>\n<\/ul>\n<\/td>\n<\/tr>\n<\/tbody>\n<\/table>\n<p style=\"text-align: center;\"><a href=\"https:\/\/illuminatemi.com\/\">Visitate <strong>Illuminatemi.com<\/strong> per ulteriori informazioni su Illuminate\u2122 Manufacturing Intelligence<\/a><\/p>\n<\/div>\n","protected":false},"excerpt":{"rendered":"<p>La produzione si \u00e8 evoluta \u00c8 pi\u00f9 automatizzata, basata sui dati e dinamica. Per restare competitivi, i produttori hanno bisogno di qualcosa di pi\u00f9 dell&#8217;analisi delle prestazioni di produzione; hanno bisogno di un sistema completo di produzione intelligente Industry 4.0 che possa adattarsi alla loro cultura operativa, ridurre la complessit\u00e0 e ottimizzare la produzione senza richiedere costosi investimenti di capitale&#8230;<\/p>\n<div class=\"post-button\"><a href=\"https:\/\/vipgo.atsautomation.com\/atsautomation\/it\/after-sales-and-services\/servizi-digitali\/illuminate-manufacturing-intelligence\/\">Read More<\/a><\/div>\n","protected":false},"author":9,"featured_media":10694,"parent":11623,"menu_order":0,"comment_status":"closed","ping_status":"closed","template":"page-templates\/landing-page.php","meta":{"_acf_changed":false,"footnotes":""},"class_list":["post-11336","page","type-page","status-publish","has-post-thumbnail","hentry"],"yoast_head":"<!-- This site is optimized with the Yoast SEO Premium plugin v26.8 (Yoast SEO v26.8) - https:\/\/yoast.com\/product\/yoast-seo-premium-wordpress\/ -->\n<title>Illuminate\u2122 Manufacturing Intelligence - ATS Corporation<\/title>\n<meta name=\"description\" content=\"Manufacturers need an Industry 4.0 Smart Manufacturing System. The manufacturing automation system optimizes operations &amp; productions without sacrificing cost.\" \/>\n<meta name=\"robots\" content=\"index, follow, max-snippet:-1, max-image-preview:large, max-video-preview:-1\" \/>\n<link rel=\"canonical\" href=\"https:\/\/vipgo.atsautomation.com\/atsautomation\/it\/after-sales-and-services\/servizi-digitali\/illuminate-manufacturing-intelligence\/\" \/>\n<meta property=\"og:locale\" content=\"it_IT\" \/>\n<meta property=\"og:type\" content=\"article\" \/>\n<meta property=\"og:title\" content=\"Illuminate\u2122 Manufacturing Intelligence\" \/>\n<meta property=\"og:description\" content=\"Manufacturers need an Industry 4.0 Smart Manufacturing System. The manufacturing automation system optimizes operations &amp; productions without sacrificing cost.\" \/>\n<meta property=\"og:url\" content=\"https:\/\/vipgo.atsautomation.com\/atsautomation\/it\/after-sales-and-services\/servizi-digitali\/illuminate-manufacturing-intelligence\/\" \/>\n<meta property=\"og:site_name\" content=\"ATS Corporation\" \/>\n<meta property=\"article:modified_time\" content=\"2023-01-31T19:40:17+00:00\" \/>\n<meta property=\"og:image\" content=\"https:\/\/vipgo.atsautomation.com\/atsautomation\/wp-content\/uploads\/sites\/9\/2020\/06\/Illuminate-Equipment-Health-Score.jpg\" \/>\n\t<meta property=\"og:image:width\" content=\"1500\" \/>\n\t<meta property=\"og:image:height\" content=\"500\" \/>\n\t<meta property=\"og:image:type\" content=\"image\/jpeg\" \/>\n<meta name=\"twitter:card\" content=\"summary_large_image\" \/>\n<meta name=\"twitter:label1\" content=\"Tempo di lettura stimato\" \/>\n\t<meta name=\"twitter:data1\" content=\"4 minuti\" \/>\n<script type=\"application\/ld+json\" class=\"yoast-schema-graph\">{\"@context\":\"https:\/\/schema.org\",\"@graph\":[{\"@type\":\"WebPage\",\"@id\":\"https:\/\/vipgo.atsautomation.com\/atsautomation\/it\/after-sales-and-services\/servizi-digitali\/illuminate-manufacturing-intelligence\/\",\"url\":\"https:\/\/vipgo.atsautomation.com\/atsautomation\/it\/after-sales-and-services\/servizi-digitali\/illuminate-manufacturing-intelligence\/\",\"name\":\"Illuminate\u2122 Manufacturing Intelligence - ATS Corporation\",\"isPartOf\":{\"@id\":\"https:\/\/vipgo.atsautomation.com\/atsautomation\/it\/#website\"},\"primaryImageOfPage\":{\"@id\":\"https:\/\/vipgo.atsautomation.com\/atsautomation\/it\/after-sales-and-services\/servizi-digitali\/illuminate-manufacturing-intelligence\/#primaryimage\"},\"image\":{\"@id\":\"https:\/\/vipgo.atsautomation.com\/atsautomation\/it\/after-sales-and-services\/servizi-digitali\/illuminate-manufacturing-intelligence\/#primaryimage\"},\"thumbnailUrl\":\"https:\/\/vipgo.atsautomation.com\/atsautomation\/wp-content\/uploads\/sites\/9\/2020\/06\/Illuminate-Equipment-Health-Score.jpg\",\"datePublished\":\"2020-07-15T13:34:06+00:00\",\"dateModified\":\"2023-01-31T19:40:17+00:00\",\"description\":\"Manufacturers need an Industry 4.0 Smart Manufacturing System. The manufacturing automation system optimizes operations & productions without sacrificing cost.\",\"breadcrumb\":{\"@id\":\"https:\/\/vipgo.atsautomation.com\/atsautomation\/it\/after-sales-and-services\/servizi-digitali\/illuminate-manufacturing-intelligence\/#breadcrumb\"},\"inLanguage\":\"it-IT\",\"potentialAction\":[{\"@type\":\"ReadAction\",\"target\":[\"https:\/\/vipgo.atsautomation.com\/atsautomation\/it\/after-sales-and-services\/servizi-digitali\/illuminate-manufacturing-intelligence\/\"]}]},{\"@type\":\"ImageObject\",\"inLanguage\":\"it-IT\",\"@id\":\"https:\/\/vipgo.atsautomation.com\/atsautomation\/it\/after-sales-and-services\/servizi-digitali\/illuminate-manufacturing-intelligence\/#primaryimage\",\"url\":\"https:\/\/vipgo.atsautomation.com\/atsautomation\/wp-content\/uploads\/sites\/9\/2020\/06\/Illuminate-Equipment-Health-Score.jpg\",\"contentUrl\":\"https:\/\/vipgo.atsautomation.com\/atsautomation\/wp-content\/uploads\/sites\/9\/2020\/06\/Illuminate-Equipment-Health-Score.jpg\",\"width\":1500,\"height\":500},{\"@type\":\"BreadcrumbList\",\"@id\":\"https:\/\/vipgo.atsautomation.com\/atsautomation\/it\/after-sales-and-services\/servizi-digitali\/illuminate-manufacturing-intelligence\/#breadcrumb\",\"itemListElement\":[{\"@type\":\"ListItem\",\"position\":1,\"name\":\"Home\",\"item\":\"https:\/\/vipgo.atsautomation.com\/atsautomation\/it\/\"},{\"@type\":\"ListItem\",\"position\":2,\"name\":\"After Sales and Services\",\"item\":\"https:\/\/vipgo.atsautomation.com\/atsautomation\/it\/services\/\"},{\"@type\":\"ListItem\",\"position\":3,\"name\":\"Servizi digitali\",\"item\":\"https:\/\/vipgo.atsautomation.com\/atsautomation\/it\/services\/digital-services\/\"},{\"@type\":\"ListItem\",\"position\":4,\"name\":\"Illuminate\u2122 Manufacturing Intelligence\"}]},{\"@type\":\"WebSite\",\"@id\":\"https:\/\/vipgo.atsautomation.com\/atsautomation\/it\/#website\",\"url\":\"https:\/\/vipgo.atsautomation.com\/atsautomation\/it\/\",\"name\":\"ATS Corporation\",\"description\":\"Just another vipgo.atsautomation.com site\",\"publisher\":{\"@id\":\"https:\/\/vipgo.atsautomation.com\/atsautomation\/it\/#organization\"},\"potentialAction\":[{\"@type\":\"SearchAction\",\"target\":{\"@type\":\"EntryPoint\",\"urlTemplate\":\"https:\/\/vipgo.atsautomation.com\/atsautomation\/it\/?s={search_term_string}\"},\"query-input\":{\"@type\":\"PropertyValueSpecification\",\"valueRequired\":true,\"valueName\":\"search_term_string\"}}],\"inLanguage\":\"it-IT\"},{\"@type\":\"Organization\",\"@id\":\"https:\/\/vipgo.atsautomation.com\/atsautomation\/it\/#organization\",\"name\":\"ATS Corporation\",\"url\":\"https:\/\/vipgo.atsautomation.com\/atsautomation\/it\/\",\"logo\":{\"@type\":\"ImageObject\",\"inLanguage\":\"it-IT\",\"@id\":\"https:\/\/vipgo.atsautomation.com\/atsautomation\/it\/#\/schema\/logo\/image\/\",\"url\":\"https:\/\/atsautomation.com\/wp-content\/uploads\/sites\/9\/2022\/11\/ATS-logo-colour-RGB_TM.png\",\"contentUrl\":\"https:\/\/atsautomation.com\/wp-content\/uploads\/sites\/9\/2022\/11\/ATS-logo-colour-RGB_TM.png\",\"width\":1880,\"height\":371,\"caption\":\"ATS Corporation\"},\"image\":{\"@id\":\"https:\/\/vipgo.atsautomation.com\/atsautomation\/it\/#\/schema\/logo\/image\/\"}}]}<\/script>\n<!-- \/ Yoast SEO Premium plugin. -->","yoast_head_json":{"title":"Illuminate\u2122 Manufacturing Intelligence - ATS Corporation","description":"Manufacturers need an Industry 4.0 Smart Manufacturing System. The manufacturing automation system optimizes operations & productions without sacrificing cost.","robots":{"index":"index","follow":"follow","max-snippet":"max-snippet:-1","max-image-preview":"max-image-preview:large","max-video-preview":"max-video-preview:-1"},"canonical":"https:\/\/vipgo.atsautomation.com\/atsautomation\/it\/after-sales-and-services\/servizi-digitali\/illuminate-manufacturing-intelligence\/","og_locale":"it_IT","og_type":"article","og_title":"Illuminate\u2122 Manufacturing Intelligence","og_description":"Manufacturers need an Industry 4.0 Smart Manufacturing System. The manufacturing automation system optimizes operations & productions without sacrificing cost.","og_url":"https:\/\/vipgo.atsautomation.com\/atsautomation\/it\/after-sales-and-services\/servizi-digitali\/illuminate-manufacturing-intelligence\/","og_site_name":"ATS Corporation","article_modified_time":"2023-01-31T19:40:17+00:00","og_image":[{"width":1500,"height":500,"url":"https:\/\/vipgo.atsautomation.com\/atsautomation\/wp-content\/uploads\/sites\/9\/2020\/06\/Illuminate-Equipment-Health-Score.jpg","type":"image\/jpeg"}],"twitter_card":"summary_large_image","twitter_misc":{"Tempo di lettura stimato":"4 minuti"},"schema":{"@context":"https:\/\/schema.org","@graph":[{"@type":"WebPage","@id":"https:\/\/vipgo.atsautomation.com\/atsautomation\/it\/after-sales-and-services\/servizi-digitali\/illuminate-manufacturing-intelligence\/","url":"https:\/\/vipgo.atsautomation.com\/atsautomation\/it\/after-sales-and-services\/servizi-digitali\/illuminate-manufacturing-intelligence\/","name":"Illuminate\u2122 Manufacturing Intelligence - ATS Corporation","isPartOf":{"@id":"https:\/\/vipgo.atsautomation.com\/atsautomation\/it\/#website"},"primaryImageOfPage":{"@id":"https:\/\/vipgo.atsautomation.com\/atsautomation\/it\/after-sales-and-services\/servizi-digitali\/illuminate-manufacturing-intelligence\/#primaryimage"},"image":{"@id":"https:\/\/vipgo.atsautomation.com\/atsautomation\/it\/after-sales-and-services\/servizi-digitali\/illuminate-manufacturing-intelligence\/#primaryimage"},"thumbnailUrl":"https:\/\/vipgo.atsautomation.com\/atsautomation\/wp-content\/uploads\/sites\/9\/2020\/06\/Illuminate-Equipment-Health-Score.jpg","datePublished":"2020-07-15T13:34:06+00:00","dateModified":"2023-01-31T19:40:17+00:00","description":"Manufacturers need an Industry 4.0 Smart Manufacturing System. The manufacturing automation system optimizes operations & productions without sacrificing cost.","breadcrumb":{"@id":"https:\/\/vipgo.atsautomation.com\/atsautomation\/it\/after-sales-and-services\/servizi-digitali\/illuminate-manufacturing-intelligence\/#breadcrumb"},"inLanguage":"it-IT","potentialAction":[{"@type":"ReadAction","target":["https:\/\/vipgo.atsautomation.com\/atsautomation\/it\/after-sales-and-services\/servizi-digitali\/illuminate-manufacturing-intelligence\/"]}]},{"@type":"ImageObject","inLanguage":"it-IT","@id":"https:\/\/vipgo.atsautomation.com\/atsautomation\/it\/after-sales-and-services\/servizi-digitali\/illuminate-manufacturing-intelligence\/#primaryimage","url":"https:\/\/vipgo.atsautomation.com\/atsautomation\/wp-content\/uploads\/sites\/9\/2020\/06\/Illuminate-Equipment-Health-Score.jpg","contentUrl":"https:\/\/vipgo.atsautomation.com\/atsautomation\/wp-content\/uploads\/sites\/9\/2020\/06\/Illuminate-Equipment-Health-Score.jpg","width":1500,"height":500},{"@type":"BreadcrumbList","@id":"https:\/\/vipgo.atsautomation.com\/atsautomation\/it\/after-sales-and-services\/servizi-digitali\/illuminate-manufacturing-intelligence\/#breadcrumb","itemListElement":[{"@type":"ListItem","position":1,"name":"Home","item":"https:\/\/vipgo.atsautomation.com\/atsautomation\/it\/"},{"@type":"ListItem","position":2,"name":"After Sales and Services","item":"https:\/\/vipgo.atsautomation.com\/atsautomation\/it\/services\/"},{"@type":"ListItem","position":3,"name":"Servizi digitali","item":"https:\/\/vipgo.atsautomation.com\/atsautomation\/it\/services\/digital-services\/"},{"@type":"ListItem","position":4,"name":"Illuminate\u2122 Manufacturing Intelligence"}]},{"@type":"WebSite","@id":"https:\/\/vipgo.atsautomation.com\/atsautomation\/it\/#website","url":"https:\/\/vipgo.atsautomation.com\/atsautomation\/it\/","name":"ATS Corporation","description":"Just another vipgo.atsautomation.com site","publisher":{"@id":"https:\/\/vipgo.atsautomation.com\/atsautomation\/it\/#organization"},"potentialAction":[{"@type":"SearchAction","target":{"@type":"EntryPoint","urlTemplate":"https:\/\/vipgo.atsautomation.com\/atsautomation\/it\/?s={search_term_string}"},"query-input":{"@type":"PropertyValueSpecification","valueRequired":true,"valueName":"search_term_string"}}],"inLanguage":"it-IT"},{"@type":"Organization","@id":"https:\/\/vipgo.atsautomation.com\/atsautomation\/it\/#organization","name":"ATS Corporation","url":"https:\/\/vipgo.atsautomation.com\/atsautomation\/it\/","logo":{"@type":"ImageObject","inLanguage":"it-IT","@id":"https:\/\/vipgo.atsautomation.com\/atsautomation\/it\/#\/schema\/logo\/image\/","url":"https:\/\/atsautomation.com\/wp-content\/uploads\/sites\/9\/2022\/11\/ATS-logo-colour-RGB_TM.png","contentUrl":"https:\/\/atsautomation.com\/wp-content\/uploads\/sites\/9\/2022\/11\/ATS-logo-colour-RGB_TM.png","width":1880,"height":371,"caption":"ATS Corporation"},"image":{"@id":"https:\/\/vipgo.atsautomation.com\/atsautomation\/it\/#\/schema\/logo\/image\/"}}]}},"acf":[],"jetpack_sharing_enabled":true,"_links":{"self":[{"href":"https:\/\/vipgo.atsautomation.com\/atsautomation\/it\/wp-json\/wp\/v2\/pages\/11336","targetHints":{"allow":["GET"]}}],"collection":[{"href":"https:\/\/vipgo.atsautomation.com\/atsautomation\/it\/wp-json\/wp\/v2\/pages"}],"about":[{"href":"https:\/\/vipgo.atsautomation.com\/atsautomation\/it\/wp-json\/wp\/v2\/types\/page"}],"author":[{"embeddable":true,"href":"https:\/\/vipgo.atsautomation.com\/atsautomation\/it\/wp-json\/wp\/v2\/users\/9"}],"replies":[{"embeddable":true,"href":"https:\/\/vipgo.atsautomation.com\/atsautomation\/it\/wp-json\/wp\/v2\/comments?post=11336"}],"version-history":[{"count":7,"href":"https:\/\/vipgo.atsautomation.com\/atsautomation\/it\/wp-json\/wp\/v2\/pages\/11336\/revisions"}],"predecessor-version":[{"id":35410,"href":"https:\/\/vipgo.atsautomation.com\/atsautomation\/it\/wp-json\/wp\/v2\/pages\/11336\/revisions\/35410"}],"up":[{"embeddable":true,"href":"https:\/\/vipgo.atsautomation.com\/atsautomation\/it\/wp-json\/wp\/v2\/pages\/11623"}],"wp:featuredmedia":[{"embeddable":true,"href":"https:\/\/vipgo.atsautomation.com\/atsautomation\/it\/wp-json\/wp\/v2\/media\/10694"}],"wp:attachment":[{"href":"https:\/\/vipgo.atsautomation.com\/atsautomation\/it\/wp-json\/wp\/v2\/media?parent=11336"}],"curies":[{"name":"wp","href":"https:\/\/api.w.org\/{rel}","templated":true}]}}