{"id":11535,"date":"2020-07-15T13:34:29","date_gmt":"2020-07-15T13:34:29","guid":{"rendered":"https:\/\/atsautomation.com\/condizioni-di-utilizzo\/"},"modified":"2023-02-01T18:57:26","modified_gmt":"2023-02-01T18:57:26","slug":"condizioni-di-utilizzo","status":"publish","type":"page","link":"https:\/\/vipgo.atsautomation.com\/atsautomation\/it\/condizioni-di-utilizzo\/","title":{"rendered":"Condizioni di utilizzo"},"content":{"rendered":"<p><strong>TERMINI E CONDIZIONI LEGALI<\/strong><\/p>\n<p>L&#8217;accesso e l&#8217;uso continuato del sito Web di ATS Automation Tooling Systems Inc. (&#8220;ATS&#8221;) all&#8217;indirizzo http:\/\/www.atsautomation.com (&#8220;Sito&#8221;) implica l\u2019accettazione da parte dell\u2019utente ed \u00e8 subordinato alla continua accettazione e al rispetto delle seguenti disposizioni (&#8220;Condizioni d&#8217;uso&#8221;).<br \/>\nSi noti inoltre che i termini e condizioni possono variare di volta in volta. La registrazione di eventuali modifiche apportate di volta in volta sar\u00e0 pubblicata sul Sito. \u00c8 possibile fare clic qui per visualizzare un registro di tali modifiche. \u00c8 responsabilit\u00e0 dell&#8217;utente verificare la presenza di tali modifiche.<\/p>\n<p><strong>INFORMAZIONI PER GLI INVESTITORI<\/strong><\/p>\n<p>Le informazioni contenute in questo Sito NON INTENDONO COSTITUIRE UN&#8217;OFFERTA DI VENDITA DI TITOLI IN QUALSIASI GIURISDIZIONE. Vengono riportate solo a scopo informativo generale e non intendono fornire consulenza commerciale, finanziaria, legale, di investimento o fiscale. L&#8217;utente non deve agire o fare affidamento sulle informazioni contenute nel Sito senza aver richiesto il parere di un professionista. Poich\u00e9 \u00e8 possibile che si verifichino errori nella trasmissione di informazioni da questo Sito, gli utenti che desiderano una copia scritta di qualsiasi informazione pubblicata sul Sito devono inviare un&#8217;e-mail all&#8217;ufficio addetto alle relazioni con gli investitori all&#8217;indirizzo investor@atsautomation.com o chiamare il numero (519) 653-6500 per ottenere copie dei documenti depositati da ATS ai sensi delle leggi societarie e sui titoli (&#8220;Versione ufficiale&#8221;).<\/p>\n<p>I soggetti che desiderano effettuare un investimento in titoli di ATS devono consultare la Versione ufficiale delle informazioni su ATS. Nulla di quanto pubblicato su questo Sito influisce sulle informazioni contenute nella Versione ufficiale.<\/p>\n<p>Alcune informazioni contenute nel sito ATS possono essere previsionali e sono soggette a rischi e incertezze rilevanti. I risultati o gli eventi previsti in tali dichiarazioni possono differire materialmente dai risultati o dagli eventi effettivi. I fattori che potrebbero causare risultati o eventi diversi dalle aspettative attuali includono, tra l&#8217;altro: l&#8217;impatto della concorrenza sui prezzi e sui prodotti, la dipendenza dallo sviluppo di nuovi prodotti, l&#8217;impatto dei rapidi cambiamenti tecnologici e di mercato, la capacit\u00e0 di ATS di effettuare acquisizioni e\/o di integrare le operazioni e le tecnologie delle aziende acquisite in modo efficace, le condizioni generali del settore e del mercato e i tassi di crescita, la crescita internazionale e le condizioni economiche globali, le fluttuazioni dei tassi d&#8217;interesse e dei tassi di cambio, la volatilit\u00e0 del mercato azionario e la capacit\u00e0 di ATS di reclutare e mantenere dipendenti qualificati.<\/p>\n<p>Tutte le informazioni sui prezzi delle azioni sono fornite solo a scopo informativo e non sono da intendersi a scopi commerciali. ATS e i suoi fornitori di servizi non garantiscono il corretto ordine, l&#8217;accuratezza o la completezza delle informazioni sui prezzi delle azioni o di altri dati visualizzati e non sono responsabili in alcun modo di eventuali ritardi, imprecisioni o errori nelle informazioni o nei dati sui prezzi delle azioni, n\u00e9 della trasmissione delle informazioni o dei dati sui prezzi delle azioni.<\/p>\n<p>Le informazioni o i dati sui prezzi delle azioni forniti non devono essere utilizzati per scopi commerciali, economici o finanziari e ATS e i suoi fornitori di servizi non sono in alcun modo responsabili di eventuali danni, perdite o costi derivanti dall&#8217;affidamento a tali informazioni o sostenuti a causa della mancata esecuzione, dell&#8217;interruzione o della cessazione per qualsiasi motivo delle informazioni o dei dati sui prezzi delle azioni.<\/p>\n<p><strong>PROPRIET\u00c0 INTELLETTUALE e MARCHI REGISTRATI<\/strong><\/p>\n<p>Salvo diversa indicazione, tutti i materiali, compresi immagini, testi, illustrazioni, progetti, icone, fotografie, programmi, scritti e altri materiali che fanno parte di questo Sito (collettivamente, &#8220;Contenuti&#8221;) sono protetti da copyright, leggi in materia di immagine aziendale, marchi commerciali \u00a0e\/o altre propriet\u00e0 intellettuali possedute, controllate o concesse in licenza da ATS, da una delle sue affiliate o da terzi che hanno concesso in licenza i loro materiali ad ATS e sono protetti dalle leggi canadesi e da altre leggi nazionali sul copyright secondo le convenzioni internazionali. La compilazione (ovvero la raccolta, la disposizione e l&#8217;assemblaggio) di tutti i contenuti di questo Sito \u00e8 di propriet\u00e0 esclusiva di ATS ed \u00e8 inoltre protetta dalle leggi canadesi e da altre leggi nazionali sul diritto d&#8217;autore in conformit\u00e0 alle convenzioni internazionali.<\/p>\n<p>\u00a9 ATS Automation Tooling Systems Inc. Tutti i diritti riservati.<\/p>\n<p>ATS e i suoi fornitori e licenziatari si riservano espressamente tutti i diritti di propriet\u00e0 intellettuale su qualsiasi testo, programma, prodotto, processo, tecnologia, invenzione, contenuto e altro materiale che compaia su questo Sito. L&#8217;accesso a questo Sito non conferisce e non deve essere considerato come un conferimento di licenza ad alcuno dei diritti di propriet\u00e0 intellettuale di ATS o di terzi.<\/p>\n<p>I nomi e i loghi ATS e tutti i nomi di prodotti e servizi, i marchi di design e gli slogan correlati sono marchi registrati o di servizio di ATS o delle sue affiliate. Tutti gli altri marchi sono di propriet\u00e0 delle rispettive aziende. Non viene concessa alcuna licenza per marchi registrati o di servizio in relazione ai materiali contenuti nel presente Sito. L&#8217;accesso a questo Sito non autorizza gli utenti a utilizzare alcun nome, logo o marchio in alcun modo.<\/p>\n<p><strong>COLLEGAMENTI<\/strong><\/p>\n<p>I riferimenti presenti sul Sito a nomi, marchi, prodotti o servizi di terze parti o i collegamenti ipertestuali a siti o informazioni di terzi sono forniti esclusivamente per comodit\u00e0 dell&#8217;utente e non costituiscono o implicano in alcun modo l&#8217;approvazione, la sponsorizzazione o la raccomandazione da parte di ATS di tali terze parti, informazioni, prodotti o servizi. ATS non \u00e8 responsabile del contenuto dei siti di terzi e non rilascia alcuna dichiarazione in merito al contenuto o all&#8217;accuratezza del materiale presente su tali siti. Se l&#8217;utente decide di collegarsi a tali siti Web di terzi, lo fa a suo rischio e pericolo.<\/p>\n<p><strong>USO DEL SITO<\/strong><\/p>\n<p>\u00c8 possibile scaricare o copiare i Contenuti e altri materiali scaricabili visualizzati sul Sito solo per uso personale. Qualsiasi altro utilizzo, inclusa la riproduzione, la modifica, la distribuzione, la trasmissione, la ripubblicazione, l&#8217;esposizione o l&#8217;esecuzione del contenuto di questo Sito, \u00e8 severamente vietato. Nessun diritto, titolo o interesse sui materiali o software scaricati viene trasferito all&#8217;utente a seguito di tale download o copia. Non \u00e8 consentito riprodurre (ad eccezione di quanto indicato sopra), pubblicare, trasmettere, distribuire, mostrare, modificare, creare opere derivate, vendere o partecipare a qualsiasi vendita o sfruttare in qualsiasi modo, in tutto o in parte, qualsiasi Contenuto, il Sito o qualsiasi programma correlato. Tutti i programmi utilizzati in questo Sito sono di propriet\u00e0 di ATS o dei suoi fornitori ed \u00e8 protetto dalle leggi canadesi e da altre leggi nazionali sul diritto d&#8217;autore in conformit\u00e0 alle convenzioni internazionali.<\/p>\n<p><strong>GENERALIT\u00c0<\/strong><\/p>\n<p>Se una qualsiasi disposizione delle Condizioni d&#8217;uso \u00e8 ritenuta inapplicabile per qualsiasi motivo, tale disposizione sar\u00e0 riformulata solo nella misura necessaria a renderla applicabile e gli altri termini della presente clausola di esclusione della responsabilit\u00e0 rimarranno in vigore a tutti gli effetti. Il mancato intervento di ATS in relazione a una violazione delle Condizioni d&#8217;uso da parte dell&#8217;utente o di altri non costituisce una rinuncia n\u00e9 limiter\u00e0 i diritti di ATS in relazione a tale violazione o a eventuali violazioni successive.<\/p>\n<p><strong>ASSENZA DI SOLLECITAZIONE<\/strong><\/p>\n<p>Nessuna parte di questo Sito deve essere considerata un&#8217;offerta o una sollecitazione all&#8217;acquisto o alla vendita di prodotti o servizi. Tutti i prodotti o servizi menzionati in questo Sito sono resi disponibili in conformit\u00e0 alle leggi locali ed esclusivamente ove possono essere legittimamente messi in vendita.<\/p>\n<p><strong>INDENNIZZO<\/strong><\/p>\n<p>L&#8217;utente accetta di indennizzare e manlevare ATS, i suoi funzionari, direttori, dipendenti, rappresentanti e agenti da e contro qualsiasi reclamo, azione legale o richiesta, incluse senza limitazioni, ragionevoli spese legali, contabili e altre spese professionali, presentate come risultato dell&#8217;uso del Sito da parte dell&#8217;utente.<\/p>\n<p><strong>RESPONSABILIT\u00c0 DI ATS<\/strong><\/p>\n<p>Sebbene ATS cerchi di garantire che tutte le informazioni contenute nel Sito siano accurate e affidabili al momento della pubblicazione, le informazioni vengono pubblicate &#8220;cos\u00ec come sono&#8221;. ATS non si assume alcun obbligo di aggiornare i contenuti del Sito o di fornire consulenza su ulteriori sviluppi relativi agli argomenti citati. ATS ha compiuto ogni sforzo ragionevolmente possibile per fornire una descrizione accurata dei propri prodotti e servizi. ATS non fornisce alcuna garanzia, espressa o implicita, e declina e nega tutte le altre garanzie, incluse, senza limitazioni, garanzie implicite o condizioni di commerciabilit\u00e0 o idoneit\u00e0 per uno scopo particolare, non violazione della propriet\u00e0 intellettuale o altre violazioni dei diritti. Inoltre, ATS non garantisce n\u00e9 rilascia alcuna dichiarazione in merito all&#8217;accuratezza o all&#8217;affidabilit\u00e0 dei materiali presenti su questo Sito o su eventuali siti Web collegati ad esso.<\/p>\n<p>In nessun caso ATS o i suoi affiliati, consociati, appaltatori, agenti, direttori, funzionari, dipendenti o licenziatari saranno responsabili per qualsiasi danno (inclusi, senza limitazioni, danni diretti, indiretti, consequenziali, incidentali, speciali, punitivi, esemplari o generali, per perdita di profitto o di dati, o dovuti all&#8217;interruzione dell&#8217;attivit\u00e0) di qualsiasi tipo, compresi quelli derivanti da negligenza oppure dall&#8217;uso o dall&#8217;impossibilit\u00e0 di usare i materiali del Sito, anche qualora ATS (o un rappresentante autorizzato di ATS) sia stata informata oralmente o per iscritto della possibilit\u00e0 di tali danni. Poich\u00e9 alcune giurisdizioni non consentono limitazioni di garanzie implicite o esclusioni di responsabilit\u00e0 per danni conseguenti o accidentali, tali limitazioni potrebbero non essere applicabili all&#8217;utente.<\/p>\n<p><strong>LEGGE APPLICABILE<\/strong><\/p>\n<p>Le leggi della Provincia dell&#8217;Ontario e le leggi canadesi ivi applicabili disciplineranno l&#8217;interpretazione, la validit\u00e0 e gli effetti delle Condizioni d&#8217;uso, a prescindere da eventuali conflitti di leggi o dal domicilio, dalla residenza o dalla posizione fisica dell&#8217;utente. L&#8217;utente acconsente e si sottomette alla giurisdizione non esclusiva dei tribunali della Provincia dell&#8217;Ontario in qualsiasi azione legale o procedimento intentato ai sensi delle Condizioni d&#8217;uso o ad esse correlato.<\/p>\n","protected":false},"excerpt":{"rendered":"<p>TERMINI E CONDIZIONI LEGALI L&#8217;accesso e l&#8217;uso continuato del sito Web di ATS Automation Tooling Systems Inc. (&#8220;ATS&#8221;) all&#8217;indirizzo http:\/\/www.atsautomation.com (&#8220;Sito&#8221;) implica l\u2019accettazione da parte dell\u2019utente ed \u00e8 subordinato alla continua accettazione e al rispetto delle seguenti disposizioni (&#8220;Condizioni d&#8217;uso&#8221;). Si noti inoltre che i termini e condizioni possono variare di volta in volta. La registrazione di eventuali modifiche apportate&#8230;<\/p>\n<div class=\"post-button\"><a href=\"https:\/\/vipgo.atsautomation.com\/atsautomation\/it\/condizioni-di-utilizzo\/\">Read More<\/a><\/div>\n","protected":false},"author":3,"featured_media":6841,"parent":0,"menu_order":0,"comment_status":"closed","ping_status":"closed","template":"","meta":{"_acf_changed":false,"footnotes":""},"class_list":["post-11535","page","type-page","status-publish","has-post-thumbnail","hentry"],"yoast_head":"<!-- This site is optimized with the Yoast SEO Premium plugin v26.8 (Yoast SEO v26.8) - https:\/\/yoast.com\/product\/yoast-seo-premium-wordpress\/ -->\n<title>Terms Of Use | Legal Terms &amp; Conditions Of Use | ATS Automation<\/title>\n<meta name=\"description\" content=\"Your access to &amp; continued use of the ATS Automation Tooling Systems Inc.(ATS) website confirms you accept our terms &amp; use. Review our full terms of use.\" \/>\n<meta name=\"robots\" content=\"index, follow, max-snippet:-1, max-image-preview:large, max-video-preview:-1\" \/>\n<link rel=\"canonical\" href=\"https:\/\/vipgo.atsautomation.com\/atsautomation\/it\/condizioni-di-utilizzo\/\" \/>\n<meta property=\"og:locale\" content=\"it_IT\" \/>\n<meta property=\"og:type\" content=\"article\" \/>\n<meta property=\"og:title\" content=\"Condizioni di utilizzo\" \/>\n<meta property=\"og:description\" content=\"Your access to &amp; continued use of the ATS Automation Tooling Systems Inc.(ATS) website confirms you accept our terms &amp; use. Review our full terms of use.\" \/>\n<meta property=\"og:url\" content=\"https:\/\/vipgo.atsautomation.com\/atsautomation\/it\/condizioni-di-utilizzo\/\" \/>\n<meta property=\"og:site_name\" content=\"ATS Corporation\" \/>\n<meta property=\"article:modified_time\" content=\"2023-02-01T18:57:26+00:00\" \/>\n<meta property=\"og:image\" content=\"https:\/\/vipgo.atsautomation.com\/atsautomation\/wp-content\/uploads\/sites\/9\/2020\/05\/background-.jpg\" \/>\n\t<meta property=\"og:image:width\" content=\"1900\" \/>\n\t<meta property=\"og:image:height\" content=\"450\" \/>\n\t<meta property=\"og:image:type\" content=\"image\/jpeg\" \/>\n<meta name=\"twitter:card\" content=\"summary_large_image\" \/>\n<meta name=\"twitter:label1\" content=\"Tempo di lettura stimato\" \/>\n\t<meta name=\"twitter:data1\" content=\"7 minuti\" \/>\n<script type=\"application\/ld+json\" class=\"yoast-schema-graph\">{\"@context\":\"https:\/\/schema.org\",\"@graph\":[{\"@type\":\"WebPage\",\"@id\":\"https:\/\/vipgo.atsautomation.com\/atsautomation\/it\/condizioni-di-utilizzo\/\",\"url\":\"https:\/\/vipgo.atsautomation.com\/atsautomation\/it\/condizioni-di-utilizzo\/\",\"name\":\"Terms Of Use | Legal Terms & Conditions Of Use | ATS Automation\",\"isPartOf\":{\"@id\":\"https:\/\/vipgo.atsautomation.com\/atsautomation\/it\/#website\"},\"primaryImageOfPage\":{\"@id\":\"https:\/\/vipgo.atsautomation.com\/atsautomation\/it\/condizioni-di-utilizzo\/#primaryimage\"},\"image\":{\"@id\":\"https:\/\/vipgo.atsautomation.com\/atsautomation\/it\/condizioni-di-utilizzo\/#primaryimage\"},\"thumbnailUrl\":\"https:\/\/vipgo.atsautomation.com\/atsautomation\/wp-content\/uploads\/sites\/9\/2020\/05\/background-.jpg\",\"datePublished\":\"2020-07-15T13:34:29+00:00\",\"dateModified\":\"2023-02-01T18:57:26+00:00\",\"description\":\"Your access to & continued use of the ATS Automation Tooling Systems Inc.(ATS) website confirms you accept our terms & use. Review our full terms of use.\",\"breadcrumb\":{\"@id\":\"https:\/\/vipgo.atsautomation.com\/atsautomation\/it\/condizioni-di-utilizzo\/#breadcrumb\"},\"inLanguage\":\"it-IT\",\"potentialAction\":[{\"@type\":\"ReadAction\",\"target\":[\"https:\/\/vipgo.atsautomation.com\/atsautomation\/it\/condizioni-di-utilizzo\/\"]}]},{\"@type\":\"ImageObject\",\"inLanguage\":\"it-IT\",\"@id\":\"https:\/\/vipgo.atsautomation.com\/atsautomation\/it\/condizioni-di-utilizzo\/#primaryimage\",\"url\":\"https:\/\/vipgo.atsautomation.com\/atsautomation\/wp-content\/uploads\/sites\/9\/2020\/05\/background-.jpg\",\"contentUrl\":\"https:\/\/vipgo.atsautomation.com\/atsautomation\/wp-content\/uploads\/sites\/9\/2020\/05\/background-.jpg\",\"width\":1900,\"height\":450},{\"@type\":\"BreadcrumbList\",\"@id\":\"https:\/\/vipgo.atsautomation.com\/atsautomation\/it\/condizioni-di-utilizzo\/#breadcrumb\",\"itemListElement\":[{\"@type\":\"ListItem\",\"position\":1,\"name\":\"Home\",\"item\":\"https:\/\/vipgo.atsautomation.com\/atsautomation\/it\/\"},{\"@type\":\"ListItem\",\"position\":2,\"name\":\"Condizioni di utilizzo\"}]},{\"@type\":\"WebSite\",\"@id\":\"https:\/\/vipgo.atsautomation.com\/atsautomation\/it\/#website\",\"url\":\"https:\/\/vipgo.atsautomation.com\/atsautomation\/it\/\",\"name\":\"ATS Corporation\",\"description\":\"Just another vipgo.atsautomation.com site\",\"publisher\":{\"@id\":\"https:\/\/vipgo.atsautomation.com\/atsautomation\/it\/#organization\"},\"potentialAction\":[{\"@type\":\"SearchAction\",\"target\":{\"@type\":\"EntryPoint\",\"urlTemplate\":\"https:\/\/vipgo.atsautomation.com\/atsautomation\/it\/?s={search_term_string}\"},\"query-input\":{\"@type\":\"PropertyValueSpecification\",\"valueRequired\":true,\"valueName\":\"search_term_string\"}}],\"inLanguage\":\"it-IT\"},{\"@type\":\"Organization\",\"@id\":\"https:\/\/vipgo.atsautomation.com\/atsautomation\/it\/#organization\",\"name\":\"ATS Corporation\",\"url\":\"https:\/\/vipgo.atsautomation.com\/atsautomation\/it\/\",\"logo\":{\"@type\":\"ImageObject\",\"inLanguage\":\"it-IT\",\"@id\":\"https:\/\/vipgo.atsautomation.com\/atsautomation\/it\/#\/schema\/logo\/image\/\",\"url\":\"https:\/\/atsautomation.com\/wp-content\/uploads\/sites\/9\/2022\/11\/ATS-logo-colour-RGB_TM.png\",\"contentUrl\":\"https:\/\/atsautomation.com\/wp-content\/uploads\/sites\/9\/2022\/11\/ATS-logo-colour-RGB_TM.png\",\"width\":1880,\"height\":371,\"caption\":\"ATS Corporation\"},\"image\":{\"@id\":\"https:\/\/vipgo.atsautomation.com\/atsautomation\/it\/#\/schema\/logo\/image\/\"}}]}<\/script>\n<!-- \/ Yoast SEO Premium plugin. -->","yoast_head_json":{"title":"Terms Of Use | Legal Terms & Conditions Of Use | ATS Automation","description":"Your access to & continued use of the ATS Automation Tooling Systems Inc.(ATS) website confirms you accept our terms & use. Review our full terms of use.","robots":{"index":"index","follow":"follow","max-snippet":"max-snippet:-1","max-image-preview":"max-image-preview:large","max-video-preview":"max-video-preview:-1"},"canonical":"https:\/\/vipgo.atsautomation.com\/atsautomation\/it\/condizioni-di-utilizzo\/","og_locale":"it_IT","og_type":"article","og_title":"Condizioni di utilizzo","og_description":"Your access to & continued use of the ATS Automation Tooling Systems Inc.(ATS) website confirms you accept our terms & use. Review our full terms of use.","og_url":"https:\/\/vipgo.atsautomation.com\/atsautomation\/it\/condizioni-di-utilizzo\/","og_site_name":"ATS Corporation","article_modified_time":"2023-02-01T18:57:26+00:00","og_image":[{"width":1900,"height":450,"url":"https:\/\/vipgo.atsautomation.com\/atsautomation\/wp-content\/uploads\/sites\/9\/2020\/05\/background-.jpg","type":"image\/jpeg"}],"twitter_card":"summary_large_image","twitter_misc":{"Tempo di lettura stimato":"7 minuti"},"schema":{"@context":"https:\/\/schema.org","@graph":[{"@type":"WebPage","@id":"https:\/\/vipgo.atsautomation.com\/atsautomation\/it\/condizioni-di-utilizzo\/","url":"https:\/\/vipgo.atsautomation.com\/atsautomation\/it\/condizioni-di-utilizzo\/","name":"Terms Of Use | Legal Terms & Conditions Of Use | ATS Automation","isPartOf":{"@id":"https:\/\/vipgo.atsautomation.com\/atsautomation\/it\/#website"},"primaryImageOfPage":{"@id":"https:\/\/vipgo.atsautomation.com\/atsautomation\/it\/condizioni-di-utilizzo\/#primaryimage"},"image":{"@id":"https:\/\/vipgo.atsautomation.com\/atsautomation\/it\/condizioni-di-utilizzo\/#primaryimage"},"thumbnailUrl":"https:\/\/vipgo.atsautomation.com\/atsautomation\/wp-content\/uploads\/sites\/9\/2020\/05\/background-.jpg","datePublished":"2020-07-15T13:34:29+00:00","dateModified":"2023-02-01T18:57:26+00:00","description":"Your access to & continued use of the ATS Automation Tooling Systems Inc.(ATS) website confirms you accept our terms & use. Review our full terms of use.","breadcrumb":{"@id":"https:\/\/vipgo.atsautomation.com\/atsautomation\/it\/condizioni-di-utilizzo\/#breadcrumb"},"inLanguage":"it-IT","potentialAction":[{"@type":"ReadAction","target":["https:\/\/vipgo.atsautomation.com\/atsautomation\/it\/condizioni-di-utilizzo\/"]}]},{"@type":"ImageObject","inLanguage":"it-IT","@id":"https:\/\/vipgo.atsautomation.com\/atsautomation\/it\/condizioni-di-utilizzo\/#primaryimage","url":"https:\/\/vipgo.atsautomation.com\/atsautomation\/wp-content\/uploads\/sites\/9\/2020\/05\/background-.jpg","contentUrl":"https:\/\/vipgo.atsautomation.com\/atsautomation\/wp-content\/uploads\/sites\/9\/2020\/05\/background-.jpg","width":1900,"height":450},{"@type":"BreadcrumbList","@id":"https:\/\/vipgo.atsautomation.com\/atsautomation\/it\/condizioni-di-utilizzo\/#breadcrumb","itemListElement":[{"@type":"ListItem","position":1,"name":"Home","item":"https:\/\/vipgo.atsautomation.com\/atsautomation\/it\/"},{"@type":"ListItem","position":2,"name":"Condizioni di utilizzo"}]},{"@type":"WebSite","@id":"https:\/\/vipgo.atsautomation.com\/atsautomation\/it\/#website","url":"https:\/\/vipgo.atsautomation.com\/atsautomation\/it\/","name":"ATS Corporation","description":"Just another vipgo.atsautomation.com site","publisher":{"@id":"https:\/\/vipgo.atsautomation.com\/atsautomation\/it\/#organization"},"potentialAction":[{"@type":"SearchAction","target":{"@type":"EntryPoint","urlTemplate":"https:\/\/vipgo.atsautomation.com\/atsautomation\/it\/?s={search_term_string}"},"query-input":{"@type":"PropertyValueSpecification","valueRequired":true,"valueName":"search_term_string"}}],"inLanguage":"it-IT"},{"@type":"Organization","@id":"https:\/\/vipgo.atsautomation.com\/atsautomation\/it\/#organization","name":"ATS Corporation","url":"https:\/\/vipgo.atsautomation.com\/atsautomation\/it\/","logo":{"@type":"ImageObject","inLanguage":"it-IT","@id":"https:\/\/vipgo.atsautomation.com\/atsautomation\/it\/#\/schema\/logo\/image\/","url":"https:\/\/atsautomation.com\/wp-content\/uploads\/sites\/9\/2022\/11\/ATS-logo-colour-RGB_TM.png","contentUrl":"https:\/\/atsautomation.com\/wp-content\/uploads\/sites\/9\/2022\/11\/ATS-logo-colour-RGB_TM.png","width":1880,"height":371,"caption":"ATS Corporation"},"image":{"@id":"https:\/\/vipgo.atsautomation.com\/atsautomation\/it\/#\/schema\/logo\/image\/"}}]}},"acf":[],"jetpack_sharing_enabled":true,"_links":{"self":[{"href":"https:\/\/vipgo.atsautomation.com\/atsautomation\/it\/wp-json\/wp\/v2\/pages\/11535","targetHints":{"allow":["GET"]}}],"collection":[{"href":"https:\/\/vipgo.atsautomation.com\/atsautomation\/it\/wp-json\/wp\/v2\/pages"}],"about":[{"href":"https:\/\/vipgo.atsautomation.com\/atsautomation\/it\/wp-json\/wp\/v2\/types\/page"}],"author":[{"embeddable":true,"href":"https:\/\/vipgo.atsautomation.com\/atsautomation\/it\/wp-json\/wp\/v2\/users\/3"}],"replies":[{"embeddable":true,"href":"https:\/\/vipgo.atsautomation.com\/atsautomation\/it\/wp-json\/wp\/v2\/comments?post=11535"}],"version-history":[{"count":4,"href":"https:\/\/vipgo.atsautomation.com\/atsautomation\/it\/wp-json\/wp\/v2\/pages\/11535\/revisions"}],"predecessor-version":[{"id":35469,"href":"https:\/\/vipgo.atsautomation.com\/atsautomation\/it\/wp-json\/wp\/v2\/pages\/11535\/revisions\/35469"}],"wp:featuredmedia":[{"embeddable":true,"href":"https:\/\/vipgo.atsautomation.com\/atsautomation\/it\/wp-json\/wp\/v2\/media\/6841"}],"wp:attachment":[{"href":"https:\/\/vipgo.atsautomation.com\/atsautomation\/it\/wp-json\/wp\/v2\/media?parent=11535"}],"curies":[{"name":"wp","href":"https:\/\/api.w.org\/{rel}","templated":true}]}}