{"id":11536,"date":"2020-07-15T13:34:29","date_gmt":"2020-07-15T13:34:29","guid":{"rendered":"https:\/\/atsautomation.com\/informativa-sui-cookie\/"},"modified":"2023-05-10T19:01:43","modified_gmt":"2023-05-10T19:01:43","slug":"informativa-sui-cookie","status":"publish","type":"page","link":"https:\/\/vipgo.atsautomation.com\/atsautomation\/it\/informativa-sui-cookie\/","title":{"rendered":"Informativa sui cookie"},"content":{"rendered":"<p>La gestione della propensione \u00e8 la gestione dell&#8217;inclinazione o della naturale tendenza di un individuo verso determinati interessi, prodotti, bisogni e cos\u00ec via. Al fine di personalizzare le nostre comunicazioni con l&#8217;utente per essere certi di soddisfare le sue esigenze specifiche e non inviargli informazioni indesiderate, utilizziamo dei Cookie per la gestione della propensione. Un cookie \u00e8 un&#8217;informazione che viene memorizzata sul disco rigido del computer dell&#8217;utente dal browser web. Quando l&#8217;utente visita nuovamente uno qualsiasi dei nostri Siti, il server riconosce il cookie, fornendoci informazioni sulla sua ultima visita. La maggior parte dei browser accetta i cookie in modo automatico, ma \u00e8 possibile modificare le impostazioni del browser per impedire l&#8217;accettazione automatica. Se l&#8217;utente sceglie di non ricevere cookie tramite il proprio browser sar\u00e0 comunque in grado di utilizzare la maggior parte delle funzionalit\u00e0 del nostro sito web.<\/p>\n<ol>\n<li><strong>Come ATS utilizza i Cookie<\/strong><\/li>\n<\/ol>\n<p>La presente Informativa sui cookie descrive in che modo ATS, i nostri partner e le altre terze parti utilizzano cookie o tecnologie simili (come pixel tag, web beacon, clear GIF, JavaScript e l&#8217;archiviazione locale). Nella presente Informativa, ci riferiamo a questi cookie e tecnologie simili semplicemente come &#8220;Cookie&#8221;. Descriviamo inoltre le opzioni a disposizione dell&#8217;utente per quanto riguarda tali Cookie. La presente Informativa include l&#8217;uso da parte di ATS dei Cookie che possono essere utilizzati in connessione con i siti web (inclusi i siti web e le app per dispositivi mobili) di propriet\u00e0 e controllati da ATS (i &#8220;Siti&#8221;).<\/p>\n<p>In alcuni casi, possiamo utilizzare Cookie per raccogliere informazioni definite dati personali, o che possono diventare dati personali se combinate con altre informazioni. In tali situazioni, in aggiunta alla presente Informativa sui Cookie di ATS, si applicher\u00e0 l&#8217;Informativa globale relativa alla privacy dei dati di ATS.<\/p>\n<ol start=\"2\">\n<li><strong>Cosa sono i Cookie?<\/strong><\/li>\n<\/ol>\n<p>I cookie\u00a0sono piccoli file, di solito costituiti da lettere e numeri, posti sul computer, tablet, telefono o dispositivo simile dell&#8217;utente quando questi utilizza quel dispositivo per visitare un sito web. I cookie sono ampiamente utilizzati dai proprietari di siti web per rendere questi ultimi pi\u00f9 efficienti e ottenere informazioni analitiche.<\/p>\n<p>Ecco i diversi tipi di Cookie che noi e i nostri fornitori di servizi possiamo utilizzare sui nostri Siti:<\/p>\n<ul>\n<li><strong>Cookie fondamentali.<\/strong>\u00a0Questi Cookie sono necessari per il funzionamento dei nostri Siti (ad esempio, per consentire all&#8217;utente di accedere alle aree sicure del nostro sito web). Tali Cookie permettono all&#8217;utente di spostarsi nei Siti e di utilizzare le loro funzionalit\u00e0. La disabilitazione di questi Cookie graver\u00e0 sulle prestazioni dei Siti e potrebbe rendere alcune delle caratteristiche e dei servizi non disponibili.<\/li>\n<li><strong>Cookie di analisi e di performance.<\/strong>\u00a0Questi Cookie ci permettono di analizzare le attivit\u00e0 sui nostri Siti e su altri siti dove pubblichiamo contenuti al fine di migliorare e ottimizzare il funzionamento dei nostri Siti. Ad esempio, possiamo utilizzare queste tipologie di Cookie per garantire che i visitatori possano trovare facilmente le informazioni che cercano sui nostri Siti. Un modo per farlo \u00e8 riconoscere e contare il numero di visitatori e vedere come si muovono nei nostri Siti quando li utilizzano. I Cookie di analisi ci aiutano anche a misurare le prestazioni delle nostre campagne pubblicitarie per aiutarci a migliorarle e a ottimizzare i contenuti dei nostri Siti per gli utenti che interagiscono con i nostri annunci.<\/li>\n<li><strong>Cookie di funzionalit\u00e0.<\/strong>\u00a0Tali Cookie sono utilizzati per riconoscere un utente che torna a visitare i nostri Siti. Questo ci permette di personalizzare i nostri contenuti per l&#8217;utente, di salutarlo per nome e di ricordare le sue preferenze (ad esempio la scelta della lingua o della regione).<\/li>\n<li><strong>Cookie pubblicitari.<\/strong>\u00a0Questi Cookie registrano le attivit\u00e0 online dell&#8217;utente, comprese le visite ai nostri Siti, le pagine che l&#8217;utente ha visitato e i link e le pubblicit\u00e0 su cui ha fatto clic. Uno scopo di tutto questo \u00e8 contribuire a rendere i contenuti visualizzati sui nostri Siti pi\u00f9 rilevanti per l&#8217;utente. Un altro scopo \u00e8 consentire a noi e ai nostri fornitori di servizi di presentare all&#8217;utente annunci o altre comunicazioni progettati per essere pi\u00f9 rilevanti rispetto ai suoi interessi apparenti. (Quando noi e i nostri fornitori di servizi lo facciamo, questo coinvolge anche partner come editori, piattaforme di gestione dei dati e demand side platform che aiutano a gestire i dati). Ad esempio, se un utente visita una pagina di uno dei nostri Siti, potremmo mostrargli un annuncio pubblicitario, sui nostri Siti o su altri siti, per prodotti a cui si fa riferimento in quella pagina o per prodotti e servizi simili. Noi e i nostri fornitori di servizi e partner possiamo inoltre aggiungere altri dati alle informazioni raccolte da questi Cookie, incluse le informazioni ottenute da terzi, e condividere tali dati con terzi allo scopo di mostrare annunci pubblicitari all&#8217;utente.<\/li>\n<\/ul>\n<ol start=\"3\">\n<li><strong>In che modo ATS raccoglie e utilizza altre informazioni?<\/strong><\/li>\n<\/ol>\n<p>Noi e i nostri fornitori di servizi possiamo utilizzare i Cookie per diversi scopi, inclusi quelli di:<\/p>\n<ul>\n<li>aiutare noi e le terze parti a ottenere informazioni sulle visite dell&#8217;utente ai Siti;<\/li>\n<li>elaborare gli ordini dell&#8217;utente;<\/li>\n<li>analizzare i pattern delle visite dell&#8217;utente per migliorare i nostri Siti;<\/li>\n<li>fornire annunci, comunicazioni, funzionalit\u00e0 social e contenuti nostri e di terzi, sui nostri Siti e su quelli di terzi, specifici per gli interessi dell&#8217;utente;<\/li>\n<li>ricordare la lingua selezionata dall&#8217;utente e altre preferenze;<\/li>\n<li>aiutare l&#8217;utente a ottenere le informazioni che sta cercando;<\/li>\n<li>fornire un servizio sicuro e protetto per le transazioni online;<\/li>\n<li>misurare quante persone utilizzano i nostri Siti e come li usano per far funzionare i nostri Siti in modo efficiente e per capire meglio il pubblico che li visita.<\/li>\n<li>Se l&#8217;utente si registra su uno dei nostri Siti o ci fornisce in altro modo le proprie informazioni personali, possiamo associare tali informazioni ad altre informazioni che raccogliamo da o sull&#8217;utente o che questi ci fornisce, informazioni riguardanti il suo utilizzo dei nostri Siti, o informazioni che riceviamo da o sull&#8217;utente da terzi. Utilizzeremo questi dati combinati a scopi di marketing e di analisi.<\/li>\n<\/ul>\n<ol start=\"4\">\n<li><strong>Per quanto tempo i Cookie rimangono sui dispositivi?<\/strong><\/li>\n<\/ol>\n<p>Alcuni dei nostri Cookie funzionano dal momento in cui si visita un servizio ATS fino alla fine di quella particolare sessione di navigazione. Questi Cookie scadono e vengono automaticamente cancellati quando si chiude il browser internet. Tali Cookie sono chiamati Cookie &#8220;di sessione&#8221;.<\/p>\n<p>Alcuni Cookie rimangono sul dispositivo dell&#8217;utente tra una sessione di navigazione e l&#8217;altra. Non vengono cancellati quando si chiude il browser. Tali Cookie sono chiamati Cookie &#8220;persistenti&#8221;. La durata della permanenza di un cookie persistente su un dispositivo varia da un cookie all&#8217;altro. Noi e altri utilizziamo i Cookie persistenti per molteplici scopi, ad esempio per memorizzare le preferenze dell&#8217;utente in modo che siano disponibili per la prossima visita e per tenere un resoconto pi\u00f9 accurato di quanto spesso l&#8217;utente visita i nostri Siti, di quanto spesso ritorna, di come il suo utilizzo dei Siti varia nel tempo e dell&#8217;efficacia degli sforzi pubblicitari.<\/p>\n<ol start=\"5\">\n<li><strong>Chi inserisce i Cookie sui dispositivi?<\/strong><\/li>\n<\/ol>\n<p>I Cookie possono essere inseriti sul dispositivo dell&#8217;utente da ATS in qualit\u00e0 di gestore del Sito. Tali Cookie sono chiamati Cookie &#8220;proprietari&#8221;.\u00a0 Alcuni Cookie possono essere inseriti sul dispositivo dell&#8217;utente da un soggetto diverso da ATS. Tali Cookie sono chiamati Cookie &#8220;di terze parti&#8221;. Ad esempio, un partner di ATS pu\u00f2 inserire un Cookie di terze parti per abilitare i servizi di chat online.<\/p>\n<p>Possono essere utilizzati anche Cookie che consentono a noi e a terzi di sapere quando l&#8217;utente visita i nostri Siti e di capire come interagisce con e-mail, annunci o altri contenuti. Attraverso i Cookie, possono essere ottenute e utilizzate informazioni aggregate e altre informazioni non considerate dati personali (ad esempio il sistema operativo dell&#8217;utente, la versione del browser e l&#8217;URL da cui l&#8217;utente proviene, come anche e-mail e annunci da cui proviene) per migliorare l&#8217;esperienza dell&#8217;utente e aiutarci a comprendere i modelli di traffico. Questa tecnologia conta il numero di utenti che visitano un particolare servizio da banner pubblicitari specifici esterni al sito ATS o utenti che hanno fatto clic su link o immagini inclusi nelle newsletter ricevute via e-mail da ATS. Viene anche utilizzata per compilare statistiche aggregate su come vengono utilizzati i Siti ATS, per eseguire analisi, aiutarci a ottimizzare i nostri Siti e per mostrare all&#8217;utente annunci basati sui suoi interessi, come descritto in dettaglio pi\u00f9 avanti.<\/p>\n<ol start=\"6\">\n<li><strong>In che modo ATS utilizza la pubblicit\u00e0 online e su dispositivi mobili?<\/strong><\/li>\n<\/ol>\n<p>Noi e terzi, compresi i partner tecnologici e i fornitori di servizi, ci impegniamo a fare pubblicit\u00e0 basata sugli interessi degli utenti per fornire annunci e contenuti personalizzati. Nella misura in cui i fornitori terzi utilizzano i Cookie per portare a compimento questi servizi per ATS, ATS non controlla l&#8217;uso di questa tecnologia o le informazioni che ne derivano e non \u00e8 responsabile per eventuali azioni o politiche di tali terze parti.<\/p>\n<p>Gli annunci che l&#8217;utente visualizza possono essere legati al suo comportamento online o su dispositivi mobili (sui Siti ATS e non), alla sua attivit\u00e0 di ricerca, alle sue risposte a uno dei nostri annunci o e-mail, alle pagine che l&#8217;utente visita, alla sua posizione geografica generale o ad altre informazioni. Questi annunci possono comparire sui nostri Siti o su siti web di terzi.<\/p>\n<ol start=\"7\">\n<li><strong>Come gestire i Cookie?<\/strong><\/li>\n<\/ol>\n<p>L&#8217;utente pu\u00f2 decidere se accettare o meno i Cookie.\u00a0 ATS \u00e8 conforme a tutte le leggi applicabili in materia di protezione dei dati, inclusa, a titolo esemplificativo ma non esaustivo, l&#8217;RGPD dell&#8217;UE, e a tutte le normative globali applicabili relative all&#8217;uso dei Cookie. Ove applicabile in base alla legge locale, ai visitatori dei nostri Siti viene chiesto se desiderano che i Cookie vengano inseriti o meno sui loro dispositivi. Se l&#8217;utente sceglie di non accettare tali Cookie, ATS si conformer\u00e0 al suo opt-out e nessun Cookie da noi direttamente controllato sar\u00e0 inserito sul dispositivo dell&#8217;utente. Nei Paesi in cui non \u00e8 richiesto un esplicito opt-in, offriamo all&#8217;utente la possibilit\u00e0 di esprimere il proprio opt-out in qualsiasi momento. In caso contrario, inseriremo i Cookie sul suo dispositivo per gli scopi sopra indicati.<\/p>\n<p>\u00c8 importante sapere che ATS rispetta tutte le normative applicabili in materia di Cookie e le leggi sulla protezione dei dati. Con il cambiamento delle leggi sulla protezione dei dati in tutto il mondo, ATS modifica le proprie politiche, procedure e processi per garantire la conformit\u00e0 a tutte le leggi, i regolamenti e le direttive pertinenti.<\/p>\n<ol start=\"8\">\n<li><strong>Conformit\u00e0 di ATS alle leggi e ai regolamenti sui Cookie<\/strong><\/li>\n<\/ol>\n<p>ATS si impegna a rispettare tutte le leggi specifiche dei singoli paesi, a prescindere dal luogo in cui si trova la propria sede centrale. Per noi \u00e8 molto importante garantire la privacy dei nostri dipendenti, clienti, potenziali clienti, fornitori, partner e di qualsiasi altro visitatore dei nostri Siti e ci assicuriamo di mettere in atto le politiche, le procedure e i processi necessari per garantire il rispetto dei nostri obblighi di legge e la tutela della privacy di tutti gli individui. Laddove richiesto dalla legge, richiediamo un opt-in esplicito da parte dell&#8217;utente prima di inserire qualsiasi Cookie sui suoi dispositivi. Se la legge locale non richiede l&#8217;opt-in esplicito, offriamo all&#8217;utente la possibilit\u00e0 di esprimere il proprio opt-out. Tuttavia, collocheremo i Cookie sui dispositivi dell&#8217;utente come indicato sopra fino a quando non l&#8217;utente non avr\u00e0 espresso tale opt-out.<\/p>\n<ol start=\"9\">\n<li><strong>ATS e la Privacy<\/strong><\/li>\n<\/ol>\n<p>ATS si impegna a rispettare la privacy. Per ulteriori informazioni sull&#8217;approccio di ATS in merito alla privacy, \u00e8 possibile consultare l&#8217;Informativa globale relativa alla privacy dei dati di ATS o contattarci all&#8217;indirizzo\u00a0<u>privacy@atsautomation.com<\/u>.<\/p>\n<ol start=\"10\">\n<li><strong>Come contattarci<\/strong><\/li>\n<\/ol>\n<p>In caso di domande sul modo in cui ATS utilizza i Cookie, \u00e8 possibile contattare ATS utilizzando l&#8217;indirizzo postale riportato di seguito o inviandoci un&#8217;e-mail a\u00a0<span style=\"text-decoration: underline;\">privacy@atsautomation.com<\/span>. Si prega di includere le proprie informazioni di contatto, il nome del Sito o del servizio ATS e una descrizione dettagliata della richiesta o dubbio in merito ai Cookie.<\/p>\n<p><strong>\u00a0<\/strong><br \/>\n<strong>ATS Automation Tooling Systems Inc.<\/strong><br \/>\n<strong>ATTN: VP, Legal and Global Compliance<\/strong><br \/>\n<strong>730 Fountain Street North, Building #2<\/strong><br \/>\n<strong>Cambridge, Ontario, Canada<\/strong><strong>N3H 4R7<\/strong><\/p>\n<p>Ci riserviamo il diritto di modificare la presente Informativa in qualsiasi momento. Qualsiasi modifica alla presente Informativa diventer\u00e0 effettiva dal momento in cui renderemo disponibile l&#8217;Informativa modificata su o attraverso i Siti.<\/p>\n","protected":false},"excerpt":{"rendered":"<p>La gestione della propensione \u00e8 la gestione dell&#8217;inclinazione o della naturale tendenza di un individuo verso determinati interessi, prodotti, bisogni e cos\u00ec via. Al fine di personalizzare le nostre comunicazioni con l&#8217;utente per essere certi di soddisfare le sue esigenze specifiche e non inviargli informazioni indesiderate, utilizziamo dei Cookie per la gestione della propensione. Un cookie \u00e8 un&#8217;informazione che viene&#8230;<\/p>\n<div class=\"post-button\"><a href=\"https:\/\/vipgo.atsautomation.com\/atsautomation\/it\/informativa-sui-cookie\/\">Read More<\/a><\/div>\n","protected":false},"author":3,"featured_media":0,"parent":0,"menu_order":0,"comment_status":"closed","ping_status":"closed","template":"","meta":{"_acf_changed":false,"footnotes":""},"class_list":["post-11536","page","type-page","status-publish","hentry"],"yoast_head":"<!-- This site is optimized with the Yoast SEO Premium plugin v26.8 (Yoast SEO v26.8) - https:\/\/yoast.com\/product\/yoast-seo-premium-wordpress\/ -->\n<title>Cookie Policy | Propensity Management | ATS Automation<\/title>\n<meta name=\"description\" content=\"To tailor our communications &amp; make sure that we are addressing your specific needs, we use Cookies to handle propensity management. Read our Cookie Policy.\" \/>\n<meta name=\"robots\" content=\"index, follow, max-snippet:-1, max-image-preview:large, max-video-preview:-1\" \/>\n<link rel=\"canonical\" href=\"https:\/\/vipgo.atsautomation.com\/atsautomation\/it\/informativa-sui-cookie\/\" \/>\n<meta property=\"og:locale\" content=\"it_IT\" \/>\n<meta property=\"og:type\" content=\"article\" \/>\n<meta property=\"og:title\" content=\"Informativa sui cookie\" \/>\n<meta property=\"og:description\" content=\"To tailor our communications &amp; make sure that we are addressing your specific needs, we use Cookies to handle propensity management. Read our Cookie Policy.\" \/>\n<meta property=\"og:url\" content=\"https:\/\/vipgo.atsautomation.com\/atsautomation\/it\/informativa-sui-cookie\/\" \/>\n<meta property=\"og:site_name\" content=\"ATS Corporation\" \/>\n<meta property=\"article:modified_time\" content=\"2023-05-10T19:01:43+00:00\" \/>\n<meta name=\"twitter:card\" content=\"summary_large_image\" \/>\n<meta name=\"twitter:label1\" content=\"Tempo di lettura stimato\" \/>\n\t<meta name=\"twitter:data1\" content=\"9 minuti\" \/>\n<script type=\"application\/ld+json\" class=\"yoast-schema-graph\">{\"@context\":\"https:\/\/schema.org\",\"@graph\":[{\"@type\":\"WebPage\",\"@id\":\"https:\/\/vipgo.atsautomation.com\/atsautomation\/it\/informativa-sui-cookie\/\",\"url\":\"https:\/\/vipgo.atsautomation.com\/atsautomation\/it\/informativa-sui-cookie\/\",\"name\":\"Cookie Policy | Propensity Management | ATS Automation\",\"isPartOf\":{\"@id\":\"https:\/\/vipgo.atsautomation.com\/atsautomation\/it\/#website\"},\"datePublished\":\"2020-07-15T13:34:29+00:00\",\"dateModified\":\"2023-05-10T19:01:43+00:00\",\"description\":\"To tailor our communications & make sure that we are addressing your specific needs, we use Cookies to handle propensity management. Read our Cookie Policy.\",\"breadcrumb\":{\"@id\":\"https:\/\/vipgo.atsautomation.com\/atsautomation\/it\/informativa-sui-cookie\/#breadcrumb\"},\"inLanguage\":\"it-IT\",\"potentialAction\":[{\"@type\":\"ReadAction\",\"target\":[\"https:\/\/vipgo.atsautomation.com\/atsautomation\/it\/informativa-sui-cookie\/\"]}]},{\"@type\":\"BreadcrumbList\",\"@id\":\"https:\/\/vipgo.atsautomation.com\/atsautomation\/it\/informativa-sui-cookie\/#breadcrumb\",\"itemListElement\":[{\"@type\":\"ListItem\",\"position\":1,\"name\":\"Home\",\"item\":\"https:\/\/vipgo.atsautomation.com\/atsautomation\/it\/\"},{\"@type\":\"ListItem\",\"position\":2,\"name\":\"Informativa sui cookie\"}]},{\"@type\":\"WebSite\",\"@id\":\"https:\/\/vipgo.atsautomation.com\/atsautomation\/it\/#website\",\"url\":\"https:\/\/vipgo.atsautomation.com\/atsautomation\/it\/\",\"name\":\"ATS Corporation\",\"description\":\"Just another vipgo.atsautomation.com site\",\"publisher\":{\"@id\":\"https:\/\/vipgo.atsautomation.com\/atsautomation\/it\/#organization\"},\"potentialAction\":[{\"@type\":\"SearchAction\",\"target\":{\"@type\":\"EntryPoint\",\"urlTemplate\":\"https:\/\/vipgo.atsautomation.com\/atsautomation\/it\/?s={search_term_string}\"},\"query-input\":{\"@type\":\"PropertyValueSpecification\",\"valueRequired\":true,\"valueName\":\"search_term_string\"}}],\"inLanguage\":\"it-IT\"},{\"@type\":\"Organization\",\"@id\":\"https:\/\/vipgo.atsautomation.com\/atsautomation\/it\/#organization\",\"name\":\"ATS Corporation\",\"url\":\"https:\/\/vipgo.atsautomation.com\/atsautomation\/it\/\",\"logo\":{\"@type\":\"ImageObject\",\"inLanguage\":\"it-IT\",\"@id\":\"https:\/\/vipgo.atsautomation.com\/atsautomation\/it\/#\/schema\/logo\/image\/\",\"url\":\"https:\/\/atsautomation.com\/wp-content\/uploads\/sites\/9\/2022\/11\/ATS-logo-colour-RGB_TM.png\",\"contentUrl\":\"https:\/\/atsautomation.com\/wp-content\/uploads\/sites\/9\/2022\/11\/ATS-logo-colour-RGB_TM.png\",\"width\":1880,\"height\":371,\"caption\":\"ATS Corporation\"},\"image\":{\"@id\":\"https:\/\/vipgo.atsautomation.com\/atsautomation\/it\/#\/schema\/logo\/image\/\"}}]}<\/script>\n<!-- \/ Yoast SEO Premium plugin. -->","yoast_head_json":{"title":"Cookie Policy | Propensity Management | ATS Automation","description":"To tailor our communications & make sure that we are addressing your specific needs, we use Cookies to handle propensity management. Read our Cookie Policy.","robots":{"index":"index","follow":"follow","max-snippet":"max-snippet:-1","max-image-preview":"max-image-preview:large","max-video-preview":"max-video-preview:-1"},"canonical":"https:\/\/vipgo.atsautomation.com\/atsautomation\/it\/informativa-sui-cookie\/","og_locale":"it_IT","og_type":"article","og_title":"Informativa sui cookie","og_description":"To tailor our communications & make sure that we are addressing your specific needs, we use Cookies to handle propensity management. Read our Cookie Policy.","og_url":"https:\/\/vipgo.atsautomation.com\/atsautomation\/it\/informativa-sui-cookie\/","og_site_name":"ATS Corporation","article_modified_time":"2023-05-10T19:01:43+00:00","twitter_card":"summary_large_image","twitter_misc":{"Tempo di lettura stimato":"9 minuti"},"schema":{"@context":"https:\/\/schema.org","@graph":[{"@type":"WebPage","@id":"https:\/\/vipgo.atsautomation.com\/atsautomation\/it\/informativa-sui-cookie\/","url":"https:\/\/vipgo.atsautomation.com\/atsautomation\/it\/informativa-sui-cookie\/","name":"Cookie Policy | Propensity Management | ATS Automation","isPartOf":{"@id":"https:\/\/vipgo.atsautomation.com\/atsautomation\/it\/#website"},"datePublished":"2020-07-15T13:34:29+00:00","dateModified":"2023-05-10T19:01:43+00:00","description":"To tailor our communications & make sure that we are addressing your specific needs, we use Cookies to handle propensity management. Read our Cookie Policy.","breadcrumb":{"@id":"https:\/\/vipgo.atsautomation.com\/atsautomation\/it\/informativa-sui-cookie\/#breadcrumb"},"inLanguage":"it-IT","potentialAction":[{"@type":"ReadAction","target":["https:\/\/vipgo.atsautomation.com\/atsautomation\/it\/informativa-sui-cookie\/"]}]},{"@type":"BreadcrumbList","@id":"https:\/\/vipgo.atsautomation.com\/atsautomation\/it\/informativa-sui-cookie\/#breadcrumb","itemListElement":[{"@type":"ListItem","position":1,"name":"Home","item":"https:\/\/vipgo.atsautomation.com\/atsautomation\/it\/"},{"@type":"ListItem","position":2,"name":"Informativa sui cookie"}]},{"@type":"WebSite","@id":"https:\/\/vipgo.atsautomation.com\/atsautomation\/it\/#website","url":"https:\/\/vipgo.atsautomation.com\/atsautomation\/it\/","name":"ATS Corporation","description":"Just another vipgo.atsautomation.com site","publisher":{"@id":"https:\/\/vipgo.atsautomation.com\/atsautomation\/it\/#organization"},"potentialAction":[{"@type":"SearchAction","target":{"@type":"EntryPoint","urlTemplate":"https:\/\/vipgo.atsautomation.com\/atsautomation\/it\/?s={search_term_string}"},"query-input":{"@type":"PropertyValueSpecification","valueRequired":true,"valueName":"search_term_string"}}],"inLanguage":"it-IT"},{"@type":"Organization","@id":"https:\/\/vipgo.atsautomation.com\/atsautomation\/it\/#organization","name":"ATS Corporation","url":"https:\/\/vipgo.atsautomation.com\/atsautomation\/it\/","logo":{"@type":"ImageObject","inLanguage":"it-IT","@id":"https:\/\/vipgo.atsautomation.com\/atsautomation\/it\/#\/schema\/logo\/image\/","url":"https:\/\/atsautomation.com\/wp-content\/uploads\/sites\/9\/2022\/11\/ATS-logo-colour-RGB_TM.png","contentUrl":"https:\/\/atsautomation.com\/wp-content\/uploads\/sites\/9\/2022\/11\/ATS-logo-colour-RGB_TM.png","width":1880,"height":371,"caption":"ATS Corporation"},"image":{"@id":"https:\/\/vipgo.atsautomation.com\/atsautomation\/it\/#\/schema\/logo\/image\/"}}]}},"acf":[],"jetpack_sharing_enabled":true,"_links":{"self":[{"href":"https:\/\/vipgo.atsautomation.com\/atsautomation\/it\/wp-json\/wp\/v2\/pages\/11536","targetHints":{"allow":["GET"]}}],"collection":[{"href":"https:\/\/vipgo.atsautomation.com\/atsautomation\/it\/wp-json\/wp\/v2\/pages"}],"about":[{"href":"https:\/\/vipgo.atsautomation.com\/atsautomation\/it\/wp-json\/wp\/v2\/types\/page"}],"author":[{"embeddable":true,"href":"https:\/\/vipgo.atsautomation.com\/atsautomation\/it\/wp-json\/wp\/v2\/users\/3"}],"replies":[{"embeddable":true,"href":"https:\/\/vipgo.atsautomation.com\/atsautomation\/it\/wp-json\/wp\/v2\/comments?post=11536"}],"version-history":[{"count":2,"href":"https:\/\/vipgo.atsautomation.com\/atsautomation\/it\/wp-json\/wp\/v2\/pages\/11536\/revisions"}],"predecessor-version":[{"id":36190,"href":"https:\/\/vipgo.atsautomation.com\/atsautomation\/it\/wp-json\/wp\/v2\/pages\/11536\/revisions\/36190"}],"wp:attachment":[{"href":"https:\/\/vipgo.atsautomation.com\/atsautomation\/it\/wp-json\/wp\/v2\/media?parent=11536"}],"curies":[{"name":"wp","href":"https:\/\/api.w.org\/{rel}","templated":true}]}}