{"id":11655,"date":"2020-07-15T13:34:44","date_gmt":"2020-07-15T13:34:44","guid":{"rendered":"https:\/\/atsautomation.com\/biblioteca-risorse-fornitori\/"},"modified":"2021-03-04T04:59:47","modified_gmt":"2021-03-04T04:59:47","slug":"biblioteca-risorse-fornitori","status":"publish","type":"page","link":"https:\/\/vipgo.atsautomation.com\/atsautomation\/it\/gestione-della-qualit-dei-fornitori\/biblioteca-risorse-fornitori\/","title":{"rendered":"Biblioteca risorse fornitori"},"content":{"rendered":"<div class=\"row col-md-3\">\n<div class=\"two\"><a href=\"https:\/\/atsautomation.com\/it\/existing-supplier-documentation\/\">Documentazione fornitori esistenti<\/a><\/div>\n<div class=\"two\"><a href=\"https:\/\/atsautomation.com\/it\/existing-supplier-feedback\/\">Feedback fornitori esistenti<\/a><\/div>\n<div class=\"two\"><a href=\"https:\/\/atsautomation.com\/it\/new-supplier-submission\/\">Candidatura nuovo fornitore<\/a><\/div>\n<div class=\"two\"><a href=\"https:\/\/atsautomation.com\/it\/ats-supplier-quality-requirements\/\">Requisiti di qualit\u00e0 fornitori ATS<\/a><\/div>\n<div class=\"two\"><a href=\"https:\/\/atsautomation.com\/it\/supplier-resource-library\/\">Biblioteca risorse fornitori<\/a><\/div>\n<div class=\"two\"><a href=\"https:\/\/atsautomation.com\/it\/global-supplier-quality-manual\/\">Manuale qualit\u00e0 fornitori globali<\/a><\/div>\n<div class=\"two\"><a href=\"https:\/\/atsautomation.com\/it\/supplier-deviation-waiver-process\/\">Processo variazioni e rinunce del fornitore<\/a><\/div>\n<div class=\"two\"><a href=\"https:\/\/atsautomation.com\/it\/supplier-quality-news\/\">Notizie sulla qualit\u00e0 dei fornitori<\/a><\/div>\n<div class=\"two\"><a href=\"https:\/\/atsautomation.com\/it\/supplier-code-of-ethics\/\">Codice etico fornitori<\/a><\/div>\n<\/div>\n<div class=\"row col-md-9\">\n<h2>La Biblioteca risorse fornitori di ATS contiene informazioni utili per i fornitori che devono presentare la loro candidatura ad ATS.<\/h2>\n<h3>RAPPORTI RICHIESTI PER LA SPEDIZIONE<\/h3>\n<p>I rapporti dimensionali, i Material Traceability Records (registri di tracciabilit\u00e0 dei materiali, MTR), il Certificate of Compliance (certificato di conformit\u00e0, C of C), i rapporti di prima ispezione di prodotto o qualsiasi altro documento richiesto specificato nell&apos;ordine di acquisto o nei disegni del prodotto devono essere spediti insieme al prodotto rappresentato.<\/p>\n<p><a href=\"https:\/\/atsautomation.com\/wp-content\/uploads\/sites\/9\/2020\/06\/2_14_4_001-MTR-Requirements.pdf\" target=\"_blank\" rel=\"noopener noreferrer\">Esempio di rintracciabilit\u00e0 del materiale (MTR)<\/a><\/p>\n<p><a href=\"https:\/\/atsautomation.com\/wp-content\/uploads\/sites\/9\/2020\/06\/2_14_4_002-Certificate-of-Compliance.pdf\" target=\"_blank\" rel=\"noopener noreferrer\">Certificato di conformit\u00e0 (C di C)<\/a><\/p>\n<p><a href=\"https:\/\/atsautomation.com\/wp-content\/uploads\/sites\/9\/2020\/06\/Dimensional-Report-May-2015.xlsx\">Modello di rapporto di ispezione (rapporto dimensionale)<\/a><\/p>\n<p><a href=\"https:\/\/atsautomation.com\/wp-content\/uploads\/sites\/9\/2021\/03\/2_14_4_004-ATS-Guidelines-for-Packaging-and-Transportation-of-Material.pdf\" target=\"_blank\" rel=\"noopener noreferrer\">Linee guida per l&#8217;imballaggio e il trasporto<\/a><\/p>\n<p><a href=\"\/\/atsautomation.com\/wp-content\/uploads\/sites\/9\/2020\/06\/2_14_4_005-8D-Guidelines.pdf\" target=\"_blank\" rel=\"noopener noreferrer\">Come completare un rapporto 8D<\/a><\/p>\n<p><a href=\"https:\/\/atsautomation.com\/wp-content\/uploads\/sites\/9\/2020\/06\/2_14_4_006-Good-Documentation-Practices.pdf\">Buone pratiche di documentazione<\/a>\n<\/div>\n","protected":false},"excerpt":{"rendered":"<p>Documentazione fornitori esistenti Feedback fornitori esistenti Candidatura nuovo fornitore Requisiti di qualit\u00e0 fornitori ATS Biblioteca risorse fornitori Manuale qualit\u00e0 fornitori globali Processo variazioni e rinunce del fornitore Notizie sulla qualit\u00e0 dei fornitori Codice etico fornitori La Biblioteca risorse fornitori di ATS contiene informazioni utili per i fornitori che devono presentare la loro candidatura ad ATS. RAPPORTI RICHIESTI PER LA SPEDIZIONE&#8230;<\/p>\n<div class=\"post-button\"><a href=\"https:\/\/vipgo.atsautomation.com\/atsautomation\/it\/gestione-della-qualit-dei-fornitori\/biblioteca-risorse-fornitori\/\">Read More<\/a><\/div>\n","protected":false},"author":3,"featured_media":6841,"parent":20474,"menu_order":0,"comment_status":"closed","ping_status":"closed","template":"","meta":{"_acf_changed":false,"footnotes":""},"class_list":["post-11655","page","type-page","status-publish","has-post-thumbnail","hentry"],"yoast_head":"<!-- This site is optimized with the Yoast SEO Premium plugin v26.8 (Yoast SEO v26.8) - https:\/\/yoast.com\/product\/yoast-seo-premium-wordpress\/ -->\n<title>Biblioteca risorse fornitori - ATS Corporation<\/title>\n<meta name=\"description\" content=\"The ATS Supplier Resource Library is available to help Suppliers with their submissions to ATS Automation. Reports must be shipped with the product represented.\" \/>\n<meta name=\"robots\" content=\"index, follow, max-snippet:-1, max-image-preview:large, max-video-preview:-1\" \/>\n<link rel=\"canonical\" href=\"https:\/\/vipgo.atsautomation.com\/atsautomation\/it\/gestione-della-qualit-dei-fornitori\/biblioteca-risorse-fornitori\/\" \/>\n<meta property=\"og:locale\" content=\"it_IT\" \/>\n<meta property=\"og:type\" content=\"article\" \/>\n<meta property=\"og:title\" content=\"Biblioteca risorse fornitori\" \/>\n<meta property=\"og:description\" content=\"The ATS Supplier Resource Library is available to help Suppliers with their submissions to ATS Automation. Reports must be shipped with the product represented.\" \/>\n<meta property=\"og:url\" content=\"https:\/\/vipgo.atsautomation.com\/atsautomation\/it\/gestione-della-qualit-dei-fornitori\/biblioteca-risorse-fornitori\/\" \/>\n<meta property=\"og:site_name\" content=\"ATS Corporation\" \/>\n<meta property=\"article:modified_time\" content=\"2021-03-04T04:59:47+00:00\" \/>\n<meta property=\"og:image\" content=\"https:\/\/vipgo.atsautomation.com\/atsautomation\/wp-content\/uploads\/sites\/9\/2020\/05\/background-.jpg\" \/>\n\t<meta property=\"og:image:width\" content=\"1900\" \/>\n\t<meta property=\"og:image:height\" content=\"450\" \/>\n\t<meta property=\"og:image:type\" content=\"image\/jpeg\" \/>\n<meta name=\"twitter:card\" content=\"summary_large_image\" \/>\n<meta name=\"twitter:label1\" content=\"Tempo di lettura stimato\" \/>\n\t<meta name=\"twitter:data1\" content=\"1 minuto\" \/>\n<script type=\"application\/ld+json\" class=\"yoast-schema-graph\">{\"@context\":\"https:\/\/schema.org\",\"@graph\":[{\"@type\":\"WebPage\",\"@id\":\"https:\/\/vipgo.atsautomation.com\/atsautomation\/it\/gestione-della-qualit-dei-fornitori\/biblioteca-risorse-fornitori\/\",\"url\":\"https:\/\/vipgo.atsautomation.com\/atsautomation\/it\/gestione-della-qualit-dei-fornitori\/biblioteca-risorse-fornitori\/\",\"name\":\"Biblioteca risorse fornitori - ATS Corporation\",\"isPartOf\":{\"@id\":\"https:\/\/vipgo.atsautomation.com\/atsautomation\/it\/#website\"},\"primaryImageOfPage\":{\"@id\":\"https:\/\/vipgo.atsautomation.com\/atsautomation\/it\/gestione-della-qualit-dei-fornitori\/biblioteca-risorse-fornitori\/#primaryimage\"},\"image\":{\"@id\":\"https:\/\/vipgo.atsautomation.com\/atsautomation\/it\/gestione-della-qualit-dei-fornitori\/biblioteca-risorse-fornitori\/#primaryimage\"},\"thumbnailUrl\":\"https:\/\/vipgo.atsautomation.com\/atsautomation\/wp-content\/uploads\/sites\/9\/2020\/05\/background-.jpg\",\"datePublished\":\"2020-07-15T13:34:44+00:00\",\"dateModified\":\"2021-03-04T04:59:47+00:00\",\"description\":\"The ATS Supplier Resource Library is available to help Suppliers with their submissions to ATS Automation. Reports must be shipped with the product represented.\",\"breadcrumb\":{\"@id\":\"https:\/\/vipgo.atsautomation.com\/atsautomation\/it\/gestione-della-qualit-dei-fornitori\/biblioteca-risorse-fornitori\/#breadcrumb\"},\"inLanguage\":\"it-IT\",\"potentialAction\":[{\"@type\":\"ReadAction\",\"target\":[\"https:\/\/vipgo.atsautomation.com\/atsautomation\/it\/gestione-della-qualit-dei-fornitori\/biblioteca-risorse-fornitori\/\"]}]},{\"@type\":\"ImageObject\",\"inLanguage\":\"it-IT\",\"@id\":\"https:\/\/vipgo.atsautomation.com\/atsautomation\/it\/gestione-della-qualit-dei-fornitori\/biblioteca-risorse-fornitori\/#primaryimage\",\"url\":\"https:\/\/vipgo.atsautomation.com\/atsautomation\/wp-content\/uploads\/sites\/9\/2020\/05\/background-.jpg\",\"contentUrl\":\"https:\/\/vipgo.atsautomation.com\/atsautomation\/wp-content\/uploads\/sites\/9\/2020\/05\/background-.jpg\",\"width\":1900,\"height\":450},{\"@type\":\"BreadcrumbList\",\"@id\":\"https:\/\/vipgo.atsautomation.com\/atsautomation\/it\/gestione-della-qualit-dei-fornitori\/biblioteca-risorse-fornitori\/#breadcrumb\",\"itemListElement\":[{\"@type\":\"ListItem\",\"position\":1,\"name\":\"Home\",\"item\":\"https:\/\/vipgo.atsautomation.com\/atsautomation\/it\/\"},{\"@type\":\"ListItem\",\"position\":2,\"name\":\"Gestione della qualit\u00e0 dei fornitori\",\"item\":\"https:\/\/vipgo.atsautomation.com\/atsautomation\/it\/supplier-quality-management\/\"},{\"@type\":\"ListItem\",\"position\":3,\"name\":\"Biblioteca risorse fornitori\"}]},{\"@type\":\"WebSite\",\"@id\":\"https:\/\/vipgo.atsautomation.com\/atsautomation\/it\/#website\",\"url\":\"https:\/\/vipgo.atsautomation.com\/atsautomation\/it\/\",\"name\":\"ATS Corporation\",\"description\":\"Just another vipgo.atsautomation.com site\",\"publisher\":{\"@id\":\"https:\/\/vipgo.atsautomation.com\/atsautomation\/it\/#organization\"},\"potentialAction\":[{\"@type\":\"SearchAction\",\"target\":{\"@type\":\"EntryPoint\",\"urlTemplate\":\"https:\/\/vipgo.atsautomation.com\/atsautomation\/it\/?s={search_term_string}\"},\"query-input\":{\"@type\":\"PropertyValueSpecification\",\"valueRequired\":true,\"valueName\":\"search_term_string\"}}],\"inLanguage\":\"it-IT\"},{\"@type\":\"Organization\",\"@id\":\"https:\/\/vipgo.atsautomation.com\/atsautomation\/it\/#organization\",\"name\":\"ATS Corporation\",\"url\":\"https:\/\/vipgo.atsautomation.com\/atsautomation\/it\/\",\"logo\":{\"@type\":\"ImageObject\",\"inLanguage\":\"it-IT\",\"@id\":\"https:\/\/vipgo.atsautomation.com\/atsautomation\/it\/#\/schema\/logo\/image\/\",\"url\":\"https:\/\/atsautomation.com\/wp-content\/uploads\/sites\/9\/2022\/11\/ATS-logo-colour-RGB_TM.png\",\"contentUrl\":\"https:\/\/atsautomation.com\/wp-content\/uploads\/sites\/9\/2022\/11\/ATS-logo-colour-RGB_TM.png\",\"width\":1880,\"height\":371,\"caption\":\"ATS Corporation\"},\"image\":{\"@id\":\"https:\/\/vipgo.atsautomation.com\/atsautomation\/it\/#\/schema\/logo\/image\/\"}}]}<\/script>\n<!-- \/ Yoast SEO Premium plugin. -->","yoast_head_json":{"title":"Biblioteca risorse fornitori - ATS Corporation","description":"The ATS Supplier Resource Library is available to help Suppliers with their submissions to ATS Automation. Reports must be shipped with the product represented.","robots":{"index":"index","follow":"follow","max-snippet":"max-snippet:-1","max-image-preview":"max-image-preview:large","max-video-preview":"max-video-preview:-1"},"canonical":"https:\/\/vipgo.atsautomation.com\/atsautomation\/it\/gestione-della-qualit-dei-fornitori\/biblioteca-risorse-fornitori\/","og_locale":"it_IT","og_type":"article","og_title":"Biblioteca risorse fornitori","og_description":"The ATS Supplier Resource Library is available to help Suppliers with their submissions to ATS Automation. Reports must be shipped with the product represented.","og_url":"https:\/\/vipgo.atsautomation.com\/atsautomation\/it\/gestione-della-qualit-dei-fornitori\/biblioteca-risorse-fornitori\/","og_site_name":"ATS Corporation","article_modified_time":"2021-03-04T04:59:47+00:00","og_image":[{"width":1900,"height":450,"url":"https:\/\/vipgo.atsautomation.com\/atsautomation\/wp-content\/uploads\/sites\/9\/2020\/05\/background-.jpg","type":"image\/jpeg"}],"twitter_card":"summary_large_image","twitter_misc":{"Tempo di lettura stimato":"1 minuto"},"schema":{"@context":"https:\/\/schema.org","@graph":[{"@type":"WebPage","@id":"https:\/\/vipgo.atsautomation.com\/atsautomation\/it\/gestione-della-qualit-dei-fornitori\/biblioteca-risorse-fornitori\/","url":"https:\/\/vipgo.atsautomation.com\/atsautomation\/it\/gestione-della-qualit-dei-fornitori\/biblioteca-risorse-fornitori\/","name":"Biblioteca risorse fornitori - ATS Corporation","isPartOf":{"@id":"https:\/\/vipgo.atsautomation.com\/atsautomation\/it\/#website"},"primaryImageOfPage":{"@id":"https:\/\/vipgo.atsautomation.com\/atsautomation\/it\/gestione-della-qualit-dei-fornitori\/biblioteca-risorse-fornitori\/#primaryimage"},"image":{"@id":"https:\/\/vipgo.atsautomation.com\/atsautomation\/it\/gestione-della-qualit-dei-fornitori\/biblioteca-risorse-fornitori\/#primaryimage"},"thumbnailUrl":"https:\/\/vipgo.atsautomation.com\/atsautomation\/wp-content\/uploads\/sites\/9\/2020\/05\/background-.jpg","datePublished":"2020-07-15T13:34:44+00:00","dateModified":"2021-03-04T04:59:47+00:00","description":"The ATS Supplier Resource Library is available to help Suppliers with their submissions to ATS Automation. Reports must be shipped with the product represented.","breadcrumb":{"@id":"https:\/\/vipgo.atsautomation.com\/atsautomation\/it\/gestione-della-qualit-dei-fornitori\/biblioteca-risorse-fornitori\/#breadcrumb"},"inLanguage":"it-IT","potentialAction":[{"@type":"ReadAction","target":["https:\/\/vipgo.atsautomation.com\/atsautomation\/it\/gestione-della-qualit-dei-fornitori\/biblioteca-risorse-fornitori\/"]}]},{"@type":"ImageObject","inLanguage":"it-IT","@id":"https:\/\/vipgo.atsautomation.com\/atsautomation\/it\/gestione-della-qualit-dei-fornitori\/biblioteca-risorse-fornitori\/#primaryimage","url":"https:\/\/vipgo.atsautomation.com\/atsautomation\/wp-content\/uploads\/sites\/9\/2020\/05\/background-.jpg","contentUrl":"https:\/\/vipgo.atsautomation.com\/atsautomation\/wp-content\/uploads\/sites\/9\/2020\/05\/background-.jpg","width":1900,"height":450},{"@type":"BreadcrumbList","@id":"https:\/\/vipgo.atsautomation.com\/atsautomation\/it\/gestione-della-qualit-dei-fornitori\/biblioteca-risorse-fornitori\/#breadcrumb","itemListElement":[{"@type":"ListItem","position":1,"name":"Home","item":"https:\/\/vipgo.atsautomation.com\/atsautomation\/it\/"},{"@type":"ListItem","position":2,"name":"Gestione della qualit\u00e0 dei fornitori","item":"https:\/\/vipgo.atsautomation.com\/atsautomation\/it\/supplier-quality-management\/"},{"@type":"ListItem","position":3,"name":"Biblioteca risorse fornitori"}]},{"@type":"WebSite","@id":"https:\/\/vipgo.atsautomation.com\/atsautomation\/it\/#website","url":"https:\/\/vipgo.atsautomation.com\/atsautomation\/it\/","name":"ATS Corporation","description":"Just another vipgo.atsautomation.com site","publisher":{"@id":"https:\/\/vipgo.atsautomation.com\/atsautomation\/it\/#organization"},"potentialAction":[{"@type":"SearchAction","target":{"@type":"EntryPoint","urlTemplate":"https:\/\/vipgo.atsautomation.com\/atsautomation\/it\/?s={search_term_string}"},"query-input":{"@type":"PropertyValueSpecification","valueRequired":true,"valueName":"search_term_string"}}],"inLanguage":"it-IT"},{"@type":"Organization","@id":"https:\/\/vipgo.atsautomation.com\/atsautomation\/it\/#organization","name":"ATS Corporation","url":"https:\/\/vipgo.atsautomation.com\/atsautomation\/it\/","logo":{"@type":"ImageObject","inLanguage":"it-IT","@id":"https:\/\/vipgo.atsautomation.com\/atsautomation\/it\/#\/schema\/logo\/image\/","url":"https:\/\/atsautomation.com\/wp-content\/uploads\/sites\/9\/2022\/11\/ATS-logo-colour-RGB_TM.png","contentUrl":"https:\/\/atsautomation.com\/wp-content\/uploads\/sites\/9\/2022\/11\/ATS-logo-colour-RGB_TM.png","width":1880,"height":371,"caption":"ATS Corporation"},"image":{"@id":"https:\/\/vipgo.atsautomation.com\/atsautomation\/it\/#\/schema\/logo\/image\/"}}]}},"acf":[],"jetpack_sharing_enabled":true,"_links":{"self":[{"href":"https:\/\/vipgo.atsautomation.com\/atsautomation\/it\/wp-json\/wp\/v2\/pages\/11655","targetHints":{"allow":["GET"]}}],"collection":[{"href":"https:\/\/vipgo.atsautomation.com\/atsautomation\/it\/wp-json\/wp\/v2\/pages"}],"about":[{"href":"https:\/\/vipgo.atsautomation.com\/atsautomation\/it\/wp-json\/wp\/v2\/types\/page"}],"author":[{"embeddable":true,"href":"https:\/\/vipgo.atsautomation.com\/atsautomation\/it\/wp-json\/wp\/v2\/users\/3"}],"replies":[{"embeddable":true,"href":"https:\/\/vipgo.atsautomation.com\/atsautomation\/it\/wp-json\/wp\/v2\/comments?post=11655"}],"version-history":[{"count":5,"href":"https:\/\/vipgo.atsautomation.com\/atsautomation\/it\/wp-json\/wp\/v2\/pages\/11655\/revisions"}],"predecessor-version":[{"id":28614,"href":"https:\/\/vipgo.atsautomation.com\/atsautomation\/it\/wp-json\/wp\/v2\/pages\/11655\/revisions\/28614"}],"up":[{"embeddable":true,"href":"https:\/\/vipgo.atsautomation.com\/atsautomation\/it\/wp-json\/wp\/v2\/pages\/20474"}],"wp:featuredmedia":[{"embeddable":true,"href":"https:\/\/vipgo.atsautomation.com\/atsautomation\/it\/wp-json\/wp\/v2\/media\/6841"}],"wp:attachment":[{"href":"https:\/\/vipgo.atsautomation.com\/atsautomation\/it\/wp-json\/wp\/v2\/media?parent=11655"}],"curies":[{"name":"wp","href":"https:\/\/api.w.org\/{rel}","templated":true}]}}