{"id":11656,"date":"2020-07-15T13:34:45","date_gmt":"2020-07-15T13:34:45","guid":{"rendered":"https:\/\/atsautomation.com\/candidatura-nuovo-fornitore\/"},"modified":"2023-03-08T21:57:27","modified_gmt":"2023-03-08T21:57:27","slug":"candidatura-nuovo-fornitore","status":"publish","type":"page","link":"https:\/\/vipgo.atsautomation.com\/atsautomation\/it\/gestione-della-qualit-dei-fornitori\/candidatura-nuovo-fornitore\/","title":{"rendered":"Candidatura nuovo fornitore"},"content":{"rendered":"<div class=\"row col-md-3\">\n<div class=\"two\"><a href=\"https:\/\/atsautomation.com\/it\/existing-supplier-documentation\/\">Documentazione fornitori esistenti<\/a><\/div>\n<div class=\"two\"><a href=\"https:\/\/atsautomation.com\/it\/existing-supplier-feedback\/\">Feedback fornitori esistenti<\/a><\/div>\n<div class=\"two\"><a href=\"https:\/\/atsautomation.com\/it\/new-supplier-submission\/\">Candidatura nuovo fornitore<\/a><\/div>\n<div class=\"two\"><a href=\"https:\/\/atsautomation.com\/it\/ats-supplier-quality-requirements\/\">Requisiti di qualit\u00e0 fornitori ATS<\/a><\/div>\n<div class=\"two\"><a href=\"https:\/\/atsautomation.com\/it\/supplier-resource-library\/\">Biblioteca risorse fornitori<\/a><\/div>\n<div class=\"two\"><a href=\"https:\/\/atsautomation.com\/it\/global-supplier-quality-manual\/\">Manuale qualit\u00e0 fornitori globali<\/a><\/div>\n<div class=\"two\"><a href=\"https:\/\/atsautomation.com\/it\/supplier-deviation-waiver-process\/\">Processo variazioni e rinunce del fornitore<\/a><\/div>\n<div class=\"two\"><a href=\"https:\/\/atsautomation.com\/it\/supplier-quality-news\/\">Notizie sulla qualit\u00e0 dei fornitori<\/a><\/div>\n<div class=\"two\"><a href=\"https:\/\/atsautomation.com\/it\/supplier-code-of-ethics\/\">Codice etico fornitori<\/a><\/div>\n<\/div>\n<div class=\"row col-md-9\">\n<h2>I nuovi fornitori devono leggere i criteri riportati di seguito e compilare tutti i moduli prima di contattare ATS.<\/h2>\n<p><img decoding=\"async\" src=\"https:\/\/atsautomation.com\/wp-content\/uploads\/sites\/9\/2020\/06\/the-supplier-submission-table.jpg\" alt=\"\" \/><\/p>\n<h3>CLASSIFICAZIONI DEI FORNITORI<\/h3>\n<h4 class=\"Level4\">FORNITORE DI CLASSE &#8220;A&#8221;<\/h4>\n<ul>\n<li><strong>Fornitore terzo:<\/strong>\u00a0fornitore di articoli a costo elevato (tipicamente &gt;$10k), come alimentatori a tazza, trasportatori, sistemi per test, lavatrici, robot, laser, ecc. Il fornitore \u00e8 solitamente responsabile della progettazione.<\/li>\n<li><strong>Fornitore in subappalto:<\/strong>\u00a0fornitore responsabile di uno o di tutti i seguenti aspetti: progettazione, sviluppo, produzione di articoli secondo i requisiti definiti da ATS o da un cliente ATS (produzione esternalizzata). Il fornitore pu\u00f2 inoltre offrire un servizio nel flusso del valore manifatturiero di ATS (ad esempio, placcatura o trattamento termico).<\/li>\n<li>Pezzi fusi o stampati.<\/li>\n<li><strong>Fornitore di servizi:<\/strong>\u00a0ad esempio, fornitori di taratura delle apparecchiature, consulenti di ingegneria, appaltatori di impianti di produzione, dipendenti non ATS che svolgono compiti per soddisfare i requisiti ATS e i requisiti del contratto con il cliente (influenzando la qualit\u00e0 del prodotto da consegnare).<\/li>\n<\/ul>\n<h4 class=\"Level4\">FORNITORE DI CLASSE &#8220;C&#8221;<\/h4>\n<ul>\n<li>Fornitore che progetta\/produce prodotti COTS. Articoli come valvole pneumatiche, connettori elettrici, cavi per computer, alimentatori, molle e hardware come bulloni, viti, rondelle, dadi, ecc.<\/li>\n<li>Fornitore che progetta\/produce prodotti COTS modificati per soddisfare le esigenze del cliente (ad esempio, motori, controllori, riduttori).<\/li>\n<li>Articoli ordinati come numeri di pezzo del produttore, tipicamente attraverso la distribuzione.<\/li>\n<\/ul>\n<h4>MODELLI DI CANDIDATURA<\/h4>\n<p>Scaricare, compilare e allegare i seguenti documenti alla e-mail al Director of Global Quality (vedere le classificazioni dei fornitori di cui sopra).<\/p>\n<p><a href=\"https:\/\/atsautomation.com\/wp-content\/uploads\/sites\/9\/2023\/03\/C7.4.1-2P-2F-New-Supplier-Self-Assessment-1.xlsx\">Modello valutazione nuovo fornitore<\/a><\/p>\n<p><a href=\"https:\/\/atsautomation.com\/wp-content\/uploads\/sites\/9\/2023\/03\/C7.4.1-2P-1F-Global-Supplier-Profile.docx\">Profilo fornitore globale<\/a><\/p>\n<p><a href=\"https:\/\/atsautomation.com\/wp-content\/uploads\/sites\/9\/2023\/03\/C7.4.1-1M-Global-Supplier-Quality-Manual.pdf\" target=\"_blank\" rel=\"noopener noreferrer\">Manuale fornitori globali<\/a>\u00a0<em>(include i requisiti definiti)\u00a0<\/em><\/p>\n<p><a href=\"https:\/\/atsautomation.com\/wp-content\/uploads\/sites\/9\/2020\/06\/2_15_001-ATS-Supplier-Code-of-Ethics.pdf\">Codice etico fornitori<\/a><\/p>\n<p>Accordo di non divulgazione (sar\u00e0 inviato al fornitore)<\/p>\n<p>Termini e condizioni di acquisto generali ATS (sar\u00e0 fornito all&#8217;aggiudicazione del contratto)<\/p>\n<\/div>\n","protected":false},"excerpt":{"rendered":"<p>Documentazione fornitori esistenti Feedback fornitori esistenti Candidatura nuovo fornitore Requisiti di qualit\u00e0 fornitori ATS Biblioteca risorse fornitori Manuale qualit\u00e0 fornitori globali Processo variazioni e rinunce del fornitore Notizie sulla qualit\u00e0 dei fornitori Codice etico fornitori I nuovi fornitori devono leggere i criteri riportati di seguito e compilare tutti i moduli prima di contattare ATS. CLASSIFICAZIONI DEI FORNITORI FORNITORE DI CLASSE&#8230;<\/p>\n<div class=\"post-button\"><a href=\"https:\/\/vipgo.atsautomation.com\/atsautomation\/it\/gestione-della-qualit-dei-fornitori\/candidatura-nuovo-fornitore\/\">Read More<\/a><\/div>\n","protected":false},"author":3,"featured_media":6841,"parent":20474,"menu_order":0,"comment_status":"closed","ping_status":"closed","template":"","meta":{"_acf_changed":false,"footnotes":""},"class_list":["post-11656","page","type-page","status-publish","has-post-thumbnail","hentry"],"yoast_head":"<!-- This site is optimized with the Yoast SEO Premium plugin v26.8 (Yoast SEO v26.8) - https:\/\/yoast.com\/product\/yoast-seo-premium-wordpress\/ -->\n<title>New Supplier Submission | Supplier Quality Management | ATS Automation<\/title>\n<meta name=\"description\" content=\"ATS Automation maintains regulations for New Supplier Submission. New suppliers should read the criteria &amp; complete all necessary forms before contacting us.\" \/>\n<meta name=\"robots\" content=\"index, follow, max-snippet:-1, max-image-preview:large, max-video-preview:-1\" \/>\n<link rel=\"canonical\" href=\"https:\/\/vipgo.atsautomation.com\/atsautomation\/it\/gestione-della-qualit-dei-fornitori\/candidatura-nuovo-fornitore\/\" \/>\n<meta property=\"og:locale\" content=\"it_IT\" \/>\n<meta property=\"og:type\" content=\"article\" \/>\n<meta property=\"og:title\" content=\"Candidatura nuovo fornitore\" \/>\n<meta property=\"og:description\" content=\"ATS Automation maintains regulations for New Supplier Submission. New suppliers should read the criteria &amp; complete all necessary forms before contacting us.\" \/>\n<meta property=\"og:url\" content=\"https:\/\/vipgo.atsautomation.com\/atsautomation\/it\/gestione-della-qualit-dei-fornitori\/candidatura-nuovo-fornitore\/\" \/>\n<meta property=\"og:site_name\" content=\"ATS Corporation\" \/>\n<meta property=\"article:modified_time\" content=\"2023-03-08T21:57:27+00:00\" \/>\n<meta property=\"og:image\" content=\"https:\/\/vipgo.atsautomation.com\/atsautomation\/wp-content\/uploads\/sites\/9\/2020\/05\/background-.jpg\" \/>\n\t<meta property=\"og:image:width\" content=\"1900\" \/>\n\t<meta property=\"og:image:height\" content=\"450\" \/>\n\t<meta property=\"og:image:type\" content=\"image\/jpeg\" \/>\n<meta name=\"twitter:card\" content=\"summary_large_image\" \/>\n<meta name=\"twitter:label1\" content=\"Tempo di lettura stimato\" \/>\n\t<meta name=\"twitter:data1\" content=\"2 minuti\" \/>\n<script type=\"application\/ld+json\" class=\"yoast-schema-graph\">{\"@context\":\"https:\/\/schema.org\",\"@graph\":[{\"@type\":\"WebPage\",\"@id\":\"https:\/\/vipgo.atsautomation.com\/atsautomation\/it\/gestione-della-qualit-dei-fornitori\/candidatura-nuovo-fornitore\/\",\"url\":\"https:\/\/vipgo.atsautomation.com\/atsautomation\/it\/gestione-della-qualit-dei-fornitori\/candidatura-nuovo-fornitore\/\",\"name\":\"New Supplier Submission | Supplier Quality Management | ATS Automation\",\"isPartOf\":{\"@id\":\"https:\/\/vipgo.atsautomation.com\/atsautomation\/it\/#website\"},\"primaryImageOfPage\":{\"@id\":\"https:\/\/vipgo.atsautomation.com\/atsautomation\/it\/gestione-della-qualit-dei-fornitori\/candidatura-nuovo-fornitore\/#primaryimage\"},\"image\":{\"@id\":\"https:\/\/vipgo.atsautomation.com\/atsautomation\/it\/gestione-della-qualit-dei-fornitori\/candidatura-nuovo-fornitore\/#primaryimage\"},\"thumbnailUrl\":\"https:\/\/vipgo.atsautomation.com\/atsautomation\/wp-content\/uploads\/sites\/9\/2020\/05\/background-.jpg\",\"datePublished\":\"2020-07-15T13:34:45+00:00\",\"dateModified\":\"2023-03-08T21:57:27+00:00\",\"description\":\"ATS Automation maintains regulations for New Supplier Submission. New suppliers should read the criteria & complete all necessary forms before contacting us.\",\"breadcrumb\":{\"@id\":\"https:\/\/vipgo.atsautomation.com\/atsautomation\/it\/gestione-della-qualit-dei-fornitori\/candidatura-nuovo-fornitore\/#breadcrumb\"},\"inLanguage\":\"it-IT\",\"potentialAction\":[{\"@type\":\"ReadAction\",\"target\":[\"https:\/\/vipgo.atsautomation.com\/atsautomation\/it\/gestione-della-qualit-dei-fornitori\/candidatura-nuovo-fornitore\/\"]}]},{\"@type\":\"ImageObject\",\"inLanguage\":\"it-IT\",\"@id\":\"https:\/\/vipgo.atsautomation.com\/atsautomation\/it\/gestione-della-qualit-dei-fornitori\/candidatura-nuovo-fornitore\/#primaryimage\",\"url\":\"https:\/\/vipgo.atsautomation.com\/atsautomation\/wp-content\/uploads\/sites\/9\/2020\/05\/background-.jpg\",\"contentUrl\":\"https:\/\/vipgo.atsautomation.com\/atsautomation\/wp-content\/uploads\/sites\/9\/2020\/05\/background-.jpg\",\"width\":1900,\"height\":450},{\"@type\":\"BreadcrumbList\",\"@id\":\"https:\/\/vipgo.atsautomation.com\/atsautomation\/it\/gestione-della-qualit-dei-fornitori\/candidatura-nuovo-fornitore\/#breadcrumb\",\"itemListElement\":[{\"@type\":\"ListItem\",\"position\":1,\"name\":\"Home\",\"item\":\"https:\/\/vipgo.atsautomation.com\/atsautomation\/it\/\"},{\"@type\":\"ListItem\",\"position\":2,\"name\":\"Gestione della qualit\u00e0 dei fornitori\",\"item\":\"https:\/\/vipgo.atsautomation.com\/atsautomation\/it\/supplier-quality-management\/\"},{\"@type\":\"ListItem\",\"position\":3,\"name\":\"Candidatura nuovo fornitore\"}]},{\"@type\":\"WebSite\",\"@id\":\"https:\/\/vipgo.atsautomation.com\/atsautomation\/it\/#website\",\"url\":\"https:\/\/vipgo.atsautomation.com\/atsautomation\/it\/\",\"name\":\"ATS Corporation\",\"description\":\"Just another vipgo.atsautomation.com site\",\"publisher\":{\"@id\":\"https:\/\/vipgo.atsautomation.com\/atsautomation\/it\/#organization\"},\"potentialAction\":[{\"@type\":\"SearchAction\",\"target\":{\"@type\":\"EntryPoint\",\"urlTemplate\":\"https:\/\/vipgo.atsautomation.com\/atsautomation\/it\/?s={search_term_string}\"},\"query-input\":{\"@type\":\"PropertyValueSpecification\",\"valueRequired\":true,\"valueName\":\"search_term_string\"}}],\"inLanguage\":\"it-IT\"},{\"@type\":\"Organization\",\"@id\":\"https:\/\/vipgo.atsautomation.com\/atsautomation\/it\/#organization\",\"name\":\"ATS Corporation\",\"url\":\"https:\/\/vipgo.atsautomation.com\/atsautomation\/it\/\",\"logo\":{\"@type\":\"ImageObject\",\"inLanguage\":\"it-IT\",\"@id\":\"https:\/\/vipgo.atsautomation.com\/atsautomation\/it\/#\/schema\/logo\/image\/\",\"url\":\"https:\/\/atsautomation.com\/wp-content\/uploads\/sites\/9\/2022\/11\/ATS-logo-colour-RGB_TM.png\",\"contentUrl\":\"https:\/\/atsautomation.com\/wp-content\/uploads\/sites\/9\/2022\/11\/ATS-logo-colour-RGB_TM.png\",\"width\":1880,\"height\":371,\"caption\":\"ATS Corporation\"},\"image\":{\"@id\":\"https:\/\/vipgo.atsautomation.com\/atsautomation\/it\/#\/schema\/logo\/image\/\"}}]}<\/script>\n<!-- \/ Yoast SEO Premium plugin. -->","yoast_head_json":{"title":"New Supplier Submission | Supplier Quality Management | ATS Automation","description":"ATS Automation maintains regulations for New Supplier Submission. New suppliers should read the criteria & complete all necessary forms before contacting us.","robots":{"index":"index","follow":"follow","max-snippet":"max-snippet:-1","max-image-preview":"max-image-preview:large","max-video-preview":"max-video-preview:-1"},"canonical":"https:\/\/vipgo.atsautomation.com\/atsautomation\/it\/gestione-della-qualit-dei-fornitori\/candidatura-nuovo-fornitore\/","og_locale":"it_IT","og_type":"article","og_title":"Candidatura nuovo fornitore","og_description":"ATS Automation maintains regulations for New Supplier Submission. New suppliers should read the criteria & complete all necessary forms before contacting us.","og_url":"https:\/\/vipgo.atsautomation.com\/atsautomation\/it\/gestione-della-qualit-dei-fornitori\/candidatura-nuovo-fornitore\/","og_site_name":"ATS Corporation","article_modified_time":"2023-03-08T21:57:27+00:00","og_image":[{"width":1900,"height":450,"url":"https:\/\/vipgo.atsautomation.com\/atsautomation\/wp-content\/uploads\/sites\/9\/2020\/05\/background-.jpg","type":"image\/jpeg"}],"twitter_card":"summary_large_image","twitter_misc":{"Tempo di lettura stimato":"2 minuti"},"schema":{"@context":"https:\/\/schema.org","@graph":[{"@type":"WebPage","@id":"https:\/\/vipgo.atsautomation.com\/atsautomation\/it\/gestione-della-qualit-dei-fornitori\/candidatura-nuovo-fornitore\/","url":"https:\/\/vipgo.atsautomation.com\/atsautomation\/it\/gestione-della-qualit-dei-fornitori\/candidatura-nuovo-fornitore\/","name":"New Supplier Submission | Supplier Quality Management | ATS Automation","isPartOf":{"@id":"https:\/\/vipgo.atsautomation.com\/atsautomation\/it\/#website"},"primaryImageOfPage":{"@id":"https:\/\/vipgo.atsautomation.com\/atsautomation\/it\/gestione-della-qualit-dei-fornitori\/candidatura-nuovo-fornitore\/#primaryimage"},"image":{"@id":"https:\/\/vipgo.atsautomation.com\/atsautomation\/it\/gestione-della-qualit-dei-fornitori\/candidatura-nuovo-fornitore\/#primaryimage"},"thumbnailUrl":"https:\/\/vipgo.atsautomation.com\/atsautomation\/wp-content\/uploads\/sites\/9\/2020\/05\/background-.jpg","datePublished":"2020-07-15T13:34:45+00:00","dateModified":"2023-03-08T21:57:27+00:00","description":"ATS Automation maintains regulations for New Supplier Submission. New suppliers should read the criteria & complete all necessary forms before contacting us.","breadcrumb":{"@id":"https:\/\/vipgo.atsautomation.com\/atsautomation\/it\/gestione-della-qualit-dei-fornitori\/candidatura-nuovo-fornitore\/#breadcrumb"},"inLanguage":"it-IT","potentialAction":[{"@type":"ReadAction","target":["https:\/\/vipgo.atsautomation.com\/atsautomation\/it\/gestione-della-qualit-dei-fornitori\/candidatura-nuovo-fornitore\/"]}]},{"@type":"ImageObject","inLanguage":"it-IT","@id":"https:\/\/vipgo.atsautomation.com\/atsautomation\/it\/gestione-della-qualit-dei-fornitori\/candidatura-nuovo-fornitore\/#primaryimage","url":"https:\/\/vipgo.atsautomation.com\/atsautomation\/wp-content\/uploads\/sites\/9\/2020\/05\/background-.jpg","contentUrl":"https:\/\/vipgo.atsautomation.com\/atsautomation\/wp-content\/uploads\/sites\/9\/2020\/05\/background-.jpg","width":1900,"height":450},{"@type":"BreadcrumbList","@id":"https:\/\/vipgo.atsautomation.com\/atsautomation\/it\/gestione-della-qualit-dei-fornitori\/candidatura-nuovo-fornitore\/#breadcrumb","itemListElement":[{"@type":"ListItem","position":1,"name":"Home","item":"https:\/\/vipgo.atsautomation.com\/atsautomation\/it\/"},{"@type":"ListItem","position":2,"name":"Gestione della qualit\u00e0 dei fornitori","item":"https:\/\/vipgo.atsautomation.com\/atsautomation\/it\/supplier-quality-management\/"},{"@type":"ListItem","position":3,"name":"Candidatura nuovo fornitore"}]},{"@type":"WebSite","@id":"https:\/\/vipgo.atsautomation.com\/atsautomation\/it\/#website","url":"https:\/\/vipgo.atsautomation.com\/atsautomation\/it\/","name":"ATS Corporation","description":"Just another vipgo.atsautomation.com site","publisher":{"@id":"https:\/\/vipgo.atsautomation.com\/atsautomation\/it\/#organization"},"potentialAction":[{"@type":"SearchAction","target":{"@type":"EntryPoint","urlTemplate":"https:\/\/vipgo.atsautomation.com\/atsautomation\/it\/?s={search_term_string}"},"query-input":{"@type":"PropertyValueSpecification","valueRequired":true,"valueName":"search_term_string"}}],"inLanguage":"it-IT"},{"@type":"Organization","@id":"https:\/\/vipgo.atsautomation.com\/atsautomation\/it\/#organization","name":"ATS Corporation","url":"https:\/\/vipgo.atsautomation.com\/atsautomation\/it\/","logo":{"@type":"ImageObject","inLanguage":"it-IT","@id":"https:\/\/vipgo.atsautomation.com\/atsautomation\/it\/#\/schema\/logo\/image\/","url":"https:\/\/atsautomation.com\/wp-content\/uploads\/sites\/9\/2022\/11\/ATS-logo-colour-RGB_TM.png","contentUrl":"https:\/\/atsautomation.com\/wp-content\/uploads\/sites\/9\/2022\/11\/ATS-logo-colour-RGB_TM.png","width":1880,"height":371,"caption":"ATS Corporation"},"image":{"@id":"https:\/\/vipgo.atsautomation.com\/atsautomation\/it\/#\/schema\/logo\/image\/"}}]}},"acf":[],"jetpack_sharing_enabled":true,"_links":{"self":[{"href":"https:\/\/vipgo.atsautomation.com\/atsautomation\/it\/wp-json\/wp\/v2\/pages\/11656","targetHints":{"allow":["GET"]}}],"collection":[{"href":"https:\/\/vipgo.atsautomation.com\/atsautomation\/it\/wp-json\/wp\/v2\/pages"}],"about":[{"href":"https:\/\/vipgo.atsautomation.com\/atsautomation\/it\/wp-json\/wp\/v2\/types\/page"}],"author":[{"embeddable":true,"href":"https:\/\/vipgo.atsautomation.com\/atsautomation\/it\/wp-json\/wp\/v2\/users\/3"}],"replies":[{"embeddable":true,"href":"https:\/\/vipgo.atsautomation.com\/atsautomation\/it\/wp-json\/wp\/v2\/comments?post=11656"}],"version-history":[{"count":8,"href":"https:\/\/vipgo.atsautomation.com\/atsautomation\/it\/wp-json\/wp\/v2\/pages\/11656\/revisions"}],"predecessor-version":[{"id":36015,"href":"https:\/\/vipgo.atsautomation.com\/atsautomation\/it\/wp-json\/wp\/v2\/pages\/11656\/revisions\/36015"}],"up":[{"embeddable":true,"href":"https:\/\/vipgo.atsautomation.com\/atsautomation\/it\/wp-json\/wp\/v2\/pages\/20474"}],"wp:featuredmedia":[{"embeddable":true,"href":"https:\/\/vipgo.atsautomation.com\/atsautomation\/it\/wp-json\/wp\/v2\/media\/6841"}],"wp:attachment":[{"href":"https:\/\/vipgo.atsautomation.com\/atsautomation\/it\/wp-json\/wp\/v2\/media?parent=11656"}],"curies":[{"name":"wp","href":"https:\/\/api.w.org\/{rel}","templated":true}]}}