{"id":11658,"date":"2020-07-15T13:34:46","date_gmt":"2020-07-15T13:34:46","guid":{"rendered":"https:\/\/atsautomation.com\/requisiti-di-qualita-fornitori-ats\/"},"modified":"2020-08-19T14:27:24","modified_gmt":"2020-08-19T14:27:24","slug":"requisiti-di-qualita-fornitori-ats","status":"publish","type":"page","link":"https:\/\/vipgo.atsautomation.com\/atsautomation\/it\/gestione-della-qualit-dei-fornitori\/requisiti-di-qualita-fornitori-ats\/","title":{"rendered":"Requisiti di qualit\u00e0 fornitori ATS"},"content":{"rendered":"<div class=\"row col-md-3\">\n<div class=\"two\"><a href=\"https:\/\/atsautomation.com\/it\/existing-supplier-documentation\/\">Documentazione fornitori esistenti<\/a><\/div>\n<div class=\"two\"><a href=\"https:\/\/atsautomation.com\/it\/existing-supplier-feedback\/\">Feedback fornitori esistenti<\/a><\/div>\n<div class=\"two\"><a href=\"https:\/\/atsautomation.com\/it\/new-supplier-submission\/\">Candidatura nuovo fornitore<\/a><\/div>\n<div class=\"two\"><a href=\"https:\/\/atsautomation.com\/it\/ats-supplier-quality-requirements\/\">Requisiti di qualit\u00e0 fornitori ATS<\/a><\/div>\n<div class=\"two\"><a href=\"https:\/\/atsautomation.com\/it\/supplier-resource-library\/\">Biblioteca risorse fornitori<\/a><\/div>\n<div class=\"two\"><a href=\"https:\/\/atsautomation.com\/it\/global-supplier-quality-manual\/\">Manuale qualit\u00e0 fornitori globali<\/a><\/div>\n<div class=\"two\"><a href=\"https:\/\/atsautomation.com\/it\/supplier-deviation-waiver-process\/\">Processo variazioni e rinunce del fornitore<\/a><\/div>\n<div class=\"two\"><a href=\"https:\/\/atsautomation.com\/it\/supplier-quality-news\/\">Notizie sulla qualit\u00e0 dei fornitori<\/a><\/div>\n<div class=\"two\"><a href=\"https:\/\/atsautomation.com\/it\/supplier-code-of-ethics\/\">Codice etico fornitori<\/a><\/div>\n<\/div>\n<div class=\"row col-md-9\">\n<h2>ATS si aspetta che i fornitori soddisfino tutte le specifiche tecniche e che migliorino continuamente i loro prodotti e servizi attraverso l&apos;ottimizzazione delle prestazioni dei processi e la riduzione delle variazioni nei processi.<\/h2>\n<p class=\"CM50\"><em>La qualit\u00e0 \u00e8 definita come prodotti e servizi in grado di soddisfare le aspettative del cliente a un costo che ne rappresenti il valore.<\/em><\/p>\n<p class=\"CM50\">Sebbene varie funzioni ATS aiuteranno il fornitore a migliorare la qualit\u00e0,\u00a0<em>la responsabilit\u00e0 in ultima analisi ricade sul fornitore<\/em>.<\/p>\n<h5 class=\"CM50\">La valutazione totale \u00e8 composta dal 40% dalle consegne e dal 60% dalla qualit\u00e0.<\/h5>\n<h4>CONSEGNA NEI TEMPI PREVISTI (40% DELLA VALUTAZIONE TOTALE)<\/h4>\n<p class=\"CM9\">Il fornitore si impegna a raggiungere l&apos;obiettivo di una consegna puntuale al 100%. La data di consegna \u00e8 definita nell&apos;ordine di acquisto o nell&apos;ordine di acquisto generale e viene confrontata con la data di ricezione presso ATS.<\/p>\n<h4>QUALIT\u00c0 (60% DELLA VALUTAZIONE TOTALE)<\/h4>\n<h5 class=\"CM9\">Conformit\u00e0 amministrativa e documentale &#8211; 20%<\/h5>\n<p class=\"CM9\">La valutazione include certificazioni mancanti, date mancanti, errori nella documentazione, numeri di pezzo non corretti, revisioni ed etichettatura, trasporti premium eccessivi\/non autorizzati e metodi di spedizione non corretti.<\/p>\n<h5 class=\"CM9\">PPM &#8211; parti per milione &#8211; 20%<\/h5>\n<p class=\"CM50\">Il fornitore si impegna a raggiungere l&apos;obiettivo di zero difetti presso gli impianti ATS. I prodotti difettosi ricevuti da ATS saranno monitorati secondo l&apos;unit\u00e0 di misura in parti per milione (PPM).<\/p>\n<h5 class=\"CM9\">Tempo di risposta Supplier Corrective Action Request (richiesta di azione correttiva da parte del fornitore, SCAR) &#8211; 15%<\/h5>\n<p class=\"CM50\">I tempi di risposta delle azioni correttive sono: Contenimento = 24 ore e 10 giorni civili per il completamento totale. Tutte le azioni correttive non accettate saranno considerate risposte tardive.<\/p>\n<h5 class=\"CM50\">Certificazione dello standard di qualit\u00e0 &#8211; 5%<\/h5>\n<p class=\"CM50\">ATS richiede l&apos;ultimo certificato di registrazione di terzi in archivio presso ATS (AS9100, ISO, TS, ecc.).<\/p>\n<p>Su base trimestrale, ai fornitori globali selezionati sar\u00e0 assegnato un punteggio secondo i criteri di cui sopra. Se il punteggio di un fornitore globale scende al di sotto del 73%, \u00e8 responsabilit\u00e0 del fornitore intervenire presentando piani di recupero.\n<\/p><\/div>\n","protected":false},"excerpt":{"rendered":"<p>Documentazione fornitori esistenti Feedback fornitori esistenti Candidatura nuovo fornitore Requisiti di qualit\u00e0 fornitori ATS Biblioteca risorse fornitori Manuale qualit\u00e0 fornitori globali Processo variazioni e rinunce del fornitore Notizie sulla qualit\u00e0 dei fornitori Codice etico fornitori ATS si aspetta che i fornitori soddisfino tutte le specifiche tecniche e che migliorino continuamente i loro prodotti e servizi attraverso l&apos;ottimizzazione delle prestazioni dei&#8230;<\/p>\n<div class=\"post-button\"><a href=\"https:\/\/vipgo.atsautomation.com\/atsautomation\/it\/gestione-della-qualit-dei-fornitori\/requisiti-di-qualita-fornitori-ats\/\">Read More<\/a><\/div>\n","protected":false},"author":3,"featured_media":6841,"parent":20474,"menu_order":0,"comment_status":"closed","ping_status":"closed","template":"","meta":{"_acf_changed":false,"footnotes":""},"class_list":["post-11658","page","type-page","status-publish","has-post-thumbnail","hentry"],"yoast_head":"<!-- This site is optimized with the Yoast SEO Premium plugin v26.8 (Yoast SEO v26.8) - https:\/\/yoast.com\/product\/yoast-seo-premium-wordpress\/ -->\n<title>Supplier Requirements | Engineering Specifications | ATS Automation<\/title>\n<meta name=\"description\" content=\"We expect our suppliers to meet engineering specifications &amp; improve their products &amp; services through performance optimization &amp; reduced process variation.\" \/>\n<meta name=\"robots\" content=\"index, follow, max-snippet:-1, max-image-preview:large, max-video-preview:-1\" \/>\n<link rel=\"canonical\" href=\"https:\/\/vipgo.atsautomation.com\/atsautomation\/it\/gestione-della-qualit-dei-fornitori\/requisiti-di-qualita-fornitori-ats\/\" \/>\n<meta property=\"og:locale\" content=\"it_IT\" \/>\n<meta property=\"og:type\" content=\"article\" \/>\n<meta property=\"og:title\" content=\"Requisiti di qualit\u00e0 fornitori ATS\" \/>\n<meta property=\"og:description\" content=\"We expect our suppliers to meet engineering specifications &amp; improve their products &amp; services through performance optimization &amp; reduced process variation.\" \/>\n<meta property=\"og:url\" content=\"https:\/\/vipgo.atsautomation.com\/atsautomation\/it\/gestione-della-qualit-dei-fornitori\/requisiti-di-qualita-fornitori-ats\/\" \/>\n<meta property=\"og:site_name\" content=\"ATS Corporation\" \/>\n<meta property=\"article:modified_time\" content=\"2020-08-19T14:27:24+00:00\" \/>\n<meta property=\"og:image\" content=\"https:\/\/vipgo.atsautomation.com\/atsautomation\/wp-content\/uploads\/sites\/9\/2020\/05\/background-.jpg\" \/>\n\t<meta property=\"og:image:width\" content=\"1900\" \/>\n\t<meta property=\"og:image:height\" content=\"450\" \/>\n\t<meta property=\"og:image:type\" content=\"image\/jpeg\" \/>\n<meta name=\"twitter:card\" content=\"summary_large_image\" \/>\n<meta name=\"twitter:label1\" content=\"Tempo di lettura stimato\" \/>\n\t<meta name=\"twitter:data1\" content=\"2 minuti\" \/>\n<script type=\"application\/ld+json\" class=\"yoast-schema-graph\">{\"@context\":\"https:\/\/schema.org\",\"@graph\":[{\"@type\":\"WebPage\",\"@id\":\"https:\/\/vipgo.atsautomation.com\/atsautomation\/it\/gestione-della-qualit-dei-fornitori\/requisiti-di-qualita-fornitori-ats\/\",\"url\":\"https:\/\/vipgo.atsautomation.com\/atsautomation\/it\/gestione-della-qualit-dei-fornitori\/requisiti-di-qualita-fornitori-ats\/\",\"name\":\"Supplier Requirements | Engineering Specifications | ATS Automation\",\"isPartOf\":{\"@id\":\"https:\/\/vipgo.atsautomation.com\/atsautomation\/it\/#website\"},\"primaryImageOfPage\":{\"@id\":\"https:\/\/vipgo.atsautomation.com\/atsautomation\/it\/gestione-della-qualit-dei-fornitori\/requisiti-di-qualita-fornitori-ats\/#primaryimage\"},\"image\":{\"@id\":\"https:\/\/vipgo.atsautomation.com\/atsautomation\/it\/gestione-della-qualit-dei-fornitori\/requisiti-di-qualita-fornitori-ats\/#primaryimage\"},\"thumbnailUrl\":\"https:\/\/vipgo.atsautomation.com\/atsautomation\/wp-content\/uploads\/sites\/9\/2020\/05\/background-.jpg\",\"datePublished\":\"2020-07-15T13:34:46+00:00\",\"dateModified\":\"2020-08-19T14:27:24+00:00\",\"description\":\"We expect our suppliers to meet engineering specifications & improve their products & services through performance optimization & reduced process variation.\",\"breadcrumb\":{\"@id\":\"https:\/\/vipgo.atsautomation.com\/atsautomation\/it\/gestione-della-qualit-dei-fornitori\/requisiti-di-qualita-fornitori-ats\/#breadcrumb\"},\"inLanguage\":\"it-IT\",\"potentialAction\":[{\"@type\":\"ReadAction\",\"target\":[\"https:\/\/vipgo.atsautomation.com\/atsautomation\/it\/gestione-della-qualit-dei-fornitori\/requisiti-di-qualita-fornitori-ats\/\"]}]},{\"@type\":\"ImageObject\",\"inLanguage\":\"it-IT\",\"@id\":\"https:\/\/vipgo.atsautomation.com\/atsautomation\/it\/gestione-della-qualit-dei-fornitori\/requisiti-di-qualita-fornitori-ats\/#primaryimage\",\"url\":\"https:\/\/vipgo.atsautomation.com\/atsautomation\/wp-content\/uploads\/sites\/9\/2020\/05\/background-.jpg\",\"contentUrl\":\"https:\/\/vipgo.atsautomation.com\/atsautomation\/wp-content\/uploads\/sites\/9\/2020\/05\/background-.jpg\",\"width\":1900,\"height\":450},{\"@type\":\"BreadcrumbList\",\"@id\":\"https:\/\/vipgo.atsautomation.com\/atsautomation\/it\/gestione-della-qualit-dei-fornitori\/requisiti-di-qualita-fornitori-ats\/#breadcrumb\",\"itemListElement\":[{\"@type\":\"ListItem\",\"position\":1,\"name\":\"Home\",\"item\":\"https:\/\/vipgo.atsautomation.com\/atsautomation\/it\/\"},{\"@type\":\"ListItem\",\"position\":2,\"name\":\"Gestione della qualit\u00e0 dei fornitori\",\"item\":\"https:\/\/vipgo.atsautomation.com\/atsautomation\/it\/supplier-quality-management\/\"},{\"@type\":\"ListItem\",\"position\":3,\"name\":\"Requisiti di qualit\u00e0 fornitori ATS\"}]},{\"@type\":\"WebSite\",\"@id\":\"https:\/\/vipgo.atsautomation.com\/atsautomation\/it\/#website\",\"url\":\"https:\/\/vipgo.atsautomation.com\/atsautomation\/it\/\",\"name\":\"ATS Corporation\",\"description\":\"Just another vipgo.atsautomation.com site\",\"publisher\":{\"@id\":\"https:\/\/vipgo.atsautomation.com\/atsautomation\/it\/#organization\"},\"potentialAction\":[{\"@type\":\"SearchAction\",\"target\":{\"@type\":\"EntryPoint\",\"urlTemplate\":\"https:\/\/vipgo.atsautomation.com\/atsautomation\/it\/?s={search_term_string}\"},\"query-input\":{\"@type\":\"PropertyValueSpecification\",\"valueRequired\":true,\"valueName\":\"search_term_string\"}}],\"inLanguage\":\"it-IT\"},{\"@type\":\"Organization\",\"@id\":\"https:\/\/vipgo.atsautomation.com\/atsautomation\/it\/#organization\",\"name\":\"ATS Corporation\",\"url\":\"https:\/\/vipgo.atsautomation.com\/atsautomation\/it\/\",\"logo\":{\"@type\":\"ImageObject\",\"inLanguage\":\"it-IT\",\"@id\":\"https:\/\/vipgo.atsautomation.com\/atsautomation\/it\/#\/schema\/logo\/image\/\",\"url\":\"https:\/\/atsautomation.com\/wp-content\/uploads\/sites\/9\/2022\/11\/ATS-logo-colour-RGB_TM.png\",\"contentUrl\":\"https:\/\/atsautomation.com\/wp-content\/uploads\/sites\/9\/2022\/11\/ATS-logo-colour-RGB_TM.png\",\"width\":1880,\"height\":371,\"caption\":\"ATS Corporation\"},\"image\":{\"@id\":\"https:\/\/vipgo.atsautomation.com\/atsautomation\/it\/#\/schema\/logo\/image\/\"}}]}<\/script>\n<!-- \/ Yoast SEO Premium plugin. -->","yoast_head_json":{"title":"Supplier Requirements | Engineering Specifications | ATS Automation","description":"We expect our suppliers to meet engineering specifications & improve their products & services through performance optimization & reduced process variation.","robots":{"index":"index","follow":"follow","max-snippet":"max-snippet:-1","max-image-preview":"max-image-preview:large","max-video-preview":"max-video-preview:-1"},"canonical":"https:\/\/vipgo.atsautomation.com\/atsautomation\/it\/gestione-della-qualit-dei-fornitori\/requisiti-di-qualita-fornitori-ats\/","og_locale":"it_IT","og_type":"article","og_title":"Requisiti di qualit\u00e0 fornitori ATS","og_description":"We expect our suppliers to meet engineering specifications & improve their products & services through performance optimization & reduced process variation.","og_url":"https:\/\/vipgo.atsautomation.com\/atsautomation\/it\/gestione-della-qualit-dei-fornitori\/requisiti-di-qualita-fornitori-ats\/","og_site_name":"ATS Corporation","article_modified_time":"2020-08-19T14:27:24+00:00","og_image":[{"width":1900,"height":450,"url":"https:\/\/vipgo.atsautomation.com\/atsautomation\/wp-content\/uploads\/sites\/9\/2020\/05\/background-.jpg","type":"image\/jpeg"}],"twitter_card":"summary_large_image","twitter_misc":{"Tempo di lettura stimato":"2 minuti"},"schema":{"@context":"https:\/\/schema.org","@graph":[{"@type":"WebPage","@id":"https:\/\/vipgo.atsautomation.com\/atsautomation\/it\/gestione-della-qualit-dei-fornitori\/requisiti-di-qualita-fornitori-ats\/","url":"https:\/\/vipgo.atsautomation.com\/atsautomation\/it\/gestione-della-qualit-dei-fornitori\/requisiti-di-qualita-fornitori-ats\/","name":"Supplier Requirements | Engineering Specifications | ATS Automation","isPartOf":{"@id":"https:\/\/vipgo.atsautomation.com\/atsautomation\/it\/#website"},"primaryImageOfPage":{"@id":"https:\/\/vipgo.atsautomation.com\/atsautomation\/it\/gestione-della-qualit-dei-fornitori\/requisiti-di-qualita-fornitori-ats\/#primaryimage"},"image":{"@id":"https:\/\/vipgo.atsautomation.com\/atsautomation\/it\/gestione-della-qualit-dei-fornitori\/requisiti-di-qualita-fornitori-ats\/#primaryimage"},"thumbnailUrl":"https:\/\/vipgo.atsautomation.com\/atsautomation\/wp-content\/uploads\/sites\/9\/2020\/05\/background-.jpg","datePublished":"2020-07-15T13:34:46+00:00","dateModified":"2020-08-19T14:27:24+00:00","description":"We expect our suppliers to meet engineering specifications & improve their products & services through performance optimization & reduced process variation.","breadcrumb":{"@id":"https:\/\/vipgo.atsautomation.com\/atsautomation\/it\/gestione-della-qualit-dei-fornitori\/requisiti-di-qualita-fornitori-ats\/#breadcrumb"},"inLanguage":"it-IT","potentialAction":[{"@type":"ReadAction","target":["https:\/\/vipgo.atsautomation.com\/atsautomation\/it\/gestione-della-qualit-dei-fornitori\/requisiti-di-qualita-fornitori-ats\/"]}]},{"@type":"ImageObject","inLanguage":"it-IT","@id":"https:\/\/vipgo.atsautomation.com\/atsautomation\/it\/gestione-della-qualit-dei-fornitori\/requisiti-di-qualita-fornitori-ats\/#primaryimage","url":"https:\/\/vipgo.atsautomation.com\/atsautomation\/wp-content\/uploads\/sites\/9\/2020\/05\/background-.jpg","contentUrl":"https:\/\/vipgo.atsautomation.com\/atsautomation\/wp-content\/uploads\/sites\/9\/2020\/05\/background-.jpg","width":1900,"height":450},{"@type":"BreadcrumbList","@id":"https:\/\/vipgo.atsautomation.com\/atsautomation\/it\/gestione-della-qualit-dei-fornitori\/requisiti-di-qualita-fornitori-ats\/#breadcrumb","itemListElement":[{"@type":"ListItem","position":1,"name":"Home","item":"https:\/\/vipgo.atsautomation.com\/atsautomation\/it\/"},{"@type":"ListItem","position":2,"name":"Gestione della qualit\u00e0 dei fornitori","item":"https:\/\/vipgo.atsautomation.com\/atsautomation\/it\/supplier-quality-management\/"},{"@type":"ListItem","position":3,"name":"Requisiti di qualit\u00e0 fornitori ATS"}]},{"@type":"WebSite","@id":"https:\/\/vipgo.atsautomation.com\/atsautomation\/it\/#website","url":"https:\/\/vipgo.atsautomation.com\/atsautomation\/it\/","name":"ATS Corporation","description":"Just another vipgo.atsautomation.com site","publisher":{"@id":"https:\/\/vipgo.atsautomation.com\/atsautomation\/it\/#organization"},"potentialAction":[{"@type":"SearchAction","target":{"@type":"EntryPoint","urlTemplate":"https:\/\/vipgo.atsautomation.com\/atsautomation\/it\/?s={search_term_string}"},"query-input":{"@type":"PropertyValueSpecification","valueRequired":true,"valueName":"search_term_string"}}],"inLanguage":"it-IT"},{"@type":"Organization","@id":"https:\/\/vipgo.atsautomation.com\/atsautomation\/it\/#organization","name":"ATS Corporation","url":"https:\/\/vipgo.atsautomation.com\/atsautomation\/it\/","logo":{"@type":"ImageObject","inLanguage":"it-IT","@id":"https:\/\/vipgo.atsautomation.com\/atsautomation\/it\/#\/schema\/logo\/image\/","url":"https:\/\/atsautomation.com\/wp-content\/uploads\/sites\/9\/2022\/11\/ATS-logo-colour-RGB_TM.png","contentUrl":"https:\/\/atsautomation.com\/wp-content\/uploads\/sites\/9\/2022\/11\/ATS-logo-colour-RGB_TM.png","width":1880,"height":371,"caption":"ATS Corporation"},"image":{"@id":"https:\/\/vipgo.atsautomation.com\/atsautomation\/it\/#\/schema\/logo\/image\/"}}]}},"acf":[],"jetpack_sharing_enabled":true,"_links":{"self":[{"href":"https:\/\/vipgo.atsautomation.com\/atsautomation\/it\/wp-json\/wp\/v2\/pages\/11658","targetHints":{"allow":["GET"]}}],"collection":[{"href":"https:\/\/vipgo.atsautomation.com\/atsautomation\/it\/wp-json\/wp\/v2\/pages"}],"about":[{"href":"https:\/\/vipgo.atsautomation.com\/atsautomation\/it\/wp-json\/wp\/v2\/types\/page"}],"author":[{"embeddable":true,"href":"https:\/\/vipgo.atsautomation.com\/atsautomation\/it\/wp-json\/wp\/v2\/users\/3"}],"replies":[{"embeddable":true,"href":"https:\/\/vipgo.atsautomation.com\/atsautomation\/it\/wp-json\/wp\/v2\/comments?post=11658"}],"version-history":[{"count":3,"href":"https:\/\/vipgo.atsautomation.com\/atsautomation\/it\/wp-json\/wp\/v2\/pages\/11658\/revisions"}],"predecessor-version":[{"id":23558,"href":"https:\/\/vipgo.atsautomation.com\/atsautomation\/it\/wp-json\/wp\/v2\/pages\/11658\/revisions\/23558"}],"up":[{"embeddable":true,"href":"https:\/\/vipgo.atsautomation.com\/atsautomation\/it\/wp-json\/wp\/v2\/pages\/20474"}],"wp:featuredmedia":[{"embeddable":true,"href":"https:\/\/vipgo.atsautomation.com\/atsautomation\/it\/wp-json\/wp\/v2\/media\/6841"}],"wp:attachment":[{"href":"https:\/\/vipgo.atsautomation.com\/atsautomation\/it\/wp-json\/wp\/v2\/media?parent=11658"}],"curies":[{"name":"wp","href":"https:\/\/api.w.org\/{rel}","templated":true}]}}