{"id":20474,"date":"2020-07-23T12:25:06","date_gmt":"2020-07-23T12:25:06","guid":{"rendered":"https:\/\/atsautomation.com\/gestione-della-qualit-dei-fornitori\/"},"modified":"2020-08-19T14:28:57","modified_gmt":"2020-08-19T14:28:57","slug":"gestione-della-qualit-dei-fornitori","status":"publish","type":"page","link":"https:\/\/vipgo.atsautomation.com\/atsautomation\/it\/gestione-della-qualit-dei-fornitori\/","title":{"rendered":"Gestione della qualit\u00e0 dei fornitori"},"content":{"rendered":"<div class=\"row col-md-3\">\n<div class=\"two\"><a href=\"https:\/\/atsautomation.com\/it\/existing-supplier-documentation\/\">Documentazione fornitori esistenti<\/a><\/div>\n<div class=\"two\"><a href=\"https:\/\/atsautomation.com\/it\/existing-supplier-feedback\/\">Feedback fornitori esistenti<\/a><\/div>\n<div class=\"two\"><a href=\"https:\/\/atsautomation.com\/it\/new-supplier-submission\/\">Candidatura nuovo fornitore<\/a><\/div>\n<div class=\"two\"><a href=\"https:\/\/atsautomation.com\/it\/ats-supplier-quality-requirements\/\">Requisiti di qualit\u00e0 fornitori ATS<\/a><\/div>\n<div class=\"two\"><a href=\"https:\/\/atsautomation.com\/it\/supplier-resource-library\/\">Biblioteca risorse fornitori<\/a><\/div>\n<div class=\"two\"><a href=\"https:\/\/atsautomation.com\/it\/global-supplier-quality-manual\/\">Manuale qualit\u00e0 fornitori globali<\/a><\/div>\n<div class=\"two\"><a href=\"https:\/\/atsautomation.com\/it\/supplier-deviation-waiver-process\/\">Processo variazioni e rinunce del fornitore<\/a><\/div>\n<div class=\"two\"><a href=\"https:\/\/atsautomation.com\/it\/supplier-quality-news\/\">Notizie sulla qualit\u00e0 dei fornitori<\/a><\/div>\n<div class=\"two\"><a href=\"https:\/\/atsautomation.com\/it\/supplier-code-of-ethics\/\">Codice etico fornitori<\/a><\/div>\n<\/div>\n<div class=\"row col-md-9\">\n<h2>La nostra infrastruttura per la qualit\u00e0 dei fornitori globali sincronizza le aspettative di qualit\u00e0 e di consegna in tutta l&#8217;organizzazione. Un approccio basato sul rischio \u00e8 uno dei nostri punti di forza per la gestione dei fornitori globali in tutto il mondo.<\/h2>\n<h3>PARTNERSHIP<\/h3>\n<p>Tra i nostri valori fondamentali figura la costruzione di partnership con fornitori strategici. Questo processo inizia con la condivisione delle informazioni, la fiducia e il riconoscimento continuo, in modo che la collaborazione possa produrre risultati superiori.<\/p>\n<h3>COLLABORAZIONE CON FORNITORI CHIAVE<\/h3>\n<p class=\"CM50\">ATS si aspetta che i fornitori soddisfino tutte le specifiche tecniche e che migliorino continuamente i prodotti e servizi attraverso l&#8217;ottimizzazione delle prestazioni dei processi e la riduzione delle variazioni nei processi<\/p>\n<p>&nbsp;<\/p>\n<p><strong>La qualit\u00e0 \u00e8 definita come prodotti e servizi in grado di soddisfare le aspettative del cliente a un costo che ne rappresenti il valore.<\/strong><\/p>\n<p class=\"CM50\">Sebbene varie funzioni ATS aiuteranno il fornitore a migliorare la qualit\u00e0,\u00a0la responsabilit\u00e0 in ultima analisi ricade sul fornitore.<\/p>\n<h3>APPROCCIO PER LA GESTIONE DEL RISCHIO<\/h3>\n<p>ATS utilizza un approccio globale formale per classificare i fornitori in base al livello di rischio fondandosi su criteri chiave quali l&#8217;affidabilit\u00e0 del settore, la stabilit\u00e0 finanziaria, la fornitura di componenti critici, le capacit\u00e0 principali del fornitore, le prestazioni del fornitore e la posizione nel settore.<\/p>\n<h3>CICLO DI GESTIONE DEI FORNITORI<\/h3>\n<p><img loading=\"lazy\" decoding=\"async\" src=\"https:\/\/atsautomation.com\/wp-content\/uploads\/sites\/9\/2020\/06\/2_14_001-SupplierManagementCycle.jpg\" alt=\"il ciclo di gestione dei fornitori comprende la valutazione, la selezione e il monitoraggio\" width=\"455\" height=\"368\" \/><\/p>\n<h3>APPROVAZIONE DI NUOVI FORNITORI<\/h3>\n<p>Volete diventare partner di ATS?<\/p>\n<p>Inviate la documentazione richiesta seguendo le istruzioni riportate nei Requisiti per la candidatura di nuovi fornitori. Apprezziamo il vostro interesse a diventare fornitori di ATS. Tuttavia, solo i fornitori che soddisfano i requisiti di ATS saranno contattati per essere presi in considerazione.<\/p>\n<p><a href=\"https:\/\/atsautomation.com\/it\/new-supplier-submission\/\">Requisiti per la candidatura di nuovi fornitori<\/a><\/p>\n<p><a href=\"https:\/\/atsautomation.com\/it\/supplier-resource-library\/\">Biblioteca risorse fornitori esistenti<\/a><\/p>\n<\/div>\n","protected":false},"excerpt":{"rendered":"<p>Documentazione fornitori esistenti Feedback fornitori esistenti Candidatura nuovo fornitore Requisiti di qualit\u00e0 fornitori ATS Biblioteca risorse fornitori Manuale qualit\u00e0 fornitori globali Processo variazioni e rinunce del fornitore Notizie sulla qualit\u00e0 dei fornitori Codice etico fornitori La nostra infrastruttura per la qualit\u00e0 dei fornitori globali sincronizza le aspettative di qualit\u00e0 e di consegna in tutta l&#8217;organizzazione. Un approccio basato sul rischio&#8230;<\/p>\n<div class=\"post-button\"><a href=\"https:\/\/vipgo.atsautomation.com\/atsautomation\/it\/gestione-della-qualit-dei-fornitori\/\">Read More<\/a><\/div>\n","protected":false},"author":3,"featured_media":6667,"parent":0,"menu_order":0,"comment_status":"closed","ping_status":"closed","template":"","meta":{"_acf_changed":false,"footnotes":""},"class_list":["post-20474","page","type-page","status-publish","has-post-thumbnail","hentry"],"yoast_head":"<!-- This site is optimized with the Yoast SEO Premium plugin v26.8 (Yoast SEO v26.8) - https:\/\/yoast.com\/product\/yoast-seo-premium-wordpress\/ -->\n<title>Global Supplier Quality Management | ATS Automation<\/title>\n<meta name=\"description\" content=\"ATS Automation partners with strategic suppliers. Our Global Supplier Quality infrastructure synchronizes our organization&#039;s quality &amp; delivery expectations\" \/>\n<meta name=\"robots\" content=\"index, follow, max-snippet:-1, max-image-preview:large, max-video-preview:-1\" \/>\n<link rel=\"canonical\" href=\"https:\/\/vipgo.atsautomation.com\/atsautomation\/it\/gestione-della-qualit-dei-fornitori\/\" \/>\n<meta property=\"og:locale\" content=\"it_IT\" \/>\n<meta property=\"og:type\" content=\"article\" \/>\n<meta property=\"og:title\" content=\"Gestione della qualit\u00e0 dei fornitori\" \/>\n<meta property=\"og:description\" content=\"ATS Automation partners with strategic suppliers. Our Global Supplier Quality infrastructure synchronizes our organization&#039;s quality &amp; delivery expectations\" \/>\n<meta property=\"og:url\" content=\"https:\/\/vipgo.atsautomation.com\/atsautomation\/it\/gestione-della-qualit-dei-fornitori\/\" \/>\n<meta property=\"og:site_name\" content=\"ATS Corporation\" \/>\n<meta property=\"article:modified_time\" content=\"2020-08-19T14:28:57+00:00\" \/>\n<meta property=\"og:image\" content=\"https:\/\/vipgo.atsautomation.com\/atsautomation\/wp-content\/uploads\/sites\/9\/2020\/05\/ATS-LifeSciences-banner_1500x500.jpg\" \/>\n\t<meta property=\"og:image:width\" content=\"1500\" \/>\n\t<meta property=\"og:image:height\" content=\"500\" \/>\n\t<meta property=\"og:image:type\" content=\"image\/jpeg\" \/>\n<meta name=\"twitter:card\" content=\"summary_large_image\" \/>\n<meta name=\"twitter:label1\" content=\"Tempo di lettura stimato\" \/>\n\t<meta name=\"twitter:data1\" content=\"2 minuti\" \/>\n<script type=\"application\/ld+json\" class=\"yoast-schema-graph\">{\"@context\":\"https:\/\/schema.org\",\"@graph\":[{\"@type\":\"WebPage\",\"@id\":\"https:\/\/vipgo.atsautomation.com\/atsautomation\/it\/gestione-della-qualit-dei-fornitori\/\",\"url\":\"https:\/\/vipgo.atsautomation.com\/atsautomation\/it\/gestione-della-qualit-dei-fornitori\/\",\"name\":\"Global Supplier Quality Management | ATS Automation\",\"isPartOf\":{\"@id\":\"https:\/\/vipgo.atsautomation.com\/atsautomation\/it\/#website\"},\"primaryImageOfPage\":{\"@id\":\"https:\/\/vipgo.atsautomation.com\/atsautomation\/it\/gestione-della-qualit-dei-fornitori\/#primaryimage\"},\"image\":{\"@id\":\"https:\/\/vipgo.atsautomation.com\/atsautomation\/it\/gestione-della-qualit-dei-fornitori\/#primaryimage\"},\"thumbnailUrl\":\"https:\/\/vipgo.atsautomation.com\/atsautomation\/wp-content\/uploads\/sites\/9\/2020\/05\/ATS-LifeSciences-banner_1500x500.jpg\",\"datePublished\":\"2020-07-23T12:25:06+00:00\",\"dateModified\":\"2020-08-19T14:28:57+00:00\",\"description\":\"ATS Automation partners with strategic suppliers. Our Global Supplier Quality infrastructure synchronizes our organization's quality & delivery expectations\",\"breadcrumb\":{\"@id\":\"https:\/\/vipgo.atsautomation.com\/atsautomation\/it\/gestione-della-qualit-dei-fornitori\/#breadcrumb\"},\"inLanguage\":\"it-IT\",\"potentialAction\":[{\"@type\":\"ReadAction\",\"target\":[\"https:\/\/vipgo.atsautomation.com\/atsautomation\/it\/gestione-della-qualit-dei-fornitori\/\"]}]},{\"@type\":\"ImageObject\",\"inLanguage\":\"it-IT\",\"@id\":\"https:\/\/vipgo.atsautomation.com\/atsautomation\/it\/gestione-della-qualit-dei-fornitori\/#primaryimage\",\"url\":\"https:\/\/vipgo.atsautomation.com\/atsautomation\/wp-content\/uploads\/sites\/9\/2020\/05\/ATS-LifeSciences-banner_1500x500.jpg\",\"contentUrl\":\"https:\/\/vipgo.atsautomation.com\/atsautomation\/wp-content\/uploads\/sites\/9\/2020\/05\/ATS-LifeSciences-banner_1500x500.jpg\",\"width\":1500,\"height\":500},{\"@type\":\"BreadcrumbList\",\"@id\":\"https:\/\/vipgo.atsautomation.com\/atsautomation\/it\/gestione-della-qualit-dei-fornitori\/#breadcrumb\",\"itemListElement\":[{\"@type\":\"ListItem\",\"position\":1,\"name\":\"Home\",\"item\":\"https:\/\/vipgo.atsautomation.com\/atsautomation\/it\/\"},{\"@type\":\"ListItem\",\"position\":2,\"name\":\"Gestione della qualit\u00e0 dei fornitori\"}]},{\"@type\":\"WebSite\",\"@id\":\"https:\/\/vipgo.atsautomation.com\/atsautomation\/it\/#website\",\"url\":\"https:\/\/vipgo.atsautomation.com\/atsautomation\/it\/\",\"name\":\"ATS Corporation\",\"description\":\"Just another vipgo.atsautomation.com site\",\"publisher\":{\"@id\":\"https:\/\/vipgo.atsautomation.com\/atsautomation\/it\/#organization\"},\"potentialAction\":[{\"@type\":\"SearchAction\",\"target\":{\"@type\":\"EntryPoint\",\"urlTemplate\":\"https:\/\/vipgo.atsautomation.com\/atsautomation\/it\/?s={search_term_string}\"},\"query-input\":{\"@type\":\"PropertyValueSpecification\",\"valueRequired\":true,\"valueName\":\"search_term_string\"}}],\"inLanguage\":\"it-IT\"},{\"@type\":\"Organization\",\"@id\":\"https:\/\/vipgo.atsautomation.com\/atsautomation\/it\/#organization\",\"name\":\"ATS Corporation\",\"url\":\"https:\/\/vipgo.atsautomation.com\/atsautomation\/it\/\",\"logo\":{\"@type\":\"ImageObject\",\"inLanguage\":\"it-IT\",\"@id\":\"https:\/\/vipgo.atsautomation.com\/atsautomation\/it\/#\/schema\/logo\/image\/\",\"url\":\"https:\/\/atsautomation.com\/wp-content\/uploads\/sites\/9\/2022\/11\/ATS-logo-colour-RGB_TM.png\",\"contentUrl\":\"https:\/\/atsautomation.com\/wp-content\/uploads\/sites\/9\/2022\/11\/ATS-logo-colour-RGB_TM.png\",\"width\":1880,\"height\":371,\"caption\":\"ATS Corporation\"},\"image\":{\"@id\":\"https:\/\/vipgo.atsautomation.com\/atsautomation\/it\/#\/schema\/logo\/image\/\"}}]}<\/script>\n<!-- \/ Yoast SEO Premium plugin. -->","yoast_head_json":{"title":"Global Supplier Quality Management | ATS Automation","description":"ATS Automation partners with strategic suppliers. Our Global Supplier Quality infrastructure synchronizes our organization's quality & delivery expectations","robots":{"index":"index","follow":"follow","max-snippet":"max-snippet:-1","max-image-preview":"max-image-preview:large","max-video-preview":"max-video-preview:-1"},"canonical":"https:\/\/vipgo.atsautomation.com\/atsautomation\/it\/gestione-della-qualit-dei-fornitori\/","og_locale":"it_IT","og_type":"article","og_title":"Gestione della qualit\u00e0 dei fornitori","og_description":"ATS Automation partners with strategic suppliers. Our Global Supplier Quality infrastructure synchronizes our organization's quality & delivery expectations","og_url":"https:\/\/vipgo.atsautomation.com\/atsautomation\/it\/gestione-della-qualit-dei-fornitori\/","og_site_name":"ATS Corporation","article_modified_time":"2020-08-19T14:28:57+00:00","og_image":[{"width":1500,"height":500,"url":"https:\/\/vipgo.atsautomation.com\/atsautomation\/wp-content\/uploads\/sites\/9\/2020\/05\/ATS-LifeSciences-banner_1500x500.jpg","type":"image\/jpeg"}],"twitter_card":"summary_large_image","twitter_misc":{"Tempo di lettura stimato":"2 minuti"},"schema":{"@context":"https:\/\/schema.org","@graph":[{"@type":"WebPage","@id":"https:\/\/vipgo.atsautomation.com\/atsautomation\/it\/gestione-della-qualit-dei-fornitori\/","url":"https:\/\/vipgo.atsautomation.com\/atsautomation\/it\/gestione-della-qualit-dei-fornitori\/","name":"Global Supplier Quality Management | ATS Automation","isPartOf":{"@id":"https:\/\/vipgo.atsautomation.com\/atsautomation\/it\/#website"},"primaryImageOfPage":{"@id":"https:\/\/vipgo.atsautomation.com\/atsautomation\/it\/gestione-della-qualit-dei-fornitori\/#primaryimage"},"image":{"@id":"https:\/\/vipgo.atsautomation.com\/atsautomation\/it\/gestione-della-qualit-dei-fornitori\/#primaryimage"},"thumbnailUrl":"https:\/\/vipgo.atsautomation.com\/atsautomation\/wp-content\/uploads\/sites\/9\/2020\/05\/ATS-LifeSciences-banner_1500x500.jpg","datePublished":"2020-07-23T12:25:06+00:00","dateModified":"2020-08-19T14:28:57+00:00","description":"ATS Automation partners with strategic suppliers. Our Global Supplier Quality infrastructure synchronizes our organization's quality & delivery expectations","breadcrumb":{"@id":"https:\/\/vipgo.atsautomation.com\/atsautomation\/it\/gestione-della-qualit-dei-fornitori\/#breadcrumb"},"inLanguage":"it-IT","potentialAction":[{"@type":"ReadAction","target":["https:\/\/vipgo.atsautomation.com\/atsautomation\/it\/gestione-della-qualit-dei-fornitori\/"]}]},{"@type":"ImageObject","inLanguage":"it-IT","@id":"https:\/\/vipgo.atsautomation.com\/atsautomation\/it\/gestione-della-qualit-dei-fornitori\/#primaryimage","url":"https:\/\/vipgo.atsautomation.com\/atsautomation\/wp-content\/uploads\/sites\/9\/2020\/05\/ATS-LifeSciences-banner_1500x500.jpg","contentUrl":"https:\/\/vipgo.atsautomation.com\/atsautomation\/wp-content\/uploads\/sites\/9\/2020\/05\/ATS-LifeSciences-banner_1500x500.jpg","width":1500,"height":500},{"@type":"BreadcrumbList","@id":"https:\/\/vipgo.atsautomation.com\/atsautomation\/it\/gestione-della-qualit-dei-fornitori\/#breadcrumb","itemListElement":[{"@type":"ListItem","position":1,"name":"Home","item":"https:\/\/vipgo.atsautomation.com\/atsautomation\/it\/"},{"@type":"ListItem","position":2,"name":"Gestione della qualit\u00e0 dei fornitori"}]},{"@type":"WebSite","@id":"https:\/\/vipgo.atsautomation.com\/atsautomation\/it\/#website","url":"https:\/\/vipgo.atsautomation.com\/atsautomation\/it\/","name":"ATS Corporation","description":"Just another vipgo.atsautomation.com site","publisher":{"@id":"https:\/\/vipgo.atsautomation.com\/atsautomation\/it\/#organization"},"potentialAction":[{"@type":"SearchAction","target":{"@type":"EntryPoint","urlTemplate":"https:\/\/vipgo.atsautomation.com\/atsautomation\/it\/?s={search_term_string}"},"query-input":{"@type":"PropertyValueSpecification","valueRequired":true,"valueName":"search_term_string"}}],"inLanguage":"it-IT"},{"@type":"Organization","@id":"https:\/\/vipgo.atsautomation.com\/atsautomation\/it\/#organization","name":"ATS Corporation","url":"https:\/\/vipgo.atsautomation.com\/atsautomation\/it\/","logo":{"@type":"ImageObject","inLanguage":"it-IT","@id":"https:\/\/vipgo.atsautomation.com\/atsautomation\/it\/#\/schema\/logo\/image\/","url":"https:\/\/atsautomation.com\/wp-content\/uploads\/sites\/9\/2022\/11\/ATS-logo-colour-RGB_TM.png","contentUrl":"https:\/\/atsautomation.com\/wp-content\/uploads\/sites\/9\/2022\/11\/ATS-logo-colour-RGB_TM.png","width":1880,"height":371,"caption":"ATS Corporation"},"image":{"@id":"https:\/\/vipgo.atsautomation.com\/atsautomation\/it\/#\/schema\/logo\/image\/"}}]}},"acf":[],"jetpack_sharing_enabled":true,"_links":{"self":[{"href":"https:\/\/vipgo.atsautomation.com\/atsautomation\/it\/wp-json\/wp\/v2\/pages\/20474","targetHints":{"allow":["GET"]}}],"collection":[{"href":"https:\/\/vipgo.atsautomation.com\/atsautomation\/it\/wp-json\/wp\/v2\/pages"}],"about":[{"href":"https:\/\/vipgo.atsautomation.com\/atsautomation\/it\/wp-json\/wp\/v2\/types\/page"}],"author":[{"embeddable":true,"href":"https:\/\/vipgo.atsautomation.com\/atsautomation\/it\/wp-json\/wp\/v2\/users\/3"}],"replies":[{"embeddable":true,"href":"https:\/\/vipgo.atsautomation.com\/atsautomation\/it\/wp-json\/wp\/v2\/comments?post=20474"}],"version-history":[{"count":5,"href":"https:\/\/vipgo.atsautomation.com\/atsautomation\/it\/wp-json\/wp\/v2\/pages\/20474\/revisions"}],"predecessor-version":[{"id":23565,"href":"https:\/\/vipgo.atsautomation.com\/atsautomation\/it\/wp-json\/wp\/v2\/pages\/20474\/revisions\/23565"}],"wp:featuredmedia":[{"embeddable":true,"href":"https:\/\/vipgo.atsautomation.com\/atsautomation\/it\/wp-json\/wp\/v2\/media\/6667"}],"wp:attachment":[{"href":"https:\/\/vipgo.atsautomation.com\/atsautomation\/it\/wp-json\/wp\/v2\/media?parent=20474"}],"curies":[{"name":"wp","href":"https:\/\/api.w.org\/{rel}","templated":true}]}}