{"id":20725,"date":"2020-07-27T21:38:07","date_gmt":"2020-07-27T21:38:07","guid":{"rendered":"https:\/\/atsautomation.com\/panoramica-ats-life-sciences-e-sortimat-technology\/"},"modified":"2021-03-04T11:32:55","modified_gmt":"2021-03-04T11:32:55","slug":"panoramica-ats-life-sciences-e-sortimat-technology","status":"publish","type":"page","link":"https:\/\/vipgo.atsautomation.com\/atsautomation\/it\/panoramica-ats-life-sciences-e-sortimat-technology\/","title":{"rendered":"Panoramica ATS Life Sciences e sortimat Technology"},"content":{"rendered":"<p>ATS Life Sciences e sortimat Technology collaborano con le principali aziende nel settore dei dispositivi medici, della diagnostica medica, del settore farmaceutico e altre societ\u00e0 del settore delle scienze della vita per progettare e costruire sistemi automatizzati di alta qualit\u00e0. Sappiamo che non sono ammissibili errori nella fabbricazione di prodotti destinati a migliorare la qualit\u00e0 della vita dei pazienti, sia umani che animali. Ci siamo quindi costruiti una reputazione di affidabilit\u00e0, ingegno, qualit\u00e0 e disponibilit\u00e0, dimostrando che le richieste dei nostri clienti e degli utenti finali sono importanti per noi quanto lo sono per voi. Che stiate sviluppando un nuovo prodotto o riconvertendo un prodotto maturo, passando dalla produzione per laboratori a quella commerciale, sostituendo la lavorazione manuale con quella automatizzata, costruendo nuove risorse o riconfigurandone di vecchie o semplicemente cercando una migliore efficienza o una soluzione a fastidiosi problemi di qualit\u00e0, le competenze e l&#8217;esperienza di ATS Life Sciences e sortimat sono a vostra disposizione per assistervi nel vostro progetto di automazione.<\/p>\n","protected":false},"excerpt":{"rendered":"<p>ATS Life Sciences e sortimat Technology collaborano con le principali aziende nel settore dei dispositivi medici, della diagnostica medica, del settore farmaceutico e altre societ\u00e0 del settore delle scienze della vita per progettare e costruire sistemi automatizzati di alta qualit\u00e0. Sappiamo che non sono ammissibili errori nella fabbricazione di prodotti destinati a migliorare la qualit\u00e0&#8230;<\/p>\n<div class=\"post-button\"><a href=\"https:\/\/vipgo.atsautomation.com\/atsautomation\/it\/panoramica-ats-life-sciences-e-sortimat-technology\/\">Read More<\/a><\/div>\n","protected":false},"author":22,"featured_media":8731,"parent":0,"menu_order":0,"comment_status":"closed","ping_status":"closed","template":"page-templates\/landing-page.php","meta":{"_acf_changed":false,"footnotes":""},"class_list":["post-20725","page","type-page","status-publish","has-post-thumbnail","hentry"],"yoast_head":"<!-- This site is optimized with the Yoast SEO Premium plugin v26.8 (Yoast SEO v26.8) - https:\/\/yoast.com\/product\/yoast-seo-premium-wordpress\/ -->\n<title>Panoramica ATS Life Sciences e sortimat Technology | ATS Automation<\/title>\n<meta name=\"description\" content=\"ATS Life Sciences e sortimat Technology progettano e costruiscono sistemi automatizzati per aziende nel settore dei dispositivi medici, della diagnostica medica e nel settore farmaceutico.\" \/>\n<meta name=\"robots\" content=\"index, follow, max-snippet:-1, max-image-preview:large, max-video-preview:-1\" \/>\n<link rel=\"canonical\" href=\"https:\/\/vipgo.atsautomation.com\/atsautomation\/it\/panoramica-ats-life-sciences-e-sortimat-technology\/\" \/>\n<meta property=\"og:locale\" content=\"it_IT\" \/>\n<meta property=\"og:type\" content=\"article\" \/>\n<meta property=\"og:title\" content=\"Panoramica ATS Life Sciences e sortimat Technology\" \/>\n<meta property=\"og:description\" content=\"ATS Life Sciences e sortimat Technology progettano e costruiscono sistemi automatizzati per aziende nel settore dei dispositivi medici, della diagnostica medica e nel settore farmaceutico.\" \/>\n<meta property=\"og:url\" content=\"https:\/\/vipgo.atsautomation.com\/atsautomation\/it\/panoramica-ats-life-sciences-e-sortimat-technology\/\" \/>\n<meta property=\"og:site_name\" content=\"ATS Corporation\" \/>\n<meta property=\"article:modified_time\" content=\"2021-03-04T11:32:55+00:00\" \/>\n<meta property=\"og:image\" content=\"https:\/\/vipgo.atsautomation.com\/atsautomation\/wp-content\/uploads\/sites\/9\/2020\/07\/life-sciences-vials.png\" \/>\n\t<meta property=\"og:image:width\" content=\"1500\" \/>\n\t<meta property=\"og:image:height\" content=\"500\" \/>\n\t<meta property=\"og:image:type\" content=\"image\/png\" \/>\n<meta name=\"twitter:card\" content=\"summary_large_image\" \/>\n<meta name=\"twitter:label1\" content=\"Tempo di lettura stimato\" \/>\n\t<meta name=\"twitter:data1\" content=\"1 minuto\" \/>\n<script type=\"application\/ld+json\" class=\"yoast-schema-graph\">{\"@context\":\"https:\/\/schema.org\",\"@graph\":[{\"@type\":\"WebPage\",\"@id\":\"https:\/\/vipgo.atsautomation.com\/atsautomation\/it\/panoramica-ats-life-sciences-e-sortimat-technology\/\",\"url\":\"https:\/\/vipgo.atsautomation.com\/atsautomation\/it\/panoramica-ats-life-sciences-e-sortimat-technology\/\",\"name\":\"Panoramica ATS Life Sciences e sortimat Technology | ATS Automation\",\"isPartOf\":{\"@id\":\"https:\/\/vipgo.atsautomation.com\/atsautomation\/it\/#website\"},\"primaryImageOfPage\":{\"@id\":\"https:\/\/vipgo.atsautomation.com\/atsautomation\/it\/panoramica-ats-life-sciences-e-sortimat-technology\/#primaryimage\"},\"image\":{\"@id\":\"https:\/\/vipgo.atsautomation.com\/atsautomation\/it\/panoramica-ats-life-sciences-e-sortimat-technology\/#primaryimage\"},\"thumbnailUrl\":\"https:\/\/vipgo.atsautomation.com\/atsautomation\/wp-content\/uploads\/sites\/9\/2020\/07\/life-sciences-vials.png\",\"datePublished\":\"2020-07-27T21:38:07+00:00\",\"dateModified\":\"2021-03-04T11:32:55+00:00\",\"description\":\"ATS Life Sciences e sortimat Technology progettano e costruiscono sistemi automatizzati per aziende nel settore dei dispositivi medici, della diagnostica medica e nel settore farmaceutico.\",\"breadcrumb\":{\"@id\":\"https:\/\/vipgo.atsautomation.com\/atsautomation\/it\/panoramica-ats-life-sciences-e-sortimat-technology\/#breadcrumb\"},\"inLanguage\":\"it-IT\",\"potentialAction\":[{\"@type\":\"ReadAction\",\"target\":[\"https:\/\/vipgo.atsautomation.com\/atsautomation\/it\/panoramica-ats-life-sciences-e-sortimat-technology\/\"]}]},{\"@type\":\"ImageObject\",\"inLanguage\":\"it-IT\",\"@id\":\"https:\/\/vipgo.atsautomation.com\/atsautomation\/it\/panoramica-ats-life-sciences-e-sortimat-technology\/#primaryimage\",\"url\":\"https:\/\/vipgo.atsautomation.com\/atsautomation\/wp-content\/uploads\/sites\/9\/2020\/07\/life-sciences-vials.png\",\"contentUrl\":\"https:\/\/vipgo.atsautomation.com\/atsautomation\/wp-content\/uploads\/sites\/9\/2020\/07\/life-sciences-vials.png\",\"width\":1500,\"height\":500,\"caption\":\"Fiale in fase di ispezione\"},{\"@type\":\"BreadcrumbList\",\"@id\":\"https:\/\/vipgo.atsautomation.com\/atsautomation\/it\/panoramica-ats-life-sciences-e-sortimat-technology\/#breadcrumb\",\"itemListElement\":[{\"@type\":\"ListItem\",\"position\":1,\"name\":\"Home\",\"item\":\"https:\/\/vipgo.atsautomation.com\/atsautomation\/it\/\"},{\"@type\":\"ListItem\",\"position\":2,\"name\":\"Panoramica ATS Life Sciences e sortimat Technology\"}]},{\"@type\":\"WebSite\",\"@id\":\"https:\/\/vipgo.atsautomation.com\/atsautomation\/it\/#website\",\"url\":\"https:\/\/vipgo.atsautomation.com\/atsautomation\/it\/\",\"name\":\"ATS Corporation\",\"description\":\"Just another vipgo.atsautomation.com site\",\"publisher\":{\"@id\":\"https:\/\/vipgo.atsautomation.com\/atsautomation\/it\/#organization\"},\"potentialAction\":[{\"@type\":\"SearchAction\",\"target\":{\"@type\":\"EntryPoint\",\"urlTemplate\":\"https:\/\/vipgo.atsautomation.com\/atsautomation\/it\/?s={search_term_string}\"},\"query-input\":{\"@type\":\"PropertyValueSpecification\",\"valueRequired\":true,\"valueName\":\"search_term_string\"}}],\"inLanguage\":\"it-IT\"},{\"@type\":\"Organization\",\"@id\":\"https:\/\/vipgo.atsautomation.com\/atsautomation\/it\/#organization\",\"name\":\"ATS Corporation\",\"url\":\"https:\/\/vipgo.atsautomation.com\/atsautomation\/it\/\",\"logo\":{\"@type\":\"ImageObject\",\"inLanguage\":\"it-IT\",\"@id\":\"https:\/\/vipgo.atsautomation.com\/atsautomation\/it\/#\/schema\/logo\/image\/\",\"url\":\"https:\/\/atsautomation.com\/wp-content\/uploads\/sites\/9\/2022\/11\/ATS-logo-colour-RGB_TM.png\",\"contentUrl\":\"https:\/\/atsautomation.com\/wp-content\/uploads\/sites\/9\/2022\/11\/ATS-logo-colour-RGB_TM.png\",\"width\":1880,\"height\":371,\"caption\":\"ATS Corporation\"},\"image\":{\"@id\":\"https:\/\/vipgo.atsautomation.com\/atsautomation\/it\/#\/schema\/logo\/image\/\"}}]}<\/script>\n<!-- \/ Yoast SEO Premium plugin. -->","yoast_head_json":{"title":"Panoramica ATS Life Sciences e sortimat Technology | ATS Automation","description":"ATS Life Sciences e sortimat Technology progettano e costruiscono sistemi automatizzati per aziende nel settore dei dispositivi medici, della diagnostica medica e nel settore farmaceutico.","robots":{"index":"index","follow":"follow","max-snippet":"max-snippet:-1","max-image-preview":"max-image-preview:large","max-video-preview":"max-video-preview:-1"},"canonical":"https:\/\/vipgo.atsautomation.com\/atsautomation\/it\/panoramica-ats-life-sciences-e-sortimat-technology\/","og_locale":"it_IT","og_type":"article","og_title":"Panoramica ATS Life Sciences e sortimat Technology","og_description":"ATS Life Sciences e sortimat Technology progettano e costruiscono sistemi automatizzati per aziende nel settore dei dispositivi medici, della diagnostica medica e nel settore farmaceutico.","og_url":"https:\/\/vipgo.atsautomation.com\/atsautomation\/it\/panoramica-ats-life-sciences-e-sortimat-technology\/","og_site_name":"ATS Corporation","article_modified_time":"2021-03-04T11:32:55+00:00","og_image":[{"width":1500,"height":500,"url":"https:\/\/vipgo.atsautomation.com\/atsautomation\/wp-content\/uploads\/sites\/9\/2020\/07\/life-sciences-vials.png","type":"image\/png"}],"twitter_card":"summary_large_image","twitter_misc":{"Tempo di lettura stimato":"1 minuto"},"schema":{"@context":"https:\/\/schema.org","@graph":[{"@type":"WebPage","@id":"https:\/\/vipgo.atsautomation.com\/atsautomation\/it\/panoramica-ats-life-sciences-e-sortimat-technology\/","url":"https:\/\/vipgo.atsautomation.com\/atsautomation\/it\/panoramica-ats-life-sciences-e-sortimat-technology\/","name":"Panoramica ATS Life Sciences e sortimat Technology | ATS Automation","isPartOf":{"@id":"https:\/\/vipgo.atsautomation.com\/atsautomation\/it\/#website"},"primaryImageOfPage":{"@id":"https:\/\/vipgo.atsautomation.com\/atsautomation\/it\/panoramica-ats-life-sciences-e-sortimat-technology\/#primaryimage"},"image":{"@id":"https:\/\/vipgo.atsautomation.com\/atsautomation\/it\/panoramica-ats-life-sciences-e-sortimat-technology\/#primaryimage"},"thumbnailUrl":"https:\/\/vipgo.atsautomation.com\/atsautomation\/wp-content\/uploads\/sites\/9\/2020\/07\/life-sciences-vials.png","datePublished":"2020-07-27T21:38:07+00:00","dateModified":"2021-03-04T11:32:55+00:00","description":"ATS Life Sciences e sortimat Technology progettano e costruiscono sistemi automatizzati per aziende nel settore dei dispositivi medici, della diagnostica medica e nel settore farmaceutico.","breadcrumb":{"@id":"https:\/\/vipgo.atsautomation.com\/atsautomation\/it\/panoramica-ats-life-sciences-e-sortimat-technology\/#breadcrumb"},"inLanguage":"it-IT","potentialAction":[{"@type":"ReadAction","target":["https:\/\/vipgo.atsautomation.com\/atsautomation\/it\/panoramica-ats-life-sciences-e-sortimat-technology\/"]}]},{"@type":"ImageObject","inLanguage":"it-IT","@id":"https:\/\/vipgo.atsautomation.com\/atsautomation\/it\/panoramica-ats-life-sciences-e-sortimat-technology\/#primaryimage","url":"https:\/\/vipgo.atsautomation.com\/atsautomation\/wp-content\/uploads\/sites\/9\/2020\/07\/life-sciences-vials.png","contentUrl":"https:\/\/vipgo.atsautomation.com\/atsautomation\/wp-content\/uploads\/sites\/9\/2020\/07\/life-sciences-vials.png","width":1500,"height":500,"caption":"Fiale in fase di ispezione"},{"@type":"BreadcrumbList","@id":"https:\/\/vipgo.atsautomation.com\/atsautomation\/it\/panoramica-ats-life-sciences-e-sortimat-technology\/#breadcrumb","itemListElement":[{"@type":"ListItem","position":1,"name":"Home","item":"https:\/\/vipgo.atsautomation.com\/atsautomation\/it\/"},{"@type":"ListItem","position":2,"name":"Panoramica ATS Life Sciences e sortimat Technology"}]},{"@type":"WebSite","@id":"https:\/\/vipgo.atsautomation.com\/atsautomation\/it\/#website","url":"https:\/\/vipgo.atsautomation.com\/atsautomation\/it\/","name":"ATS Corporation","description":"Just another vipgo.atsautomation.com site","publisher":{"@id":"https:\/\/vipgo.atsautomation.com\/atsautomation\/it\/#organization"},"potentialAction":[{"@type":"SearchAction","target":{"@type":"EntryPoint","urlTemplate":"https:\/\/vipgo.atsautomation.com\/atsautomation\/it\/?s={search_term_string}"},"query-input":{"@type":"PropertyValueSpecification","valueRequired":true,"valueName":"search_term_string"}}],"inLanguage":"it-IT"},{"@type":"Organization","@id":"https:\/\/vipgo.atsautomation.com\/atsautomation\/it\/#organization","name":"ATS Corporation","url":"https:\/\/vipgo.atsautomation.com\/atsautomation\/it\/","logo":{"@type":"ImageObject","inLanguage":"it-IT","@id":"https:\/\/vipgo.atsautomation.com\/atsautomation\/it\/#\/schema\/logo\/image\/","url":"https:\/\/atsautomation.com\/wp-content\/uploads\/sites\/9\/2022\/11\/ATS-logo-colour-RGB_TM.png","contentUrl":"https:\/\/atsautomation.com\/wp-content\/uploads\/sites\/9\/2022\/11\/ATS-logo-colour-RGB_TM.png","width":1880,"height":371,"caption":"ATS Corporation"},"image":{"@id":"https:\/\/vipgo.atsautomation.com\/atsautomation\/it\/#\/schema\/logo\/image\/"}}]}},"acf":[],"jetpack_sharing_enabled":true,"_links":{"self":[{"href":"https:\/\/vipgo.atsautomation.com\/atsautomation\/it\/wp-json\/wp\/v2\/pages\/20725","targetHints":{"allow":["GET"]}}],"collection":[{"href":"https:\/\/vipgo.atsautomation.com\/atsautomation\/it\/wp-json\/wp\/v2\/pages"}],"about":[{"href":"https:\/\/vipgo.atsautomation.com\/atsautomation\/it\/wp-json\/wp\/v2\/types\/page"}],"author":[{"embeddable":true,"href":"https:\/\/vipgo.atsautomation.com\/atsautomation\/it\/wp-json\/wp\/v2\/users\/22"}],"replies":[{"embeddable":true,"href":"https:\/\/vipgo.atsautomation.com\/atsautomation\/it\/wp-json\/wp\/v2\/comments?post=20725"}],"version-history":[{"count":5,"href":"https:\/\/vipgo.atsautomation.com\/atsautomation\/it\/wp-json\/wp\/v2\/pages\/20725\/revisions"}],"predecessor-version":[{"id":28625,"href":"https:\/\/vipgo.atsautomation.com\/atsautomation\/it\/wp-json\/wp\/v2\/pages\/20725\/revisions\/28625"}],"wp:featuredmedia":[{"embeddable":true,"href":"https:\/\/vipgo.atsautomation.com\/atsautomation\/it\/wp-json\/wp\/v2\/media\/8731"}],"wp:attachment":[{"href":"https:\/\/vipgo.atsautomation.com\/atsautomation\/it\/wp-json\/wp\/v2\/media?parent=20725"}],"curies":[{"name":"wp","href":"https:\/\/api.w.org\/{rel}","templated":true}]}}