{"id":20759,"date":"2020-07-27T21:38:34","date_gmt":"2020-07-27T21:38:34","guid":{"rendered":"https:\/\/atsautomation.com\/chi-siamo\/abm\/"},"modified":"2025-08-08T17:15:39","modified_gmt":"2025-08-08T17:15:39","slug":"abm","status":"publish","type":"page","link":"https:\/\/vipgo.atsautomation.com\/atsautomation\/it\/chi-siamo\/abm\/","title":{"rendered":"ABM"},"content":{"rendered":"<h2>ATS Business Model (ABM)<\/h2>\n<p>Una societ\u00e0 decentralizzata con finalit\u00e0, approccio e valori comuni allineati tramite l\u2019ATS Business Model (modello di business ATS, ABM). ATS \u00e8 un&#8217;organizzazione diversificata e sfaccettata che sottolinea il valore dell&#8217;innovazione. Ma ci guidano un filo conduttore e una chiarezza d&#8217;intenti: l\u2019ATS Business Model (modello di business ATS, ABM). Introdotto presso ATS nel 2017, l&#8217;ABM \u00e8 un potente sistema di gestione aziendale che ci permette di realizzare il nostro business attraverso un processo di miglioramento disciplinato e continuo. L&#8217;ABM fornisce al nostro personale strumenti chiave per la risoluzione dei problemi e un modello per eliminare gli sprechi e migliorare i processi in tutte le aree di responsabilit\u00e0, a prescindere dalla funzione. Dona pi\u00f9 controllo al personale, migliora la soddisfazione dei clienti e incrementa il nostro ritorno sugli investimenti.<\/p>\n<h2>Alla base dell&#8217;ABM sono i nostri valori fondamentali:\u00a0 People, Process, Performance (Persone, Processi, Prestazioni)<\/h2>\n<h3>Persone: la nostra base<\/h3>\n<p>Alla base di una grande attivit\u00e0 vi sono grandi persone. Ne consegue che lavorare per far sviluppare, coinvolgere, dare potere ed energia al nostro personale \u00e8 sia un valore fondamentale di ATS che il primo dei nostri tre pilastri, seguito dai processi, quindi dalle prestazioni.<\/p>\n<p>Utilizziamo il nostro ABM per formare, sviluppare, coinvolgere, dare potere ed energia al nostro personale, cos\u00ec da apportare cambiamenti di grande impatto nell&#8217;organizzazione. La nostra incessante focalizzazione sulle persone \u00e8 ci\u00f2 che continua a contraddistinguere ATS Automation come un ottimo luogo per costruire una carriera. L&#8217;ABM ci consente diverse modalit\u00e0 di interazione, tra cui corsi di formazione di persona e virtuali, supporto per la facilitazione con risoluzione di problemi ed eventi Kaizen e formazione per lo sviluppo della leadership per continuare a costruire i migliori team.<\/p>\n<p><img loading=\"lazy\" decoding=\"async\" class=\"alignnone size-medium wp-image-5306\" src=\"https:\/\/atsautomation.com\/wp-content\/uploads\/sites\/9\/2020\/06\/ATS-Employees-455-250.jpg?w=300\" alt=\"\" width=\"300\" height=\"165\" srcset=\"https:\/\/vipgo.atsautomation.com\/atsautomation\/wp-content\/uploads\/sites\/9\/2020\/06\/ATS-Employees-455-250.jpg 455w, https:\/\/vipgo.atsautomation.com\/atsautomation\/wp-content\/uploads\/sites\/9\/2020\/06\/ATS-Employees-455-250.jpg?resize=300,165 300w\" sizes=\"auto, (max-width: 300px) 100vw, 300px\" \/><\/p>\n<h3>Processi: una cultura del miglioramento continuo<\/h3>\n<p>Alle sue fondamenta, ABM \u00e8 la nostra ricerca del miglioramento continuo in tutto ci\u00f2 che facciamo. Se abbiamo un processo standard e possiamo misurarlo, siamo in grado di introdurre miglioramenti sostenibili.<\/p>\n<p><img loading=\"lazy\" decoding=\"async\" class=\"alignnone size-medium wp-image-4590\" src=\"https:\/\/atsautomation.com\/wp-content\/uploads\/sites\/9\/2020\/06\/ABM-Presentation-455-273.jpg?w=300\" alt=\"\" width=\"300\" height=\"180\" srcset=\"https:\/\/vipgo.atsautomation.com\/atsautomation\/wp-content\/uploads\/sites\/9\/2020\/06\/ABM-Presentation-455-273.jpg 455w, https:\/\/vipgo.atsautomation.com\/atsautomation\/wp-content\/uploads\/sites\/9\/2020\/06\/ABM-Presentation-455-273.jpg?resize=300,180 300w\" sizes=\"auto, (max-width: 300px) 100vw, 300px\" \/><\/p>\n<p>Sfruttiamo il toolkit ABM in tutti gli aspetti dell&#8217;attivit\u00e0: operazioni, vendite, marketing, finanza, risorse umane, tecnologia dell&#8217;informazione e innovazione, al fine di guidare il miglioramento continuo.\u00a0 Il nostro toolkit \u00e8 focalizzato sul cliente e sullo sviluppo di valore a lungo termine per gli azionisti. Utilizziamo l&#8217;ABM in tre fasi: rafforzare il nostro nucleo, favorire la crescita, puntare all&#8217;eccellenza.<\/p>\n<p><img loading=\"lazy\" decoding=\"async\" class=\"size-full wp-image-24305\" src=\"https:\/\/atsautomation.com\/wp-content\/uploads\/sites\/9\/2020\/09\/ATS-Business-Model-translation_ITweb_2.jpg\" alt=\"\" width=\"700\" height=\"274\" srcset=\"https:\/\/vipgo.atsautomation.com\/atsautomation\/wp-content\/uploads\/sites\/9\/2020\/09\/ATS-Business-Model-translation_ITweb_2.jpg 1400w, https:\/\/vipgo.atsautomation.com\/atsautomation\/wp-content\/uploads\/sites\/9\/2020\/09\/ATS-Business-Model-translation_ITweb_2.jpg?resize=300,117 300w, https:\/\/vipgo.atsautomation.com\/atsautomation\/wp-content\/uploads\/sites\/9\/2020\/09\/ATS-Business-Model-translation_ITweb_2.jpg?resize=768,300 768w, https:\/\/vipgo.atsautomation.com\/atsautomation\/wp-content\/uploads\/sites\/9\/2020\/09\/ATS-Business-Model-translation_ITweb_2.jpg?resize=1024,400 1024w, https:\/\/vipgo.atsautomation.com\/atsautomation\/wp-content\/uploads\/sites\/9\/2020\/09\/ATS-Business-Model-translation_ITweb_2.jpg?resize=700,274 700w\" sizes=\"auto, (max-width: 700px) 100vw, 700px\" \/><\/p>\n<h3>Prestazioni:\u00a0 per i dipendenti, i clienti e gli azionisti<\/h3>\n<p>&#8220;A seguito dell&#8217;evento Kaizen, sono stupito dei risultati che abbiamo ottenuto in una sola settimana. Spero continuerete a impiegare l&#8217;ABM in tutta l&#8217;attivit\u00e0&#8221; &#8211; Production Team Leader, divisione Life Science di Cambridge<\/p>\n<p><img loading=\"lazy\" decoding=\"async\" class=\"alignnone size-medium wp-image-5154\" src=\"https:\/\/atsautomation.com\/wp-content\/uploads\/sites\/9\/2020\/06\/Presidents-Kaizen-455-250.jpg?w=300\" alt=\"\" width=\"300\" height=\"165\" srcset=\"https:\/\/vipgo.atsautomation.com\/atsautomation\/wp-content\/uploads\/sites\/9\/2020\/06\/Presidents-Kaizen-455-250.jpg 455w, https:\/\/vipgo.atsautomation.com\/atsautomation\/wp-content\/uploads\/sites\/9\/2020\/06\/Presidents-Kaizen-455-250.jpg?resize=300,165 300w\" sizes=\"auto, (max-width: 300px) 100vw, 300px\" \/><\/p>\n<p>\u00c8 l&#8217;incessante ricerca del miglioramento continuo, possibile grazie alle competenze e alla formazione di un grande team, che fornir\u00e0 prestazioni di livello mondiale per i dipendenti, i clienti e gli azionisti.\u00a0 Tutto questo \u00e8 pi\u00f9 di una semplice produzione snella: il nostro ABM \u00e8 ci\u00f2 che siamo e come facciamo impresa, e continuer\u00e0 a essere il vantaggio competitivo di ATS.<\/p>\n","protected":false},"excerpt":{"rendered":"<p>ATS Business Model (ABM) Una societ\u00e0 decentralizzata con finalit\u00e0, approccio e valori comuni allineati tramite l\u2019ATS Business Model (modello di business ATS, ABM). ATS \u00e8 un&#8217;organizzazione diversificata e sfaccettata che sottolinea il valore dell&#8217;innovazione. Ma ci guidano un filo conduttore e una chiarezza d&#8217;intenti: l\u2019ATS Business Model (modello di business ATS, ABM). Introdotto presso ATS nel 2017, l&#8217;ABM \u00e8 un&#8230;<\/p>\n<div class=\"post-button\"><a href=\"https:\/\/vipgo.atsautomation.com\/atsautomation\/it\/chi-siamo\/abm\/\">Read More<\/a><\/div>\n","protected":false},"author":3,"featured_media":12954,"parent":11171,"menu_order":0,"comment_status":"closed","ping_status":"closed","template":"","meta":{"_acf_changed":false,"footnotes":""},"class_list":["post-20759","page","type-page","status-publish","has-post-thumbnail","hentry"],"yoast_head":"<!-- This site is optimized with the Yoast SEO Premium plugin v26.8 (Yoast SEO v26.8) - https:\/\/yoast.com\/product\/yoast-seo-premium-wordpress\/ -->\n<title>ATS Business Model | ABM | ATS Automation<\/title>\n<meta name=\"description\" content=\"The ATS Business Model (ABM) is a business management system that provides problem-solving tools &amp; a template for eliminating waste &amp; improving processes.\" \/>\n<meta name=\"robots\" content=\"index, follow, max-snippet:-1, max-image-preview:large, max-video-preview:-1\" \/>\n<link rel=\"canonical\" href=\"https:\/\/vipgo.atsautomation.com\/atsautomation\/it\/chi-siamo\/abm\/\" \/>\n<meta property=\"og:locale\" content=\"it_IT\" \/>\n<meta property=\"og:type\" content=\"article\" \/>\n<meta property=\"og:title\" content=\"ABM\" \/>\n<meta property=\"og:description\" content=\"The ATS Business Model (ABM) is a business management system that provides problem-solving tools &amp; a template for eliminating waste &amp; improving processes.\" \/>\n<meta property=\"og:url\" content=\"https:\/\/vipgo.atsautomation.com\/atsautomation\/it\/chi-siamo\/abm\/\" \/>\n<meta property=\"og:site_name\" content=\"ATS Corporation\" \/>\n<meta property=\"article:modified_time\" content=\"2025-08-08T17:15:39+00:00\" \/>\n<meta property=\"og:image\" content=\"https:\/\/vipgo.atsautomation.com\/atsautomation\/wp-content\/uploads\/sites\/9\/2020\/06\/ABM-Banner-1500-500.jpg\" \/>\n\t<meta property=\"og:image:width\" content=\"1500\" \/>\n\t<meta property=\"og:image:height\" content=\"500\" \/>\n\t<meta property=\"og:image:type\" content=\"image\/jpeg\" \/>\n<meta name=\"twitter:card\" content=\"summary_large_image\" \/>\n<meta name=\"twitter:label1\" content=\"Tempo di lettura stimato\" \/>\n\t<meta name=\"twitter:data1\" content=\"4 minuti\" \/>\n<script type=\"application\/ld+json\" class=\"yoast-schema-graph\">{\"@context\":\"https:\/\/schema.org\",\"@graph\":[{\"@type\":\"WebPage\",\"@id\":\"https:\/\/vipgo.atsautomation.com\/atsautomation\/it\/chi-siamo\/abm\/\",\"url\":\"https:\/\/vipgo.atsautomation.com\/atsautomation\/it\/chi-siamo\/abm\/\",\"name\":\"ATS Business Model | ABM | ATS Automation\",\"isPartOf\":{\"@id\":\"https:\/\/vipgo.atsautomation.com\/atsautomation\/it\/#website\"},\"primaryImageOfPage\":{\"@id\":\"https:\/\/vipgo.atsautomation.com\/atsautomation\/it\/chi-siamo\/abm\/#primaryimage\"},\"image\":{\"@id\":\"https:\/\/vipgo.atsautomation.com\/atsautomation\/it\/chi-siamo\/abm\/#primaryimage\"},\"thumbnailUrl\":\"https:\/\/vipgo.atsautomation.com\/atsautomation\/wp-content\/uploads\/sites\/9\/2020\/06\/ABM-Banner-1500-500.jpg\",\"datePublished\":\"2020-07-27T21:38:34+00:00\",\"dateModified\":\"2025-08-08T17:15:39+00:00\",\"description\":\"The ATS Business Model (ABM) is a business management system that provides problem-solving tools & a template for eliminating waste & improving processes.\",\"breadcrumb\":{\"@id\":\"https:\/\/vipgo.atsautomation.com\/atsautomation\/it\/chi-siamo\/abm\/#breadcrumb\"},\"inLanguage\":\"it-IT\",\"potentialAction\":[{\"@type\":\"ReadAction\",\"target\":[\"https:\/\/vipgo.atsautomation.com\/atsautomation\/it\/chi-siamo\/abm\/\"]}]},{\"@type\":\"ImageObject\",\"inLanguage\":\"it-IT\",\"@id\":\"https:\/\/vipgo.atsautomation.com\/atsautomation\/it\/chi-siamo\/abm\/#primaryimage\",\"url\":\"https:\/\/vipgo.atsautomation.com\/atsautomation\/wp-content\/uploads\/sites\/9\/2020\/06\/ABM-Banner-1500-500.jpg\",\"contentUrl\":\"https:\/\/vipgo.atsautomation.com\/atsautomation\/wp-content\/uploads\/sites\/9\/2020\/06\/ABM-Banner-1500-500.jpg\",\"width\":1500,\"height\":500},{\"@type\":\"BreadcrumbList\",\"@id\":\"https:\/\/vipgo.atsautomation.com\/atsautomation\/it\/chi-siamo\/abm\/#breadcrumb\",\"itemListElement\":[{\"@type\":\"ListItem\",\"position\":1,\"name\":\"Home\",\"item\":\"https:\/\/vipgo.atsautomation.com\/atsautomation\/it\/\"},{\"@type\":\"ListItem\",\"position\":2,\"name\":\"Chi siamo\",\"item\":\"https:\/\/vipgo.atsautomation.com\/atsautomation\/it\/about-us\/\"},{\"@type\":\"ListItem\",\"position\":3,\"name\":\"ABM\"}]},{\"@type\":\"WebSite\",\"@id\":\"https:\/\/vipgo.atsautomation.com\/atsautomation\/it\/#website\",\"url\":\"https:\/\/vipgo.atsautomation.com\/atsautomation\/it\/\",\"name\":\"ATS Corporation\",\"description\":\"Just another vipgo.atsautomation.com site\",\"publisher\":{\"@id\":\"https:\/\/vipgo.atsautomation.com\/atsautomation\/it\/#organization\"},\"potentialAction\":[{\"@type\":\"SearchAction\",\"target\":{\"@type\":\"EntryPoint\",\"urlTemplate\":\"https:\/\/vipgo.atsautomation.com\/atsautomation\/it\/?s={search_term_string}\"},\"query-input\":{\"@type\":\"PropertyValueSpecification\",\"valueRequired\":true,\"valueName\":\"search_term_string\"}}],\"inLanguage\":\"it-IT\"},{\"@type\":\"Organization\",\"@id\":\"https:\/\/vipgo.atsautomation.com\/atsautomation\/it\/#organization\",\"name\":\"ATS Corporation\",\"url\":\"https:\/\/vipgo.atsautomation.com\/atsautomation\/it\/\",\"logo\":{\"@type\":\"ImageObject\",\"inLanguage\":\"it-IT\",\"@id\":\"https:\/\/vipgo.atsautomation.com\/atsautomation\/it\/#\/schema\/logo\/image\/\",\"url\":\"https:\/\/atsautomation.com\/wp-content\/uploads\/sites\/9\/2022\/11\/ATS-logo-colour-RGB_TM.png\",\"contentUrl\":\"https:\/\/atsautomation.com\/wp-content\/uploads\/sites\/9\/2022\/11\/ATS-logo-colour-RGB_TM.png\",\"width\":1880,\"height\":371,\"caption\":\"ATS Corporation\"},\"image\":{\"@id\":\"https:\/\/vipgo.atsautomation.com\/atsautomation\/it\/#\/schema\/logo\/image\/\"}}]}<\/script>\n<!-- \/ Yoast SEO Premium plugin. -->","yoast_head_json":{"title":"ATS Business Model | ABM | ATS Automation","description":"The ATS Business Model (ABM) is a business management system that provides problem-solving tools & a template for eliminating waste & improving processes.","robots":{"index":"index","follow":"follow","max-snippet":"max-snippet:-1","max-image-preview":"max-image-preview:large","max-video-preview":"max-video-preview:-1"},"canonical":"https:\/\/vipgo.atsautomation.com\/atsautomation\/it\/chi-siamo\/abm\/","og_locale":"it_IT","og_type":"article","og_title":"ABM","og_description":"The ATS Business Model (ABM) is a business management system that provides problem-solving tools & a template for eliminating waste & improving processes.","og_url":"https:\/\/vipgo.atsautomation.com\/atsautomation\/it\/chi-siamo\/abm\/","og_site_name":"ATS Corporation","article_modified_time":"2025-08-08T17:15:39+00:00","og_image":[{"width":1500,"height":500,"url":"https:\/\/vipgo.atsautomation.com\/atsautomation\/wp-content\/uploads\/sites\/9\/2020\/06\/ABM-Banner-1500-500.jpg","type":"image\/jpeg"}],"twitter_card":"summary_large_image","twitter_misc":{"Tempo di lettura stimato":"4 minuti"},"schema":{"@context":"https:\/\/schema.org","@graph":[{"@type":"WebPage","@id":"https:\/\/vipgo.atsautomation.com\/atsautomation\/it\/chi-siamo\/abm\/","url":"https:\/\/vipgo.atsautomation.com\/atsautomation\/it\/chi-siamo\/abm\/","name":"ATS Business Model | ABM | ATS Automation","isPartOf":{"@id":"https:\/\/vipgo.atsautomation.com\/atsautomation\/it\/#website"},"primaryImageOfPage":{"@id":"https:\/\/vipgo.atsautomation.com\/atsautomation\/it\/chi-siamo\/abm\/#primaryimage"},"image":{"@id":"https:\/\/vipgo.atsautomation.com\/atsautomation\/it\/chi-siamo\/abm\/#primaryimage"},"thumbnailUrl":"https:\/\/vipgo.atsautomation.com\/atsautomation\/wp-content\/uploads\/sites\/9\/2020\/06\/ABM-Banner-1500-500.jpg","datePublished":"2020-07-27T21:38:34+00:00","dateModified":"2025-08-08T17:15:39+00:00","description":"The ATS Business Model (ABM) is a business management system that provides problem-solving tools & a template for eliminating waste & improving processes.","breadcrumb":{"@id":"https:\/\/vipgo.atsautomation.com\/atsautomation\/it\/chi-siamo\/abm\/#breadcrumb"},"inLanguage":"it-IT","potentialAction":[{"@type":"ReadAction","target":["https:\/\/vipgo.atsautomation.com\/atsautomation\/it\/chi-siamo\/abm\/"]}]},{"@type":"ImageObject","inLanguage":"it-IT","@id":"https:\/\/vipgo.atsautomation.com\/atsautomation\/it\/chi-siamo\/abm\/#primaryimage","url":"https:\/\/vipgo.atsautomation.com\/atsautomation\/wp-content\/uploads\/sites\/9\/2020\/06\/ABM-Banner-1500-500.jpg","contentUrl":"https:\/\/vipgo.atsautomation.com\/atsautomation\/wp-content\/uploads\/sites\/9\/2020\/06\/ABM-Banner-1500-500.jpg","width":1500,"height":500},{"@type":"BreadcrumbList","@id":"https:\/\/vipgo.atsautomation.com\/atsautomation\/it\/chi-siamo\/abm\/#breadcrumb","itemListElement":[{"@type":"ListItem","position":1,"name":"Home","item":"https:\/\/vipgo.atsautomation.com\/atsautomation\/it\/"},{"@type":"ListItem","position":2,"name":"Chi siamo","item":"https:\/\/vipgo.atsautomation.com\/atsautomation\/it\/about-us\/"},{"@type":"ListItem","position":3,"name":"ABM"}]},{"@type":"WebSite","@id":"https:\/\/vipgo.atsautomation.com\/atsautomation\/it\/#website","url":"https:\/\/vipgo.atsautomation.com\/atsautomation\/it\/","name":"ATS Corporation","description":"Just another vipgo.atsautomation.com site","publisher":{"@id":"https:\/\/vipgo.atsautomation.com\/atsautomation\/it\/#organization"},"potentialAction":[{"@type":"SearchAction","target":{"@type":"EntryPoint","urlTemplate":"https:\/\/vipgo.atsautomation.com\/atsautomation\/it\/?s={search_term_string}"},"query-input":{"@type":"PropertyValueSpecification","valueRequired":true,"valueName":"search_term_string"}}],"inLanguage":"it-IT"},{"@type":"Organization","@id":"https:\/\/vipgo.atsautomation.com\/atsautomation\/it\/#organization","name":"ATS Corporation","url":"https:\/\/vipgo.atsautomation.com\/atsautomation\/it\/","logo":{"@type":"ImageObject","inLanguage":"it-IT","@id":"https:\/\/vipgo.atsautomation.com\/atsautomation\/it\/#\/schema\/logo\/image\/","url":"https:\/\/atsautomation.com\/wp-content\/uploads\/sites\/9\/2022\/11\/ATS-logo-colour-RGB_TM.png","contentUrl":"https:\/\/atsautomation.com\/wp-content\/uploads\/sites\/9\/2022\/11\/ATS-logo-colour-RGB_TM.png","width":1880,"height":371,"caption":"ATS Corporation"},"image":{"@id":"https:\/\/vipgo.atsautomation.com\/atsautomation\/it\/#\/schema\/logo\/image\/"}}]}},"acf":[],"jetpack_sharing_enabled":true,"_links":{"self":[{"href":"https:\/\/vipgo.atsautomation.com\/atsautomation\/it\/wp-json\/wp\/v2\/pages\/20759","targetHints":{"allow":["GET"]}}],"collection":[{"href":"https:\/\/vipgo.atsautomation.com\/atsautomation\/it\/wp-json\/wp\/v2\/pages"}],"about":[{"href":"https:\/\/vipgo.atsautomation.com\/atsautomation\/it\/wp-json\/wp\/v2\/types\/page"}],"author":[{"embeddable":true,"href":"https:\/\/vipgo.atsautomation.com\/atsautomation\/it\/wp-json\/wp\/v2\/users\/3"}],"replies":[{"embeddable":true,"href":"https:\/\/vipgo.atsautomation.com\/atsautomation\/it\/wp-json\/wp\/v2\/comments?post=20759"}],"version-history":[{"count":8,"href":"https:\/\/vipgo.atsautomation.com\/atsautomation\/it\/wp-json\/wp\/v2\/pages\/20759\/revisions"}],"predecessor-version":[{"id":37493,"href":"https:\/\/vipgo.atsautomation.com\/atsautomation\/it\/wp-json\/wp\/v2\/pages\/20759\/revisions\/37493"}],"up":[{"embeddable":true,"href":"https:\/\/vipgo.atsautomation.com\/atsautomation\/it\/wp-json\/wp\/v2\/pages\/11171"}],"wp:featuredmedia":[{"embeddable":true,"href":"https:\/\/vipgo.atsautomation.com\/atsautomation\/it\/wp-json\/wp\/v2\/media\/12954"}],"wp:attachment":[{"href":"https:\/\/vipgo.atsautomation.com\/atsautomation\/it\/wp-json\/wp\/v2\/media?parent=20759"}],"curies":[{"name":"wp","href":"https:\/\/api.w.org\/{rel}","templated":true}]}}