{"id":20763,"date":"2020-07-27T21:38:37","date_gmt":"2020-07-27T21:38:37","guid":{"rendered":"https:\/\/atsautomation.com\/investitori\/archivi-regolamentari-sedar\/"},"modified":"2021-07-15T14:36:57","modified_gmt":"2021-07-15T14:36:57","slug":"archivi-regolamentari-sedar","status":"publish","type":"page","link":"https:\/\/vipgo.atsautomation.com\/atsautomation\/it\/investitori\/archivi-regolamentari-sedar\/","title":{"rendered":"Archivi regolamentari"},"content":{"rendered":"<div id=\"body_1_maincontent_0_PnlSubtitle\">\n<h2>Gli archivi pubblici di ATS Automation Tooling Systems Inc. includono relazioni trimestrali periodiche per gli azionisti sui risultati finanziari della societ\u00e0, nonch\u00e9 la divulgazione di informazioni materiali di interesse per gli azionisti della societ\u00e0.<\/h2>\n<\/div>\n<div id=\"body_1_maincontent_0_PnlShortIntro\">\n<p>Gli archivi pubblici della societ\u00e0 sono disponibili sul System for Electronic Document Analysis and Retrieval (Sistema per l&#8217;analisi e il recupero elettronico dei documenti canadese, SEDAR), un servizio degli Canadian Securities Administrators (Amministratori canadesi dei valori mobiliari, CSA) e del Canadian Depository for Securities (Depositario canadese per i valori mobiliari, CDS).<\/p>\n<\/div>\n<div class=\"button-center\"><a class=\"button-link-style\" href=\"https:\/\/www.sedar.com\/DisplayProfile.do?lang=EN&amp;issuerType=03&amp;issuerNo=00002017\" target=\"_blank\" rel=\"noopener noreferrer\">Visualizza gli archivi ATS su SEDAR<\/a><\/div>\n<div><\/div>\n<div><\/div>\n<div id=\"body_1_maincontent_0_PnlSubtitle\">\n<div><\/div>\n<div><\/div>\n<h2>L\u2019offerta pubblica di acquisto volontaria avente ad oggetto la totalit\u00e0 delle azioni ordinarie, delle azioni a voto plurimo e delle azioni speciali di CFT S.p.A (<strong>Operazione lanciata a dicembre 2020<\/strong>)<\/h2>\n<\/div>\n<div id=\"body_1_maincontent_0_PnlShortIntro\"><\/div>\n<div class=\"button-center\"><a class=\"button-link-style\" href=\"https:\/\/atsautomation.com\/it\/lofferta-pubblica-di-acquisto-volontaria-avente-ad-oggetto-la-totalita-delle-azioni-ordinarie-delle-azioni-a-voto-plurimo-e-delle-azioni-speciali-di-cft-s-p-a\/\" target=\"_blank\" rel=\"noopener noreferrer\">View CFT S.p.A Tender Offer related documents<\/a><\/div>\n","protected":false},"excerpt":{"rendered":"<p>Gli archivi pubblici di ATS Automation Tooling Systems Inc. includono relazioni trimestrali periodiche per gli azionisti sui risultati finanziari della societ\u00e0, nonch\u00e9 la divulgazione di informazioni materiali di interesse per gli azionisti della societ\u00e0. Gli archivi pubblici della societ\u00e0 sono disponibili sul System for Electronic Document Analysis and Retrieval (Sistema per l&#8217;analisi e il recupero elettronico dei documenti canadese, SEDAR),&#8230;<\/p>\n<div class=\"post-button\"><a href=\"https:\/\/vipgo.atsautomation.com\/atsautomation\/it\/investitori\/archivi-regolamentari-sedar\/\">Read More<\/a><\/div>\n","protected":false},"author":3,"featured_media":6667,"parent":11451,"menu_order":0,"comment_status":"closed","ping_status":"closed","template":"","meta":{"_acf_changed":false,"footnotes":""},"class_list":["post-20763","page","type-page","status-publish","has-post-thumbnail","hentry"],"yoast_head":"<!-- This site is optimized with the Yoast SEO Premium plugin v26.8 (Yoast SEO v26.8) - https:\/\/yoast.com\/product\/yoast-seo-premium-wordpress\/ -->\n<title>Regulatory Filings | SEDAR | ATS Automation<\/title>\n<meta name=\"description\" content=\"ATS Automation Tooling Systems Inc. public filings include regular quarterly reports on the financial performance of the company for shareholders. Access files.\" \/>\n<meta name=\"robots\" content=\"index, follow, max-snippet:-1, max-image-preview:large, max-video-preview:-1\" \/>\n<link rel=\"canonical\" href=\"https:\/\/vipgo.atsautomation.com\/atsautomation\/it\/investitori\/archivi-regolamentari-sedar\/\" \/>\n<meta property=\"og:locale\" content=\"it_IT\" \/>\n<meta property=\"og:type\" content=\"article\" \/>\n<meta property=\"og:title\" content=\"Archivi regolamentari\" \/>\n<meta property=\"og:description\" content=\"ATS Automation Tooling Systems Inc. public filings include regular quarterly reports on the financial performance of the company for shareholders. Access files.\" \/>\n<meta property=\"og:url\" content=\"https:\/\/vipgo.atsautomation.com\/atsautomation\/it\/investitori\/archivi-regolamentari-sedar\/\" \/>\n<meta property=\"og:site_name\" content=\"ATS Corporation\" \/>\n<meta property=\"article:modified_time\" content=\"2021-07-15T14:36:57+00:00\" \/>\n<meta property=\"og:image\" content=\"https:\/\/vipgo.atsautomation.com\/atsautomation\/wp-content\/uploads\/sites\/9\/2020\/05\/ATS-LifeSciences-banner_1500x500.jpg\" \/>\n\t<meta property=\"og:image:width\" content=\"1500\" \/>\n\t<meta property=\"og:image:height\" content=\"500\" \/>\n\t<meta property=\"og:image:type\" content=\"image\/jpeg\" \/>\n<meta name=\"twitter:card\" content=\"summary_large_image\" \/>\n<meta name=\"twitter:label1\" content=\"Tempo di lettura stimato\" \/>\n\t<meta name=\"twitter:data1\" content=\"1 minuto\" \/>\n<script type=\"application\/ld+json\" class=\"yoast-schema-graph\">{\"@context\":\"https:\/\/schema.org\",\"@graph\":[{\"@type\":\"WebPage\",\"@id\":\"https:\/\/vipgo.atsautomation.com\/atsautomation\/it\/investitori\/archivi-regolamentari-sedar\/\",\"url\":\"https:\/\/vipgo.atsautomation.com\/atsautomation\/it\/investitori\/archivi-regolamentari-sedar\/\",\"name\":\"Regulatory Filings | SEDAR | ATS Automation\",\"isPartOf\":{\"@id\":\"https:\/\/vipgo.atsautomation.com\/atsautomation\/it\/#website\"},\"primaryImageOfPage\":{\"@id\":\"https:\/\/vipgo.atsautomation.com\/atsautomation\/it\/investitori\/archivi-regolamentari-sedar\/#primaryimage\"},\"image\":{\"@id\":\"https:\/\/vipgo.atsautomation.com\/atsautomation\/it\/investitori\/archivi-regolamentari-sedar\/#primaryimage\"},\"thumbnailUrl\":\"https:\/\/vipgo.atsautomation.com\/atsautomation\/wp-content\/uploads\/sites\/9\/2020\/05\/ATS-LifeSciences-banner_1500x500.jpg\",\"datePublished\":\"2020-07-27T21:38:37+00:00\",\"dateModified\":\"2021-07-15T14:36:57+00:00\",\"description\":\"ATS Automation Tooling Systems Inc. public filings include regular quarterly reports on the financial performance of the company for shareholders. Access files.\",\"breadcrumb\":{\"@id\":\"https:\/\/vipgo.atsautomation.com\/atsautomation\/it\/investitori\/archivi-regolamentari-sedar\/#breadcrumb\"},\"inLanguage\":\"it-IT\",\"potentialAction\":[{\"@type\":\"ReadAction\",\"target\":[\"https:\/\/vipgo.atsautomation.com\/atsautomation\/it\/investitori\/archivi-regolamentari-sedar\/\"]}]},{\"@type\":\"ImageObject\",\"inLanguage\":\"it-IT\",\"@id\":\"https:\/\/vipgo.atsautomation.com\/atsautomation\/it\/investitori\/archivi-regolamentari-sedar\/#primaryimage\",\"url\":\"https:\/\/vipgo.atsautomation.com\/atsautomation\/wp-content\/uploads\/sites\/9\/2020\/05\/ATS-LifeSciences-banner_1500x500.jpg\",\"contentUrl\":\"https:\/\/vipgo.atsautomation.com\/atsautomation\/wp-content\/uploads\/sites\/9\/2020\/05\/ATS-LifeSciences-banner_1500x500.jpg\",\"width\":1500,\"height\":500},{\"@type\":\"BreadcrumbList\",\"@id\":\"https:\/\/vipgo.atsautomation.com\/atsautomation\/it\/investitori\/archivi-regolamentari-sedar\/#breadcrumb\",\"itemListElement\":[{\"@type\":\"ListItem\",\"position\":1,\"name\":\"Home\",\"item\":\"https:\/\/vipgo.atsautomation.com\/atsautomation\/it\/\"},{\"@type\":\"ListItem\",\"position\":2,\"name\":\"Investitori\",\"item\":\"https:\/\/vipgo.atsautomation.com\/atsautomation\/it\/investors\/\"},{\"@type\":\"ListItem\",\"position\":3,\"name\":\"Archivi regolamentari\"}]},{\"@type\":\"WebSite\",\"@id\":\"https:\/\/vipgo.atsautomation.com\/atsautomation\/it\/#website\",\"url\":\"https:\/\/vipgo.atsautomation.com\/atsautomation\/it\/\",\"name\":\"ATS Corporation\",\"description\":\"Just another vipgo.atsautomation.com site\",\"publisher\":{\"@id\":\"https:\/\/vipgo.atsautomation.com\/atsautomation\/it\/#organization\"},\"potentialAction\":[{\"@type\":\"SearchAction\",\"target\":{\"@type\":\"EntryPoint\",\"urlTemplate\":\"https:\/\/vipgo.atsautomation.com\/atsautomation\/it\/?s={search_term_string}\"},\"query-input\":{\"@type\":\"PropertyValueSpecification\",\"valueRequired\":true,\"valueName\":\"search_term_string\"}}],\"inLanguage\":\"it-IT\"},{\"@type\":\"Organization\",\"@id\":\"https:\/\/vipgo.atsautomation.com\/atsautomation\/it\/#organization\",\"name\":\"ATS Corporation\",\"url\":\"https:\/\/vipgo.atsautomation.com\/atsautomation\/it\/\",\"logo\":{\"@type\":\"ImageObject\",\"inLanguage\":\"it-IT\",\"@id\":\"https:\/\/vipgo.atsautomation.com\/atsautomation\/it\/#\/schema\/logo\/image\/\",\"url\":\"https:\/\/atsautomation.com\/wp-content\/uploads\/sites\/9\/2022\/11\/ATS-logo-colour-RGB_TM.png\",\"contentUrl\":\"https:\/\/atsautomation.com\/wp-content\/uploads\/sites\/9\/2022\/11\/ATS-logo-colour-RGB_TM.png\",\"width\":1880,\"height\":371,\"caption\":\"ATS Corporation\"},\"image\":{\"@id\":\"https:\/\/vipgo.atsautomation.com\/atsautomation\/it\/#\/schema\/logo\/image\/\"}}]}<\/script>\n<!-- \/ Yoast SEO Premium plugin. -->","yoast_head_json":{"title":"Regulatory Filings | SEDAR | ATS Automation","description":"ATS Automation Tooling Systems Inc. public filings include regular quarterly reports on the financial performance of the company for shareholders. Access files.","robots":{"index":"index","follow":"follow","max-snippet":"max-snippet:-1","max-image-preview":"max-image-preview:large","max-video-preview":"max-video-preview:-1"},"canonical":"https:\/\/vipgo.atsautomation.com\/atsautomation\/it\/investitori\/archivi-regolamentari-sedar\/","og_locale":"it_IT","og_type":"article","og_title":"Archivi regolamentari","og_description":"ATS Automation Tooling Systems Inc. public filings include regular quarterly reports on the financial performance of the company for shareholders. Access files.","og_url":"https:\/\/vipgo.atsautomation.com\/atsautomation\/it\/investitori\/archivi-regolamentari-sedar\/","og_site_name":"ATS Corporation","article_modified_time":"2021-07-15T14:36:57+00:00","og_image":[{"width":1500,"height":500,"url":"https:\/\/vipgo.atsautomation.com\/atsautomation\/wp-content\/uploads\/sites\/9\/2020\/05\/ATS-LifeSciences-banner_1500x500.jpg","type":"image\/jpeg"}],"twitter_card":"summary_large_image","twitter_misc":{"Tempo di lettura stimato":"1 minuto"},"schema":{"@context":"https:\/\/schema.org","@graph":[{"@type":"WebPage","@id":"https:\/\/vipgo.atsautomation.com\/atsautomation\/it\/investitori\/archivi-regolamentari-sedar\/","url":"https:\/\/vipgo.atsautomation.com\/atsautomation\/it\/investitori\/archivi-regolamentari-sedar\/","name":"Regulatory Filings | SEDAR | ATS Automation","isPartOf":{"@id":"https:\/\/vipgo.atsautomation.com\/atsautomation\/it\/#website"},"primaryImageOfPage":{"@id":"https:\/\/vipgo.atsautomation.com\/atsautomation\/it\/investitori\/archivi-regolamentari-sedar\/#primaryimage"},"image":{"@id":"https:\/\/vipgo.atsautomation.com\/atsautomation\/it\/investitori\/archivi-regolamentari-sedar\/#primaryimage"},"thumbnailUrl":"https:\/\/vipgo.atsautomation.com\/atsautomation\/wp-content\/uploads\/sites\/9\/2020\/05\/ATS-LifeSciences-banner_1500x500.jpg","datePublished":"2020-07-27T21:38:37+00:00","dateModified":"2021-07-15T14:36:57+00:00","description":"ATS Automation Tooling Systems Inc. public filings include regular quarterly reports on the financial performance of the company for shareholders. Access files.","breadcrumb":{"@id":"https:\/\/vipgo.atsautomation.com\/atsautomation\/it\/investitori\/archivi-regolamentari-sedar\/#breadcrumb"},"inLanguage":"it-IT","potentialAction":[{"@type":"ReadAction","target":["https:\/\/vipgo.atsautomation.com\/atsautomation\/it\/investitori\/archivi-regolamentari-sedar\/"]}]},{"@type":"ImageObject","inLanguage":"it-IT","@id":"https:\/\/vipgo.atsautomation.com\/atsautomation\/it\/investitori\/archivi-regolamentari-sedar\/#primaryimage","url":"https:\/\/vipgo.atsautomation.com\/atsautomation\/wp-content\/uploads\/sites\/9\/2020\/05\/ATS-LifeSciences-banner_1500x500.jpg","contentUrl":"https:\/\/vipgo.atsautomation.com\/atsautomation\/wp-content\/uploads\/sites\/9\/2020\/05\/ATS-LifeSciences-banner_1500x500.jpg","width":1500,"height":500},{"@type":"BreadcrumbList","@id":"https:\/\/vipgo.atsautomation.com\/atsautomation\/it\/investitori\/archivi-regolamentari-sedar\/#breadcrumb","itemListElement":[{"@type":"ListItem","position":1,"name":"Home","item":"https:\/\/vipgo.atsautomation.com\/atsautomation\/it\/"},{"@type":"ListItem","position":2,"name":"Investitori","item":"https:\/\/vipgo.atsautomation.com\/atsautomation\/it\/investors\/"},{"@type":"ListItem","position":3,"name":"Archivi regolamentari"}]},{"@type":"WebSite","@id":"https:\/\/vipgo.atsautomation.com\/atsautomation\/it\/#website","url":"https:\/\/vipgo.atsautomation.com\/atsautomation\/it\/","name":"ATS Corporation","description":"Just another vipgo.atsautomation.com site","publisher":{"@id":"https:\/\/vipgo.atsautomation.com\/atsautomation\/it\/#organization"},"potentialAction":[{"@type":"SearchAction","target":{"@type":"EntryPoint","urlTemplate":"https:\/\/vipgo.atsautomation.com\/atsautomation\/it\/?s={search_term_string}"},"query-input":{"@type":"PropertyValueSpecification","valueRequired":true,"valueName":"search_term_string"}}],"inLanguage":"it-IT"},{"@type":"Organization","@id":"https:\/\/vipgo.atsautomation.com\/atsautomation\/it\/#organization","name":"ATS Corporation","url":"https:\/\/vipgo.atsautomation.com\/atsautomation\/it\/","logo":{"@type":"ImageObject","inLanguage":"it-IT","@id":"https:\/\/vipgo.atsautomation.com\/atsautomation\/it\/#\/schema\/logo\/image\/","url":"https:\/\/atsautomation.com\/wp-content\/uploads\/sites\/9\/2022\/11\/ATS-logo-colour-RGB_TM.png","contentUrl":"https:\/\/atsautomation.com\/wp-content\/uploads\/sites\/9\/2022\/11\/ATS-logo-colour-RGB_TM.png","width":1880,"height":371,"caption":"ATS Corporation"},"image":{"@id":"https:\/\/vipgo.atsautomation.com\/atsautomation\/it\/#\/schema\/logo\/image\/"}}]}},"acf":[],"jetpack_sharing_enabled":true,"_links":{"self":[{"href":"https:\/\/vipgo.atsautomation.com\/atsautomation\/it\/wp-json\/wp\/v2\/pages\/20763","targetHints":{"allow":["GET"]}}],"collection":[{"href":"https:\/\/vipgo.atsautomation.com\/atsautomation\/it\/wp-json\/wp\/v2\/pages"}],"about":[{"href":"https:\/\/vipgo.atsautomation.com\/atsautomation\/it\/wp-json\/wp\/v2\/types\/page"}],"author":[{"embeddable":true,"href":"https:\/\/vipgo.atsautomation.com\/atsautomation\/it\/wp-json\/wp\/v2\/users\/3"}],"replies":[{"embeddable":true,"href":"https:\/\/vipgo.atsautomation.com\/atsautomation\/it\/wp-json\/wp\/v2\/comments?post=20763"}],"version-history":[{"count":4,"href":"https:\/\/vipgo.atsautomation.com\/atsautomation\/it\/wp-json\/wp\/v2\/pages\/20763\/revisions"}],"predecessor-version":[{"id":30566,"href":"https:\/\/vipgo.atsautomation.com\/atsautomation\/it\/wp-json\/wp\/v2\/pages\/20763\/revisions\/30566"}],"up":[{"embeddable":true,"href":"https:\/\/vipgo.atsautomation.com\/atsautomation\/it\/wp-json\/wp\/v2\/pages\/11451"}],"wp:featuredmedia":[{"embeddable":true,"href":"https:\/\/vipgo.atsautomation.com\/atsautomation\/it\/wp-json\/wp\/v2\/media\/6667"}],"wp:attachment":[{"href":"https:\/\/vipgo.atsautomation.com\/atsautomation\/it\/wp-json\/wp\/v2\/media?parent=20763"}],"curies":[{"name":"wp","href":"https:\/\/api.w.org\/{rel}","templated":true}]}}