{"id":11371,"date":"2024-08-27T14:23:24","date_gmt":"2024-08-27T14:23:24","guid":{"rendered":"https:\/\/iwk.de\/?page_id=11371"},"modified":"2026-03-04T20:02:23","modified_gmt":"2026-03-04T20:02:23","slug":"stellenangebote","status":"publish","type":"page","link":"https:\/\/vipgo.atsautomation.com\/iwk-de\/%20%20\/karriere\/stellenangebote\/","title":{"rendered":"STELLENANGEBOTE"},"content":{"rendered":"\t\t<div data-elementor-type=\"wp-page\" data-elementor-id=\"11371\" class=\"elementor elementor-11371\">\n\t\t\t\t\t\t\t\t\t<section class=\"elementor-section elementor-top-section elementor-element elementor-element-71ac6609 elementor-section-boxed elementor-section-height-default elementor-section-height-default\" data-id=\"71ac6609\" data-element_type=\"section\">\n\t\t\t\t\t\t<div class=\"elementor-container elementor-column-gap-default\">\n\t\t\t\t\t<div class=\"elementor-column elementor-col-100 elementor-top-column elementor-element elementor-element-2e6da26b\" data-id=\"2e6da26b\" data-element_type=\"column\">\n\t\t\t<div class=\"elementor-widget-wrap elementor-element-populated\">\n\t\t\t\t\t\t\t\t<div class=\"elementor-element elementor-element-4d8df867 elementor-widget elementor-widget-text-editor\" data-id=\"4d8df867\" data-element_type=\"widget\" data-widget_type=\"text-editor.default\">\n\t\t\t\t<div class=\"elementor-widget-container\">\n\t\t\t<style>\/*! elementor - v3.14.0 - 26-06-2023 *\/\n.elementor-widget-text-editor.elementor-drop-cap-view-stacked .elementor-drop-cap{background-color:#69727d;color:#fff}.elementor-widget-text-editor.elementor-drop-cap-view-framed .elementor-drop-cap{color:#69727d;border:3px solid;background-color:transparent}.elementor-widget-text-editor:not(.elementor-drop-cap-view-default) .elementor-drop-cap{margin-top:8px}.elementor-widget-text-editor:not(.elementor-drop-cap-view-default) .elementor-drop-cap-letter{width:1em;height:1em}.elementor-widget-text-editor .elementor-drop-cap{float:left;text-align:center;line-height:1;font-size:50px}.elementor-widget-text-editor .elementor-drop-cap-letter{display:inline-block}<\/style>\t\t\t\t<div class=\"glance-second\">\n<ul>\n<li class=\"home-main row\" style=\"text-align: left;\">\n<ul>\n<li>\n<p><span><span><a href=\"https:\/\/vipgo.atsautomation.com\/iwk-de\/%20%20\/\">HOME<\/a><\/span><\/span><br \/><img decoding=\"async\" class=\"alignnone size-medium wp-image-8013\" style=\"height: 6px; width: 70%; margin-top: 30px;\" src=\"https:\/\/iwk.de\/wp-content\/uploads\/sites\/22\/2021\/10\/GRAPHICS-IWK_color_gradient_bar.png?w=300\" alt=\"\" width=\"70%\" height=\"6px\" srcset=\"https:\/\/vipgo.atsautomation.com\/iwk-de\/%20%20\/wp-content\/uploads\/sites\/22\/2021\/10\/GRAPHICS-IWK_color_gradient_bar.png 1584w, https:\/\/vipgo.atsautomation.com\/iwk-de\/%20%20\/wp-content\/uploads\/sites\/22\/2021\/10\/GRAPHICS-IWK_color_gradient_bar.png?resize=300,6 300w, https:\/\/vipgo.atsautomation.com\/iwk-de\/%20%20\/wp-content\/uploads\/sites\/22\/2021\/10\/GRAPHICS-IWK_color_gradient_bar.png?resize=768,16 768w, https:\/\/vipgo.atsautomation.com\/iwk-de\/%20%20\/wp-content\/uploads\/sites\/22\/2021\/10\/GRAPHICS-IWK_color_gradient_bar.png?resize=1024,22 1024w, https:\/\/vipgo.atsautomation.com\/iwk-de\/%20%20\/wp-content\/uploads\/sites\/22\/2021\/10\/GRAPHICS-IWK_color_gradient_bar.png?resize=1536,33 1536w, https:\/\/vipgo.atsautomation.com\/iwk-de\/%20%20\/wp-content\/uploads\/sites\/22\/2021\/10\/GRAPHICS-IWK_color_gradient_bar.png?resize=700,15 700w\" sizes=\"(max-width: 1584px) 100vw, 1584px\" \/><\/p>\n<div class=\"machineMixedHeader\">\n<h4 class=\"newMachineHeader\">Willkommen im IWK Team<\/h4>\n<h1 class=\"newMachineHeader\">WERDE VERPACKUNGSEXPERTE<\/h1>\n<\/div>\n<p>Die IWK Verpackungstechnik GmbH mit Sitz in Stutensee, ein Unternehmen der <a href=\"https:\/\/atsautomation.com\/de\/\"><b> ATS Gruppe<\/b><\/a> mit weltweit rund 7.500 Mitarbeitern an 65 internationalen Standorten, geh\u00f6rt zu den weltweit f\u00fchrenden Herstellern von Verpackungsmaschinen. Hier werden anspruchsvolle Verpackungsl\u00f6sungen f\u00fcr die Pharma- und Kosmetikindustrie entwickelt und gebaut. Unsere Tubenf\u00fcller und Kartonier-Systeme sind weltweit bei Kunden im Einsatz. Permanente Innovationen, hohe Zuverl\u00e4ssigkeit und striktes Qualit\u00e4tsbewusstsein haben unsere international f\u00fchrende Weltmarktstellung gefestigt. Unsere anspruchsvollen Kunden erwarten ma\u00dfgeschneiderte und optimale kundenspezifische L\u00f6sungen, die ihre technische und wirtschaftliche Leistungsf\u00e4higkeit entscheidend verbessern. Hierzu verf\u00fcgen wir \u00fcber langj\u00e4hriges Know-how und wegweisende Technologien im Maschinenbau.<\/p>\n<h1>Aktuelle Stellenangebote<\/h1>\n<\/li>\n<li><a href=\"https:\/\/jobs.atsautomation.com\/job\/Stutensee-Servicetechniker-mechanik-%28mwd%29-BW-76297\/1283747901\/\"><strong>Servicetechniker Mechanik (m\/w\/d)<\/strong><\/a><\/li>\n<li><strong><a href=\"https:\/\/jobs.atsautomation.com\/job\/Stutensee-Mitarbeiter-%28mwd%29-Maschinenmontage-Elektrik-BW-76297\/1192023801\/\">Inbetriebnehmer Elektrik (Maschinenmontage) (m\/w\/d)<\/a><\/strong><\/li>\n<li><strong><a href=\"https:\/\/jobs.atsautomation.com\/job\/Stutensee-Mitarbeiter-%28mwd%29-Maschinenmontage-Mechanik-BW-76297\/1192024701\/\">Inbetriebnehmer Mechanik (Maschinenmontage) (m\/w\/d)<\/a><\/strong><\/li>\n<li><a href=\"https:\/\/jobs.atsautomation.com\/job\/Stutensee-Studenten%2C-Werkstudenten%2C-Praktikanten-mwd-BW-76297\/540089001\/\"><b>Studenten, Werkstudenten, Praktikanten (m\/w\/d)<\/b><\/a><\/li>\n<li><a href=\"https:\/\/jobs.atsautomation.com\/job\/Stutensee-Bachelor-%2C-Masterthesis-Technikerarbeiten-BW-76297\/566561501\/\"><strong>Bachelor-, Masterthesis \/ Technikerarbeiten (m\/w\/d)<\/strong><\/a><\/li>\n<li><strong><a href=\"https:\/\/jobs.atsautomation.com\/job\/Stutensee-Duales-Studium-im-Bereich-Verpackungstechnologie-%28Sustainable-Science-and-Technology%29-BW-76297\/1193941801\/\">Duales Studium im Bereich Verpackungstechnologie (Sustainable Science and Technology) (m\/w\/d)<\/a><\/strong><\/li>\n<\/ul>\n<\/li>\n<\/ul>\n<\/div>\n<div class=\"glance-second\">\n<div class=\"home-main row\">\n<p><a class=\"backLink\" href=\"https:\/\/iwk.de\/karriere\/\" target=\"_self\" rel=\"noopener\">ZUR\u00dcCK ZU \u201eKARRIERE\u201c<\/a><\/p>\n<\/div>\n<\/div>\n<p><!-- wp:list --><\/p>\n<ul>\n<li style=\"list-style-type: none;\">\n<ul><!-- wp:list-item --><\/ul>\n<\/li>\n<\/ul>\n<ul>\n<li style=\"list-style-type: none;\">\n<ul>\n<li>\u00a0<\/li>\n<\/ul>\n<\/li>\n<\/ul>\n<p><!-- \/wp:list-item --><!-- wp:list-item --><\/p>\n<ul>\n<li style=\"list-style-type: none;\">\n<ul>\n<li>\u00a0<\/li>\n<\/ul>\n<\/li>\n<\/ul>\n<p><!-- \/wp:list-item --><\/p>\n<p><!-- \/wp:list --><!-- wp:list --><\/p>\n<ul>\n<li style=\"list-style-type: none;\">\n<ul><!-- wp:list-item --><\/ul>\n<\/li>\n<\/ul>\n<ul>\n<li style=\"list-style-type: none;\">\n<ul>\n<li>\u00a0<\/li>\n<\/ul>\n<\/li>\n<\/ul>\n<p><!-- \/wp:list-item --><\/p>\n<p><!-- \/wp:list --><!-- wp:list --><\/p>\n<ul>\n<li style=\"list-style-type: none;\">\n<ul><!-- wp:list-item --><\/ul>\n<\/li>\n<\/ul>\n<ul>\n<li style=\"list-style-type: none;\">\n<ul>\n<li>\u00a0<\/li>\n<\/ul>\n<\/li>\n<\/ul>\n<p><!-- \/wp:list-item --><!-- wp:list-item --><\/p>\n<ul>\n<li style=\"list-style-type: none;\">\n<ul>\n<li>\u00a0<\/li>\n<\/ul>\n<\/li>\n<\/ul>\n<p><!-- \/wp:list-item --><!-- wp:list-item --><\/p>\n<ul>\n<li style=\"list-style-type: none;\">\n<ul>\n<li>\u00a0<\/li>\n<\/ul>\n<\/li>\n<\/ul>\n<p><!-- \/wp:list-item --><!-- wp:list-item --><\/p>\n<ul>\n<li style=\"list-style-type: none;\">\n<ul>\n<li>\u00a0<\/li>\n<\/ul>\n<\/li>\n<\/ul>\n<p><!-- \/wp:list-item --><!-- wp:list-item --><\/p>\n<ul>\n<li style=\"list-style-type: none;\">\n<ul>\n<li>\u00a0<\/li>\n<\/ul>\n<\/li>\n<\/ul>\n<p><!-- \/wp:list-item --><!-- wp:list-item {\"style\":{\"typography\":{\"fontStyle\":\"normal\",\"fontWeight\":\"700\"}},\"fontSize\":\"medium\"} --><\/p>\n<ul>\n<li style=\"list-style-type: none;\">\n<ul>\n<li class=\"has-medium-font-size\" style=\"font-style: normal; font-weight: bold;\">\u00a0<\/li>\n<\/ul>\n<\/li>\n<\/ul>\n<p><!-- \/wp:list-item --><\/p>\n<p><!-- \/wp:list --><\/p>\t\t\t\t\t\t<\/div>\n\t\t\t\t<\/div>\n\t\t\t\t\t<\/div>\n\t\t<\/div>\n\t\t\t\t\t\t\t<\/div>\n\t\t<\/section>\n\t\t\t\t\t\t\t<\/div>\n\t\t","protected":false},"excerpt":{"rendered":"<p>Willkommen im IWK Team WERDE VERPACKUNGSEXPERTE Die IWK Verpackungstechnik GmbH mit Sitz in Stutensee, ein Unternehmen der ATS Gruppe mit weltweit rund 7.500 Mitarbeitern an 65 internationalen Standorten, geh\u00f6rt zu den weltweit f\u00fchrenden Herstellern von Verpackungsmaschinen. Hier werden anspruchsvolle Verpackungsl\u00f6sungen f\u00fcr die Pharma- und Kosmetikindustrie entwickelt und gebaut. Unsere Tubenf\u00fcller und Kartonier-Systeme sind weltweit bei&#8230;<\/p>\n<div class=\"post-button\"><a href=\"https:\/\/vipgo.atsautomation.com\/iwk-de\/%20%20\/karriere\/stellenangebote\/\">Read More<\/a><\/div>\n","protected":false},"author":536,"featured_media":8322,"parent":3365,"menu_order":0,"comment_status":"closed","ping_status":"closed","template":"","meta":{"inline_featured_image":false,"footnotes":""},"class_list":["post-11371","page","type-page","status-publish","has-post-thumbnail","hentry"],"yoast_head":"<!-- This site is optimized with the Yoast SEO Premium plugin v26.8 (Yoast SEO v26.8) - https:\/\/yoast.com\/product\/yoast-seo-premium-wordpress\/ -->\n<title>STELLENANGEBOTE - Innovative And Customized Manufacturing Solutions<\/title>\n<meta name=\"robots\" content=\"index, follow, max-snippet:-1, max-image-preview:large, max-video-preview:-1\" \/>\n<link rel=\"canonical\" href=\"https:\/\/vipgo.atsautomation.com\/iwk-de\/%20%20\/karriere\/stellenangebote\/\" \/>\n<meta property=\"og:locale\" content=\"de_DE\" \/>\n<meta property=\"og:type\" content=\"article\" \/>\n<meta property=\"og:title\" content=\"STELLENANGEBOTE\" \/>\n<meta property=\"og:description\" content=\"Willkommen im IWK Team WERDE VERPACKUNGSEXPERTE Die IWK Verpackungstechnik GmbH mit Sitz in Stutensee, ein Unternehmen der ATS Gruppe mit weltweit rund 7.500 Mitarbeitern an 65 internationalen Standorten, geh\u00f6rt zu den weltweit f\u00fchrenden Herstellern von Verpackungsmaschinen. Hier werden anspruchsvolle Verpackungsl\u00f6sungen f\u00fcr die Pharma- und Kosmetikindustrie entwickelt und gebaut. Unsere Tubenf\u00fcller und Kartonier-Systeme sind weltweit bei...Read More\" \/>\n<meta property=\"og:url\" content=\"https:\/\/vipgo.atsautomation.com\/iwk-de\/  \/karriere\/stellenangebote\/\" \/>\n<meta property=\"og:site_name\" content=\"Innovative And Customized Manufacturing Solutions\" \/>\n<meta property=\"article:modified_time\" content=\"2026-03-04T20:02:23+00:00\" \/>\n<meta property=\"og:image\" content=\"https:\/\/vipgo.atsautomation.com\/iwk-de\/%20%20\/wp-content\/uploads\/sites\/22\/2021\/10\/cropped-IMG-HEADER_Ausbildungsplaetze.jpg\" \/>\n\t<meta property=\"og:image:width\" content=\"2600\" \/>\n\t<meta property=\"og:image:height\" content=\"901\" \/>\n\t<meta property=\"og:image:type\" content=\"image\/jpeg\" \/>\n<meta name=\"twitter:card\" content=\"summary_large_image\" \/>\n<meta name=\"twitter:label1\" content=\"Gesch\u00e4tzte Lesezeit\" \/>\n\t<meta name=\"twitter:data1\" content=\"1 Minute\" \/>\n<script type=\"application\/ld+json\" class=\"yoast-schema-graph\">{\"@context\":\"https:\/\/schema.org\",\"@graph\":[{\"@type\":\"WebPage\",\"@id\":\"https:\/\/vipgo.atsautomation.com\/iwk-de\/%20%20\/karriere\/stellenangebote\/\",\"url\":\"https:\/\/vipgo.atsautomation.com\/iwk-de\/%20%20\/karriere\/stellenangebote\/\",\"name\":\"STELLENANGEBOTE - Innovative And Customized Manufacturing Solutions\",\"isPartOf\":{\"@id\":\"https:\/\/vipgo.atsautomation.com\/iwk-de\/%20%20\/#website\"},\"primaryImageOfPage\":{\"@id\":\"https:\/\/vipgo.atsautomation.com\/iwk-de\/%20%20\/karriere\/stellenangebote\/#primaryimage\"},\"image\":{\"@id\":\"https:\/\/vipgo.atsautomation.com\/iwk-de\/%20%20\/karriere\/stellenangebote\/#primaryimage\"},\"thumbnailUrl\":\"https:\/\/vipgo.atsautomation.com\/iwk-de\/%20%20\/wp-content\/uploads\/sites\/22\/2021\/10\/cropped-IMG-HEADER_Ausbildungsplaetze.jpg\",\"datePublished\":\"2024-08-27T14:23:24+00:00\",\"dateModified\":\"2026-03-04T20:02:23+00:00\",\"breadcrumb\":{\"@id\":\"https:\/\/vipgo.atsautomation.com\/iwk-de\/%20%20\/karriere\/stellenangebote\/#breadcrumb\"},\"inLanguage\":\"de-DE\",\"potentialAction\":[{\"@type\":\"ReadAction\",\"target\":[\"https:\/\/vipgo.atsautomation.com\/iwk-de\/%20%20\/karriere\/stellenangebote\/\"]}]},{\"@type\":\"ImageObject\",\"inLanguage\":\"de-DE\",\"@id\":\"https:\/\/vipgo.atsautomation.com\/iwk-de\/%20%20\/karriere\/stellenangebote\/#primaryimage\",\"url\":\"https:\/\/vipgo.atsautomation.com\/iwk-de\/%20%20\/wp-content\/uploads\/sites\/22\/2021\/10\/cropped-IMG-HEADER_Ausbildungsplaetze.jpg\",\"contentUrl\":\"https:\/\/vipgo.atsautomation.com\/iwk-de\/%20%20\/wp-content\/uploads\/sites\/22\/2021\/10\/cropped-IMG-HEADER_Ausbildungsplaetze.jpg\",\"width\":2600,\"height\":901},{\"@type\":\"BreadcrumbList\",\"@id\":\"https:\/\/vipgo.atsautomation.com\/iwk-de\/%20%20\/karriere\/stellenangebote\/#breadcrumb\",\"itemListElement\":[{\"@type\":\"ListItem\",\"position\":1,\"name\":\"HOME\",\"item\":\"https:\/\/vipgo.atsautomation.com\/iwk-de\/%20%20\/\"},{\"@type\":\"ListItem\",\"position\":2,\"name\":\"KARRIERE\",\"item\":\"https:\/\/vipgo.atsautomation.com\/iwk-de\/%20%20\/karriere\/\"},{\"@type\":\"ListItem\",\"position\":3,\"name\":\"STELLENANGEBOTE\"}]},{\"@type\":\"WebSite\",\"@id\":\"https:\/\/vipgo.atsautomation.com\/iwk-de\/%20%20\/#website\",\"url\":\"https:\/\/vipgo.atsautomation.com\/iwk-de\/%20%20\/\",\"name\":\"Innovative And Customized Manufacturing Solutions\",\"description\":\"\",\"publisher\":{\"@id\":\"https:\/\/vipgo.atsautomation.com\/iwk-de\/%20%20\/#organization\"},\"potentialAction\":[{\"@type\":\"SearchAction\",\"target\":{\"@type\":\"EntryPoint\",\"urlTemplate\":\"https:\/\/vipgo.atsautomation.com\/iwk-de\/%20%20\/?s={search_term_string}\"},\"query-input\":{\"@type\":\"PropertyValueSpecification\",\"valueRequired\":true,\"valueName\":\"search_term_string\"}}],\"inLanguage\":\"de-DE\"},{\"@type\":\"Organization\",\"@id\":\"https:\/\/vipgo.atsautomation.com\/iwk-de\/%20%20\/#organization\",\"name\":\"Innovative And Customized Manufacturing Solutions\",\"url\":\"https:\/\/vipgo.atsautomation.com\/iwk-de\/%20%20\/\",\"logo\":{\"@type\":\"ImageObject\",\"inLanguage\":\"de-DE\",\"@id\":\"https:\/\/vipgo.atsautomation.com\/iwk-de\/%20%20\/#\/schema\/logo\/image\/\",\"url\":\"https:\/\/vipgo.atsautomation.com\/iwk-de\/%20%20\/wp-content\/uploads\/sites\/22\/2023\/02\/LOGO_IWK_4c_Size_2.png\",\"contentUrl\":\"https:\/\/vipgo.atsautomation.com\/iwk-de\/%20%20\/wp-content\/uploads\/sites\/22\/2023\/02\/LOGO_IWK_4c_Size_2.png\",\"width\":238,\"height\":137,\"caption\":\"Innovative And Customized Manufacturing Solutions\"},\"image\":{\"@id\":\"https:\/\/vipgo.atsautomation.com\/iwk-de\/%20%20\/#\/schema\/logo\/image\/\"}}]}<\/script>\n<!-- \/ Yoast SEO Premium plugin. -->","yoast_head_json":{"title":"STELLENANGEBOTE - Innovative And Customized Manufacturing Solutions","robots":{"index":"index","follow":"follow","max-snippet":"max-snippet:-1","max-image-preview":"max-image-preview:large","max-video-preview":"max-video-preview:-1"},"canonical":"https:\/\/vipgo.atsautomation.com\/iwk-de\/  \/karriere\/stellenangebote\/","og_locale":"de_DE","og_type":"article","og_title":"STELLENANGEBOTE","og_description":"Willkommen im IWK Team WERDE VERPACKUNGSEXPERTE Die IWK Verpackungstechnik GmbH mit Sitz in Stutensee, ein Unternehmen der ATS Gruppe mit weltweit rund 7.500 Mitarbeitern an 65 internationalen Standorten, geh\u00f6rt zu den weltweit f\u00fchrenden Herstellern von Verpackungsmaschinen. Hier werden anspruchsvolle Verpackungsl\u00f6sungen f\u00fcr die Pharma- und Kosmetikindustrie entwickelt und gebaut. Unsere Tubenf\u00fcller und Kartonier-Systeme sind weltweit bei...Read More","og_url":"https:\/\/vipgo.atsautomation.com\/iwk-de\/  \/karriere\/stellenangebote\/","og_site_name":"Innovative And Customized Manufacturing Solutions","article_modified_time":"2026-03-04T20:02:23+00:00","og_image":[{"width":2600,"height":901,"url":"https:\/\/vipgo.atsautomation.com\/iwk-de\/%20%20\/wp-content\/uploads\/sites\/22\/2021\/10\/cropped-IMG-HEADER_Ausbildungsplaetze.jpg","type":"image\/jpeg"}],"twitter_card":"summary_large_image","twitter_misc":{"Gesch\u00e4tzte Lesezeit":"1 Minute"},"schema":{"@context":"https:\/\/schema.org","@graph":[{"@type":"WebPage","@id":"https:\/\/vipgo.atsautomation.com\/iwk-de\/%20%20\/karriere\/stellenangebote\/","url":"https:\/\/vipgo.atsautomation.com\/iwk-de\/%20%20\/karriere\/stellenangebote\/","name":"STELLENANGEBOTE - Innovative And Customized Manufacturing Solutions","isPartOf":{"@id":"https:\/\/vipgo.atsautomation.com\/iwk-de\/%20%20\/#website"},"primaryImageOfPage":{"@id":"https:\/\/vipgo.atsautomation.com\/iwk-de\/%20%20\/karriere\/stellenangebote\/#primaryimage"},"image":{"@id":"https:\/\/vipgo.atsautomation.com\/iwk-de\/%20%20\/karriere\/stellenangebote\/#primaryimage"},"thumbnailUrl":"https:\/\/vipgo.atsautomation.com\/iwk-de\/%20%20\/wp-content\/uploads\/sites\/22\/2021\/10\/cropped-IMG-HEADER_Ausbildungsplaetze.jpg","datePublished":"2024-08-27T14:23:24+00:00","dateModified":"2026-03-04T20:02:23+00:00","breadcrumb":{"@id":"https:\/\/vipgo.atsautomation.com\/iwk-de\/%20%20\/karriere\/stellenangebote\/#breadcrumb"},"inLanguage":"de-DE","potentialAction":[{"@type":"ReadAction","target":["https:\/\/vipgo.atsautomation.com\/iwk-de\/%20%20\/karriere\/stellenangebote\/"]}]},{"@type":"ImageObject","inLanguage":"de-DE","@id":"https:\/\/vipgo.atsautomation.com\/iwk-de\/%20%20\/karriere\/stellenangebote\/#primaryimage","url":"https:\/\/vipgo.atsautomation.com\/iwk-de\/%20%20\/wp-content\/uploads\/sites\/22\/2021\/10\/cropped-IMG-HEADER_Ausbildungsplaetze.jpg","contentUrl":"https:\/\/vipgo.atsautomation.com\/iwk-de\/%20%20\/wp-content\/uploads\/sites\/22\/2021\/10\/cropped-IMG-HEADER_Ausbildungsplaetze.jpg","width":2600,"height":901},{"@type":"BreadcrumbList","@id":"https:\/\/vipgo.atsautomation.com\/iwk-de\/%20%20\/karriere\/stellenangebote\/#breadcrumb","itemListElement":[{"@type":"ListItem","position":1,"name":"HOME","item":"https:\/\/vipgo.atsautomation.com\/iwk-de\/%20%20\/"},{"@type":"ListItem","position":2,"name":"KARRIERE","item":"https:\/\/vipgo.atsautomation.com\/iwk-de\/%20%20\/karriere\/"},{"@type":"ListItem","position":3,"name":"STELLENANGEBOTE"}]},{"@type":"WebSite","@id":"https:\/\/vipgo.atsautomation.com\/iwk-de\/%20%20\/#website","url":"https:\/\/vipgo.atsautomation.com\/iwk-de\/%20%20\/","name":"Innovative And Customized Manufacturing Solutions","description":"","publisher":{"@id":"https:\/\/vipgo.atsautomation.com\/iwk-de\/%20%20\/#organization"},"potentialAction":[{"@type":"SearchAction","target":{"@type":"EntryPoint","urlTemplate":"https:\/\/vipgo.atsautomation.com\/iwk-de\/%20%20\/?s={search_term_string}"},"query-input":{"@type":"PropertyValueSpecification","valueRequired":true,"valueName":"search_term_string"}}],"inLanguage":"de-DE"},{"@type":"Organization","@id":"https:\/\/vipgo.atsautomation.com\/iwk-de\/%20%20\/#organization","name":"Innovative And Customized Manufacturing Solutions","url":"https:\/\/vipgo.atsautomation.com\/iwk-de\/%20%20\/","logo":{"@type":"ImageObject","inLanguage":"de-DE","@id":"https:\/\/vipgo.atsautomation.com\/iwk-de\/%20%20\/#\/schema\/logo\/image\/","url":"https:\/\/vipgo.atsautomation.com\/iwk-de\/%20%20\/wp-content\/uploads\/sites\/22\/2023\/02\/LOGO_IWK_4c_Size_2.png","contentUrl":"https:\/\/vipgo.atsautomation.com\/iwk-de\/%20%20\/wp-content\/uploads\/sites\/22\/2023\/02\/LOGO_IWK_4c_Size_2.png","width":238,"height":137,"caption":"Innovative And Customized Manufacturing Solutions"},"image":{"@id":"https:\/\/vipgo.atsautomation.com\/iwk-de\/%20%20\/#\/schema\/logo\/image\/"}}]}},"jetpack_sharing_enabled":true,"_links":{"self":[{"href":"https:\/\/vipgo.atsautomation.com\/iwk-de\/%20%20\/wp-json\/wp\/v2\/pages\/11371","targetHints":{"allow":["GET"]}}],"collection":[{"href":"https:\/\/vipgo.atsautomation.com\/iwk-de\/%20%20\/wp-json\/wp\/v2\/pages"}],"about":[{"href":"https:\/\/vipgo.atsautomation.com\/iwk-de\/%20%20\/wp-json\/wp\/v2\/types\/page"}],"author":[{"embeddable":true,"href":"https:\/\/vipgo.atsautomation.com\/iwk-de\/%20%20\/wp-json\/wp\/v2\/users\/536"}],"replies":[{"embeddable":true,"href":"https:\/\/vipgo.atsautomation.com\/iwk-de\/%20%20\/wp-json\/wp\/v2\/comments?post=11371"}],"version-history":[{"count":111,"href":"https:\/\/vipgo.atsautomation.com\/iwk-de\/%20%20\/wp-json\/wp\/v2\/pages\/11371\/revisions"}],"predecessor-version":[{"id":11786,"href":"https:\/\/vipgo.atsautomation.com\/iwk-de\/%20%20\/wp-json\/wp\/v2\/pages\/11371\/revisions\/11786"}],"up":[{"embeddable":true,"href":"https:\/\/vipgo.atsautomation.com\/iwk-de\/%20%20\/wp-json\/wp\/v2\/pages\/3365"}],"wp:featuredmedia":[{"embeddable":true,"href":"https:\/\/vipgo.atsautomation.com\/iwk-de\/%20%20\/wp-json\/wp\/v2\/media\/8322"}],"wp:attachment":[{"href":"https:\/\/vipgo.atsautomation.com\/iwk-de\/%20%20\/wp-json\/wp\/v2\/media?parent=11371"}],"curies":[{"name":"wp","href":"https:\/\/api.w.org\/{rel}","templated":true}]}}