{"id":2481,"date":"2021-01-07T16:36:17","date_gmt":"2021-01-07T16:36:17","guid":{"rendered":"https:\/\/iwk.de\/en\/projektierung\/"},"modified":"2022-06-20T08:09:51","modified_gmt":"2022-06-20T08:09:51","slug":"projektierung","status":"publish","type":"page","link":"https:\/\/vipgo.atsautomation.com\/iwk-de\/%20%20\/beratung\/projektierung\/","title":{"rendered":"PROJEKTIERUNG"},"content":{"rendered":"<div class=\"home-main row\">\n<span><span><a href=\"https:\/\/vipgo.atsautomation.com\/iwk-de\/%20%20\/\">HOME<\/a><\/span><\/span><\/p>\n<h2>Kein Projekt ohne Pre-Engineering<\/h2>\n<p><strong>PRE-ENGINEERING LEADING THE WAY\u00a0<\/strong><\/p>\n<p>Wir glauben, dass Innovation der Schl\u00fcssel ist, um erstklassige Produkte f\u00fcr unsere Kunden zu erzielen. Unser Pre-Engineering Team sucht immer nach Wegen, um bessere L\u00f6sungen f\u00fcr unsere Kunden zu entwickeln.&nbsp;<\/p>\n<p><strong>PRE-ENGINEERING INNOVATION STARTS WITH FORESIGHT<\/strong><\/p>\n<p>Unser Pre-Engineering Team unterst\u00fctzt mit fachlich fundierter Beratung ab der ersten Idee bis zur Vollendung.&nbsp;<\/p>\n<p><strong>PRE-ENGINEERING CORE COMPETENCE<\/strong><\/p>\n<p>Von Kleinstanlagen bis zur High-End Turn-Key-Linie. Fokussiert auf kundenindividuelle L\u00f6sungen f\u00fcr die jeweilige Aufgabe \u00fcber den kompletten Produktlebenszyklus.&nbsp;<\/p>\n<p><strong>PRE-ENGINEERING CUSTOMER SUPPORT<\/strong><\/p>\n<p>Unser Pre-Engineering Team \u00fcbernimmt die Kl\u00e4rung der Schnittstellen und betreibt die Funktionsoptimierung f\u00fcr den ma\u00dfgeschneiderten Verpackungsprozess.&nbsp;<\/p>\n<p><a class=\"backLink\" href=\"\/\/iwk.de\/de\/beratung\" rel=\"noopener\">ZUR\u00dcCK ZU \u201eBERATUNG\u201c<\/a><\/p>\n<\/div>\n","protected":false},"excerpt":{"rendered":"<p>Kein Projekt ohne Pre-Engineering PRE-ENGINEERING LEADING THE WAY\u00a0 Wir glauben, dass Innovation der Schl\u00fcssel ist, um erstklassige Produkte f\u00fcr unsere Kunden zu erzielen. Unser Pre-Engineering Team sucht immer nach Wegen, um bessere L\u00f6sungen f\u00fcr unsere Kunden zu entwickeln.&nbsp; PRE-ENGINEERING INNOVATION STARTS WITH FORESIGHT Unser Pre-Engineering Team unterst\u00fctzt mit fachlich fundierter Beratung ab der ersten Idee&#8230;<\/p>\n<div class=\"post-button\"><a href=\"https:\/\/vipgo.atsautomation.com\/iwk-de\/%20%20\/beratung\/projektierung\/\">Read More<\/a><\/div>\n","protected":false},"author":3,"featured_media":2084,"parent":2909,"menu_order":0,"comment_status":"closed","ping_status":"closed","template":"","meta":{"inline_featured_image":false,"footnotes":""},"class_list":["post-2481","page","type-page","status-publish","has-post-thumbnail","hentry"],"yoast_head":"<!-- This site is optimized with the Yoast SEO Premium plugin v26.8 (Yoast SEO v26.8) - https:\/\/yoast.com\/product\/yoast-seo-premium-wordpress\/ -->\n<title>PROJEKTIERUNG - Innovative And Customized Manufacturing Solutions<\/title>\n<meta name=\"robots\" content=\"index, follow, max-snippet:-1, max-image-preview:large, max-video-preview:-1\" \/>\n<link rel=\"canonical\" href=\"https:\/\/vipgo.atsautomation.com\/iwk-de\/%20%20\/beratung\/projektierung\/\" \/>\n<meta property=\"og:locale\" content=\"de_DE\" \/>\n<meta property=\"og:type\" content=\"article\" \/>\n<meta property=\"og:title\" content=\"PROJEKTIERUNG\" \/>\n<meta property=\"og:description\" content=\"Kein Projekt ohne Pre-Engineering PRE-ENGINEERING LEADING THE WAY\u00a0 Wir glauben, dass Innovation der Schl\u00fcssel ist, um erstklassige Produkte f\u00fcr unsere Kunden zu erzielen. Unser Pre-Engineering Team sucht immer nach Wegen, um bessere L\u00f6sungen f\u00fcr unsere Kunden zu entwickeln.&nbsp; PRE-ENGINEERING INNOVATION STARTS WITH FORESIGHT Unser Pre-Engineering Team unterst\u00fctzt mit fachlich fundierter Beratung ab der ersten Idee...Read More\" \/>\n<meta property=\"og:url\" content=\"https:\/\/vipgo.atsautomation.com\/iwk-de\/  \/beratung\/projektierung\/\" \/>\n<meta property=\"og:site_name\" content=\"Innovative And Customized Manufacturing Solutions\" \/>\n<meta property=\"article:modified_time\" content=\"2022-06-20T08:09:51+00:00\" \/>\n<meta property=\"og:image\" content=\"https:\/\/vipgo.atsautomation.com\/iwk-de\/%20%20\/wp-content\/uploads\/sites\/22\/2021\/01\/consulting.jpg\" \/>\n\t<meta property=\"og:image:width\" content=\"1899\" \/>\n\t<meta property=\"og:image:height\" content=\"724\" \/>\n\t<meta property=\"og:image:type\" content=\"image\/jpeg\" \/>\n<meta name=\"twitter:card\" content=\"summary_large_image\" \/>\n<meta name=\"twitter:label1\" content=\"Gesch\u00e4tzte Lesezeit\" \/>\n\t<meta name=\"twitter:data1\" content=\"1 Minute\" \/>\n<script type=\"application\/ld+json\" class=\"yoast-schema-graph\">{\"@context\":\"https:\/\/schema.org\",\"@graph\":[{\"@type\":\"WebPage\",\"@id\":\"https:\/\/vipgo.atsautomation.com\/iwk-de\/%20%20\/beratung\/projektierung\/\",\"url\":\"https:\/\/vipgo.atsautomation.com\/iwk-de\/%20%20\/beratung\/projektierung\/\",\"name\":\"PROJEKTIERUNG - Innovative And Customized Manufacturing Solutions\",\"isPartOf\":{\"@id\":\"https:\/\/vipgo.atsautomation.com\/iwk-de\/%20%20\/#website\"},\"primaryImageOfPage\":{\"@id\":\"https:\/\/vipgo.atsautomation.com\/iwk-de\/%20%20\/beratung\/projektierung\/#primaryimage\"},\"image\":{\"@id\":\"https:\/\/vipgo.atsautomation.com\/iwk-de\/%20%20\/beratung\/projektierung\/#primaryimage\"},\"thumbnailUrl\":\"https:\/\/vipgo.atsautomation.com\/iwk-de\/%20%20\/wp-content\/uploads\/sites\/22\/2021\/01\/consulting.jpg\",\"datePublished\":\"2021-01-07T16:36:17+00:00\",\"dateModified\":\"2022-06-20T08:09:51+00:00\",\"breadcrumb\":{\"@id\":\"https:\/\/vipgo.atsautomation.com\/iwk-de\/%20%20\/beratung\/projektierung\/#breadcrumb\"},\"inLanguage\":\"de-DE\",\"potentialAction\":[{\"@type\":\"ReadAction\",\"target\":[\"https:\/\/vipgo.atsautomation.com\/iwk-de\/%20%20\/beratung\/projektierung\/\"]}]},{\"@type\":\"ImageObject\",\"inLanguage\":\"de-DE\",\"@id\":\"https:\/\/vipgo.atsautomation.com\/iwk-de\/%20%20\/beratung\/projektierung\/#primaryimage\",\"url\":\"https:\/\/vipgo.atsautomation.com\/iwk-de\/%20%20\/wp-content\/uploads\/sites\/22\/2021\/01\/consulting.jpg\",\"contentUrl\":\"https:\/\/vipgo.atsautomation.com\/iwk-de\/%20%20\/wp-content\/uploads\/sites\/22\/2021\/01\/consulting.jpg\",\"width\":1899,\"height\":724},{\"@type\":\"BreadcrumbList\",\"@id\":\"https:\/\/vipgo.atsautomation.com\/iwk-de\/%20%20\/beratung\/projektierung\/#breadcrumb\",\"itemListElement\":[{\"@type\":\"ListItem\",\"position\":1,\"name\":\"HOME\",\"item\":\"https:\/\/vipgo.atsautomation.com\/iwk-de\/%20%20\/\"},{\"@type\":\"ListItem\",\"position\":2,\"name\":\"BERATUNG\",\"item\":\"https:\/\/vipgo.atsautomation.com\/iwk-de\/%20%20\/beratung\/\"},{\"@type\":\"ListItem\",\"position\":3,\"name\":\"PROJEKTIERUNG\"}]},{\"@type\":\"WebSite\",\"@id\":\"https:\/\/vipgo.atsautomation.com\/iwk-de\/%20%20\/#website\",\"url\":\"https:\/\/vipgo.atsautomation.com\/iwk-de\/%20%20\/\",\"name\":\"Innovative And Customized Manufacturing Solutions\",\"description\":\"\",\"publisher\":{\"@id\":\"https:\/\/vipgo.atsautomation.com\/iwk-de\/%20%20\/#organization\"},\"potentialAction\":[{\"@type\":\"SearchAction\",\"target\":{\"@type\":\"EntryPoint\",\"urlTemplate\":\"https:\/\/vipgo.atsautomation.com\/iwk-de\/%20%20\/?s={search_term_string}\"},\"query-input\":{\"@type\":\"PropertyValueSpecification\",\"valueRequired\":true,\"valueName\":\"search_term_string\"}}],\"inLanguage\":\"de-DE\"},{\"@type\":\"Organization\",\"@id\":\"https:\/\/vipgo.atsautomation.com\/iwk-de\/%20%20\/#organization\",\"name\":\"Innovative And Customized Manufacturing Solutions\",\"url\":\"https:\/\/vipgo.atsautomation.com\/iwk-de\/%20%20\/\",\"logo\":{\"@type\":\"ImageObject\",\"inLanguage\":\"de-DE\",\"@id\":\"https:\/\/vipgo.atsautomation.com\/iwk-de\/%20%20\/#\/schema\/logo\/image\/\",\"url\":\"https:\/\/vipgo.atsautomation.com\/iwk-de\/%20%20\/wp-content\/uploads\/sites\/22\/2023\/02\/LOGO_IWK_4c_Size_2.png\",\"contentUrl\":\"https:\/\/vipgo.atsautomation.com\/iwk-de\/%20%20\/wp-content\/uploads\/sites\/22\/2023\/02\/LOGO_IWK_4c_Size_2.png\",\"width\":238,\"height\":137,\"caption\":\"Innovative And Customized Manufacturing Solutions\"},\"image\":{\"@id\":\"https:\/\/vipgo.atsautomation.com\/iwk-de\/%20%20\/#\/schema\/logo\/image\/\"}}]}<\/script>\n<!-- \/ Yoast SEO Premium plugin. -->","yoast_head_json":{"title":"PROJEKTIERUNG - Innovative And Customized Manufacturing Solutions","robots":{"index":"index","follow":"follow","max-snippet":"max-snippet:-1","max-image-preview":"max-image-preview:large","max-video-preview":"max-video-preview:-1"},"canonical":"https:\/\/vipgo.atsautomation.com\/iwk-de\/  \/beratung\/projektierung\/","og_locale":"de_DE","og_type":"article","og_title":"PROJEKTIERUNG","og_description":"Kein Projekt ohne Pre-Engineering PRE-ENGINEERING LEADING THE WAY\u00a0 Wir glauben, dass Innovation der Schl\u00fcssel ist, um erstklassige Produkte f\u00fcr unsere Kunden zu erzielen. Unser Pre-Engineering Team sucht immer nach Wegen, um bessere L\u00f6sungen f\u00fcr unsere Kunden zu entwickeln.&nbsp; PRE-ENGINEERING INNOVATION STARTS WITH FORESIGHT Unser Pre-Engineering Team unterst\u00fctzt mit fachlich fundierter Beratung ab der ersten Idee...Read More","og_url":"https:\/\/vipgo.atsautomation.com\/iwk-de\/  \/beratung\/projektierung\/","og_site_name":"Innovative And Customized Manufacturing Solutions","article_modified_time":"2022-06-20T08:09:51+00:00","og_image":[{"width":1899,"height":724,"url":"https:\/\/vipgo.atsautomation.com\/iwk-de\/%20%20\/wp-content\/uploads\/sites\/22\/2021\/01\/consulting.jpg","type":"image\/jpeg"}],"twitter_card":"summary_large_image","twitter_misc":{"Gesch\u00e4tzte Lesezeit":"1 Minute"},"schema":{"@context":"https:\/\/schema.org","@graph":[{"@type":"WebPage","@id":"https:\/\/vipgo.atsautomation.com\/iwk-de\/%20%20\/beratung\/projektierung\/","url":"https:\/\/vipgo.atsautomation.com\/iwk-de\/%20%20\/beratung\/projektierung\/","name":"PROJEKTIERUNG - Innovative And Customized Manufacturing Solutions","isPartOf":{"@id":"https:\/\/vipgo.atsautomation.com\/iwk-de\/%20%20\/#website"},"primaryImageOfPage":{"@id":"https:\/\/vipgo.atsautomation.com\/iwk-de\/%20%20\/beratung\/projektierung\/#primaryimage"},"image":{"@id":"https:\/\/vipgo.atsautomation.com\/iwk-de\/%20%20\/beratung\/projektierung\/#primaryimage"},"thumbnailUrl":"https:\/\/vipgo.atsautomation.com\/iwk-de\/%20%20\/wp-content\/uploads\/sites\/22\/2021\/01\/consulting.jpg","datePublished":"2021-01-07T16:36:17+00:00","dateModified":"2022-06-20T08:09:51+00:00","breadcrumb":{"@id":"https:\/\/vipgo.atsautomation.com\/iwk-de\/%20%20\/beratung\/projektierung\/#breadcrumb"},"inLanguage":"de-DE","potentialAction":[{"@type":"ReadAction","target":["https:\/\/vipgo.atsautomation.com\/iwk-de\/%20%20\/beratung\/projektierung\/"]}]},{"@type":"ImageObject","inLanguage":"de-DE","@id":"https:\/\/vipgo.atsautomation.com\/iwk-de\/%20%20\/beratung\/projektierung\/#primaryimage","url":"https:\/\/vipgo.atsautomation.com\/iwk-de\/%20%20\/wp-content\/uploads\/sites\/22\/2021\/01\/consulting.jpg","contentUrl":"https:\/\/vipgo.atsautomation.com\/iwk-de\/%20%20\/wp-content\/uploads\/sites\/22\/2021\/01\/consulting.jpg","width":1899,"height":724},{"@type":"BreadcrumbList","@id":"https:\/\/vipgo.atsautomation.com\/iwk-de\/%20%20\/beratung\/projektierung\/#breadcrumb","itemListElement":[{"@type":"ListItem","position":1,"name":"HOME","item":"https:\/\/vipgo.atsautomation.com\/iwk-de\/%20%20\/"},{"@type":"ListItem","position":2,"name":"BERATUNG","item":"https:\/\/vipgo.atsautomation.com\/iwk-de\/%20%20\/beratung\/"},{"@type":"ListItem","position":3,"name":"PROJEKTIERUNG"}]},{"@type":"WebSite","@id":"https:\/\/vipgo.atsautomation.com\/iwk-de\/%20%20\/#website","url":"https:\/\/vipgo.atsautomation.com\/iwk-de\/%20%20\/","name":"Innovative And Customized Manufacturing Solutions","description":"","publisher":{"@id":"https:\/\/vipgo.atsautomation.com\/iwk-de\/%20%20\/#organization"},"potentialAction":[{"@type":"SearchAction","target":{"@type":"EntryPoint","urlTemplate":"https:\/\/vipgo.atsautomation.com\/iwk-de\/%20%20\/?s={search_term_string}"},"query-input":{"@type":"PropertyValueSpecification","valueRequired":true,"valueName":"search_term_string"}}],"inLanguage":"de-DE"},{"@type":"Organization","@id":"https:\/\/vipgo.atsautomation.com\/iwk-de\/%20%20\/#organization","name":"Innovative And Customized Manufacturing Solutions","url":"https:\/\/vipgo.atsautomation.com\/iwk-de\/%20%20\/","logo":{"@type":"ImageObject","inLanguage":"de-DE","@id":"https:\/\/vipgo.atsautomation.com\/iwk-de\/%20%20\/#\/schema\/logo\/image\/","url":"https:\/\/vipgo.atsautomation.com\/iwk-de\/%20%20\/wp-content\/uploads\/sites\/22\/2023\/02\/LOGO_IWK_4c_Size_2.png","contentUrl":"https:\/\/vipgo.atsautomation.com\/iwk-de\/%20%20\/wp-content\/uploads\/sites\/22\/2023\/02\/LOGO_IWK_4c_Size_2.png","width":238,"height":137,"caption":"Innovative And Customized Manufacturing Solutions"},"image":{"@id":"https:\/\/vipgo.atsautomation.com\/iwk-de\/%20%20\/#\/schema\/logo\/image\/"}}]}},"jetpack_sharing_enabled":true,"_links":{"self":[{"href":"https:\/\/vipgo.atsautomation.com\/iwk-de\/%20%20\/wp-json\/wp\/v2\/pages\/2481","targetHints":{"allow":["GET"]}}],"collection":[{"href":"https:\/\/vipgo.atsautomation.com\/iwk-de\/%20%20\/wp-json\/wp\/v2\/pages"}],"about":[{"href":"https:\/\/vipgo.atsautomation.com\/iwk-de\/%20%20\/wp-json\/wp\/v2\/types\/page"}],"author":[{"embeddable":true,"href":"https:\/\/vipgo.atsautomation.com\/iwk-de\/%20%20\/wp-json\/wp\/v2\/users\/3"}],"replies":[{"embeddable":true,"href":"https:\/\/vipgo.atsautomation.com\/iwk-de\/%20%20\/wp-json\/wp\/v2\/comments?post=2481"}],"version-history":[{"count":10,"href":"https:\/\/vipgo.atsautomation.com\/iwk-de\/%20%20\/wp-json\/wp\/v2\/pages\/2481\/revisions"}],"predecessor-version":[{"id":10179,"href":"https:\/\/vipgo.atsautomation.com\/iwk-de\/%20%20\/wp-json\/wp\/v2\/pages\/2481\/revisions\/10179"}],"up":[{"embeddable":true,"href":"https:\/\/vipgo.atsautomation.com\/iwk-de\/%20%20\/wp-json\/wp\/v2\/pages\/2909"}],"wp:featuredmedia":[{"embeddable":true,"href":"https:\/\/vipgo.atsautomation.com\/iwk-de\/%20%20\/wp-json\/wp\/v2\/media\/2084"}],"wp:attachment":[{"href":"https:\/\/vipgo.atsautomation.com\/iwk-de\/%20%20\/wp-json\/wp\/v2\/media?parent=2481"}],"curies":[{"name":"wp","href":"https:\/\/api.w.org\/{rel}","templated":true}]}}